{"id":28157,"date":"2024-01-05T11:38:21","date_gmt":"2024-01-05T09:38:21","guid":{"rendered":"https:\/\/miumjau.ee\/toode\/seinalle-kiinnitettava-raapimispylvas-1560-wenge\/"},"modified":"2026-01-07T22:56:27","modified_gmt":"2026-01-07T20:56:27","slug":"seinalle-kiinnitettava-raapimispylvas-1560-wenge","status":"publish","type":"product","link":"https:\/\/miumjau.ee\/fi\/tuote\/seinalle-kiinnitettava-raapimispylvas-1560-wenge\/","title":{"rendered":"Sein\u00e4lle kiinnitett\u00e4v\u00e4 raapimispylv\u00e4s 1560, wenge"},"content":{"rendered":"","protected":false},"excerpt":{"rendered":"<p data-start=\"0\" data-end=\"485\">Sein\u00e4lle kiinnitett\u00e4v\u00e4 raapimispylv\u00e4s, malli 1560 br\u00e4ndilt\u00e4 Petrebels on eritt\u00e4in laadukas ja huolehtii kissasi raapimisvaatimusten t\u00e4ytt\u00e4misest\u00e4! Raapimispylv\u00e4it\u00e4 on kolmea eri kokoa ja eri halkaisijoilla. Elementtej\u00e4 yhdist\u00e4m\u00e4ll\u00e4 on mahdollista kiinnitt\u00e4\u00e4 pitk\u00e4 raapimis- ja kiipeilyputki sein\u00e4lle, jonka avulla kissa voi esimerkiksi p\u00e4\u00e4st\u00e4 kattokorkeudessa olevaan pes\u00e4\u00e4n. Kaikki elementit voidaan yhdist\u00e4\u00e4 omiin ja kissasi tarpeisiin sopivalla tavalla. Vain mielikuvitus on rajana!<\/p>\n<p data-start=\"487\" data-end=\"1083\">Climb 1560 on osa Wall of Rebels -kokoelmaamme: ihastuttava tuotesarja kissan sein\u00e4n luomiseen. T\u00e4m\u00e4 raapimispylv\u00e4s kiinnitet\u00e4\u00e4n sein\u00e4lle vaakasuorassa tai pystysuorassa ja on t\u00e4ydellinen raapimiseen \u2013 ja kissat rakastavat sit\u00e4! Mutta Climb 1560 osaa enemm\u00e4n. T\u00e4t\u00e4 raapimispylv\u00e4st\u00e4 voi k\u00e4ytt\u00e4\u00e4 my\u00f6s liitoksena muiden Wall of Rebels -tuotteidemme v\u00e4lill\u00e4. Kiinnit\u00e4 se esimerkiksi Lazy 50:n ja Scratch-raapimisalustan v\u00e4liin. N\u00e4in kissasi voi venytell\u00e4 ja raapia heti p\u00e4iv\u00e4unien j\u00e4lkeen. Laajenna sein\u00e4\u00e4 kaarevalla pes\u00e4ll\u00e4 Curve 70 ja tee kissasein\u00e4st\u00e4 j\u00e4nnitt\u00e4v\u00e4 silta, tikkaat tai hauska Box Bag.<\/p>\n<p data-start=\"1085\" data-end=\"1284\" data-is-last-node=\"\" data-is-only-node=\"\">Myynniss\u00e4 valmiina setti sein\u00e4kiinnikkeineen. Pidemm\u00e4n raapimispylv\u00e4\u00e4n rakentamiseen voi ostaa lis\u00e4osia erikseen.<br data-start=\"1198\" data-end=\"1201\" \/>Mitat \u2013 halkaisija 15 cm ja pituus 60 cm<br data-start=\"1241\" data-end=\"1244\" data-is-only-node=\"\" \/>Valmistettu kest\u00e4v\u00e4st\u00e4 eukalyptuspuusta.<\/p>\n","protected":false},"featured_media":20905,"template":"","meta":[],"product_brand":[],"product_cat":[263,139],"product_tag":[],"class_list":{"0":"post-28157","1":"product","2":"type-product","3":"status-publish","4":"has-post-thumbnail","6":"product_cat-kiipeilyseina-kissoille","7":"product_cat-kaup24-fi","8":"product_shipping_class-pakiautomaati-sobimatu-fi","10":"first","11":"instock","12":"sale","13":"taxable","14":"shipping-taxable","15":"purchasable","16":"product-type-simple"},"yoast_head":"<!-- This site is optimized with the Yoast SEO plugin v27.2 - https:\/\/yoast.com\/product\/yoast-seo-wordpress\/ -->\n<title>Sein\u00e4lle kiinnitett\u00e4v\u00e4 raapimispylv\u00e4s 1560, wenge - MiuMjau<\/title>\n<meta name=\"description\" content=\"Sein\u00e4lle kiinnitett\u00e4v\u00e4 raapimispylv\u00e4s on osa kissasi seikkailukaupungista sein\u00e4ll\u00e4. Luo sen tarpeisiin sopiva kiipeilysein\u00e4 raapimismahdollisuuksien ja pes\u00e4n kanssa.\" \/>\n<meta name=\"robots\" content=\"index, follow, max-snippet:-1, max-image-preview:large, max-video-preview:-1\" \/>\n<link rel=\"canonical\" href=\"https:\/\/miumjau.ee\/tuote\/kraapimispost-seinale-1560-wenge\/\" \/>\n<meta property=\"og:locale\" content=\"fi_FI\" \/>\n<meta property=\"og:type\" content=\"article\" \/>\n<meta property=\"og:title\" content=\"Sein\u00e4lle kiinnitett\u00e4v\u00e4 raapimispylv\u00e4s 1560, wenge - MiuMjau\" \/>\n<meta property=\"og:description\" content=\"Sein\u00e4lle kiinnitett\u00e4v\u00e4 raapimispylv\u00e4s on osa kissasi seikkailukaupungista sein\u00e4ll\u00e4. Luo sen tarpeisiin sopiva kiipeilysein\u00e4 raapimismahdollisuuksien ja pes\u00e4n kanssa.\" \/>\n<meta property=\"og:url\" content=\"https:\/\/miumjau.ee\/tuote\/kraapimispost-seinale-1560-wenge\/\" \/>\n<meta property=\"og:site_name\" content=\"MiuMjau\" \/>\n<meta property=\"article:publisher\" content=\"https:\/\/www.facebook.com\/miumjaupood\/\" \/>\n<meta property=\"article:modified_time\" content=\"2026-01-07T20:56:27+00:00\" \/>\n<meta property=\"og:image\" content=\"https:\/\/miumjau.ee\/wp-content\/uploads\/2023\/12\/kraapimispost-seinale-1560-3.jpg\" \/>\n\t<meta property=\"og:image:width\" content=\"600\" \/>\n\t<meta property=\"og:image:height\" content=\"800\" \/>\n\t<meta property=\"og:image:type\" content=\"image\/jpeg\" \/>\n<meta name=\"twitter:card\" content=\"summary_large_image\" \/>\n<script type=\"application\/ld+json\" class=\"yoast-schema-graph\">{\"@context\":\"https:\/\/schema.org\",\"@graph\":[{\"@type\":\"WebPage\",\"@id\":\"https:\/\/miumjau.ee\/tuote\/kraapimispost-seinale-1560-wenge\/\",\"url\":\"https:\/\/miumjau.ee\/tuote\/kraapimispost-seinale-1560-wenge\/\",\"name\":\"Sein\u00e4lle kiinnitett\u00e4v\u00e4 raapimispylv\u00e4s 1560, wenge - MiuMjau\",\"isPartOf\":{\"@id\":\"https:\/\/miumjau.ee\/#website\"},\"primaryImageOfPage\":{\"@id\":\"https:\/\/miumjau.ee\/tuote\/kraapimispost-seinale-1560-wenge\/#primaryimage\"},\"image\":{\"@id\":\"https:\/\/miumjau.ee\/tuote\/kraapimispost-seinale-1560-wenge\/#primaryimage\"},\"thumbnailUrl\":\"https:\/\/miumjau.ee\/wp-content\/uploads\/2023\/12\/kraapimispost-seinale-1560-3.jpg\",\"datePublished\":\"2024-01-05T09:38:21+00:00\",\"dateModified\":\"2026-01-07T20:56:27+00:00\",\"description\":\"Sein\u00e4lle kiinnitett\u00e4v\u00e4 raapimispylv\u00e4s on osa kissasi seikkailukaupungista sein\u00e4ll\u00e4. Luo sen tarpeisiin sopiva kiipeilysein\u00e4 raapimismahdollisuuksien ja pes\u00e4n kanssa.\",\"breadcrumb\":{\"@id\":\"https:\/\/miumjau.ee\/tuote\/kraapimispost-seinale-1560-wenge\/#breadcrumb\"},\"inLanguage\":\"fi\",\"potentialAction\":[{\"@type\":\"ReadAction\",\"target\":[\"https:\/\/miumjau.ee\/tuote\/kraapimispost-seinale-1560-wenge\/\"]}]},{\"@type\":\"ImageObject\",\"inLanguage\":\"fi\",\"@id\":\"https:\/\/miumjau.ee\/tuote\/kraapimispost-seinale-1560-wenge\/#primaryimage\",\"url\":\"https:\/\/miumjau.ee\/wp-content\/uploads\/2023\/12\/kraapimispost-seinale-1560-3.jpg\",\"contentUrl\":\"https:\/\/miumjau.ee\/wp-content\/uploads\/2023\/12\/kraapimispost-seinale-1560-3.jpg\",\"width\":600,\"height\":800},{\"@type\":\"BreadcrumbList\",\"@id\":\"https:\/\/miumjau.ee\/tuote\/kraapimispost-seinale-1560-wenge\/#breadcrumb\",\"itemListElement\":[{\"@type\":\"ListItem\",\"position\":1,\"name\":\"Home\",\"item\":\"https:\/\/miumjau.ee\/fi\/\"},{\"@type\":\"ListItem\",\"position\":2,\"name\":\"Kauppa\",\"item\":\"https:\/\/miumjau.ee\/fi\/kauppa\/\"},{\"@type\":\"ListItem\",\"position\":3,\"name\":\"Sein\u00e4lle kiinnitett\u00e4v\u00e4 raapimispylv\u00e4s 1560, wenge\"}]},{\"@type\":\"WebSite\",\"@id\":\"https:\/\/miumjau.ee\/#website\",\"url\":\"https:\/\/miumjau.ee\/\",\"name\":\"MiuMjau\",\"description\":\"Kraapimispuud kassidele\",\"publisher\":{\"@id\":\"https:\/\/miumjau.ee\/#organization\"},\"potentialAction\":[{\"@type\":\"SearchAction\",\"target\":{\"@type\":\"EntryPoint\",\"urlTemplate\":\"https:\/\/miumjau.ee\/?s={search_term_string}\"},\"query-input\":{\"@type\":\"PropertyValueSpecification\",\"valueRequired\":true,\"valueName\":\"search_term_string\"}}],\"inLanguage\":\"fi\"},{\"@type\":\"Organization\",\"@id\":\"https:\/\/miumjau.ee\/#organization\",\"name\":\"MiuMjau O\u00dc\",\"url\":\"https:\/\/miumjau.ee\/\",\"logo\":{\"@type\":\"ImageObject\",\"inLanguage\":\"fi\",\"@id\":\"https:\/\/miumjau.ee\/#\/schema\/logo\/image\/\",\"url\":\"https:\/\/miumjau.ee\/wp-content\/uploads\/2022\/04\/MiuMjau-logo-kollane.png\",\"contentUrl\":\"https:\/\/miumjau.ee\/wp-content\/uploads\/2022\/04\/MiuMjau-logo-kollane.png\",\"width\":219,\"height\":100,\"caption\":\"MiuMjau O\u00dc\"},\"image\":{\"@id\":\"https:\/\/miumjau.ee\/#\/schema\/logo\/image\/\"},\"sameAs\":[\"https:\/\/www.facebook.com\/miumjaupood\/\"]}]}<\/script>\n<!-- \/ Yoast SEO plugin. -->","yoast_head_json":{"title":"Sein\u00e4lle kiinnitett\u00e4v\u00e4 raapimispylv\u00e4s 1560, wenge - MiuMjau","description":"Sein\u00e4lle kiinnitett\u00e4v\u00e4 raapimispylv\u00e4s on osa kissasi seikkailukaupungista sein\u00e4ll\u00e4. Luo sen tarpeisiin sopiva kiipeilysein\u00e4 raapimismahdollisuuksien ja pes\u00e4n kanssa.","robots":{"index":"index","follow":"follow","max-snippet":"max-snippet:-1","max-image-preview":"max-image-preview:large","max-video-preview":"max-video-preview:-1"},"canonical":"https:\/\/miumjau.ee\/tuote\/kraapimispost-seinale-1560-wenge\/","og_locale":"fi_FI","og_type":"article","og_title":"Sein\u00e4lle kiinnitett\u00e4v\u00e4 raapimispylv\u00e4s 1560, wenge - MiuMjau","og_description":"Sein\u00e4lle kiinnitett\u00e4v\u00e4 raapimispylv\u00e4s on osa kissasi seikkailukaupungista sein\u00e4ll\u00e4. Luo sen tarpeisiin sopiva kiipeilysein\u00e4 raapimismahdollisuuksien ja pes\u00e4n kanssa.","og_url":"https:\/\/miumjau.ee\/tuote\/kraapimispost-seinale-1560-wenge\/","og_site_name":"MiuMjau","article_publisher":"https:\/\/www.facebook.com\/miumjaupood\/","article_modified_time":"2026-01-07T20:56:27+00:00","og_image":[{"width":600,"height":800,"url":"https:\/\/miumjau.ee\/wp-content\/uploads\/2023\/12\/kraapimispost-seinale-1560-3.jpg","type":"image\/jpeg"}],"twitter_card":"summary_large_image","schema":{"@context":"https:\/\/schema.org","@graph":[{"@type":"WebPage","@id":"https:\/\/miumjau.ee\/tuote\/kraapimispost-seinale-1560-wenge\/","url":"https:\/\/miumjau.ee\/tuote\/kraapimispost-seinale-1560-wenge\/","name":"Sein\u00e4lle kiinnitett\u00e4v\u00e4 raapimispylv\u00e4s 1560, wenge - MiuMjau","isPartOf":{"@id":"https:\/\/miumjau.ee\/#website"},"primaryImageOfPage":{"@id":"https:\/\/miumjau.ee\/tuote\/kraapimispost-seinale-1560-wenge\/#primaryimage"},"image":{"@id":"https:\/\/miumjau.ee\/tuote\/kraapimispost-seinale-1560-wenge\/#primaryimage"},"thumbnailUrl":"https:\/\/miumjau.ee\/wp-content\/uploads\/2023\/12\/kraapimispost-seinale-1560-3.jpg","datePublished":"2024-01-05T09:38:21+00:00","dateModified":"2026-01-07T20:56:27+00:00","description":"Sein\u00e4lle kiinnitett\u00e4v\u00e4 raapimispylv\u00e4s on osa kissasi seikkailukaupungista sein\u00e4ll\u00e4. Luo sen tarpeisiin sopiva kiipeilysein\u00e4 raapimismahdollisuuksien ja pes\u00e4n kanssa.","breadcrumb":{"@id":"https:\/\/miumjau.ee\/tuote\/kraapimispost-seinale-1560-wenge\/#breadcrumb"},"inLanguage":"fi","potentialAction":[{"@type":"ReadAction","target":["https:\/\/miumjau.ee\/tuote\/kraapimispost-seinale-1560-wenge\/"]}]},{"@type":"ImageObject","inLanguage":"fi","@id":"https:\/\/miumjau.ee\/tuote\/kraapimispost-seinale-1560-wenge\/#primaryimage","url":"https:\/\/miumjau.ee\/wp-content\/uploads\/2023\/12\/kraapimispost-seinale-1560-3.jpg","contentUrl":"https:\/\/miumjau.ee\/wp-content\/uploads\/2023\/12\/kraapimispost-seinale-1560-3.jpg","width":600,"height":800},{"@type":"BreadcrumbList","@id":"https:\/\/miumjau.ee\/tuote\/kraapimispost-seinale-1560-wenge\/#breadcrumb","itemListElement":[{"@type":"ListItem","position":1,"name":"Home","item":"https:\/\/miumjau.ee\/fi\/"},{"@type":"ListItem","position":2,"name":"Kauppa","item":"https:\/\/miumjau.ee\/fi\/kauppa\/"},{"@type":"ListItem","position":3,"name":"Sein\u00e4lle kiinnitett\u00e4v\u00e4 raapimispylv\u00e4s 1560, wenge"}]},{"@type":"WebSite","@id":"https:\/\/miumjau.ee\/#website","url":"https:\/\/miumjau.ee\/","name":"MiuMjau","description":"Kraapimispuud kassidele","publisher":{"@id":"https:\/\/miumjau.ee\/#organization"},"potentialAction":[{"@type":"SearchAction","target":{"@type":"EntryPoint","urlTemplate":"https:\/\/miumjau.ee\/?s={search_term_string}"},"query-input":{"@type":"PropertyValueSpecification","valueRequired":true,"valueName":"search_term_string"}}],"inLanguage":"fi"},{"@type":"Organization","@id":"https:\/\/miumjau.ee\/#organization","name":"MiuMjau O\u00dc","url":"https:\/\/miumjau.ee\/","logo":{"@type":"ImageObject","inLanguage":"fi","@id":"https:\/\/miumjau.ee\/#\/schema\/logo\/image\/","url":"https:\/\/miumjau.ee\/wp-content\/uploads\/2022\/04\/MiuMjau-logo-kollane.png","contentUrl":"https:\/\/miumjau.ee\/wp-content\/uploads\/2022\/04\/MiuMjau-logo-kollane.png","width":219,"height":100,"caption":"MiuMjau O\u00dc"},"image":{"@id":"https:\/\/miumjau.ee\/#\/schema\/logo\/image\/"},"sameAs":["https:\/\/www.facebook.com\/miumjaupood\/"]}]}},"_links":{"self":[{"href":"https:\/\/miumjau.ee\/fi\/wp-json\/wp\/v2\/product\/28157","targetHints":{"allow":["GET"]}}],"collection":[{"href":"https:\/\/miumjau.ee\/fi\/wp-json\/wp\/v2\/product"}],"about":[{"href":"https:\/\/miumjau.ee\/fi\/wp-json\/wp\/v2\/types\/product"}],"wp:featuredmedia":[{"embeddable":true,"href":"https:\/\/miumjau.ee\/fi\/wp-json\/wp\/v2\/media\/20905"}],"wp:attachment":[{"href":"https:\/\/miumjau.ee\/fi\/wp-json\/wp\/v2\/media?parent=28157"}],"wp:term":[{"taxonomy":"product_brand","embeddable":true,"href":"https:\/\/miumjau.ee\/fi\/wp-json\/wp\/v2\/product_brand?post=28157"},{"taxonomy":"product_cat","embeddable":true,"href":"https:\/\/miumjau.ee\/fi\/wp-json\/wp\/v2\/product_cat?post=28157"},{"taxonomy":"product_tag","embeddable":true,"href":"https:\/\/miumjau.ee\/fi\/wp-json\/wp\/v2\/product_tag?post=28157"}],"curies":[{"name":"wp","href":"https:\/\/api.w.org\/{rel}","templated":true}]}}