{"id":28150,"date":"2024-01-05T22:33:18","date_gmt":"2024-01-05T20:33:18","guid":{"rendered":"https:\/\/miumjau.ee\/toode\/kissahylly-petrebels-corner-lounge-35-vanha-harmaa\/"},"modified":"2026-01-07T22:56:27","modified_gmt":"2026-01-07T20:56:27","slug":"kissahylly-petrebels-corner-lounge-35-vanha-harmaa","status":"publish","type":"product","link":"https:\/\/miumjau.ee\/fi\/tuote\/kissahylly-petrebels-corner-lounge-35-vanha-harmaa\/","title":{"rendered":"Kissahylly Petrebels Corner lounge 35 vanha harmaa"},"content":{"rendered":"","protected":false},"excerpt":{"rendered":"<p>Corner Lounge 35 -mallissa on kaikki, mit\u00e4 kissa tarvitsee \u2013 kissa voi leikki\u00e4, rentoutua ja tietenkin raapia t\u00e4\u00e4ll\u00e4. T\u00e4m\u00e4 on niin ihanaa, koska raapiminen tuo kissoille iloa ja pit\u00e4\u00e4 niiden kynnet tervein\u00e4. T\u00e4m\u00e4 sisalmatolla varustettu hylly kiinnittyy sein\u00e4\u00e4n kulmaan ja on osa Wall of Rebels -kokoelmaamme, josta l\u00f6yd\u00e4t kauniit tuotteet kissoille nukkumiseen, leikkimiseen, kiipe\u00e4miseen, juoksemiseen ja raapimiseen. Kaikkia elementtej\u00e4 voi yhdistell\u00e4 loputtomasti. Ripusta t\u00e4m\u00e4 hylly esimerkiksi py\u00f6re\u00e4n kissanpes\u00e4n Moon 40 kanssa tai yhdist\u00e4 muihin siisteihin kiipeilyosiin, kuten Scratch 70, tikkaisiin tai siltaan.<\/p>\n<p>Mitat \u2013 pituus 35 cm, leveys 35 cm ja korkeus 6 cm<br \/>\nTuotteen paino 1,7 kg<br \/>\nValmistettu eukalyptuspuisesta yhdest\u00e4 palasta<br \/>\nPeitetty sisalmatolla, joka kiinnittyy tarranauhalla<br \/>\nMukana kiinnitysmateriaalit sein\u00e4\u00e4 varten<\/p>\n","protected":false},"featured_media":20959,"template":"","meta":[],"product_brand":[],"product_cat":[263,139],"product_tag":[],"class_list":{"0":"post-28150","1":"product","2":"type-product","3":"status-publish","4":"has-post-thumbnail","6":"product_cat-kiipeilyseina-kissoille","7":"product_cat-kaup24-fi","9":"first","10":"instock","11":"sale","12":"taxable","13":"shipping-taxable","14":"purchasable","15":"product-type-simple"},"yoast_head":"<!-- This site is optimized with the Yoast SEO plugin v27.2 - https:\/\/yoast.com\/product\/yoast-seo-wordpress\/ -->\n<title>Kissahylly Petrebels Corner lounge 35 vanha harmaa - MiuMjau<\/title>\n<meta name=\"description\" content=\"Corner lounge 35 on kissahylly, jonka sein\u00e4ll\u00e4 on sisalimatto, joka voidaan yhdist\u00e4\u00e4 muihin Wall of Rebels -elementteihin ja luoda sinulle ja kissallesi sopiva kiipeilysein\u00e4.\" \/>\n<meta name=\"robots\" content=\"index, follow, max-snippet:-1, max-image-preview:large, max-video-preview:-1\" \/>\n<link rel=\"canonical\" href=\"https:\/\/miumjau.ee\/tuote\/kassi-riiul-corner-lounge-35-petrebels-old-grey\/\" \/>\n<meta property=\"og:locale\" content=\"fi_FI\" \/>\n<meta property=\"og:type\" content=\"article\" \/>\n<meta property=\"og:title\" content=\"Kissahylly Petrebels Corner lounge 35 vanha harmaa - MiuMjau\" \/>\n<meta property=\"og:description\" content=\"Corner lounge 35 on kissahylly, jonka sein\u00e4ll\u00e4 on sisalimatto, joka voidaan yhdist\u00e4\u00e4 muihin Wall of Rebels -elementteihin ja luoda sinulle ja kissallesi sopiva kiipeilysein\u00e4.\" \/>\n<meta property=\"og:url\" content=\"https:\/\/miumjau.ee\/tuote\/kassi-riiul-corner-lounge-35-petrebels-old-grey\/\" \/>\n<meta property=\"og:site_name\" content=\"MiuMjau\" \/>\n<meta property=\"article:publisher\" content=\"https:\/\/www.facebook.com\/miumjaupood\/\" \/>\n<meta property=\"article:modified_time\" content=\"2026-01-07T20:56:27+00:00\" \/>\n<meta property=\"og:image\" content=\"https:\/\/miumjau.ee\/wp-content\/uploads\/2023\/12\/tasapind-nurka-cornerlounge353.jpg\" \/>\n\t<meta property=\"og:image:width\" content=\"600\" \/>\n\t<meta property=\"og:image:height\" content=\"800\" \/>\n\t<meta property=\"og:image:type\" content=\"image\/jpeg\" \/>\n<meta name=\"twitter:card\" content=\"summary_large_image\" \/>\n<script type=\"application\/ld+json\" class=\"yoast-schema-graph\">{\"@context\":\"https:\/\/schema.org\",\"@graph\":[{\"@type\":\"WebPage\",\"@id\":\"https:\/\/miumjau.ee\/tuote\/kassi-riiul-corner-lounge-35-petrebels-old-grey\/\",\"url\":\"https:\/\/miumjau.ee\/tuote\/kassi-riiul-corner-lounge-35-petrebels-old-grey\/\",\"name\":\"Kissahylly Petrebels Corner lounge 35 vanha harmaa - MiuMjau\",\"isPartOf\":{\"@id\":\"https:\/\/miumjau.ee\/#website\"},\"primaryImageOfPage\":{\"@id\":\"https:\/\/miumjau.ee\/tuote\/kassi-riiul-corner-lounge-35-petrebels-old-grey\/#primaryimage\"},\"image\":{\"@id\":\"https:\/\/miumjau.ee\/tuote\/kassi-riiul-corner-lounge-35-petrebels-old-grey\/#primaryimage\"},\"thumbnailUrl\":\"https:\/\/miumjau.ee\/wp-content\/uploads\/2023\/12\/tasapind-nurka-cornerlounge353.jpg\",\"datePublished\":\"2024-01-05T20:33:18+00:00\",\"dateModified\":\"2026-01-07T20:56:27+00:00\",\"description\":\"Corner lounge 35 on kissahylly, jonka sein\u00e4ll\u00e4 on sisalimatto, joka voidaan yhdist\u00e4\u00e4 muihin Wall of Rebels -elementteihin ja luoda sinulle ja kissallesi sopiva kiipeilysein\u00e4.\",\"breadcrumb\":{\"@id\":\"https:\/\/miumjau.ee\/tuote\/kassi-riiul-corner-lounge-35-petrebels-old-grey\/#breadcrumb\"},\"inLanguage\":\"fi\",\"potentialAction\":[{\"@type\":\"ReadAction\",\"target\":[\"https:\/\/miumjau.ee\/tuote\/kassi-riiul-corner-lounge-35-petrebels-old-grey\/\"]}]},{\"@type\":\"ImageObject\",\"inLanguage\":\"fi\",\"@id\":\"https:\/\/miumjau.ee\/tuote\/kassi-riiul-corner-lounge-35-petrebels-old-grey\/#primaryimage\",\"url\":\"https:\/\/miumjau.ee\/wp-content\/uploads\/2023\/12\/tasapind-nurka-cornerlounge353.jpg\",\"contentUrl\":\"https:\/\/miumjau.ee\/wp-content\/uploads\/2023\/12\/tasapind-nurka-cornerlounge353.jpg\",\"width\":600,\"height\":800},{\"@type\":\"BreadcrumbList\",\"@id\":\"https:\/\/miumjau.ee\/tuote\/kassi-riiul-corner-lounge-35-petrebels-old-grey\/#breadcrumb\",\"itemListElement\":[{\"@type\":\"ListItem\",\"position\":1,\"name\":\"Home\",\"item\":\"https:\/\/miumjau.ee\/fi\/\"},{\"@type\":\"ListItem\",\"position\":2,\"name\":\"Kauppa\",\"item\":\"https:\/\/miumjau.ee\/fi\/kauppa\/\"},{\"@type\":\"ListItem\",\"position\":3,\"name\":\"Kissahylly Petrebels Corner lounge 35 vanha harmaa\"}]},{\"@type\":\"WebSite\",\"@id\":\"https:\/\/miumjau.ee\/#website\",\"url\":\"https:\/\/miumjau.ee\/\",\"name\":\"MiuMjau\",\"description\":\"Kraapimispuud kassidele\",\"publisher\":{\"@id\":\"https:\/\/miumjau.ee\/#organization\"},\"potentialAction\":[{\"@type\":\"SearchAction\",\"target\":{\"@type\":\"EntryPoint\",\"urlTemplate\":\"https:\/\/miumjau.ee\/?s={search_term_string}\"},\"query-input\":{\"@type\":\"PropertyValueSpecification\",\"valueRequired\":true,\"valueName\":\"search_term_string\"}}],\"inLanguage\":\"fi\"},{\"@type\":\"Organization\",\"@id\":\"https:\/\/miumjau.ee\/#organization\",\"name\":\"MiuMjau O\u00dc\",\"url\":\"https:\/\/miumjau.ee\/\",\"logo\":{\"@type\":\"ImageObject\",\"inLanguage\":\"fi\",\"@id\":\"https:\/\/miumjau.ee\/#\/schema\/logo\/image\/\",\"url\":\"https:\/\/miumjau.ee\/wp-content\/uploads\/2022\/04\/MiuMjau-logo-kollane.png\",\"contentUrl\":\"https:\/\/miumjau.ee\/wp-content\/uploads\/2022\/04\/MiuMjau-logo-kollane.png\",\"width\":219,\"height\":100,\"caption\":\"MiuMjau O\u00dc\"},\"image\":{\"@id\":\"https:\/\/miumjau.ee\/#\/schema\/logo\/image\/\"},\"sameAs\":[\"https:\/\/www.facebook.com\/miumjaupood\/\"]}]}<\/script>\n<!-- \/ Yoast SEO plugin. -->","yoast_head_json":{"title":"Kissahylly Petrebels Corner lounge 35 vanha harmaa - MiuMjau","description":"Corner lounge 35 on kissahylly, jonka sein\u00e4ll\u00e4 on sisalimatto, joka voidaan yhdist\u00e4\u00e4 muihin Wall of Rebels -elementteihin ja luoda sinulle ja kissallesi sopiva kiipeilysein\u00e4.","robots":{"index":"index","follow":"follow","max-snippet":"max-snippet:-1","max-image-preview":"max-image-preview:large","max-video-preview":"max-video-preview:-1"},"canonical":"https:\/\/miumjau.ee\/tuote\/kassi-riiul-corner-lounge-35-petrebels-old-grey\/","og_locale":"fi_FI","og_type":"article","og_title":"Kissahylly Petrebels Corner lounge 35 vanha harmaa - MiuMjau","og_description":"Corner lounge 35 on kissahylly, jonka sein\u00e4ll\u00e4 on sisalimatto, joka voidaan yhdist\u00e4\u00e4 muihin Wall of Rebels -elementteihin ja luoda sinulle ja kissallesi sopiva kiipeilysein\u00e4.","og_url":"https:\/\/miumjau.ee\/tuote\/kassi-riiul-corner-lounge-35-petrebels-old-grey\/","og_site_name":"MiuMjau","article_publisher":"https:\/\/www.facebook.com\/miumjaupood\/","article_modified_time":"2026-01-07T20:56:27+00:00","og_image":[{"width":600,"height":800,"url":"https:\/\/miumjau.ee\/wp-content\/uploads\/2023\/12\/tasapind-nurka-cornerlounge353.jpg","type":"image\/jpeg"}],"twitter_card":"summary_large_image","schema":{"@context":"https:\/\/schema.org","@graph":[{"@type":"WebPage","@id":"https:\/\/miumjau.ee\/tuote\/kassi-riiul-corner-lounge-35-petrebels-old-grey\/","url":"https:\/\/miumjau.ee\/tuote\/kassi-riiul-corner-lounge-35-petrebels-old-grey\/","name":"Kissahylly Petrebels Corner lounge 35 vanha harmaa - MiuMjau","isPartOf":{"@id":"https:\/\/miumjau.ee\/#website"},"primaryImageOfPage":{"@id":"https:\/\/miumjau.ee\/tuote\/kassi-riiul-corner-lounge-35-petrebels-old-grey\/#primaryimage"},"image":{"@id":"https:\/\/miumjau.ee\/tuote\/kassi-riiul-corner-lounge-35-petrebels-old-grey\/#primaryimage"},"thumbnailUrl":"https:\/\/miumjau.ee\/wp-content\/uploads\/2023\/12\/tasapind-nurka-cornerlounge353.jpg","datePublished":"2024-01-05T20:33:18+00:00","dateModified":"2026-01-07T20:56:27+00:00","description":"Corner lounge 35 on kissahylly, jonka sein\u00e4ll\u00e4 on sisalimatto, joka voidaan yhdist\u00e4\u00e4 muihin Wall of Rebels -elementteihin ja luoda sinulle ja kissallesi sopiva kiipeilysein\u00e4.","breadcrumb":{"@id":"https:\/\/miumjau.ee\/tuote\/kassi-riiul-corner-lounge-35-petrebels-old-grey\/#breadcrumb"},"inLanguage":"fi","potentialAction":[{"@type":"ReadAction","target":["https:\/\/miumjau.ee\/tuote\/kassi-riiul-corner-lounge-35-petrebels-old-grey\/"]}]},{"@type":"ImageObject","inLanguage":"fi","@id":"https:\/\/miumjau.ee\/tuote\/kassi-riiul-corner-lounge-35-petrebels-old-grey\/#primaryimage","url":"https:\/\/miumjau.ee\/wp-content\/uploads\/2023\/12\/tasapind-nurka-cornerlounge353.jpg","contentUrl":"https:\/\/miumjau.ee\/wp-content\/uploads\/2023\/12\/tasapind-nurka-cornerlounge353.jpg","width":600,"height":800},{"@type":"BreadcrumbList","@id":"https:\/\/miumjau.ee\/tuote\/kassi-riiul-corner-lounge-35-petrebels-old-grey\/#breadcrumb","itemListElement":[{"@type":"ListItem","position":1,"name":"Home","item":"https:\/\/miumjau.ee\/fi\/"},{"@type":"ListItem","position":2,"name":"Kauppa","item":"https:\/\/miumjau.ee\/fi\/kauppa\/"},{"@type":"ListItem","position":3,"name":"Kissahylly Petrebels Corner lounge 35 vanha harmaa"}]},{"@type":"WebSite","@id":"https:\/\/miumjau.ee\/#website","url":"https:\/\/miumjau.ee\/","name":"MiuMjau","description":"Kraapimispuud kassidele","publisher":{"@id":"https:\/\/miumjau.ee\/#organization"},"potentialAction":[{"@type":"SearchAction","target":{"@type":"EntryPoint","urlTemplate":"https:\/\/miumjau.ee\/?s={search_term_string}"},"query-input":{"@type":"PropertyValueSpecification","valueRequired":true,"valueName":"search_term_string"}}],"inLanguage":"fi"},{"@type":"Organization","@id":"https:\/\/miumjau.ee\/#organization","name":"MiuMjau O\u00dc","url":"https:\/\/miumjau.ee\/","logo":{"@type":"ImageObject","inLanguage":"fi","@id":"https:\/\/miumjau.ee\/#\/schema\/logo\/image\/","url":"https:\/\/miumjau.ee\/wp-content\/uploads\/2022\/04\/MiuMjau-logo-kollane.png","contentUrl":"https:\/\/miumjau.ee\/wp-content\/uploads\/2022\/04\/MiuMjau-logo-kollane.png","width":219,"height":100,"caption":"MiuMjau O\u00dc"},"image":{"@id":"https:\/\/miumjau.ee\/#\/schema\/logo\/image\/"},"sameAs":["https:\/\/www.facebook.com\/miumjaupood\/"]}]}},"_links":{"self":[{"href":"https:\/\/miumjau.ee\/fi\/wp-json\/wp\/v2\/product\/28150","targetHints":{"allow":["GET"]}}],"collection":[{"href":"https:\/\/miumjau.ee\/fi\/wp-json\/wp\/v2\/product"}],"about":[{"href":"https:\/\/miumjau.ee\/fi\/wp-json\/wp\/v2\/types\/product"}],"wp:featuredmedia":[{"embeddable":true,"href":"https:\/\/miumjau.ee\/fi\/wp-json\/wp\/v2\/media\/20959"}],"wp:attachment":[{"href":"https:\/\/miumjau.ee\/fi\/wp-json\/wp\/v2\/media?parent=28150"}],"wp:term":[{"taxonomy":"product_brand","embeddable":true,"href":"https:\/\/miumjau.ee\/fi\/wp-json\/wp\/v2\/product_brand?post=28150"},{"taxonomy":"product_cat","embeddable":true,"href":"https:\/\/miumjau.ee\/fi\/wp-json\/wp\/v2\/product_cat?post=28150"},{"taxonomy":"product_tag","embeddable":true,"href":"https:\/\/miumjau.ee\/fi\/wp-json\/wp\/v2\/product_tag?post=28150"}],"curies":[{"name":"wp","href":"https:\/\/api.w.org\/{rel}","templated":true}]}}