{"id":28146,"date":"2024-01-07T15:51:17","date_gmt":"2024-01-07T13:51:17","guid":{"rendered":"https:\/\/miumjau.ee\/toode\/lisaosat-3-kpl-horizon-0930-setti-wenge\/"},"modified":"2026-01-07T22:56:35","modified_gmt":"2026-01-07T20:56:35","slug":"lisaosat-3-kpl-horizon-0930-setti-wenge","status":"publish","type":"product","link":"https:\/\/miumjau.ee\/fi\/tuote\/lisaosat-3-kpl-horizon-0930-setti-wenge\/","title":{"rendered":"Lis\u00e4osat 3 kpl, Horizon 0930 setti, wenge"},"content":{"rendered":"","protected":false},"excerpt":{"rendered":"<p data-start=\"0\" data-end=\"20\">Lis\u00e4portaat sein\u00e4lle<\/p>\n<p data-start=\"22\" data-end=\"416\">Lis\u00e4portaat on suunniteltu erityisesti luomaan reitti kohteeseen, johon kissa voi kiivet\u00e4 kiipeilysein\u00e4ll\u00e4. N\u00e4m\u00e4 vaakasuorat portaat kiinnitet\u00e4\u00e4n sein\u00e4\u00e4n. Portaat on kokonaan peitetty raapimisjuteilla, eik\u00e4 ne ole liukkaita kissalle liikkua. Luo kissasi tarpeisiin sopiva kiipeilysein\u00e4 ja s\u00e4\u00e4st\u00e4 lattiatilaa! Koko Petrebels Wall of Rebels -kokoelma on yhteensopiva ja huolellisesti suunniteltu.<\/p>\n<p data-start=\"418\" data-end=\"545\" data-is-only-node=\"\" data-is-last-node=\"\">Pakkauksessa 3 kpl Mitat \u2013 tolpan halkaisija 9 cm ja pituus 30 cm Valmistettu eukalyptuspuusta Mukana sein\u00e4kiinnitysmateriaalit<\/p>\n","protected":false},"featured_media":21366,"template":"","meta":[],"product_brand":[],"product_cat":[139,263],"product_tag":[],"class_list":{"0":"post-28146","1":"product","2":"type-product","3":"status-publish","4":"has-post-thumbnail","6":"product_cat-kaup24-fi","7":"product_cat-kiipeilyseina-kissoille","9":"first","10":"instock","11":"sale","12":"taxable","13":"shipping-taxable","14":"purchasable","15":"product-type-simple"},"yoast_head":"<!-- This site is optimized with the Yoast SEO plugin v27.4 - https:\/\/yoast.com\/product\/yoast-seo-wordpress\/ -->\n<title>Lis\u00e4osat 3 kpl, Horizon 0930 setti, wenge - MiuMjau<\/title>\n<meta name=\"description\" content=\"Horizon 0930 -setiss\u00e4 on 3 vahvaa askelmaa, jotka on valmistettu raapimisposteista. N\u00e4it\u00e4 voi k\u00e4ytt\u00e4\u00e4 raapimiseen tai lis\u00e4askelmina p\u00e4\u00e4st\u00e4kseen muihin elementteihin.\" \/>\n<meta name=\"robots\" content=\"index, follow, max-snippet:-1, max-image-preview:large, max-video-preview:-1\" \/>\n<link rel=\"canonical\" href=\"https:\/\/miumjau.ee\/tuote\/lisaastmed-3tk-horizon-0930-set-wenge\/\" \/>\n<meta property=\"og:locale\" content=\"fi_FI\" \/>\n<meta property=\"og:type\" content=\"article\" \/>\n<meta property=\"og:title\" content=\"Lis\u00e4osat 3 kpl, Horizon 0930 setti, wenge - MiuMjau\" \/>\n<meta property=\"og:description\" content=\"Horizon 0930 -setiss\u00e4 on 3 vahvaa askelmaa, jotka on valmistettu raapimisposteista. N\u00e4it\u00e4 voi k\u00e4ytt\u00e4\u00e4 raapimiseen tai lis\u00e4askelmina p\u00e4\u00e4st\u00e4kseen muihin elementteihin.\" \/>\n<meta property=\"og:url\" content=\"https:\/\/miumjau.ee\/tuote\/lisaastmed-3tk-horizon-0930-set-wenge\/\" \/>\n<meta property=\"og:site_name\" content=\"MiuMjau\" \/>\n<meta property=\"article:publisher\" content=\"https:\/\/www.facebook.com\/miumjaupood\/\" \/>\n<meta property=\"article:modified_time\" content=\"2026-01-07T20:56:35+00:00\" \/>\n<meta property=\"og:image\" content=\"https:\/\/miumjau.ee\/wp-content\/uploads\/2024\/01\/lisaasted-3tk-horizon-0930-set-wenge-1.jpeg\" \/>\n\t<meta property=\"og:image:width\" content=\"600\" \/>\n\t<meta property=\"og:image:height\" content=\"800\" \/>\n\t<meta property=\"og:image:type\" content=\"image\/jpeg\" \/>\n<meta name=\"twitter:card\" content=\"summary_large_image\" \/>\n<script type=\"application\/ld+json\" class=\"yoast-schema-graph\">{\"@context\":\"https:\\\/\\\/schema.org\",\"@graph\":[{\"@type\":\"WebPage\",\"@id\":\"https:\\\/\\\/miumjau.ee\\\/tuote\\\/lisaastmed-3tk-horizon-0930-set-wenge\\\/\",\"url\":\"https:\\\/\\\/miumjau.ee\\\/tuote\\\/lisaastmed-3tk-horizon-0930-set-wenge\\\/\",\"name\":\"Lis\u00e4osat 3 kpl, Horizon 0930 setti, wenge - MiuMjau\",\"isPartOf\":{\"@id\":\"https:\\\/\\\/miumjau.ee\\\/#website\"},\"primaryImageOfPage\":{\"@id\":\"https:\\\/\\\/miumjau.ee\\\/tuote\\\/lisaastmed-3tk-horizon-0930-set-wenge\\\/#primaryimage\"},\"image\":{\"@id\":\"https:\\\/\\\/miumjau.ee\\\/tuote\\\/lisaastmed-3tk-horizon-0930-set-wenge\\\/#primaryimage\"},\"thumbnailUrl\":\"https:\\\/\\\/miumjau.ee\\\/wp-content\\\/uploads\\\/2024\\\/01\\\/lisaasted-3tk-horizon-0930-set-wenge-1.jpeg\",\"datePublished\":\"2024-01-07T13:51:17+00:00\",\"dateModified\":\"2026-01-07T20:56:35+00:00\",\"description\":\"Horizon 0930 -setiss\u00e4 on 3 vahvaa askelmaa, jotka on valmistettu raapimisposteista. N\u00e4it\u00e4 voi k\u00e4ytt\u00e4\u00e4 raapimiseen tai lis\u00e4askelmina p\u00e4\u00e4st\u00e4kseen muihin elementteihin.\",\"breadcrumb\":{\"@id\":\"https:\\\/\\\/miumjau.ee\\\/tuote\\\/lisaastmed-3tk-horizon-0930-set-wenge\\\/#breadcrumb\"},\"inLanguage\":\"fi\",\"potentialAction\":[{\"@type\":\"ReadAction\",\"target\":[\"https:\\\/\\\/miumjau.ee\\\/tuote\\\/lisaastmed-3tk-horizon-0930-set-wenge\\\/\"]}]},{\"@type\":\"ImageObject\",\"inLanguage\":\"fi\",\"@id\":\"https:\\\/\\\/miumjau.ee\\\/tuote\\\/lisaastmed-3tk-horizon-0930-set-wenge\\\/#primaryimage\",\"url\":\"https:\\\/\\\/miumjau.ee\\\/wp-content\\\/uploads\\\/2024\\\/01\\\/lisaasted-3tk-horizon-0930-set-wenge-1.jpeg\",\"contentUrl\":\"https:\\\/\\\/miumjau.ee\\\/wp-content\\\/uploads\\\/2024\\\/01\\\/lisaasted-3tk-horizon-0930-set-wenge-1.jpeg\",\"width\":600,\"height\":800},{\"@type\":\"BreadcrumbList\",\"@id\":\"https:\\\/\\\/miumjau.ee\\\/tuote\\\/lisaastmed-3tk-horizon-0930-set-wenge\\\/#breadcrumb\",\"itemListElement\":[{\"@type\":\"ListItem\",\"position\":1,\"name\":\"Home\",\"item\":\"https:\\\/\\\/miumjau.ee\\\/fi\\\/\"},{\"@type\":\"ListItem\",\"position\":2,\"name\":\"Kauppa\",\"item\":\"https:\\\/\\\/miumjau.ee\\\/fi\\\/kauppa\\\/\"},{\"@type\":\"ListItem\",\"position\":3,\"name\":\"Lis\u00e4osat 3 kpl, Horizon 0930 setti, wenge\"}]},{\"@type\":\"WebSite\",\"@id\":\"https:\\\/\\\/miumjau.ee\\\/#website\",\"url\":\"https:\\\/\\\/miumjau.ee\\\/\",\"name\":\"MiuMjau\",\"description\":\"Kraapimispuud kassidele\",\"publisher\":{\"@id\":\"https:\\\/\\\/miumjau.ee\\\/#organization\"},\"potentialAction\":[{\"@type\":\"SearchAction\",\"target\":{\"@type\":\"EntryPoint\",\"urlTemplate\":\"https:\\\/\\\/miumjau.ee\\\/?s={search_term_string}\"},\"query-input\":{\"@type\":\"PropertyValueSpecification\",\"valueRequired\":true,\"valueName\":\"search_term_string\"}}],\"inLanguage\":\"fi\"},{\"@type\":\"Organization\",\"@id\":\"https:\\\/\\\/miumjau.ee\\\/#organization\",\"name\":\"MiuMjau O\u00dc\",\"url\":\"https:\\\/\\\/miumjau.ee\\\/\",\"logo\":{\"@type\":\"ImageObject\",\"inLanguage\":\"fi\",\"@id\":\"https:\\\/\\\/miumjau.ee\\\/#\\\/schema\\\/logo\\\/image\\\/\",\"url\":\"https:\\\/\\\/miumjau.ee\\\/wp-content\\\/uploads\\\/2022\\\/04\\\/MiuMjau-logo-kollane.png\",\"contentUrl\":\"https:\\\/\\\/miumjau.ee\\\/wp-content\\\/uploads\\\/2022\\\/04\\\/MiuMjau-logo-kollane.png\",\"width\":219,\"height\":100,\"caption\":\"MiuMjau O\u00dc\"},\"image\":{\"@id\":\"https:\\\/\\\/miumjau.ee\\\/#\\\/schema\\\/logo\\\/image\\\/\"},\"sameAs\":[\"https:\\\/\\\/www.facebook.com\\\/miumjaupood\\\/\"]}]}<\/script>\n<!-- \/ Yoast SEO plugin. -->","yoast_head_json":{"title":"Lis\u00e4osat 3 kpl, Horizon 0930 setti, wenge - MiuMjau","description":"Horizon 0930 -setiss\u00e4 on 3 vahvaa askelmaa, jotka on valmistettu raapimisposteista. N\u00e4it\u00e4 voi k\u00e4ytt\u00e4\u00e4 raapimiseen tai lis\u00e4askelmina p\u00e4\u00e4st\u00e4kseen muihin elementteihin.","robots":{"index":"index","follow":"follow","max-snippet":"max-snippet:-1","max-image-preview":"max-image-preview:large","max-video-preview":"max-video-preview:-1"},"canonical":"https:\/\/miumjau.ee\/tuote\/lisaastmed-3tk-horizon-0930-set-wenge\/","og_locale":"fi_FI","og_type":"article","og_title":"Lis\u00e4osat 3 kpl, Horizon 0930 setti, wenge - MiuMjau","og_description":"Horizon 0930 -setiss\u00e4 on 3 vahvaa askelmaa, jotka on valmistettu raapimisposteista. N\u00e4it\u00e4 voi k\u00e4ytt\u00e4\u00e4 raapimiseen tai lis\u00e4askelmina p\u00e4\u00e4st\u00e4kseen muihin elementteihin.","og_url":"https:\/\/miumjau.ee\/tuote\/lisaastmed-3tk-horizon-0930-set-wenge\/","og_site_name":"MiuMjau","article_publisher":"https:\/\/www.facebook.com\/miumjaupood\/","article_modified_time":"2026-01-07T20:56:35+00:00","og_image":[{"width":600,"height":800,"url":"https:\/\/miumjau.ee\/wp-content\/uploads\/2024\/01\/lisaasted-3tk-horizon-0930-set-wenge-1.jpeg","type":"image\/jpeg"}],"twitter_card":"summary_large_image","schema":{"@context":"https:\/\/schema.org","@graph":[{"@type":"WebPage","@id":"https:\/\/miumjau.ee\/tuote\/lisaastmed-3tk-horizon-0930-set-wenge\/","url":"https:\/\/miumjau.ee\/tuote\/lisaastmed-3tk-horizon-0930-set-wenge\/","name":"Lis\u00e4osat 3 kpl, Horizon 0930 setti, wenge - MiuMjau","isPartOf":{"@id":"https:\/\/miumjau.ee\/#website"},"primaryImageOfPage":{"@id":"https:\/\/miumjau.ee\/tuote\/lisaastmed-3tk-horizon-0930-set-wenge\/#primaryimage"},"image":{"@id":"https:\/\/miumjau.ee\/tuote\/lisaastmed-3tk-horizon-0930-set-wenge\/#primaryimage"},"thumbnailUrl":"https:\/\/miumjau.ee\/wp-content\/uploads\/2024\/01\/lisaasted-3tk-horizon-0930-set-wenge-1.jpeg","datePublished":"2024-01-07T13:51:17+00:00","dateModified":"2026-01-07T20:56:35+00:00","description":"Horizon 0930 -setiss\u00e4 on 3 vahvaa askelmaa, jotka on valmistettu raapimisposteista. N\u00e4it\u00e4 voi k\u00e4ytt\u00e4\u00e4 raapimiseen tai lis\u00e4askelmina p\u00e4\u00e4st\u00e4kseen muihin elementteihin.","breadcrumb":{"@id":"https:\/\/miumjau.ee\/tuote\/lisaastmed-3tk-horizon-0930-set-wenge\/#breadcrumb"},"inLanguage":"fi","potentialAction":[{"@type":"ReadAction","target":["https:\/\/miumjau.ee\/tuote\/lisaastmed-3tk-horizon-0930-set-wenge\/"]}]},{"@type":"ImageObject","inLanguage":"fi","@id":"https:\/\/miumjau.ee\/tuote\/lisaastmed-3tk-horizon-0930-set-wenge\/#primaryimage","url":"https:\/\/miumjau.ee\/wp-content\/uploads\/2024\/01\/lisaasted-3tk-horizon-0930-set-wenge-1.jpeg","contentUrl":"https:\/\/miumjau.ee\/wp-content\/uploads\/2024\/01\/lisaasted-3tk-horizon-0930-set-wenge-1.jpeg","width":600,"height":800},{"@type":"BreadcrumbList","@id":"https:\/\/miumjau.ee\/tuote\/lisaastmed-3tk-horizon-0930-set-wenge\/#breadcrumb","itemListElement":[{"@type":"ListItem","position":1,"name":"Home","item":"https:\/\/miumjau.ee\/fi\/"},{"@type":"ListItem","position":2,"name":"Kauppa","item":"https:\/\/miumjau.ee\/fi\/kauppa\/"},{"@type":"ListItem","position":3,"name":"Lis\u00e4osat 3 kpl, Horizon 0930 setti, wenge"}]},{"@type":"WebSite","@id":"https:\/\/miumjau.ee\/#website","url":"https:\/\/miumjau.ee\/","name":"MiuMjau","description":"Kraapimispuud kassidele","publisher":{"@id":"https:\/\/miumjau.ee\/#organization"},"potentialAction":[{"@type":"SearchAction","target":{"@type":"EntryPoint","urlTemplate":"https:\/\/miumjau.ee\/?s={search_term_string}"},"query-input":{"@type":"PropertyValueSpecification","valueRequired":true,"valueName":"search_term_string"}}],"inLanguage":"fi"},{"@type":"Organization","@id":"https:\/\/miumjau.ee\/#organization","name":"MiuMjau O\u00dc","url":"https:\/\/miumjau.ee\/","logo":{"@type":"ImageObject","inLanguage":"fi","@id":"https:\/\/miumjau.ee\/#\/schema\/logo\/image\/","url":"https:\/\/miumjau.ee\/wp-content\/uploads\/2022\/04\/MiuMjau-logo-kollane.png","contentUrl":"https:\/\/miumjau.ee\/wp-content\/uploads\/2022\/04\/MiuMjau-logo-kollane.png","width":219,"height":100,"caption":"MiuMjau O\u00dc"},"image":{"@id":"https:\/\/miumjau.ee\/#\/schema\/logo\/image\/"},"sameAs":["https:\/\/www.facebook.com\/miumjaupood\/"]}]}},"_links":{"self":[{"href":"https:\/\/miumjau.ee\/fi\/wp-json\/wp\/v2\/product\/28146","targetHints":{"allow":["GET"]}}],"collection":[{"href":"https:\/\/miumjau.ee\/fi\/wp-json\/wp\/v2\/product"}],"about":[{"href":"https:\/\/miumjau.ee\/fi\/wp-json\/wp\/v2\/types\/product"}],"wp:featuredmedia":[{"embeddable":true,"href":"https:\/\/miumjau.ee\/fi\/wp-json\/wp\/v2\/media\/21366"}],"wp:attachment":[{"href":"https:\/\/miumjau.ee\/fi\/wp-json\/wp\/v2\/media?parent=28146"}],"wp:term":[{"taxonomy":"product_brand","embeddable":true,"href":"https:\/\/miumjau.ee\/fi\/wp-json\/wp\/v2\/product_brand?post=28146"},{"taxonomy":"product_cat","embeddable":true,"href":"https:\/\/miumjau.ee\/fi\/wp-json\/wp\/v2\/product_cat?post=28146"},{"taxonomy":"product_tag","embeddable":true,"href":"https:\/\/miumjau.ee\/fi\/wp-json\/wp\/v2\/product_tag?post=28146"}],"curies":[{"name":"wp","href":"https:\/\/api.w.org\/{rel}","templated":true}]}}