{"id":28142,"date":"2024-03-24T19:35:20","date_gmt":"2024-03-24T17:35:20","guid":{"rendered":"https:\/\/miumjau.ee\/toode\/petrebels-sleeper-xl-riippumatto-45-cm-valkoinen\/"},"modified":"2026-01-07T22:56:35","modified_gmt":"2026-01-07T20:56:35","slug":"petrebels-sleeper-xl-riippumatto-45-cm-valkoinen","status":"publish","type":"product","link":"https:\/\/miumjau.ee\/fi\/tuote\/petrebels-sleeper-xl-riippumatto-45-cm-valkoinen\/","title":{"rendered":"Petrebels Sleeper XL riippumatto 45 cm, valkoinen"},"content":{"rendered":"","protected":false},"excerpt":{"rendered":"<p><strong>PETREBELS riippukeinu Luxury Sleeper SQUARE XL 45 cm<\/strong><\/p>\n<p>Meid\u00e4n <strong>Luxury Sleeper Square<\/strong> on suunniteltu erityisesti Norjan mets\u00e4kissoille, Maine Cooneille, Ragdolleille ja muille suurille kissaroduille. Suuren kokonsa ja tikatun kankaansa ansiosta t\u00e4m\u00e4 riippukeinu kest\u00e4\u00e4 jopa <strong>25 kiloa<\/strong> painavia kissoja!<\/p>\n<p>Mutta tietenkin t\u00e4h\u00e4n superluksusriippukeinuun ovat tervetulleita my\u00f6s kaikki muut kissarodut \u2013 kuka nyt ei haluaisi v\u00e4lill\u00e4 ojentautua mukavasti? Anna kissallesi t\u00e4ydellinen rentoutumishetki ja muuta sen raapimispuu ylelliseksi lepo\u00adkeitaaksi!<\/p>\n<p>\ud83d\udd39 <strong>V\u00e4ri:<\/strong> valkoinen\u2013tummanharmaa<br \/>\n\ud83d\udd39 <strong>Paino:<\/strong> 4 kg<br \/>\n\ud83d\udd39 <strong>Mitat:<\/strong> 45 \u00d7 45 \u00d7 2 cm<br \/>\n\ud83d\udd39 <strong>Paketin koko:<\/strong> 63 \u00d7 47 \u00d7 6 cm<br \/>\n\ud83d\udd39 <strong>Max kissan paino:<\/strong> 25 kg<br \/>\n\ud83d\udd39 <strong>Ihanteellinen suurille kissoille \u2013 mutta sopii my\u00f6s pienille!<\/strong><br \/>\n\ud83d\udd39 <strong>Kauniit vaaleat s\u00e4vyt<\/strong><br \/>\n\ud83d\udd39 <strong>Sopii raapimisposteihin, joiden halkaisija on \u00f8 12 cm, \u00f8 15 cm ja \u00f8 20 cm<\/strong><\/p>\n<p>\ud83d\udccc <strong>Huom!<\/strong> Muista, ett\u00e4 riippukiikun metallikehikon paksuuden vuoksi raapimispuu ei pysy t\u00e4ysin suorassa.<\/p>\n","protected":false},"featured_media":21596,"template":"","meta":[],"product_brand":[],"product_cat":[262],"product_tag":[],"class_list":{"0":"post-28142","1":"product","2":"type-product","3":"status-publish","4":"has-post-thumbnail","6":"product_cat-varaosat","7":"product_shipping_class-pakiautomaati-sobimatu-fi","9":"first","10":"instock","11":"taxable","12":"shipping-taxable","13":"purchasable","14":"product-type-simple"},"yoast_head":"<!-- This site is optimized with the Yoast SEO plugin v27.2 - https:\/\/yoast.com\/product\/yoast-seo-wordpress\/ -->\n<title>Petrebels Sleeper XL riippumatto 45 cm, valkoinen - MiuMjau<\/title>\n<meta name=\"description\" content=\"Hemmottele suurta kissaasi **PETREBELS Luxury Sleeper SQUARE XL** -riippukeinulla \u2013 kest\u00e4\u00e4 jopa **25 kg** painavia kissoja ja siin\u00e4 on **eritt\u00e4in pehme\u00e4 tikattu plyysi**!\" \/>\n<meta name=\"robots\" content=\"index, follow, max-snippet:-1, max-image-preview:large, max-video-preview:-1\" \/>\n<link rel=\"canonical\" href=\"https:\/\/miumjau.ee\/fi\/tuote\/petrebels-sleeper-xl-riippumatto-45-cm-valkoinen\/\" \/>\n<meta property=\"og:locale\" content=\"fi_FI\" \/>\n<meta property=\"og:type\" content=\"article\" \/>\n<meta property=\"og:title\" content=\"Petrebels Sleeper XL riippumatto 45 cm, valkoinen - MiuMjau\" \/>\n<meta property=\"og:description\" content=\"Hemmottele suurta kissaasi **PETREBELS Luxury Sleeper SQUARE XL** -riippukeinulla \u2013 kest\u00e4\u00e4 jopa **25 kg** painavia kissoja ja siin\u00e4 on **eritt\u00e4in pehme\u00e4 tikattu plyysi**!\" \/>\n<meta property=\"og:url\" content=\"https:\/\/miumjau.ee\/fi\/tuote\/petrebels-sleeper-xl-riippumatto-45-cm-valkoinen\/\" \/>\n<meta property=\"og:site_name\" content=\"MiuMjau\" \/>\n<meta property=\"article:publisher\" content=\"https:\/\/www.facebook.com\/miumjaupood\/\" \/>\n<meta property=\"article:modified_time\" content=\"2026-01-07T20:56:35+00:00\" \/>\n<meta property=\"og:image\" content=\"https:\/\/miumjau.ee\/wp-content\/uploads\/2024\/03\/petrebels-rippkiik-luxury-sleeper-square-xl-off-white-1.jpg\" \/>\n\t<meta property=\"og:image:width\" content=\"600\" \/>\n\t<meta property=\"og:image:height\" content=\"800\" \/>\n\t<meta property=\"og:image:type\" content=\"image\/jpeg\" \/>\n<meta name=\"twitter:card\" content=\"summary_large_image\" \/>\n<script type=\"application\/ld+json\" class=\"yoast-schema-graph\">{\"@context\":\"https:\/\/schema.org\",\"@graph\":[{\"@type\":\"WebPage\",\"@id\":\"https:\/\/miumjau.ee\/fi\/tuote\/petrebels-sleeper-xl-riippumatto-45-cm-valkoinen\/\",\"url\":\"https:\/\/miumjau.ee\/fi\/tuote\/petrebels-sleeper-xl-riippumatto-45-cm-valkoinen\/\",\"name\":\"Petrebels Sleeper XL riippumatto 45 cm, valkoinen - MiuMjau\",\"isPartOf\":{\"@id\":\"https:\/\/miumjau.ee\/#website\"},\"primaryImageOfPage\":{\"@id\":\"https:\/\/miumjau.ee\/fi\/tuote\/petrebels-sleeper-xl-riippumatto-45-cm-valkoinen\/#primaryimage\"},\"image\":{\"@id\":\"https:\/\/miumjau.ee\/fi\/tuote\/petrebels-sleeper-xl-riippumatto-45-cm-valkoinen\/#primaryimage\"},\"thumbnailUrl\":\"https:\/\/miumjau.ee\/wp-content\/uploads\/2024\/03\/petrebels-rippkiik-luxury-sleeper-square-xl-off-white-1.jpg\",\"datePublished\":\"2024-03-24T17:35:20+00:00\",\"dateModified\":\"2026-01-07T20:56:35+00:00\",\"description\":\"Hemmottele suurta kissaasi **PETREBELS Luxury Sleeper SQUARE XL** -riippukeinulla \u2013 kest\u00e4\u00e4 jopa **25 kg** painavia kissoja ja siin\u00e4 on **eritt\u00e4in pehme\u00e4 tikattu plyysi**!\",\"breadcrumb\":{\"@id\":\"https:\/\/miumjau.ee\/fi\/tuote\/petrebels-sleeper-xl-riippumatto-45-cm-valkoinen\/#breadcrumb\"},\"inLanguage\":\"fi\",\"potentialAction\":[{\"@type\":\"ReadAction\",\"target\":[\"https:\/\/miumjau.ee\/fi\/tuote\/petrebels-sleeper-xl-riippumatto-45-cm-valkoinen\/\"]}]},{\"@type\":\"ImageObject\",\"inLanguage\":\"fi\",\"@id\":\"https:\/\/miumjau.ee\/fi\/tuote\/petrebels-sleeper-xl-riippumatto-45-cm-valkoinen\/#primaryimage\",\"url\":\"https:\/\/miumjau.ee\/wp-content\/uploads\/2024\/03\/petrebels-rippkiik-luxury-sleeper-square-xl-off-white-1.jpg\",\"contentUrl\":\"https:\/\/miumjau.ee\/wp-content\/uploads\/2024\/03\/petrebels-rippkiik-luxury-sleeper-square-xl-off-white-1.jpg\",\"width\":600,\"height\":800},{\"@type\":\"BreadcrumbList\",\"@id\":\"https:\/\/miumjau.ee\/fi\/tuote\/petrebels-sleeper-xl-riippumatto-45-cm-valkoinen\/#breadcrumb\",\"itemListElement\":[{\"@type\":\"ListItem\",\"position\":1,\"name\":\"Home\",\"item\":\"https:\/\/miumjau.ee\/fi\/\"},{\"@type\":\"ListItem\",\"position\":2,\"name\":\"Kauppa\",\"item\":\"https:\/\/miumjau.ee\/fi\/kauppa\/\"},{\"@type\":\"ListItem\",\"position\":3,\"name\":\"Petrebels Sleeper XL riippumatto 45 cm, valkoinen\"}]},{\"@type\":\"WebSite\",\"@id\":\"https:\/\/miumjau.ee\/#website\",\"url\":\"https:\/\/miumjau.ee\/\",\"name\":\"MiuMjau\",\"description\":\"Kraapimispuud kassidele\",\"publisher\":{\"@id\":\"https:\/\/miumjau.ee\/#organization\"},\"potentialAction\":[{\"@type\":\"SearchAction\",\"target\":{\"@type\":\"EntryPoint\",\"urlTemplate\":\"https:\/\/miumjau.ee\/?s={search_term_string}\"},\"query-input\":{\"@type\":\"PropertyValueSpecification\",\"valueRequired\":true,\"valueName\":\"search_term_string\"}}],\"inLanguage\":\"fi\"},{\"@type\":\"Organization\",\"@id\":\"https:\/\/miumjau.ee\/#organization\",\"name\":\"MiuMjau O\u00dc\",\"url\":\"https:\/\/miumjau.ee\/\",\"logo\":{\"@type\":\"ImageObject\",\"inLanguage\":\"fi\",\"@id\":\"https:\/\/miumjau.ee\/#\/schema\/logo\/image\/\",\"url\":\"https:\/\/miumjau.ee\/wp-content\/uploads\/2022\/04\/MiuMjau-logo-kollane.png\",\"contentUrl\":\"https:\/\/miumjau.ee\/wp-content\/uploads\/2022\/04\/MiuMjau-logo-kollane.png\",\"width\":219,\"height\":100,\"caption\":\"MiuMjau O\u00dc\"},\"image\":{\"@id\":\"https:\/\/miumjau.ee\/#\/schema\/logo\/image\/\"},\"sameAs\":[\"https:\/\/www.facebook.com\/miumjaupood\/\"]}]}<\/script>\n<!-- \/ Yoast SEO plugin. -->","yoast_head_json":{"title":"Petrebels Sleeper XL riippumatto 45 cm, valkoinen - MiuMjau","description":"Hemmottele suurta kissaasi **PETREBELS Luxury Sleeper SQUARE XL** -riippukeinulla \u2013 kest\u00e4\u00e4 jopa **25 kg** painavia kissoja ja siin\u00e4 on **eritt\u00e4in pehme\u00e4 tikattu plyysi**!","robots":{"index":"index","follow":"follow","max-snippet":"max-snippet:-1","max-image-preview":"max-image-preview:large","max-video-preview":"max-video-preview:-1"},"canonical":"https:\/\/miumjau.ee\/fi\/tuote\/petrebels-sleeper-xl-riippumatto-45-cm-valkoinen\/","og_locale":"fi_FI","og_type":"article","og_title":"Petrebels Sleeper XL riippumatto 45 cm, valkoinen - MiuMjau","og_description":"Hemmottele suurta kissaasi **PETREBELS Luxury Sleeper SQUARE XL** -riippukeinulla \u2013 kest\u00e4\u00e4 jopa **25 kg** painavia kissoja ja siin\u00e4 on **eritt\u00e4in pehme\u00e4 tikattu plyysi**!","og_url":"https:\/\/miumjau.ee\/fi\/tuote\/petrebels-sleeper-xl-riippumatto-45-cm-valkoinen\/","og_site_name":"MiuMjau","article_publisher":"https:\/\/www.facebook.com\/miumjaupood\/","article_modified_time":"2026-01-07T20:56:35+00:00","og_image":[{"width":600,"height":800,"url":"https:\/\/miumjau.ee\/wp-content\/uploads\/2024\/03\/petrebels-rippkiik-luxury-sleeper-square-xl-off-white-1.jpg","type":"image\/jpeg"}],"twitter_card":"summary_large_image","schema":{"@context":"https:\/\/schema.org","@graph":[{"@type":"WebPage","@id":"https:\/\/miumjau.ee\/fi\/tuote\/petrebels-sleeper-xl-riippumatto-45-cm-valkoinen\/","url":"https:\/\/miumjau.ee\/fi\/tuote\/petrebels-sleeper-xl-riippumatto-45-cm-valkoinen\/","name":"Petrebels Sleeper XL riippumatto 45 cm, valkoinen - MiuMjau","isPartOf":{"@id":"https:\/\/miumjau.ee\/#website"},"primaryImageOfPage":{"@id":"https:\/\/miumjau.ee\/fi\/tuote\/petrebels-sleeper-xl-riippumatto-45-cm-valkoinen\/#primaryimage"},"image":{"@id":"https:\/\/miumjau.ee\/fi\/tuote\/petrebels-sleeper-xl-riippumatto-45-cm-valkoinen\/#primaryimage"},"thumbnailUrl":"https:\/\/miumjau.ee\/wp-content\/uploads\/2024\/03\/petrebels-rippkiik-luxury-sleeper-square-xl-off-white-1.jpg","datePublished":"2024-03-24T17:35:20+00:00","dateModified":"2026-01-07T20:56:35+00:00","description":"Hemmottele suurta kissaasi **PETREBELS Luxury Sleeper SQUARE XL** -riippukeinulla \u2013 kest\u00e4\u00e4 jopa **25 kg** painavia kissoja ja siin\u00e4 on **eritt\u00e4in pehme\u00e4 tikattu plyysi**!","breadcrumb":{"@id":"https:\/\/miumjau.ee\/fi\/tuote\/petrebels-sleeper-xl-riippumatto-45-cm-valkoinen\/#breadcrumb"},"inLanguage":"fi","potentialAction":[{"@type":"ReadAction","target":["https:\/\/miumjau.ee\/fi\/tuote\/petrebels-sleeper-xl-riippumatto-45-cm-valkoinen\/"]}]},{"@type":"ImageObject","inLanguage":"fi","@id":"https:\/\/miumjau.ee\/fi\/tuote\/petrebels-sleeper-xl-riippumatto-45-cm-valkoinen\/#primaryimage","url":"https:\/\/miumjau.ee\/wp-content\/uploads\/2024\/03\/petrebels-rippkiik-luxury-sleeper-square-xl-off-white-1.jpg","contentUrl":"https:\/\/miumjau.ee\/wp-content\/uploads\/2024\/03\/petrebels-rippkiik-luxury-sleeper-square-xl-off-white-1.jpg","width":600,"height":800},{"@type":"BreadcrumbList","@id":"https:\/\/miumjau.ee\/fi\/tuote\/petrebels-sleeper-xl-riippumatto-45-cm-valkoinen\/#breadcrumb","itemListElement":[{"@type":"ListItem","position":1,"name":"Home","item":"https:\/\/miumjau.ee\/fi\/"},{"@type":"ListItem","position":2,"name":"Kauppa","item":"https:\/\/miumjau.ee\/fi\/kauppa\/"},{"@type":"ListItem","position":3,"name":"Petrebels Sleeper XL riippumatto 45 cm, valkoinen"}]},{"@type":"WebSite","@id":"https:\/\/miumjau.ee\/#website","url":"https:\/\/miumjau.ee\/","name":"MiuMjau","description":"Kraapimispuud kassidele","publisher":{"@id":"https:\/\/miumjau.ee\/#organization"},"potentialAction":[{"@type":"SearchAction","target":{"@type":"EntryPoint","urlTemplate":"https:\/\/miumjau.ee\/?s={search_term_string}"},"query-input":{"@type":"PropertyValueSpecification","valueRequired":true,"valueName":"search_term_string"}}],"inLanguage":"fi"},{"@type":"Organization","@id":"https:\/\/miumjau.ee\/#organization","name":"MiuMjau O\u00dc","url":"https:\/\/miumjau.ee\/","logo":{"@type":"ImageObject","inLanguage":"fi","@id":"https:\/\/miumjau.ee\/#\/schema\/logo\/image\/","url":"https:\/\/miumjau.ee\/wp-content\/uploads\/2022\/04\/MiuMjau-logo-kollane.png","contentUrl":"https:\/\/miumjau.ee\/wp-content\/uploads\/2022\/04\/MiuMjau-logo-kollane.png","width":219,"height":100,"caption":"MiuMjau O\u00dc"},"image":{"@id":"https:\/\/miumjau.ee\/#\/schema\/logo\/image\/"},"sameAs":["https:\/\/www.facebook.com\/miumjaupood\/"]}]}},"_links":{"self":[{"href":"https:\/\/miumjau.ee\/fi\/wp-json\/wp\/v2\/product\/28142","targetHints":{"allow":["GET"]}}],"collection":[{"href":"https:\/\/miumjau.ee\/fi\/wp-json\/wp\/v2\/product"}],"about":[{"href":"https:\/\/miumjau.ee\/fi\/wp-json\/wp\/v2\/types\/product"}],"wp:featuredmedia":[{"embeddable":true,"href":"https:\/\/miumjau.ee\/fi\/wp-json\/wp\/v2\/media\/21596"}],"wp:attachment":[{"href":"https:\/\/miumjau.ee\/fi\/wp-json\/wp\/v2\/media?parent=28142"}],"wp:term":[{"taxonomy":"product_brand","embeddable":true,"href":"https:\/\/miumjau.ee\/fi\/wp-json\/wp\/v2\/product_brand?post=28142"},{"taxonomy":"product_cat","embeddable":true,"href":"https:\/\/miumjau.ee\/fi\/wp-json\/wp\/v2\/product_cat?post=28142"},{"taxonomy":"product_tag","embeddable":true,"href":"https:\/\/miumjau.ee\/fi\/wp-json\/wp\/v2\/product_tag?post=28142"}],"curies":[{"name":"wp","href":"https:\/\/api.w.org\/{rel}","templated":true}]}}