{"id":28141,"date":"2024-04-11T16:16:47","date_gmt":"2024-04-11T13:16:47","guid":{"rendered":"https:\/\/miumjau.ee\/toode\/kissan-lelu-funky-rebels-3-kpl-cappuccino\/"},"modified":"2026-01-07T22:56:42","modified_gmt":"2026-01-07T20:56:42","slug":"kissan-lelu-funky-rebels-3-kpl-cappuccino","status":"publish","type":"product","link":"https:\/\/miumjau.ee\/fi\/tuote\/kissan-lelu-funky-rebels-3-kpl-cappuccino\/","title":{"rendered":"Kissan lelu Funky Rebels 3 kpl, cappuccino"},"content":{"rendered":"<p>Funky Rebels on suunniteltu tekem\u00e4\u00e4n kissasi onnelliseksi!<\/p>\n","protected":false},"excerpt":{"rendered":"<p>Kissan lelu Funky Rebels on narulla kiinnitett\u00e4v\u00e4, joten sit\u00e4 voidaan k\u00e4ytt\u00e4\u00e4 varaosana Petrebelsin raapimispuissa, joiden alkuper\u00e4inen lelu on mennyt rikki. Samoin sit\u00e4 voidaan k\u00e4ytt\u00e4\u00e4 my\u00f6s muiden merkkien raapimispuissa, jos niiss\u00e4 on sopiva kiinnityskohta.<\/p>\n<p>Me kaikki tied\u00e4mme, ett\u00e4 raapimispuuhun kiinnitett\u00e4v\u00e4t lelut ovat todellisia hittej\u00e4, ja ne kuluvat k\u00e4yt\u00f6ss\u00e4 eniten \u2013 siksi niit\u00e4 on hyv\u00e4 vaihtaa aika ajoin.<\/p>\n<p>Funky Rebels -setiss\u00e4 on yhteens\u00e4 3 lelua.<\/p>\n<p>ERITT\u00c4IN PEHMEILL\u00c4 SULILLA VARUSTETTU PALLONEN kiinnitt\u00e4\u00e4 hetkess\u00e4 kissasi huomion!<\/p>\n<p>Kyseess\u00e4 on laadukas tuote, jota on ilo katsella. Kissat tarvitsevat leluja, koska leikkiminen pit\u00e4\u00e4 ne aktiivisina ja onnellisina. Jokainen kissayst\u00e4v\u00e4 tiet\u00e4\u00e4, ett\u00e4 kissat rakastavat sek\u00e4 sulkia ett\u00e4 pehmeit\u00e4 palloja \u2013 t\u00e4ss\u00e4 ne on yhdistetty t\u00e4ydellisesti. T\u00e4m\u00e4 superhauska lelu voidaan kiinnitt\u00e4\u00e4 kekseli\u00e4\u00e4sti monin eri tavoin.<\/p>\n<p>Mitat noin 6 \u00d7 6 cm.<\/p>\n<p>Heti saatavilla!<\/p>\n","protected":false},"featured_media":21721,"template":"","meta":[],"product_brand":[],"product_cat":[261],"product_tag":[],"class_list":{"0":"post-28141","1":"product","2":"type-product","3":"status-publish","4":"has-post-thumbnail","6":"product_cat-lelut","8":"first","9":"outofstock","10":"taxable","11":"shipping-taxable","12":"purchasable","13":"product-type-simple"},"yoast_head":"<!-- This site is optimized with the Yoast SEO plugin v27.2 - https:\/\/yoast.com\/product\/yoast-seo-wordpress\/ -->\n<title>Kissan lelu Funky Rebels 3 kpl, cappuccino - MiuMjau<\/title>\n<meta name=\"description\" content=\"Kissan leluja, jotka ovat kauniita, laadukkaita ja edullisia. Superpehme\u00e4t pallot, saalista muistuttavat h\u00f6yhenet ilahduttavat kissaasi!\" \/>\n<meta name=\"robots\" content=\"index, follow, max-snippet:-1, max-image-preview:large, max-video-preview:-1\" \/>\n<link rel=\"canonical\" href=\"https:\/\/miumjau.ee\/tuote\/kassi-manguasi-funky-rebels-3-tk-cappuccino\/\" \/>\n<meta property=\"og:locale\" content=\"fi_FI\" \/>\n<meta property=\"og:type\" content=\"article\" \/>\n<meta property=\"og:title\" content=\"Kissan lelu Funky Rebels 3 kpl, cappuccino - MiuMjau\" \/>\n<meta property=\"og:description\" content=\"Kissan leluja, jotka ovat kauniita, laadukkaita ja edullisia. Superpehme\u00e4t pallot, saalista muistuttavat h\u00f6yhenet ilahduttavat kissaasi!\" \/>\n<meta property=\"og:url\" content=\"https:\/\/miumjau.ee\/tuote\/kassi-manguasi-funky-rebels-3-tk-cappuccino\/\" \/>\n<meta property=\"og:site_name\" content=\"MiuMjau\" \/>\n<meta property=\"article:publisher\" content=\"https:\/\/www.facebook.com\/miumjaupood\/\" \/>\n<meta property=\"article:modified_time\" content=\"2026-01-07T20:56:42+00:00\" \/>\n<meta property=\"og:image\" content=\"https:\/\/miumjau.ee\/wp-content\/uploads\/2024\/04\/kassi-manguasi-funky-rebels2-1.jpg\" \/>\n\t<meta property=\"og:image:width\" content=\"900\" \/>\n\t<meta property=\"og:image:height\" content=\"1200\" \/>\n\t<meta property=\"og:image:type\" content=\"image\/jpeg\" \/>\n<meta name=\"twitter:card\" content=\"summary_large_image\" \/>\n<script type=\"application\/ld+json\" class=\"yoast-schema-graph\">{\"@context\":\"https:\/\/schema.org\",\"@graph\":[{\"@type\":\"WebPage\",\"@id\":\"https:\/\/miumjau.ee\/tuote\/kassi-manguasi-funky-rebels-3-tk-cappuccino\/\",\"url\":\"https:\/\/miumjau.ee\/tuote\/kassi-manguasi-funky-rebels-3-tk-cappuccino\/\",\"name\":\"Kissan lelu Funky Rebels 3 kpl, cappuccino - MiuMjau\",\"isPartOf\":{\"@id\":\"https:\/\/miumjau.ee\/#website\"},\"primaryImageOfPage\":{\"@id\":\"https:\/\/miumjau.ee\/tuote\/kassi-manguasi-funky-rebels-3-tk-cappuccino\/#primaryimage\"},\"image\":{\"@id\":\"https:\/\/miumjau.ee\/tuote\/kassi-manguasi-funky-rebels-3-tk-cappuccino\/#primaryimage\"},\"thumbnailUrl\":\"https:\/\/miumjau.ee\/wp-content\/uploads\/2024\/04\/kassi-manguasi-funky-rebels2-1.jpg\",\"datePublished\":\"2024-04-11T13:16:47+00:00\",\"dateModified\":\"2026-01-07T20:56:42+00:00\",\"description\":\"Kissan leluja, jotka ovat kauniita, laadukkaita ja edullisia. Superpehme\u00e4t pallot, saalista muistuttavat h\u00f6yhenet ilahduttavat kissaasi!\",\"breadcrumb\":{\"@id\":\"https:\/\/miumjau.ee\/tuote\/kassi-manguasi-funky-rebels-3-tk-cappuccino\/#breadcrumb\"},\"inLanguage\":\"fi\",\"potentialAction\":[{\"@type\":\"ReadAction\",\"target\":[\"https:\/\/miumjau.ee\/tuote\/kassi-manguasi-funky-rebels-3-tk-cappuccino\/\"]}]},{\"@type\":\"ImageObject\",\"inLanguage\":\"fi\",\"@id\":\"https:\/\/miumjau.ee\/tuote\/kassi-manguasi-funky-rebels-3-tk-cappuccino\/#primaryimage\",\"url\":\"https:\/\/miumjau.ee\/wp-content\/uploads\/2024\/04\/kassi-manguasi-funky-rebels2-1.jpg\",\"contentUrl\":\"https:\/\/miumjau.ee\/wp-content\/uploads\/2024\/04\/kassi-manguasi-funky-rebels2-1.jpg\",\"width\":900,\"height\":1200},{\"@type\":\"BreadcrumbList\",\"@id\":\"https:\/\/miumjau.ee\/tuote\/kassi-manguasi-funky-rebels-3-tk-cappuccino\/#breadcrumb\",\"itemListElement\":[{\"@type\":\"ListItem\",\"position\":1,\"name\":\"Home\",\"item\":\"https:\/\/miumjau.ee\/fi\/\"},{\"@type\":\"ListItem\",\"position\":2,\"name\":\"Kauppa\",\"item\":\"https:\/\/miumjau.ee\/fi\/kauppa\/\"},{\"@type\":\"ListItem\",\"position\":3,\"name\":\"Kissan lelu Funky Rebels 3 kpl, cappuccino\"}]},{\"@type\":\"WebSite\",\"@id\":\"https:\/\/miumjau.ee\/#website\",\"url\":\"https:\/\/miumjau.ee\/\",\"name\":\"MiuMjau\",\"description\":\"Kraapimispuud kassidele\",\"publisher\":{\"@id\":\"https:\/\/miumjau.ee\/#organization\"},\"potentialAction\":[{\"@type\":\"SearchAction\",\"target\":{\"@type\":\"EntryPoint\",\"urlTemplate\":\"https:\/\/miumjau.ee\/?s={search_term_string}\"},\"query-input\":{\"@type\":\"PropertyValueSpecification\",\"valueRequired\":true,\"valueName\":\"search_term_string\"}}],\"inLanguage\":\"fi\"},{\"@type\":\"Organization\",\"@id\":\"https:\/\/miumjau.ee\/#organization\",\"name\":\"MiuMjau O\u00dc\",\"url\":\"https:\/\/miumjau.ee\/\",\"logo\":{\"@type\":\"ImageObject\",\"inLanguage\":\"fi\",\"@id\":\"https:\/\/miumjau.ee\/#\/schema\/logo\/image\/\",\"url\":\"https:\/\/miumjau.ee\/wp-content\/uploads\/2022\/04\/MiuMjau-logo-kollane.png\",\"contentUrl\":\"https:\/\/miumjau.ee\/wp-content\/uploads\/2022\/04\/MiuMjau-logo-kollane.png\",\"width\":219,\"height\":100,\"caption\":\"MiuMjau O\u00dc\"},\"image\":{\"@id\":\"https:\/\/miumjau.ee\/#\/schema\/logo\/image\/\"},\"sameAs\":[\"https:\/\/www.facebook.com\/miumjaupood\/\"]}]}<\/script>\n<!-- \/ Yoast SEO plugin. -->","yoast_head_json":{"title":"Kissan lelu Funky Rebels 3 kpl, cappuccino - MiuMjau","description":"Kissan leluja, jotka ovat kauniita, laadukkaita ja edullisia. Superpehme\u00e4t pallot, saalista muistuttavat h\u00f6yhenet ilahduttavat kissaasi!","robots":{"index":"index","follow":"follow","max-snippet":"max-snippet:-1","max-image-preview":"max-image-preview:large","max-video-preview":"max-video-preview:-1"},"canonical":"https:\/\/miumjau.ee\/tuote\/kassi-manguasi-funky-rebels-3-tk-cappuccino\/","og_locale":"fi_FI","og_type":"article","og_title":"Kissan lelu Funky Rebels 3 kpl, cappuccino - MiuMjau","og_description":"Kissan leluja, jotka ovat kauniita, laadukkaita ja edullisia. Superpehme\u00e4t pallot, saalista muistuttavat h\u00f6yhenet ilahduttavat kissaasi!","og_url":"https:\/\/miumjau.ee\/tuote\/kassi-manguasi-funky-rebels-3-tk-cappuccino\/","og_site_name":"MiuMjau","article_publisher":"https:\/\/www.facebook.com\/miumjaupood\/","article_modified_time":"2026-01-07T20:56:42+00:00","og_image":[{"width":900,"height":1200,"url":"https:\/\/miumjau.ee\/wp-content\/uploads\/2024\/04\/kassi-manguasi-funky-rebels2-1.jpg","type":"image\/jpeg"}],"twitter_card":"summary_large_image","schema":{"@context":"https:\/\/schema.org","@graph":[{"@type":"WebPage","@id":"https:\/\/miumjau.ee\/tuote\/kassi-manguasi-funky-rebels-3-tk-cappuccino\/","url":"https:\/\/miumjau.ee\/tuote\/kassi-manguasi-funky-rebels-3-tk-cappuccino\/","name":"Kissan lelu Funky Rebels 3 kpl, cappuccino - MiuMjau","isPartOf":{"@id":"https:\/\/miumjau.ee\/#website"},"primaryImageOfPage":{"@id":"https:\/\/miumjau.ee\/tuote\/kassi-manguasi-funky-rebels-3-tk-cappuccino\/#primaryimage"},"image":{"@id":"https:\/\/miumjau.ee\/tuote\/kassi-manguasi-funky-rebels-3-tk-cappuccino\/#primaryimage"},"thumbnailUrl":"https:\/\/miumjau.ee\/wp-content\/uploads\/2024\/04\/kassi-manguasi-funky-rebels2-1.jpg","datePublished":"2024-04-11T13:16:47+00:00","dateModified":"2026-01-07T20:56:42+00:00","description":"Kissan leluja, jotka ovat kauniita, laadukkaita ja edullisia. Superpehme\u00e4t pallot, saalista muistuttavat h\u00f6yhenet ilahduttavat kissaasi!","breadcrumb":{"@id":"https:\/\/miumjau.ee\/tuote\/kassi-manguasi-funky-rebels-3-tk-cappuccino\/#breadcrumb"},"inLanguage":"fi","potentialAction":[{"@type":"ReadAction","target":["https:\/\/miumjau.ee\/tuote\/kassi-manguasi-funky-rebels-3-tk-cappuccino\/"]}]},{"@type":"ImageObject","inLanguage":"fi","@id":"https:\/\/miumjau.ee\/tuote\/kassi-manguasi-funky-rebels-3-tk-cappuccino\/#primaryimage","url":"https:\/\/miumjau.ee\/wp-content\/uploads\/2024\/04\/kassi-manguasi-funky-rebels2-1.jpg","contentUrl":"https:\/\/miumjau.ee\/wp-content\/uploads\/2024\/04\/kassi-manguasi-funky-rebels2-1.jpg","width":900,"height":1200},{"@type":"BreadcrumbList","@id":"https:\/\/miumjau.ee\/tuote\/kassi-manguasi-funky-rebels-3-tk-cappuccino\/#breadcrumb","itemListElement":[{"@type":"ListItem","position":1,"name":"Home","item":"https:\/\/miumjau.ee\/fi\/"},{"@type":"ListItem","position":2,"name":"Kauppa","item":"https:\/\/miumjau.ee\/fi\/kauppa\/"},{"@type":"ListItem","position":3,"name":"Kissan lelu Funky Rebels 3 kpl, cappuccino"}]},{"@type":"WebSite","@id":"https:\/\/miumjau.ee\/#website","url":"https:\/\/miumjau.ee\/","name":"MiuMjau","description":"Kraapimispuud kassidele","publisher":{"@id":"https:\/\/miumjau.ee\/#organization"},"potentialAction":[{"@type":"SearchAction","target":{"@type":"EntryPoint","urlTemplate":"https:\/\/miumjau.ee\/?s={search_term_string}"},"query-input":{"@type":"PropertyValueSpecification","valueRequired":true,"valueName":"search_term_string"}}],"inLanguage":"fi"},{"@type":"Organization","@id":"https:\/\/miumjau.ee\/#organization","name":"MiuMjau O\u00dc","url":"https:\/\/miumjau.ee\/","logo":{"@type":"ImageObject","inLanguage":"fi","@id":"https:\/\/miumjau.ee\/#\/schema\/logo\/image\/","url":"https:\/\/miumjau.ee\/wp-content\/uploads\/2022\/04\/MiuMjau-logo-kollane.png","contentUrl":"https:\/\/miumjau.ee\/wp-content\/uploads\/2022\/04\/MiuMjau-logo-kollane.png","width":219,"height":100,"caption":"MiuMjau O\u00dc"},"image":{"@id":"https:\/\/miumjau.ee\/#\/schema\/logo\/image\/"},"sameAs":["https:\/\/www.facebook.com\/miumjaupood\/"]}]}},"_links":{"self":[{"href":"https:\/\/miumjau.ee\/fi\/wp-json\/wp\/v2\/product\/28141","targetHints":{"allow":["GET"]}}],"collection":[{"href":"https:\/\/miumjau.ee\/fi\/wp-json\/wp\/v2\/product"}],"about":[{"href":"https:\/\/miumjau.ee\/fi\/wp-json\/wp\/v2\/types\/product"}],"wp:featuredmedia":[{"embeddable":true,"href":"https:\/\/miumjau.ee\/fi\/wp-json\/wp\/v2\/media\/21721"}],"wp:attachment":[{"href":"https:\/\/miumjau.ee\/fi\/wp-json\/wp\/v2\/media?parent=28141"}],"wp:term":[{"taxonomy":"product_brand","embeddable":true,"href":"https:\/\/miumjau.ee\/fi\/wp-json\/wp\/v2\/product_brand?post=28141"},{"taxonomy":"product_cat","embeddable":true,"href":"https:\/\/miumjau.ee\/fi\/wp-json\/wp\/v2\/product_cat?post=28141"},{"taxonomy":"product_tag","embeddable":true,"href":"https:\/\/miumjau.ee\/fi\/wp-json\/wp\/v2\/product_tag?post=28141"}],"curies":[{"name":"wp","href":"https:\/\/api.w.org\/{rel}","templated":true}]}}