{"id":28131,"date":"2024-12-13T20:52:39","date_gmt":"2024-12-13T18:52:39","guid":{"rendered":"https:\/\/miumjau.ee\/toode\/petrebels-zip-square-xl-riippumatto-45-cm-valkoinen\/"},"modified":"2026-01-07T22:56:42","modified_gmt":"2026-01-07T20:56:42","slug":"petrebels-zip-square-xl-riippumatto-45-cm-valkoinen","status":"publish","type":"product","link":"https:\/\/miumjau.ee\/fi\/tuote\/petrebels-zip-square-xl-riippumatto-45-cm-valkoinen\/","title":{"rendered":"Petrebels ZIP Square XL riippumatto 45 cm, valkoinen"},"content":{"rendered":"","protected":false},"excerpt":{"rendered":"<p data-start=\"0\" data-end=\"482\">Meid\u00e4n Sleeper ZIP Square on suunniteltu erityisesti Norjan mets\u00e4kissoille, Maine Cooneille, Ragdolleille ja muille suurille kissaroduille. Suuren kokonsa ja tikatun kankaan ansiosta t\u00e4m\u00e4 riippumatto kest\u00e4\u00e4 jopa 25 kiloa! Mutta tietysti kaikki kissat ovat tervetulleita nauttimaan kauneusunista t\u00e4ss\u00e4 superylellisess\u00e4 riippumatossa. Kuinka ihanaa onkaan v\u00e4lill\u00e4 venytell\u00e4 t\u00e4ysin vapaasti? Anna kissallesi mukava ja turvallinen tunne ja muuta sen raapimispuu rentoutusparatiisiksi!<\/p>\n<p data-start=\"484\" data-end=\"762\" data-is-only-node=\"\" data-is-last-node=\"\"><strong data-start=\"484\" data-end=\"494\">Sopii:<\/strong> kaikille kissoille<br data-start=\"513\" data-end=\"516\" data-is-only-node=\"\" \/><strong data-start=\"516\" data-end=\"526\">Mitat:<\/strong> 45 x 45 cm<br data-start=\"537\" data-end=\"540\" \/><strong data-start=\"540\" data-end=\"567\">Sopii raapimistolppiin:<\/strong> \u00d8 12 cm, \u00d8 15 cm ja \u00d8 20 cm<br data-start=\"595\" data-end=\"598\" \/><strong data-start=\"598\" data-end=\"642\">Vetoketjullinen, konepest\u00e4v\u00e4 30 asteessa<\/strong><br data-start=\"642\" data-end=\"645\" \/><strong data-start=\"645\" data-end=\"656\">Vinkki:<\/strong> Muista, ett\u00e4 riippumaton metallikehikon paksuuden vuoksi raapimispuu ei v\u00e4ltt\u00e4m\u00e4tt\u00e4 pysy t\u00e4ysin suorassa.<\/p>\n","protected":false},"featured_media":25317,"template":"","meta":[],"product_brand":[],"product_cat":[262],"product_tag":[],"class_list":{"0":"post-28131","1":"product","2":"type-product","3":"status-publish","4":"has-post-thumbnail","6":"product_cat-varaosat","7":"product_shipping_class-pakiautomaati-sobimatu-fi","9":"first","10":"instock","11":"taxable","12":"shipping-taxable","13":"purchasable","14":"product-type-simple"},"yoast_head":"<!-- This site is optimized with the Yoast SEO plugin v27.2 - https:\/\/yoast.com\/product\/yoast-seo-wordpress\/ -->\n<title>Petrebels ZIP Square XL riippumatto 45 cm, valkoinen - MiuMjau<\/title>\n<meta name=\"description\" content=\"Petrebelsin riippumatot ovat todella laadukkaita, kest\u00e4vi\u00e4, pehmeit\u00e4 ja mukavia. Rakenna itse vahva raapimispuu tai k\u00e4yt\u00e4 varaosana.\" \/>\n<meta name=\"robots\" content=\"index, follow, max-snippet:-1, max-image-preview:large, max-video-preview:-1\" \/>\n<link rel=\"canonical\" href=\"https:\/\/miumjau.ee\/lv\/tuote\/petrebels-zip-kvadratveida-karajamais-gulvietas-xl-45cm-balta\/\" \/>\n<meta property=\"og:locale\" content=\"fi_FI\" \/>\n<meta property=\"og:type\" content=\"article\" \/>\n<meta property=\"og:title\" content=\"Petrebels ZIP Square XL riippumatto 45 cm, valkoinen - MiuMjau\" \/>\n<meta property=\"og:description\" content=\"Petrebelsin riippumatot ovat todella laadukkaita, kest\u00e4vi\u00e4, pehmeit\u00e4 ja mukavia. Rakenna itse vahva raapimispuu tai k\u00e4yt\u00e4 varaosana.\" \/>\n<meta property=\"og:url\" content=\"https:\/\/miumjau.ee\/lv\/tuote\/petrebels-zip-kvadratveida-karajamais-gulvietas-xl-45cm-balta\/\" \/>\n<meta property=\"og:site_name\" content=\"MiuMjau\" \/>\n<meta property=\"article:publisher\" content=\"https:\/\/www.facebook.com\/miumjaupood\/\" \/>\n<meta property=\"article:modified_time\" content=\"2026-01-07T20:56:42+00:00\" \/>\n<meta property=\"og:image\" content=\"https:\/\/miumjau.ee\/wp-content\/uploads\/2024\/12\/rippkiik-petrebels-SQ-45cm-XL18.jpg\" \/>\n\t<meta property=\"og:image:width\" content=\"600\" \/>\n\t<meta property=\"og:image:height\" content=\"800\" \/>\n\t<meta property=\"og:image:type\" content=\"image\/jpeg\" \/>\n<meta name=\"twitter:card\" content=\"summary_large_image\" \/>\n<script type=\"application\/ld+json\" class=\"yoast-schema-graph\">{\"@context\":\"https:\/\/schema.org\",\"@graph\":[{\"@type\":\"WebPage\",\"@id\":\"https:\/\/miumjau.ee\/lv\/tuote\/petrebels-zip-kvadratveida-karajamais-gulvietas-xl-45cm-balta\/\",\"url\":\"https:\/\/miumjau.ee\/lv\/tuote\/petrebels-zip-kvadratveida-karajamais-gulvietas-xl-45cm-balta\/\",\"name\":\"Petrebels ZIP Square XL riippumatto 45 cm, valkoinen - MiuMjau\",\"isPartOf\":{\"@id\":\"https:\/\/miumjau.ee\/#website\"},\"primaryImageOfPage\":{\"@id\":\"https:\/\/miumjau.ee\/lv\/tuote\/petrebels-zip-kvadratveida-karajamais-gulvietas-xl-45cm-balta\/#primaryimage\"},\"image\":{\"@id\":\"https:\/\/miumjau.ee\/lv\/tuote\/petrebels-zip-kvadratveida-karajamais-gulvietas-xl-45cm-balta\/#primaryimage\"},\"thumbnailUrl\":\"https:\/\/miumjau.ee\/wp-content\/uploads\/2024\/12\/rippkiik-petrebels-SQ-45cm-XL18.jpg\",\"datePublished\":\"2024-12-13T18:52:39+00:00\",\"dateModified\":\"2026-01-07T20:56:42+00:00\",\"description\":\"Petrebelsin riippumatot ovat todella laadukkaita, kest\u00e4vi\u00e4, pehmeit\u00e4 ja mukavia. Rakenna itse vahva raapimispuu tai k\u00e4yt\u00e4 varaosana.\",\"breadcrumb\":{\"@id\":\"https:\/\/miumjau.ee\/lv\/tuote\/petrebels-zip-kvadratveida-karajamais-gulvietas-xl-45cm-balta\/#breadcrumb\"},\"inLanguage\":\"fi\",\"potentialAction\":[{\"@type\":\"ReadAction\",\"target\":[\"https:\/\/miumjau.ee\/lv\/tuote\/petrebels-zip-kvadratveida-karajamais-gulvietas-xl-45cm-balta\/\"]}]},{\"@type\":\"ImageObject\",\"inLanguage\":\"fi\",\"@id\":\"https:\/\/miumjau.ee\/lv\/tuote\/petrebels-zip-kvadratveida-karajamais-gulvietas-xl-45cm-balta\/#primaryimage\",\"url\":\"https:\/\/miumjau.ee\/wp-content\/uploads\/2024\/12\/rippkiik-petrebels-SQ-45cm-XL18.jpg\",\"contentUrl\":\"https:\/\/miumjau.ee\/wp-content\/uploads\/2024\/12\/rippkiik-petrebels-SQ-45cm-XL18.jpg\",\"width\":600,\"height\":800,\"caption\":\"Rippkiik pesa Petrebels SQ-45cm- XL\"},{\"@type\":\"BreadcrumbList\",\"@id\":\"https:\/\/miumjau.ee\/lv\/tuote\/petrebels-zip-kvadratveida-karajamais-gulvietas-xl-45cm-balta\/#breadcrumb\",\"itemListElement\":[{\"@type\":\"ListItem\",\"position\":1,\"name\":\"Home\",\"item\":\"https:\/\/miumjau.ee\/fi\/\"},{\"@type\":\"ListItem\",\"position\":2,\"name\":\"Kauppa\",\"item\":\"https:\/\/miumjau.ee\/fi\/kauppa\/\"},{\"@type\":\"ListItem\",\"position\":3,\"name\":\"Petrebels ZIP Square XL riippumatto 45 cm, valkoinen\"}]},{\"@type\":\"WebSite\",\"@id\":\"https:\/\/miumjau.ee\/#website\",\"url\":\"https:\/\/miumjau.ee\/\",\"name\":\"MiuMjau\",\"description\":\"Kraapimispuud kassidele\",\"publisher\":{\"@id\":\"https:\/\/miumjau.ee\/#organization\"},\"potentialAction\":[{\"@type\":\"SearchAction\",\"target\":{\"@type\":\"EntryPoint\",\"urlTemplate\":\"https:\/\/miumjau.ee\/?s={search_term_string}\"},\"query-input\":{\"@type\":\"PropertyValueSpecification\",\"valueRequired\":true,\"valueName\":\"search_term_string\"}}],\"inLanguage\":\"fi\"},{\"@type\":\"Organization\",\"@id\":\"https:\/\/miumjau.ee\/#organization\",\"name\":\"MiuMjau O\u00dc\",\"url\":\"https:\/\/miumjau.ee\/\",\"logo\":{\"@type\":\"ImageObject\",\"inLanguage\":\"fi\",\"@id\":\"https:\/\/miumjau.ee\/#\/schema\/logo\/image\/\",\"url\":\"https:\/\/miumjau.ee\/wp-content\/uploads\/2022\/04\/MiuMjau-logo-kollane.png\",\"contentUrl\":\"https:\/\/miumjau.ee\/wp-content\/uploads\/2022\/04\/MiuMjau-logo-kollane.png\",\"width\":219,\"height\":100,\"caption\":\"MiuMjau O\u00dc\"},\"image\":{\"@id\":\"https:\/\/miumjau.ee\/#\/schema\/logo\/image\/\"},\"sameAs\":[\"https:\/\/www.facebook.com\/miumjaupood\/\"]}]}<\/script>\n<!-- \/ Yoast SEO plugin. -->","yoast_head_json":{"title":"Petrebels ZIP Square XL riippumatto 45 cm, valkoinen - MiuMjau","description":"Petrebelsin riippumatot ovat todella laadukkaita, kest\u00e4vi\u00e4, pehmeit\u00e4 ja mukavia. Rakenna itse vahva raapimispuu tai k\u00e4yt\u00e4 varaosana.","robots":{"index":"index","follow":"follow","max-snippet":"max-snippet:-1","max-image-preview":"max-image-preview:large","max-video-preview":"max-video-preview:-1"},"canonical":"https:\/\/miumjau.ee\/lv\/tuote\/petrebels-zip-kvadratveida-karajamais-gulvietas-xl-45cm-balta\/","og_locale":"fi_FI","og_type":"article","og_title":"Petrebels ZIP Square XL riippumatto 45 cm, valkoinen - MiuMjau","og_description":"Petrebelsin riippumatot ovat todella laadukkaita, kest\u00e4vi\u00e4, pehmeit\u00e4 ja mukavia. Rakenna itse vahva raapimispuu tai k\u00e4yt\u00e4 varaosana.","og_url":"https:\/\/miumjau.ee\/lv\/tuote\/petrebels-zip-kvadratveida-karajamais-gulvietas-xl-45cm-balta\/","og_site_name":"MiuMjau","article_publisher":"https:\/\/www.facebook.com\/miumjaupood\/","article_modified_time":"2026-01-07T20:56:42+00:00","og_image":[{"width":600,"height":800,"url":"https:\/\/miumjau.ee\/wp-content\/uploads\/2024\/12\/rippkiik-petrebels-SQ-45cm-XL18.jpg","type":"image\/jpeg"}],"twitter_card":"summary_large_image","schema":{"@context":"https:\/\/schema.org","@graph":[{"@type":"WebPage","@id":"https:\/\/miumjau.ee\/lv\/tuote\/petrebels-zip-kvadratveida-karajamais-gulvietas-xl-45cm-balta\/","url":"https:\/\/miumjau.ee\/lv\/tuote\/petrebels-zip-kvadratveida-karajamais-gulvietas-xl-45cm-balta\/","name":"Petrebels ZIP Square XL riippumatto 45 cm, valkoinen - MiuMjau","isPartOf":{"@id":"https:\/\/miumjau.ee\/#website"},"primaryImageOfPage":{"@id":"https:\/\/miumjau.ee\/lv\/tuote\/petrebels-zip-kvadratveida-karajamais-gulvietas-xl-45cm-balta\/#primaryimage"},"image":{"@id":"https:\/\/miumjau.ee\/lv\/tuote\/petrebels-zip-kvadratveida-karajamais-gulvietas-xl-45cm-balta\/#primaryimage"},"thumbnailUrl":"https:\/\/miumjau.ee\/wp-content\/uploads\/2024\/12\/rippkiik-petrebels-SQ-45cm-XL18.jpg","datePublished":"2024-12-13T18:52:39+00:00","dateModified":"2026-01-07T20:56:42+00:00","description":"Petrebelsin riippumatot ovat todella laadukkaita, kest\u00e4vi\u00e4, pehmeit\u00e4 ja mukavia. Rakenna itse vahva raapimispuu tai k\u00e4yt\u00e4 varaosana.","breadcrumb":{"@id":"https:\/\/miumjau.ee\/lv\/tuote\/petrebels-zip-kvadratveida-karajamais-gulvietas-xl-45cm-balta\/#breadcrumb"},"inLanguage":"fi","potentialAction":[{"@type":"ReadAction","target":["https:\/\/miumjau.ee\/lv\/tuote\/petrebels-zip-kvadratveida-karajamais-gulvietas-xl-45cm-balta\/"]}]},{"@type":"ImageObject","inLanguage":"fi","@id":"https:\/\/miumjau.ee\/lv\/tuote\/petrebels-zip-kvadratveida-karajamais-gulvietas-xl-45cm-balta\/#primaryimage","url":"https:\/\/miumjau.ee\/wp-content\/uploads\/2024\/12\/rippkiik-petrebels-SQ-45cm-XL18.jpg","contentUrl":"https:\/\/miumjau.ee\/wp-content\/uploads\/2024\/12\/rippkiik-petrebels-SQ-45cm-XL18.jpg","width":600,"height":800,"caption":"Rippkiik pesa Petrebels SQ-45cm- XL"},{"@type":"BreadcrumbList","@id":"https:\/\/miumjau.ee\/lv\/tuote\/petrebels-zip-kvadratveida-karajamais-gulvietas-xl-45cm-balta\/#breadcrumb","itemListElement":[{"@type":"ListItem","position":1,"name":"Home","item":"https:\/\/miumjau.ee\/fi\/"},{"@type":"ListItem","position":2,"name":"Kauppa","item":"https:\/\/miumjau.ee\/fi\/kauppa\/"},{"@type":"ListItem","position":3,"name":"Petrebels ZIP Square XL riippumatto 45 cm, valkoinen"}]},{"@type":"WebSite","@id":"https:\/\/miumjau.ee\/#website","url":"https:\/\/miumjau.ee\/","name":"MiuMjau","description":"Kraapimispuud kassidele","publisher":{"@id":"https:\/\/miumjau.ee\/#organization"},"potentialAction":[{"@type":"SearchAction","target":{"@type":"EntryPoint","urlTemplate":"https:\/\/miumjau.ee\/?s={search_term_string}"},"query-input":{"@type":"PropertyValueSpecification","valueRequired":true,"valueName":"search_term_string"}}],"inLanguage":"fi"},{"@type":"Organization","@id":"https:\/\/miumjau.ee\/#organization","name":"MiuMjau O\u00dc","url":"https:\/\/miumjau.ee\/","logo":{"@type":"ImageObject","inLanguage":"fi","@id":"https:\/\/miumjau.ee\/#\/schema\/logo\/image\/","url":"https:\/\/miumjau.ee\/wp-content\/uploads\/2022\/04\/MiuMjau-logo-kollane.png","contentUrl":"https:\/\/miumjau.ee\/wp-content\/uploads\/2022\/04\/MiuMjau-logo-kollane.png","width":219,"height":100,"caption":"MiuMjau O\u00dc"},"image":{"@id":"https:\/\/miumjau.ee\/#\/schema\/logo\/image\/"},"sameAs":["https:\/\/www.facebook.com\/miumjaupood\/"]}]}},"_links":{"self":[{"href":"https:\/\/miumjau.ee\/fi\/wp-json\/wp\/v2\/product\/28131","targetHints":{"allow":["GET"]}}],"collection":[{"href":"https:\/\/miumjau.ee\/fi\/wp-json\/wp\/v2\/product"}],"about":[{"href":"https:\/\/miumjau.ee\/fi\/wp-json\/wp\/v2\/types\/product"}],"wp:featuredmedia":[{"embeddable":true,"href":"https:\/\/miumjau.ee\/fi\/wp-json\/wp\/v2\/media\/25317"}],"wp:attachment":[{"href":"https:\/\/miumjau.ee\/fi\/wp-json\/wp\/v2\/media?parent=28131"}],"wp:term":[{"taxonomy":"product_brand","embeddable":true,"href":"https:\/\/miumjau.ee\/fi\/wp-json\/wp\/v2\/product_brand?post=28131"},{"taxonomy":"product_cat","embeddable":true,"href":"https:\/\/miumjau.ee\/fi\/wp-json\/wp\/v2\/product_cat?post=28131"},{"taxonomy":"product_tag","embeddable":true,"href":"https:\/\/miumjau.ee\/fi\/wp-json\/wp\/v2\/product_tag?post=28131"}],"curies":[{"name":"wp","href":"https:\/\/api.w.org\/{rel}","templated":true}]}}