{"id":28130,"date":"2024-12-20T14:42:50","date_gmt":"2024-12-20T12:42:50","guid":{"rendered":"https:\/\/miumjau.ee\/toode\/petrebels-sleeper-l-riippumatto-40-cm-harmaa\/"},"modified":"2026-01-07T22:56:49","modified_gmt":"2026-01-07T20:56:49","slug":"petrebels-sleeper-l-riippumatto-40-cm-harmaa","status":"publish","type":"product","link":"https:\/\/miumjau.ee\/fi\/tuote\/petrebels-sleeper-l-riippumatto-40-cm-harmaa\/","title":{"rendered":"Petrebels Sleeper L riippumatto 40 cm, harmaa"},"content":{"rendered":"<p><br data-mce-bogus=\"1\"><\/p>\n","protected":false},"excerpt":{"rendered":"<p data-start=\"0\" data-end=\"513\">T\u00e4m\u00e4 suuri Sleeper ZIP -riippumatto on valmistettu eritt\u00e4in pehme\u00e4st\u00e4 ja laadukkaasta plyysist\u00e4 ja on t\u00e4ydellisen py\u00f6re\u00e4n muotoinen. T\u00e4ydellinen paikka kissoille rentoutumiseen! On eritt\u00e4in todenn\u00e4k\u00f6ist\u00e4, ett\u00e4 kapinallinen kissasi l\u00f6yt\u00e4\u00e4 siit\u00e4 joka p\u00e4iv\u00e4 paikan p\u00e4iv\u00e4unille tai syv\u00e4\u00e4n uneen. Ja voi k\u00e4yd\u00e4 niin, ett\u00e4 jonkin ajan kuluttua tarvitset uuden riippumaton, vaikka raapimispuu olisi edelleen erinomaisessa kunnossa. Siksi myymme aina jokaisen osan erikseen \u2013 hyv\u00e4ksi sek\u00e4 lompakollesi ett\u00e4 ymp\u00e4rist\u00f6lle.<\/p>\n<p data-start=\"515\" data-end=\"834\" data-is-last-node=\"\" data-is-only-node=\"\"><strong data-start=\"515\" data-end=\"525\">Mitat:<\/strong> \u00f8 40 cm<br data-start=\"533\" data-end=\"536\" data-is-only-node=\"\" \/><strong data-start=\"536\" data-end=\"560\">Sopii sisaltolpille:<\/strong> \u00f8 9 cm ja \u00f8 12 cm<br data-start=\"578\" data-end=\"581\" \/><strong data-start=\"581\" data-end=\"625\">Vetoketjullinen, konepest\u00e4v\u00e4 30 asteessa<\/strong><br data-start=\"625\" data-end=\"628\" \/><strong data-start=\"628\" data-end=\"687\">Sopii kaikille kissoille, jotka painavat enint\u00e4\u00e4n 15 kg<\/strong><br data-start=\"687\" data-end=\"690\" \/><strong data-start=\"690\" data-end=\"701\">Vinkki:<\/strong> Muista, ett\u00e4 riippumaton metallikehikon paksuuden vuoksi raapimispuu ei v\u00e4ltt\u00e4m\u00e4tt\u00e4 seiso t\u00e4ysin suorassa, jos lis\u00e4\u00e4t sen lis\u00e4osana.<\/p>\n","protected":false},"featured_media":25602,"template":"","meta":[],"product_brand":[],"product_cat":[262],"product_tag":[],"class_list":{"0":"post-28130","1":"product","2":"type-product","3":"status-publish","4":"has-post-thumbnail","6":"product_cat-varaosat","7":"product_shipping_class-pakiautomaati-sobimatu-fi","9":"first","10":"outofstock","11":"taxable","12":"shipping-taxable","13":"purchasable","14":"product-type-simple"},"yoast_head":"<!-- This site is optimized with the Yoast SEO plugin v27.2 - https:\/\/yoast.com\/product\/yoast-seo-wordpress\/ -->\n<title>Petrebels Sleeper L riippumatto 40 cm, harmaa - MiuMjau<\/title>\n<meta name=\"description\" content=\"Petrebelsin riippumatot ovat todella laadukkaita, kest\u00e4vi\u00e4, pehmeit\u00e4 ja mukavia. Rakenna itse vahva raapimispuu tai k\u00e4yt\u00e4 varaosana.\" \/>\n<meta name=\"robots\" content=\"index, follow, max-snippet:-1, max-image-preview:large, max-video-preview:-1\" \/>\n<link rel=\"canonical\" href=\"https:\/\/miumjau.ee\/lv\/tuote\/petrebels-l-karajama-gulvieta-sleeper-l-40cm-grey\/\" \/>\n<meta property=\"og:locale\" content=\"fi_FI\" \/>\n<meta property=\"og:type\" content=\"article\" \/>\n<meta property=\"og:title\" content=\"Petrebels Sleeper L riippumatto 40 cm, harmaa - MiuMjau\" \/>\n<meta property=\"og:description\" content=\"Petrebelsin riippumatot ovat todella laadukkaita, kest\u00e4vi\u00e4, pehmeit\u00e4 ja mukavia. Rakenna itse vahva raapimispuu tai k\u00e4yt\u00e4 varaosana.\" \/>\n<meta property=\"og:url\" content=\"https:\/\/miumjau.ee\/lv\/tuote\/petrebels-l-karajama-gulvieta-sleeper-l-40cm-grey\/\" \/>\n<meta property=\"og:site_name\" content=\"MiuMjau\" \/>\n<meta property=\"article:publisher\" content=\"https:\/\/www.facebook.com\/miumjaupood\/\" \/>\n<meta property=\"article:modified_time\" content=\"2026-01-07T20:56:49+00:00\" \/>\n<meta property=\"og:image\" content=\"https:\/\/miumjau.ee\/wp-content\/uploads\/2024\/12\/rippkiik-petrebels-zip-L8.jpg\" \/>\n\t<meta property=\"og:image:width\" content=\"600\" \/>\n\t<meta property=\"og:image:height\" content=\"800\" \/>\n\t<meta property=\"og:image:type\" content=\"image\/jpeg\" \/>\n<meta name=\"twitter:card\" content=\"summary_large_image\" \/>\n<script type=\"application\/ld+json\" class=\"yoast-schema-graph\">{\"@context\":\"https:\/\/schema.org\",\"@graph\":[{\"@type\":\"WebPage\",\"@id\":\"https:\/\/miumjau.ee\/lv\/tuote\/petrebels-l-karajama-gulvieta-sleeper-l-40cm-grey\/\",\"url\":\"https:\/\/miumjau.ee\/lv\/tuote\/petrebels-l-karajama-gulvieta-sleeper-l-40cm-grey\/\",\"name\":\"Petrebels Sleeper L riippumatto 40 cm, harmaa - MiuMjau\",\"isPartOf\":{\"@id\":\"https:\/\/miumjau.ee\/#website\"},\"primaryImageOfPage\":{\"@id\":\"https:\/\/miumjau.ee\/lv\/tuote\/petrebels-l-karajama-gulvieta-sleeper-l-40cm-grey\/#primaryimage\"},\"image\":{\"@id\":\"https:\/\/miumjau.ee\/lv\/tuote\/petrebels-l-karajama-gulvieta-sleeper-l-40cm-grey\/#primaryimage\"},\"thumbnailUrl\":\"https:\/\/miumjau.ee\/wp-content\/uploads\/2024\/12\/rippkiik-petrebels-zip-L8.jpg\",\"datePublished\":\"2024-12-20T12:42:50+00:00\",\"dateModified\":\"2026-01-07T20:56:49+00:00\",\"description\":\"Petrebelsin riippumatot ovat todella laadukkaita, kest\u00e4vi\u00e4, pehmeit\u00e4 ja mukavia. Rakenna itse vahva raapimispuu tai k\u00e4yt\u00e4 varaosana.\",\"breadcrumb\":{\"@id\":\"https:\/\/miumjau.ee\/lv\/tuote\/petrebels-l-karajama-gulvieta-sleeper-l-40cm-grey\/#breadcrumb\"},\"inLanguage\":\"fi\",\"potentialAction\":[{\"@type\":\"ReadAction\",\"target\":[\"https:\/\/miumjau.ee\/lv\/tuote\/petrebels-l-karajama-gulvieta-sleeper-l-40cm-grey\/\"]}]},{\"@type\":\"ImageObject\",\"inLanguage\":\"fi\",\"@id\":\"https:\/\/miumjau.ee\/lv\/tuote\/petrebels-l-karajama-gulvieta-sleeper-l-40cm-grey\/#primaryimage\",\"url\":\"https:\/\/miumjau.ee\/wp-content\/uploads\/2024\/12\/rippkiik-petrebels-zip-L8.jpg\",\"contentUrl\":\"https:\/\/miumjau.ee\/wp-content\/uploads\/2024\/12\/rippkiik-petrebels-zip-L8.jpg\",\"width\":600,\"height\":800,\"caption\":\"Rippkiik Petrebels Sleeper L 40 cm\"},{\"@type\":\"BreadcrumbList\",\"@id\":\"https:\/\/miumjau.ee\/lv\/tuote\/petrebels-l-karajama-gulvieta-sleeper-l-40cm-grey\/#breadcrumb\",\"itemListElement\":[{\"@type\":\"ListItem\",\"position\":1,\"name\":\"Home\",\"item\":\"https:\/\/miumjau.ee\/fi\/\"},{\"@type\":\"ListItem\",\"position\":2,\"name\":\"Kauppa\",\"item\":\"https:\/\/miumjau.ee\/fi\/kauppa\/\"},{\"@type\":\"ListItem\",\"position\":3,\"name\":\"Petrebels Sleeper L riippumatto 40 cm, harmaa\"}]},{\"@type\":\"WebSite\",\"@id\":\"https:\/\/miumjau.ee\/#website\",\"url\":\"https:\/\/miumjau.ee\/\",\"name\":\"MiuMjau\",\"description\":\"Kraapimispuud kassidele\",\"publisher\":{\"@id\":\"https:\/\/miumjau.ee\/#organization\"},\"potentialAction\":[{\"@type\":\"SearchAction\",\"target\":{\"@type\":\"EntryPoint\",\"urlTemplate\":\"https:\/\/miumjau.ee\/?s={search_term_string}\"},\"query-input\":{\"@type\":\"PropertyValueSpecification\",\"valueRequired\":true,\"valueName\":\"search_term_string\"}}],\"inLanguage\":\"fi\"},{\"@type\":\"Organization\",\"@id\":\"https:\/\/miumjau.ee\/#organization\",\"name\":\"MiuMjau O\u00dc\",\"url\":\"https:\/\/miumjau.ee\/\",\"logo\":{\"@type\":\"ImageObject\",\"inLanguage\":\"fi\",\"@id\":\"https:\/\/miumjau.ee\/#\/schema\/logo\/image\/\",\"url\":\"https:\/\/miumjau.ee\/wp-content\/uploads\/2022\/04\/MiuMjau-logo-kollane.png\",\"contentUrl\":\"https:\/\/miumjau.ee\/wp-content\/uploads\/2022\/04\/MiuMjau-logo-kollane.png\",\"width\":219,\"height\":100,\"caption\":\"MiuMjau O\u00dc\"},\"image\":{\"@id\":\"https:\/\/miumjau.ee\/#\/schema\/logo\/image\/\"},\"sameAs\":[\"https:\/\/www.facebook.com\/miumjaupood\/\"]}]}<\/script>\n<!-- \/ Yoast SEO plugin. -->","yoast_head_json":{"title":"Petrebels Sleeper L riippumatto 40 cm, harmaa - MiuMjau","description":"Petrebelsin riippumatot ovat todella laadukkaita, kest\u00e4vi\u00e4, pehmeit\u00e4 ja mukavia. Rakenna itse vahva raapimispuu tai k\u00e4yt\u00e4 varaosana.","robots":{"index":"index","follow":"follow","max-snippet":"max-snippet:-1","max-image-preview":"max-image-preview:large","max-video-preview":"max-video-preview:-1"},"canonical":"https:\/\/miumjau.ee\/lv\/tuote\/petrebels-l-karajama-gulvieta-sleeper-l-40cm-grey\/","og_locale":"fi_FI","og_type":"article","og_title":"Petrebels Sleeper L riippumatto 40 cm, harmaa - MiuMjau","og_description":"Petrebelsin riippumatot ovat todella laadukkaita, kest\u00e4vi\u00e4, pehmeit\u00e4 ja mukavia. Rakenna itse vahva raapimispuu tai k\u00e4yt\u00e4 varaosana.","og_url":"https:\/\/miumjau.ee\/lv\/tuote\/petrebels-l-karajama-gulvieta-sleeper-l-40cm-grey\/","og_site_name":"MiuMjau","article_publisher":"https:\/\/www.facebook.com\/miumjaupood\/","article_modified_time":"2026-01-07T20:56:49+00:00","og_image":[{"width":600,"height":800,"url":"https:\/\/miumjau.ee\/wp-content\/uploads\/2024\/12\/rippkiik-petrebels-zip-L8.jpg","type":"image\/jpeg"}],"twitter_card":"summary_large_image","schema":{"@context":"https:\/\/schema.org","@graph":[{"@type":"WebPage","@id":"https:\/\/miumjau.ee\/lv\/tuote\/petrebels-l-karajama-gulvieta-sleeper-l-40cm-grey\/","url":"https:\/\/miumjau.ee\/lv\/tuote\/petrebels-l-karajama-gulvieta-sleeper-l-40cm-grey\/","name":"Petrebels Sleeper L riippumatto 40 cm, harmaa - MiuMjau","isPartOf":{"@id":"https:\/\/miumjau.ee\/#website"},"primaryImageOfPage":{"@id":"https:\/\/miumjau.ee\/lv\/tuote\/petrebels-l-karajama-gulvieta-sleeper-l-40cm-grey\/#primaryimage"},"image":{"@id":"https:\/\/miumjau.ee\/lv\/tuote\/petrebels-l-karajama-gulvieta-sleeper-l-40cm-grey\/#primaryimage"},"thumbnailUrl":"https:\/\/miumjau.ee\/wp-content\/uploads\/2024\/12\/rippkiik-petrebels-zip-L8.jpg","datePublished":"2024-12-20T12:42:50+00:00","dateModified":"2026-01-07T20:56:49+00:00","description":"Petrebelsin riippumatot ovat todella laadukkaita, kest\u00e4vi\u00e4, pehmeit\u00e4 ja mukavia. Rakenna itse vahva raapimispuu tai k\u00e4yt\u00e4 varaosana.","breadcrumb":{"@id":"https:\/\/miumjau.ee\/lv\/tuote\/petrebels-l-karajama-gulvieta-sleeper-l-40cm-grey\/#breadcrumb"},"inLanguage":"fi","potentialAction":[{"@type":"ReadAction","target":["https:\/\/miumjau.ee\/lv\/tuote\/petrebels-l-karajama-gulvieta-sleeper-l-40cm-grey\/"]}]},{"@type":"ImageObject","inLanguage":"fi","@id":"https:\/\/miumjau.ee\/lv\/tuote\/petrebels-l-karajama-gulvieta-sleeper-l-40cm-grey\/#primaryimage","url":"https:\/\/miumjau.ee\/wp-content\/uploads\/2024\/12\/rippkiik-petrebels-zip-L8.jpg","contentUrl":"https:\/\/miumjau.ee\/wp-content\/uploads\/2024\/12\/rippkiik-petrebels-zip-L8.jpg","width":600,"height":800,"caption":"Rippkiik Petrebels Sleeper L 40 cm"},{"@type":"BreadcrumbList","@id":"https:\/\/miumjau.ee\/lv\/tuote\/petrebels-l-karajama-gulvieta-sleeper-l-40cm-grey\/#breadcrumb","itemListElement":[{"@type":"ListItem","position":1,"name":"Home","item":"https:\/\/miumjau.ee\/fi\/"},{"@type":"ListItem","position":2,"name":"Kauppa","item":"https:\/\/miumjau.ee\/fi\/kauppa\/"},{"@type":"ListItem","position":3,"name":"Petrebels Sleeper L riippumatto 40 cm, harmaa"}]},{"@type":"WebSite","@id":"https:\/\/miumjau.ee\/#website","url":"https:\/\/miumjau.ee\/","name":"MiuMjau","description":"Kraapimispuud kassidele","publisher":{"@id":"https:\/\/miumjau.ee\/#organization"},"potentialAction":[{"@type":"SearchAction","target":{"@type":"EntryPoint","urlTemplate":"https:\/\/miumjau.ee\/?s={search_term_string}"},"query-input":{"@type":"PropertyValueSpecification","valueRequired":true,"valueName":"search_term_string"}}],"inLanguage":"fi"},{"@type":"Organization","@id":"https:\/\/miumjau.ee\/#organization","name":"MiuMjau O\u00dc","url":"https:\/\/miumjau.ee\/","logo":{"@type":"ImageObject","inLanguage":"fi","@id":"https:\/\/miumjau.ee\/#\/schema\/logo\/image\/","url":"https:\/\/miumjau.ee\/wp-content\/uploads\/2022\/04\/MiuMjau-logo-kollane.png","contentUrl":"https:\/\/miumjau.ee\/wp-content\/uploads\/2022\/04\/MiuMjau-logo-kollane.png","width":219,"height":100,"caption":"MiuMjau O\u00dc"},"image":{"@id":"https:\/\/miumjau.ee\/#\/schema\/logo\/image\/"},"sameAs":["https:\/\/www.facebook.com\/miumjaupood\/"]}]}},"_links":{"self":[{"href":"https:\/\/miumjau.ee\/fi\/wp-json\/wp\/v2\/product\/28130","targetHints":{"allow":["GET"]}}],"collection":[{"href":"https:\/\/miumjau.ee\/fi\/wp-json\/wp\/v2\/product"}],"about":[{"href":"https:\/\/miumjau.ee\/fi\/wp-json\/wp\/v2\/types\/product"}],"wp:featuredmedia":[{"embeddable":true,"href":"https:\/\/miumjau.ee\/fi\/wp-json\/wp\/v2\/media\/25602"}],"wp:attachment":[{"href":"https:\/\/miumjau.ee\/fi\/wp-json\/wp\/v2\/media?parent=28130"}],"wp:term":[{"taxonomy":"product_brand","embeddable":true,"href":"https:\/\/miumjau.ee\/fi\/wp-json\/wp\/v2\/product_brand?post=28130"},{"taxonomy":"product_cat","embeddable":true,"href":"https:\/\/miumjau.ee\/fi\/wp-json\/wp\/v2\/product_cat?post=28130"},{"taxonomy":"product_tag","embeddable":true,"href":"https:\/\/miumjau.ee\/fi\/wp-json\/wp\/v2\/product_tag?post=28130"}],"curies":[{"name":"wp","href":"https:\/\/api.w.org\/{rel}","templated":true}]}}