{"id":28126,"date":"2024-12-20T10:41:36","date_gmt":"2024-12-20T08:41:36","guid":{"rendered":"https:\/\/miumjau.ee\/toode\/petrebels-square-l-riippumatto-harmaa\/"},"modified":"2026-01-07T22:56:49","modified_gmt":"2026-01-07T20:56:49","slug":"petrebels-square-l-riippumatto-harmaa","status":"publish","type":"product","link":"https:\/\/miumjau.ee\/fi\/tuote\/petrebels-square-l-riippumatto-harmaa\/","title":{"rendered":"Petrebels Square L riippumatto, harmaa"},"content":{"rendered":"","protected":false},"excerpt":{"rendered":"<div class=\"flex-1 overflow-hidden @container\/thread translate-y-[2rem] -mt-[2rem] pb-[1.5rem]\">\n<div class=\"relative h-full\">\n<div class=\"flex h-full flex-col overflow-y-auto [scrollbar-gutter:stable]\">\n<div class=\"flex flex-col text-sm\">\n<article class=\"w-full text-token-text-primary focus-visible:outline-2 focus-visible:outline-offset-[-4px]\" dir=\"auto\" data-testid=\"conversation-turn-19\" data-scroll-anchor=\"true\">\n<div class=\"m-auto text-base py-[18px] px-6\">\n<div class=\"mx-auto flex flex-1 text-base gap-4 md:gap-5 lg:gap-6 md:max-w-3xl\">\n<div class=\"group\/conversation-turn relative flex w-full min-w-0 flex-col agent-turn @xs\/thread:px-0 @sm\/thread:px-1.5 @md\/thread:px-4\">\n<div class=\"flex-col gap-1 md:gap-3\">\n<div class=\"flex max-w-full flex-col flex-grow\">\n<div class=\"min-h-8 text-message relative flex w-full flex-col items-end gap-2 whitespace-normal break-words text-start [.text-message+&amp;]:mt-5\" dir=\"auto\" data-message-author-role=\"assistant\" data-message-id=\"5361b3ea-ce17-4890-9307-130457e68ceb\" data-message-model-slug=\"gpt-4o\">\n<div class=\"flex w-full flex-col gap-1 empty:hidden first:pt-[3px]\">\n<div class=\"markdown prose w-full break-words dark:prose-invert light\">\n<p data-start=\"0\" data-end=\"502\">Petrebelsin neliskulmainen riippumatto on suunniteltu erityisesti Norjan mets\u00e4kissoille, Maine Cooneille, Ragdolleille ja muille suurille kissaroduille. Tilavan kokonsa ja tikatun kankaan ansiosta t\u00e4m\u00e4 riippumatto kest\u00e4\u00e4 jopa 15 kiloa! Mutta tietenkin mik\u00e4 tahansa kissa on tervetullut nauttimaan kauneusunista t\u00e4ss\u00e4 superylellisess\u00e4 riippumatossa. Kuinka ihanaa onkaan v\u00e4lill\u00e4 venytell\u00e4 t\u00e4ysin vapaasti? Anna kapinallisellesi rentoutumisen tunne ja muuta sen raapimispuu mukavaksi lepo\u00adparatiisiksi!<\/p>\n<p data-start=\"504\" data-end=\"836\" data-is-last-node=\"\" data-is-only-node=\"\"><strong data-start=\"504\" data-end=\"514\">Sopii:<\/strong> kaikille kissoille<br data-start=\"533\" data-end=\"536\" data-is-only-node=\"\" \/><strong data-start=\"536\" data-end=\"546\">Mitat:<\/strong> 40 x 40 cm<br data-start=\"557\" data-end=\"560\" \/><strong data-start=\"560\" data-end=\"587\">Sopii raapimistolppiin:<\/strong> \u00d8 12 cm, \u00d8 15 cm ja \u00d8 20 cm<br data-start=\"615\" data-end=\"618\" \/><strong data-start=\"618\" data-end=\"662\">Vetoketjullinen, konepest\u00e4v\u00e4 30 asteessa<\/strong><br data-start=\"662\" data-end=\"665\" \/><strong data-start=\"665\" data-end=\"676\">Vinkki:<\/strong> Muista, ett\u00e4 riippumaton metallikehikon paksuuden vuoksi raapimispuu ei v\u00e4ltt\u00e4m\u00e4tt\u00e4 seiso t\u00e4ysin suorassa. T\u00e4m\u00e4 on hyv\u00e4 huomioida rakennettaessa kokonaisuutta.<\/p>\n<\/div>\n<\/div>\n<\/div>\n<\/div>\n<\/div>\n<\/div>\n<\/div>\n<\/div>\n<\/article>\n<\/div>\n<\/div>\n<\/div>\n<\/div>\n","protected":false},"featured_media":25520,"template":"","meta":[],"product_brand":[],"product_cat":[262],"product_tag":[],"class_list":{"0":"post-28126","1":"product","2":"type-product","3":"status-publish","4":"has-post-thumbnail","6":"product_cat-varaosat","7":"product_shipping_class-pakiautomaati-sobimatu-fi","9":"first","10":"outofstock","11":"taxable","12":"shipping-taxable","13":"purchasable","14":"product-type-simple"},"yoast_head":"<!-- This site is optimized with the Yoast SEO plugin v27.2 - https:\/\/yoast.com\/product\/yoast-seo-wordpress\/ -->\n<title>Petrebels Square L riippumatto, harmaa - MiuMjau<\/title>\n<meta name=\"description\" content=\"Petrebelsin riippumatot ovat todella laadukkaita, kest\u00e4vi\u00e4, pehmeit\u00e4 ja mukavia. Rakenna itse vahva raapimispuu tai k\u00e4yt\u00e4 varaosana.\" \/>\n<meta name=\"robots\" content=\"index, follow, max-snippet:-1, max-image-preview:large, max-video-preview:-1\" \/>\n<link rel=\"canonical\" href=\"https:\/\/miumjau.ee\/lv\/tuote\/petrebels-kvadratveida-karajama-gulvieta-square-l-grey\/\" \/>\n<meta property=\"og:locale\" content=\"fi_FI\" \/>\n<meta property=\"og:type\" content=\"article\" \/>\n<meta property=\"og:title\" content=\"Petrebels Square L riippumatto, harmaa - MiuMjau\" \/>\n<meta property=\"og:description\" content=\"Petrebelsin riippumatot ovat todella laadukkaita, kest\u00e4vi\u00e4, pehmeit\u00e4 ja mukavia. Rakenna itse vahva raapimispuu tai k\u00e4yt\u00e4 varaosana.\" \/>\n<meta property=\"og:url\" content=\"https:\/\/miumjau.ee\/lv\/tuote\/petrebels-kvadratveida-karajama-gulvieta-square-l-grey\/\" \/>\n<meta property=\"og:site_name\" content=\"MiuMjau\" \/>\n<meta property=\"article:publisher\" content=\"https:\/\/www.facebook.com\/miumjaupood\/\" \/>\n<meta property=\"article:modified_time\" content=\"2026-01-07T20:56:49+00:00\" \/>\n<meta property=\"og:image\" content=\"https:\/\/miumjau.ee\/wp-content\/uploads\/2024\/12\/rippkiik-sleeper-square-L18.jpg\" \/>\n\t<meta property=\"og:image:width\" content=\"600\" \/>\n\t<meta property=\"og:image:height\" content=\"800\" \/>\n\t<meta property=\"og:image:type\" content=\"image\/jpeg\" \/>\n<meta name=\"twitter:card\" content=\"summary_large_image\" \/>\n<script type=\"application\/ld+json\" class=\"yoast-schema-graph\">{\"@context\":\"https:\/\/schema.org\",\"@graph\":[{\"@type\":\"WebPage\",\"@id\":\"https:\/\/miumjau.ee\/lv\/tuote\/petrebels-kvadratveida-karajama-gulvieta-square-l-grey\/\",\"url\":\"https:\/\/miumjau.ee\/lv\/tuote\/petrebels-kvadratveida-karajama-gulvieta-square-l-grey\/\",\"name\":\"Petrebels Square L riippumatto, harmaa - MiuMjau\",\"isPartOf\":{\"@id\":\"https:\/\/miumjau.ee\/#website\"},\"primaryImageOfPage\":{\"@id\":\"https:\/\/miumjau.ee\/lv\/tuote\/petrebels-kvadratveida-karajama-gulvieta-square-l-grey\/#primaryimage\"},\"image\":{\"@id\":\"https:\/\/miumjau.ee\/lv\/tuote\/petrebels-kvadratveida-karajama-gulvieta-square-l-grey\/#primaryimage\"},\"thumbnailUrl\":\"https:\/\/miumjau.ee\/wp-content\/uploads\/2024\/12\/rippkiik-sleeper-square-L18.jpg\",\"datePublished\":\"2024-12-20T08:41:36+00:00\",\"dateModified\":\"2026-01-07T20:56:49+00:00\",\"description\":\"Petrebelsin riippumatot ovat todella laadukkaita, kest\u00e4vi\u00e4, pehmeit\u00e4 ja mukavia. Rakenna itse vahva raapimispuu tai k\u00e4yt\u00e4 varaosana.\",\"breadcrumb\":{\"@id\":\"https:\/\/miumjau.ee\/lv\/tuote\/petrebels-kvadratveida-karajama-gulvieta-square-l-grey\/#breadcrumb\"},\"inLanguage\":\"fi\",\"potentialAction\":[{\"@type\":\"ReadAction\",\"target\":[\"https:\/\/miumjau.ee\/lv\/tuote\/petrebels-kvadratveida-karajama-gulvieta-square-l-grey\/\"]}]},{\"@type\":\"ImageObject\",\"inLanguage\":\"fi\",\"@id\":\"https:\/\/miumjau.ee\/lv\/tuote\/petrebels-kvadratveida-karajama-gulvieta-square-l-grey\/#primaryimage\",\"url\":\"https:\/\/miumjau.ee\/wp-content\/uploads\/2024\/12\/rippkiik-sleeper-square-L18.jpg\",\"contentUrl\":\"https:\/\/miumjau.ee\/wp-content\/uploads\/2024\/12\/rippkiik-sleeper-square-L18.jpg\",\"width\":600,\"height\":800,\"caption\":\"Rippkiik Petrebels Square L, grey\"},{\"@type\":\"BreadcrumbList\",\"@id\":\"https:\/\/miumjau.ee\/lv\/tuote\/petrebels-kvadratveida-karajama-gulvieta-square-l-grey\/#breadcrumb\",\"itemListElement\":[{\"@type\":\"ListItem\",\"position\":1,\"name\":\"Home\",\"item\":\"https:\/\/miumjau.ee\/fi\/\"},{\"@type\":\"ListItem\",\"position\":2,\"name\":\"Kauppa\",\"item\":\"https:\/\/miumjau.ee\/fi\/kauppa\/\"},{\"@type\":\"ListItem\",\"position\":3,\"name\":\"Petrebels Square L riippumatto, harmaa\"}]},{\"@type\":\"WebSite\",\"@id\":\"https:\/\/miumjau.ee\/#website\",\"url\":\"https:\/\/miumjau.ee\/\",\"name\":\"MiuMjau\",\"description\":\"Kraapimispuud kassidele\",\"publisher\":{\"@id\":\"https:\/\/miumjau.ee\/#organization\"},\"potentialAction\":[{\"@type\":\"SearchAction\",\"target\":{\"@type\":\"EntryPoint\",\"urlTemplate\":\"https:\/\/miumjau.ee\/?s={search_term_string}\"},\"query-input\":{\"@type\":\"PropertyValueSpecification\",\"valueRequired\":true,\"valueName\":\"search_term_string\"}}],\"inLanguage\":\"fi\"},{\"@type\":\"Organization\",\"@id\":\"https:\/\/miumjau.ee\/#organization\",\"name\":\"MiuMjau O\u00dc\",\"url\":\"https:\/\/miumjau.ee\/\",\"logo\":{\"@type\":\"ImageObject\",\"inLanguage\":\"fi\",\"@id\":\"https:\/\/miumjau.ee\/#\/schema\/logo\/image\/\",\"url\":\"https:\/\/miumjau.ee\/wp-content\/uploads\/2022\/04\/MiuMjau-logo-kollane.png\",\"contentUrl\":\"https:\/\/miumjau.ee\/wp-content\/uploads\/2022\/04\/MiuMjau-logo-kollane.png\",\"width\":219,\"height\":100,\"caption\":\"MiuMjau O\u00dc\"},\"image\":{\"@id\":\"https:\/\/miumjau.ee\/#\/schema\/logo\/image\/\"},\"sameAs\":[\"https:\/\/www.facebook.com\/miumjaupood\/\"]}]}<\/script>\n<!-- \/ Yoast SEO plugin. -->","yoast_head_json":{"title":"Petrebels Square L riippumatto, harmaa - MiuMjau","description":"Petrebelsin riippumatot ovat todella laadukkaita, kest\u00e4vi\u00e4, pehmeit\u00e4 ja mukavia. Rakenna itse vahva raapimispuu tai k\u00e4yt\u00e4 varaosana.","robots":{"index":"index","follow":"follow","max-snippet":"max-snippet:-1","max-image-preview":"max-image-preview:large","max-video-preview":"max-video-preview:-1"},"canonical":"https:\/\/miumjau.ee\/lv\/tuote\/petrebels-kvadratveida-karajama-gulvieta-square-l-grey\/","og_locale":"fi_FI","og_type":"article","og_title":"Petrebels Square L riippumatto, harmaa - MiuMjau","og_description":"Petrebelsin riippumatot ovat todella laadukkaita, kest\u00e4vi\u00e4, pehmeit\u00e4 ja mukavia. Rakenna itse vahva raapimispuu tai k\u00e4yt\u00e4 varaosana.","og_url":"https:\/\/miumjau.ee\/lv\/tuote\/petrebels-kvadratveida-karajama-gulvieta-square-l-grey\/","og_site_name":"MiuMjau","article_publisher":"https:\/\/www.facebook.com\/miumjaupood\/","article_modified_time":"2026-01-07T20:56:49+00:00","og_image":[{"width":600,"height":800,"url":"https:\/\/miumjau.ee\/wp-content\/uploads\/2024\/12\/rippkiik-sleeper-square-L18.jpg","type":"image\/jpeg"}],"twitter_card":"summary_large_image","schema":{"@context":"https:\/\/schema.org","@graph":[{"@type":"WebPage","@id":"https:\/\/miumjau.ee\/lv\/tuote\/petrebels-kvadratveida-karajama-gulvieta-square-l-grey\/","url":"https:\/\/miumjau.ee\/lv\/tuote\/petrebels-kvadratveida-karajama-gulvieta-square-l-grey\/","name":"Petrebels Square L riippumatto, harmaa - MiuMjau","isPartOf":{"@id":"https:\/\/miumjau.ee\/#website"},"primaryImageOfPage":{"@id":"https:\/\/miumjau.ee\/lv\/tuote\/petrebels-kvadratveida-karajama-gulvieta-square-l-grey\/#primaryimage"},"image":{"@id":"https:\/\/miumjau.ee\/lv\/tuote\/petrebels-kvadratveida-karajama-gulvieta-square-l-grey\/#primaryimage"},"thumbnailUrl":"https:\/\/miumjau.ee\/wp-content\/uploads\/2024\/12\/rippkiik-sleeper-square-L18.jpg","datePublished":"2024-12-20T08:41:36+00:00","dateModified":"2026-01-07T20:56:49+00:00","description":"Petrebelsin riippumatot ovat todella laadukkaita, kest\u00e4vi\u00e4, pehmeit\u00e4 ja mukavia. Rakenna itse vahva raapimispuu tai k\u00e4yt\u00e4 varaosana.","breadcrumb":{"@id":"https:\/\/miumjau.ee\/lv\/tuote\/petrebels-kvadratveida-karajama-gulvieta-square-l-grey\/#breadcrumb"},"inLanguage":"fi","potentialAction":[{"@type":"ReadAction","target":["https:\/\/miumjau.ee\/lv\/tuote\/petrebels-kvadratveida-karajama-gulvieta-square-l-grey\/"]}]},{"@type":"ImageObject","inLanguage":"fi","@id":"https:\/\/miumjau.ee\/lv\/tuote\/petrebels-kvadratveida-karajama-gulvieta-square-l-grey\/#primaryimage","url":"https:\/\/miumjau.ee\/wp-content\/uploads\/2024\/12\/rippkiik-sleeper-square-L18.jpg","contentUrl":"https:\/\/miumjau.ee\/wp-content\/uploads\/2024\/12\/rippkiik-sleeper-square-L18.jpg","width":600,"height":800,"caption":"Rippkiik Petrebels Square L, grey"},{"@type":"BreadcrumbList","@id":"https:\/\/miumjau.ee\/lv\/tuote\/petrebels-kvadratveida-karajama-gulvieta-square-l-grey\/#breadcrumb","itemListElement":[{"@type":"ListItem","position":1,"name":"Home","item":"https:\/\/miumjau.ee\/fi\/"},{"@type":"ListItem","position":2,"name":"Kauppa","item":"https:\/\/miumjau.ee\/fi\/kauppa\/"},{"@type":"ListItem","position":3,"name":"Petrebels Square L riippumatto, harmaa"}]},{"@type":"WebSite","@id":"https:\/\/miumjau.ee\/#website","url":"https:\/\/miumjau.ee\/","name":"MiuMjau","description":"Kraapimispuud kassidele","publisher":{"@id":"https:\/\/miumjau.ee\/#organization"},"potentialAction":[{"@type":"SearchAction","target":{"@type":"EntryPoint","urlTemplate":"https:\/\/miumjau.ee\/?s={search_term_string}"},"query-input":{"@type":"PropertyValueSpecification","valueRequired":true,"valueName":"search_term_string"}}],"inLanguage":"fi"},{"@type":"Organization","@id":"https:\/\/miumjau.ee\/#organization","name":"MiuMjau O\u00dc","url":"https:\/\/miumjau.ee\/","logo":{"@type":"ImageObject","inLanguage":"fi","@id":"https:\/\/miumjau.ee\/#\/schema\/logo\/image\/","url":"https:\/\/miumjau.ee\/wp-content\/uploads\/2022\/04\/MiuMjau-logo-kollane.png","contentUrl":"https:\/\/miumjau.ee\/wp-content\/uploads\/2022\/04\/MiuMjau-logo-kollane.png","width":219,"height":100,"caption":"MiuMjau O\u00dc"},"image":{"@id":"https:\/\/miumjau.ee\/#\/schema\/logo\/image\/"},"sameAs":["https:\/\/www.facebook.com\/miumjaupood\/"]}]}},"_links":{"self":[{"href":"https:\/\/miumjau.ee\/fi\/wp-json\/wp\/v2\/product\/28126","targetHints":{"allow":["GET"]}}],"collection":[{"href":"https:\/\/miumjau.ee\/fi\/wp-json\/wp\/v2\/product"}],"about":[{"href":"https:\/\/miumjau.ee\/fi\/wp-json\/wp\/v2\/types\/product"}],"wp:featuredmedia":[{"embeddable":true,"href":"https:\/\/miumjau.ee\/fi\/wp-json\/wp\/v2\/media\/25520"}],"wp:attachment":[{"href":"https:\/\/miumjau.ee\/fi\/wp-json\/wp\/v2\/media?parent=28126"}],"wp:term":[{"taxonomy":"product_brand","embeddable":true,"href":"https:\/\/miumjau.ee\/fi\/wp-json\/wp\/v2\/product_brand?post=28126"},{"taxonomy":"product_cat","embeddable":true,"href":"https:\/\/miumjau.ee\/fi\/wp-json\/wp\/v2\/product_cat?post=28126"},{"taxonomy":"product_tag","embeddable":true,"href":"https:\/\/miumjau.ee\/fi\/wp-json\/wp\/v2\/product_tag?post=28126"}],"curies":[{"name":"wp","href":"https:\/\/api.w.org\/{rel}","templated":true}]}}