{"id":28121,"date":"2025-02-03T09:34:29","date_gmt":"2025-02-03T07:34:29","guid":{"rendered":"https:\/\/miumjau.ee\/toode\/kiipeilypuu-petrebels-virgo-173-vanhan-harmaa\/"},"modified":"2026-01-07T22:56:56","modified_gmt":"2026-01-07T20:56:56","slug":"kiipeilypuu-petrebels-virgo-173-vanhan-harmaa","status":"publish","type":"product","link":"https:\/\/miumjau.ee\/fi\/tuote\/kiipeilypuu-petrebels-virgo-173-vanhan-harmaa\/","title":{"rendered":"Kiipeilypuu Petrebels Virgo 173, vanhan harmaa"},"content":{"rendered":"","protected":false},"excerpt":{"rendered":"<p data-start=\"0\" data-end=\"35\">Moderni, elegantti, mutta kest\u00e4v\u00e4<\/p>\n<p data-start=\"37\" data-end=\"650\">Virgo 173 on todella moderni raapimispuu, joka n\u00e4ytt\u00e4\u00e4 upealta olohuoneessasi. Se on korkea ja todellinen katseenvangitsija kotonasi \u2013 kaunis, ylellisell\u00e4 viimeistelyll\u00e4 ja harmonisilla v\u00e4reill\u00e4, jotka sopivat jokaiseen sisustukseen. Mutta mik\u00e4 t\u00e4rkeint\u00e4, t\u00e4m\u00e4 raapimispuu on todellinen herkku kissallesi. Siin\u00e4 on todella kaikki, mit\u00e4 kissasi tarvitsee: eritt\u00e4in suuri lepopeti ylh\u00e4\u00e4ll\u00e4, kaksi pehme\u00e4\u00e4 pest\u00e4v\u00e4\u00e4 riippumattoa rentoutumiseen ja tilava kissanpes\u00e4. Kaikki on p\u00e4\u00e4llystetty pehme\u00e4ll\u00e4 plyysill\u00e4 ja varustettu paksulla sisalilla kynsien teroittamista varten. T\u00e4m\u00e4 on t\u00e4ydellinen raapimispuu kissallesi!<\/p>\n<ul data-start=\"652\" data-end=\"783\">\n<li data-start=\"652\" data-end=\"680\">2x pest\u00e4v\u00e4\u00e4 riippumattoa<\/li>\n<li data-start=\"681\" data-end=\"739\">Sisalmatto kiinnitet\u00e4\u00e4n mukana tulevalla tarranauhalla<\/li>\n<li data-start=\"740\" data-end=\"783\">Ylellinen leposohva pest\u00e4v\u00e4ll\u00e4 tyynyll\u00e4<\/li>\n<\/ul>\n<p data-start=\"785\" data-end=\"970\"><strong data-start=\"785\" data-end=\"804\">Tuotteen paino:<\/strong> 42 kg (toimitetaan nelj\u00e4ss\u00e4 eri laatikossa)<br data-start=\"848\" data-end=\"851\" \/><strong data-start=\"851\" data-end=\"875\">Tolppien halkaisija:<\/strong> per\u00e4ti 15 cm<br data-start=\"888\" data-end=\"891\" \/><strong data-start=\"891\" data-end=\"917\" data-is-only-node=\"\">Riippumaton kantavuus:<\/strong> jopa 25 kg<br data-start=\"928\" data-end=\"931\" \/><strong data-start=\"931\" data-end=\"943\">Korkeus:<\/strong> 173 cm (katso mittakuva)<\/p>\n<p data-start=\"972\" data-end=\"1066\" data-is-last-node=\"\" data-is-only-node=\"\">Kokoamisohje l\u00f6ytyy <a href=\"http:\/\/www.petrebels.com\/en\/wp-content\/uploads\/sites\/2\/2024\/05\/Virgo-173.pdf\"><strong data-start=\"992\" data-end=\"1002\">T\u00c4\u00c4LT\u00c4<\/strong><\/a> ja on my\u00f6s tuotteen mukana.<br data-start=\"1030\" data-end=\"1033\" \/>Katso my\u00f6s lyhyt <a href=\"https:\/\/www.youtube.com\/watch?v=bIi2x5Z3Y1I&amp;ab_channel=PETREBELS\" target=\"_blank\" rel=\"noopener\"><strong data-start=\"1050\" data-end=\"1065\">VIDEOKLIPPI<\/strong><\/a>!<\/p>\n","protected":false},"featured_media":26799,"template":"","meta":[],"product_brand":[],"product_cat":[116],"product_tag":[],"class_list":{"0":"post-28121","1":"product","2":"type-product","3":"status-publish","4":"has-post-thumbnail","6":"product_cat-isoille-kissoille-petrebels","7":"product_shipping_class-pakiautomaati-sobimatu-fi","9":"first","10":"instock","11":"taxable","12":"shipping-taxable","13":"purchasable","14":"product-type-simple"},"yoast_head":"<!-- This site is optimized with the Yoast SEO plugin v27.2 - https:\/\/yoast.com\/product\/yoast-seo-wordpress\/ -->\n<title>Kiipeilypuu Petrebels Virgo 173, vanhan harmaa - MiuMjau<\/title>\n<meta name=\"description\" content=\"Petrebelsin br\u00e4ndin kiipeilypuu Virgo 173 on laadukas, ylellinen ja todella tyylik\u00e4s. Se t\u00e4ytt\u00e4\u00e4 kaikki kissasi odotukset raapimispuun suhteen.\" \/>\n<meta name=\"robots\" content=\"index, follow, max-snippet:-1, max-image-preview:large, max-video-preview:-1\" \/>\n<link rel=\"canonical\" href=\"https:\/\/miumjau.ee\/tuote\/ronimispuu-petrebels-virgo-173-old-grey\/\" \/>\n<meta property=\"og:locale\" content=\"fi_FI\" \/>\n<meta property=\"og:type\" content=\"article\" \/>\n<meta property=\"og:title\" content=\"Kiipeilypuu Petrebels Virgo 173, vanhan harmaa - MiuMjau\" \/>\n<meta property=\"og:description\" content=\"Petrebelsin br\u00e4ndin kiipeilypuu Virgo 173 on laadukas, ylellinen ja todella tyylik\u00e4s. Se t\u00e4ytt\u00e4\u00e4 kaikki kissasi odotukset raapimispuun suhteen.\" \/>\n<meta property=\"og:url\" content=\"https:\/\/miumjau.ee\/tuote\/ronimispuu-petrebels-virgo-173-old-grey\/\" \/>\n<meta property=\"og:site_name\" content=\"MiuMjau\" \/>\n<meta property=\"article:publisher\" content=\"https:\/\/www.facebook.com\/miumjaupood\/\" \/>\n<meta property=\"article:modified_time\" content=\"2026-01-07T20:56:56+00:00\" \/>\n<meta property=\"og:image\" content=\"https:\/\/miumjau.ee\/wp-content\/uploads\/2025\/02\/ronimispuu-virgo173-oldgrey4.jpg\" \/>\n\t<meta property=\"og:image:width\" content=\"600\" \/>\n\t<meta property=\"og:image:height\" content=\"800\" \/>\n\t<meta property=\"og:image:type\" content=\"image\/jpeg\" \/>\n<meta name=\"twitter:card\" content=\"summary_large_image\" \/>\n<script type=\"application\/ld+json\" class=\"yoast-schema-graph\">{\"@context\":\"https:\/\/schema.org\",\"@graph\":[{\"@type\":\"WebPage\",\"@id\":\"https:\/\/miumjau.ee\/tuote\/ronimispuu-petrebels-virgo-173-old-grey\/\",\"url\":\"https:\/\/miumjau.ee\/tuote\/ronimispuu-petrebels-virgo-173-old-grey\/\",\"name\":\"Kiipeilypuu Petrebels Virgo 173, vanhan harmaa - MiuMjau\",\"isPartOf\":{\"@id\":\"https:\/\/miumjau.ee\/#website\"},\"primaryImageOfPage\":{\"@id\":\"https:\/\/miumjau.ee\/tuote\/ronimispuu-petrebels-virgo-173-old-grey\/#primaryimage\"},\"image\":{\"@id\":\"https:\/\/miumjau.ee\/tuote\/ronimispuu-petrebels-virgo-173-old-grey\/#primaryimage\"},\"thumbnailUrl\":\"https:\/\/miumjau.ee\/wp-content\/uploads\/2025\/02\/ronimispuu-virgo173-oldgrey4.jpg\",\"datePublished\":\"2025-02-03T07:34:29+00:00\",\"dateModified\":\"2026-01-07T20:56:56+00:00\",\"description\":\"Petrebelsin br\u00e4ndin kiipeilypuu Virgo 173 on laadukas, ylellinen ja todella tyylik\u00e4s. Se t\u00e4ytt\u00e4\u00e4 kaikki kissasi odotukset raapimispuun suhteen.\",\"breadcrumb\":{\"@id\":\"https:\/\/miumjau.ee\/tuote\/ronimispuu-petrebels-virgo-173-old-grey\/#breadcrumb\"},\"inLanguage\":\"fi\",\"potentialAction\":[{\"@type\":\"ReadAction\",\"target\":[\"https:\/\/miumjau.ee\/tuote\/ronimispuu-petrebels-virgo-173-old-grey\/\"]}]},{\"@type\":\"ImageObject\",\"inLanguage\":\"fi\",\"@id\":\"https:\/\/miumjau.ee\/tuote\/ronimispuu-petrebels-virgo-173-old-grey\/#primaryimage\",\"url\":\"https:\/\/miumjau.ee\/wp-content\/uploads\/2025\/02\/ronimispuu-virgo173-oldgrey4.jpg\",\"contentUrl\":\"https:\/\/miumjau.ee\/wp-content\/uploads\/2025\/02\/ronimispuu-virgo173-oldgrey4.jpg\",\"width\":600,\"height\":800,\"caption\":\"Ronimispuu Petrebels Virgo 173, old grey\"},{\"@type\":\"BreadcrumbList\",\"@id\":\"https:\/\/miumjau.ee\/tuote\/ronimispuu-petrebels-virgo-173-old-grey\/#breadcrumb\",\"itemListElement\":[{\"@type\":\"ListItem\",\"position\":1,\"name\":\"Home\",\"item\":\"https:\/\/miumjau.ee\/fi\/\"},{\"@type\":\"ListItem\",\"position\":2,\"name\":\"Kauppa\",\"item\":\"https:\/\/miumjau.ee\/fi\/kauppa\/\"},{\"@type\":\"ListItem\",\"position\":3,\"name\":\"Kiipeilypuu Petrebels Virgo 173, vanhan harmaa\"}]},{\"@type\":\"WebSite\",\"@id\":\"https:\/\/miumjau.ee\/#website\",\"url\":\"https:\/\/miumjau.ee\/\",\"name\":\"MiuMjau\",\"description\":\"Kraapimispuud kassidele\",\"publisher\":{\"@id\":\"https:\/\/miumjau.ee\/#organization\"},\"potentialAction\":[{\"@type\":\"SearchAction\",\"target\":{\"@type\":\"EntryPoint\",\"urlTemplate\":\"https:\/\/miumjau.ee\/?s={search_term_string}\"},\"query-input\":{\"@type\":\"PropertyValueSpecification\",\"valueRequired\":true,\"valueName\":\"search_term_string\"}}],\"inLanguage\":\"fi\"},{\"@type\":\"Organization\",\"@id\":\"https:\/\/miumjau.ee\/#organization\",\"name\":\"MiuMjau O\u00dc\",\"url\":\"https:\/\/miumjau.ee\/\",\"logo\":{\"@type\":\"ImageObject\",\"inLanguage\":\"fi\",\"@id\":\"https:\/\/miumjau.ee\/#\/schema\/logo\/image\/\",\"url\":\"https:\/\/miumjau.ee\/wp-content\/uploads\/2022\/04\/MiuMjau-logo-kollane.png\",\"contentUrl\":\"https:\/\/miumjau.ee\/wp-content\/uploads\/2022\/04\/MiuMjau-logo-kollane.png\",\"width\":219,\"height\":100,\"caption\":\"MiuMjau O\u00dc\"},\"image\":{\"@id\":\"https:\/\/miumjau.ee\/#\/schema\/logo\/image\/\"},\"sameAs\":[\"https:\/\/www.facebook.com\/miumjaupood\/\"]}]}<\/script>\n<!-- \/ Yoast SEO plugin. -->","yoast_head_json":{"title":"Kiipeilypuu Petrebels Virgo 173, vanhan harmaa - MiuMjau","description":"Petrebelsin br\u00e4ndin kiipeilypuu Virgo 173 on laadukas, ylellinen ja todella tyylik\u00e4s. Se t\u00e4ytt\u00e4\u00e4 kaikki kissasi odotukset raapimispuun suhteen.","robots":{"index":"index","follow":"follow","max-snippet":"max-snippet:-1","max-image-preview":"max-image-preview:large","max-video-preview":"max-video-preview:-1"},"canonical":"https:\/\/miumjau.ee\/tuote\/ronimispuu-petrebels-virgo-173-old-grey\/","og_locale":"fi_FI","og_type":"article","og_title":"Kiipeilypuu Petrebels Virgo 173, vanhan harmaa - MiuMjau","og_description":"Petrebelsin br\u00e4ndin kiipeilypuu Virgo 173 on laadukas, ylellinen ja todella tyylik\u00e4s. Se t\u00e4ytt\u00e4\u00e4 kaikki kissasi odotukset raapimispuun suhteen.","og_url":"https:\/\/miumjau.ee\/tuote\/ronimispuu-petrebels-virgo-173-old-grey\/","og_site_name":"MiuMjau","article_publisher":"https:\/\/www.facebook.com\/miumjaupood\/","article_modified_time":"2026-01-07T20:56:56+00:00","og_image":[{"width":600,"height":800,"url":"https:\/\/miumjau.ee\/wp-content\/uploads\/2025\/02\/ronimispuu-virgo173-oldgrey4.jpg","type":"image\/jpeg"}],"twitter_card":"summary_large_image","schema":{"@context":"https:\/\/schema.org","@graph":[{"@type":"WebPage","@id":"https:\/\/miumjau.ee\/tuote\/ronimispuu-petrebels-virgo-173-old-grey\/","url":"https:\/\/miumjau.ee\/tuote\/ronimispuu-petrebels-virgo-173-old-grey\/","name":"Kiipeilypuu Petrebels Virgo 173, vanhan harmaa - MiuMjau","isPartOf":{"@id":"https:\/\/miumjau.ee\/#website"},"primaryImageOfPage":{"@id":"https:\/\/miumjau.ee\/tuote\/ronimispuu-petrebels-virgo-173-old-grey\/#primaryimage"},"image":{"@id":"https:\/\/miumjau.ee\/tuote\/ronimispuu-petrebels-virgo-173-old-grey\/#primaryimage"},"thumbnailUrl":"https:\/\/miumjau.ee\/wp-content\/uploads\/2025\/02\/ronimispuu-virgo173-oldgrey4.jpg","datePublished":"2025-02-03T07:34:29+00:00","dateModified":"2026-01-07T20:56:56+00:00","description":"Petrebelsin br\u00e4ndin kiipeilypuu Virgo 173 on laadukas, ylellinen ja todella tyylik\u00e4s. Se t\u00e4ytt\u00e4\u00e4 kaikki kissasi odotukset raapimispuun suhteen.","breadcrumb":{"@id":"https:\/\/miumjau.ee\/tuote\/ronimispuu-petrebels-virgo-173-old-grey\/#breadcrumb"},"inLanguage":"fi","potentialAction":[{"@type":"ReadAction","target":["https:\/\/miumjau.ee\/tuote\/ronimispuu-petrebels-virgo-173-old-grey\/"]}]},{"@type":"ImageObject","inLanguage":"fi","@id":"https:\/\/miumjau.ee\/tuote\/ronimispuu-petrebels-virgo-173-old-grey\/#primaryimage","url":"https:\/\/miumjau.ee\/wp-content\/uploads\/2025\/02\/ronimispuu-virgo173-oldgrey4.jpg","contentUrl":"https:\/\/miumjau.ee\/wp-content\/uploads\/2025\/02\/ronimispuu-virgo173-oldgrey4.jpg","width":600,"height":800,"caption":"Ronimispuu Petrebels Virgo 173, old grey"},{"@type":"BreadcrumbList","@id":"https:\/\/miumjau.ee\/tuote\/ronimispuu-petrebels-virgo-173-old-grey\/#breadcrumb","itemListElement":[{"@type":"ListItem","position":1,"name":"Home","item":"https:\/\/miumjau.ee\/fi\/"},{"@type":"ListItem","position":2,"name":"Kauppa","item":"https:\/\/miumjau.ee\/fi\/kauppa\/"},{"@type":"ListItem","position":3,"name":"Kiipeilypuu Petrebels Virgo 173, vanhan harmaa"}]},{"@type":"WebSite","@id":"https:\/\/miumjau.ee\/#website","url":"https:\/\/miumjau.ee\/","name":"MiuMjau","description":"Kraapimispuud kassidele","publisher":{"@id":"https:\/\/miumjau.ee\/#organization"},"potentialAction":[{"@type":"SearchAction","target":{"@type":"EntryPoint","urlTemplate":"https:\/\/miumjau.ee\/?s={search_term_string}"},"query-input":{"@type":"PropertyValueSpecification","valueRequired":true,"valueName":"search_term_string"}}],"inLanguage":"fi"},{"@type":"Organization","@id":"https:\/\/miumjau.ee\/#organization","name":"MiuMjau O\u00dc","url":"https:\/\/miumjau.ee\/","logo":{"@type":"ImageObject","inLanguage":"fi","@id":"https:\/\/miumjau.ee\/#\/schema\/logo\/image\/","url":"https:\/\/miumjau.ee\/wp-content\/uploads\/2022\/04\/MiuMjau-logo-kollane.png","contentUrl":"https:\/\/miumjau.ee\/wp-content\/uploads\/2022\/04\/MiuMjau-logo-kollane.png","width":219,"height":100,"caption":"MiuMjau O\u00dc"},"image":{"@id":"https:\/\/miumjau.ee\/#\/schema\/logo\/image\/"},"sameAs":["https:\/\/www.facebook.com\/miumjaupood\/"]}]}},"_links":{"self":[{"href":"https:\/\/miumjau.ee\/fi\/wp-json\/wp\/v2\/product\/28121","targetHints":{"allow":["GET"]}}],"collection":[{"href":"https:\/\/miumjau.ee\/fi\/wp-json\/wp\/v2\/product"}],"about":[{"href":"https:\/\/miumjau.ee\/fi\/wp-json\/wp\/v2\/types\/product"}],"wp:featuredmedia":[{"embeddable":true,"href":"https:\/\/miumjau.ee\/fi\/wp-json\/wp\/v2\/media\/26799"}],"wp:attachment":[{"href":"https:\/\/miumjau.ee\/fi\/wp-json\/wp\/v2\/media?parent=28121"}],"wp:term":[{"taxonomy":"product_brand","embeddable":true,"href":"https:\/\/miumjau.ee\/fi\/wp-json\/wp\/v2\/product_brand?post=28121"},{"taxonomy":"product_cat","embeddable":true,"href":"https:\/\/miumjau.ee\/fi\/wp-json\/wp\/v2\/product_cat?post=28121"},{"taxonomy":"product_tag","embeddable":true,"href":"https:\/\/miumjau.ee\/fi\/wp-json\/wp\/v2\/product_tag?post=28121"}],"curies":[{"name":"wp","href":"https:\/\/api.w.org\/{rel}","templated":true}]}}