{"id":28118,"date":"2025-02-03T09:53:52","date_gmt":"2025-02-03T07:53:52","guid":{"rendered":"https:\/\/miumjau.ee\/toode\/petrebels-scratch-frame-7030-raapimislevy-seinalle-wenge\/"},"modified":"2026-01-07T22:56:56","modified_gmt":"2026-01-07T20:56:56","slug":"petrebels-scratch-frame-7030-raapimislevy-seinalle-wenge","status":"publish","type":"product","link":"https:\/\/miumjau.ee\/fi\/tuote\/petrebels-scratch-frame-7030-raapimislevy-seinalle-wenge\/","title":{"rendered":"Petrebels Scratch Frame 7030 raapimislevy sein\u00e4lle, wenge"},"content":{"rendered":"","protected":false},"excerpt":{"rendered":"<p>Raaputuslauta, joka todella kest\u00e4\u00e4!<\/p>\n<p>Scratch Frame 7030 on eritt\u00e4in s\u00f6p\u00f6 lis\u00e4 mihin tahansa Wall of Rebels -kokoelmamme tuotteeseen. Scratch Frame 7030 on varustettu k\u00e4yt\u00e4nn\u00f6llisell\u00e4 Z-palkilla, jonka avulla voit helposti kiinnitt\u00e4\u00e4 t\u00e4m\u00e4n ylellisen raaputuslevyn sein\u00e4\u00e4n. Ihanteellinen raapimiseen &#8211; se on erityisen k\u00e4tev\u00e4, koska se luo kissalle runsaasti raapimismahdollisuuksia viem\u00e4tt\u00e4 paljon tilaa. Kuten kaikki kissan kalusteemme, t\u00e4m\u00e4 raapimispuu on eritt\u00e4in laadukas &#8211; valmistettu eritt\u00e4in vahvasta sisalmatosta ja eukalyptuspuureunoilla.<\/p>\n<p>Mitat: pituus 70 cm, leveys 30 cm ja korkeus 2 cm<br \/>\nTuotteen paino: 2 kg<br \/>\nValmistettu eukalyptuspuusta<br \/>\nPeitetty sisalmatolla, kiinnitetty tarranauhalla (vaihdettava)<br \/>\nMukana asennusmateriaali (Z-palkki, ruuvit, tapit)<\/p>\n<p>Katso ohje <a href=\"http:\/\/www.petrebels.com\/en\/wp-content\/uploads\/sites\/2\/2024\/05\/Scratch-frame-7030.pdf\">T\u00c4\u00c4LT\u00c4<\/a><\/p>\n","protected":false},"featured_media":26841,"template":"","meta":[],"product_brand":[],"product_cat":[263],"product_tag":[],"class_list":{"0":"post-28118","1":"product","2":"type-product","3":"status-publish","4":"has-post-thumbnail","6":"product_cat-kiipeilyseina-kissoille","7":"product_shipping_class-pakiautomaati-sobimatu-fi","9":"first","10":"instock","11":"sale","12":"taxable","13":"shipping-taxable","14":"purchasable","15":"product-type-simple"},"yoast_head":"<!-- This site is optimized with the Yoast SEO plugin v27.2 - https:\/\/yoast.com\/product\/yoast-seo-wordpress\/ -->\n<title>Petrebels Scratch Frame 7030 raapimislevy sein\u00e4lle, wenge - MiuMjau<\/title>\n<meta name=\"description\" content=\"Petrebels raaputustolppa on kaunis ja my\u00f6s kest\u00e4v\u00e4. S\u00e4\u00e4st\u00e4 lattiatilaa ja suojaa sohvisi. Ohjaa kissa suoraan raapimistolppaan.\" \/>\n<meta name=\"robots\" content=\"index, follow, max-snippet:-1, max-image-preview:large, max-video-preview:-1\" \/>\n<link rel=\"canonical\" href=\"https:\/\/miumjau.ee\/tuote\/kraapimisplaat-seinale-petrebels-scratch-frame-7030-wenge\/\" \/>\n<meta property=\"og:locale\" content=\"fi_FI\" \/>\n<meta property=\"og:type\" content=\"article\" \/>\n<meta property=\"og:title\" content=\"Petrebels Scratch Frame 7030 raapimislevy sein\u00e4lle, wenge - MiuMjau\" \/>\n<meta property=\"og:description\" content=\"Petrebels raaputustolppa on kaunis ja my\u00f6s kest\u00e4v\u00e4. S\u00e4\u00e4st\u00e4 lattiatilaa ja suojaa sohvisi. Ohjaa kissa suoraan raapimistolppaan.\" \/>\n<meta property=\"og:url\" content=\"https:\/\/miumjau.ee\/tuote\/kraapimisplaat-seinale-petrebels-scratch-frame-7030-wenge\/\" \/>\n<meta property=\"og:site_name\" content=\"MiuMjau\" \/>\n<meta property=\"article:publisher\" content=\"https:\/\/www.facebook.com\/miumjaupood\/\" \/>\n<meta property=\"article:modified_time\" content=\"2026-01-07T20:56:56+00:00\" \/>\n<meta property=\"og:image\" content=\"https:\/\/miumjau.ee\/wp-content\/uploads\/2025\/02\/kaapimisplaat-petrebels-scratch-frame-70309.jpg\" \/>\n\t<meta property=\"og:image:width\" content=\"600\" \/>\n\t<meta property=\"og:image:height\" content=\"800\" \/>\n\t<meta property=\"og:image:type\" content=\"image\/jpeg\" \/>\n<meta name=\"twitter:card\" content=\"summary_large_image\" \/>\n<script type=\"application\/ld+json\" class=\"yoast-schema-graph\">{\"@context\":\"https:\/\/schema.org\",\"@graph\":[{\"@type\":\"WebPage\",\"@id\":\"https:\/\/miumjau.ee\/tuote\/kraapimisplaat-seinale-petrebels-scratch-frame-7030-wenge\/\",\"url\":\"https:\/\/miumjau.ee\/tuote\/kraapimisplaat-seinale-petrebels-scratch-frame-7030-wenge\/\",\"name\":\"Petrebels Scratch Frame 7030 raapimislevy sein\u00e4lle, wenge - MiuMjau\",\"isPartOf\":{\"@id\":\"https:\/\/miumjau.ee\/#website\"},\"primaryImageOfPage\":{\"@id\":\"https:\/\/miumjau.ee\/tuote\/kraapimisplaat-seinale-petrebels-scratch-frame-7030-wenge\/#primaryimage\"},\"image\":{\"@id\":\"https:\/\/miumjau.ee\/tuote\/kraapimisplaat-seinale-petrebels-scratch-frame-7030-wenge\/#primaryimage\"},\"thumbnailUrl\":\"https:\/\/miumjau.ee\/wp-content\/uploads\/2025\/02\/kaapimisplaat-petrebels-scratch-frame-70309.jpg\",\"datePublished\":\"2025-02-03T07:53:52+00:00\",\"dateModified\":\"2026-01-07T20:56:56+00:00\",\"description\":\"Petrebels raaputustolppa on kaunis ja my\u00f6s kest\u00e4v\u00e4. S\u00e4\u00e4st\u00e4 lattiatilaa ja suojaa sohvisi. Ohjaa kissa suoraan raapimistolppaan.\",\"breadcrumb\":{\"@id\":\"https:\/\/miumjau.ee\/tuote\/kraapimisplaat-seinale-petrebels-scratch-frame-7030-wenge\/#breadcrumb\"},\"inLanguage\":\"fi\",\"potentialAction\":[{\"@type\":\"ReadAction\",\"target\":[\"https:\/\/miumjau.ee\/tuote\/kraapimisplaat-seinale-petrebels-scratch-frame-7030-wenge\/\"]}]},{\"@type\":\"ImageObject\",\"inLanguage\":\"fi\",\"@id\":\"https:\/\/miumjau.ee\/tuote\/kraapimisplaat-seinale-petrebels-scratch-frame-7030-wenge\/#primaryimage\",\"url\":\"https:\/\/miumjau.ee\/wp-content\/uploads\/2025\/02\/kaapimisplaat-petrebels-scratch-frame-70309.jpg\",\"contentUrl\":\"https:\/\/miumjau.ee\/wp-content\/uploads\/2025\/02\/kaapimisplaat-petrebels-scratch-frame-70309.jpg\",\"width\":600,\"height\":800,\"caption\":\"Kraapimisplaat seinale Petrebels Scratch Frame 7030\"},{\"@type\":\"BreadcrumbList\",\"@id\":\"https:\/\/miumjau.ee\/tuote\/kraapimisplaat-seinale-petrebels-scratch-frame-7030-wenge\/#breadcrumb\",\"itemListElement\":[{\"@type\":\"ListItem\",\"position\":1,\"name\":\"Home\",\"item\":\"https:\/\/miumjau.ee\/fi\/\"},{\"@type\":\"ListItem\",\"position\":2,\"name\":\"Kauppa\",\"item\":\"https:\/\/miumjau.ee\/fi\/kauppa\/\"},{\"@type\":\"ListItem\",\"position\":3,\"name\":\"Petrebels Scratch Frame 7030 raapimislevy sein\u00e4lle, wenge\"}]},{\"@type\":\"WebSite\",\"@id\":\"https:\/\/miumjau.ee\/#website\",\"url\":\"https:\/\/miumjau.ee\/\",\"name\":\"MiuMjau\",\"description\":\"Kraapimispuud kassidele\",\"publisher\":{\"@id\":\"https:\/\/miumjau.ee\/#organization\"},\"potentialAction\":[{\"@type\":\"SearchAction\",\"target\":{\"@type\":\"EntryPoint\",\"urlTemplate\":\"https:\/\/miumjau.ee\/?s={search_term_string}\"},\"query-input\":{\"@type\":\"PropertyValueSpecification\",\"valueRequired\":true,\"valueName\":\"search_term_string\"}}],\"inLanguage\":\"fi\"},{\"@type\":\"Organization\",\"@id\":\"https:\/\/miumjau.ee\/#organization\",\"name\":\"MiuMjau O\u00dc\",\"url\":\"https:\/\/miumjau.ee\/\",\"logo\":{\"@type\":\"ImageObject\",\"inLanguage\":\"fi\",\"@id\":\"https:\/\/miumjau.ee\/#\/schema\/logo\/image\/\",\"url\":\"https:\/\/miumjau.ee\/wp-content\/uploads\/2022\/04\/MiuMjau-logo-kollane.png\",\"contentUrl\":\"https:\/\/miumjau.ee\/wp-content\/uploads\/2022\/04\/MiuMjau-logo-kollane.png\",\"width\":219,\"height\":100,\"caption\":\"MiuMjau O\u00dc\"},\"image\":{\"@id\":\"https:\/\/miumjau.ee\/#\/schema\/logo\/image\/\"},\"sameAs\":[\"https:\/\/www.facebook.com\/miumjaupood\/\"]}]}<\/script>\n<!-- \/ Yoast SEO plugin. -->","yoast_head_json":{"title":"Petrebels Scratch Frame 7030 raapimislevy sein\u00e4lle, wenge - MiuMjau","description":"Petrebels raaputustolppa on kaunis ja my\u00f6s kest\u00e4v\u00e4. S\u00e4\u00e4st\u00e4 lattiatilaa ja suojaa sohvisi. Ohjaa kissa suoraan raapimistolppaan.","robots":{"index":"index","follow":"follow","max-snippet":"max-snippet:-1","max-image-preview":"max-image-preview:large","max-video-preview":"max-video-preview:-1"},"canonical":"https:\/\/miumjau.ee\/tuote\/kraapimisplaat-seinale-petrebels-scratch-frame-7030-wenge\/","og_locale":"fi_FI","og_type":"article","og_title":"Petrebels Scratch Frame 7030 raapimislevy sein\u00e4lle, wenge - MiuMjau","og_description":"Petrebels raaputustolppa on kaunis ja my\u00f6s kest\u00e4v\u00e4. S\u00e4\u00e4st\u00e4 lattiatilaa ja suojaa sohvisi. Ohjaa kissa suoraan raapimistolppaan.","og_url":"https:\/\/miumjau.ee\/tuote\/kraapimisplaat-seinale-petrebels-scratch-frame-7030-wenge\/","og_site_name":"MiuMjau","article_publisher":"https:\/\/www.facebook.com\/miumjaupood\/","article_modified_time":"2026-01-07T20:56:56+00:00","og_image":[{"width":600,"height":800,"url":"https:\/\/miumjau.ee\/wp-content\/uploads\/2025\/02\/kaapimisplaat-petrebels-scratch-frame-70309.jpg","type":"image\/jpeg"}],"twitter_card":"summary_large_image","schema":{"@context":"https:\/\/schema.org","@graph":[{"@type":"WebPage","@id":"https:\/\/miumjau.ee\/tuote\/kraapimisplaat-seinale-petrebels-scratch-frame-7030-wenge\/","url":"https:\/\/miumjau.ee\/tuote\/kraapimisplaat-seinale-petrebels-scratch-frame-7030-wenge\/","name":"Petrebels Scratch Frame 7030 raapimislevy sein\u00e4lle, wenge - MiuMjau","isPartOf":{"@id":"https:\/\/miumjau.ee\/#website"},"primaryImageOfPage":{"@id":"https:\/\/miumjau.ee\/tuote\/kraapimisplaat-seinale-petrebels-scratch-frame-7030-wenge\/#primaryimage"},"image":{"@id":"https:\/\/miumjau.ee\/tuote\/kraapimisplaat-seinale-petrebels-scratch-frame-7030-wenge\/#primaryimage"},"thumbnailUrl":"https:\/\/miumjau.ee\/wp-content\/uploads\/2025\/02\/kaapimisplaat-petrebels-scratch-frame-70309.jpg","datePublished":"2025-02-03T07:53:52+00:00","dateModified":"2026-01-07T20:56:56+00:00","description":"Petrebels raaputustolppa on kaunis ja my\u00f6s kest\u00e4v\u00e4. S\u00e4\u00e4st\u00e4 lattiatilaa ja suojaa sohvisi. Ohjaa kissa suoraan raapimistolppaan.","breadcrumb":{"@id":"https:\/\/miumjau.ee\/tuote\/kraapimisplaat-seinale-petrebels-scratch-frame-7030-wenge\/#breadcrumb"},"inLanguage":"fi","potentialAction":[{"@type":"ReadAction","target":["https:\/\/miumjau.ee\/tuote\/kraapimisplaat-seinale-petrebels-scratch-frame-7030-wenge\/"]}]},{"@type":"ImageObject","inLanguage":"fi","@id":"https:\/\/miumjau.ee\/tuote\/kraapimisplaat-seinale-petrebels-scratch-frame-7030-wenge\/#primaryimage","url":"https:\/\/miumjau.ee\/wp-content\/uploads\/2025\/02\/kaapimisplaat-petrebels-scratch-frame-70309.jpg","contentUrl":"https:\/\/miumjau.ee\/wp-content\/uploads\/2025\/02\/kaapimisplaat-petrebels-scratch-frame-70309.jpg","width":600,"height":800,"caption":"Kraapimisplaat seinale Petrebels Scratch Frame 7030"},{"@type":"BreadcrumbList","@id":"https:\/\/miumjau.ee\/tuote\/kraapimisplaat-seinale-petrebels-scratch-frame-7030-wenge\/#breadcrumb","itemListElement":[{"@type":"ListItem","position":1,"name":"Home","item":"https:\/\/miumjau.ee\/fi\/"},{"@type":"ListItem","position":2,"name":"Kauppa","item":"https:\/\/miumjau.ee\/fi\/kauppa\/"},{"@type":"ListItem","position":3,"name":"Petrebels Scratch Frame 7030 raapimislevy sein\u00e4lle, wenge"}]},{"@type":"WebSite","@id":"https:\/\/miumjau.ee\/#website","url":"https:\/\/miumjau.ee\/","name":"MiuMjau","description":"Kraapimispuud kassidele","publisher":{"@id":"https:\/\/miumjau.ee\/#organization"},"potentialAction":[{"@type":"SearchAction","target":{"@type":"EntryPoint","urlTemplate":"https:\/\/miumjau.ee\/?s={search_term_string}"},"query-input":{"@type":"PropertyValueSpecification","valueRequired":true,"valueName":"search_term_string"}}],"inLanguage":"fi"},{"@type":"Organization","@id":"https:\/\/miumjau.ee\/#organization","name":"MiuMjau O\u00dc","url":"https:\/\/miumjau.ee\/","logo":{"@type":"ImageObject","inLanguage":"fi","@id":"https:\/\/miumjau.ee\/#\/schema\/logo\/image\/","url":"https:\/\/miumjau.ee\/wp-content\/uploads\/2022\/04\/MiuMjau-logo-kollane.png","contentUrl":"https:\/\/miumjau.ee\/wp-content\/uploads\/2022\/04\/MiuMjau-logo-kollane.png","width":219,"height":100,"caption":"MiuMjau O\u00dc"},"image":{"@id":"https:\/\/miumjau.ee\/#\/schema\/logo\/image\/"},"sameAs":["https:\/\/www.facebook.com\/miumjaupood\/"]}]}},"_links":{"self":[{"href":"https:\/\/miumjau.ee\/fi\/wp-json\/wp\/v2\/product\/28118","targetHints":{"allow":["GET"]}}],"collection":[{"href":"https:\/\/miumjau.ee\/fi\/wp-json\/wp\/v2\/product"}],"about":[{"href":"https:\/\/miumjau.ee\/fi\/wp-json\/wp\/v2\/types\/product"}],"wp:featuredmedia":[{"embeddable":true,"href":"https:\/\/miumjau.ee\/fi\/wp-json\/wp\/v2\/media\/26841"}],"wp:attachment":[{"href":"https:\/\/miumjau.ee\/fi\/wp-json\/wp\/v2\/media?parent=28118"}],"wp:term":[{"taxonomy":"product_brand","embeddable":true,"href":"https:\/\/miumjau.ee\/fi\/wp-json\/wp\/v2\/product_brand?post=28118"},{"taxonomy":"product_cat","embeddable":true,"href":"https:\/\/miumjau.ee\/fi\/wp-json\/wp\/v2\/product_cat?post=28118"},{"taxonomy":"product_tag","embeddable":true,"href":"https:\/\/miumjau.ee\/fi\/wp-json\/wp\/v2\/product_tag?post=28118"}],"curies":[{"name":"wp","href":"https:\/\/api.w.org\/{rel}","templated":true}]}}