{"id":27965,"date":"2025-03-03T21:32:44","date_gmt":"2025-03-03T19:32:44","guid":{"rendered":"https:\/\/miumjau.ee\/?post_type=product&#038;p=27965"},"modified":"2025-07-09T01:11:05","modified_gmt":"2025-07-08T22:11:05","slug":"kissaherkku-kiwi-walker-kanaa-120g-2","status":"publish","type":"product","link":"https:\/\/miumjau.ee\/fi\/tuote\/kissaherkku-kiwi-walker-kanaa-120g-2\/","title":{"rendered":"Kissaherkku Kiwi Walker kanaa 120g"},"content":{"rendered":"","protected":false},"excerpt":{"rendered":"<p>Todella maukkaita pakastekuivattuja kissanherkkuja. Puhdas raaka-aine ja ilman lis\u00e4aineita. Millaisesta lihasta lemmikkisi pit\u00e4\u00e4?<\/p>\n<p>100 % luonnollinen<br \/>\nei sis\u00e4ll\u00e4 s\u00e4il\u00f6nt\u00e4aineita, lis\u00e4aineita tai v\u00e4riaineita.<br \/>\nVain lihaa<br \/>\nSopii sek\u00e4 koirille ett\u00e4 kissoille<br \/>\nPienet kuutiot sopivat erinomaisesti treeniin tai v\u00e4lipalaksi.<br \/>\nN\u00e4m\u00e4 herkut eiv\u00e4t likaannu k\u00e4si\u00e4si ja ne on helppo rikkoa tarvittaessa.<br \/>\nKiwi Walker -pakastekuivattujen herkkujen avulla l\u00f6yd\u00e4t sopivan herkun my\u00f6s erityisruokavaliolle tai allergisille lemmikeille, koska kaikki tuotteet sis\u00e4lt\u00e4v\u00e4t vain yhden ainesosan<\/p>\n<p>Kana: t\u00f6lkki sis\u00e4lt\u00e4\u00e4 120 grammaa kanakuutioita.<\/p>\n<p>Ainesosat: 100 % kanaa. V\u00e4h\u00e4kaloriset kanan makukuutiot ovat erinomainen valinta lihavuusriskiss\u00e4 olevalle koiralle. Kanaliemi on erinomainen proteiinin l\u00e4hde, ja se sis\u00e4lt\u00e4\u00e4 my\u00f6s runsaasti fosforia sek\u00e4 B3- ja B6-vitamiineja.<\/p>\n<p>Analyyttinen koostumus: raakaproteiini 85,7 %, raakarasva 8,6 %, raakakuitu 0,3 %, raakatuhka 4,8 %, kosteus 0,8 %.<\/p>\n","protected":false},"featured_media":22923,"template":"","meta":[],"product_brand":[],"product_cat":[480],"product_tag":[],"class_list":{"0":"post-27965","1":"product","2":"type-product","3":"status-publish","4":"has-post-thumbnail","6":"product_cat-herkut-koirille","8":"first","9":"instock","10":"sale","11":"taxable","12":"shipping-taxable","13":"purchasable","14":"product-type-simple"},"yoast_head":"<!-- This site is optimized with the Yoast SEO plugin v27.2 - https:\/\/yoast.com\/product\/yoast-seo-wordpress\/ -->\n<title>Kissaherkku Kiwi Walker kanaa 120g - MiuMjau<\/title>\n<meta name=\"description\" content=\"Kiwi Walker -pakastekuivatut herkut kissoille ovat todellisia herkkuja. Aromaattisia ja maukkaita v\u00e4lipaloja ilman lis\u00e4aineita - puhtaita raaka-aineita!\" \/>\n<meta name=\"robots\" content=\"index, follow, max-snippet:-1, max-image-preview:large, max-video-preview:-1\" \/>\n<link rel=\"canonical\" href=\"https:\/\/miumjau.ee\/tuote\/kulmkuiv-maius-koerale-kiwi-walker-kana-120g\/\" \/>\n<meta property=\"og:locale\" content=\"fi_FI\" \/>\n<meta property=\"og:type\" content=\"article\" \/>\n<meta property=\"og:title\" content=\"Kissaherkku Kiwi Walker kanaa 120g - MiuMjau\" \/>\n<meta property=\"og:description\" content=\"Kiwi Walker -pakastekuivatut herkut kissoille ovat todellisia herkkuja. Aromaattisia ja maukkaita v\u00e4lipaloja ilman lis\u00e4aineita - puhtaita raaka-aineita!\" \/>\n<meta property=\"og:url\" content=\"https:\/\/miumjau.ee\/tuote\/kulmkuiv-maius-koerale-kiwi-walker-kana-120g\/\" \/>\n<meta property=\"og:site_name\" content=\"MiuMjau\" \/>\n<meta property=\"article:publisher\" content=\"https:\/\/www.facebook.com\/miumjaupood\/\" \/>\n<meta property=\"article:modified_time\" content=\"2025-07-08T22:11:05+00:00\" \/>\n<meta property=\"og:image\" content=\"https:\/\/miumjau.ee\/wp-content\/uploads\/2024\/10\/kiwi-walker-kulmkuivatatud-maius-kassidele-2.jpg\" \/>\n\t<meta property=\"og:image:width\" content=\"600\" \/>\n\t<meta property=\"og:image:height\" content=\"800\" \/>\n\t<meta property=\"og:image:type\" content=\"image\/jpeg\" \/>\n<meta name=\"twitter:card\" content=\"summary_large_image\" \/>\n<meta name=\"twitter:label1\" content=\"Arvioitu lukuaika\" \/>\n\t<meta name=\"twitter:data1\" content=\"1 minuutti\" \/>\n<script type=\"application\/ld+json\" class=\"yoast-schema-graph\">{\"@context\":\"https:\/\/schema.org\",\"@graph\":[{\"@type\":\"WebPage\",\"@id\":\"https:\/\/miumjau.ee\/tuote\/kulmkuiv-maius-koerale-kiwi-walker-kana-120g\/\",\"url\":\"https:\/\/miumjau.ee\/tuote\/kulmkuiv-maius-koerale-kiwi-walker-kana-120g\/\",\"name\":\"Kissaherkku Kiwi Walker kanaa 120g - MiuMjau\",\"isPartOf\":{\"@id\":\"https:\/\/miumjau.ee\/#website\"},\"primaryImageOfPage\":{\"@id\":\"https:\/\/miumjau.ee\/tuote\/kulmkuiv-maius-koerale-kiwi-walker-kana-120g\/#primaryimage\"},\"image\":{\"@id\":\"https:\/\/miumjau.ee\/tuote\/kulmkuiv-maius-koerale-kiwi-walker-kana-120g\/#primaryimage\"},\"thumbnailUrl\":\"https:\/\/miumjau.ee\/wp-content\/uploads\/2024\/10\/kiwi-walker-kulmkuivatatud-maius-kassidele-2.jpg\",\"datePublished\":\"2025-03-03T19:32:44+00:00\",\"dateModified\":\"2025-07-08T22:11:05+00:00\",\"description\":\"Kiwi Walker -pakastekuivatut herkut kissoille ovat todellisia herkkuja. Aromaattisia ja maukkaita v\u00e4lipaloja ilman lis\u00e4aineita - puhtaita raaka-aineita!\",\"breadcrumb\":{\"@id\":\"https:\/\/miumjau.ee\/tuote\/kulmkuiv-maius-koerale-kiwi-walker-kana-120g\/#breadcrumb\"},\"inLanguage\":\"fi\",\"potentialAction\":[{\"@type\":\"ReadAction\",\"target\":[\"https:\/\/miumjau.ee\/tuote\/kulmkuiv-maius-koerale-kiwi-walker-kana-120g\/\"]}]},{\"@type\":\"ImageObject\",\"inLanguage\":\"fi\",\"@id\":\"https:\/\/miumjau.ee\/tuote\/kulmkuiv-maius-koerale-kiwi-walker-kana-120g\/#primaryimage\",\"url\":\"https:\/\/miumjau.ee\/wp-content\/uploads\/2024\/10\/kiwi-walker-kulmkuivatatud-maius-kassidele-2.jpg\",\"contentUrl\":\"https:\/\/miumjau.ee\/wp-content\/uploads\/2024\/10\/kiwi-walker-kulmkuivatatud-maius-kassidele-2.jpg\",\"width\":600,\"height\":800,\"caption\":\"K\u00fclmkuiv. maius kassile Kiwi Walker kana 120g\"},{\"@type\":\"BreadcrumbList\",\"@id\":\"https:\/\/miumjau.ee\/tuote\/kulmkuiv-maius-koerale-kiwi-walker-kana-120g\/#breadcrumb\",\"itemListElement\":[{\"@type\":\"ListItem\",\"position\":1,\"name\":\"Home\",\"item\":\"https:\/\/miumjau.ee\/fi\/\"},{\"@type\":\"ListItem\",\"position\":2,\"name\":\"Kauppa\",\"item\":\"https:\/\/miumjau.ee\/fi\/kauppa\/\"},{\"@type\":\"ListItem\",\"position\":3,\"name\":\"Kissaherkku Kiwi Walker kanaa 120g\"}]},{\"@type\":\"WebSite\",\"@id\":\"https:\/\/miumjau.ee\/#website\",\"url\":\"https:\/\/miumjau.ee\/\",\"name\":\"MiuMjau\",\"description\":\"Kraapimispuud kassidele\",\"publisher\":{\"@id\":\"https:\/\/miumjau.ee\/#organization\"},\"potentialAction\":[{\"@type\":\"SearchAction\",\"target\":{\"@type\":\"EntryPoint\",\"urlTemplate\":\"https:\/\/miumjau.ee\/?s={search_term_string}\"},\"query-input\":{\"@type\":\"PropertyValueSpecification\",\"valueRequired\":true,\"valueName\":\"search_term_string\"}}],\"inLanguage\":\"fi\"},{\"@type\":\"Organization\",\"@id\":\"https:\/\/miumjau.ee\/#organization\",\"name\":\"MiuMjau O\u00dc\",\"url\":\"https:\/\/miumjau.ee\/\",\"logo\":{\"@type\":\"ImageObject\",\"inLanguage\":\"fi\",\"@id\":\"https:\/\/miumjau.ee\/#\/schema\/logo\/image\/\",\"url\":\"https:\/\/miumjau.ee\/wp-content\/uploads\/2022\/04\/MiuMjau-logo-kollane.png\",\"contentUrl\":\"https:\/\/miumjau.ee\/wp-content\/uploads\/2022\/04\/MiuMjau-logo-kollane.png\",\"width\":219,\"height\":100,\"caption\":\"MiuMjau O\u00dc\"},\"image\":{\"@id\":\"https:\/\/miumjau.ee\/#\/schema\/logo\/image\/\"},\"sameAs\":[\"https:\/\/www.facebook.com\/miumjaupood\/\"]}]}<\/script>\n<!-- \/ Yoast SEO plugin. -->","yoast_head_json":{"title":"Kissaherkku Kiwi Walker kanaa 120g - MiuMjau","description":"Kiwi Walker -pakastekuivatut herkut kissoille ovat todellisia herkkuja. Aromaattisia ja maukkaita v\u00e4lipaloja ilman lis\u00e4aineita - puhtaita raaka-aineita!","robots":{"index":"index","follow":"follow","max-snippet":"max-snippet:-1","max-image-preview":"max-image-preview:large","max-video-preview":"max-video-preview:-1"},"canonical":"https:\/\/miumjau.ee\/tuote\/kulmkuiv-maius-koerale-kiwi-walker-kana-120g\/","og_locale":"fi_FI","og_type":"article","og_title":"Kissaherkku Kiwi Walker kanaa 120g - MiuMjau","og_description":"Kiwi Walker -pakastekuivatut herkut kissoille ovat todellisia herkkuja. Aromaattisia ja maukkaita v\u00e4lipaloja ilman lis\u00e4aineita - puhtaita raaka-aineita!","og_url":"https:\/\/miumjau.ee\/tuote\/kulmkuiv-maius-koerale-kiwi-walker-kana-120g\/","og_site_name":"MiuMjau","article_publisher":"https:\/\/www.facebook.com\/miumjaupood\/","article_modified_time":"2025-07-08T22:11:05+00:00","og_image":[{"width":600,"height":800,"url":"https:\/\/miumjau.ee\/wp-content\/uploads\/2024\/10\/kiwi-walker-kulmkuivatatud-maius-kassidele-2.jpg","type":"image\/jpeg"}],"twitter_card":"summary_large_image","twitter_misc":{"Arvioitu lukuaika":"1 minuutti"},"schema":{"@context":"https:\/\/schema.org","@graph":[{"@type":"WebPage","@id":"https:\/\/miumjau.ee\/tuote\/kulmkuiv-maius-koerale-kiwi-walker-kana-120g\/","url":"https:\/\/miumjau.ee\/tuote\/kulmkuiv-maius-koerale-kiwi-walker-kana-120g\/","name":"Kissaherkku Kiwi Walker kanaa 120g - MiuMjau","isPartOf":{"@id":"https:\/\/miumjau.ee\/#website"},"primaryImageOfPage":{"@id":"https:\/\/miumjau.ee\/tuote\/kulmkuiv-maius-koerale-kiwi-walker-kana-120g\/#primaryimage"},"image":{"@id":"https:\/\/miumjau.ee\/tuote\/kulmkuiv-maius-koerale-kiwi-walker-kana-120g\/#primaryimage"},"thumbnailUrl":"https:\/\/miumjau.ee\/wp-content\/uploads\/2024\/10\/kiwi-walker-kulmkuivatatud-maius-kassidele-2.jpg","datePublished":"2025-03-03T19:32:44+00:00","dateModified":"2025-07-08T22:11:05+00:00","description":"Kiwi Walker -pakastekuivatut herkut kissoille ovat todellisia herkkuja. Aromaattisia ja maukkaita v\u00e4lipaloja ilman lis\u00e4aineita - puhtaita raaka-aineita!","breadcrumb":{"@id":"https:\/\/miumjau.ee\/tuote\/kulmkuiv-maius-koerale-kiwi-walker-kana-120g\/#breadcrumb"},"inLanguage":"fi","potentialAction":[{"@type":"ReadAction","target":["https:\/\/miumjau.ee\/tuote\/kulmkuiv-maius-koerale-kiwi-walker-kana-120g\/"]}]},{"@type":"ImageObject","inLanguage":"fi","@id":"https:\/\/miumjau.ee\/tuote\/kulmkuiv-maius-koerale-kiwi-walker-kana-120g\/#primaryimage","url":"https:\/\/miumjau.ee\/wp-content\/uploads\/2024\/10\/kiwi-walker-kulmkuivatatud-maius-kassidele-2.jpg","contentUrl":"https:\/\/miumjau.ee\/wp-content\/uploads\/2024\/10\/kiwi-walker-kulmkuivatatud-maius-kassidele-2.jpg","width":600,"height":800,"caption":"K\u00fclmkuiv. maius kassile Kiwi Walker kana 120g"},{"@type":"BreadcrumbList","@id":"https:\/\/miumjau.ee\/tuote\/kulmkuiv-maius-koerale-kiwi-walker-kana-120g\/#breadcrumb","itemListElement":[{"@type":"ListItem","position":1,"name":"Home","item":"https:\/\/miumjau.ee\/fi\/"},{"@type":"ListItem","position":2,"name":"Kauppa","item":"https:\/\/miumjau.ee\/fi\/kauppa\/"},{"@type":"ListItem","position":3,"name":"Kissaherkku Kiwi Walker kanaa 120g"}]},{"@type":"WebSite","@id":"https:\/\/miumjau.ee\/#website","url":"https:\/\/miumjau.ee\/","name":"MiuMjau","description":"Kraapimispuud kassidele","publisher":{"@id":"https:\/\/miumjau.ee\/#organization"},"potentialAction":[{"@type":"SearchAction","target":{"@type":"EntryPoint","urlTemplate":"https:\/\/miumjau.ee\/?s={search_term_string}"},"query-input":{"@type":"PropertyValueSpecification","valueRequired":true,"valueName":"search_term_string"}}],"inLanguage":"fi"},{"@type":"Organization","@id":"https:\/\/miumjau.ee\/#organization","name":"MiuMjau O\u00dc","url":"https:\/\/miumjau.ee\/","logo":{"@type":"ImageObject","inLanguage":"fi","@id":"https:\/\/miumjau.ee\/#\/schema\/logo\/image\/","url":"https:\/\/miumjau.ee\/wp-content\/uploads\/2022\/04\/MiuMjau-logo-kollane.png","contentUrl":"https:\/\/miumjau.ee\/wp-content\/uploads\/2022\/04\/MiuMjau-logo-kollane.png","width":219,"height":100,"caption":"MiuMjau O\u00dc"},"image":{"@id":"https:\/\/miumjau.ee\/#\/schema\/logo\/image\/"},"sameAs":["https:\/\/www.facebook.com\/miumjaupood\/"]}]}},"_links":{"self":[{"href":"https:\/\/miumjau.ee\/fi\/wp-json\/wp\/v2\/product\/27965","targetHints":{"allow":["GET"]}}],"collection":[{"href":"https:\/\/miumjau.ee\/fi\/wp-json\/wp\/v2\/product"}],"about":[{"href":"https:\/\/miumjau.ee\/fi\/wp-json\/wp\/v2\/types\/product"}],"wp:featuredmedia":[{"embeddable":true,"href":"https:\/\/miumjau.ee\/fi\/wp-json\/wp\/v2\/media\/22923"}],"wp:attachment":[{"href":"https:\/\/miumjau.ee\/fi\/wp-json\/wp\/v2\/media?parent=27965"}],"wp:term":[{"taxonomy":"product_brand","embeddable":true,"href":"https:\/\/miumjau.ee\/fi\/wp-json\/wp\/v2\/product_brand?post=27965"},{"taxonomy":"product_cat","embeddable":true,"href":"https:\/\/miumjau.ee\/fi\/wp-json\/wp\/v2\/product_cat?post=27965"},{"taxonomy":"product_tag","embeddable":true,"href":"https:\/\/miumjau.ee\/fi\/wp-json\/wp\/v2\/product_tag?post=27965"}],"curies":[{"name":"wp","href":"https:\/\/api.w.org\/{rel}","templated":true}]}}