{"id":27962,"date":"2025-03-03T21:32:38","date_gmt":"2025-03-03T19:32:38","guid":{"rendered":"https:\/\/miumjau.ee\/?post_type=product&#038;p=27962"},"modified":"2026-01-07T22:56:56","modified_gmt":"2026-01-07T20:56:56","slug":"kissaherkku-kiwi-walker-kanaa-120g-kopeeri-kopeeri","status":"publish","type":"product","link":"https:\/\/miumjau.ee\/fi\/tuote\/kissaherkku-kiwi-walker-kanaa-120g-kopeeri-kopeeri\/","title":{"rendered":"Kissaherkku Kiwi Walker kanaa 120g"},"content":{"rendered":"","protected":false},"excerpt":{"rendered":"<p data-start=\"34\" data-end=\"349\">\u2705 <strong data-start=\"36\" data-end=\"58\">100 % luonnollinen<\/strong> \u2013 ei s\u00e4il\u00f6nt\u00e4aineita, lis\u00e4aineita tai v\u00e4riaineita.<br data-start=\"109\" data-end=\"112\" \/>\u2705 <strong data-start=\"114\" data-end=\"128\">Vain lihaa<\/strong> \u2013 ei vett\u00e4!<br data-start=\"140\" data-end=\"143\" \/>\u2705 Sopii sek\u00e4 koirille ett\u00e4 kissoille.<br data-start=\"180\" data-end=\"183\" \/>\u2705 <strong data-start=\"185\" data-end=\"216\">T\u00e4ydellinen koulutusnamiksi<\/strong> \u2013 pienet kuutiot, eiv\u00e4t tahmaa k\u00e4si\u00e4, helppoja murtaa.<br data-start=\"271\" data-end=\"274\" \/>\u2705 Yksi ainesosa \u2013 sopii my\u00f6s herkk\u00e4vatsaisille ja allergisille lemmikeille.<\/p>\n<p data-start=\"351\" data-end=\"540\"><strong data-start=\"351\" data-end=\"365\">Ainesosat:<\/strong> 100 % kanan syd\u00e4mi\u00e4 \u2013 v\u00e4h\u00e4n kaloreita, runsaasti proteiinia sek\u00e4 sinkki\u00e4, rautaa ja B-ryhm\u00e4n vitamiineja, erityisesti B12-vitamiinia, joka tukee veren ja hermoston toimintaa.<\/p>\n<p data-start=\"542\" data-end=\"628\"><strong data-start=\"542\" data-end=\"555\">Analyysi:<\/strong> raakaproteiini 70 %, raakarasva 10 %, kuitu 1 %, tuhka 6 %, kosteus 6 %.<\/p>\n<p data-start=\"630\" data-end=\"805\"><strong data-start=\"630\" data-end=\"641\">K\u00e4ytt\u00f6:<\/strong><br data-start=\"641\" data-end=\"644\" \/>\ud83d\udc3e Soveltuu p\u00e4ivitt\u00e4iseksi herkuksi tai koulutukseen.<br data-start=\"697\" data-end=\"700\" \/>\ud83d\udc3e Ei saa ylitt\u00e4\u00e4 5\u201310 % lemmikin p\u00e4iv\u00e4n kokonaisruokam\u00e4\u00e4r\u00e4st\u00e4.<br data-start=\"763\" data-end=\"766\" \/>\ud83d\udc3e Pid\u00e4 aina raikasta vett\u00e4 saatavilla.<\/p>\n<p data-start=\"807\" data-end=\"857\" data-is-last-node=\"\" data-is-only-node=\"\"><strong data-start=\"807\" data-end=\"857\" data-is-last-node=\"\">Pakastekuivaus s\u00e4ilytt\u00e4\u00e4 ravintoarvot ja maun!<\/strong><\/p>\n","protected":false},"featured_media":27505,"template":"","meta":[],"product_brand":[],"product_cat":[480],"product_tag":[],"class_list":{"0":"post-27962","1":"product","2":"type-product","3":"status-publish","4":"has-post-thumbnail","6":"product_cat-herkut-koirille","8":"first","9":"instock","10":"sale","11":"taxable","12":"shipping-taxable","13":"purchasable","14":"product-type-simple"},"yoast_head":"<!-- This site is optimized with the Yoast SEO plugin v27.4 - https:\/\/yoast.com\/product\/yoast-seo-wordpress\/ -->\n<title>Kissaherkku Kiwi Walker kanaa 120g - MiuMjau<\/title>\n<meta name=\"description\" content=\"Kiwi Walkerin pakastekuivatut herkut koirille ovat todellisia herkkuja. Aromikkaita ja maukkaita naposteltavia ilman lis\u00e4aineita \u2013 pelkk\u00e4\u00e4 puhdasta raaka-ainetta!\" \/>\n<meta name=\"robots\" content=\"index, follow, max-snippet:-1, max-image-preview:large, max-video-preview:-1\" \/>\n<link rel=\"canonical\" href=\"https:\/\/miumjau.ee\/fi\/tuote\/kissaherkku-kiwi-walker-kanaa-120g-kopeeri-kopeeri\/\" \/>\n<meta property=\"og:locale\" content=\"fi_FI\" \/>\n<meta property=\"og:type\" content=\"article\" \/>\n<meta property=\"og:title\" content=\"Kissaherkku Kiwi Walker kanaa 120g - MiuMjau\" \/>\n<meta property=\"og:description\" content=\"Kiwi Walkerin pakastekuivatut herkut koirille ovat todellisia herkkuja. Aromikkaita ja maukkaita naposteltavia ilman lis\u00e4aineita \u2013 pelkk\u00e4\u00e4 puhdasta raaka-ainetta!\" \/>\n<meta property=\"og:url\" content=\"https:\/\/miumjau.ee\/fi\/tuote\/kissaherkku-kiwi-walker-kanaa-120g-kopeeri-kopeeri\/\" \/>\n<meta property=\"og:site_name\" content=\"MiuMjau\" \/>\n<meta property=\"article:publisher\" content=\"https:\/\/www.facebook.com\/miumjaupood\/\" \/>\n<meta property=\"article:modified_time\" content=\"2026-01-07T20:56:56+00:00\" \/>\n<meta property=\"og:image\" content=\"https:\/\/miumjau.ee\/wp-content\/uploads\/2025\/02\/kiwi-walker-freeze-dried-chicken-heart-maius-kassile.jpg\" \/>\n\t<meta property=\"og:image:width\" content=\"600\" \/>\n\t<meta property=\"og:image:height\" content=\"800\" \/>\n\t<meta property=\"og:image:type\" content=\"image\/jpeg\" \/>\n<meta name=\"twitter:card\" content=\"summary_large_image\" \/>\n<script type=\"application\/ld+json\" class=\"yoast-schema-graph\">{\"@context\":\"https:\\\/\\\/schema.org\",\"@graph\":[{\"@type\":\"WebPage\",\"@id\":\"https:\\\/\\\/miumjau.ee\\\/fi\\\/tuote\\\/kissaherkku-kiwi-walker-kanaa-120g-kopeeri-kopeeri\\\/\",\"url\":\"https:\\\/\\\/miumjau.ee\\\/fi\\\/tuote\\\/kissaherkku-kiwi-walker-kanaa-120g-kopeeri-kopeeri\\\/\",\"name\":\"Kissaherkku Kiwi Walker kanaa 120g - MiuMjau\",\"isPartOf\":{\"@id\":\"https:\\\/\\\/miumjau.ee\\\/#website\"},\"primaryImageOfPage\":{\"@id\":\"https:\\\/\\\/miumjau.ee\\\/fi\\\/tuote\\\/kissaherkku-kiwi-walker-kanaa-120g-kopeeri-kopeeri\\\/#primaryimage\"},\"image\":{\"@id\":\"https:\\\/\\\/miumjau.ee\\\/fi\\\/tuote\\\/kissaherkku-kiwi-walker-kanaa-120g-kopeeri-kopeeri\\\/#primaryimage\"},\"thumbnailUrl\":\"https:\\\/\\\/miumjau.ee\\\/wp-content\\\/uploads\\\/2025\\\/02\\\/kiwi-walker-freeze-dried-chicken-heart-maius-kassile.jpg\",\"datePublished\":\"2025-03-03T19:32:38+00:00\",\"dateModified\":\"2026-01-07T20:56:56+00:00\",\"description\":\"Kiwi Walkerin pakastekuivatut herkut koirille ovat todellisia herkkuja. Aromikkaita ja maukkaita naposteltavia ilman lis\u00e4aineita \u2013 pelkk\u00e4\u00e4 puhdasta raaka-ainetta!\",\"breadcrumb\":{\"@id\":\"https:\\\/\\\/miumjau.ee\\\/fi\\\/tuote\\\/kissaherkku-kiwi-walker-kanaa-120g-kopeeri-kopeeri\\\/#breadcrumb\"},\"inLanguage\":\"fi\",\"potentialAction\":[{\"@type\":\"ReadAction\",\"target\":[\"https:\\\/\\\/miumjau.ee\\\/fi\\\/tuote\\\/kissaherkku-kiwi-walker-kanaa-120g-kopeeri-kopeeri\\\/\"]}]},{\"@type\":\"ImageObject\",\"inLanguage\":\"fi\",\"@id\":\"https:\\\/\\\/miumjau.ee\\\/fi\\\/tuote\\\/kissaherkku-kiwi-walker-kanaa-120g-kopeeri-kopeeri\\\/#primaryimage\",\"url\":\"https:\\\/\\\/miumjau.ee\\\/wp-content\\\/uploads\\\/2025\\\/02\\\/kiwi-walker-freeze-dried-chicken-heart-maius-kassile.jpg\",\"contentUrl\":\"https:\\\/\\\/miumjau.ee\\\/wp-content\\\/uploads\\\/2025\\\/02\\\/kiwi-walker-freeze-dried-chicken-heart-maius-kassile.jpg\",\"width\":600,\"height\":800,\"caption\":\"K\u00fclmkuiv. maius kassile Kiwi Walker kana s\u00fcdamega 60g\"},{\"@type\":\"BreadcrumbList\",\"@id\":\"https:\\\/\\\/miumjau.ee\\\/fi\\\/tuote\\\/kissaherkku-kiwi-walker-kanaa-120g-kopeeri-kopeeri\\\/#breadcrumb\",\"itemListElement\":[{\"@type\":\"ListItem\",\"position\":1,\"name\":\"Home\",\"item\":\"https:\\\/\\\/miumjau.ee\\\/fi\\\/\"},{\"@type\":\"ListItem\",\"position\":2,\"name\":\"Kauppa\",\"item\":\"https:\\\/\\\/miumjau.ee\\\/fi\\\/kauppa\\\/\"},{\"@type\":\"ListItem\",\"position\":3,\"name\":\"Kissaherkku Kiwi Walker kanaa 120g\"}]},{\"@type\":\"WebSite\",\"@id\":\"https:\\\/\\\/miumjau.ee\\\/#website\",\"url\":\"https:\\\/\\\/miumjau.ee\\\/\",\"name\":\"MiuMjau\",\"description\":\"Kraapimispuud kassidele\",\"publisher\":{\"@id\":\"https:\\\/\\\/miumjau.ee\\\/#organization\"},\"potentialAction\":[{\"@type\":\"SearchAction\",\"target\":{\"@type\":\"EntryPoint\",\"urlTemplate\":\"https:\\\/\\\/miumjau.ee\\\/?s={search_term_string}\"},\"query-input\":{\"@type\":\"PropertyValueSpecification\",\"valueRequired\":true,\"valueName\":\"search_term_string\"}}],\"inLanguage\":\"fi\"},{\"@type\":\"Organization\",\"@id\":\"https:\\\/\\\/miumjau.ee\\\/#organization\",\"name\":\"MiuMjau O\u00dc\",\"url\":\"https:\\\/\\\/miumjau.ee\\\/\",\"logo\":{\"@type\":\"ImageObject\",\"inLanguage\":\"fi\",\"@id\":\"https:\\\/\\\/miumjau.ee\\\/#\\\/schema\\\/logo\\\/image\\\/\",\"url\":\"https:\\\/\\\/miumjau.ee\\\/wp-content\\\/uploads\\\/2022\\\/04\\\/MiuMjau-logo-kollane.png\",\"contentUrl\":\"https:\\\/\\\/miumjau.ee\\\/wp-content\\\/uploads\\\/2022\\\/04\\\/MiuMjau-logo-kollane.png\",\"width\":219,\"height\":100,\"caption\":\"MiuMjau O\u00dc\"},\"image\":{\"@id\":\"https:\\\/\\\/miumjau.ee\\\/#\\\/schema\\\/logo\\\/image\\\/\"},\"sameAs\":[\"https:\\\/\\\/www.facebook.com\\\/miumjaupood\\\/\"]}]}<\/script>\n<!-- \/ Yoast SEO plugin. -->","yoast_head_json":{"title":"Kissaherkku Kiwi Walker kanaa 120g - MiuMjau","description":"Kiwi Walkerin pakastekuivatut herkut koirille ovat todellisia herkkuja. Aromikkaita ja maukkaita naposteltavia ilman lis\u00e4aineita \u2013 pelkk\u00e4\u00e4 puhdasta raaka-ainetta!","robots":{"index":"index","follow":"follow","max-snippet":"max-snippet:-1","max-image-preview":"max-image-preview:large","max-video-preview":"max-video-preview:-1"},"canonical":"https:\/\/miumjau.ee\/fi\/tuote\/kissaherkku-kiwi-walker-kanaa-120g-kopeeri-kopeeri\/","og_locale":"fi_FI","og_type":"article","og_title":"Kissaherkku Kiwi Walker kanaa 120g - MiuMjau","og_description":"Kiwi Walkerin pakastekuivatut herkut koirille ovat todellisia herkkuja. Aromikkaita ja maukkaita naposteltavia ilman lis\u00e4aineita \u2013 pelkk\u00e4\u00e4 puhdasta raaka-ainetta!","og_url":"https:\/\/miumjau.ee\/fi\/tuote\/kissaherkku-kiwi-walker-kanaa-120g-kopeeri-kopeeri\/","og_site_name":"MiuMjau","article_publisher":"https:\/\/www.facebook.com\/miumjaupood\/","article_modified_time":"2026-01-07T20:56:56+00:00","og_image":[{"width":600,"height":800,"url":"https:\/\/miumjau.ee\/wp-content\/uploads\/2025\/02\/kiwi-walker-freeze-dried-chicken-heart-maius-kassile.jpg","type":"image\/jpeg"}],"twitter_card":"summary_large_image","schema":{"@context":"https:\/\/schema.org","@graph":[{"@type":"WebPage","@id":"https:\/\/miumjau.ee\/fi\/tuote\/kissaherkku-kiwi-walker-kanaa-120g-kopeeri-kopeeri\/","url":"https:\/\/miumjau.ee\/fi\/tuote\/kissaherkku-kiwi-walker-kanaa-120g-kopeeri-kopeeri\/","name":"Kissaherkku Kiwi Walker kanaa 120g - MiuMjau","isPartOf":{"@id":"https:\/\/miumjau.ee\/#website"},"primaryImageOfPage":{"@id":"https:\/\/miumjau.ee\/fi\/tuote\/kissaherkku-kiwi-walker-kanaa-120g-kopeeri-kopeeri\/#primaryimage"},"image":{"@id":"https:\/\/miumjau.ee\/fi\/tuote\/kissaherkku-kiwi-walker-kanaa-120g-kopeeri-kopeeri\/#primaryimage"},"thumbnailUrl":"https:\/\/miumjau.ee\/wp-content\/uploads\/2025\/02\/kiwi-walker-freeze-dried-chicken-heart-maius-kassile.jpg","datePublished":"2025-03-03T19:32:38+00:00","dateModified":"2026-01-07T20:56:56+00:00","description":"Kiwi Walkerin pakastekuivatut herkut koirille ovat todellisia herkkuja. Aromikkaita ja maukkaita naposteltavia ilman lis\u00e4aineita \u2013 pelkk\u00e4\u00e4 puhdasta raaka-ainetta!","breadcrumb":{"@id":"https:\/\/miumjau.ee\/fi\/tuote\/kissaherkku-kiwi-walker-kanaa-120g-kopeeri-kopeeri\/#breadcrumb"},"inLanguage":"fi","potentialAction":[{"@type":"ReadAction","target":["https:\/\/miumjau.ee\/fi\/tuote\/kissaherkku-kiwi-walker-kanaa-120g-kopeeri-kopeeri\/"]}]},{"@type":"ImageObject","inLanguage":"fi","@id":"https:\/\/miumjau.ee\/fi\/tuote\/kissaherkku-kiwi-walker-kanaa-120g-kopeeri-kopeeri\/#primaryimage","url":"https:\/\/miumjau.ee\/wp-content\/uploads\/2025\/02\/kiwi-walker-freeze-dried-chicken-heart-maius-kassile.jpg","contentUrl":"https:\/\/miumjau.ee\/wp-content\/uploads\/2025\/02\/kiwi-walker-freeze-dried-chicken-heart-maius-kassile.jpg","width":600,"height":800,"caption":"K\u00fclmkuiv. maius kassile Kiwi Walker kana s\u00fcdamega 60g"},{"@type":"BreadcrumbList","@id":"https:\/\/miumjau.ee\/fi\/tuote\/kissaherkku-kiwi-walker-kanaa-120g-kopeeri-kopeeri\/#breadcrumb","itemListElement":[{"@type":"ListItem","position":1,"name":"Home","item":"https:\/\/miumjau.ee\/fi\/"},{"@type":"ListItem","position":2,"name":"Kauppa","item":"https:\/\/miumjau.ee\/fi\/kauppa\/"},{"@type":"ListItem","position":3,"name":"Kissaherkku Kiwi Walker kanaa 120g"}]},{"@type":"WebSite","@id":"https:\/\/miumjau.ee\/#website","url":"https:\/\/miumjau.ee\/","name":"MiuMjau","description":"Kraapimispuud kassidele","publisher":{"@id":"https:\/\/miumjau.ee\/#organization"},"potentialAction":[{"@type":"SearchAction","target":{"@type":"EntryPoint","urlTemplate":"https:\/\/miumjau.ee\/?s={search_term_string}"},"query-input":{"@type":"PropertyValueSpecification","valueRequired":true,"valueName":"search_term_string"}}],"inLanguage":"fi"},{"@type":"Organization","@id":"https:\/\/miumjau.ee\/#organization","name":"MiuMjau O\u00dc","url":"https:\/\/miumjau.ee\/","logo":{"@type":"ImageObject","inLanguage":"fi","@id":"https:\/\/miumjau.ee\/#\/schema\/logo\/image\/","url":"https:\/\/miumjau.ee\/wp-content\/uploads\/2022\/04\/MiuMjau-logo-kollane.png","contentUrl":"https:\/\/miumjau.ee\/wp-content\/uploads\/2022\/04\/MiuMjau-logo-kollane.png","width":219,"height":100,"caption":"MiuMjau O\u00dc"},"image":{"@id":"https:\/\/miumjau.ee\/#\/schema\/logo\/image\/"},"sameAs":["https:\/\/www.facebook.com\/miumjaupood\/"]}]}},"_links":{"self":[{"href":"https:\/\/miumjau.ee\/fi\/wp-json\/wp\/v2\/product\/27962","targetHints":{"allow":["GET"]}}],"collection":[{"href":"https:\/\/miumjau.ee\/fi\/wp-json\/wp\/v2\/product"}],"about":[{"href":"https:\/\/miumjau.ee\/fi\/wp-json\/wp\/v2\/types\/product"}],"wp:featuredmedia":[{"embeddable":true,"href":"https:\/\/miumjau.ee\/fi\/wp-json\/wp\/v2\/media\/27505"}],"wp:attachment":[{"href":"https:\/\/miumjau.ee\/fi\/wp-json\/wp\/v2\/media?parent=27962"}],"wp:term":[{"taxonomy":"product_brand","embeddable":true,"href":"https:\/\/miumjau.ee\/fi\/wp-json\/wp\/v2\/product_brand?post=27962"},{"taxonomy":"product_cat","embeddable":true,"href":"https:\/\/miumjau.ee\/fi\/wp-json\/wp\/v2\/product_cat?post=27962"},{"taxonomy":"product_tag","embeddable":true,"href":"https:\/\/miumjau.ee\/fi\/wp-json\/wp\/v2\/product_tag?post=27962"}],"curies":[{"name":"wp","href":"https:\/\/api.w.org\/{rel}","templated":true}]}}