{"id":27762,"date":"2024-11-13T15:40:38","date_gmt":"2024-11-13T13:40:38","guid":{"rendered":"https:\/\/miumjau.ee\/toode\/brit-premium-kissan-markaruoka-lammasta-100-g\/"},"modified":"2026-01-07T22:57:03","modified_gmt":"2026-01-07T20:57:03","slug":"brit-premium-kissan-markaruoka-lammasta-100-g","status":"publish","type":"product","link":"https:\/\/miumjau.ee\/fi\/tuote\/brit-premium-kissan-markaruoka-lammasta-100-g\/","title":{"rendered":"Brit Premium kissan m\u00e4rk\u00e4ruoka, lammasta 100 g"},"content":{"rendered":"","protected":false},"excerpt":{"rendered":"<p>Brit Premium -s\u00e4ilykkeet kissoille &#8211; LAMBAN PALAKAT RUOHASSA STERILOITUILLE KISSOLLE. Laadukas t\u00e4ysravinto aikuisille kissoille.<\/p>\n<p>KOOSTUMUS: Liha ja el\u00e4inper\u00e4iset sivutuotteet (87 % paloina, josta 9,3 % lammasta), kasviper\u00e4iset sivutuotteet (0,4 % inuliini), kivenn\u00e4isaineet. Ilman v\u00e4ri- ja s\u00e4il\u00f6nt\u00e4aineita.<\/p>\n<p>ANALYYTTISET AINEOSAT: raakaproteiini 8,5 %, rasvapitoisuus 3 %, raakatuhka 2,5 %, raakakuitu 1 %, kosteus 82 %.<\/p>\n<p>D3-vitamiini (3a671) 160 IU, E-vitamiini (3a700) 100 mg, sinkki (3b605) 10 mg, mangaani (3b502) 2 mg, kupari (3b405) 1,2 mg, jodi (20 mg) (30b20) 2 mg. , tauriini (3a370) 520 mg, biotiini 0,1 mg.<\/p>\n","protected":false},"featured_media":24132,"template":"","meta":[],"product_brand":[],"product_cat":[264],"product_tag":[],"class_list":{"0":"post-27762","1":"product","2":"type-product","3":"status-publish","4":"has-post-thumbnail","6":"product_cat-marka-ruoka","8":"first","9":"instock","10":"sale","11":"taxable","12":"shipping-taxable","13":"purchasable","14":"product-type-simple"},"yoast_head":"<!-- This site is optimized with the Yoast SEO plugin v27.4 - https:\/\/yoast.com\/product\/yoast-seo-wordpress\/ -->\n<title>Brit Premium kissan m\u00e4rk\u00e4ruoka, lammasta 100 g - MiuMjau<\/title>\n<meta name=\"description\" content=\"Brit Premiumin korkealaatuiset m\u00e4rk\u00e4ruoat sis\u00e4lt\u00e4v\u00e4t runsaasti lihaa ja ovat todella maukkaita. Suuri valikoima erilaisia makuel\u00e4myksi\u00e4 karvaiselle lemmikillesi.\" \/>\n<meta name=\"robots\" content=\"index, follow, max-snippet:-1, max-image-preview:large, max-video-preview:-1\" \/>\n<link rel=\"canonical\" href=\"https:\/\/miumjau.ee\/tuote\/brit-premium-margtoit-kassile-lambaga-steriliseeritud-100g\/\" \/>\n<meta property=\"og:locale\" content=\"fi_FI\" \/>\n<meta property=\"og:type\" content=\"article\" \/>\n<meta property=\"og:title\" content=\"Brit Premium kissan m\u00e4rk\u00e4ruoka, lammasta 100 g - MiuMjau\" \/>\n<meta property=\"og:description\" content=\"Brit Premiumin korkealaatuiset m\u00e4rk\u00e4ruoat sis\u00e4lt\u00e4v\u00e4t runsaasti lihaa ja ovat todella maukkaita. Suuri valikoima erilaisia makuel\u00e4myksi\u00e4 karvaiselle lemmikillesi.\" \/>\n<meta property=\"og:url\" content=\"https:\/\/miumjau.ee\/tuote\/brit-premium-margtoit-kassile-lambaga-steriliseeritud-100g\/\" \/>\n<meta property=\"og:site_name\" content=\"MiuMjau\" \/>\n<meta property=\"article:publisher\" content=\"https:\/\/www.facebook.com\/miumjaupood\/\" \/>\n<meta property=\"article:modified_time\" content=\"2026-01-07T20:57:03+00:00\" \/>\n<meta property=\"og:image\" content=\"https:\/\/miumjau.ee\/wp-content\/uploads\/2024\/11\/3981-Brit-Premium-konservai-katems-Lamb-for-Sterilized-su-eriena-100gr-Photoroom.jpg\" \/>\n\t<meta property=\"og:image:width\" content=\"600\" \/>\n\t<meta property=\"og:image:height\" content=\"800\" \/>\n\t<meta property=\"og:image:type\" content=\"image\/jpeg\" \/>\n<meta name=\"twitter:card\" content=\"summary_large_image\" \/>\n<script type=\"application\/ld+json\" class=\"yoast-schema-graph\">{\"@context\":\"https:\\\/\\\/schema.org\",\"@graph\":[{\"@type\":\"WebPage\",\"@id\":\"https:\\\/\\\/miumjau.ee\\\/tuote\\\/brit-premium-margtoit-kassile-lambaga-steriliseeritud-100g\\\/\",\"url\":\"https:\\\/\\\/miumjau.ee\\\/tuote\\\/brit-premium-margtoit-kassile-lambaga-steriliseeritud-100g\\\/\",\"name\":\"Brit Premium kissan m\u00e4rk\u00e4ruoka, lammasta 100 g - MiuMjau\",\"isPartOf\":{\"@id\":\"https:\\\/\\\/miumjau.ee\\\/#website\"},\"primaryImageOfPage\":{\"@id\":\"https:\\\/\\\/miumjau.ee\\\/tuote\\\/brit-premium-margtoit-kassile-lambaga-steriliseeritud-100g\\\/#primaryimage\"},\"image\":{\"@id\":\"https:\\\/\\\/miumjau.ee\\\/tuote\\\/brit-premium-margtoit-kassile-lambaga-steriliseeritud-100g\\\/#primaryimage\"},\"thumbnailUrl\":\"https:\\\/\\\/miumjau.ee\\\/wp-content\\\/uploads\\\/2024\\\/11\\\/3981-Brit-Premium-konservai-katems-Lamb-for-Sterilized-su-eriena-100gr-Photoroom.jpg\",\"datePublished\":\"2024-11-13T13:40:38+00:00\",\"dateModified\":\"2026-01-07T20:57:03+00:00\",\"description\":\"Brit Premiumin korkealaatuiset m\u00e4rk\u00e4ruoat sis\u00e4lt\u00e4v\u00e4t runsaasti lihaa ja ovat todella maukkaita. Suuri valikoima erilaisia makuel\u00e4myksi\u00e4 karvaiselle lemmikillesi.\",\"breadcrumb\":{\"@id\":\"https:\\\/\\\/miumjau.ee\\\/tuote\\\/brit-premium-margtoit-kassile-lambaga-steriliseeritud-100g\\\/#breadcrumb\"},\"inLanguage\":\"fi\",\"potentialAction\":[{\"@type\":\"ReadAction\",\"target\":[\"https:\\\/\\\/miumjau.ee\\\/tuote\\\/brit-premium-margtoit-kassile-lambaga-steriliseeritud-100g\\\/\"]}]},{\"@type\":\"ImageObject\",\"inLanguage\":\"fi\",\"@id\":\"https:\\\/\\\/miumjau.ee\\\/tuote\\\/brit-premium-margtoit-kassile-lambaga-steriliseeritud-100g\\\/#primaryimage\",\"url\":\"https:\\\/\\\/miumjau.ee\\\/wp-content\\\/uploads\\\/2024\\\/11\\\/3981-Brit-Premium-konservai-katems-Lamb-for-Sterilized-su-eriena-100gr-Photoroom.jpg\",\"contentUrl\":\"https:\\\/\\\/miumjau.ee\\\/wp-content\\\/uploads\\\/2024\\\/11\\\/3981-Brit-Premium-konservai-katems-Lamb-for-Sterilized-su-eriena-100gr-Photoroom.jpg\",\"width\":600,\"height\":800,\"caption\":\"Brit Premium m\u00e4rgtoit kassidele 100g\"},{\"@type\":\"BreadcrumbList\",\"@id\":\"https:\\\/\\\/miumjau.ee\\\/tuote\\\/brit-premium-margtoit-kassile-lambaga-steriliseeritud-100g\\\/#breadcrumb\",\"itemListElement\":[{\"@type\":\"ListItem\",\"position\":1,\"name\":\"Home\",\"item\":\"https:\\\/\\\/miumjau.ee\\\/fi\\\/\"},{\"@type\":\"ListItem\",\"position\":2,\"name\":\"Kauppa\",\"item\":\"https:\\\/\\\/miumjau.ee\\\/fi\\\/kauppa\\\/\"},{\"@type\":\"ListItem\",\"position\":3,\"name\":\"Brit Premium kissan m\u00e4rk\u00e4ruoka, lammasta 100 g\"}]},{\"@type\":\"WebSite\",\"@id\":\"https:\\\/\\\/miumjau.ee\\\/#website\",\"url\":\"https:\\\/\\\/miumjau.ee\\\/\",\"name\":\"MiuMjau\",\"description\":\"Kraapimispuud kassidele\",\"publisher\":{\"@id\":\"https:\\\/\\\/miumjau.ee\\\/#organization\"},\"potentialAction\":[{\"@type\":\"SearchAction\",\"target\":{\"@type\":\"EntryPoint\",\"urlTemplate\":\"https:\\\/\\\/miumjau.ee\\\/?s={search_term_string}\"},\"query-input\":{\"@type\":\"PropertyValueSpecification\",\"valueRequired\":true,\"valueName\":\"search_term_string\"}}],\"inLanguage\":\"fi\"},{\"@type\":\"Organization\",\"@id\":\"https:\\\/\\\/miumjau.ee\\\/#organization\",\"name\":\"MiuMjau O\u00dc\",\"url\":\"https:\\\/\\\/miumjau.ee\\\/\",\"logo\":{\"@type\":\"ImageObject\",\"inLanguage\":\"fi\",\"@id\":\"https:\\\/\\\/miumjau.ee\\\/#\\\/schema\\\/logo\\\/image\\\/\",\"url\":\"https:\\\/\\\/miumjau.ee\\\/wp-content\\\/uploads\\\/2022\\\/04\\\/MiuMjau-logo-kollane.png\",\"contentUrl\":\"https:\\\/\\\/miumjau.ee\\\/wp-content\\\/uploads\\\/2022\\\/04\\\/MiuMjau-logo-kollane.png\",\"width\":219,\"height\":100,\"caption\":\"MiuMjau O\u00dc\"},\"image\":{\"@id\":\"https:\\\/\\\/miumjau.ee\\\/#\\\/schema\\\/logo\\\/image\\\/\"},\"sameAs\":[\"https:\\\/\\\/www.facebook.com\\\/miumjaupood\\\/\"]}]}<\/script>\n<!-- \/ Yoast SEO plugin. -->","yoast_head_json":{"title":"Brit Premium kissan m\u00e4rk\u00e4ruoka, lammasta 100 g - MiuMjau","description":"Brit Premiumin korkealaatuiset m\u00e4rk\u00e4ruoat sis\u00e4lt\u00e4v\u00e4t runsaasti lihaa ja ovat todella maukkaita. Suuri valikoima erilaisia makuel\u00e4myksi\u00e4 karvaiselle lemmikillesi.","robots":{"index":"index","follow":"follow","max-snippet":"max-snippet:-1","max-image-preview":"max-image-preview:large","max-video-preview":"max-video-preview:-1"},"canonical":"https:\/\/miumjau.ee\/tuote\/brit-premium-margtoit-kassile-lambaga-steriliseeritud-100g\/","og_locale":"fi_FI","og_type":"article","og_title":"Brit Premium kissan m\u00e4rk\u00e4ruoka, lammasta 100 g - MiuMjau","og_description":"Brit Premiumin korkealaatuiset m\u00e4rk\u00e4ruoat sis\u00e4lt\u00e4v\u00e4t runsaasti lihaa ja ovat todella maukkaita. Suuri valikoima erilaisia makuel\u00e4myksi\u00e4 karvaiselle lemmikillesi.","og_url":"https:\/\/miumjau.ee\/tuote\/brit-premium-margtoit-kassile-lambaga-steriliseeritud-100g\/","og_site_name":"MiuMjau","article_publisher":"https:\/\/www.facebook.com\/miumjaupood\/","article_modified_time":"2026-01-07T20:57:03+00:00","og_image":[{"width":600,"height":800,"url":"https:\/\/miumjau.ee\/wp-content\/uploads\/2024\/11\/3981-Brit-Premium-konservai-katems-Lamb-for-Sterilized-su-eriena-100gr-Photoroom.jpg","type":"image\/jpeg"}],"twitter_card":"summary_large_image","schema":{"@context":"https:\/\/schema.org","@graph":[{"@type":"WebPage","@id":"https:\/\/miumjau.ee\/tuote\/brit-premium-margtoit-kassile-lambaga-steriliseeritud-100g\/","url":"https:\/\/miumjau.ee\/tuote\/brit-premium-margtoit-kassile-lambaga-steriliseeritud-100g\/","name":"Brit Premium kissan m\u00e4rk\u00e4ruoka, lammasta 100 g - MiuMjau","isPartOf":{"@id":"https:\/\/miumjau.ee\/#website"},"primaryImageOfPage":{"@id":"https:\/\/miumjau.ee\/tuote\/brit-premium-margtoit-kassile-lambaga-steriliseeritud-100g\/#primaryimage"},"image":{"@id":"https:\/\/miumjau.ee\/tuote\/brit-premium-margtoit-kassile-lambaga-steriliseeritud-100g\/#primaryimage"},"thumbnailUrl":"https:\/\/miumjau.ee\/wp-content\/uploads\/2024\/11\/3981-Brit-Premium-konservai-katems-Lamb-for-Sterilized-su-eriena-100gr-Photoroom.jpg","datePublished":"2024-11-13T13:40:38+00:00","dateModified":"2026-01-07T20:57:03+00:00","description":"Brit Premiumin korkealaatuiset m\u00e4rk\u00e4ruoat sis\u00e4lt\u00e4v\u00e4t runsaasti lihaa ja ovat todella maukkaita. Suuri valikoima erilaisia makuel\u00e4myksi\u00e4 karvaiselle lemmikillesi.","breadcrumb":{"@id":"https:\/\/miumjau.ee\/tuote\/brit-premium-margtoit-kassile-lambaga-steriliseeritud-100g\/#breadcrumb"},"inLanguage":"fi","potentialAction":[{"@type":"ReadAction","target":["https:\/\/miumjau.ee\/tuote\/brit-premium-margtoit-kassile-lambaga-steriliseeritud-100g\/"]}]},{"@type":"ImageObject","inLanguage":"fi","@id":"https:\/\/miumjau.ee\/tuote\/brit-premium-margtoit-kassile-lambaga-steriliseeritud-100g\/#primaryimage","url":"https:\/\/miumjau.ee\/wp-content\/uploads\/2024\/11\/3981-Brit-Premium-konservai-katems-Lamb-for-Sterilized-su-eriena-100gr-Photoroom.jpg","contentUrl":"https:\/\/miumjau.ee\/wp-content\/uploads\/2024\/11\/3981-Brit-Premium-konservai-katems-Lamb-for-Sterilized-su-eriena-100gr-Photoroom.jpg","width":600,"height":800,"caption":"Brit Premium m\u00e4rgtoit kassidele 100g"},{"@type":"BreadcrumbList","@id":"https:\/\/miumjau.ee\/tuote\/brit-premium-margtoit-kassile-lambaga-steriliseeritud-100g\/#breadcrumb","itemListElement":[{"@type":"ListItem","position":1,"name":"Home","item":"https:\/\/miumjau.ee\/fi\/"},{"@type":"ListItem","position":2,"name":"Kauppa","item":"https:\/\/miumjau.ee\/fi\/kauppa\/"},{"@type":"ListItem","position":3,"name":"Brit Premium kissan m\u00e4rk\u00e4ruoka, lammasta 100 g"}]},{"@type":"WebSite","@id":"https:\/\/miumjau.ee\/#website","url":"https:\/\/miumjau.ee\/","name":"MiuMjau","description":"Kraapimispuud kassidele","publisher":{"@id":"https:\/\/miumjau.ee\/#organization"},"potentialAction":[{"@type":"SearchAction","target":{"@type":"EntryPoint","urlTemplate":"https:\/\/miumjau.ee\/?s={search_term_string}"},"query-input":{"@type":"PropertyValueSpecification","valueRequired":true,"valueName":"search_term_string"}}],"inLanguage":"fi"},{"@type":"Organization","@id":"https:\/\/miumjau.ee\/#organization","name":"MiuMjau O\u00dc","url":"https:\/\/miumjau.ee\/","logo":{"@type":"ImageObject","inLanguage":"fi","@id":"https:\/\/miumjau.ee\/#\/schema\/logo\/image\/","url":"https:\/\/miumjau.ee\/wp-content\/uploads\/2022\/04\/MiuMjau-logo-kollane.png","contentUrl":"https:\/\/miumjau.ee\/wp-content\/uploads\/2022\/04\/MiuMjau-logo-kollane.png","width":219,"height":100,"caption":"MiuMjau O\u00dc"},"image":{"@id":"https:\/\/miumjau.ee\/#\/schema\/logo\/image\/"},"sameAs":["https:\/\/www.facebook.com\/miumjaupood\/"]}]}},"_links":{"self":[{"href":"https:\/\/miumjau.ee\/fi\/wp-json\/wp\/v2\/product\/27762","targetHints":{"allow":["GET"]}}],"collection":[{"href":"https:\/\/miumjau.ee\/fi\/wp-json\/wp\/v2\/product"}],"about":[{"href":"https:\/\/miumjau.ee\/fi\/wp-json\/wp\/v2\/types\/product"}],"wp:featuredmedia":[{"embeddable":true,"href":"https:\/\/miumjau.ee\/fi\/wp-json\/wp\/v2\/media\/24132"}],"wp:attachment":[{"href":"https:\/\/miumjau.ee\/fi\/wp-json\/wp\/v2\/media?parent=27762"}],"wp:term":[{"taxonomy":"product_brand","embeddable":true,"href":"https:\/\/miumjau.ee\/fi\/wp-json\/wp\/v2\/product_brand?post=27762"},{"taxonomy":"product_cat","embeddable":true,"href":"https:\/\/miumjau.ee\/fi\/wp-json\/wp\/v2\/product_cat?post=27762"},{"taxonomy":"product_tag","embeddable":true,"href":"https:\/\/miumjau.ee\/fi\/wp-json\/wp\/v2\/product_tag?post=27762"}],"curies":[{"name":"wp","href":"https:\/\/api.w.org\/{rel}","templated":true}]}}