{"id":27749,"date":"2025-02-17T15:26:27","date_gmt":"2025-02-17T13:26:27","guid":{"rendered":"https:\/\/miumjau.ee\/toode\/brit-premium-assorted-family-plate-jelly-12x85g\/"},"modified":"2026-01-07T22:57:10","modified_gmt":"2026-01-07T20:57:10","slug":"brit-premium-assorted-family-plate-jelly-12x85g","status":"publish","type":"product","link":"https:\/\/miumjau.ee\/fi\/tuote\/brit-premium-assorted-family-plate-jelly-12x85g\/","title":{"rendered":"Brit Premium Assorted &#8221;Family Plate Jelly&#8221; 12x85g"},"content":{"rendered":"","protected":false},"excerpt":{"rendered":"<p>Haluatko kissallesi herkullista ja ravitsevaa ruokaa? Brit Premium -purkkiruokasarjassa on nelj\u00e4 eri makua, jotta lemmikkisi voi nauttia monipuolisesta ja ravitsevasta ruoasta. Runsaasti lihaa, terveellisi\u00e4 ainesosia ja kissojen rakastama &#8211; t\u00e4ydellinen valinta jokap\u00e4iv\u00e4iseen ateriaan! 12 kappaleen pakkaus tarjoaa mukavuutta ja laatua, jonka kissasi ansaitsee. \ud83d\udc3e<\/p>\n<p>Kanafilee hyytel\u00f6ss\u00e4: 82 % fileet\u00e4 lihaa ja el\u00e4inper\u00e4isi\u00e4 tuotteita (8 % kanaa), kasviper\u00e4isi\u00e4 johdannaisia \u200b\u200b(0,4 % inuliinia), kivenn\u00e4isaineita.<br \/>\nLohifilee hyytel\u00f6ss\u00e4: 74% lihaa ja el\u00e4inper\u00e4isi\u00e4 tuotteita, kalaa ja kalajohdannaisia \u200b\u200b(lohifilee 8%), kasviper\u00e4isi\u00e4 johdannaisia \u200b\u200b(inuliini 0,4%), kivenn\u00e4isaineita.<br \/>\nNaudanlihafilee hyytel\u00f6ss\u00e4: 82% el\u00e4inper\u00e4ist\u00e4 lihaa ja fileet\u00e4 (naudanliha 8%), kasviper\u00e4isi\u00e4 tuotteita (inuliini 0,4%), kivenn\u00e4isaineita.<br \/>\nTaimenfilee hyytel\u00f6ss\u00e4: 74 % liha- ja el\u00e4intuotteita fileet\u00e4, kalaa ja kalatuotteita (8 % taimenta), kasviper\u00e4isi\u00e4 tuotteita (0,4 % inuliinia), kivenn\u00e4isaineita.<\/p>\n","protected":false},"featured_media":27257,"template":"","meta":[],"product_brand":[],"product_cat":[264],"product_tag":[],"class_list":{"0":"post-27749","1":"product","2":"type-product","3":"status-publish","4":"has-post-thumbnail","6":"product_cat-marka-ruoka","8":"first","9":"instock","10":"sale","11":"taxable","12":"shipping-taxable","13":"purchasable","14":"product-type-simple"},"yoast_head":"<!-- This site is optimized with the Yoast SEO plugin v27.2 - https:\/\/yoast.com\/product\/yoast-seo-wordpress\/ -->\n<title>Brit Premium Assorted &quot;Family Plate Jelly&quot; 12x85g - MiuMjau<\/title>\n<meta name=\"description\" content=\"Brit Premiumin maukas m\u00e4rk\u00e4ruokavalikoima kissoille. Erilaiset makuvaihtoehdot ilahduttavat kissasi varmasti! Ja mit\u00e4 kokeilemme t\u00e4n\u00e4\u00e4n?\" \/>\n<meta name=\"robots\" content=\"index, follow, max-snippet:-1, max-image-preview:large, max-video-preview:-1\" \/>\n<link rel=\"canonical\" href=\"https:\/\/miumjau.ee\/fi\/tuote\/brit-premium-assorted-family-plate-jelly-12x85g\/\" \/>\n<meta property=\"og:locale\" content=\"fi_FI\" \/>\n<meta property=\"og:type\" content=\"article\" \/>\n<meta property=\"og:title\" content=\"Brit Premium Assorted &quot;Family Plate Jelly&quot; 12x85g - MiuMjau\" \/>\n<meta property=\"og:description\" content=\"Brit Premiumin maukas m\u00e4rk\u00e4ruokavalikoima kissoille. Erilaiset makuvaihtoehdot ilahduttavat kissasi varmasti! Ja mit\u00e4 kokeilemme t\u00e4n\u00e4\u00e4n?\" \/>\n<meta property=\"og:url\" content=\"https:\/\/miumjau.ee\/fi\/tuote\/brit-premium-assorted-family-plate-jelly-12x85g\/\" \/>\n<meta property=\"og:site_name\" content=\"MiuMjau\" \/>\n<meta property=\"article:publisher\" content=\"https:\/\/www.facebook.com\/miumjaupood\/\" \/>\n<meta property=\"article:modified_time\" content=\"2026-01-07T20:57:10+00:00\" \/>\n<meta property=\"og:image\" content=\"https:\/\/miumjau.ee\/wp-content\/uploads\/2025\/02\/brit-premium-margtoidud-kassile-family1.jpg\" \/>\n\t<meta property=\"og:image:width\" content=\"600\" \/>\n\t<meta property=\"og:image:height\" content=\"800\" \/>\n\t<meta property=\"og:image:type\" content=\"image\/jpeg\" \/>\n<meta name=\"twitter:card\" content=\"summary_large_image\" \/>\n<script type=\"application\/ld+json\" class=\"yoast-schema-graph\">{\"@context\":\"https:\/\/schema.org\",\"@graph\":[{\"@type\":\"WebPage\",\"@id\":\"https:\/\/miumjau.ee\/fi\/tuote\/brit-premium-assorted-family-plate-jelly-12x85g\/\",\"url\":\"https:\/\/miumjau.ee\/fi\/tuote\/brit-premium-assorted-family-plate-jelly-12x85g\/\",\"name\":\"Brit Premium Assorted \\\"Family Plate Jelly\\\" 12x85g - MiuMjau\",\"isPartOf\":{\"@id\":\"https:\/\/miumjau.ee\/#website\"},\"primaryImageOfPage\":{\"@id\":\"https:\/\/miumjau.ee\/fi\/tuote\/brit-premium-assorted-family-plate-jelly-12x85g\/#primaryimage\"},\"image\":{\"@id\":\"https:\/\/miumjau.ee\/fi\/tuote\/brit-premium-assorted-family-plate-jelly-12x85g\/#primaryimage\"},\"thumbnailUrl\":\"https:\/\/miumjau.ee\/wp-content\/uploads\/2025\/02\/brit-premium-margtoidud-kassile-family1.jpg\",\"datePublished\":\"2025-02-17T13:26:27+00:00\",\"dateModified\":\"2026-01-07T20:57:10+00:00\",\"description\":\"Brit Premiumin maukas m\u00e4rk\u00e4ruokavalikoima kissoille. Erilaiset makuvaihtoehdot ilahduttavat kissasi varmasti! Ja mit\u00e4 kokeilemme t\u00e4n\u00e4\u00e4n?\",\"breadcrumb\":{\"@id\":\"https:\/\/miumjau.ee\/fi\/tuote\/brit-premium-assorted-family-plate-jelly-12x85g\/#breadcrumb\"},\"inLanguage\":\"fi\",\"potentialAction\":[{\"@type\":\"ReadAction\",\"target\":[\"https:\/\/miumjau.ee\/fi\/tuote\/brit-premium-assorted-family-plate-jelly-12x85g\/\"]}]},{\"@type\":\"ImageObject\",\"inLanguage\":\"fi\",\"@id\":\"https:\/\/miumjau.ee\/fi\/tuote\/brit-premium-assorted-family-plate-jelly-12x85g\/#primaryimage\",\"url\":\"https:\/\/miumjau.ee\/wp-content\/uploads\/2025\/02\/brit-premium-margtoidud-kassile-family1.jpg\",\"contentUrl\":\"https:\/\/miumjau.ee\/wp-content\/uploads\/2025\/02\/brit-premium-margtoidud-kassile-family1.jpg\",\"width\":600,\"height\":800,\"caption\":\"Brit Premium assortii \\\"Family Plate Jelly\\\" 12x85g\"},{\"@type\":\"BreadcrumbList\",\"@id\":\"https:\/\/miumjau.ee\/fi\/tuote\/brit-premium-assorted-family-plate-jelly-12x85g\/#breadcrumb\",\"itemListElement\":[{\"@type\":\"ListItem\",\"position\":1,\"name\":\"Home\",\"item\":\"https:\/\/miumjau.ee\/fi\/\"},{\"@type\":\"ListItem\",\"position\":2,\"name\":\"Kauppa\",\"item\":\"https:\/\/miumjau.ee\/fi\/kauppa\/\"},{\"@type\":\"ListItem\",\"position\":3,\"name\":\"Brit Premium Assorted &#8220;Family Plate Jelly&#8221; 12x85g\"}]},{\"@type\":\"WebSite\",\"@id\":\"https:\/\/miumjau.ee\/#website\",\"url\":\"https:\/\/miumjau.ee\/\",\"name\":\"MiuMjau\",\"description\":\"Kraapimispuud kassidele\",\"publisher\":{\"@id\":\"https:\/\/miumjau.ee\/#organization\"},\"potentialAction\":[{\"@type\":\"SearchAction\",\"target\":{\"@type\":\"EntryPoint\",\"urlTemplate\":\"https:\/\/miumjau.ee\/?s={search_term_string}\"},\"query-input\":{\"@type\":\"PropertyValueSpecification\",\"valueRequired\":true,\"valueName\":\"search_term_string\"}}],\"inLanguage\":\"fi\"},{\"@type\":\"Organization\",\"@id\":\"https:\/\/miumjau.ee\/#organization\",\"name\":\"MiuMjau O\u00dc\",\"url\":\"https:\/\/miumjau.ee\/\",\"logo\":{\"@type\":\"ImageObject\",\"inLanguage\":\"fi\",\"@id\":\"https:\/\/miumjau.ee\/#\/schema\/logo\/image\/\",\"url\":\"https:\/\/miumjau.ee\/wp-content\/uploads\/2022\/04\/MiuMjau-logo-kollane.png\",\"contentUrl\":\"https:\/\/miumjau.ee\/wp-content\/uploads\/2022\/04\/MiuMjau-logo-kollane.png\",\"width\":219,\"height\":100,\"caption\":\"MiuMjau O\u00dc\"},\"image\":{\"@id\":\"https:\/\/miumjau.ee\/#\/schema\/logo\/image\/\"},\"sameAs\":[\"https:\/\/www.facebook.com\/miumjaupood\/\"]}]}<\/script>\n<!-- \/ Yoast SEO plugin. -->","yoast_head_json":{"title":"Brit Premium Assorted \"Family Plate Jelly\" 12x85g - MiuMjau","description":"Brit Premiumin maukas m\u00e4rk\u00e4ruokavalikoima kissoille. Erilaiset makuvaihtoehdot ilahduttavat kissasi varmasti! Ja mit\u00e4 kokeilemme t\u00e4n\u00e4\u00e4n?","robots":{"index":"index","follow":"follow","max-snippet":"max-snippet:-1","max-image-preview":"max-image-preview:large","max-video-preview":"max-video-preview:-1"},"canonical":"https:\/\/miumjau.ee\/fi\/tuote\/brit-premium-assorted-family-plate-jelly-12x85g\/","og_locale":"fi_FI","og_type":"article","og_title":"Brit Premium Assorted \"Family Plate Jelly\" 12x85g - MiuMjau","og_description":"Brit Premiumin maukas m\u00e4rk\u00e4ruokavalikoima kissoille. Erilaiset makuvaihtoehdot ilahduttavat kissasi varmasti! Ja mit\u00e4 kokeilemme t\u00e4n\u00e4\u00e4n?","og_url":"https:\/\/miumjau.ee\/fi\/tuote\/brit-premium-assorted-family-plate-jelly-12x85g\/","og_site_name":"MiuMjau","article_publisher":"https:\/\/www.facebook.com\/miumjaupood\/","article_modified_time":"2026-01-07T20:57:10+00:00","og_image":[{"width":600,"height":800,"url":"https:\/\/miumjau.ee\/wp-content\/uploads\/2025\/02\/brit-premium-margtoidud-kassile-family1.jpg","type":"image\/jpeg"}],"twitter_card":"summary_large_image","schema":{"@context":"https:\/\/schema.org","@graph":[{"@type":"WebPage","@id":"https:\/\/miumjau.ee\/fi\/tuote\/brit-premium-assorted-family-plate-jelly-12x85g\/","url":"https:\/\/miumjau.ee\/fi\/tuote\/brit-premium-assorted-family-plate-jelly-12x85g\/","name":"Brit Premium Assorted \"Family Plate Jelly\" 12x85g - MiuMjau","isPartOf":{"@id":"https:\/\/miumjau.ee\/#website"},"primaryImageOfPage":{"@id":"https:\/\/miumjau.ee\/fi\/tuote\/brit-premium-assorted-family-plate-jelly-12x85g\/#primaryimage"},"image":{"@id":"https:\/\/miumjau.ee\/fi\/tuote\/brit-premium-assorted-family-plate-jelly-12x85g\/#primaryimage"},"thumbnailUrl":"https:\/\/miumjau.ee\/wp-content\/uploads\/2025\/02\/brit-premium-margtoidud-kassile-family1.jpg","datePublished":"2025-02-17T13:26:27+00:00","dateModified":"2026-01-07T20:57:10+00:00","description":"Brit Premiumin maukas m\u00e4rk\u00e4ruokavalikoima kissoille. Erilaiset makuvaihtoehdot ilahduttavat kissasi varmasti! Ja mit\u00e4 kokeilemme t\u00e4n\u00e4\u00e4n?","breadcrumb":{"@id":"https:\/\/miumjau.ee\/fi\/tuote\/brit-premium-assorted-family-plate-jelly-12x85g\/#breadcrumb"},"inLanguage":"fi","potentialAction":[{"@type":"ReadAction","target":["https:\/\/miumjau.ee\/fi\/tuote\/brit-premium-assorted-family-plate-jelly-12x85g\/"]}]},{"@type":"ImageObject","inLanguage":"fi","@id":"https:\/\/miumjau.ee\/fi\/tuote\/brit-premium-assorted-family-plate-jelly-12x85g\/#primaryimage","url":"https:\/\/miumjau.ee\/wp-content\/uploads\/2025\/02\/brit-premium-margtoidud-kassile-family1.jpg","contentUrl":"https:\/\/miumjau.ee\/wp-content\/uploads\/2025\/02\/brit-premium-margtoidud-kassile-family1.jpg","width":600,"height":800,"caption":"Brit Premium assortii \"Family Plate Jelly\" 12x85g"},{"@type":"BreadcrumbList","@id":"https:\/\/miumjau.ee\/fi\/tuote\/brit-premium-assorted-family-plate-jelly-12x85g\/#breadcrumb","itemListElement":[{"@type":"ListItem","position":1,"name":"Home","item":"https:\/\/miumjau.ee\/fi\/"},{"@type":"ListItem","position":2,"name":"Kauppa","item":"https:\/\/miumjau.ee\/fi\/kauppa\/"},{"@type":"ListItem","position":3,"name":"Brit Premium Assorted &#8220;Family Plate Jelly&#8221; 12x85g"}]},{"@type":"WebSite","@id":"https:\/\/miumjau.ee\/#website","url":"https:\/\/miumjau.ee\/","name":"MiuMjau","description":"Kraapimispuud kassidele","publisher":{"@id":"https:\/\/miumjau.ee\/#organization"},"potentialAction":[{"@type":"SearchAction","target":{"@type":"EntryPoint","urlTemplate":"https:\/\/miumjau.ee\/?s={search_term_string}"},"query-input":{"@type":"PropertyValueSpecification","valueRequired":true,"valueName":"search_term_string"}}],"inLanguage":"fi"},{"@type":"Organization","@id":"https:\/\/miumjau.ee\/#organization","name":"MiuMjau O\u00dc","url":"https:\/\/miumjau.ee\/","logo":{"@type":"ImageObject","inLanguage":"fi","@id":"https:\/\/miumjau.ee\/#\/schema\/logo\/image\/","url":"https:\/\/miumjau.ee\/wp-content\/uploads\/2022\/04\/MiuMjau-logo-kollane.png","contentUrl":"https:\/\/miumjau.ee\/wp-content\/uploads\/2022\/04\/MiuMjau-logo-kollane.png","width":219,"height":100,"caption":"MiuMjau O\u00dc"},"image":{"@id":"https:\/\/miumjau.ee\/#\/schema\/logo\/image\/"},"sameAs":["https:\/\/www.facebook.com\/miumjaupood\/"]}]}},"_links":{"self":[{"href":"https:\/\/miumjau.ee\/fi\/wp-json\/wp\/v2\/product\/27749","targetHints":{"allow":["GET"]}}],"collection":[{"href":"https:\/\/miumjau.ee\/fi\/wp-json\/wp\/v2\/product"}],"about":[{"href":"https:\/\/miumjau.ee\/fi\/wp-json\/wp\/v2\/types\/product"}],"wp:featuredmedia":[{"embeddable":true,"href":"https:\/\/miumjau.ee\/fi\/wp-json\/wp\/v2\/media\/27257"}],"wp:attachment":[{"href":"https:\/\/miumjau.ee\/fi\/wp-json\/wp\/v2\/media?parent=27749"}],"wp:term":[{"taxonomy":"product_brand","embeddable":true,"href":"https:\/\/miumjau.ee\/fi\/wp-json\/wp\/v2\/product_brand?post=27749"},{"taxonomy":"product_cat","embeddable":true,"href":"https:\/\/miumjau.ee\/fi\/wp-json\/wp\/v2\/product_cat?post=27749"},{"taxonomy":"product_tag","embeddable":true,"href":"https:\/\/miumjau.ee\/fi\/wp-json\/wp\/v2\/product_tag?post=27749"}],"curies":[{"name":"wp","href":"https:\/\/api.w.org\/{rel}","templated":true}]}}