{"id":27747,"date":"2025-02-17T15:26:29","date_gmt":"2025-02-17T13:26:29","guid":{"rendered":"https:\/\/miumjau.ee\/toode\/brit-premium-assorted-sterilised-plate-chunks-12x100g\/"},"modified":"2026-01-07T22:57:10","modified_gmt":"2026-01-07T20:57:10","slug":"brit-premium-assorted-sterilised-plate-chunks-12x100g","status":"publish","type":"product","link":"https:\/\/miumjau.ee\/fi\/tuote\/brit-premium-assorted-sterilised-plate-chunks-12x100g\/","title":{"rendered":"Brit Premium Assorted &#8221;Sterilised Plate Chunks&#8221; 12x100g"},"content":{"rendered":"","protected":false},"excerpt":{"rendered":"<p>Haluatko kissallesi herkullista ja ravitsevaa ruokaa? Brit Premium -purkkiruokasarjassa on nelj\u00e4 eri makua, jotta lemmikkisi voi nauttia monipuolisesta ja ravitsevasta ruoasta. Runsaasti lihaa, terveellisi\u00e4 ainesosia ja kissojen rakastama &#8211; t\u00e4ydellinen valinta jokap\u00e4iv\u00e4iseen ateriaan! 12 kappaleen pakkaus tarjoaa mukavuutta ja laatua, jonka kissasi ansaitsee. \ud83d\udc3e<\/p>\n<p>3 x kanaa kastikkeessa<br \/>\nAinesosat: liha ja el\u00e4inper\u00e4iset sivutuotteet (87,5 % paloina, josta 50 % kanaa), kasviper\u00e4iset sivutuotteet (0,4 % inuliini), kivenn\u00e4isaineet. Ei v\u00e4ri- tai s\u00e4il\u00f6nt\u00e4aineita.<\/p>\n<p>3X LAMBAS KASTIKEESSA<br \/>\nAinesosat: liha ja el\u00e4inper\u00e4iset sivutuotteet (87 % paloina, josta 9,3 % lammasta), kasviper\u00e4iset sivutuotteet (0,4 % inuliini), kivenn\u00e4isaineet. Ei v\u00e4ri- tai s\u00e4il\u00f6nt\u00e4aineita.<\/p>\n<p>3X MAKSAA kastikkeessa<br \/>\nKoostumus: liha ja el\u00e4inper\u00e4iset sivutuotteet (87 % paloina, joista 12 % maksa), kasviper\u00e4iset sivutuotteet (0,4 % inuliini), kivenn\u00e4isaineet. Ei v\u00e4ri- tai s\u00e4il\u00f6nt\u00e4aineita.<\/p>\n<p>3X LOHI kastikkeessa<br \/>\nAinesosat: liha ja el\u00e4inper\u00e4iset sivutuotteet (78 % kappaletta), kala ja kalasivutuotteet (9,3 % lohipalat), kasviper\u00e4iset sivutuotteet (0,4 % inuliini), kivenn\u00e4isaineet. Ei v\u00e4ri- tai s\u00e4il\u00f6nt\u00e4aineita.<\/p>\n","protected":false},"featured_media":27261,"template":"","meta":[],"product_brand":[],"product_cat":[264],"product_tag":[],"class_list":{"0":"post-27747","1":"product","2":"type-product","3":"status-publish","4":"has-post-thumbnail","6":"product_cat-marka-ruoka","8":"first","9":"instock","10":"taxable","11":"shipping-taxable","12":"purchasable","13":"product-type-simple"},"yoast_head":"<!-- This site is optimized with the Yoast SEO plugin v27.4 - https:\/\/yoast.com\/product\/yoast-seo-wordpress\/ -->\n<title>Brit Premium Assorted &quot;Sterilised Plate Chunks&quot; 12x100g - MiuMjau<\/title>\n<meta name=\"description\" content=\"Brit Premiumin maukas m\u00e4rk\u00e4ruokavalikoima kissoille. Erilaiset makuvaihtoehdot ilahduttavat kissasi varmasti! Ja mit\u00e4 kokeilemme t\u00e4n\u00e4\u00e4n?\" \/>\n<meta name=\"robots\" content=\"index, follow, max-snippet:-1, max-image-preview:large, max-video-preview:-1\" \/>\n<link rel=\"canonical\" href=\"https:\/\/miumjau.ee\/tuote\/brit-premium-assortii-sterilised-plate-chunks-12x100g\/\" \/>\n<meta property=\"og:locale\" content=\"fi_FI\" \/>\n<meta property=\"og:type\" content=\"article\" \/>\n<meta property=\"og:title\" content=\"Brit Premium Assorted &quot;Sterilised Plate Chunks&quot; 12x100g - MiuMjau\" \/>\n<meta property=\"og:description\" content=\"Brit Premiumin maukas m\u00e4rk\u00e4ruokavalikoima kissoille. Erilaiset makuvaihtoehdot ilahduttavat kissasi varmasti! Ja mit\u00e4 kokeilemme t\u00e4n\u00e4\u00e4n?\" \/>\n<meta property=\"og:url\" content=\"https:\/\/miumjau.ee\/tuote\/brit-premium-assortii-sterilised-plate-chunks-12x100g\/\" \/>\n<meta property=\"og:site_name\" content=\"MiuMjau\" \/>\n<meta property=\"article:publisher\" content=\"https:\/\/www.facebook.com\/miumjaupood\/\" \/>\n<meta property=\"article:modified_time\" content=\"2026-01-07T20:57:10+00:00\" \/>\n<meta property=\"og:image\" content=\"https:\/\/miumjau.ee\/wp-content\/uploads\/2025\/02\/brit-premium-margtoidud-kassile-family2.jpg\" \/>\n\t<meta property=\"og:image:width\" content=\"600\" \/>\n\t<meta property=\"og:image:height\" content=\"800\" \/>\n\t<meta property=\"og:image:type\" content=\"image\/jpeg\" \/>\n<meta name=\"twitter:card\" content=\"summary_large_image\" \/>\n<script type=\"application\/ld+json\" class=\"yoast-schema-graph\">{\"@context\":\"https:\\\/\\\/schema.org\",\"@graph\":[{\"@type\":\"WebPage\",\"@id\":\"https:\\\/\\\/miumjau.ee\\\/tuote\\\/brit-premium-assortii-sterilised-plate-chunks-12x100g\\\/\",\"url\":\"https:\\\/\\\/miumjau.ee\\\/tuote\\\/brit-premium-assortii-sterilised-plate-chunks-12x100g\\\/\",\"name\":\"Brit Premium Assorted \\\"Sterilised Plate Chunks\\\" 12x100g - MiuMjau\",\"isPartOf\":{\"@id\":\"https:\\\/\\\/miumjau.ee\\\/#website\"},\"primaryImageOfPage\":{\"@id\":\"https:\\\/\\\/miumjau.ee\\\/tuote\\\/brit-premium-assortii-sterilised-plate-chunks-12x100g\\\/#primaryimage\"},\"image\":{\"@id\":\"https:\\\/\\\/miumjau.ee\\\/tuote\\\/brit-premium-assortii-sterilised-plate-chunks-12x100g\\\/#primaryimage\"},\"thumbnailUrl\":\"https:\\\/\\\/miumjau.ee\\\/wp-content\\\/uploads\\\/2025\\\/02\\\/brit-premium-margtoidud-kassile-family2.jpg\",\"datePublished\":\"2025-02-17T13:26:29+00:00\",\"dateModified\":\"2026-01-07T20:57:10+00:00\",\"description\":\"Brit Premiumin maukas m\u00e4rk\u00e4ruokavalikoima kissoille. Erilaiset makuvaihtoehdot ilahduttavat kissasi varmasti! Ja mit\u00e4 kokeilemme t\u00e4n\u00e4\u00e4n?\",\"breadcrumb\":{\"@id\":\"https:\\\/\\\/miumjau.ee\\\/tuote\\\/brit-premium-assortii-sterilised-plate-chunks-12x100g\\\/#breadcrumb\"},\"inLanguage\":\"fi\",\"potentialAction\":[{\"@type\":\"ReadAction\",\"target\":[\"https:\\\/\\\/miumjau.ee\\\/tuote\\\/brit-premium-assortii-sterilised-plate-chunks-12x100g\\\/\"]}]},{\"@type\":\"ImageObject\",\"inLanguage\":\"fi\",\"@id\":\"https:\\\/\\\/miumjau.ee\\\/tuote\\\/brit-premium-assortii-sterilised-plate-chunks-12x100g\\\/#primaryimage\",\"url\":\"https:\\\/\\\/miumjau.ee\\\/wp-content\\\/uploads\\\/2025\\\/02\\\/brit-premium-margtoidud-kassile-family2.jpg\",\"contentUrl\":\"https:\\\/\\\/miumjau.ee\\\/wp-content\\\/uploads\\\/2025\\\/02\\\/brit-premium-margtoidud-kassile-family2.jpg\",\"width\":600,\"height\":800,\"caption\":\"Brit Premium assortii \\\"Sterilised Plate Chunks\\\" 12x100g\"},{\"@type\":\"BreadcrumbList\",\"@id\":\"https:\\\/\\\/miumjau.ee\\\/tuote\\\/brit-premium-assortii-sterilised-plate-chunks-12x100g\\\/#breadcrumb\",\"itemListElement\":[{\"@type\":\"ListItem\",\"position\":1,\"name\":\"Home\",\"item\":\"https:\\\/\\\/miumjau.ee\\\/fi\\\/\"},{\"@type\":\"ListItem\",\"position\":2,\"name\":\"Kauppa\",\"item\":\"https:\\\/\\\/miumjau.ee\\\/fi\\\/kauppa\\\/\"},{\"@type\":\"ListItem\",\"position\":3,\"name\":\"Brit Premium Assorted &#8220;Sterilised Plate Chunks&#8221; 12x100g\"}]},{\"@type\":\"WebSite\",\"@id\":\"https:\\\/\\\/miumjau.ee\\\/#website\",\"url\":\"https:\\\/\\\/miumjau.ee\\\/\",\"name\":\"MiuMjau\",\"description\":\"Kraapimispuud kassidele\",\"publisher\":{\"@id\":\"https:\\\/\\\/miumjau.ee\\\/#organization\"},\"potentialAction\":[{\"@type\":\"SearchAction\",\"target\":{\"@type\":\"EntryPoint\",\"urlTemplate\":\"https:\\\/\\\/miumjau.ee\\\/?s={search_term_string}\"},\"query-input\":{\"@type\":\"PropertyValueSpecification\",\"valueRequired\":true,\"valueName\":\"search_term_string\"}}],\"inLanguage\":\"fi\"},{\"@type\":\"Organization\",\"@id\":\"https:\\\/\\\/miumjau.ee\\\/#organization\",\"name\":\"MiuMjau O\u00dc\",\"url\":\"https:\\\/\\\/miumjau.ee\\\/\",\"logo\":{\"@type\":\"ImageObject\",\"inLanguage\":\"fi\",\"@id\":\"https:\\\/\\\/miumjau.ee\\\/#\\\/schema\\\/logo\\\/image\\\/\",\"url\":\"https:\\\/\\\/miumjau.ee\\\/wp-content\\\/uploads\\\/2022\\\/04\\\/MiuMjau-logo-kollane.png\",\"contentUrl\":\"https:\\\/\\\/miumjau.ee\\\/wp-content\\\/uploads\\\/2022\\\/04\\\/MiuMjau-logo-kollane.png\",\"width\":219,\"height\":100,\"caption\":\"MiuMjau O\u00dc\"},\"image\":{\"@id\":\"https:\\\/\\\/miumjau.ee\\\/#\\\/schema\\\/logo\\\/image\\\/\"},\"sameAs\":[\"https:\\\/\\\/www.facebook.com\\\/miumjaupood\\\/\"]}]}<\/script>\n<!-- \/ Yoast SEO plugin. -->","yoast_head_json":{"title":"Brit Premium Assorted \"Sterilised Plate Chunks\" 12x100g - MiuMjau","description":"Brit Premiumin maukas m\u00e4rk\u00e4ruokavalikoima kissoille. Erilaiset makuvaihtoehdot ilahduttavat kissasi varmasti! Ja mit\u00e4 kokeilemme t\u00e4n\u00e4\u00e4n?","robots":{"index":"index","follow":"follow","max-snippet":"max-snippet:-1","max-image-preview":"max-image-preview:large","max-video-preview":"max-video-preview:-1"},"canonical":"https:\/\/miumjau.ee\/tuote\/brit-premium-assortii-sterilised-plate-chunks-12x100g\/","og_locale":"fi_FI","og_type":"article","og_title":"Brit Premium Assorted \"Sterilised Plate Chunks\" 12x100g - MiuMjau","og_description":"Brit Premiumin maukas m\u00e4rk\u00e4ruokavalikoima kissoille. Erilaiset makuvaihtoehdot ilahduttavat kissasi varmasti! Ja mit\u00e4 kokeilemme t\u00e4n\u00e4\u00e4n?","og_url":"https:\/\/miumjau.ee\/tuote\/brit-premium-assortii-sterilised-plate-chunks-12x100g\/","og_site_name":"MiuMjau","article_publisher":"https:\/\/www.facebook.com\/miumjaupood\/","article_modified_time":"2026-01-07T20:57:10+00:00","og_image":[{"width":600,"height":800,"url":"https:\/\/miumjau.ee\/wp-content\/uploads\/2025\/02\/brit-premium-margtoidud-kassile-family2.jpg","type":"image\/jpeg"}],"twitter_card":"summary_large_image","schema":{"@context":"https:\/\/schema.org","@graph":[{"@type":"WebPage","@id":"https:\/\/miumjau.ee\/tuote\/brit-premium-assortii-sterilised-plate-chunks-12x100g\/","url":"https:\/\/miumjau.ee\/tuote\/brit-premium-assortii-sterilised-plate-chunks-12x100g\/","name":"Brit Premium Assorted \"Sterilised Plate Chunks\" 12x100g - MiuMjau","isPartOf":{"@id":"https:\/\/miumjau.ee\/#website"},"primaryImageOfPage":{"@id":"https:\/\/miumjau.ee\/tuote\/brit-premium-assortii-sterilised-plate-chunks-12x100g\/#primaryimage"},"image":{"@id":"https:\/\/miumjau.ee\/tuote\/brit-premium-assortii-sterilised-plate-chunks-12x100g\/#primaryimage"},"thumbnailUrl":"https:\/\/miumjau.ee\/wp-content\/uploads\/2025\/02\/brit-premium-margtoidud-kassile-family2.jpg","datePublished":"2025-02-17T13:26:29+00:00","dateModified":"2026-01-07T20:57:10+00:00","description":"Brit Premiumin maukas m\u00e4rk\u00e4ruokavalikoima kissoille. Erilaiset makuvaihtoehdot ilahduttavat kissasi varmasti! Ja mit\u00e4 kokeilemme t\u00e4n\u00e4\u00e4n?","breadcrumb":{"@id":"https:\/\/miumjau.ee\/tuote\/brit-premium-assortii-sterilised-plate-chunks-12x100g\/#breadcrumb"},"inLanguage":"fi","potentialAction":[{"@type":"ReadAction","target":["https:\/\/miumjau.ee\/tuote\/brit-premium-assortii-sterilised-plate-chunks-12x100g\/"]}]},{"@type":"ImageObject","inLanguage":"fi","@id":"https:\/\/miumjau.ee\/tuote\/brit-premium-assortii-sterilised-plate-chunks-12x100g\/#primaryimage","url":"https:\/\/miumjau.ee\/wp-content\/uploads\/2025\/02\/brit-premium-margtoidud-kassile-family2.jpg","contentUrl":"https:\/\/miumjau.ee\/wp-content\/uploads\/2025\/02\/brit-premium-margtoidud-kassile-family2.jpg","width":600,"height":800,"caption":"Brit Premium assortii \"Sterilised Plate Chunks\" 12x100g"},{"@type":"BreadcrumbList","@id":"https:\/\/miumjau.ee\/tuote\/brit-premium-assortii-sterilised-plate-chunks-12x100g\/#breadcrumb","itemListElement":[{"@type":"ListItem","position":1,"name":"Home","item":"https:\/\/miumjau.ee\/fi\/"},{"@type":"ListItem","position":2,"name":"Kauppa","item":"https:\/\/miumjau.ee\/fi\/kauppa\/"},{"@type":"ListItem","position":3,"name":"Brit Premium Assorted &#8220;Sterilised Plate Chunks&#8221; 12x100g"}]},{"@type":"WebSite","@id":"https:\/\/miumjau.ee\/#website","url":"https:\/\/miumjau.ee\/","name":"MiuMjau","description":"Kraapimispuud kassidele","publisher":{"@id":"https:\/\/miumjau.ee\/#organization"},"potentialAction":[{"@type":"SearchAction","target":{"@type":"EntryPoint","urlTemplate":"https:\/\/miumjau.ee\/?s={search_term_string}"},"query-input":{"@type":"PropertyValueSpecification","valueRequired":true,"valueName":"search_term_string"}}],"inLanguage":"fi"},{"@type":"Organization","@id":"https:\/\/miumjau.ee\/#organization","name":"MiuMjau O\u00dc","url":"https:\/\/miumjau.ee\/","logo":{"@type":"ImageObject","inLanguage":"fi","@id":"https:\/\/miumjau.ee\/#\/schema\/logo\/image\/","url":"https:\/\/miumjau.ee\/wp-content\/uploads\/2022\/04\/MiuMjau-logo-kollane.png","contentUrl":"https:\/\/miumjau.ee\/wp-content\/uploads\/2022\/04\/MiuMjau-logo-kollane.png","width":219,"height":100,"caption":"MiuMjau O\u00dc"},"image":{"@id":"https:\/\/miumjau.ee\/#\/schema\/logo\/image\/"},"sameAs":["https:\/\/www.facebook.com\/miumjaupood\/"]}]}},"_links":{"self":[{"href":"https:\/\/miumjau.ee\/fi\/wp-json\/wp\/v2\/product\/27747","targetHints":{"allow":["GET"]}}],"collection":[{"href":"https:\/\/miumjau.ee\/fi\/wp-json\/wp\/v2\/product"}],"about":[{"href":"https:\/\/miumjau.ee\/fi\/wp-json\/wp\/v2\/types\/product"}],"wp:featuredmedia":[{"embeddable":true,"href":"https:\/\/miumjau.ee\/fi\/wp-json\/wp\/v2\/media\/27261"}],"wp:attachment":[{"href":"https:\/\/miumjau.ee\/fi\/wp-json\/wp\/v2\/media?parent=27747"}],"wp:term":[{"taxonomy":"product_brand","embeddable":true,"href":"https:\/\/miumjau.ee\/fi\/wp-json\/wp\/v2\/product_brand?post=27747"},{"taxonomy":"product_cat","embeddable":true,"href":"https:\/\/miumjau.ee\/fi\/wp-json\/wp\/v2\/product_cat?post=27747"},{"taxonomy":"product_tag","embeddable":true,"href":"https:\/\/miumjau.ee\/fi\/wp-json\/wp\/v2\/product_tag?post=27747"}],"curies":[{"name":"wp","href":"https:\/\/api.w.org\/{rel}","templated":true}]}}