{"id":27715,"date":"2024-11-15T08:37:41","date_gmt":"2024-11-15T06:37:41","guid":{"rendered":"https:\/\/miumjau.ee\/toode\/brit-premium-delicate-markaruoka-kissoille-naudanfilee-85g\/"},"modified":"2026-01-07T22:57:10","modified_gmt":"2026-01-07T20:57:10","slug":"brit-premium-delicate-markaruoka-kissoille-naudanfilee-85g","status":"publish","type":"product","link":"https:\/\/miumjau.ee\/fi\/tuote\/brit-premium-delicate-markaruoka-kissoille-naudanfilee-85g\/","title":{"rendered":"Brit Premium Delicate m\u00e4rk\u00e4ruoka kissoille naudanfilee 85g"},"content":{"rendered":"","protected":false},"excerpt":{"rendered":"<p>Brit Care -m\u00e4rk\u00e4ruoassa on korkea lihapitoisuus ja lihapaloja, joita kissat pureskelevat mielell\u00e4\u00e4n vaihteeksi.<\/p>\n<p>Koostumus: 82% lihaa ja el\u00e4inper\u00e4isi\u00e4 tuotteita (8%), kasviper\u00e4isi\u00e4 johdannaisia \u200b\u200b(inuliini 0,4%), kivenn\u00e4isaineita. Ilman v\u00e4riaineita, ilman s\u00e4il\u00f6nt\u00e4aineita.<\/p>\n<p>Analyyttiset aineosat: raakaproteiini 8,5 %, raaka\u00f6ljyt ja -rasvat 4,5 %, raakatuhka 2,0 %, raakakuitu 0,4 %, kosteus 82 %.<\/p>\n<p>Lis\u00e4aineet per 1 kg: D3-vitamiini (3a671) 100 IU, E-vitamiini (3a700) 50 mg, B1-vitamiini (3a821) 0,3 mg, biotiini (3a880) 0,15 mg, sinkki (3b612) 3,5 mg, mangaani (3b505 mg) (3b505 mg) (3b201) 0,15 mg, rauta (3b107) 2,4 mg, kupari (3b407) 0,5 mg, tauriini (3a370) 280 mg.<\/p>\n<p>Metaboloitunut energia 860 kcal\/kg.<\/p>\n","protected":false},"featured_media":24253,"template":"","meta":[],"product_brand":[],"product_cat":[264],"product_tag":[],"class_list":{"0":"post-27715","1":"product","2":"type-product","3":"status-publish","4":"has-post-thumbnail","6":"product_cat-marka-ruoka","8":"first","9":"instock","10":"sale","11":"taxable","12":"shipping-taxable","13":"purchasable","14":"product-type-simple"},"yoast_head":"<!-- This site is optimized with the Yoast SEO plugin v27.4 - https:\/\/yoast.com\/product\/yoast-seo-wordpress\/ -->\n<title>Brit Premium Delicate m\u00e4rk\u00e4ruoka kissoille naudanfilee 85g - MiuMjau<\/title>\n<meta name=\"robots\" content=\"index, follow, max-snippet:-1, max-image-preview:large, max-video-preview:-1\" \/>\n<link rel=\"canonical\" href=\"https:\/\/miumjau.ee\/tuote\/brit-premium-delicate-margtoit-kassile-veise-fileega-85g\/\" \/>\n<meta property=\"og:locale\" content=\"fi_FI\" \/>\n<meta property=\"og:type\" content=\"article\" \/>\n<meta property=\"og:title\" content=\"Brit Premium Delicate m\u00e4rk\u00e4ruoka kissoille naudanfilee 85g - MiuMjau\" \/>\n<meta property=\"og:description\" content=\"Brit Care -m\u00e4rk\u00e4ruoassa on korkea lihapitoisuus ja lihapaloja, joita kissat pureskelevat mielell\u00e4\u00e4n vaihteeksi.  Koostumus: 82% lihaa ja el\u00e4inper\u00e4isi\u00e4 tuotteita (8%), kasviper\u00e4isi\u00e4 johdannaisia \u200b\u200b(inuliini 0,4%), kivenn\u00e4isaineita. Ilman v\u00e4riaineita, ilman s\u00e4il\u00f6nt\u00e4aineita.  Analyyttiset aineosat: raakaproteiini 8,5 %, raaka\u00f6ljyt ja -rasvat 4,5 %, raakatuhka 2,0 %, raakakuitu 0,4 %, kosteus 82 %.  Lis\u00e4aineet per 1 kg: D3-vitamiini (3a671) 100 IU, E-vitamiini (3a700) 50 mg, B1-vitamiini (3a821) 0,3 mg, biotiini (3a880) 0,15 mg, sinkki (3b612) 3,5 mg, mangaani (3b505 mg) (3b505 mg) (3b201) 0,15 mg, rauta (3b107) 2,4 mg, kupari (3b407) 0,5 mg, tauriini (3a370) 280 mg.  Metaboloitunut energia 860 kcal\/kg.\" \/>\n<meta property=\"og:url\" content=\"https:\/\/miumjau.ee\/tuote\/brit-premium-delicate-margtoit-kassile-veise-fileega-85g\/\" \/>\n<meta property=\"og:site_name\" content=\"MiuMjau\" \/>\n<meta property=\"article:publisher\" content=\"https:\/\/www.facebook.com\/miumjaupood\/\" \/>\n<meta property=\"article:modified_time\" content=\"2026-01-07T20:57:10+00:00\" \/>\n<meta property=\"og:image\" content=\"https:\/\/miumjau.ee\/wp-content\/uploads\/2024\/11\/brit-premium-fillets-margtoit-kassidele-85g19.jpg\" \/>\n\t<meta property=\"og:image:width\" content=\"600\" \/>\n\t<meta property=\"og:image:height\" content=\"800\" \/>\n\t<meta property=\"og:image:type\" content=\"image\/jpeg\" \/>\n<meta name=\"twitter:card\" content=\"summary_large_image\" \/>\n<script type=\"application\/ld+json\" class=\"yoast-schema-graph\">{\"@context\":\"https:\\\/\\\/schema.org\",\"@graph\":[{\"@type\":\"WebPage\",\"@id\":\"https:\\\/\\\/miumjau.ee\\\/tuote\\\/brit-premium-delicate-margtoit-kassile-veise-fileega-85g\\\/\",\"url\":\"https:\\\/\\\/miumjau.ee\\\/tuote\\\/brit-premium-delicate-margtoit-kassile-veise-fileega-85g\\\/\",\"name\":\"Brit Premium Delicate m\u00e4rk\u00e4ruoka kissoille naudanfilee 85g - MiuMjau\",\"isPartOf\":{\"@id\":\"https:\\\/\\\/miumjau.ee\\\/#website\"},\"primaryImageOfPage\":{\"@id\":\"https:\\\/\\\/miumjau.ee\\\/tuote\\\/brit-premium-delicate-margtoit-kassile-veise-fileega-85g\\\/#primaryimage\"},\"image\":{\"@id\":\"https:\\\/\\\/miumjau.ee\\\/tuote\\\/brit-premium-delicate-margtoit-kassile-veise-fileega-85g\\\/#primaryimage\"},\"thumbnailUrl\":\"https:\\\/\\\/miumjau.ee\\\/wp-content\\\/uploads\\\/2024\\\/11\\\/brit-premium-fillets-margtoit-kassidele-85g19.jpg\",\"datePublished\":\"2024-11-15T06:37:41+00:00\",\"dateModified\":\"2026-01-07T20:57:10+00:00\",\"breadcrumb\":{\"@id\":\"https:\\\/\\\/miumjau.ee\\\/tuote\\\/brit-premium-delicate-margtoit-kassile-veise-fileega-85g\\\/#breadcrumb\"},\"inLanguage\":\"fi\",\"potentialAction\":[{\"@type\":\"ReadAction\",\"target\":[\"https:\\\/\\\/miumjau.ee\\\/tuote\\\/brit-premium-delicate-margtoit-kassile-veise-fileega-85g\\\/\"]}]},{\"@type\":\"ImageObject\",\"inLanguage\":\"fi\",\"@id\":\"https:\\\/\\\/miumjau.ee\\\/tuote\\\/brit-premium-delicate-margtoit-kassile-veise-fileega-85g\\\/#primaryimage\",\"url\":\"https:\\\/\\\/miumjau.ee\\\/wp-content\\\/uploads\\\/2024\\\/11\\\/brit-premium-fillets-margtoit-kassidele-85g19.jpg\",\"contentUrl\":\"https:\\\/\\\/miumjau.ee\\\/wp-content\\\/uploads\\\/2024\\\/11\\\/brit-premium-fillets-margtoit-kassidele-85g19.jpg\",\"width\":600,\"height\":800,\"caption\":\"Brit Premium FIllets\"},{\"@type\":\"BreadcrumbList\",\"@id\":\"https:\\\/\\\/miumjau.ee\\\/tuote\\\/brit-premium-delicate-margtoit-kassile-veise-fileega-85g\\\/#breadcrumb\",\"itemListElement\":[{\"@type\":\"ListItem\",\"position\":1,\"name\":\"Home\",\"item\":\"https:\\\/\\\/miumjau.ee\\\/fi\\\/\"},{\"@type\":\"ListItem\",\"position\":2,\"name\":\"Kauppa\",\"item\":\"https:\\\/\\\/miumjau.ee\\\/fi\\\/kauppa\\\/\"},{\"@type\":\"ListItem\",\"position\":3,\"name\":\"Brit Premium Delicate m\u00e4rk\u00e4ruoka kissoille naudanfilee 85g\"}]},{\"@type\":\"WebSite\",\"@id\":\"https:\\\/\\\/miumjau.ee\\\/#website\",\"url\":\"https:\\\/\\\/miumjau.ee\\\/\",\"name\":\"MiuMjau\",\"description\":\"Kraapimispuud kassidele\",\"publisher\":{\"@id\":\"https:\\\/\\\/miumjau.ee\\\/#organization\"},\"potentialAction\":[{\"@type\":\"SearchAction\",\"target\":{\"@type\":\"EntryPoint\",\"urlTemplate\":\"https:\\\/\\\/miumjau.ee\\\/?s={search_term_string}\"},\"query-input\":{\"@type\":\"PropertyValueSpecification\",\"valueRequired\":true,\"valueName\":\"search_term_string\"}}],\"inLanguage\":\"fi\"},{\"@type\":\"Organization\",\"@id\":\"https:\\\/\\\/miumjau.ee\\\/#organization\",\"name\":\"MiuMjau O\u00dc\",\"url\":\"https:\\\/\\\/miumjau.ee\\\/\",\"logo\":{\"@type\":\"ImageObject\",\"inLanguage\":\"fi\",\"@id\":\"https:\\\/\\\/miumjau.ee\\\/#\\\/schema\\\/logo\\\/image\\\/\",\"url\":\"https:\\\/\\\/miumjau.ee\\\/wp-content\\\/uploads\\\/2022\\\/04\\\/MiuMjau-logo-kollane.png\",\"contentUrl\":\"https:\\\/\\\/miumjau.ee\\\/wp-content\\\/uploads\\\/2022\\\/04\\\/MiuMjau-logo-kollane.png\",\"width\":219,\"height\":100,\"caption\":\"MiuMjau O\u00dc\"},\"image\":{\"@id\":\"https:\\\/\\\/miumjau.ee\\\/#\\\/schema\\\/logo\\\/image\\\/\"},\"sameAs\":[\"https:\\\/\\\/www.facebook.com\\\/miumjaupood\\\/\"]}]}<\/script>\n<!-- \/ Yoast SEO plugin. -->","yoast_head_json":{"title":"Brit Premium Delicate m\u00e4rk\u00e4ruoka kissoille naudanfilee 85g - MiuMjau","robots":{"index":"index","follow":"follow","max-snippet":"max-snippet:-1","max-image-preview":"max-image-preview:large","max-video-preview":"max-video-preview:-1"},"canonical":"https:\/\/miumjau.ee\/tuote\/brit-premium-delicate-margtoit-kassile-veise-fileega-85g\/","og_locale":"fi_FI","og_type":"article","og_title":"Brit Premium Delicate m\u00e4rk\u00e4ruoka kissoille naudanfilee 85g - MiuMjau","og_description":"Brit Care -m\u00e4rk\u00e4ruoassa on korkea lihapitoisuus ja lihapaloja, joita kissat pureskelevat mielell\u00e4\u00e4n vaihteeksi.  Koostumus: 82% lihaa ja el\u00e4inper\u00e4isi\u00e4 tuotteita (8%), kasviper\u00e4isi\u00e4 johdannaisia \u200b\u200b(inuliini 0,4%), kivenn\u00e4isaineita. Ilman v\u00e4riaineita, ilman s\u00e4il\u00f6nt\u00e4aineita.  Analyyttiset aineosat: raakaproteiini 8,5 %, raaka\u00f6ljyt ja -rasvat 4,5 %, raakatuhka 2,0 %, raakakuitu 0,4 %, kosteus 82 %.  Lis\u00e4aineet per 1 kg: D3-vitamiini (3a671) 100 IU, E-vitamiini (3a700) 50 mg, B1-vitamiini (3a821) 0,3 mg, biotiini (3a880) 0,15 mg, sinkki (3b612) 3,5 mg, mangaani (3b505 mg) (3b505 mg) (3b201) 0,15 mg, rauta (3b107) 2,4 mg, kupari (3b407) 0,5 mg, tauriini (3a370) 280 mg.  Metaboloitunut energia 860 kcal\/kg.","og_url":"https:\/\/miumjau.ee\/tuote\/brit-premium-delicate-margtoit-kassile-veise-fileega-85g\/","og_site_name":"MiuMjau","article_publisher":"https:\/\/www.facebook.com\/miumjaupood\/","article_modified_time":"2026-01-07T20:57:10+00:00","og_image":[{"width":600,"height":800,"url":"https:\/\/miumjau.ee\/wp-content\/uploads\/2024\/11\/brit-premium-fillets-margtoit-kassidele-85g19.jpg","type":"image\/jpeg"}],"twitter_card":"summary_large_image","schema":{"@context":"https:\/\/schema.org","@graph":[{"@type":"WebPage","@id":"https:\/\/miumjau.ee\/tuote\/brit-premium-delicate-margtoit-kassile-veise-fileega-85g\/","url":"https:\/\/miumjau.ee\/tuote\/brit-premium-delicate-margtoit-kassile-veise-fileega-85g\/","name":"Brit Premium Delicate m\u00e4rk\u00e4ruoka kissoille naudanfilee 85g - MiuMjau","isPartOf":{"@id":"https:\/\/miumjau.ee\/#website"},"primaryImageOfPage":{"@id":"https:\/\/miumjau.ee\/tuote\/brit-premium-delicate-margtoit-kassile-veise-fileega-85g\/#primaryimage"},"image":{"@id":"https:\/\/miumjau.ee\/tuote\/brit-premium-delicate-margtoit-kassile-veise-fileega-85g\/#primaryimage"},"thumbnailUrl":"https:\/\/miumjau.ee\/wp-content\/uploads\/2024\/11\/brit-premium-fillets-margtoit-kassidele-85g19.jpg","datePublished":"2024-11-15T06:37:41+00:00","dateModified":"2026-01-07T20:57:10+00:00","breadcrumb":{"@id":"https:\/\/miumjau.ee\/tuote\/brit-premium-delicate-margtoit-kassile-veise-fileega-85g\/#breadcrumb"},"inLanguage":"fi","potentialAction":[{"@type":"ReadAction","target":["https:\/\/miumjau.ee\/tuote\/brit-premium-delicate-margtoit-kassile-veise-fileega-85g\/"]}]},{"@type":"ImageObject","inLanguage":"fi","@id":"https:\/\/miumjau.ee\/tuote\/brit-premium-delicate-margtoit-kassile-veise-fileega-85g\/#primaryimage","url":"https:\/\/miumjau.ee\/wp-content\/uploads\/2024\/11\/brit-premium-fillets-margtoit-kassidele-85g19.jpg","contentUrl":"https:\/\/miumjau.ee\/wp-content\/uploads\/2024\/11\/brit-premium-fillets-margtoit-kassidele-85g19.jpg","width":600,"height":800,"caption":"Brit Premium FIllets"},{"@type":"BreadcrumbList","@id":"https:\/\/miumjau.ee\/tuote\/brit-premium-delicate-margtoit-kassile-veise-fileega-85g\/#breadcrumb","itemListElement":[{"@type":"ListItem","position":1,"name":"Home","item":"https:\/\/miumjau.ee\/fi\/"},{"@type":"ListItem","position":2,"name":"Kauppa","item":"https:\/\/miumjau.ee\/fi\/kauppa\/"},{"@type":"ListItem","position":3,"name":"Brit Premium Delicate m\u00e4rk\u00e4ruoka kissoille naudanfilee 85g"}]},{"@type":"WebSite","@id":"https:\/\/miumjau.ee\/#website","url":"https:\/\/miumjau.ee\/","name":"MiuMjau","description":"Kraapimispuud kassidele","publisher":{"@id":"https:\/\/miumjau.ee\/#organization"},"potentialAction":[{"@type":"SearchAction","target":{"@type":"EntryPoint","urlTemplate":"https:\/\/miumjau.ee\/?s={search_term_string}"},"query-input":{"@type":"PropertyValueSpecification","valueRequired":true,"valueName":"search_term_string"}}],"inLanguage":"fi"},{"@type":"Organization","@id":"https:\/\/miumjau.ee\/#organization","name":"MiuMjau O\u00dc","url":"https:\/\/miumjau.ee\/","logo":{"@type":"ImageObject","inLanguage":"fi","@id":"https:\/\/miumjau.ee\/#\/schema\/logo\/image\/","url":"https:\/\/miumjau.ee\/wp-content\/uploads\/2022\/04\/MiuMjau-logo-kollane.png","contentUrl":"https:\/\/miumjau.ee\/wp-content\/uploads\/2022\/04\/MiuMjau-logo-kollane.png","width":219,"height":100,"caption":"MiuMjau O\u00dc"},"image":{"@id":"https:\/\/miumjau.ee\/#\/schema\/logo\/image\/"},"sameAs":["https:\/\/www.facebook.com\/miumjaupood\/"]}]}},"_links":{"self":[{"href":"https:\/\/miumjau.ee\/fi\/wp-json\/wp\/v2\/product\/27715","targetHints":{"allow":["GET"]}}],"collection":[{"href":"https:\/\/miumjau.ee\/fi\/wp-json\/wp\/v2\/product"}],"about":[{"href":"https:\/\/miumjau.ee\/fi\/wp-json\/wp\/v2\/types\/product"}],"wp:featuredmedia":[{"embeddable":true,"href":"https:\/\/miumjau.ee\/fi\/wp-json\/wp\/v2\/media\/24253"}],"wp:attachment":[{"href":"https:\/\/miumjau.ee\/fi\/wp-json\/wp\/v2\/media?parent=27715"}],"wp:term":[{"taxonomy":"product_brand","embeddable":true,"href":"https:\/\/miumjau.ee\/fi\/wp-json\/wp\/v2\/product_brand?post=27715"},{"taxonomy":"product_cat","embeddable":true,"href":"https:\/\/miumjau.ee\/fi\/wp-json\/wp\/v2\/product_cat?post=27715"},{"taxonomy":"product_tag","embeddable":true,"href":"https:\/\/miumjau.ee\/fi\/wp-json\/wp\/v2\/product_tag?post=27715"}],"curies":[{"name":"wp","href":"https:\/\/api.w.org\/{rel}","templated":true}]}}