{"id":27714,"date":"2024-11-13T18:42:04","date_gmt":"2024-11-13T16:42:04","guid":{"rendered":"https:\/\/miumjau.ee\/toode\/brit-care-fillets-sterilized-kastikkeessa-kani-85g\/"},"modified":"2026-01-07T22:57:17","modified_gmt":"2026-01-07T20:57:17","slug":"brit-care-fillets-sterilized-kastikkeessa-kani-85g","status":"publish","type":"product","link":"https:\/\/miumjau.ee\/fi\/tuote\/brit-care-fillets-sterilized-kastikkeessa-kani-85g\/","title":{"rendered":"Brit Care Fillets Sterilized kastikkeessa kani 85g"},"content":{"rendered":"","protected":false},"excerpt":{"rendered":"<p>Kissanruoan tulee olla monipuolista, maukasta ja terveellist\u00e4. Brit Care Sterilized Filets herkullista ruokaa voidaan k\u00e4ytt\u00e4\u00e4 t\u00e4ysruokana tai kuivaruoan lis\u00e4kkeen\u00e4 monipuolisuuden ja maun lis\u00e4\u00e4miseksi. Sopii erityisesti nirsoille kissoille tai el\u00e4imille, joilla on ravitsemusongelmia. Tukee virtsatiej\u00e4rjestelm\u00e4\u00e4.<\/p>\n<p>Viljattomia reseptej\u00e4<br \/>\n85% lihaa<br \/>\nEritt\u00e4in maukasta<br \/>\nSis\u00e4lt\u00e4\u00e4 luonnollisia antioksidantteja: rosmariiniuutetta<br \/>\nEi lis\u00e4tty\u00e4 sokeria &#8211; Ei soijaa &#8211; Ei GMO<br \/>\nAinesosat: 85% lihafilee (62% kana, 15% maksa, 8% kani), liemi, 1% tyrni, 0,5% nasturtium, kivenn\u00e4isaineet, hernet\u00e4rkkelys.<\/p>\n<p>Analyyttiset aineosat: raakaproteiini 9,0 %, raakarasva 3,0 %, raakakuitu 0,5 %, raakatuhka 2,0 %, kosteus 82,0 %, kalsium 0,25 %, fosfori 0,2 %, natrium 0,3 %.<\/p>\n<p>Lis\u00e4aineet: D3-vitamiini (E671) 250 IU, E-vitamiini (3a700) 150 mg, biotiini (3a880) 0,5 mg, sinkki (3b606) 12 mg, mangaani (3b502) 3 mg, rauta (3b103) 10 mg, kupari 0 mg (3b4)0 mg. 7 mg, tauriini (3a370) 500 mg, L-metioniini (3c305) 2000 mg. Sis\u00e4lt\u00e4\u00e4 luonnollisia antioksidantteja: kasvi\u00f6ljyuutteesta saatu tokoferoli (1b306), askorbyylipalmitaatti (1b304) ja rosmariiniuute.<\/p>\n<p>Metaboloituva energia: 840 kcal\/kg.<\/p>\n","protected":false},"featured_media":24161,"template":"","meta":[],"product_brand":[],"product_cat":[264],"product_tag":[],"class_list":{"0":"post-27714","1":"product","2":"type-product","3":"status-publish","4":"has-post-thumbnail","6":"product_cat-marka-ruoka","8":"first","9":"instock","10":"sale","11":"taxable","12":"shipping-taxable","13":"purchasable","14":"product-type-simple"},"yoast_head":"<!-- This site is optimized with the Yoast SEO plugin v27.4 - https:\/\/yoast.com\/product\/yoast-seo-wordpress\/ -->\n<title>Brit Care Fillets Sterilized kastikkeessa kani 85g - MiuMjau<\/title>\n<meta name=\"description\" content=\"Brit Care on herkullinen, aromaattinen ja liharikas ruoka kissallesi. Parhaat raaka-aineet k\u00e4tev\u00e4ss\u00e4 paketissa. Mik\u00e4 on kissasi suosikki?\" \/>\n<meta name=\"robots\" content=\"index, follow, max-snippet:-1, max-image-preview:large, max-video-preview:-1\" \/>\n<link rel=\"canonical\" href=\"https:\/\/miumjau.ee\/tuote\/brit-care-fillets-kassi-margtoit-kastmes-janes-85g\/\" \/>\n<meta property=\"og:locale\" content=\"fi_FI\" \/>\n<meta property=\"og:type\" content=\"article\" \/>\n<meta property=\"og:title\" content=\"Brit Care Fillets Sterilized kastikkeessa kani 85g - MiuMjau\" \/>\n<meta property=\"og:description\" content=\"Brit Care on herkullinen, aromaattinen ja liharikas ruoka kissallesi. Parhaat raaka-aineet k\u00e4tev\u00e4ss\u00e4 paketissa. Mik\u00e4 on kissasi suosikki?\" \/>\n<meta property=\"og:url\" content=\"https:\/\/miumjau.ee\/tuote\/brit-care-fillets-kassi-margtoit-kastmes-janes-85g\/\" \/>\n<meta property=\"og:site_name\" content=\"MiuMjau\" \/>\n<meta property=\"article:publisher\" content=\"https:\/\/www.facebook.com\/miumjaupood\/\" \/>\n<meta property=\"article:modified_time\" content=\"2026-01-07T20:57:17+00:00\" \/>\n<meta property=\"og:image\" content=\"https:\/\/miumjau.ee\/wp-content\/uploads\/2024\/11\/brit-care-fillets-margtoit-kassile1.jpg\" \/>\n\t<meta property=\"og:image:width\" content=\"600\" \/>\n\t<meta property=\"og:image:height\" content=\"800\" \/>\n\t<meta property=\"og:image:type\" content=\"image\/jpeg\" \/>\n<meta name=\"twitter:card\" content=\"summary_large_image\" \/>\n<script type=\"application\/ld+json\" class=\"yoast-schema-graph\">{\"@context\":\"https:\\\/\\\/schema.org\",\"@graph\":[{\"@type\":\"WebPage\",\"@id\":\"https:\\\/\\\/miumjau.ee\\\/tuote\\\/brit-care-fillets-kassi-margtoit-kastmes-janes-85g\\\/\",\"url\":\"https:\\\/\\\/miumjau.ee\\\/tuote\\\/brit-care-fillets-kassi-margtoit-kastmes-janes-85g\\\/\",\"name\":\"Brit Care Fillets Sterilized kastikkeessa kani 85g - MiuMjau\",\"isPartOf\":{\"@id\":\"https:\\\/\\\/miumjau.ee\\\/#website\"},\"primaryImageOfPage\":{\"@id\":\"https:\\\/\\\/miumjau.ee\\\/tuote\\\/brit-care-fillets-kassi-margtoit-kastmes-janes-85g\\\/#primaryimage\"},\"image\":{\"@id\":\"https:\\\/\\\/miumjau.ee\\\/tuote\\\/brit-care-fillets-kassi-margtoit-kastmes-janes-85g\\\/#primaryimage\"},\"thumbnailUrl\":\"https:\\\/\\\/miumjau.ee\\\/wp-content\\\/uploads\\\/2024\\\/11\\\/brit-care-fillets-margtoit-kassile1.jpg\",\"datePublished\":\"2024-11-13T16:42:04+00:00\",\"dateModified\":\"2026-01-07T20:57:17+00:00\",\"description\":\"Brit Care on herkullinen, aromaattinen ja liharikas ruoka kissallesi. Parhaat raaka-aineet k\u00e4tev\u00e4ss\u00e4 paketissa. Mik\u00e4 on kissasi suosikki?\",\"breadcrumb\":{\"@id\":\"https:\\\/\\\/miumjau.ee\\\/tuote\\\/brit-care-fillets-kassi-margtoit-kastmes-janes-85g\\\/#breadcrumb\"},\"inLanguage\":\"fi\",\"potentialAction\":[{\"@type\":\"ReadAction\",\"target\":[\"https:\\\/\\\/miumjau.ee\\\/tuote\\\/brit-care-fillets-kassi-margtoit-kastmes-janes-85g\\\/\"]}]},{\"@type\":\"ImageObject\",\"inLanguage\":\"fi\",\"@id\":\"https:\\\/\\\/miumjau.ee\\\/tuote\\\/brit-care-fillets-kassi-margtoit-kastmes-janes-85g\\\/#primaryimage\",\"url\":\"https:\\\/\\\/miumjau.ee\\\/wp-content\\\/uploads\\\/2024\\\/11\\\/brit-care-fillets-margtoit-kassile1.jpg\",\"contentUrl\":\"https:\\\/\\\/miumjau.ee\\\/wp-content\\\/uploads\\\/2024\\\/11\\\/brit-care-fillets-margtoit-kassile1.jpg\",\"width\":600,\"height\":800,\"caption\":\"Brit Care Fillets m\u00e4rgtoit kassile\"},{\"@type\":\"BreadcrumbList\",\"@id\":\"https:\\\/\\\/miumjau.ee\\\/tuote\\\/brit-care-fillets-kassi-margtoit-kastmes-janes-85g\\\/#breadcrumb\",\"itemListElement\":[{\"@type\":\"ListItem\",\"position\":1,\"name\":\"Home\",\"item\":\"https:\\\/\\\/miumjau.ee\\\/fi\\\/\"},{\"@type\":\"ListItem\",\"position\":2,\"name\":\"Kauppa\",\"item\":\"https:\\\/\\\/miumjau.ee\\\/fi\\\/kauppa\\\/\"},{\"@type\":\"ListItem\",\"position\":3,\"name\":\"Brit Care Fillets Sterilized kastikkeessa kani 85g\"}]},{\"@type\":\"WebSite\",\"@id\":\"https:\\\/\\\/miumjau.ee\\\/#website\",\"url\":\"https:\\\/\\\/miumjau.ee\\\/\",\"name\":\"MiuMjau\",\"description\":\"Kraapimispuud kassidele\",\"publisher\":{\"@id\":\"https:\\\/\\\/miumjau.ee\\\/#organization\"},\"potentialAction\":[{\"@type\":\"SearchAction\",\"target\":{\"@type\":\"EntryPoint\",\"urlTemplate\":\"https:\\\/\\\/miumjau.ee\\\/?s={search_term_string}\"},\"query-input\":{\"@type\":\"PropertyValueSpecification\",\"valueRequired\":true,\"valueName\":\"search_term_string\"}}],\"inLanguage\":\"fi\"},{\"@type\":\"Organization\",\"@id\":\"https:\\\/\\\/miumjau.ee\\\/#organization\",\"name\":\"MiuMjau O\u00dc\",\"url\":\"https:\\\/\\\/miumjau.ee\\\/\",\"logo\":{\"@type\":\"ImageObject\",\"inLanguage\":\"fi\",\"@id\":\"https:\\\/\\\/miumjau.ee\\\/#\\\/schema\\\/logo\\\/image\\\/\",\"url\":\"https:\\\/\\\/miumjau.ee\\\/wp-content\\\/uploads\\\/2022\\\/04\\\/MiuMjau-logo-kollane.png\",\"contentUrl\":\"https:\\\/\\\/miumjau.ee\\\/wp-content\\\/uploads\\\/2022\\\/04\\\/MiuMjau-logo-kollane.png\",\"width\":219,\"height\":100,\"caption\":\"MiuMjau O\u00dc\"},\"image\":{\"@id\":\"https:\\\/\\\/miumjau.ee\\\/#\\\/schema\\\/logo\\\/image\\\/\"},\"sameAs\":[\"https:\\\/\\\/www.facebook.com\\\/miumjaupood\\\/\"]}]}<\/script>\n<!-- \/ Yoast SEO plugin. -->","yoast_head_json":{"title":"Brit Care Fillets Sterilized kastikkeessa kani 85g - MiuMjau","description":"Brit Care on herkullinen, aromaattinen ja liharikas ruoka kissallesi. Parhaat raaka-aineet k\u00e4tev\u00e4ss\u00e4 paketissa. Mik\u00e4 on kissasi suosikki?","robots":{"index":"index","follow":"follow","max-snippet":"max-snippet:-1","max-image-preview":"max-image-preview:large","max-video-preview":"max-video-preview:-1"},"canonical":"https:\/\/miumjau.ee\/tuote\/brit-care-fillets-kassi-margtoit-kastmes-janes-85g\/","og_locale":"fi_FI","og_type":"article","og_title":"Brit Care Fillets Sterilized kastikkeessa kani 85g - MiuMjau","og_description":"Brit Care on herkullinen, aromaattinen ja liharikas ruoka kissallesi. Parhaat raaka-aineet k\u00e4tev\u00e4ss\u00e4 paketissa. Mik\u00e4 on kissasi suosikki?","og_url":"https:\/\/miumjau.ee\/tuote\/brit-care-fillets-kassi-margtoit-kastmes-janes-85g\/","og_site_name":"MiuMjau","article_publisher":"https:\/\/www.facebook.com\/miumjaupood\/","article_modified_time":"2026-01-07T20:57:17+00:00","og_image":[{"width":600,"height":800,"url":"https:\/\/miumjau.ee\/wp-content\/uploads\/2024\/11\/brit-care-fillets-margtoit-kassile1.jpg","type":"image\/jpeg"}],"twitter_card":"summary_large_image","schema":{"@context":"https:\/\/schema.org","@graph":[{"@type":"WebPage","@id":"https:\/\/miumjau.ee\/tuote\/brit-care-fillets-kassi-margtoit-kastmes-janes-85g\/","url":"https:\/\/miumjau.ee\/tuote\/brit-care-fillets-kassi-margtoit-kastmes-janes-85g\/","name":"Brit Care Fillets Sterilized kastikkeessa kani 85g - MiuMjau","isPartOf":{"@id":"https:\/\/miumjau.ee\/#website"},"primaryImageOfPage":{"@id":"https:\/\/miumjau.ee\/tuote\/brit-care-fillets-kassi-margtoit-kastmes-janes-85g\/#primaryimage"},"image":{"@id":"https:\/\/miumjau.ee\/tuote\/brit-care-fillets-kassi-margtoit-kastmes-janes-85g\/#primaryimage"},"thumbnailUrl":"https:\/\/miumjau.ee\/wp-content\/uploads\/2024\/11\/brit-care-fillets-margtoit-kassile1.jpg","datePublished":"2024-11-13T16:42:04+00:00","dateModified":"2026-01-07T20:57:17+00:00","description":"Brit Care on herkullinen, aromaattinen ja liharikas ruoka kissallesi. Parhaat raaka-aineet k\u00e4tev\u00e4ss\u00e4 paketissa. Mik\u00e4 on kissasi suosikki?","breadcrumb":{"@id":"https:\/\/miumjau.ee\/tuote\/brit-care-fillets-kassi-margtoit-kastmes-janes-85g\/#breadcrumb"},"inLanguage":"fi","potentialAction":[{"@type":"ReadAction","target":["https:\/\/miumjau.ee\/tuote\/brit-care-fillets-kassi-margtoit-kastmes-janes-85g\/"]}]},{"@type":"ImageObject","inLanguage":"fi","@id":"https:\/\/miumjau.ee\/tuote\/brit-care-fillets-kassi-margtoit-kastmes-janes-85g\/#primaryimage","url":"https:\/\/miumjau.ee\/wp-content\/uploads\/2024\/11\/brit-care-fillets-margtoit-kassile1.jpg","contentUrl":"https:\/\/miumjau.ee\/wp-content\/uploads\/2024\/11\/brit-care-fillets-margtoit-kassile1.jpg","width":600,"height":800,"caption":"Brit Care Fillets m\u00e4rgtoit kassile"},{"@type":"BreadcrumbList","@id":"https:\/\/miumjau.ee\/tuote\/brit-care-fillets-kassi-margtoit-kastmes-janes-85g\/#breadcrumb","itemListElement":[{"@type":"ListItem","position":1,"name":"Home","item":"https:\/\/miumjau.ee\/fi\/"},{"@type":"ListItem","position":2,"name":"Kauppa","item":"https:\/\/miumjau.ee\/fi\/kauppa\/"},{"@type":"ListItem","position":3,"name":"Brit Care Fillets Sterilized kastikkeessa kani 85g"}]},{"@type":"WebSite","@id":"https:\/\/miumjau.ee\/#website","url":"https:\/\/miumjau.ee\/","name":"MiuMjau","description":"Kraapimispuud kassidele","publisher":{"@id":"https:\/\/miumjau.ee\/#organization"},"potentialAction":[{"@type":"SearchAction","target":{"@type":"EntryPoint","urlTemplate":"https:\/\/miumjau.ee\/?s={search_term_string}"},"query-input":{"@type":"PropertyValueSpecification","valueRequired":true,"valueName":"search_term_string"}}],"inLanguage":"fi"},{"@type":"Organization","@id":"https:\/\/miumjau.ee\/#organization","name":"MiuMjau O\u00dc","url":"https:\/\/miumjau.ee\/","logo":{"@type":"ImageObject","inLanguage":"fi","@id":"https:\/\/miumjau.ee\/#\/schema\/logo\/image\/","url":"https:\/\/miumjau.ee\/wp-content\/uploads\/2022\/04\/MiuMjau-logo-kollane.png","contentUrl":"https:\/\/miumjau.ee\/wp-content\/uploads\/2022\/04\/MiuMjau-logo-kollane.png","width":219,"height":100,"caption":"MiuMjau O\u00dc"},"image":{"@id":"https:\/\/miumjau.ee\/#\/schema\/logo\/image\/"},"sameAs":["https:\/\/www.facebook.com\/miumjaupood\/"]}]}},"_links":{"self":[{"href":"https:\/\/miumjau.ee\/fi\/wp-json\/wp\/v2\/product\/27714","targetHints":{"allow":["GET"]}}],"collection":[{"href":"https:\/\/miumjau.ee\/fi\/wp-json\/wp\/v2\/product"}],"about":[{"href":"https:\/\/miumjau.ee\/fi\/wp-json\/wp\/v2\/types\/product"}],"wp:featuredmedia":[{"embeddable":true,"href":"https:\/\/miumjau.ee\/fi\/wp-json\/wp\/v2\/media\/24161"}],"wp:attachment":[{"href":"https:\/\/miumjau.ee\/fi\/wp-json\/wp\/v2\/media?parent=27714"}],"wp:term":[{"taxonomy":"product_brand","embeddable":true,"href":"https:\/\/miumjau.ee\/fi\/wp-json\/wp\/v2\/product_brand?post=27714"},{"taxonomy":"product_cat","embeddable":true,"href":"https:\/\/miumjau.ee\/fi\/wp-json\/wp\/v2\/product_cat?post=27714"},{"taxonomy":"product_tag","embeddable":true,"href":"https:\/\/miumjau.ee\/fi\/wp-json\/wp\/v2\/product_tag?post=27714"}],"curies":[{"name":"wp","href":"https:\/\/api.w.org\/{rel}","templated":true}]}}