{"id":27710,"date":"2024-11-13T15:06:19","date_gmt":"2024-11-13T13:06:19","guid":{"rendered":"https:\/\/miumjau.ee\/toode\/brit-care-superfruits-100g-silakka-ja-tyrni\/"},"modified":"2026-01-07T22:57:17","modified_gmt":"2026-01-07T20:57:17","slug":"brit-care-superfruits-100g-silakka-ja-tyrni","status":"publish","type":"product","link":"https:\/\/miumjau.ee\/fi\/tuote\/brit-care-superfruits-100g-silakka-ja-tyrni\/","title":{"rendered":"Brit Care Superfruits 100g, silakka ja tyrni"},"content":{"rendered":"","protected":false},"excerpt":{"rendered":"<p data-sourcepos=\"3:1-3:222\">Brit Care Superfruits. T\u00e4ydent\u00e4v\u00e4 ravinto steriloiduille kissoille. Rapea v\u00e4lipala lampaanlihalla ja &#8221;SUPERVOIMALLA&#8221; &#8211; tyrnimarjalla. Rapeat viljattomat herkut, jotka houkuttelevat kissasi viett\u00e4m\u00e4\u00e4n hauskaa aikaa yhdess\u00e4.<\/p>\n<p data-sourcepos=\"5:1-5:317\"><strong>Koostumus:<\/strong> silliproteiini (30 %), keltaiset herneet, kanarasva (9 %), herneproteiini, hydrolysoitu kananproteiini (8 %), kuivattu tyrni (4 %), kuivattu omenamassa, hydrolysoitu kananmaksa (3 %), oluthiiva (2 %), lohi\u00f6ljy (2 %), hernejauho, pellavansiemenet (1 %), natriumkloridi (0,5 %), kananmunankuorikalvo (0,1 %).<\/p>\n<p data-sourcepos=\"7:1-7:235\"><strong>Brit Care Superfruits Sillian analyyttiset ainesosat:<\/strong> raakavalkuainen 37 %, raakarasva 17 %, raakatuhka 7 %, raakakuitu 2,5 %, kosteus 10 %, kalsium 1,0 %, fosfori 0,8 %, natrium 0,9 %, magnesium 0,05 %, omega-3 0,75 %, omega-6 2,35 %.<\/p>\n<p data-sourcepos=\"9:1-9:151\"><strong>Ravintosis\u00e4lt\u00f6:<\/strong> Sis\u00e4lt\u00e4\u00e4 EU:n hyv\u00e4ksymi\u00e4 antioksidantteja: kasvi\u00f6ljyjen tokoferoliuutteita (1b306(i)), askorbyylipalmitaatti (1b304) ja rosmariiniuute.<\/p>\n<p data-sourcepos=\"11:1-11:33\"><strong>Metabolinen energia:<\/strong> 3910 kcal\/kg<\/p>\n","protected":false},"featured_media":24100,"template":"","meta":[],"product_brand":[],"product_cat":[266],"product_tag":[],"class_list":{"0":"post-27710","1":"product","2":"type-product","3":"status-publish","4":"has-post-thumbnail","6":"product_cat-makeiset","8":"first","9":"instock","10":"taxable","11":"shipping-taxable","12":"purchasable","13":"product-type-simple"},"yoast_head":"<!-- This site is optimized with the Yoast SEO plugin v27.2 - https:\/\/yoast.com\/product\/yoast-seo-wordpress\/ -->\n<title>Brit Care Superfruits 100g, silakka ja tyrni - MiuMjau<\/title>\n<meta name=\"robots\" content=\"index, follow, max-snippet:-1, max-image-preview:large, max-video-preview:-1\" \/>\n<link rel=\"canonical\" href=\"https:\/\/miumjau.ee\/tuote\/brit-care-superfruits-100g-heeringas-ja-astelpaju\/\" \/>\n<meta property=\"og:locale\" content=\"fi_FI\" \/>\n<meta property=\"og:type\" content=\"article\" \/>\n<meta property=\"og:title\" content=\"Brit Care Superfruits 100g, silakka ja tyrni - MiuMjau\" \/>\n<meta property=\"og:description\" content=\"Brit Care Superfruits. T\u00e4ydent\u00e4v\u00e4 ravinto steriloiduille kissoille. Rapea v\u00e4lipala lampaanlihalla ja &quot;SUPERVOIMALLA&quot; - tyrnimarjalla. Rapeat viljattomat herkut, jotka houkuttelevat kissasi viett\u00e4m\u00e4\u00e4n hauskaa aikaa yhdess\u00e4. Koostumus: silliproteiini (30 %), keltaiset herneet, kanarasva (9 %), herneproteiini, hydrolysoitu kananproteiini (8 %), kuivattu tyrni (4 %), kuivattu omenamassa, hydrolysoitu kananmaksa (3 %), oluthiiva (2 %), lohi\u00f6ljy (2 %), hernejauho, pellavansiemenet (1 %), natriumkloridi (0,5 %), kananmunankuorikalvo (0,1 %). Brit Care Superfruits Sillian analyyttiset ainesosat: raakavalkuainen 37 %, raakarasva 17 %, raakatuhka 7 %, raakakuitu 2,5 %, kosteus 10 %, kalsium 1,0 %, fosfori 0,8 %, natrium 0,9 %, magnesium 0,05 %, omega-3 0,75 %, omega-6 2,35 %. Ravintosis\u00e4lt\u00f6: Sis\u00e4lt\u00e4\u00e4 EU:n hyv\u00e4ksymi\u00e4 antioksidantteja: kasvi\u00f6ljyjen tokoferoliuutteita (1b306(i)), askorbyylipalmitaatti (1b304) ja rosmariiniuute. Metabolinen energia: 3910 kcal\/kg\" \/>\n<meta property=\"og:url\" content=\"https:\/\/miumjau.ee\/tuote\/brit-care-superfruits-100g-heeringas-ja-astelpaju\/\" \/>\n<meta property=\"og:site_name\" content=\"MiuMjau\" \/>\n<meta property=\"article:publisher\" content=\"https:\/\/www.facebook.com\/miumjaupood\/\" \/>\n<meta property=\"article:modified_time\" content=\"2026-01-07T20:57:17+00:00\" \/>\n<meta property=\"og:image\" content=\"https:\/\/miumjau.ee\/wp-content\/uploads\/2024\/11\/4843-Brit-Care-Superfruits-Herring-with-Sea-Buckthorn.jpg\" \/>\n\t<meta property=\"og:image:width\" content=\"600\" \/>\n\t<meta property=\"og:image:height\" content=\"800\" \/>\n\t<meta property=\"og:image:type\" content=\"image\/jpeg\" \/>\n<meta name=\"twitter:card\" content=\"summary_large_image\" \/>\n<script type=\"application\/ld+json\" class=\"yoast-schema-graph\">{\"@context\":\"https:\/\/schema.org\",\"@graph\":[{\"@type\":\"WebPage\",\"@id\":\"https:\/\/miumjau.ee\/tuote\/brit-care-superfruits-100g-heeringas-ja-astelpaju\/\",\"url\":\"https:\/\/miumjau.ee\/tuote\/brit-care-superfruits-100g-heeringas-ja-astelpaju\/\",\"name\":\"Brit Care Superfruits 100g, silakka ja tyrni - MiuMjau\",\"isPartOf\":{\"@id\":\"https:\/\/miumjau.ee\/#website\"},\"primaryImageOfPage\":{\"@id\":\"https:\/\/miumjau.ee\/tuote\/brit-care-superfruits-100g-heeringas-ja-astelpaju\/#primaryimage\"},\"image\":{\"@id\":\"https:\/\/miumjau.ee\/tuote\/brit-care-superfruits-100g-heeringas-ja-astelpaju\/#primaryimage\"},\"thumbnailUrl\":\"https:\/\/miumjau.ee\/wp-content\/uploads\/2024\/11\/4843-Brit-Care-Superfruits-Herring-with-Sea-Buckthorn.jpg\",\"datePublished\":\"2024-11-13T13:06:19+00:00\",\"dateModified\":\"2026-01-07T20:57:17+00:00\",\"breadcrumb\":{\"@id\":\"https:\/\/miumjau.ee\/tuote\/brit-care-superfruits-100g-heeringas-ja-astelpaju\/#breadcrumb\"},\"inLanguage\":\"fi\",\"potentialAction\":[{\"@type\":\"ReadAction\",\"target\":[\"https:\/\/miumjau.ee\/tuote\/brit-care-superfruits-100g-heeringas-ja-astelpaju\/\"]}]},{\"@type\":\"ImageObject\",\"inLanguage\":\"fi\",\"@id\":\"https:\/\/miumjau.ee\/tuote\/brit-care-superfruits-100g-heeringas-ja-astelpaju\/#primaryimage\",\"url\":\"https:\/\/miumjau.ee\/wp-content\/uploads\/2024\/11\/4843-Brit-Care-Superfruits-Herring-with-Sea-Buckthorn.jpg\",\"contentUrl\":\"https:\/\/miumjau.ee\/wp-content\/uploads\/2024\/11\/4843-Brit-Care-Superfruits-Herring-with-Sea-Buckthorn.jpg\",\"width\":600,\"height\":800,\"caption\":\"Brit Care Superfruits 100g, heeringas ja astelpaju\"},{\"@type\":\"BreadcrumbList\",\"@id\":\"https:\/\/miumjau.ee\/tuote\/brit-care-superfruits-100g-heeringas-ja-astelpaju\/#breadcrumb\",\"itemListElement\":[{\"@type\":\"ListItem\",\"position\":1,\"name\":\"Home\",\"item\":\"https:\/\/miumjau.ee\/fi\/\"},{\"@type\":\"ListItem\",\"position\":2,\"name\":\"Kauppa\",\"item\":\"https:\/\/miumjau.ee\/fi\/kauppa\/\"},{\"@type\":\"ListItem\",\"position\":3,\"name\":\"Brit Care Superfruits 100g, silakka ja tyrni\"}]},{\"@type\":\"WebSite\",\"@id\":\"https:\/\/miumjau.ee\/#website\",\"url\":\"https:\/\/miumjau.ee\/\",\"name\":\"MiuMjau\",\"description\":\"Kraapimispuud kassidele\",\"publisher\":{\"@id\":\"https:\/\/miumjau.ee\/#organization\"},\"potentialAction\":[{\"@type\":\"SearchAction\",\"target\":{\"@type\":\"EntryPoint\",\"urlTemplate\":\"https:\/\/miumjau.ee\/?s={search_term_string}\"},\"query-input\":{\"@type\":\"PropertyValueSpecification\",\"valueRequired\":true,\"valueName\":\"search_term_string\"}}],\"inLanguage\":\"fi\"},{\"@type\":\"Organization\",\"@id\":\"https:\/\/miumjau.ee\/#organization\",\"name\":\"MiuMjau O\u00dc\",\"url\":\"https:\/\/miumjau.ee\/\",\"logo\":{\"@type\":\"ImageObject\",\"inLanguage\":\"fi\",\"@id\":\"https:\/\/miumjau.ee\/#\/schema\/logo\/image\/\",\"url\":\"https:\/\/miumjau.ee\/wp-content\/uploads\/2022\/04\/MiuMjau-logo-kollane.png\",\"contentUrl\":\"https:\/\/miumjau.ee\/wp-content\/uploads\/2022\/04\/MiuMjau-logo-kollane.png\",\"width\":219,\"height\":100,\"caption\":\"MiuMjau O\u00dc\"},\"image\":{\"@id\":\"https:\/\/miumjau.ee\/#\/schema\/logo\/image\/\"},\"sameAs\":[\"https:\/\/www.facebook.com\/miumjaupood\/\"]}]}<\/script>\n<!-- \/ Yoast SEO plugin. -->","yoast_head_json":{"title":"Brit Care Superfruits 100g, silakka ja tyrni - MiuMjau","robots":{"index":"index","follow":"follow","max-snippet":"max-snippet:-1","max-image-preview":"max-image-preview:large","max-video-preview":"max-video-preview:-1"},"canonical":"https:\/\/miumjau.ee\/tuote\/brit-care-superfruits-100g-heeringas-ja-astelpaju\/","og_locale":"fi_FI","og_type":"article","og_title":"Brit Care Superfruits 100g, silakka ja tyrni - MiuMjau","og_description":"Brit Care Superfruits. T\u00e4ydent\u00e4v\u00e4 ravinto steriloiduille kissoille. Rapea v\u00e4lipala lampaanlihalla ja \"SUPERVOIMALLA\" - tyrnimarjalla. Rapeat viljattomat herkut, jotka houkuttelevat kissasi viett\u00e4m\u00e4\u00e4n hauskaa aikaa yhdess\u00e4. Koostumus: silliproteiini (30 %), keltaiset herneet, kanarasva (9 %), herneproteiini, hydrolysoitu kananproteiini (8 %), kuivattu tyrni (4 %), kuivattu omenamassa, hydrolysoitu kananmaksa (3 %), oluthiiva (2 %), lohi\u00f6ljy (2 %), hernejauho, pellavansiemenet (1 %), natriumkloridi (0,5 %), kananmunankuorikalvo (0,1 %). Brit Care Superfruits Sillian analyyttiset ainesosat: raakavalkuainen 37 %, raakarasva 17 %, raakatuhka 7 %, raakakuitu 2,5 %, kosteus 10 %, kalsium 1,0 %, fosfori 0,8 %, natrium 0,9 %, magnesium 0,05 %, omega-3 0,75 %, omega-6 2,35 %. Ravintosis\u00e4lt\u00f6: Sis\u00e4lt\u00e4\u00e4 EU:n hyv\u00e4ksymi\u00e4 antioksidantteja: kasvi\u00f6ljyjen tokoferoliuutteita (1b306(i)), askorbyylipalmitaatti (1b304) ja rosmariiniuute. Metabolinen energia: 3910 kcal\/kg","og_url":"https:\/\/miumjau.ee\/tuote\/brit-care-superfruits-100g-heeringas-ja-astelpaju\/","og_site_name":"MiuMjau","article_publisher":"https:\/\/www.facebook.com\/miumjaupood\/","article_modified_time":"2026-01-07T20:57:17+00:00","og_image":[{"width":600,"height":800,"url":"https:\/\/miumjau.ee\/wp-content\/uploads\/2024\/11\/4843-Brit-Care-Superfruits-Herring-with-Sea-Buckthorn.jpg","type":"image\/jpeg"}],"twitter_card":"summary_large_image","schema":{"@context":"https:\/\/schema.org","@graph":[{"@type":"WebPage","@id":"https:\/\/miumjau.ee\/tuote\/brit-care-superfruits-100g-heeringas-ja-astelpaju\/","url":"https:\/\/miumjau.ee\/tuote\/brit-care-superfruits-100g-heeringas-ja-astelpaju\/","name":"Brit Care Superfruits 100g, silakka ja tyrni - MiuMjau","isPartOf":{"@id":"https:\/\/miumjau.ee\/#website"},"primaryImageOfPage":{"@id":"https:\/\/miumjau.ee\/tuote\/brit-care-superfruits-100g-heeringas-ja-astelpaju\/#primaryimage"},"image":{"@id":"https:\/\/miumjau.ee\/tuote\/brit-care-superfruits-100g-heeringas-ja-astelpaju\/#primaryimage"},"thumbnailUrl":"https:\/\/miumjau.ee\/wp-content\/uploads\/2024\/11\/4843-Brit-Care-Superfruits-Herring-with-Sea-Buckthorn.jpg","datePublished":"2024-11-13T13:06:19+00:00","dateModified":"2026-01-07T20:57:17+00:00","breadcrumb":{"@id":"https:\/\/miumjau.ee\/tuote\/brit-care-superfruits-100g-heeringas-ja-astelpaju\/#breadcrumb"},"inLanguage":"fi","potentialAction":[{"@type":"ReadAction","target":["https:\/\/miumjau.ee\/tuote\/brit-care-superfruits-100g-heeringas-ja-astelpaju\/"]}]},{"@type":"ImageObject","inLanguage":"fi","@id":"https:\/\/miumjau.ee\/tuote\/brit-care-superfruits-100g-heeringas-ja-astelpaju\/#primaryimage","url":"https:\/\/miumjau.ee\/wp-content\/uploads\/2024\/11\/4843-Brit-Care-Superfruits-Herring-with-Sea-Buckthorn.jpg","contentUrl":"https:\/\/miumjau.ee\/wp-content\/uploads\/2024\/11\/4843-Brit-Care-Superfruits-Herring-with-Sea-Buckthorn.jpg","width":600,"height":800,"caption":"Brit Care Superfruits 100g, heeringas ja astelpaju"},{"@type":"BreadcrumbList","@id":"https:\/\/miumjau.ee\/tuote\/brit-care-superfruits-100g-heeringas-ja-astelpaju\/#breadcrumb","itemListElement":[{"@type":"ListItem","position":1,"name":"Home","item":"https:\/\/miumjau.ee\/fi\/"},{"@type":"ListItem","position":2,"name":"Kauppa","item":"https:\/\/miumjau.ee\/fi\/kauppa\/"},{"@type":"ListItem","position":3,"name":"Brit Care Superfruits 100g, silakka ja tyrni"}]},{"@type":"WebSite","@id":"https:\/\/miumjau.ee\/#website","url":"https:\/\/miumjau.ee\/","name":"MiuMjau","description":"Kraapimispuud kassidele","publisher":{"@id":"https:\/\/miumjau.ee\/#organization"},"potentialAction":[{"@type":"SearchAction","target":{"@type":"EntryPoint","urlTemplate":"https:\/\/miumjau.ee\/?s={search_term_string}"},"query-input":{"@type":"PropertyValueSpecification","valueRequired":true,"valueName":"search_term_string"}}],"inLanguage":"fi"},{"@type":"Organization","@id":"https:\/\/miumjau.ee\/#organization","name":"MiuMjau O\u00dc","url":"https:\/\/miumjau.ee\/","logo":{"@type":"ImageObject","inLanguage":"fi","@id":"https:\/\/miumjau.ee\/#\/schema\/logo\/image\/","url":"https:\/\/miumjau.ee\/wp-content\/uploads\/2022\/04\/MiuMjau-logo-kollane.png","contentUrl":"https:\/\/miumjau.ee\/wp-content\/uploads\/2022\/04\/MiuMjau-logo-kollane.png","width":219,"height":100,"caption":"MiuMjau O\u00dc"},"image":{"@id":"https:\/\/miumjau.ee\/#\/schema\/logo\/image\/"},"sameAs":["https:\/\/www.facebook.com\/miumjaupood\/"]}]}},"_links":{"self":[{"href":"https:\/\/miumjau.ee\/fi\/wp-json\/wp\/v2\/product\/27710","targetHints":{"allow":["GET"]}}],"collection":[{"href":"https:\/\/miumjau.ee\/fi\/wp-json\/wp\/v2\/product"}],"about":[{"href":"https:\/\/miumjau.ee\/fi\/wp-json\/wp\/v2\/types\/product"}],"wp:featuredmedia":[{"embeddable":true,"href":"https:\/\/miumjau.ee\/fi\/wp-json\/wp\/v2\/media\/24100"}],"wp:attachment":[{"href":"https:\/\/miumjau.ee\/fi\/wp-json\/wp\/v2\/media?parent=27710"}],"wp:term":[{"taxonomy":"product_brand","embeddable":true,"href":"https:\/\/miumjau.ee\/fi\/wp-json\/wp\/v2\/product_brand?post=27710"},{"taxonomy":"product_cat","embeddable":true,"href":"https:\/\/miumjau.ee\/fi\/wp-json\/wp\/v2\/product_cat?post=27710"},{"taxonomy":"product_tag","embeddable":true,"href":"https:\/\/miumjau.ee\/fi\/wp-json\/wp\/v2\/product_tag?post=27710"}],"curies":[{"name":"wp","href":"https:\/\/api.w.org\/{rel}","templated":true}]}}