{"id":27703,"date":"2025-02-18T09:47:04","date_gmt":"2025-02-18T07:47:04","guid":{"rendered":"https:\/\/miumjau.ee\/toode\/brit-care-senior-weight-control-kuivaruoka-kissoille-2kg\/"},"modified":"2026-01-07T22:57:24","modified_gmt":"2026-01-07T20:57:24","slug":"brit-care-senior-weight-control-kuivaruoka-kissoille-2kg","status":"publish","type":"product","link":"https:\/\/miumjau.ee\/fi\/tuote\/brit-care-senior-weight-control-kuivaruoka-kissoille-2kg\/","title":{"rendered":"Brit Care Senior Weight Control kuivaruoka kissoille 2kg"},"content":{"rendered":"","protected":false},"excerpt":{"rendered":"<p>Brit Care Senior Weight Control \u2013 tasapainoinen ravinto i\u00e4kk\u00e4ille kissoille<\/p>\n<p>Hypoallergeeninen ja viljaton resepti korkealaatuisilla lihaproteiineilla, jotka tukevat kissojen terveytt\u00e4 ja energiaa. V\u00e4h\u00e4rasvainen, runsaasti kuitua sis\u00e4lt\u00e4v\u00e4 koostumus auttaa yll\u00e4pit\u00e4m\u00e4\u00e4n ihannepainoa, kun taas probiootit tukevat ruoansulatusta ja vastustuskyky\u00e4.<\/p>\n<p>Luonnolliset ainesosat, kuten ruusunmarja ja munkinkukka, auttavat yll\u00e4pit\u00e4m\u00e4\u00e4n munuaisten ja virtsateiden terveytt\u00e4, ja tasapainoinen vitamiinien ja kivenn\u00e4isaineiden yhdistelm\u00e4 varmistaa p\u00e4ivitt\u00e4isen hyvinvoinnin. Ei sis\u00e4ll\u00e4 keinotekoisia v\u00e4riaineita, s\u00e4il\u00f6nt\u00e4aineita tai GMO:eja.<\/p>\n<p><strong>Ainesosat:<\/strong> kuivattu kana (27%), tuore kana (26%), keltaherneet (22%), omenat, kananrasva, panimohiiva, pellavansiemen, lohi\u00f6ljy, yrtit (malva, kamomilla, ruusunmarja, puolukka), prebiootit ja probiootit.<\/p>\n<p><strong>Ravintoarvo:<\/strong> proteiini 34%, rasva 15%, kuitu 4%, tuhka 9,5%, kosteus 10%, omega-3 0,4%, omega-6 1,2%.<\/p>\n<p><strong>Herkullinen ja tasapainoinen t\u00e4ysravinto, joka auttaa pit\u00e4m\u00e4\u00e4n kissasi terveen\u00e4 ja aktiivisena!<\/strong><\/p>\n","protected":false},"featured_media":27410,"template":"","meta":[],"product_brand":[],"product_cat":[255],"product_tag":[],"class_list":{"0":"post-27703","1":"product","2":"type-product","3":"status-publish","4":"has-post-thumbnail","6":"product_cat-kuiva-ruoka","8":"first","9":"instock","10":"taxable","11":"shipping-taxable","12":"purchasable","13":"product-type-simple"},"yoast_head":"<!-- This site is optimized with the Yoast SEO plugin v27.4 - https:\/\/yoast.com\/product\/yoast-seo-wordpress\/ -->\n<title>Brit Care Senior Weight Control kuivaruoka kissoille 2kg - MiuMjau<\/title>\n<meta name=\"description\" content=\"Brit Care kuivaruoat on suunniteltu huolellisesti jokaiselle kissaryhm\u00e4lle. Jotta voit tehd\u00e4 parhaan valinnan, ota huomioon kissasi ik\u00e4 ja tarpeet. Tuemme kissan terveytt\u00e4!\" \/>\n<meta name=\"robots\" content=\"index, follow, max-snippet:-1, max-image-preview:large, max-video-preview:-1\" \/>\n<link rel=\"canonical\" href=\"https:\/\/miumjau.ee\/fi\/tuote\/brit-care-senior-weight-control-kuivaruoka-kissoille-2kg\/\" \/>\n<meta property=\"og:locale\" content=\"fi_FI\" \/>\n<meta property=\"og:type\" content=\"article\" \/>\n<meta property=\"og:title\" content=\"Brit Care Senior Weight Control kuivaruoka kissoille 2kg - MiuMjau\" \/>\n<meta property=\"og:description\" content=\"Brit Care kuivaruoat on suunniteltu huolellisesti jokaiselle kissaryhm\u00e4lle. Jotta voit tehd\u00e4 parhaan valinnan, ota huomioon kissasi ik\u00e4 ja tarpeet. Tuemme kissan terveytt\u00e4!\" \/>\n<meta property=\"og:url\" content=\"https:\/\/miumjau.ee\/fi\/tuote\/brit-care-senior-weight-control-kuivaruoka-kissoille-2kg\/\" \/>\n<meta property=\"og:site_name\" content=\"MiuMjau\" \/>\n<meta property=\"article:publisher\" content=\"https:\/\/www.facebook.com\/miumjaupood\/\" \/>\n<meta property=\"article:modified_time\" content=\"2026-01-07T20:57:24+00:00\" \/>\n<meta property=\"og:image\" content=\"https:\/\/miumjau.ee\/wp-content\/uploads\/2025\/02\/brit-care-kuivtoit3.jpg\" \/>\n\t<meta property=\"og:image:width\" content=\"600\" \/>\n\t<meta property=\"og:image:height\" content=\"800\" \/>\n\t<meta property=\"og:image:type\" content=\"image\/jpeg\" \/>\n<meta name=\"twitter:card\" content=\"summary_large_image\" \/>\n<script type=\"application\/ld+json\" class=\"yoast-schema-graph\">{\"@context\":\"https:\\\/\\\/schema.org\",\"@graph\":[{\"@type\":\"WebPage\",\"@id\":\"https:\\\/\\\/miumjau.ee\\\/fi\\\/tuote\\\/brit-care-senior-weight-control-kuivaruoka-kissoille-2kg\\\/\",\"url\":\"https:\\\/\\\/miumjau.ee\\\/fi\\\/tuote\\\/brit-care-senior-weight-control-kuivaruoka-kissoille-2kg\\\/\",\"name\":\"Brit Care Senior Weight Control kuivaruoka kissoille 2kg - MiuMjau\",\"isPartOf\":{\"@id\":\"https:\\\/\\\/miumjau.ee\\\/#website\"},\"primaryImageOfPage\":{\"@id\":\"https:\\\/\\\/miumjau.ee\\\/fi\\\/tuote\\\/brit-care-senior-weight-control-kuivaruoka-kissoille-2kg\\\/#primaryimage\"},\"image\":{\"@id\":\"https:\\\/\\\/miumjau.ee\\\/fi\\\/tuote\\\/brit-care-senior-weight-control-kuivaruoka-kissoille-2kg\\\/#primaryimage\"},\"thumbnailUrl\":\"https:\\\/\\\/miumjau.ee\\\/wp-content\\\/uploads\\\/2025\\\/02\\\/brit-care-kuivtoit3.jpg\",\"datePublished\":\"2025-02-18T07:47:04+00:00\",\"dateModified\":\"2026-01-07T20:57:24+00:00\",\"description\":\"Brit Care kuivaruoat on suunniteltu huolellisesti jokaiselle kissaryhm\u00e4lle. Jotta voit tehd\u00e4 parhaan valinnan, ota huomioon kissasi ik\u00e4 ja tarpeet. Tuemme kissan terveytt\u00e4!\",\"breadcrumb\":{\"@id\":\"https:\\\/\\\/miumjau.ee\\\/fi\\\/tuote\\\/brit-care-senior-weight-control-kuivaruoka-kissoille-2kg\\\/#breadcrumb\"},\"inLanguage\":\"fi\",\"potentialAction\":[{\"@type\":\"ReadAction\",\"target\":[\"https:\\\/\\\/miumjau.ee\\\/fi\\\/tuote\\\/brit-care-senior-weight-control-kuivaruoka-kissoille-2kg\\\/\"]}]},{\"@type\":\"ImageObject\",\"inLanguage\":\"fi\",\"@id\":\"https:\\\/\\\/miumjau.ee\\\/fi\\\/tuote\\\/brit-care-senior-weight-control-kuivaruoka-kissoille-2kg\\\/#primaryimage\",\"url\":\"https:\\\/\\\/miumjau.ee\\\/wp-content\\\/uploads\\\/2025\\\/02\\\/brit-care-kuivtoit3.jpg\",\"contentUrl\":\"https:\\\/\\\/miumjau.ee\\\/wp-content\\\/uploads\\\/2025\\\/02\\\/brit-care-kuivtoit3.jpg\",\"width\":600,\"height\":800,\"caption\":\"Brit Care Senior Weight Control kuivtoit kassile 400g\"},{\"@type\":\"BreadcrumbList\",\"@id\":\"https:\\\/\\\/miumjau.ee\\\/fi\\\/tuote\\\/brit-care-senior-weight-control-kuivaruoka-kissoille-2kg\\\/#breadcrumb\",\"itemListElement\":[{\"@type\":\"ListItem\",\"position\":1,\"name\":\"Home\",\"item\":\"https:\\\/\\\/miumjau.ee\\\/fi\\\/\"},{\"@type\":\"ListItem\",\"position\":2,\"name\":\"Kauppa\",\"item\":\"https:\\\/\\\/miumjau.ee\\\/fi\\\/kauppa\\\/\"},{\"@type\":\"ListItem\",\"position\":3,\"name\":\"Brit Care Senior Weight Control kuivaruoka kissoille 2kg\"}]},{\"@type\":\"WebSite\",\"@id\":\"https:\\\/\\\/miumjau.ee\\\/#website\",\"url\":\"https:\\\/\\\/miumjau.ee\\\/\",\"name\":\"MiuMjau\",\"description\":\"Kraapimispuud kassidele\",\"publisher\":{\"@id\":\"https:\\\/\\\/miumjau.ee\\\/#organization\"},\"potentialAction\":[{\"@type\":\"SearchAction\",\"target\":{\"@type\":\"EntryPoint\",\"urlTemplate\":\"https:\\\/\\\/miumjau.ee\\\/?s={search_term_string}\"},\"query-input\":{\"@type\":\"PropertyValueSpecification\",\"valueRequired\":true,\"valueName\":\"search_term_string\"}}],\"inLanguage\":\"fi\"},{\"@type\":\"Organization\",\"@id\":\"https:\\\/\\\/miumjau.ee\\\/#organization\",\"name\":\"MiuMjau O\u00dc\",\"url\":\"https:\\\/\\\/miumjau.ee\\\/\",\"logo\":{\"@type\":\"ImageObject\",\"inLanguage\":\"fi\",\"@id\":\"https:\\\/\\\/miumjau.ee\\\/#\\\/schema\\\/logo\\\/image\\\/\",\"url\":\"https:\\\/\\\/miumjau.ee\\\/wp-content\\\/uploads\\\/2022\\\/04\\\/MiuMjau-logo-kollane.png\",\"contentUrl\":\"https:\\\/\\\/miumjau.ee\\\/wp-content\\\/uploads\\\/2022\\\/04\\\/MiuMjau-logo-kollane.png\",\"width\":219,\"height\":100,\"caption\":\"MiuMjau O\u00dc\"},\"image\":{\"@id\":\"https:\\\/\\\/miumjau.ee\\\/#\\\/schema\\\/logo\\\/image\\\/\"},\"sameAs\":[\"https:\\\/\\\/www.facebook.com\\\/miumjaupood\\\/\"]}]}<\/script>\n<!-- \/ Yoast SEO plugin. -->","yoast_head_json":{"title":"Brit Care Senior Weight Control kuivaruoka kissoille 2kg - MiuMjau","description":"Brit Care kuivaruoat on suunniteltu huolellisesti jokaiselle kissaryhm\u00e4lle. Jotta voit tehd\u00e4 parhaan valinnan, ota huomioon kissasi ik\u00e4 ja tarpeet. Tuemme kissan terveytt\u00e4!","robots":{"index":"index","follow":"follow","max-snippet":"max-snippet:-1","max-image-preview":"max-image-preview:large","max-video-preview":"max-video-preview:-1"},"canonical":"https:\/\/miumjau.ee\/fi\/tuote\/brit-care-senior-weight-control-kuivaruoka-kissoille-2kg\/","og_locale":"fi_FI","og_type":"article","og_title":"Brit Care Senior Weight Control kuivaruoka kissoille 2kg - MiuMjau","og_description":"Brit Care kuivaruoat on suunniteltu huolellisesti jokaiselle kissaryhm\u00e4lle. Jotta voit tehd\u00e4 parhaan valinnan, ota huomioon kissasi ik\u00e4 ja tarpeet. Tuemme kissan terveytt\u00e4!","og_url":"https:\/\/miumjau.ee\/fi\/tuote\/brit-care-senior-weight-control-kuivaruoka-kissoille-2kg\/","og_site_name":"MiuMjau","article_publisher":"https:\/\/www.facebook.com\/miumjaupood\/","article_modified_time":"2026-01-07T20:57:24+00:00","og_image":[{"width":600,"height":800,"url":"https:\/\/miumjau.ee\/wp-content\/uploads\/2025\/02\/brit-care-kuivtoit3.jpg","type":"image\/jpeg"}],"twitter_card":"summary_large_image","schema":{"@context":"https:\/\/schema.org","@graph":[{"@type":"WebPage","@id":"https:\/\/miumjau.ee\/fi\/tuote\/brit-care-senior-weight-control-kuivaruoka-kissoille-2kg\/","url":"https:\/\/miumjau.ee\/fi\/tuote\/brit-care-senior-weight-control-kuivaruoka-kissoille-2kg\/","name":"Brit Care Senior Weight Control kuivaruoka kissoille 2kg - MiuMjau","isPartOf":{"@id":"https:\/\/miumjau.ee\/#website"},"primaryImageOfPage":{"@id":"https:\/\/miumjau.ee\/fi\/tuote\/brit-care-senior-weight-control-kuivaruoka-kissoille-2kg\/#primaryimage"},"image":{"@id":"https:\/\/miumjau.ee\/fi\/tuote\/brit-care-senior-weight-control-kuivaruoka-kissoille-2kg\/#primaryimage"},"thumbnailUrl":"https:\/\/miumjau.ee\/wp-content\/uploads\/2025\/02\/brit-care-kuivtoit3.jpg","datePublished":"2025-02-18T07:47:04+00:00","dateModified":"2026-01-07T20:57:24+00:00","description":"Brit Care kuivaruoat on suunniteltu huolellisesti jokaiselle kissaryhm\u00e4lle. Jotta voit tehd\u00e4 parhaan valinnan, ota huomioon kissasi ik\u00e4 ja tarpeet. Tuemme kissan terveytt\u00e4!","breadcrumb":{"@id":"https:\/\/miumjau.ee\/fi\/tuote\/brit-care-senior-weight-control-kuivaruoka-kissoille-2kg\/#breadcrumb"},"inLanguage":"fi","potentialAction":[{"@type":"ReadAction","target":["https:\/\/miumjau.ee\/fi\/tuote\/brit-care-senior-weight-control-kuivaruoka-kissoille-2kg\/"]}]},{"@type":"ImageObject","inLanguage":"fi","@id":"https:\/\/miumjau.ee\/fi\/tuote\/brit-care-senior-weight-control-kuivaruoka-kissoille-2kg\/#primaryimage","url":"https:\/\/miumjau.ee\/wp-content\/uploads\/2025\/02\/brit-care-kuivtoit3.jpg","contentUrl":"https:\/\/miumjau.ee\/wp-content\/uploads\/2025\/02\/brit-care-kuivtoit3.jpg","width":600,"height":800,"caption":"Brit Care Senior Weight Control kuivtoit kassile 400g"},{"@type":"BreadcrumbList","@id":"https:\/\/miumjau.ee\/fi\/tuote\/brit-care-senior-weight-control-kuivaruoka-kissoille-2kg\/#breadcrumb","itemListElement":[{"@type":"ListItem","position":1,"name":"Home","item":"https:\/\/miumjau.ee\/fi\/"},{"@type":"ListItem","position":2,"name":"Kauppa","item":"https:\/\/miumjau.ee\/fi\/kauppa\/"},{"@type":"ListItem","position":3,"name":"Brit Care Senior Weight Control kuivaruoka kissoille 2kg"}]},{"@type":"WebSite","@id":"https:\/\/miumjau.ee\/#website","url":"https:\/\/miumjau.ee\/","name":"MiuMjau","description":"Kraapimispuud kassidele","publisher":{"@id":"https:\/\/miumjau.ee\/#organization"},"potentialAction":[{"@type":"SearchAction","target":{"@type":"EntryPoint","urlTemplate":"https:\/\/miumjau.ee\/?s={search_term_string}"},"query-input":{"@type":"PropertyValueSpecification","valueRequired":true,"valueName":"search_term_string"}}],"inLanguage":"fi"},{"@type":"Organization","@id":"https:\/\/miumjau.ee\/#organization","name":"MiuMjau O\u00dc","url":"https:\/\/miumjau.ee\/","logo":{"@type":"ImageObject","inLanguage":"fi","@id":"https:\/\/miumjau.ee\/#\/schema\/logo\/image\/","url":"https:\/\/miumjau.ee\/wp-content\/uploads\/2022\/04\/MiuMjau-logo-kollane.png","contentUrl":"https:\/\/miumjau.ee\/wp-content\/uploads\/2022\/04\/MiuMjau-logo-kollane.png","width":219,"height":100,"caption":"MiuMjau O\u00dc"},"image":{"@id":"https:\/\/miumjau.ee\/#\/schema\/logo\/image\/"},"sameAs":["https:\/\/www.facebook.com\/miumjaupood\/"]}]}},"_links":{"self":[{"href":"https:\/\/miumjau.ee\/fi\/wp-json\/wp\/v2\/product\/27703","targetHints":{"allow":["GET"]}}],"collection":[{"href":"https:\/\/miumjau.ee\/fi\/wp-json\/wp\/v2\/product"}],"about":[{"href":"https:\/\/miumjau.ee\/fi\/wp-json\/wp\/v2\/types\/product"}],"wp:featuredmedia":[{"embeddable":true,"href":"https:\/\/miumjau.ee\/fi\/wp-json\/wp\/v2\/media\/27410"}],"wp:attachment":[{"href":"https:\/\/miumjau.ee\/fi\/wp-json\/wp\/v2\/media?parent=27703"}],"wp:term":[{"taxonomy":"product_brand","embeddable":true,"href":"https:\/\/miumjau.ee\/fi\/wp-json\/wp\/v2\/product_brand?post=27703"},{"taxonomy":"product_cat","embeddable":true,"href":"https:\/\/miumjau.ee\/fi\/wp-json\/wp\/v2\/product_cat?post=27703"},{"taxonomy":"product_tag","embeddable":true,"href":"https:\/\/miumjau.ee\/fi\/wp-json\/wp\/v2\/product_tag?post=27703"}],"curies":[{"name":"wp","href":"https:\/\/api.w.org\/{rel}","templated":true}]}}