{"id":27691,"date":"2025-02-18T15:50:29","date_gmt":"2025-02-18T13:50:29","guid":{"rendered":"https:\/\/miumjau.ee\/toode\/brit-care-sterilized-immunity-support-kissan-kuivaruoka-kana-2kg\/"},"modified":"2026-01-07T22:57:31","modified_gmt":"2026-01-07T20:57:31","slug":"brit-care-sterilized-immunity-support-kissan-kuivaruoka-kana-2kg","status":"publish","type":"product","link":"https:\/\/miumjau.ee\/fi\/tuote\/brit-care-sterilized-immunity-support-kissan-kuivaruoka-kana-2kg\/","title":{"rendered":"Brit Care Indoor Anti-stress kuivaruoka kissoille, kana 2kg"},"content":{"rendered":"","protected":false},"excerpt":{"rendered":"<p data-sourcepos=\"3:1-3:255\">T\u00e4ydellisen tasapainoinen viljaton t\u00e4ysravinto sis\u00e4kissoille, joilla on taipumus stressiin. Sopii erinomaisesti kissoille, jotka asuvat sis\u00e4tiloissa ja kohtaavat p\u00e4ivitt\u00e4isi\u00e4 muutoksia, kuten uusi perheenj\u00e4sen, huonekalujen uudelleenj\u00e4rjestely tai muutto.<\/p>\n<p data-sourcepos=\"5:2-9:105\"><strong>Luonnollinen stressi\u00e4 v\u00e4hent\u00e4v\u00e4 vaikutus<\/strong> \u2013\u00a0 <em>kissanminttu<\/em> auttaa vakauttamaan syd\u00e4men toimintaa, alentamaan verenpainetta ja v\u00e4hent\u00e4m\u00e4\u00e4n ahdistusta.<\/p>\n<p data-sourcepos=\"5:2-9:105\"><strong>Terve ruoansulatus ja immuunij\u00e4rjestelm\u00e4<\/strong> \u2013 probiootit ja prebiootit tukevat ruoansulatusta ja vahvistavat vastustuskyky\u00e4.<\/p>\n<p data-sourcepos=\"5:2-9:105\"><strong>Maukas ja ravitseva<\/strong> \u2013 tuore kana ja laadukkaat lihajauhot tarjoavat maukkaan ja hyvin sulavan aterian.<\/p>\n<p data-sourcepos=\"5:2-9:105\"><strong>Vahva karvapalloja vastaan<\/strong> \u2013 kuitupitoiset\u00a0 <em>kurpitsa, kuivatut omenat ja psylliumsiemenet<\/em> auttavat poistamaan karvapalloja luonnollisesti kehosta.<\/p>\n<p data-sourcepos=\"5:2-9:105\"><strong>Luonnollinen ja turvallinen<\/strong> \u2013 EI SIS\u00c4LL\u00c4 viljaa, keinotekoisia v\u00e4riaineita, s\u00e4il\u00f6nt\u00e4aineita eik\u00e4 GMO:ta.<\/p>\n<p data-sourcepos=\"11:1-11:197\">Ainesosat: Tuore kana (26%), keltaiset herneet (25%), kuivattu kana (20%), kuivatut omenat (8%), kurpitsa (6%), kanarasva, lohi\u00f6ljy, pellavansiemenet, kissanminttu, tyrni, prebiootit ja probiootit.<\/p>\n<p data-sourcepos=\"13:1-13:102\">Analyysi: Proteiinit 30%, rasvat 13%, kuidut 4%, kalsium 1%, fosfori 0,7%, Omega-3 0,3%, Omega-6 1,5%.<\/p>\n<p data-sourcepos=\"15:1-15:155\">S\u00e4ilytys &amp; ruokinta: Tarjoile kuivana tai vedell\u00e4 kostutettuna. S\u00e4\u00e4d\u00e4 m\u00e4\u00e4r\u00e4\u00e4 kissan aktiivisuuden ja tarpeiden mukaan. Tarjoa aina raikasta juomavett\u00e4.<\/p>\n<p data-sourcepos=\"17:1-17:71\">Rauhallisempi ja onnellisempi sis\u00e4kissa \u2013 Brit Care Indoor Anti-Stress!<\/p>\n","protected":false},"featured_media":27429,"template":"","meta":[],"product_brand":[],"product_cat":[255],"product_tag":[],"class_list":{"0":"post-27691","1":"product","2":"type-product","3":"status-publish","4":"has-post-thumbnail","6":"product_cat-kuiva-ruoka","8":"first","9":"instock","10":"taxable","11":"shipping-taxable","12":"purchasable","13":"product-type-simple"},"yoast_head":"<!-- This site is optimized with the Yoast SEO plugin v27.2 - https:\/\/yoast.com\/product\/yoast-seo-wordpress\/ -->\n<title>Brit Care Indoor Anti-stress kuivaruoka kissoille, kana 2kg - MiuMjau<\/title>\n<meta name=\"robots\" content=\"index, follow, max-snippet:-1, max-image-preview:large, max-video-preview:-1\" \/>\n<link rel=\"canonical\" href=\"https:\/\/miumjau.ee\/fi\/tuote\/brit-care-sterilized-immunity-support-kissan-kuivaruoka-kana-2kg\/\" \/>\n<meta property=\"og:locale\" content=\"fi_FI\" \/>\n<meta property=\"og:type\" content=\"article\" \/>\n<meta property=\"og:title\" content=\"Brit Care Indoor Anti-stress kuivaruoka kissoille, kana 2kg - MiuMjau\" \/>\n<meta property=\"og:description\" content=\"T\u00e4ydellisen tasapainoinen viljaton t\u00e4ysravinto sis\u00e4kissoille, joilla on taipumus stressiin. Sopii erinomaisesti kissoille, jotka asuvat sis\u00e4tiloissa ja kohtaavat p\u00e4ivitt\u00e4isi\u00e4 muutoksia, kuten uusi perheenj\u00e4sen, huonekalujen uudelleenj\u00e4rjestely tai muutto. Luonnollinen stressi\u00e4 v\u00e4hent\u00e4v\u00e4 vaikutus \u2013\u00a0 kissanminttu auttaa vakauttamaan syd\u00e4men toimintaa, alentamaan verenpainetta ja v\u00e4hent\u00e4m\u00e4\u00e4n ahdistusta. Terve ruoansulatus ja immuunij\u00e4rjestelm\u00e4 \u2013 probiootit ja prebiootit tukevat ruoansulatusta ja vahvistavat vastustuskyky\u00e4. Maukas ja ravitseva \u2013 tuore kana ja laadukkaat lihajauhot tarjoavat maukkaan ja hyvin sulavan aterian. Vahva karvapalloja vastaan \u2013 kuitupitoiset\u00a0 kurpitsa, kuivatut omenat ja psylliumsiemenet auttavat poistamaan karvapalloja luonnollisesti kehosta. Luonnollinen ja turvallinen \u2013 EI SIS\u00c4LL\u00c4 viljaa, keinotekoisia v\u00e4riaineita, s\u00e4il\u00f6nt\u00e4aineita eik\u00e4 GMO:ta. Ainesosat: Tuore kana (26%), keltaiset herneet (25%), kuivattu kana (20%), kuivatut omenat (8%), kurpitsa (6%), kanarasva, lohi\u00f6ljy, pellavansiemenet, kissanminttu, tyrni, prebiootit ja probiootit. Analyysi: Proteiinit 30%, rasvat 13%, kuidut 4%, kalsium 1%, fosfori 0,7%, Omega-3 0,3%, Omega-6 1,5%. S\u00e4ilytys &amp; ruokinta: Tarjoile kuivana tai vedell\u00e4 kostutettuna. S\u00e4\u00e4d\u00e4 m\u00e4\u00e4r\u00e4\u00e4 kissan aktiivisuuden ja tarpeiden mukaan. Tarjoa aina raikasta juomavett\u00e4. Rauhallisempi ja onnellisempi sis\u00e4kissa \u2013 Brit Care Indoor Anti-Stress!\" \/>\n<meta property=\"og:url\" content=\"https:\/\/miumjau.ee\/fi\/tuote\/brit-care-sterilized-immunity-support-kissan-kuivaruoka-kana-2kg\/\" \/>\n<meta property=\"og:site_name\" content=\"MiuMjau\" \/>\n<meta property=\"article:publisher\" content=\"https:\/\/www.facebook.com\/miumjaupood\/\" \/>\n<meta property=\"article:modified_time\" content=\"2026-01-07T20:57:31+00:00\" \/>\n<meta property=\"og:image\" content=\"https:\/\/miumjau.ee\/wp-content\/uploads\/2025\/02\/brit-care-kuivtoidud-kassidele6.jpg\" \/>\n\t<meta property=\"og:image:width\" content=\"600\" \/>\n\t<meta property=\"og:image:height\" content=\"800\" \/>\n\t<meta property=\"og:image:type\" content=\"image\/jpeg\" \/>\n<meta name=\"twitter:card\" content=\"summary_large_image\" \/>\n<script type=\"application\/ld+json\" class=\"yoast-schema-graph\">{\"@context\":\"https:\/\/schema.org\",\"@graph\":[{\"@type\":\"WebPage\",\"@id\":\"https:\/\/miumjau.ee\/fi\/tuote\/brit-care-sterilized-immunity-support-kissan-kuivaruoka-kana-2kg\/\",\"url\":\"https:\/\/miumjau.ee\/fi\/tuote\/brit-care-sterilized-immunity-support-kissan-kuivaruoka-kana-2kg\/\",\"name\":\"Brit Care Indoor Anti-stress kuivaruoka kissoille, kana 2kg - MiuMjau\",\"isPartOf\":{\"@id\":\"https:\/\/miumjau.ee\/#website\"},\"primaryImageOfPage\":{\"@id\":\"https:\/\/miumjau.ee\/fi\/tuote\/brit-care-sterilized-immunity-support-kissan-kuivaruoka-kana-2kg\/#primaryimage\"},\"image\":{\"@id\":\"https:\/\/miumjau.ee\/fi\/tuote\/brit-care-sterilized-immunity-support-kissan-kuivaruoka-kana-2kg\/#primaryimage\"},\"thumbnailUrl\":\"https:\/\/miumjau.ee\/wp-content\/uploads\/2025\/02\/brit-care-kuivtoidud-kassidele6.jpg\",\"datePublished\":\"2025-02-18T13:50:29+00:00\",\"dateModified\":\"2026-01-07T20:57:31+00:00\",\"breadcrumb\":{\"@id\":\"https:\/\/miumjau.ee\/fi\/tuote\/brit-care-sterilized-immunity-support-kissan-kuivaruoka-kana-2kg\/#breadcrumb\"},\"inLanguage\":\"fi\",\"potentialAction\":[{\"@type\":\"ReadAction\",\"target\":[\"https:\/\/miumjau.ee\/fi\/tuote\/brit-care-sterilized-immunity-support-kissan-kuivaruoka-kana-2kg\/\"]}]},{\"@type\":\"ImageObject\",\"inLanguage\":\"fi\",\"@id\":\"https:\/\/miumjau.ee\/fi\/tuote\/brit-care-sterilized-immunity-support-kissan-kuivaruoka-kana-2kg\/#primaryimage\",\"url\":\"https:\/\/miumjau.ee\/wp-content\/uploads\/2025\/02\/brit-care-kuivtoidud-kassidele6.jpg\",\"contentUrl\":\"https:\/\/miumjau.ee\/wp-content\/uploads\/2025\/02\/brit-care-kuivtoidud-kassidele6.jpg\",\"width\":600,\"height\":800,\"caption\":\"Brit Care Indoor Anti-stress kuivtoit kassile 400g\"},{\"@type\":\"BreadcrumbList\",\"@id\":\"https:\/\/miumjau.ee\/fi\/tuote\/brit-care-sterilized-immunity-support-kissan-kuivaruoka-kana-2kg\/#breadcrumb\",\"itemListElement\":[{\"@type\":\"ListItem\",\"position\":1,\"name\":\"Home\",\"item\":\"https:\/\/miumjau.ee\/fi\/\"},{\"@type\":\"ListItem\",\"position\":2,\"name\":\"Kauppa\",\"item\":\"https:\/\/miumjau.ee\/fi\/kauppa\/\"},{\"@type\":\"ListItem\",\"position\":3,\"name\":\"Brit Care Indoor Anti-stress kuivaruoka kissoille, kana 2kg\"}]},{\"@type\":\"WebSite\",\"@id\":\"https:\/\/miumjau.ee\/#website\",\"url\":\"https:\/\/miumjau.ee\/\",\"name\":\"MiuMjau\",\"description\":\"Kraapimispuud kassidele\",\"publisher\":{\"@id\":\"https:\/\/miumjau.ee\/#organization\"},\"potentialAction\":[{\"@type\":\"SearchAction\",\"target\":{\"@type\":\"EntryPoint\",\"urlTemplate\":\"https:\/\/miumjau.ee\/?s={search_term_string}\"},\"query-input\":{\"@type\":\"PropertyValueSpecification\",\"valueRequired\":true,\"valueName\":\"search_term_string\"}}],\"inLanguage\":\"fi\"},{\"@type\":\"Organization\",\"@id\":\"https:\/\/miumjau.ee\/#organization\",\"name\":\"MiuMjau O\u00dc\",\"url\":\"https:\/\/miumjau.ee\/\",\"logo\":{\"@type\":\"ImageObject\",\"inLanguage\":\"fi\",\"@id\":\"https:\/\/miumjau.ee\/#\/schema\/logo\/image\/\",\"url\":\"https:\/\/miumjau.ee\/wp-content\/uploads\/2022\/04\/MiuMjau-logo-kollane.png\",\"contentUrl\":\"https:\/\/miumjau.ee\/wp-content\/uploads\/2022\/04\/MiuMjau-logo-kollane.png\",\"width\":219,\"height\":100,\"caption\":\"MiuMjau O\u00dc\"},\"image\":{\"@id\":\"https:\/\/miumjau.ee\/#\/schema\/logo\/image\/\"},\"sameAs\":[\"https:\/\/www.facebook.com\/miumjaupood\/\"]}]}<\/script>\n<!-- \/ Yoast SEO plugin. -->","yoast_head_json":{"title":"Brit Care Indoor Anti-stress kuivaruoka kissoille, kana 2kg - MiuMjau","robots":{"index":"index","follow":"follow","max-snippet":"max-snippet:-1","max-image-preview":"max-image-preview:large","max-video-preview":"max-video-preview:-1"},"canonical":"https:\/\/miumjau.ee\/fi\/tuote\/brit-care-sterilized-immunity-support-kissan-kuivaruoka-kana-2kg\/","og_locale":"fi_FI","og_type":"article","og_title":"Brit Care Indoor Anti-stress kuivaruoka kissoille, kana 2kg - MiuMjau","og_description":"T\u00e4ydellisen tasapainoinen viljaton t\u00e4ysravinto sis\u00e4kissoille, joilla on taipumus stressiin. Sopii erinomaisesti kissoille, jotka asuvat sis\u00e4tiloissa ja kohtaavat p\u00e4ivitt\u00e4isi\u00e4 muutoksia, kuten uusi perheenj\u00e4sen, huonekalujen uudelleenj\u00e4rjestely tai muutto. Luonnollinen stressi\u00e4 v\u00e4hent\u00e4v\u00e4 vaikutus \u2013\u00a0 kissanminttu auttaa vakauttamaan syd\u00e4men toimintaa, alentamaan verenpainetta ja v\u00e4hent\u00e4m\u00e4\u00e4n ahdistusta. Terve ruoansulatus ja immuunij\u00e4rjestelm\u00e4 \u2013 probiootit ja prebiootit tukevat ruoansulatusta ja vahvistavat vastustuskyky\u00e4. Maukas ja ravitseva \u2013 tuore kana ja laadukkaat lihajauhot tarjoavat maukkaan ja hyvin sulavan aterian. Vahva karvapalloja vastaan \u2013 kuitupitoiset\u00a0 kurpitsa, kuivatut omenat ja psylliumsiemenet auttavat poistamaan karvapalloja luonnollisesti kehosta. Luonnollinen ja turvallinen \u2013 EI SIS\u00c4LL\u00c4 viljaa, keinotekoisia v\u00e4riaineita, s\u00e4il\u00f6nt\u00e4aineita eik\u00e4 GMO:ta. Ainesosat: Tuore kana (26%), keltaiset herneet (25%), kuivattu kana (20%), kuivatut omenat (8%), kurpitsa (6%), kanarasva, lohi\u00f6ljy, pellavansiemenet, kissanminttu, tyrni, prebiootit ja probiootit. Analyysi: Proteiinit 30%, rasvat 13%, kuidut 4%, kalsium 1%, fosfori 0,7%, Omega-3 0,3%, Omega-6 1,5%. S\u00e4ilytys &amp; ruokinta: Tarjoile kuivana tai vedell\u00e4 kostutettuna. S\u00e4\u00e4d\u00e4 m\u00e4\u00e4r\u00e4\u00e4 kissan aktiivisuuden ja tarpeiden mukaan. Tarjoa aina raikasta juomavett\u00e4. Rauhallisempi ja onnellisempi sis\u00e4kissa \u2013 Brit Care Indoor Anti-Stress!","og_url":"https:\/\/miumjau.ee\/fi\/tuote\/brit-care-sterilized-immunity-support-kissan-kuivaruoka-kana-2kg\/","og_site_name":"MiuMjau","article_publisher":"https:\/\/www.facebook.com\/miumjaupood\/","article_modified_time":"2026-01-07T20:57:31+00:00","og_image":[{"width":600,"height":800,"url":"https:\/\/miumjau.ee\/wp-content\/uploads\/2025\/02\/brit-care-kuivtoidud-kassidele6.jpg","type":"image\/jpeg"}],"twitter_card":"summary_large_image","schema":{"@context":"https:\/\/schema.org","@graph":[{"@type":"WebPage","@id":"https:\/\/miumjau.ee\/fi\/tuote\/brit-care-sterilized-immunity-support-kissan-kuivaruoka-kana-2kg\/","url":"https:\/\/miumjau.ee\/fi\/tuote\/brit-care-sterilized-immunity-support-kissan-kuivaruoka-kana-2kg\/","name":"Brit Care Indoor Anti-stress kuivaruoka kissoille, kana 2kg - MiuMjau","isPartOf":{"@id":"https:\/\/miumjau.ee\/#website"},"primaryImageOfPage":{"@id":"https:\/\/miumjau.ee\/fi\/tuote\/brit-care-sterilized-immunity-support-kissan-kuivaruoka-kana-2kg\/#primaryimage"},"image":{"@id":"https:\/\/miumjau.ee\/fi\/tuote\/brit-care-sterilized-immunity-support-kissan-kuivaruoka-kana-2kg\/#primaryimage"},"thumbnailUrl":"https:\/\/miumjau.ee\/wp-content\/uploads\/2025\/02\/brit-care-kuivtoidud-kassidele6.jpg","datePublished":"2025-02-18T13:50:29+00:00","dateModified":"2026-01-07T20:57:31+00:00","breadcrumb":{"@id":"https:\/\/miumjau.ee\/fi\/tuote\/brit-care-sterilized-immunity-support-kissan-kuivaruoka-kana-2kg\/#breadcrumb"},"inLanguage":"fi","potentialAction":[{"@type":"ReadAction","target":["https:\/\/miumjau.ee\/fi\/tuote\/brit-care-sterilized-immunity-support-kissan-kuivaruoka-kana-2kg\/"]}]},{"@type":"ImageObject","inLanguage":"fi","@id":"https:\/\/miumjau.ee\/fi\/tuote\/brit-care-sterilized-immunity-support-kissan-kuivaruoka-kana-2kg\/#primaryimage","url":"https:\/\/miumjau.ee\/wp-content\/uploads\/2025\/02\/brit-care-kuivtoidud-kassidele6.jpg","contentUrl":"https:\/\/miumjau.ee\/wp-content\/uploads\/2025\/02\/brit-care-kuivtoidud-kassidele6.jpg","width":600,"height":800,"caption":"Brit Care Indoor Anti-stress kuivtoit kassile 400g"},{"@type":"BreadcrumbList","@id":"https:\/\/miumjau.ee\/fi\/tuote\/brit-care-sterilized-immunity-support-kissan-kuivaruoka-kana-2kg\/#breadcrumb","itemListElement":[{"@type":"ListItem","position":1,"name":"Home","item":"https:\/\/miumjau.ee\/fi\/"},{"@type":"ListItem","position":2,"name":"Kauppa","item":"https:\/\/miumjau.ee\/fi\/kauppa\/"},{"@type":"ListItem","position":3,"name":"Brit Care Indoor Anti-stress kuivaruoka kissoille, kana 2kg"}]},{"@type":"WebSite","@id":"https:\/\/miumjau.ee\/#website","url":"https:\/\/miumjau.ee\/","name":"MiuMjau","description":"Kraapimispuud kassidele","publisher":{"@id":"https:\/\/miumjau.ee\/#organization"},"potentialAction":[{"@type":"SearchAction","target":{"@type":"EntryPoint","urlTemplate":"https:\/\/miumjau.ee\/?s={search_term_string}"},"query-input":{"@type":"PropertyValueSpecification","valueRequired":true,"valueName":"search_term_string"}}],"inLanguage":"fi"},{"@type":"Organization","@id":"https:\/\/miumjau.ee\/#organization","name":"MiuMjau O\u00dc","url":"https:\/\/miumjau.ee\/","logo":{"@type":"ImageObject","inLanguage":"fi","@id":"https:\/\/miumjau.ee\/#\/schema\/logo\/image\/","url":"https:\/\/miumjau.ee\/wp-content\/uploads\/2022\/04\/MiuMjau-logo-kollane.png","contentUrl":"https:\/\/miumjau.ee\/wp-content\/uploads\/2022\/04\/MiuMjau-logo-kollane.png","width":219,"height":100,"caption":"MiuMjau O\u00dc"},"image":{"@id":"https:\/\/miumjau.ee\/#\/schema\/logo\/image\/"},"sameAs":["https:\/\/www.facebook.com\/miumjaupood\/"]}]}},"_links":{"self":[{"href":"https:\/\/miumjau.ee\/fi\/wp-json\/wp\/v2\/product\/27691","targetHints":{"allow":["GET"]}}],"collection":[{"href":"https:\/\/miumjau.ee\/fi\/wp-json\/wp\/v2\/product"}],"about":[{"href":"https:\/\/miumjau.ee\/fi\/wp-json\/wp\/v2\/types\/product"}],"wp:featuredmedia":[{"embeddable":true,"href":"https:\/\/miumjau.ee\/fi\/wp-json\/wp\/v2\/media\/27429"}],"wp:attachment":[{"href":"https:\/\/miumjau.ee\/fi\/wp-json\/wp\/v2\/media?parent=27691"}],"wp:term":[{"taxonomy":"product_brand","embeddable":true,"href":"https:\/\/miumjau.ee\/fi\/wp-json\/wp\/v2\/product_brand?post=27691"},{"taxonomy":"product_cat","embeddable":true,"href":"https:\/\/miumjau.ee\/fi\/wp-json\/wp\/v2\/product_cat?post=27691"},{"taxonomy":"product_tag","embeddable":true,"href":"https:\/\/miumjau.ee\/fi\/wp-json\/wp\/v2\/product_tag?post=27691"}],"curies":[{"name":"wp","href":"https:\/\/api.w.org\/{rel}","templated":true}]}}