{"id":27649,"date":"2024-11-10T14:31:46","date_gmt":"2024-11-10T12:31:46","guid":{"rendered":"https:\/\/miumjau.ee\/toode\/ontario-stick-herkku-kissoille-lammasta-ja-riisia-5g\/"},"modified":"2026-01-07T22:57:38","modified_gmt":"2026-01-07T20:57:38","slug":"ontario-stick-herkku-kissoille-lammasta-ja-riisia-5g","status":"publish","type":"product","link":"https:\/\/miumjau.ee\/fi\/tuote\/ontario-stick-herkku-kissoille-lammasta-ja-riisia-5g\/","title":{"rendered":"Ontario Stick herkku kissoille lammasta ja riisi\u00e4 5g"},"content":{"rendered":"","protected":false},"excerpt":{"rendered":"","protected":false},"featured_media":23855,"template":"","meta":[],"product_brand":[],"product_cat":[266],"product_tag":[],"class_list":{"0":"post-27649","1":"product","2":"type-product","3":"status-publish","4":"has-post-thumbnail","6":"product_cat-makeiset","8":"first","9":"instock","10":"taxable","11":"shipping-taxable","12":"purchasable","13":"product-type-simple"},"yoast_head":"<!-- This site is optimized with the Yoast SEO plugin v27.2 - https:\/\/yoast.com\/product\/yoast-seo-wordpress\/ -->\n<title>Ontario Stick herkku kissoille lammasta ja riisi\u00e4 5g - MiuMjau<\/title>\n<meta name=\"description\" content=\"Toki, t\u00e4ss\u00e4 on k\u00e4\u00e4nn\u00f6s: Herkku kissoille, jossa on korkea lihapitoisuus. Ihanteellinen, kun kissasi haluaa my\u00f6s v\u00e4h\u00e4n pureskella. Mik\u00e4 maku on sen suosikki?\" \/>\n<meta name=\"robots\" content=\"index, follow, max-snippet:-1, max-image-preview:large, max-video-preview:-1\" \/>\n<link rel=\"canonical\" href=\"https:\/\/miumjau.ee\/fi\/tuote\/ontario-stick-herkku-kissoille-lammasta-ja-riisia-5g\/\" \/>\n<meta property=\"og:locale\" content=\"fi_FI\" \/>\n<meta property=\"og:type\" content=\"article\" \/>\n<meta property=\"og:title\" content=\"Ontario Stick herkku kissoille lammasta ja riisi\u00e4 5g - MiuMjau\" \/>\n<meta property=\"og:description\" content=\"Toki, t\u00e4ss\u00e4 on k\u00e4\u00e4nn\u00f6s: Herkku kissoille, jossa on korkea lihapitoisuus. Ihanteellinen, kun kissasi haluaa my\u00f6s v\u00e4h\u00e4n pureskella. Mik\u00e4 maku on sen suosikki?\" \/>\n<meta property=\"og:url\" content=\"https:\/\/miumjau.ee\/fi\/tuote\/ontario-stick-herkku-kissoille-lammasta-ja-riisia-5g\/\" \/>\n<meta property=\"og:site_name\" content=\"MiuMjau\" \/>\n<meta property=\"article:publisher\" content=\"https:\/\/www.facebook.com\/miumjaupood\/\" \/>\n<meta property=\"article:modified_time\" content=\"2026-01-07T20:57:38+00:00\" \/>\n<meta property=\"og:image\" content=\"https:\/\/miumjau.ee\/wp-content\/uploads\/2024\/11\/ontario-cat-stick-maius-kassidele4.jpg\" \/>\n\t<meta property=\"og:image:width\" content=\"600\" \/>\n\t<meta property=\"og:image:height\" content=\"800\" \/>\n\t<meta property=\"og:image:type\" content=\"image\/jpeg\" \/>\n<meta name=\"twitter:card\" content=\"summary_large_image\" \/>\n<script type=\"application\/ld+json\" class=\"yoast-schema-graph\">{\"@context\":\"https:\/\/schema.org\",\"@graph\":[{\"@type\":\"WebPage\",\"@id\":\"https:\/\/miumjau.ee\/fi\/tuote\/ontario-stick-herkku-kissoille-lammasta-ja-riisia-5g\/\",\"url\":\"https:\/\/miumjau.ee\/fi\/tuote\/ontario-stick-herkku-kissoille-lammasta-ja-riisia-5g\/\",\"name\":\"Ontario Stick herkku kissoille lammasta ja riisi\u00e4 5g - MiuMjau\",\"isPartOf\":{\"@id\":\"https:\/\/miumjau.ee\/#website\"},\"primaryImageOfPage\":{\"@id\":\"https:\/\/miumjau.ee\/fi\/tuote\/ontario-stick-herkku-kissoille-lammasta-ja-riisia-5g\/#primaryimage\"},\"image\":{\"@id\":\"https:\/\/miumjau.ee\/fi\/tuote\/ontario-stick-herkku-kissoille-lammasta-ja-riisia-5g\/#primaryimage\"},\"thumbnailUrl\":\"https:\/\/miumjau.ee\/wp-content\/uploads\/2024\/11\/ontario-cat-stick-maius-kassidele4.jpg\",\"datePublished\":\"2024-11-10T12:31:46+00:00\",\"dateModified\":\"2026-01-07T20:57:38+00:00\",\"description\":\"Toki, t\u00e4ss\u00e4 on k\u00e4\u00e4nn\u00f6s: Herkku kissoille, jossa on korkea lihapitoisuus. Ihanteellinen, kun kissasi haluaa my\u00f6s v\u00e4h\u00e4n pureskella. Mik\u00e4 maku on sen suosikki?\",\"breadcrumb\":{\"@id\":\"https:\/\/miumjau.ee\/fi\/tuote\/ontario-stick-herkku-kissoille-lammasta-ja-riisia-5g\/#breadcrumb\"},\"inLanguage\":\"fi\",\"potentialAction\":[{\"@type\":\"ReadAction\",\"target\":[\"https:\/\/miumjau.ee\/fi\/tuote\/ontario-stick-herkku-kissoille-lammasta-ja-riisia-5g\/\"]}]},{\"@type\":\"ImageObject\",\"inLanguage\":\"fi\",\"@id\":\"https:\/\/miumjau.ee\/fi\/tuote\/ontario-stick-herkku-kissoille-lammasta-ja-riisia-5g\/#primaryimage\",\"url\":\"https:\/\/miumjau.ee\/wp-content\/uploads\/2024\/11\/ontario-cat-stick-maius-kassidele4.jpg\",\"contentUrl\":\"https:\/\/miumjau.ee\/wp-content\/uploads\/2024\/11\/ontario-cat-stick-maius-kassidele4.jpg\",\"width\":600,\"height\":800,\"caption\":\"Ontario Stick maius kassidele lamba ja riisiga 5g\"},{\"@type\":\"BreadcrumbList\",\"@id\":\"https:\/\/miumjau.ee\/fi\/tuote\/ontario-stick-herkku-kissoille-lammasta-ja-riisia-5g\/#breadcrumb\",\"itemListElement\":[{\"@type\":\"ListItem\",\"position\":1,\"name\":\"Home\",\"item\":\"https:\/\/miumjau.ee\/fi\/\"},{\"@type\":\"ListItem\",\"position\":2,\"name\":\"Kauppa\",\"item\":\"https:\/\/miumjau.ee\/fi\/kauppa\/\"},{\"@type\":\"ListItem\",\"position\":3,\"name\":\"Ontario Stick herkku kissoille lammasta ja riisi\u00e4 5g\"}]},{\"@type\":\"WebSite\",\"@id\":\"https:\/\/miumjau.ee\/#website\",\"url\":\"https:\/\/miumjau.ee\/\",\"name\":\"MiuMjau\",\"description\":\"Kraapimispuud kassidele\",\"publisher\":{\"@id\":\"https:\/\/miumjau.ee\/#organization\"},\"potentialAction\":[{\"@type\":\"SearchAction\",\"target\":{\"@type\":\"EntryPoint\",\"urlTemplate\":\"https:\/\/miumjau.ee\/?s={search_term_string}\"},\"query-input\":{\"@type\":\"PropertyValueSpecification\",\"valueRequired\":true,\"valueName\":\"search_term_string\"}}],\"inLanguage\":\"fi\"},{\"@type\":\"Organization\",\"@id\":\"https:\/\/miumjau.ee\/#organization\",\"name\":\"MiuMjau O\u00dc\",\"url\":\"https:\/\/miumjau.ee\/\",\"logo\":{\"@type\":\"ImageObject\",\"inLanguage\":\"fi\",\"@id\":\"https:\/\/miumjau.ee\/#\/schema\/logo\/image\/\",\"url\":\"https:\/\/miumjau.ee\/wp-content\/uploads\/2022\/04\/MiuMjau-logo-kollane.png\",\"contentUrl\":\"https:\/\/miumjau.ee\/wp-content\/uploads\/2022\/04\/MiuMjau-logo-kollane.png\",\"width\":219,\"height\":100,\"caption\":\"MiuMjau O\u00dc\"},\"image\":{\"@id\":\"https:\/\/miumjau.ee\/#\/schema\/logo\/image\/\"},\"sameAs\":[\"https:\/\/www.facebook.com\/miumjaupood\/\"]}]}<\/script>\n<!-- \/ Yoast SEO plugin. -->","yoast_head_json":{"title":"Ontario Stick herkku kissoille lammasta ja riisi\u00e4 5g - MiuMjau","description":"Toki, t\u00e4ss\u00e4 on k\u00e4\u00e4nn\u00f6s: Herkku kissoille, jossa on korkea lihapitoisuus. Ihanteellinen, kun kissasi haluaa my\u00f6s v\u00e4h\u00e4n pureskella. Mik\u00e4 maku on sen suosikki?","robots":{"index":"index","follow":"follow","max-snippet":"max-snippet:-1","max-image-preview":"max-image-preview:large","max-video-preview":"max-video-preview:-1"},"canonical":"https:\/\/miumjau.ee\/fi\/tuote\/ontario-stick-herkku-kissoille-lammasta-ja-riisia-5g\/","og_locale":"fi_FI","og_type":"article","og_title":"Ontario Stick herkku kissoille lammasta ja riisi\u00e4 5g - MiuMjau","og_description":"Toki, t\u00e4ss\u00e4 on k\u00e4\u00e4nn\u00f6s: Herkku kissoille, jossa on korkea lihapitoisuus. Ihanteellinen, kun kissasi haluaa my\u00f6s v\u00e4h\u00e4n pureskella. Mik\u00e4 maku on sen suosikki?","og_url":"https:\/\/miumjau.ee\/fi\/tuote\/ontario-stick-herkku-kissoille-lammasta-ja-riisia-5g\/","og_site_name":"MiuMjau","article_publisher":"https:\/\/www.facebook.com\/miumjaupood\/","article_modified_time":"2026-01-07T20:57:38+00:00","og_image":[{"width":600,"height":800,"url":"https:\/\/miumjau.ee\/wp-content\/uploads\/2024\/11\/ontario-cat-stick-maius-kassidele4.jpg","type":"image\/jpeg"}],"twitter_card":"summary_large_image","schema":{"@context":"https:\/\/schema.org","@graph":[{"@type":"WebPage","@id":"https:\/\/miumjau.ee\/fi\/tuote\/ontario-stick-herkku-kissoille-lammasta-ja-riisia-5g\/","url":"https:\/\/miumjau.ee\/fi\/tuote\/ontario-stick-herkku-kissoille-lammasta-ja-riisia-5g\/","name":"Ontario Stick herkku kissoille lammasta ja riisi\u00e4 5g - MiuMjau","isPartOf":{"@id":"https:\/\/miumjau.ee\/#website"},"primaryImageOfPage":{"@id":"https:\/\/miumjau.ee\/fi\/tuote\/ontario-stick-herkku-kissoille-lammasta-ja-riisia-5g\/#primaryimage"},"image":{"@id":"https:\/\/miumjau.ee\/fi\/tuote\/ontario-stick-herkku-kissoille-lammasta-ja-riisia-5g\/#primaryimage"},"thumbnailUrl":"https:\/\/miumjau.ee\/wp-content\/uploads\/2024\/11\/ontario-cat-stick-maius-kassidele4.jpg","datePublished":"2024-11-10T12:31:46+00:00","dateModified":"2026-01-07T20:57:38+00:00","description":"Toki, t\u00e4ss\u00e4 on k\u00e4\u00e4nn\u00f6s: Herkku kissoille, jossa on korkea lihapitoisuus. Ihanteellinen, kun kissasi haluaa my\u00f6s v\u00e4h\u00e4n pureskella. Mik\u00e4 maku on sen suosikki?","breadcrumb":{"@id":"https:\/\/miumjau.ee\/fi\/tuote\/ontario-stick-herkku-kissoille-lammasta-ja-riisia-5g\/#breadcrumb"},"inLanguage":"fi","potentialAction":[{"@type":"ReadAction","target":["https:\/\/miumjau.ee\/fi\/tuote\/ontario-stick-herkku-kissoille-lammasta-ja-riisia-5g\/"]}]},{"@type":"ImageObject","inLanguage":"fi","@id":"https:\/\/miumjau.ee\/fi\/tuote\/ontario-stick-herkku-kissoille-lammasta-ja-riisia-5g\/#primaryimage","url":"https:\/\/miumjau.ee\/wp-content\/uploads\/2024\/11\/ontario-cat-stick-maius-kassidele4.jpg","contentUrl":"https:\/\/miumjau.ee\/wp-content\/uploads\/2024\/11\/ontario-cat-stick-maius-kassidele4.jpg","width":600,"height":800,"caption":"Ontario Stick maius kassidele lamba ja riisiga 5g"},{"@type":"BreadcrumbList","@id":"https:\/\/miumjau.ee\/fi\/tuote\/ontario-stick-herkku-kissoille-lammasta-ja-riisia-5g\/#breadcrumb","itemListElement":[{"@type":"ListItem","position":1,"name":"Home","item":"https:\/\/miumjau.ee\/fi\/"},{"@type":"ListItem","position":2,"name":"Kauppa","item":"https:\/\/miumjau.ee\/fi\/kauppa\/"},{"@type":"ListItem","position":3,"name":"Ontario Stick herkku kissoille lammasta ja riisi\u00e4 5g"}]},{"@type":"WebSite","@id":"https:\/\/miumjau.ee\/#website","url":"https:\/\/miumjau.ee\/","name":"MiuMjau","description":"Kraapimispuud kassidele","publisher":{"@id":"https:\/\/miumjau.ee\/#organization"},"potentialAction":[{"@type":"SearchAction","target":{"@type":"EntryPoint","urlTemplate":"https:\/\/miumjau.ee\/?s={search_term_string}"},"query-input":{"@type":"PropertyValueSpecification","valueRequired":true,"valueName":"search_term_string"}}],"inLanguage":"fi"},{"@type":"Organization","@id":"https:\/\/miumjau.ee\/#organization","name":"MiuMjau O\u00dc","url":"https:\/\/miumjau.ee\/","logo":{"@type":"ImageObject","inLanguage":"fi","@id":"https:\/\/miumjau.ee\/#\/schema\/logo\/image\/","url":"https:\/\/miumjau.ee\/wp-content\/uploads\/2022\/04\/MiuMjau-logo-kollane.png","contentUrl":"https:\/\/miumjau.ee\/wp-content\/uploads\/2022\/04\/MiuMjau-logo-kollane.png","width":219,"height":100,"caption":"MiuMjau O\u00dc"},"image":{"@id":"https:\/\/miumjau.ee\/#\/schema\/logo\/image\/"},"sameAs":["https:\/\/www.facebook.com\/miumjaupood\/"]}]}},"_links":{"self":[{"href":"https:\/\/miumjau.ee\/fi\/wp-json\/wp\/v2\/product\/27649","targetHints":{"allow":["GET"]}}],"collection":[{"href":"https:\/\/miumjau.ee\/fi\/wp-json\/wp\/v2\/product"}],"about":[{"href":"https:\/\/miumjau.ee\/fi\/wp-json\/wp\/v2\/types\/product"}],"wp:featuredmedia":[{"embeddable":true,"href":"https:\/\/miumjau.ee\/fi\/wp-json\/wp\/v2\/media\/23855"}],"wp:attachment":[{"href":"https:\/\/miumjau.ee\/fi\/wp-json\/wp\/v2\/media?parent=27649"}],"wp:term":[{"taxonomy":"product_brand","embeddable":true,"href":"https:\/\/miumjau.ee\/fi\/wp-json\/wp\/v2\/product_brand?post=27649"},{"taxonomy":"product_cat","embeddable":true,"href":"https:\/\/miumjau.ee\/fi\/wp-json\/wp\/v2\/product_cat?post=27649"},{"taxonomy":"product_tag","embeddable":true,"href":"https:\/\/miumjau.ee\/fi\/wp-json\/wp\/v2\/product_tag?post=27649"}],"curies":[{"name":"wp","href":"https:\/\/api.w.org\/{rel}","templated":true}]}}