{"id":27646,"date":"2024-11-15T10:11:32","date_gmt":"2024-11-15T08:11:32","guid":{"rendered":"https:\/\/miumjau.ee\/toode\/ontario-markaruoka-kissoille-tonnikala-liemessa-80g\/"},"modified":"2026-01-07T22:57:38","modified_gmt":"2026-01-07T20:57:38","slug":"ontario-markaruoka-kissoille-tonnikala-liemessa-80g","status":"publish","type":"product","link":"https:\/\/miumjau.ee\/fi\/tuote\/ontario-markaruoka-kissoille-tonnikala-liemessa-80g\/","title":{"rendered":"Ontario m\u00e4rk\u00e4ruoka kissoille, tonnikala liemess\u00e4 80g"},"content":{"rendered":"","protected":false},"excerpt":{"rendered":"<p data-sourcepos=\"3:1-3:77\">ONTARIO Tonnikalaa liemess\u00e4 &#8211; s\u00e4ilyke kissoille tonnikalalla liemess\u00e4, 80g<\/p>\n<ul data-sourcepos=\"5:1-12:0\">\n<li data-sourcepos=\"5:1-5:36\">huolella valituista raaka-aineista<\/li>\n<li data-sourcepos=\"6:1-6:43\">teeuutteella, joka edist\u00e4\u00e4 raikasta hajua<\/li>\n<li data-sourcepos=\"7:1-7:58\">sis\u00e4lt\u00e4\u00e4 tauriinia, joka tukee tervett\u00e4 syd\u00e4nt\u00e4 ja n\u00e4k\u00f6\u00e4<\/li>\n<li data-sourcepos=\"8:1-8:95\">rikastettu vihanneksilla (porkkana, maissi, pavut) ruoansulatuksen tukemiseksi &#8211; kuidun l\u00e4hde<\/li>\n<li data-sourcepos=\"9:1-9:78\">maukas lihaliemi, joka auttaa samalla s\u00e4ilytt\u00e4m\u00e4\u00e4n p\u00e4ivitt\u00e4ist\u00e4 nesteenottoa<\/li>\n<li data-sourcepos=\"10:1-10:40\">ei lis\u00e4ttyj\u00e4 keinotekoisia v\u00e4riaineita<\/li>\n<li data-sourcepos=\"11:1-12:0\">gluteeniton<\/li>\n<\/ul>\n<p data-sourcepos=\"13:1-13:15\">Nettopaino: 80g<\/p>\n<p data-sourcepos=\"15:1-15:241\">Koostumus: liha ja el\u00e4inper\u00e4iset tuotteet, kala ja kalatuotteet 71,33% (tonnikala 41,06%, kana 30,27%), kanaliemi 27,482%, karrageeni 0,7%, suola 0,4%, tauriini 0,08%, teeuute 0,005%, vitamiinit (A, B2, B3, B5, D3, E, polydekstroosi) 0,003%.<\/p>\n<p data-sourcepos=\"17:1-17:119\">Analyyttiset ainesosat: raakavalkuainen 10%, raaka\u00f6ljyt ja -rasvat 0,5%, raakakuitu 0,5%, raakatuhka 1,5%, kosteus 87%.<\/p>\n<p data-sourcepos=\"19:1-19:85\">Ruokintaohjeet: P\u00e4ivitt\u00e4inen annos riippuu kissasi aktiivisuudesta, i\u00e4st\u00e4 ja rodusta.<\/p>\n<p data-sourcepos=\"21:1-21:47\">Sopii kissanpennuille 4 kuukauden i\u00e4st\u00e4 alkaen.<\/p>\n","protected":false},"featured_media":24284,"template":"","meta":[],"product_brand":[],"product_cat":[264],"product_tag":[],"class_list":{"0":"post-27646","1":"product","2":"type-product","3":"status-publish","4":"has-post-thumbnail","6":"product_cat-marka-ruoka","8":"first","9":"instock","10":"sale","11":"taxable","12":"shipping-taxable","13":"purchasable","14":"product-type-simple"},"yoast_head":"<!-- This site is optimized with the Yoast SEO plugin v27.2 - https:\/\/yoast.com\/product\/yoast-seo-wordpress\/ -->\n<title>Ontario m\u00e4rk\u00e4ruoka kissoille, tonnikala liemess\u00e4 80g - MiuMjau<\/title>\n<meta name=\"description\" content=\"Ontarion kissan m\u00e4rk\u00e4ruoka auttaa yll\u00e4pit\u00e4m\u00e4\u00e4n normaalia nestetasoa kehossa. Lis\u00e4tty tauriini tukee tervett\u00e4 syd\u00e4nt\u00e4 ja n\u00e4k\u00f6\u00e4. Laaja valikoima erilaisia \u200b\u200bmakuja!\" \/>\n<meta name=\"robots\" content=\"index, follow, max-snippet:-1, max-image-preview:large, max-video-preview:-1\" \/>\n<link rel=\"canonical\" href=\"https:\/\/miumjau.ee\/fi\/tuote\/ontario-markaruoka-kissoille-tonnikala-liemessa-80g\/\" \/>\n<meta property=\"og:locale\" content=\"fi_FI\" \/>\n<meta property=\"og:type\" content=\"article\" \/>\n<meta property=\"og:title\" content=\"Ontario m\u00e4rk\u00e4ruoka kissoille, tonnikala liemess\u00e4 80g - MiuMjau\" \/>\n<meta property=\"og:description\" content=\"Ontarion kissan m\u00e4rk\u00e4ruoka auttaa yll\u00e4pit\u00e4m\u00e4\u00e4n normaalia nestetasoa kehossa. Lis\u00e4tty tauriini tukee tervett\u00e4 syd\u00e4nt\u00e4 ja n\u00e4k\u00f6\u00e4. Laaja valikoima erilaisia \u200b\u200bmakuja!\" \/>\n<meta property=\"og:url\" content=\"https:\/\/miumjau.ee\/fi\/tuote\/ontario-markaruoka-kissoille-tonnikala-liemessa-80g\/\" \/>\n<meta property=\"og:site_name\" content=\"MiuMjau\" \/>\n<meta property=\"article:publisher\" content=\"https:\/\/www.facebook.com\/miumjaupood\/\" \/>\n<meta property=\"article:modified_time\" content=\"2026-01-07T20:57:38+00:00\" \/>\n<meta property=\"og:image\" content=\"https:\/\/miumjau.ee\/wp-content\/uploads\/2024\/11\/ontario-margtoit-kassile-puljongis80g4.jpg\" \/>\n\t<meta property=\"og:image:width\" content=\"600\" \/>\n\t<meta property=\"og:image:height\" content=\"800\" \/>\n\t<meta property=\"og:image:type\" content=\"image\/jpeg\" \/>\n<meta name=\"twitter:card\" content=\"summary_large_image\" \/>\n<script type=\"application\/ld+json\" class=\"yoast-schema-graph\">{\"@context\":\"https:\/\/schema.org\",\"@graph\":[{\"@type\":\"WebPage\",\"@id\":\"https:\/\/miumjau.ee\/fi\/tuote\/ontario-markaruoka-kissoille-tonnikala-liemessa-80g\/\",\"url\":\"https:\/\/miumjau.ee\/fi\/tuote\/ontario-markaruoka-kissoille-tonnikala-liemessa-80g\/\",\"name\":\"Ontario m\u00e4rk\u00e4ruoka kissoille, tonnikala liemess\u00e4 80g - MiuMjau\",\"isPartOf\":{\"@id\":\"https:\/\/miumjau.ee\/#website\"},\"primaryImageOfPage\":{\"@id\":\"https:\/\/miumjau.ee\/fi\/tuote\/ontario-markaruoka-kissoille-tonnikala-liemessa-80g\/#primaryimage\"},\"image\":{\"@id\":\"https:\/\/miumjau.ee\/fi\/tuote\/ontario-markaruoka-kissoille-tonnikala-liemessa-80g\/#primaryimage\"},\"thumbnailUrl\":\"https:\/\/miumjau.ee\/wp-content\/uploads\/2024\/11\/ontario-margtoit-kassile-puljongis80g4.jpg\",\"datePublished\":\"2024-11-15T08:11:32+00:00\",\"dateModified\":\"2026-01-07T20:57:38+00:00\",\"description\":\"Ontarion kissan m\u00e4rk\u00e4ruoka auttaa yll\u00e4pit\u00e4m\u00e4\u00e4n normaalia nestetasoa kehossa. Lis\u00e4tty tauriini tukee tervett\u00e4 syd\u00e4nt\u00e4 ja n\u00e4k\u00f6\u00e4. Laaja valikoima erilaisia \u200b\u200bmakuja!\",\"breadcrumb\":{\"@id\":\"https:\/\/miumjau.ee\/fi\/tuote\/ontario-markaruoka-kissoille-tonnikala-liemessa-80g\/#breadcrumb\"},\"inLanguage\":\"fi\",\"potentialAction\":[{\"@type\":\"ReadAction\",\"target\":[\"https:\/\/miumjau.ee\/fi\/tuote\/ontario-markaruoka-kissoille-tonnikala-liemessa-80g\/\"]}]},{\"@type\":\"ImageObject\",\"inLanguage\":\"fi\",\"@id\":\"https:\/\/miumjau.ee\/fi\/tuote\/ontario-markaruoka-kissoille-tonnikala-liemessa-80g\/#primaryimage\",\"url\":\"https:\/\/miumjau.ee\/wp-content\/uploads\/2024\/11\/ontario-margtoit-kassile-puljongis80g4.jpg\",\"contentUrl\":\"https:\/\/miumjau.ee\/wp-content\/uploads\/2024\/11\/ontario-margtoit-kassile-puljongis80g4.jpg\",\"width\":600,\"height\":800,\"caption\":\"Ontario m\u00e4rgtoit puljongis\"},{\"@type\":\"BreadcrumbList\",\"@id\":\"https:\/\/miumjau.ee\/fi\/tuote\/ontario-markaruoka-kissoille-tonnikala-liemessa-80g\/#breadcrumb\",\"itemListElement\":[{\"@type\":\"ListItem\",\"position\":1,\"name\":\"Home\",\"item\":\"https:\/\/miumjau.ee\/fi\/\"},{\"@type\":\"ListItem\",\"position\":2,\"name\":\"Kauppa\",\"item\":\"https:\/\/miumjau.ee\/fi\/kauppa\/\"},{\"@type\":\"ListItem\",\"position\":3,\"name\":\"Ontario m\u00e4rk\u00e4ruoka kissoille, tonnikala liemess\u00e4 80g\"}]},{\"@type\":\"WebSite\",\"@id\":\"https:\/\/miumjau.ee\/#website\",\"url\":\"https:\/\/miumjau.ee\/\",\"name\":\"MiuMjau\",\"description\":\"Kraapimispuud kassidele\",\"publisher\":{\"@id\":\"https:\/\/miumjau.ee\/#organization\"},\"potentialAction\":[{\"@type\":\"SearchAction\",\"target\":{\"@type\":\"EntryPoint\",\"urlTemplate\":\"https:\/\/miumjau.ee\/?s={search_term_string}\"},\"query-input\":{\"@type\":\"PropertyValueSpecification\",\"valueRequired\":true,\"valueName\":\"search_term_string\"}}],\"inLanguage\":\"fi\"},{\"@type\":\"Organization\",\"@id\":\"https:\/\/miumjau.ee\/#organization\",\"name\":\"MiuMjau O\u00dc\",\"url\":\"https:\/\/miumjau.ee\/\",\"logo\":{\"@type\":\"ImageObject\",\"inLanguage\":\"fi\",\"@id\":\"https:\/\/miumjau.ee\/#\/schema\/logo\/image\/\",\"url\":\"https:\/\/miumjau.ee\/wp-content\/uploads\/2022\/04\/MiuMjau-logo-kollane.png\",\"contentUrl\":\"https:\/\/miumjau.ee\/wp-content\/uploads\/2022\/04\/MiuMjau-logo-kollane.png\",\"width\":219,\"height\":100,\"caption\":\"MiuMjau O\u00dc\"},\"image\":{\"@id\":\"https:\/\/miumjau.ee\/#\/schema\/logo\/image\/\"},\"sameAs\":[\"https:\/\/www.facebook.com\/miumjaupood\/\"]}]}<\/script>\n<!-- \/ Yoast SEO plugin. -->","yoast_head_json":{"title":"Ontario m\u00e4rk\u00e4ruoka kissoille, tonnikala liemess\u00e4 80g - MiuMjau","description":"Ontarion kissan m\u00e4rk\u00e4ruoka auttaa yll\u00e4pit\u00e4m\u00e4\u00e4n normaalia nestetasoa kehossa. Lis\u00e4tty tauriini tukee tervett\u00e4 syd\u00e4nt\u00e4 ja n\u00e4k\u00f6\u00e4. Laaja valikoima erilaisia \u200b\u200bmakuja!","robots":{"index":"index","follow":"follow","max-snippet":"max-snippet:-1","max-image-preview":"max-image-preview:large","max-video-preview":"max-video-preview:-1"},"canonical":"https:\/\/miumjau.ee\/fi\/tuote\/ontario-markaruoka-kissoille-tonnikala-liemessa-80g\/","og_locale":"fi_FI","og_type":"article","og_title":"Ontario m\u00e4rk\u00e4ruoka kissoille, tonnikala liemess\u00e4 80g - MiuMjau","og_description":"Ontarion kissan m\u00e4rk\u00e4ruoka auttaa yll\u00e4pit\u00e4m\u00e4\u00e4n normaalia nestetasoa kehossa. Lis\u00e4tty tauriini tukee tervett\u00e4 syd\u00e4nt\u00e4 ja n\u00e4k\u00f6\u00e4. Laaja valikoima erilaisia \u200b\u200bmakuja!","og_url":"https:\/\/miumjau.ee\/fi\/tuote\/ontario-markaruoka-kissoille-tonnikala-liemessa-80g\/","og_site_name":"MiuMjau","article_publisher":"https:\/\/www.facebook.com\/miumjaupood\/","article_modified_time":"2026-01-07T20:57:38+00:00","og_image":[{"width":600,"height":800,"url":"https:\/\/miumjau.ee\/wp-content\/uploads\/2024\/11\/ontario-margtoit-kassile-puljongis80g4.jpg","type":"image\/jpeg"}],"twitter_card":"summary_large_image","schema":{"@context":"https:\/\/schema.org","@graph":[{"@type":"WebPage","@id":"https:\/\/miumjau.ee\/fi\/tuote\/ontario-markaruoka-kissoille-tonnikala-liemessa-80g\/","url":"https:\/\/miumjau.ee\/fi\/tuote\/ontario-markaruoka-kissoille-tonnikala-liemessa-80g\/","name":"Ontario m\u00e4rk\u00e4ruoka kissoille, tonnikala liemess\u00e4 80g - MiuMjau","isPartOf":{"@id":"https:\/\/miumjau.ee\/#website"},"primaryImageOfPage":{"@id":"https:\/\/miumjau.ee\/fi\/tuote\/ontario-markaruoka-kissoille-tonnikala-liemessa-80g\/#primaryimage"},"image":{"@id":"https:\/\/miumjau.ee\/fi\/tuote\/ontario-markaruoka-kissoille-tonnikala-liemessa-80g\/#primaryimage"},"thumbnailUrl":"https:\/\/miumjau.ee\/wp-content\/uploads\/2024\/11\/ontario-margtoit-kassile-puljongis80g4.jpg","datePublished":"2024-11-15T08:11:32+00:00","dateModified":"2026-01-07T20:57:38+00:00","description":"Ontarion kissan m\u00e4rk\u00e4ruoka auttaa yll\u00e4pit\u00e4m\u00e4\u00e4n normaalia nestetasoa kehossa. Lis\u00e4tty tauriini tukee tervett\u00e4 syd\u00e4nt\u00e4 ja n\u00e4k\u00f6\u00e4. Laaja valikoima erilaisia \u200b\u200bmakuja!","breadcrumb":{"@id":"https:\/\/miumjau.ee\/fi\/tuote\/ontario-markaruoka-kissoille-tonnikala-liemessa-80g\/#breadcrumb"},"inLanguage":"fi","potentialAction":[{"@type":"ReadAction","target":["https:\/\/miumjau.ee\/fi\/tuote\/ontario-markaruoka-kissoille-tonnikala-liemessa-80g\/"]}]},{"@type":"ImageObject","inLanguage":"fi","@id":"https:\/\/miumjau.ee\/fi\/tuote\/ontario-markaruoka-kissoille-tonnikala-liemessa-80g\/#primaryimage","url":"https:\/\/miumjau.ee\/wp-content\/uploads\/2024\/11\/ontario-margtoit-kassile-puljongis80g4.jpg","contentUrl":"https:\/\/miumjau.ee\/wp-content\/uploads\/2024\/11\/ontario-margtoit-kassile-puljongis80g4.jpg","width":600,"height":800,"caption":"Ontario m\u00e4rgtoit puljongis"},{"@type":"BreadcrumbList","@id":"https:\/\/miumjau.ee\/fi\/tuote\/ontario-markaruoka-kissoille-tonnikala-liemessa-80g\/#breadcrumb","itemListElement":[{"@type":"ListItem","position":1,"name":"Home","item":"https:\/\/miumjau.ee\/fi\/"},{"@type":"ListItem","position":2,"name":"Kauppa","item":"https:\/\/miumjau.ee\/fi\/kauppa\/"},{"@type":"ListItem","position":3,"name":"Ontario m\u00e4rk\u00e4ruoka kissoille, tonnikala liemess\u00e4 80g"}]},{"@type":"WebSite","@id":"https:\/\/miumjau.ee\/#website","url":"https:\/\/miumjau.ee\/","name":"MiuMjau","description":"Kraapimispuud kassidele","publisher":{"@id":"https:\/\/miumjau.ee\/#organization"},"potentialAction":[{"@type":"SearchAction","target":{"@type":"EntryPoint","urlTemplate":"https:\/\/miumjau.ee\/?s={search_term_string}"},"query-input":{"@type":"PropertyValueSpecification","valueRequired":true,"valueName":"search_term_string"}}],"inLanguage":"fi"},{"@type":"Organization","@id":"https:\/\/miumjau.ee\/#organization","name":"MiuMjau O\u00dc","url":"https:\/\/miumjau.ee\/","logo":{"@type":"ImageObject","inLanguage":"fi","@id":"https:\/\/miumjau.ee\/#\/schema\/logo\/image\/","url":"https:\/\/miumjau.ee\/wp-content\/uploads\/2022\/04\/MiuMjau-logo-kollane.png","contentUrl":"https:\/\/miumjau.ee\/wp-content\/uploads\/2022\/04\/MiuMjau-logo-kollane.png","width":219,"height":100,"caption":"MiuMjau O\u00dc"},"image":{"@id":"https:\/\/miumjau.ee\/#\/schema\/logo\/image\/"},"sameAs":["https:\/\/www.facebook.com\/miumjaupood\/"]}]}},"_links":{"self":[{"href":"https:\/\/miumjau.ee\/fi\/wp-json\/wp\/v2\/product\/27646","targetHints":{"allow":["GET"]}}],"collection":[{"href":"https:\/\/miumjau.ee\/fi\/wp-json\/wp\/v2\/product"}],"about":[{"href":"https:\/\/miumjau.ee\/fi\/wp-json\/wp\/v2\/types\/product"}],"wp:featuredmedia":[{"embeddable":true,"href":"https:\/\/miumjau.ee\/fi\/wp-json\/wp\/v2\/media\/24284"}],"wp:attachment":[{"href":"https:\/\/miumjau.ee\/fi\/wp-json\/wp\/v2\/media?parent=27646"}],"wp:term":[{"taxonomy":"product_brand","embeddable":true,"href":"https:\/\/miumjau.ee\/fi\/wp-json\/wp\/v2\/product_brand?post=27646"},{"taxonomy":"product_cat","embeddable":true,"href":"https:\/\/miumjau.ee\/fi\/wp-json\/wp\/v2\/product_cat?post=27646"},{"taxonomy":"product_tag","embeddable":true,"href":"https:\/\/miumjau.ee\/fi\/wp-json\/wp\/v2\/product_tag?post=27646"}],"curies":[{"name":"wp","href":"https:\/\/api.w.org\/{rel}","templated":true}]}}