{"id":27637,"date":"2024-11-13T19:47:41","date_gmt":"2024-11-13T17:47:41","guid":{"rendered":"https:\/\/miumjau.ee\/toode\/ontarion-kanajuoma-kissoille-lihapaloilla-135g\/"},"modified":"2026-01-07T22:57:45","modified_gmt":"2026-01-07T20:57:45","slug":"ontarion-kanajuoma-kissoille-lihapaloilla-135g","status":"publish","type":"product","link":"https:\/\/miumjau.ee\/fi\/tuote\/ontarion-kanajuoma-kissoille-lihapaloilla-135g\/","title":{"rendered":"Ontarion kanajuoma kissoille lihapaloilla 135g"},"content":{"rendered":"","protected":false},"excerpt":{"rendered":"<p data-sourcepos=\"3:1-3:131\">Ontario Chicken Drink &#8211; lis\u00e4ravinto aikuisille kissoille &#8211; juoma kananpalasilla. Auttaa ehk\u00e4isem\u00e4\u00e4n munuaiskivien muodostumista.<\/p>\n<p data-sourcepos=\"4:1-4:56\">Lis\u00e4ravinto aikuisille kissoille &#8211; juoma kananpalasilla.<\/p>\n<p data-sourcepos=\"6:1-14:288\">Juoma kissoille purkissa, joka huolehtii p\u00e4ivitt\u00e4isest\u00e4 nesteenotosta ja auttaa siten ehk\u00e4isem\u00e4\u00e4n munuaiskivien muodostumista. Reseptin perustana on maukas mehu pienill\u00e4 maukkaan tuoreen lihan palasilla. Voit tarjoilla sit\u00e4 kuivaruoan kanssa tai hemmotella kissaasi juomalla terveen\u00e4 v\u00e4lipalana tavallisten ruokintojen v\u00e4lill\u00e4. 100% koostumustakuu &#8211; tied\u00e4t tarkalleen, mit\u00e4 kissallesi annat. Sis\u00e4lt\u00e4\u00e4 vain luonnollisia v\u00e4riaineita. Nettopaino: 135g Ainesosat: vesi 85,7%, kananliha 10,67%, kanaliemi 1,1%, glysiini 0,92%, sakeuttamisaine 0,83%, auringonkukka\u00f6ljy 0,55%, perunat\u00e4rkkelys 0,18%, paprikasta saatu punainen v\u00e4riaine 0,05%. Analyyttiset ainesosat: raakavalkuainen v\u00e4hint\u00e4\u00e4n 2,6%, raakarasva v\u00e4hint\u00e4\u00e4n 0,5%, raakakuitu enint\u00e4\u00e4n 0,6%, raakatuhka enint\u00e4\u00e4n 1%, kosteus enint\u00e4\u00e4n 95%. Ruokintaohjeet: Jaa 2 p\u00e4iv\u00e4n purkin sis\u00e4lt\u00f6 3-4 annokseen. S\u00e4ilyt\u00e4 avaamisen j\u00e4lkeen j\u00e4\u00e4kaapissa ja k\u00e4yt\u00e4 2 p\u00e4iv\u00e4n kuluessa. Tuntia ennen tarjoilua ota muoto pois, jotta se l\u00e4mpenee huoneenl\u00e4mp\u00f6tilaan. Jos ruokit vain kuivaruokaa, juoman sis\u00e4lt\u00f6 voi vastata p\u00e4ivitt\u00e4iseen nestetarpeeseen.<\/p>\n","protected":false},"featured_media":24186,"template":"","meta":[],"product_brand":[],"product_cat":[264],"product_tag":[],"class_list":{"0":"post-27637","1":"product","2":"type-product","3":"status-publish","4":"has-post-thumbnail","6":"product_cat-marka-ruoka","8":"first","9":"instock","10":"taxable","11":"shipping-taxable","12":"purchasable","13":"product-type-simple"},"yoast_head":"<!-- This site is optimized with the Yoast SEO plugin v27.4 - https:\/\/yoast.com\/product\/yoast-seo-wordpress\/ -->\n<title>Ontarion kanajuoma kissoille lihapaloilla 135g - MiuMjau<\/title>\n<meta name=\"description\" content=\"Ontario-merkin herkullinen keitto varmistaa, ett\u00e4 kissan kehon nestetaso on riitt\u00e4v\u00e4. Tukee virtsateiden terveytt\u00e4 ja on eritt\u00e4in maukasta.\" \/>\n<meta name=\"robots\" content=\"index, follow, max-snippet:-1, max-image-preview:large, max-video-preview:-1\" \/>\n<link rel=\"canonical\" href=\"https:\/\/miumjau.ee\/fi\/tuote\/ontarion-kanajuoma-kissoille-lihapaloilla-135g\/\" \/>\n<meta property=\"og:locale\" content=\"fi_FI\" \/>\n<meta property=\"og:type\" content=\"article\" \/>\n<meta property=\"og:title\" content=\"Ontarion kanajuoma kissoille lihapaloilla 135g - MiuMjau\" \/>\n<meta property=\"og:description\" content=\"Ontario-merkin herkullinen keitto varmistaa, ett\u00e4 kissan kehon nestetaso on riitt\u00e4v\u00e4. Tukee virtsateiden terveytt\u00e4 ja on eritt\u00e4in maukasta.\" \/>\n<meta property=\"og:url\" content=\"https:\/\/miumjau.ee\/fi\/tuote\/ontarion-kanajuoma-kissoille-lihapaloilla-135g\/\" \/>\n<meta property=\"og:site_name\" content=\"MiuMjau\" \/>\n<meta property=\"article:publisher\" content=\"https:\/\/www.facebook.com\/miumjaupood\/\" \/>\n<meta property=\"article:modified_time\" content=\"2026-01-07T20:57:45+00:00\" \/>\n<meta property=\"og:image\" content=\"https:\/\/miumjau.ee\/wp-content\/uploads\/2024\/11\/ontario-supp-kassidele-135g4.jpg\" \/>\n\t<meta property=\"og:image:width\" content=\"600\" \/>\n\t<meta property=\"og:image:height\" content=\"800\" \/>\n\t<meta property=\"og:image:type\" content=\"image\/jpeg\" \/>\n<meta name=\"twitter:card\" content=\"summary_large_image\" \/>\n<script type=\"application\/ld+json\" class=\"yoast-schema-graph\">{\"@context\":\"https:\\\/\\\/schema.org\",\"@graph\":[{\"@type\":\"WebPage\",\"@id\":\"https:\\\/\\\/miumjau.ee\\\/fi\\\/tuote\\\/ontarion-kanajuoma-kissoille-lihapaloilla-135g\\\/\",\"url\":\"https:\\\/\\\/miumjau.ee\\\/fi\\\/tuote\\\/ontarion-kanajuoma-kissoille-lihapaloilla-135g\\\/\",\"name\":\"Ontarion kanajuoma kissoille lihapaloilla 135g - MiuMjau\",\"isPartOf\":{\"@id\":\"https:\\\/\\\/miumjau.ee\\\/#website\"},\"primaryImageOfPage\":{\"@id\":\"https:\\\/\\\/miumjau.ee\\\/fi\\\/tuote\\\/ontarion-kanajuoma-kissoille-lihapaloilla-135g\\\/#primaryimage\"},\"image\":{\"@id\":\"https:\\\/\\\/miumjau.ee\\\/fi\\\/tuote\\\/ontarion-kanajuoma-kissoille-lihapaloilla-135g\\\/#primaryimage\"},\"thumbnailUrl\":\"https:\\\/\\\/miumjau.ee\\\/wp-content\\\/uploads\\\/2024\\\/11\\\/ontario-supp-kassidele-135g4.jpg\",\"datePublished\":\"2024-11-13T17:47:41+00:00\",\"dateModified\":\"2026-01-07T20:57:45+00:00\",\"description\":\"Ontario-merkin herkullinen keitto varmistaa, ett\u00e4 kissan kehon nestetaso on riitt\u00e4v\u00e4. Tukee virtsateiden terveytt\u00e4 ja on eritt\u00e4in maukasta.\",\"breadcrumb\":{\"@id\":\"https:\\\/\\\/miumjau.ee\\\/fi\\\/tuote\\\/ontarion-kanajuoma-kissoille-lihapaloilla-135g\\\/#breadcrumb\"},\"inLanguage\":\"fi\",\"potentialAction\":[{\"@type\":\"ReadAction\",\"target\":[\"https:\\\/\\\/miumjau.ee\\\/fi\\\/tuote\\\/ontarion-kanajuoma-kissoille-lihapaloilla-135g\\\/\"]}]},{\"@type\":\"ImageObject\",\"inLanguage\":\"fi\",\"@id\":\"https:\\\/\\\/miumjau.ee\\\/fi\\\/tuote\\\/ontarion-kanajuoma-kissoille-lihapaloilla-135g\\\/#primaryimage\",\"url\":\"https:\\\/\\\/miumjau.ee\\\/wp-content\\\/uploads\\\/2024\\\/11\\\/ontario-supp-kassidele-135g4.jpg\",\"contentUrl\":\"https:\\\/\\\/miumjau.ee\\\/wp-content\\\/uploads\\\/2024\\\/11\\\/ontario-supp-kassidele-135g4.jpg\",\"width\":600,\"height\":800,\"caption\":\"Ontario supp kassile kana t\u00fckkidega 135g\"},{\"@type\":\"BreadcrumbList\",\"@id\":\"https:\\\/\\\/miumjau.ee\\\/fi\\\/tuote\\\/ontarion-kanajuoma-kissoille-lihapaloilla-135g\\\/#breadcrumb\",\"itemListElement\":[{\"@type\":\"ListItem\",\"position\":1,\"name\":\"Home\",\"item\":\"https:\\\/\\\/miumjau.ee\\\/fi\\\/\"},{\"@type\":\"ListItem\",\"position\":2,\"name\":\"Kauppa\",\"item\":\"https:\\\/\\\/miumjau.ee\\\/fi\\\/kauppa\\\/\"},{\"@type\":\"ListItem\",\"position\":3,\"name\":\"Ontarion kanajuoma kissoille lihapaloilla 135g\"}]},{\"@type\":\"WebSite\",\"@id\":\"https:\\\/\\\/miumjau.ee\\\/#website\",\"url\":\"https:\\\/\\\/miumjau.ee\\\/\",\"name\":\"MiuMjau\",\"description\":\"Kraapimispuud kassidele\",\"publisher\":{\"@id\":\"https:\\\/\\\/miumjau.ee\\\/#organization\"},\"potentialAction\":[{\"@type\":\"SearchAction\",\"target\":{\"@type\":\"EntryPoint\",\"urlTemplate\":\"https:\\\/\\\/miumjau.ee\\\/?s={search_term_string}\"},\"query-input\":{\"@type\":\"PropertyValueSpecification\",\"valueRequired\":true,\"valueName\":\"search_term_string\"}}],\"inLanguage\":\"fi\"},{\"@type\":\"Organization\",\"@id\":\"https:\\\/\\\/miumjau.ee\\\/#organization\",\"name\":\"MiuMjau O\u00dc\",\"url\":\"https:\\\/\\\/miumjau.ee\\\/\",\"logo\":{\"@type\":\"ImageObject\",\"inLanguage\":\"fi\",\"@id\":\"https:\\\/\\\/miumjau.ee\\\/#\\\/schema\\\/logo\\\/image\\\/\",\"url\":\"https:\\\/\\\/miumjau.ee\\\/wp-content\\\/uploads\\\/2022\\\/04\\\/MiuMjau-logo-kollane.png\",\"contentUrl\":\"https:\\\/\\\/miumjau.ee\\\/wp-content\\\/uploads\\\/2022\\\/04\\\/MiuMjau-logo-kollane.png\",\"width\":219,\"height\":100,\"caption\":\"MiuMjau O\u00dc\"},\"image\":{\"@id\":\"https:\\\/\\\/miumjau.ee\\\/#\\\/schema\\\/logo\\\/image\\\/\"},\"sameAs\":[\"https:\\\/\\\/www.facebook.com\\\/miumjaupood\\\/\"]}]}<\/script>\n<!-- \/ Yoast SEO plugin. -->","yoast_head_json":{"title":"Ontarion kanajuoma kissoille lihapaloilla 135g - MiuMjau","description":"Ontario-merkin herkullinen keitto varmistaa, ett\u00e4 kissan kehon nestetaso on riitt\u00e4v\u00e4. Tukee virtsateiden terveytt\u00e4 ja on eritt\u00e4in maukasta.","robots":{"index":"index","follow":"follow","max-snippet":"max-snippet:-1","max-image-preview":"max-image-preview:large","max-video-preview":"max-video-preview:-1"},"canonical":"https:\/\/miumjau.ee\/fi\/tuote\/ontarion-kanajuoma-kissoille-lihapaloilla-135g\/","og_locale":"fi_FI","og_type":"article","og_title":"Ontarion kanajuoma kissoille lihapaloilla 135g - MiuMjau","og_description":"Ontario-merkin herkullinen keitto varmistaa, ett\u00e4 kissan kehon nestetaso on riitt\u00e4v\u00e4. Tukee virtsateiden terveytt\u00e4 ja on eritt\u00e4in maukasta.","og_url":"https:\/\/miumjau.ee\/fi\/tuote\/ontarion-kanajuoma-kissoille-lihapaloilla-135g\/","og_site_name":"MiuMjau","article_publisher":"https:\/\/www.facebook.com\/miumjaupood\/","article_modified_time":"2026-01-07T20:57:45+00:00","og_image":[{"width":600,"height":800,"url":"https:\/\/miumjau.ee\/wp-content\/uploads\/2024\/11\/ontario-supp-kassidele-135g4.jpg","type":"image\/jpeg"}],"twitter_card":"summary_large_image","schema":{"@context":"https:\/\/schema.org","@graph":[{"@type":"WebPage","@id":"https:\/\/miumjau.ee\/fi\/tuote\/ontarion-kanajuoma-kissoille-lihapaloilla-135g\/","url":"https:\/\/miumjau.ee\/fi\/tuote\/ontarion-kanajuoma-kissoille-lihapaloilla-135g\/","name":"Ontarion kanajuoma kissoille lihapaloilla 135g - MiuMjau","isPartOf":{"@id":"https:\/\/miumjau.ee\/#website"},"primaryImageOfPage":{"@id":"https:\/\/miumjau.ee\/fi\/tuote\/ontarion-kanajuoma-kissoille-lihapaloilla-135g\/#primaryimage"},"image":{"@id":"https:\/\/miumjau.ee\/fi\/tuote\/ontarion-kanajuoma-kissoille-lihapaloilla-135g\/#primaryimage"},"thumbnailUrl":"https:\/\/miumjau.ee\/wp-content\/uploads\/2024\/11\/ontario-supp-kassidele-135g4.jpg","datePublished":"2024-11-13T17:47:41+00:00","dateModified":"2026-01-07T20:57:45+00:00","description":"Ontario-merkin herkullinen keitto varmistaa, ett\u00e4 kissan kehon nestetaso on riitt\u00e4v\u00e4. Tukee virtsateiden terveytt\u00e4 ja on eritt\u00e4in maukasta.","breadcrumb":{"@id":"https:\/\/miumjau.ee\/fi\/tuote\/ontarion-kanajuoma-kissoille-lihapaloilla-135g\/#breadcrumb"},"inLanguage":"fi","potentialAction":[{"@type":"ReadAction","target":["https:\/\/miumjau.ee\/fi\/tuote\/ontarion-kanajuoma-kissoille-lihapaloilla-135g\/"]}]},{"@type":"ImageObject","inLanguage":"fi","@id":"https:\/\/miumjau.ee\/fi\/tuote\/ontarion-kanajuoma-kissoille-lihapaloilla-135g\/#primaryimage","url":"https:\/\/miumjau.ee\/wp-content\/uploads\/2024\/11\/ontario-supp-kassidele-135g4.jpg","contentUrl":"https:\/\/miumjau.ee\/wp-content\/uploads\/2024\/11\/ontario-supp-kassidele-135g4.jpg","width":600,"height":800,"caption":"Ontario supp kassile kana t\u00fckkidega 135g"},{"@type":"BreadcrumbList","@id":"https:\/\/miumjau.ee\/fi\/tuote\/ontarion-kanajuoma-kissoille-lihapaloilla-135g\/#breadcrumb","itemListElement":[{"@type":"ListItem","position":1,"name":"Home","item":"https:\/\/miumjau.ee\/fi\/"},{"@type":"ListItem","position":2,"name":"Kauppa","item":"https:\/\/miumjau.ee\/fi\/kauppa\/"},{"@type":"ListItem","position":3,"name":"Ontarion kanajuoma kissoille lihapaloilla 135g"}]},{"@type":"WebSite","@id":"https:\/\/miumjau.ee\/#website","url":"https:\/\/miumjau.ee\/","name":"MiuMjau","description":"Kraapimispuud kassidele","publisher":{"@id":"https:\/\/miumjau.ee\/#organization"},"potentialAction":[{"@type":"SearchAction","target":{"@type":"EntryPoint","urlTemplate":"https:\/\/miumjau.ee\/?s={search_term_string}"},"query-input":{"@type":"PropertyValueSpecification","valueRequired":true,"valueName":"search_term_string"}}],"inLanguage":"fi"},{"@type":"Organization","@id":"https:\/\/miumjau.ee\/#organization","name":"MiuMjau O\u00dc","url":"https:\/\/miumjau.ee\/","logo":{"@type":"ImageObject","inLanguage":"fi","@id":"https:\/\/miumjau.ee\/#\/schema\/logo\/image\/","url":"https:\/\/miumjau.ee\/wp-content\/uploads\/2022\/04\/MiuMjau-logo-kollane.png","contentUrl":"https:\/\/miumjau.ee\/wp-content\/uploads\/2022\/04\/MiuMjau-logo-kollane.png","width":219,"height":100,"caption":"MiuMjau O\u00dc"},"image":{"@id":"https:\/\/miumjau.ee\/#\/schema\/logo\/image\/"},"sameAs":["https:\/\/www.facebook.com\/miumjaupood\/"]}]}},"_links":{"self":[{"href":"https:\/\/miumjau.ee\/fi\/wp-json\/wp\/v2\/product\/27637","targetHints":{"allow":["GET"]}}],"collection":[{"href":"https:\/\/miumjau.ee\/fi\/wp-json\/wp\/v2\/product"}],"about":[{"href":"https:\/\/miumjau.ee\/fi\/wp-json\/wp\/v2\/types\/product"}],"wp:featuredmedia":[{"embeddable":true,"href":"https:\/\/miumjau.ee\/fi\/wp-json\/wp\/v2\/media\/24186"}],"wp:attachment":[{"href":"https:\/\/miumjau.ee\/fi\/wp-json\/wp\/v2\/media?parent=27637"}],"wp:term":[{"taxonomy":"product_brand","embeddable":true,"href":"https:\/\/miumjau.ee\/fi\/wp-json\/wp\/v2\/product_brand?post=27637"},{"taxonomy":"product_cat","embeddable":true,"href":"https:\/\/miumjau.ee\/fi\/wp-json\/wp\/v2\/product_cat?post=27637"},{"taxonomy":"product_tag","embeddable":true,"href":"https:\/\/miumjau.ee\/fi\/wp-json\/wp\/v2\/product_tag?post=27637"}],"curies":[{"name":"wp","href":"https:\/\/api.w.org\/{rel}","templated":true}]}}