{"id":27636,"date":"2025-02-17T19:09:44","date_gmt":"2025-02-17T17:09:44","guid":{"rendered":"https:\/\/miumjau.ee\/toode\/ontario-tray-pate-kissoille-kanaa-ja-maksa-115-g\/"},"modified":"2026-01-07T22:57:52","modified_gmt":"2026-01-07T20:57:52","slug":"ontario-tray-pate-kissoille-kanaa-ja-maksa-115-g","status":"publish","type":"product","link":"https:\/\/miumjau.ee\/fi\/tuote\/ontario-tray-pate-kissoille-kanaa-ja-maksa-115-g\/","title":{"rendered":"Ontario Tray pate kissoille kanaa ja maksa 115 g"},"content":{"rendered":"","protected":false},"excerpt":{"rendered":"<p data-sourcepos=\"3:1-3:218\">ONTARIO-patee on valmistettu laadukkaista ainesosista ja on t\u00e4ysravinto, joka tarjoaa kissallesi luonnollista energiaa ja tasapainoista ravintoa. Maukas patee maksalla ja vihanneksilla, josta kissasi ei voi kielt\u00e4yty\u00e4.<\/p>\n<p data-sourcepos=\"5:1-5:99\">Sopii kaikenik\u00e4isille ja -rotuisille kissoille. Sis\u00e4lt\u00e4\u00e4 93 % lihaa ja el\u00e4inper\u00e4isi\u00e4 sivutuotteita.<\/p>\n<p data-sourcepos=\"7:1-12:104\">\u2714 Korkea laatu \u2013 valmistettu ihmisravinnoksi tarkoitetusta lihasta. \u2714 Luonnolliset ravintoaineet \u2013 kaikki vitamiinit ja kivenn\u00e4isaineet s\u00e4ilyv\u00e4t korkeassa l\u00e4mp\u00f6tilassa ja paineessa tapahtuvan k\u00e4sittelyn ansiosta. \u2714 Tauriinilla rikastettu \u2013 tukee n\u00e4k\u00f6\u00e4 ja hermostoa. \u2714 Intensiivinen maku \u2013 maksa antaa voimakkaan ja houkuttelevan tuoksun, jota kissat rakastavat. \u2714 Helposti sulava \u2013 pehme\u00e4 koostumus sopii my\u00f6s herk\u00e4vatsaisille kissoille. \u2714 Ei keinotekoisia lis\u00e4aineita \u2013 ei sis\u00e4ll\u00e4 s\u00e4il\u00f6nt\u00e4aineita, v\u00e4riaineita eik\u00e4 keinotekoisia makuaineita.<\/p>\n<p data-sourcepos=\"14:1-14:103\">Koostumus: 92 % lihaa ja el\u00e4inper\u00e4isi\u00e4 sivutuotteita (josta 10 % naudanmaksaa, kanaa), kivenn\u00e4isaineet.<\/p>\n<p data-sourcepos=\"16:1-16:123\">Analyyttiset ainesosat: Raakavalkuainen: 10,39 %, Raakarasva: 9,07 %, Raakatuhka: 2,15 %, Raakakuitu: 0,44 %, Kosteus: 74 %<\/p>\n","protected":false},"featured_media":27324,"template":"","meta":[],"product_brand":[],"product_cat":[264],"product_tag":[],"class_list":{"0":"post-27636","1":"product","2":"type-product","3":"status-publish","4":"has-post-thumbnail","6":"product_cat-marka-ruoka","8":"first","9":"instock","10":"taxable","11":"shipping-taxable","12":"purchasable","13":"product-type-simple"},"yoast_head":"<!-- This site is optimized with the Yoast SEO plugin v27.2 - https:\/\/yoast.com\/product\/yoast-seo-wordpress\/ -->\n<title>Ontario Tray pate kissoille kanaa ja maksa 115 g - MiuMjau<\/title>\n<meta name=\"description\" content=\"Pate kissoille, jossa on todella korkea lihapitoisuus. Puhtaita raaka-aineita parhaassa muodossaan. Onko kissasi my\u00f6s pasteen rakastaja?\" \/>\n<meta name=\"robots\" content=\"index, follow, max-snippet:-1, max-image-preview:large, max-video-preview:-1\" \/>\n<link rel=\"canonical\" href=\"https:\/\/miumjau.ee\/fi\/tuote\/ontario-tray-pate-kissoille-kanaa-ja-maksa-115-g\/\" \/>\n<meta property=\"og:locale\" content=\"fi_FI\" \/>\n<meta property=\"og:type\" content=\"article\" \/>\n<meta property=\"og:title\" content=\"Ontario Tray pate kissoille kanaa ja maksa 115 g - MiuMjau\" \/>\n<meta property=\"og:description\" content=\"Pate kissoille, jossa on todella korkea lihapitoisuus. Puhtaita raaka-aineita parhaassa muodossaan. Onko kissasi my\u00f6s pasteen rakastaja?\" \/>\n<meta property=\"og:url\" content=\"https:\/\/miumjau.ee\/fi\/tuote\/ontario-tray-pate-kissoille-kanaa-ja-maksa-115-g\/\" \/>\n<meta property=\"og:site_name\" content=\"MiuMjau\" \/>\n<meta property=\"article:publisher\" content=\"https:\/\/www.facebook.com\/miumjaupood\/\" \/>\n<meta property=\"article:modified_time\" content=\"2026-01-07T20:57:52+00:00\" \/>\n<meta property=\"og:image\" content=\"https:\/\/miumjau.ee\/wp-content\/uploads\/2025\/02\/ontario-tray-pasteet1.jpg\" \/>\n\t<meta property=\"og:image:width\" content=\"600\" \/>\n\t<meta property=\"og:image:height\" content=\"800\" \/>\n\t<meta property=\"og:image:type\" content=\"image\/jpeg\" \/>\n<meta name=\"twitter:card\" content=\"summary_large_image\" \/>\n<script type=\"application\/ld+json\" class=\"yoast-schema-graph\">{\"@context\":\"https:\/\/schema.org\",\"@graph\":[{\"@type\":\"WebPage\",\"@id\":\"https:\/\/miumjau.ee\/fi\/tuote\/ontario-tray-pate-kissoille-kanaa-ja-maksa-115-g\/\",\"url\":\"https:\/\/miumjau.ee\/fi\/tuote\/ontario-tray-pate-kissoille-kanaa-ja-maksa-115-g\/\",\"name\":\"Ontario Tray pate kissoille kanaa ja maksa 115 g - MiuMjau\",\"isPartOf\":{\"@id\":\"https:\/\/miumjau.ee\/#website\"},\"primaryImageOfPage\":{\"@id\":\"https:\/\/miumjau.ee\/fi\/tuote\/ontario-tray-pate-kissoille-kanaa-ja-maksa-115-g\/#primaryimage\"},\"image\":{\"@id\":\"https:\/\/miumjau.ee\/fi\/tuote\/ontario-tray-pate-kissoille-kanaa-ja-maksa-115-g\/#primaryimage\"},\"thumbnailUrl\":\"https:\/\/miumjau.ee\/wp-content\/uploads\/2025\/02\/ontario-tray-pasteet1.jpg\",\"datePublished\":\"2025-02-17T17:09:44+00:00\",\"dateModified\":\"2026-01-07T20:57:52+00:00\",\"description\":\"Pate kissoille, jossa on todella korkea lihapitoisuus. Puhtaita raaka-aineita parhaassa muodossaan. Onko kissasi my\u00f6s pasteen rakastaja?\",\"breadcrumb\":{\"@id\":\"https:\/\/miumjau.ee\/fi\/tuote\/ontario-tray-pate-kissoille-kanaa-ja-maksa-115-g\/#breadcrumb\"},\"inLanguage\":\"fi\",\"potentialAction\":[{\"@type\":\"ReadAction\",\"target\":[\"https:\/\/miumjau.ee\/fi\/tuote\/ontario-tray-pate-kissoille-kanaa-ja-maksa-115-g\/\"]}]},{\"@type\":\"ImageObject\",\"inLanguage\":\"fi\",\"@id\":\"https:\/\/miumjau.ee\/fi\/tuote\/ontario-tray-pate-kissoille-kanaa-ja-maksa-115-g\/#primaryimage\",\"url\":\"https:\/\/miumjau.ee\/wp-content\/uploads\/2025\/02\/ontario-tray-pasteet1.jpg\",\"contentUrl\":\"https:\/\/miumjau.ee\/wp-content\/uploads\/2025\/02\/ontario-tray-pasteet1.jpg\",\"width\":600,\"height\":800,\"caption\":\"Ontario Tray pasteet kassidele\"},{\"@type\":\"BreadcrumbList\",\"@id\":\"https:\/\/miumjau.ee\/fi\/tuote\/ontario-tray-pate-kissoille-kanaa-ja-maksa-115-g\/#breadcrumb\",\"itemListElement\":[{\"@type\":\"ListItem\",\"position\":1,\"name\":\"Home\",\"item\":\"https:\/\/miumjau.ee\/fi\/\"},{\"@type\":\"ListItem\",\"position\":2,\"name\":\"Kauppa\",\"item\":\"https:\/\/miumjau.ee\/fi\/kauppa\/\"},{\"@type\":\"ListItem\",\"position\":3,\"name\":\"Ontario Tray pate kissoille kanaa ja maksa 115 g\"}]},{\"@type\":\"WebSite\",\"@id\":\"https:\/\/miumjau.ee\/#website\",\"url\":\"https:\/\/miumjau.ee\/\",\"name\":\"MiuMjau\",\"description\":\"Kraapimispuud kassidele\",\"publisher\":{\"@id\":\"https:\/\/miumjau.ee\/#organization\"},\"potentialAction\":[{\"@type\":\"SearchAction\",\"target\":{\"@type\":\"EntryPoint\",\"urlTemplate\":\"https:\/\/miumjau.ee\/?s={search_term_string}\"},\"query-input\":{\"@type\":\"PropertyValueSpecification\",\"valueRequired\":true,\"valueName\":\"search_term_string\"}}],\"inLanguage\":\"fi\"},{\"@type\":\"Organization\",\"@id\":\"https:\/\/miumjau.ee\/#organization\",\"name\":\"MiuMjau O\u00dc\",\"url\":\"https:\/\/miumjau.ee\/\",\"logo\":{\"@type\":\"ImageObject\",\"inLanguage\":\"fi\",\"@id\":\"https:\/\/miumjau.ee\/#\/schema\/logo\/image\/\",\"url\":\"https:\/\/miumjau.ee\/wp-content\/uploads\/2022\/04\/MiuMjau-logo-kollane.png\",\"contentUrl\":\"https:\/\/miumjau.ee\/wp-content\/uploads\/2022\/04\/MiuMjau-logo-kollane.png\",\"width\":219,\"height\":100,\"caption\":\"MiuMjau O\u00dc\"},\"image\":{\"@id\":\"https:\/\/miumjau.ee\/#\/schema\/logo\/image\/\"},\"sameAs\":[\"https:\/\/www.facebook.com\/miumjaupood\/\"]}]}<\/script>\n<!-- \/ Yoast SEO plugin. -->","yoast_head_json":{"title":"Ontario Tray pate kissoille kanaa ja maksa 115 g - MiuMjau","description":"Pate kissoille, jossa on todella korkea lihapitoisuus. Puhtaita raaka-aineita parhaassa muodossaan. Onko kissasi my\u00f6s pasteen rakastaja?","robots":{"index":"index","follow":"follow","max-snippet":"max-snippet:-1","max-image-preview":"max-image-preview:large","max-video-preview":"max-video-preview:-1"},"canonical":"https:\/\/miumjau.ee\/fi\/tuote\/ontario-tray-pate-kissoille-kanaa-ja-maksa-115-g\/","og_locale":"fi_FI","og_type":"article","og_title":"Ontario Tray pate kissoille kanaa ja maksa 115 g - MiuMjau","og_description":"Pate kissoille, jossa on todella korkea lihapitoisuus. Puhtaita raaka-aineita parhaassa muodossaan. Onko kissasi my\u00f6s pasteen rakastaja?","og_url":"https:\/\/miumjau.ee\/fi\/tuote\/ontario-tray-pate-kissoille-kanaa-ja-maksa-115-g\/","og_site_name":"MiuMjau","article_publisher":"https:\/\/www.facebook.com\/miumjaupood\/","article_modified_time":"2026-01-07T20:57:52+00:00","og_image":[{"width":600,"height":800,"url":"https:\/\/miumjau.ee\/wp-content\/uploads\/2025\/02\/ontario-tray-pasteet1.jpg","type":"image\/jpeg"}],"twitter_card":"summary_large_image","schema":{"@context":"https:\/\/schema.org","@graph":[{"@type":"WebPage","@id":"https:\/\/miumjau.ee\/fi\/tuote\/ontario-tray-pate-kissoille-kanaa-ja-maksa-115-g\/","url":"https:\/\/miumjau.ee\/fi\/tuote\/ontario-tray-pate-kissoille-kanaa-ja-maksa-115-g\/","name":"Ontario Tray pate kissoille kanaa ja maksa 115 g - MiuMjau","isPartOf":{"@id":"https:\/\/miumjau.ee\/#website"},"primaryImageOfPage":{"@id":"https:\/\/miumjau.ee\/fi\/tuote\/ontario-tray-pate-kissoille-kanaa-ja-maksa-115-g\/#primaryimage"},"image":{"@id":"https:\/\/miumjau.ee\/fi\/tuote\/ontario-tray-pate-kissoille-kanaa-ja-maksa-115-g\/#primaryimage"},"thumbnailUrl":"https:\/\/miumjau.ee\/wp-content\/uploads\/2025\/02\/ontario-tray-pasteet1.jpg","datePublished":"2025-02-17T17:09:44+00:00","dateModified":"2026-01-07T20:57:52+00:00","description":"Pate kissoille, jossa on todella korkea lihapitoisuus. Puhtaita raaka-aineita parhaassa muodossaan. Onko kissasi my\u00f6s pasteen rakastaja?","breadcrumb":{"@id":"https:\/\/miumjau.ee\/fi\/tuote\/ontario-tray-pate-kissoille-kanaa-ja-maksa-115-g\/#breadcrumb"},"inLanguage":"fi","potentialAction":[{"@type":"ReadAction","target":["https:\/\/miumjau.ee\/fi\/tuote\/ontario-tray-pate-kissoille-kanaa-ja-maksa-115-g\/"]}]},{"@type":"ImageObject","inLanguage":"fi","@id":"https:\/\/miumjau.ee\/fi\/tuote\/ontario-tray-pate-kissoille-kanaa-ja-maksa-115-g\/#primaryimage","url":"https:\/\/miumjau.ee\/wp-content\/uploads\/2025\/02\/ontario-tray-pasteet1.jpg","contentUrl":"https:\/\/miumjau.ee\/wp-content\/uploads\/2025\/02\/ontario-tray-pasteet1.jpg","width":600,"height":800,"caption":"Ontario Tray pasteet kassidele"},{"@type":"BreadcrumbList","@id":"https:\/\/miumjau.ee\/fi\/tuote\/ontario-tray-pate-kissoille-kanaa-ja-maksa-115-g\/#breadcrumb","itemListElement":[{"@type":"ListItem","position":1,"name":"Home","item":"https:\/\/miumjau.ee\/fi\/"},{"@type":"ListItem","position":2,"name":"Kauppa","item":"https:\/\/miumjau.ee\/fi\/kauppa\/"},{"@type":"ListItem","position":3,"name":"Ontario Tray pate kissoille kanaa ja maksa 115 g"}]},{"@type":"WebSite","@id":"https:\/\/miumjau.ee\/#website","url":"https:\/\/miumjau.ee\/","name":"MiuMjau","description":"Kraapimispuud kassidele","publisher":{"@id":"https:\/\/miumjau.ee\/#organization"},"potentialAction":[{"@type":"SearchAction","target":{"@type":"EntryPoint","urlTemplate":"https:\/\/miumjau.ee\/?s={search_term_string}"},"query-input":{"@type":"PropertyValueSpecification","valueRequired":true,"valueName":"search_term_string"}}],"inLanguage":"fi"},{"@type":"Organization","@id":"https:\/\/miumjau.ee\/#organization","name":"MiuMjau O\u00dc","url":"https:\/\/miumjau.ee\/","logo":{"@type":"ImageObject","inLanguage":"fi","@id":"https:\/\/miumjau.ee\/#\/schema\/logo\/image\/","url":"https:\/\/miumjau.ee\/wp-content\/uploads\/2022\/04\/MiuMjau-logo-kollane.png","contentUrl":"https:\/\/miumjau.ee\/wp-content\/uploads\/2022\/04\/MiuMjau-logo-kollane.png","width":219,"height":100,"caption":"MiuMjau O\u00dc"},"image":{"@id":"https:\/\/miumjau.ee\/#\/schema\/logo\/image\/"},"sameAs":["https:\/\/www.facebook.com\/miumjaupood\/"]}]}},"_links":{"self":[{"href":"https:\/\/miumjau.ee\/fi\/wp-json\/wp\/v2\/product\/27636","targetHints":{"allow":["GET"]}}],"collection":[{"href":"https:\/\/miumjau.ee\/fi\/wp-json\/wp\/v2\/product"}],"about":[{"href":"https:\/\/miumjau.ee\/fi\/wp-json\/wp\/v2\/types\/product"}],"wp:featuredmedia":[{"embeddable":true,"href":"https:\/\/miumjau.ee\/fi\/wp-json\/wp\/v2\/media\/27324"}],"wp:attachment":[{"href":"https:\/\/miumjau.ee\/fi\/wp-json\/wp\/v2\/media?parent=27636"}],"wp:term":[{"taxonomy":"product_brand","embeddable":true,"href":"https:\/\/miumjau.ee\/fi\/wp-json\/wp\/v2\/product_brand?post=27636"},{"taxonomy":"product_cat","embeddable":true,"href":"https:\/\/miumjau.ee\/fi\/wp-json\/wp\/v2\/product_cat?post=27636"},{"taxonomy":"product_tag","embeddable":true,"href":"https:\/\/miumjau.ee\/fi\/wp-json\/wp\/v2\/product_tag?post=27636"}],"curies":[{"name":"wp","href":"https:\/\/api.w.org\/{rel}","templated":true}]}}