{"id":27630,"date":"2025-01-29T12:02:08","date_gmt":"2025-01-29T10:02:08","guid":{"rendered":"https:\/\/miumjau.ee\/toode\/ontario-herkullinen-kanasose-kissoille-90g\/"},"modified":"2026-01-07T22:57:52","modified_gmt":"2026-01-07T20:57:52","slug":"ontario-herkullinen-kanasose-kissoille-90g","status":"publish","type":"product","link":"https:\/\/miumjau.ee\/fi\/tuote\/ontario-herkullinen-kanasose-kissoille-90g\/","title":{"rendered":"Ontario herkullinen kanasose kissoille, 90g"},"content":{"rendered":"","protected":false},"excerpt":{"rendered":"<p data-sourcepos=\"3:1-3:149\">ONTARIO Chicken Fresh Meat Paste &#8211; t\u00e4ydennysravinto, pate\/pasta muotoinen t\u00e4ysikasvuisille kissoille. 90 g. K\u00e4tev\u00e4 annostelu ja s\u00e4ilytys j\u00e4\u00e4kaapissa.<\/p>\n<p data-sourcepos=\"5:1-5:262\">Koostumus: kanaliemi 79,23 %, kana 17,29 %, t\u00e4rkkelys 2 %, ksantaanikumi 0,89 %, suola 0,3 %, kalamakuaine 0,1 %, isomaltoosi 0,08 %, tauriini 0,08 %, teeuute 0,008 %, EU:n hyv\u00e4ksym\u00e4t v\u00e4riaineet 0,008 %, vitamiinit (A, B2, B3, B5, D3, E, polydekstroosi) 0,006 %.<\/p>\n<p data-sourcepos=\"7:1-7:111\">Ominaisuudet: raakavalkuainen 3 %, kosteus 90 %, raaka\u00f6ljyt ja -rasvat 0,1 %, raakatuhka 1,2 %, raakakuitu 1 %.<\/p>\n","protected":false},"featured_media":26656,"template":"","meta":[],"product_brand":[],"product_cat":[266],"product_tag":[],"class_list":{"0":"post-27630","1":"product","2":"type-product","3":"status-publish","4":"has-post-thumbnail","6":"product_cat-makeiset","8":"first","9":"instock","10":"taxable","11":"shipping-taxable","12":"purchasable","13":"product-type-simple"},"yoast_head":"<!-- This site is optimized with the Yoast SEO plugin v27.2 - https:\/\/yoast.com\/product\/yoast-seo-wordpress\/ -->\n<title>Ontario herkullinen kanasose kissoille, 90g - MiuMjau<\/title>\n<meta name=\"description\" content=\"Ontario-pastoja voidaan k\u00e4ytt\u00e4\u00e4 kuivaruoan lis\u00e4n\u00e4 tai herkkuna. Tule kokeilemaan uusia ja j\u00e4nnitt\u00e4vi\u00e4 Ontario-tuotteitamme! Suuri valikoima makuel\u00e4myksi\u00e4.\" \/>\n<meta name=\"robots\" content=\"index, follow, max-snippet:-1, max-image-preview:large, max-video-preview:-1\" \/>\n<link rel=\"canonical\" href=\"https:\/\/miumjau.ee\/fi\/tuote\/ontario-herkullinen-kanasose-kissoille-90g\/\" \/>\n<meta property=\"og:locale\" content=\"fi_FI\" \/>\n<meta property=\"og:type\" content=\"article\" \/>\n<meta property=\"og:title\" content=\"Ontario herkullinen kanasose kissoille, 90g - MiuMjau\" \/>\n<meta property=\"og:description\" content=\"Ontario-pastoja voidaan k\u00e4ytt\u00e4\u00e4 kuivaruoan lis\u00e4n\u00e4 tai herkkuna. Tule kokeilemaan uusia ja j\u00e4nnitt\u00e4vi\u00e4 Ontario-tuotteitamme! Suuri valikoima makuel\u00e4myksi\u00e4.\" \/>\n<meta property=\"og:url\" content=\"https:\/\/miumjau.ee\/fi\/tuote\/ontario-herkullinen-kanasose-kissoille-90g\/\" \/>\n<meta property=\"og:site_name\" content=\"MiuMjau\" \/>\n<meta property=\"article:publisher\" content=\"https:\/\/www.facebook.com\/miumjaupood\/\" \/>\n<meta property=\"article:modified_time\" content=\"2026-01-07T20:57:52+00:00\" \/>\n<meta property=\"og:image\" content=\"https:\/\/miumjau.ee\/wp-content\/uploads\/2025\/01\/ontario-pastad-kassidele-90g4.jpg\" \/>\n\t<meta property=\"og:image:width\" content=\"600\" \/>\n\t<meta property=\"og:image:height\" content=\"800\" \/>\n\t<meta property=\"og:image:type\" content=\"image\/jpeg\" \/>\n<meta name=\"twitter:card\" content=\"summary_large_image\" \/>\n<script type=\"application\/ld+json\" class=\"yoast-schema-graph\">{\"@context\":\"https:\/\/schema.org\",\"@graph\":[{\"@type\":\"WebPage\",\"@id\":\"https:\/\/miumjau.ee\/fi\/tuote\/ontario-herkullinen-kanasose-kissoille-90g\/\",\"url\":\"https:\/\/miumjau.ee\/fi\/tuote\/ontario-herkullinen-kanasose-kissoille-90g\/\",\"name\":\"Ontario herkullinen kanasose kissoille, 90g - MiuMjau\",\"isPartOf\":{\"@id\":\"https:\/\/miumjau.ee\/#website\"},\"primaryImageOfPage\":{\"@id\":\"https:\/\/miumjau.ee\/fi\/tuote\/ontario-herkullinen-kanasose-kissoille-90g\/#primaryimage\"},\"image\":{\"@id\":\"https:\/\/miumjau.ee\/fi\/tuote\/ontario-herkullinen-kanasose-kissoille-90g\/#primaryimage\"},\"thumbnailUrl\":\"https:\/\/miumjau.ee\/wp-content\/uploads\/2025\/01\/ontario-pastad-kassidele-90g4.jpg\",\"datePublished\":\"2025-01-29T10:02:08+00:00\",\"dateModified\":\"2026-01-07T20:57:52+00:00\",\"description\":\"Ontario-pastoja voidaan k\u00e4ytt\u00e4\u00e4 kuivaruoan lis\u00e4n\u00e4 tai herkkuna. Tule kokeilemaan uusia ja j\u00e4nnitt\u00e4vi\u00e4 Ontario-tuotteitamme! Suuri valikoima makuel\u00e4myksi\u00e4.\",\"breadcrumb\":{\"@id\":\"https:\/\/miumjau.ee\/fi\/tuote\/ontario-herkullinen-kanasose-kissoille-90g\/#breadcrumb\"},\"inLanguage\":\"fi\",\"potentialAction\":[{\"@type\":\"ReadAction\",\"target\":[\"https:\/\/miumjau.ee\/fi\/tuote\/ontario-herkullinen-kanasose-kissoille-90g\/\"]}]},{\"@type\":\"ImageObject\",\"inLanguage\":\"fi\",\"@id\":\"https:\/\/miumjau.ee\/fi\/tuote\/ontario-herkullinen-kanasose-kissoille-90g\/#primaryimage\",\"url\":\"https:\/\/miumjau.ee\/wp-content\/uploads\/2025\/01\/ontario-pastad-kassidele-90g4.jpg\",\"contentUrl\":\"https:\/\/miumjau.ee\/wp-content\/uploads\/2025\/01\/ontario-pastad-kassidele-90g4.jpg\",\"width\":600,\"height\":800,\"caption\":\"Ontario maitsev kanap\u00fcree kassidele, 90g\"},{\"@type\":\"BreadcrumbList\",\"@id\":\"https:\/\/miumjau.ee\/fi\/tuote\/ontario-herkullinen-kanasose-kissoille-90g\/#breadcrumb\",\"itemListElement\":[{\"@type\":\"ListItem\",\"position\":1,\"name\":\"Home\",\"item\":\"https:\/\/miumjau.ee\/fi\/\"},{\"@type\":\"ListItem\",\"position\":2,\"name\":\"Kauppa\",\"item\":\"https:\/\/miumjau.ee\/fi\/kauppa\/\"},{\"@type\":\"ListItem\",\"position\":3,\"name\":\"Ontario herkullinen kanasose kissoille, 90g\"}]},{\"@type\":\"WebSite\",\"@id\":\"https:\/\/miumjau.ee\/#website\",\"url\":\"https:\/\/miumjau.ee\/\",\"name\":\"MiuMjau\",\"description\":\"Kraapimispuud kassidele\",\"publisher\":{\"@id\":\"https:\/\/miumjau.ee\/#organization\"},\"potentialAction\":[{\"@type\":\"SearchAction\",\"target\":{\"@type\":\"EntryPoint\",\"urlTemplate\":\"https:\/\/miumjau.ee\/?s={search_term_string}\"},\"query-input\":{\"@type\":\"PropertyValueSpecification\",\"valueRequired\":true,\"valueName\":\"search_term_string\"}}],\"inLanguage\":\"fi\"},{\"@type\":\"Organization\",\"@id\":\"https:\/\/miumjau.ee\/#organization\",\"name\":\"MiuMjau O\u00dc\",\"url\":\"https:\/\/miumjau.ee\/\",\"logo\":{\"@type\":\"ImageObject\",\"inLanguage\":\"fi\",\"@id\":\"https:\/\/miumjau.ee\/#\/schema\/logo\/image\/\",\"url\":\"https:\/\/miumjau.ee\/wp-content\/uploads\/2022\/04\/MiuMjau-logo-kollane.png\",\"contentUrl\":\"https:\/\/miumjau.ee\/wp-content\/uploads\/2022\/04\/MiuMjau-logo-kollane.png\",\"width\":219,\"height\":100,\"caption\":\"MiuMjau O\u00dc\"},\"image\":{\"@id\":\"https:\/\/miumjau.ee\/#\/schema\/logo\/image\/\"},\"sameAs\":[\"https:\/\/www.facebook.com\/miumjaupood\/\"]}]}<\/script>\n<!-- \/ Yoast SEO plugin. -->","yoast_head_json":{"title":"Ontario herkullinen kanasose kissoille, 90g - MiuMjau","description":"Ontario-pastoja voidaan k\u00e4ytt\u00e4\u00e4 kuivaruoan lis\u00e4n\u00e4 tai herkkuna. Tule kokeilemaan uusia ja j\u00e4nnitt\u00e4vi\u00e4 Ontario-tuotteitamme! Suuri valikoima makuel\u00e4myksi\u00e4.","robots":{"index":"index","follow":"follow","max-snippet":"max-snippet:-1","max-image-preview":"max-image-preview:large","max-video-preview":"max-video-preview:-1"},"canonical":"https:\/\/miumjau.ee\/fi\/tuote\/ontario-herkullinen-kanasose-kissoille-90g\/","og_locale":"fi_FI","og_type":"article","og_title":"Ontario herkullinen kanasose kissoille, 90g - MiuMjau","og_description":"Ontario-pastoja voidaan k\u00e4ytt\u00e4\u00e4 kuivaruoan lis\u00e4n\u00e4 tai herkkuna. Tule kokeilemaan uusia ja j\u00e4nnitt\u00e4vi\u00e4 Ontario-tuotteitamme! Suuri valikoima makuel\u00e4myksi\u00e4.","og_url":"https:\/\/miumjau.ee\/fi\/tuote\/ontario-herkullinen-kanasose-kissoille-90g\/","og_site_name":"MiuMjau","article_publisher":"https:\/\/www.facebook.com\/miumjaupood\/","article_modified_time":"2026-01-07T20:57:52+00:00","og_image":[{"width":600,"height":800,"url":"https:\/\/miumjau.ee\/wp-content\/uploads\/2025\/01\/ontario-pastad-kassidele-90g4.jpg","type":"image\/jpeg"}],"twitter_card":"summary_large_image","schema":{"@context":"https:\/\/schema.org","@graph":[{"@type":"WebPage","@id":"https:\/\/miumjau.ee\/fi\/tuote\/ontario-herkullinen-kanasose-kissoille-90g\/","url":"https:\/\/miumjau.ee\/fi\/tuote\/ontario-herkullinen-kanasose-kissoille-90g\/","name":"Ontario herkullinen kanasose kissoille, 90g - MiuMjau","isPartOf":{"@id":"https:\/\/miumjau.ee\/#website"},"primaryImageOfPage":{"@id":"https:\/\/miumjau.ee\/fi\/tuote\/ontario-herkullinen-kanasose-kissoille-90g\/#primaryimage"},"image":{"@id":"https:\/\/miumjau.ee\/fi\/tuote\/ontario-herkullinen-kanasose-kissoille-90g\/#primaryimage"},"thumbnailUrl":"https:\/\/miumjau.ee\/wp-content\/uploads\/2025\/01\/ontario-pastad-kassidele-90g4.jpg","datePublished":"2025-01-29T10:02:08+00:00","dateModified":"2026-01-07T20:57:52+00:00","description":"Ontario-pastoja voidaan k\u00e4ytt\u00e4\u00e4 kuivaruoan lis\u00e4n\u00e4 tai herkkuna. Tule kokeilemaan uusia ja j\u00e4nnitt\u00e4vi\u00e4 Ontario-tuotteitamme! Suuri valikoima makuel\u00e4myksi\u00e4.","breadcrumb":{"@id":"https:\/\/miumjau.ee\/fi\/tuote\/ontario-herkullinen-kanasose-kissoille-90g\/#breadcrumb"},"inLanguage":"fi","potentialAction":[{"@type":"ReadAction","target":["https:\/\/miumjau.ee\/fi\/tuote\/ontario-herkullinen-kanasose-kissoille-90g\/"]}]},{"@type":"ImageObject","inLanguage":"fi","@id":"https:\/\/miumjau.ee\/fi\/tuote\/ontario-herkullinen-kanasose-kissoille-90g\/#primaryimage","url":"https:\/\/miumjau.ee\/wp-content\/uploads\/2025\/01\/ontario-pastad-kassidele-90g4.jpg","contentUrl":"https:\/\/miumjau.ee\/wp-content\/uploads\/2025\/01\/ontario-pastad-kassidele-90g4.jpg","width":600,"height":800,"caption":"Ontario maitsev kanap\u00fcree kassidele, 90g"},{"@type":"BreadcrumbList","@id":"https:\/\/miumjau.ee\/fi\/tuote\/ontario-herkullinen-kanasose-kissoille-90g\/#breadcrumb","itemListElement":[{"@type":"ListItem","position":1,"name":"Home","item":"https:\/\/miumjau.ee\/fi\/"},{"@type":"ListItem","position":2,"name":"Kauppa","item":"https:\/\/miumjau.ee\/fi\/kauppa\/"},{"@type":"ListItem","position":3,"name":"Ontario herkullinen kanasose kissoille, 90g"}]},{"@type":"WebSite","@id":"https:\/\/miumjau.ee\/#website","url":"https:\/\/miumjau.ee\/","name":"MiuMjau","description":"Kraapimispuud kassidele","publisher":{"@id":"https:\/\/miumjau.ee\/#organization"},"potentialAction":[{"@type":"SearchAction","target":{"@type":"EntryPoint","urlTemplate":"https:\/\/miumjau.ee\/?s={search_term_string}"},"query-input":{"@type":"PropertyValueSpecification","valueRequired":true,"valueName":"search_term_string"}}],"inLanguage":"fi"},{"@type":"Organization","@id":"https:\/\/miumjau.ee\/#organization","name":"MiuMjau O\u00dc","url":"https:\/\/miumjau.ee\/","logo":{"@type":"ImageObject","inLanguage":"fi","@id":"https:\/\/miumjau.ee\/#\/schema\/logo\/image\/","url":"https:\/\/miumjau.ee\/wp-content\/uploads\/2022\/04\/MiuMjau-logo-kollane.png","contentUrl":"https:\/\/miumjau.ee\/wp-content\/uploads\/2022\/04\/MiuMjau-logo-kollane.png","width":219,"height":100,"caption":"MiuMjau O\u00dc"},"image":{"@id":"https:\/\/miumjau.ee\/#\/schema\/logo\/image\/"},"sameAs":["https:\/\/www.facebook.com\/miumjaupood\/"]}]}},"_links":{"self":[{"href":"https:\/\/miumjau.ee\/fi\/wp-json\/wp\/v2\/product\/27630","targetHints":{"allow":["GET"]}}],"collection":[{"href":"https:\/\/miumjau.ee\/fi\/wp-json\/wp\/v2\/product"}],"about":[{"href":"https:\/\/miumjau.ee\/fi\/wp-json\/wp\/v2\/types\/product"}],"wp:featuredmedia":[{"embeddable":true,"href":"https:\/\/miumjau.ee\/fi\/wp-json\/wp\/v2\/media\/26656"}],"wp:attachment":[{"href":"https:\/\/miumjau.ee\/fi\/wp-json\/wp\/v2\/media?parent=27630"}],"wp:term":[{"taxonomy":"product_brand","embeddable":true,"href":"https:\/\/miumjau.ee\/fi\/wp-json\/wp\/v2\/product_brand?post=27630"},{"taxonomy":"product_cat","embeddable":true,"href":"https:\/\/miumjau.ee\/fi\/wp-json\/wp\/v2\/product_cat?post=27630"},{"taxonomy":"product_tag","embeddable":true,"href":"https:\/\/miumjau.ee\/fi\/wp-json\/wp\/v2\/product_tag?post=27630"}],"curies":[{"name":"wp","href":"https:\/\/api.w.org\/{rel}","templated":true}]}}