{"id":27623,"date":"2025-02-17T21:18:19","date_gmt":"2025-02-17T19:18:19","guid":{"rendered":"https:\/\/miumjau.ee\/toode\/ontario-herb-margtoit-kassile-urdikana-makrelliga-80g\/"},"modified":"2026-01-07T22:58:00","modified_gmt":"2026-01-07T20:58:00","slug":"ontario-herb-margtoit-kassile-urdikana-makrelliga-80g","status":"publish","type":"product","link":"https:\/\/miumjau.ee\/fi\/tuote\/ontario-herb-margtoit-kassile-urdikana-makrelliga-80g\/","title":{"rendered":"Ontario Herb m\u00e4rgtoit kassile, \u00fcrdikana makrelliga 80g"},"content":{"rendered":"","protected":false},"excerpt":{"rendered":"<p>Luonnollinen ja herkullinen lis\u00e4ravinto aikuisille kissoille, joka tyydytt\u00e4\u00e4 vaativimmankin maun. Erityinen rosmariinilis\u00e4aine tukee ruoansulatusta ja tarjoaa terveellisen valinnan arjen aterioihin tai v\u00e4lipalaksi. Runsas kanan pitoisuus tarjoaa erinomaisen proteiinin l\u00e4hteen, kun taas makrilli sis\u00e4lt\u00e4\u00e4 terveellisi\u00e4 rasvoja, proteiinia, omega-3-rasvahappoja ja B12-vitamiinia.<\/p>\n<p>Valmistettu huolellisesti valituista ainesosista, ilman keinotekoisia lis\u00e4aineita, v\u00e4riaineita tai s\u00e4il\u00f6nt\u00e4aineita \u2013 juuri sit\u00e4, mit\u00e4 kissasi tarvitsee.<\/p>\n<p>Ainesosat: Kana 51%, vesi 41,8%, makrilli 4%, riisi 1%, riisijauho 1%, perunat\u00e4rkkelys 0,8%, guarvoi 0,3%, rosmariini 0,1%.<\/p>\n","protected":false},"featured_media":27341,"template":"","meta":[],"product_brand":[],"product_cat":[264],"product_tag":[],"class_list":{"0":"post-27623","1":"product","2":"type-product","3":"status-publish","4":"has-post-thumbnail","6":"product_cat-marka-ruoka","8":"first","9":"instock","10":"sale","11":"taxable","12":"shipping-taxable","13":"purchasable","14":"product-type-simple"},"yoast_head":"<!-- This site is optimized with the Yoast SEO plugin v27.2 - https:\/\/yoast.com\/product\/yoast-seo-wordpress\/ -->\n<title>Ontario Herb m\u00e4rgtoit kassile, \u00fcrdikana makrelliga 80g - MiuMjau<\/title>\n<meta name=\"description\" content=\"Ontarion kissan m\u00e4rk\u00e4ruoka on viljatonta, runsaasti lihaa ja todella herkullista. Pakkauksessa on aidon lihan paloja. Luonnollista ruokaa kissallesi!\" \/>\n<meta name=\"robots\" content=\"index, follow, max-snippet:-1, max-image-preview:large, max-video-preview:-1\" \/>\n<link rel=\"canonical\" href=\"https:\/\/miumjau.ee\/fi\/tuote\/ontario-herb-margtoit-kassile-urdikana-makrelliga-80g\/\" \/>\n<meta property=\"og:locale\" content=\"fi_FI\" \/>\n<meta property=\"og:type\" content=\"article\" \/>\n<meta property=\"og:title\" content=\"Ontario Herb m\u00e4rgtoit kassile, \u00fcrdikana makrelliga 80g - MiuMjau\" \/>\n<meta property=\"og:description\" content=\"Ontarion kissan m\u00e4rk\u00e4ruoka on viljatonta, runsaasti lihaa ja todella herkullista. Pakkauksessa on aidon lihan paloja. Luonnollista ruokaa kissallesi!\" \/>\n<meta property=\"og:url\" content=\"https:\/\/miumjau.ee\/fi\/tuote\/ontario-herb-margtoit-kassile-urdikana-makrelliga-80g\/\" \/>\n<meta property=\"og:site_name\" content=\"MiuMjau\" \/>\n<meta property=\"article:publisher\" content=\"https:\/\/www.facebook.com\/miumjaupood\/\" \/>\n<meta property=\"article:modified_time\" content=\"2026-01-07T20:58:00+00:00\" \/>\n<meta property=\"og:image\" content=\"https:\/\/miumjau.ee\/wp-content\/uploads\/2025\/02\/ontario-herb-margtoit-kassile2.jpg\" \/>\n\t<meta property=\"og:image:width\" content=\"600\" \/>\n\t<meta property=\"og:image:height\" content=\"800\" \/>\n\t<meta property=\"og:image:type\" content=\"image\/jpeg\" \/>\n<meta name=\"twitter:card\" content=\"summary_large_image\" \/>\n<script type=\"application\/ld+json\" class=\"yoast-schema-graph\">{\"@context\":\"https:\/\/schema.org\",\"@graph\":[{\"@type\":\"WebPage\",\"@id\":\"https:\/\/miumjau.ee\/fi\/tuote\/ontario-herb-margtoit-kassile-urdikana-makrelliga-80g\/\",\"url\":\"https:\/\/miumjau.ee\/fi\/tuote\/ontario-herb-margtoit-kassile-urdikana-makrelliga-80g\/\",\"name\":\"Ontario Herb m\u00e4rgtoit kassile, \u00fcrdikana makrelliga 80g - MiuMjau\",\"isPartOf\":{\"@id\":\"https:\/\/miumjau.ee\/#website\"},\"primaryImageOfPage\":{\"@id\":\"https:\/\/miumjau.ee\/fi\/tuote\/ontario-herb-margtoit-kassile-urdikana-makrelliga-80g\/#primaryimage\"},\"image\":{\"@id\":\"https:\/\/miumjau.ee\/fi\/tuote\/ontario-herb-margtoit-kassile-urdikana-makrelliga-80g\/#primaryimage\"},\"thumbnailUrl\":\"https:\/\/miumjau.ee\/wp-content\/uploads\/2025\/02\/ontario-herb-margtoit-kassile2.jpg\",\"datePublished\":\"2025-02-17T19:18:19+00:00\",\"dateModified\":\"2026-01-07T20:58:00+00:00\",\"description\":\"Ontarion kissan m\u00e4rk\u00e4ruoka on viljatonta, runsaasti lihaa ja todella herkullista. Pakkauksessa on aidon lihan paloja. Luonnollista ruokaa kissallesi!\",\"breadcrumb\":{\"@id\":\"https:\/\/miumjau.ee\/fi\/tuote\/ontario-herb-margtoit-kassile-urdikana-makrelliga-80g\/#breadcrumb\"},\"inLanguage\":\"fi\",\"potentialAction\":[{\"@type\":\"ReadAction\",\"target\":[\"https:\/\/miumjau.ee\/fi\/tuote\/ontario-herb-margtoit-kassile-urdikana-makrelliga-80g\/\"]}]},{\"@type\":\"ImageObject\",\"inLanguage\":\"fi\",\"@id\":\"https:\/\/miumjau.ee\/fi\/tuote\/ontario-herb-margtoit-kassile-urdikana-makrelliga-80g\/#primaryimage\",\"url\":\"https:\/\/miumjau.ee\/wp-content\/uploads\/2025\/02\/ontario-herb-margtoit-kassile2.jpg\",\"contentUrl\":\"https:\/\/miumjau.ee\/wp-content\/uploads\/2025\/02\/ontario-herb-margtoit-kassile2.jpg\",\"width\":600,\"height\":800,\"caption\":\"Ontario Herb m\u00e4rgtoit kassile\"},{\"@type\":\"BreadcrumbList\",\"@id\":\"https:\/\/miumjau.ee\/fi\/tuote\/ontario-herb-margtoit-kassile-urdikana-makrelliga-80g\/#breadcrumb\",\"itemListElement\":[{\"@type\":\"ListItem\",\"position\":1,\"name\":\"Home\",\"item\":\"https:\/\/miumjau.ee\/fi\/\"},{\"@type\":\"ListItem\",\"position\":2,\"name\":\"Kauppa\",\"item\":\"https:\/\/miumjau.ee\/fi\/kauppa\/\"},{\"@type\":\"ListItem\",\"position\":3,\"name\":\"Ontario Herb m\u00e4rgtoit kassile, \u00fcrdikana makrelliga 80g\"}]},{\"@type\":\"WebSite\",\"@id\":\"https:\/\/miumjau.ee\/#website\",\"url\":\"https:\/\/miumjau.ee\/\",\"name\":\"MiuMjau\",\"description\":\"Kraapimispuud kassidele\",\"publisher\":{\"@id\":\"https:\/\/miumjau.ee\/#organization\"},\"potentialAction\":[{\"@type\":\"SearchAction\",\"target\":{\"@type\":\"EntryPoint\",\"urlTemplate\":\"https:\/\/miumjau.ee\/?s={search_term_string}\"},\"query-input\":{\"@type\":\"PropertyValueSpecification\",\"valueRequired\":true,\"valueName\":\"search_term_string\"}}],\"inLanguage\":\"fi\"},{\"@type\":\"Organization\",\"@id\":\"https:\/\/miumjau.ee\/#organization\",\"name\":\"MiuMjau O\u00dc\",\"url\":\"https:\/\/miumjau.ee\/\",\"logo\":{\"@type\":\"ImageObject\",\"inLanguage\":\"fi\",\"@id\":\"https:\/\/miumjau.ee\/#\/schema\/logo\/image\/\",\"url\":\"https:\/\/miumjau.ee\/wp-content\/uploads\/2022\/04\/MiuMjau-logo-kollane.png\",\"contentUrl\":\"https:\/\/miumjau.ee\/wp-content\/uploads\/2022\/04\/MiuMjau-logo-kollane.png\",\"width\":219,\"height\":100,\"caption\":\"MiuMjau O\u00dc\"},\"image\":{\"@id\":\"https:\/\/miumjau.ee\/#\/schema\/logo\/image\/\"},\"sameAs\":[\"https:\/\/www.facebook.com\/miumjaupood\/\"]}]}<\/script>\n<!-- \/ Yoast SEO plugin. -->","yoast_head_json":{"title":"Ontario Herb m\u00e4rgtoit kassile, \u00fcrdikana makrelliga 80g - MiuMjau","description":"Ontarion kissan m\u00e4rk\u00e4ruoka on viljatonta, runsaasti lihaa ja todella herkullista. Pakkauksessa on aidon lihan paloja. Luonnollista ruokaa kissallesi!","robots":{"index":"index","follow":"follow","max-snippet":"max-snippet:-1","max-image-preview":"max-image-preview:large","max-video-preview":"max-video-preview:-1"},"canonical":"https:\/\/miumjau.ee\/fi\/tuote\/ontario-herb-margtoit-kassile-urdikana-makrelliga-80g\/","og_locale":"fi_FI","og_type":"article","og_title":"Ontario Herb m\u00e4rgtoit kassile, \u00fcrdikana makrelliga 80g - MiuMjau","og_description":"Ontarion kissan m\u00e4rk\u00e4ruoka on viljatonta, runsaasti lihaa ja todella herkullista. Pakkauksessa on aidon lihan paloja. Luonnollista ruokaa kissallesi!","og_url":"https:\/\/miumjau.ee\/fi\/tuote\/ontario-herb-margtoit-kassile-urdikana-makrelliga-80g\/","og_site_name":"MiuMjau","article_publisher":"https:\/\/www.facebook.com\/miumjaupood\/","article_modified_time":"2026-01-07T20:58:00+00:00","og_image":[{"width":600,"height":800,"url":"https:\/\/miumjau.ee\/wp-content\/uploads\/2025\/02\/ontario-herb-margtoit-kassile2.jpg","type":"image\/jpeg"}],"twitter_card":"summary_large_image","schema":{"@context":"https:\/\/schema.org","@graph":[{"@type":"WebPage","@id":"https:\/\/miumjau.ee\/fi\/tuote\/ontario-herb-margtoit-kassile-urdikana-makrelliga-80g\/","url":"https:\/\/miumjau.ee\/fi\/tuote\/ontario-herb-margtoit-kassile-urdikana-makrelliga-80g\/","name":"Ontario Herb m\u00e4rgtoit kassile, \u00fcrdikana makrelliga 80g - MiuMjau","isPartOf":{"@id":"https:\/\/miumjau.ee\/#website"},"primaryImageOfPage":{"@id":"https:\/\/miumjau.ee\/fi\/tuote\/ontario-herb-margtoit-kassile-urdikana-makrelliga-80g\/#primaryimage"},"image":{"@id":"https:\/\/miumjau.ee\/fi\/tuote\/ontario-herb-margtoit-kassile-urdikana-makrelliga-80g\/#primaryimage"},"thumbnailUrl":"https:\/\/miumjau.ee\/wp-content\/uploads\/2025\/02\/ontario-herb-margtoit-kassile2.jpg","datePublished":"2025-02-17T19:18:19+00:00","dateModified":"2026-01-07T20:58:00+00:00","description":"Ontarion kissan m\u00e4rk\u00e4ruoka on viljatonta, runsaasti lihaa ja todella herkullista. Pakkauksessa on aidon lihan paloja. Luonnollista ruokaa kissallesi!","breadcrumb":{"@id":"https:\/\/miumjau.ee\/fi\/tuote\/ontario-herb-margtoit-kassile-urdikana-makrelliga-80g\/#breadcrumb"},"inLanguage":"fi","potentialAction":[{"@type":"ReadAction","target":["https:\/\/miumjau.ee\/fi\/tuote\/ontario-herb-margtoit-kassile-urdikana-makrelliga-80g\/"]}]},{"@type":"ImageObject","inLanguage":"fi","@id":"https:\/\/miumjau.ee\/fi\/tuote\/ontario-herb-margtoit-kassile-urdikana-makrelliga-80g\/#primaryimage","url":"https:\/\/miumjau.ee\/wp-content\/uploads\/2025\/02\/ontario-herb-margtoit-kassile2.jpg","contentUrl":"https:\/\/miumjau.ee\/wp-content\/uploads\/2025\/02\/ontario-herb-margtoit-kassile2.jpg","width":600,"height":800,"caption":"Ontario Herb m\u00e4rgtoit kassile"},{"@type":"BreadcrumbList","@id":"https:\/\/miumjau.ee\/fi\/tuote\/ontario-herb-margtoit-kassile-urdikana-makrelliga-80g\/#breadcrumb","itemListElement":[{"@type":"ListItem","position":1,"name":"Home","item":"https:\/\/miumjau.ee\/fi\/"},{"@type":"ListItem","position":2,"name":"Kauppa","item":"https:\/\/miumjau.ee\/fi\/kauppa\/"},{"@type":"ListItem","position":3,"name":"Ontario Herb m\u00e4rgtoit kassile, \u00fcrdikana makrelliga 80g"}]},{"@type":"WebSite","@id":"https:\/\/miumjau.ee\/#website","url":"https:\/\/miumjau.ee\/","name":"MiuMjau","description":"Kraapimispuud kassidele","publisher":{"@id":"https:\/\/miumjau.ee\/#organization"},"potentialAction":[{"@type":"SearchAction","target":{"@type":"EntryPoint","urlTemplate":"https:\/\/miumjau.ee\/?s={search_term_string}"},"query-input":{"@type":"PropertyValueSpecification","valueRequired":true,"valueName":"search_term_string"}}],"inLanguage":"fi"},{"@type":"Organization","@id":"https:\/\/miumjau.ee\/#organization","name":"MiuMjau O\u00dc","url":"https:\/\/miumjau.ee\/","logo":{"@type":"ImageObject","inLanguage":"fi","@id":"https:\/\/miumjau.ee\/#\/schema\/logo\/image\/","url":"https:\/\/miumjau.ee\/wp-content\/uploads\/2022\/04\/MiuMjau-logo-kollane.png","contentUrl":"https:\/\/miumjau.ee\/wp-content\/uploads\/2022\/04\/MiuMjau-logo-kollane.png","width":219,"height":100,"caption":"MiuMjau O\u00dc"},"image":{"@id":"https:\/\/miumjau.ee\/#\/schema\/logo\/image\/"},"sameAs":["https:\/\/www.facebook.com\/miumjaupood\/"]}]}},"_links":{"self":[{"href":"https:\/\/miumjau.ee\/fi\/wp-json\/wp\/v2\/product\/27623","targetHints":{"allow":["GET"]}}],"collection":[{"href":"https:\/\/miumjau.ee\/fi\/wp-json\/wp\/v2\/product"}],"about":[{"href":"https:\/\/miumjau.ee\/fi\/wp-json\/wp\/v2\/types\/product"}],"wp:featuredmedia":[{"embeddable":true,"href":"https:\/\/miumjau.ee\/fi\/wp-json\/wp\/v2\/media\/27341"}],"wp:attachment":[{"href":"https:\/\/miumjau.ee\/fi\/wp-json\/wp\/v2\/media?parent=27623"}],"wp:term":[{"taxonomy":"product_brand","embeddable":true,"href":"https:\/\/miumjau.ee\/fi\/wp-json\/wp\/v2\/product_brand?post=27623"},{"taxonomy":"product_cat","embeddable":true,"href":"https:\/\/miumjau.ee\/fi\/wp-json\/wp\/v2\/product_cat?post=27623"},{"taxonomy":"product_tag","embeddable":true,"href":"https:\/\/miumjau.ee\/fi\/wp-json\/wp\/v2\/product_tag?post=27623"}],"curies":[{"name":"wp","href":"https:\/\/api.w.org\/{rel}","templated":true}]}}