{"id":27569,"date":"2024-11-20T11:02:35","date_gmt":"2024-11-20T09:02:35","guid":{"rendered":"https:\/\/miumjau.ee\/toode\/applaws-kissan-markaruoka-kala-valikoima-hyytelossa-12x70-g\/"},"modified":"2026-01-07T22:58:07","modified_gmt":"2026-01-07T20:58:07","slug":"applaws-kissan-markaruoka-kala-valikoima-hyytelossa-12x70-g","status":"publish","type":"product","link":"https:\/\/miumjau.ee\/fi\/tuote\/applaws-kissan-markaruoka-kala-valikoima-hyytelossa-12x70-g\/","title":{"rendered":"Applaws kissan m\u00e4rk\u00e4ruoka Kala-valikoima hyytel\u00f6ss\u00e4 12&#215;70 g"},"content":{"rendered":"","protected":false},"excerpt":{"rendered":"<p>Applaws kissanruokapussit kalalla, 12 x 70 g. T\u00e4ydennysruoka kissoille.<\/p>\n<p>Ruokintaohjeet el\u00e4imen painon mukaan: 0-3 kg &#8211; enint\u00e4\u00e4n 1 ateriapussi, 3-5 kg \u200b\u200b- enint\u00e4\u00e4n 2 ateriapussia, 5+ kg &#8211; enint\u00e4\u00e4n 3 ateriapussia.<br \/>\nTuoretta juomavett\u00e4 on aina oltava el\u00e4imen saatavilla. S\u00e4ilyt\u00e4 viile\u00e4ss\u00e4, kuivassa paikassa.<\/p>\n<p>Luettelo ainesosista<br \/>\nAinekset:<br \/>\n4 x tonnikalafileet: tonnikalafilee 60%*, riisijauho*, kasviper\u00e4inen hyytel\u00f6imisaine.<br \/>\n4 x tonnikalafilee makrillilla: tonnikalafilee* 55%, makrilli* 5%, riisijauho*, kasviper\u00e4inen hyytel\u00f6imisaine.<br \/>\n4 x tonnikalafilee lohella: tonnikalafilee* 55%, lohi*, riisijauho*, kasviper\u00e4inen hyytel\u00f6imisaine.<\/p>\n<p>Analyyttiset ainesosat:<br \/>\nTonnikalafilee: proteiini 13%, raakakuitu 0,1%, raakarasva 1%, raakatuhka 1%, kosteus 83%.<br \/>\nTonnikalafile makrillilla: proteiini 13%, raakakuitu 0,1%, raakarasva 2%, raakatuhka 1%, kosteus 82%.<br \/>\nTonnikalafilee lohella: proteiini 13%, raakakuitu 0,1%, raakarasva 2%, raakatuhka 1%, kosteus 82%.<\/p>\n","protected":false},"featured_media":24513,"template":"","meta":[],"product_brand":[],"product_cat":[264],"product_tag":[],"class_list":{"0":"post-27569","1":"product","2":"type-product","3":"status-publish","4":"has-post-thumbnail","6":"product_cat-marka-ruoka","8":"first","9":"instock","10":"taxable","11":"shipping-taxable","12":"purchasable","13":"product-type-simple"},"yoast_head":"<!-- This site is optimized with the Yoast SEO plugin v27.4 - https:\/\/yoast.com\/product\/yoast-seo-wordpress\/ -->\n<title>Applaws kissan m\u00e4rk\u00e4ruoka Kala-valikoima hyytel\u00f6ss\u00e4 12x70 g - MiuMjau<\/title>\n<meta name=\"description\" content=\"Einekotikesed kalaga t\u00e4iskasvanud kassidele. S\u00f6\u00f6t on naturaalne ning ei sisalda muid koostisosi kui pakendil n\u00e4idatud. Milline maitse on sinu kassi lemmik?\" \/>\n<meta name=\"robots\" content=\"index, follow, max-snippet:-1, max-image-preview:large, max-video-preview:-1\" \/>\n<link rel=\"canonical\" href=\"https:\/\/miumjau.ee\/tuote\/applaws-kassi-einekotike-valikp-kala-12x-70g-tarrendis\/\" \/>\n<meta property=\"og:locale\" content=\"fi_FI\" \/>\n<meta property=\"og:type\" content=\"article\" \/>\n<meta property=\"og:title\" content=\"Applaws kissan m\u00e4rk\u00e4ruoka Kala-valikoima hyytel\u00f6ss\u00e4 12x70 g - MiuMjau\" \/>\n<meta property=\"og:description\" content=\"Einekotikesed kalaga t\u00e4iskasvanud kassidele. S\u00f6\u00f6t on naturaalne ning ei sisalda muid koostisosi kui pakendil n\u00e4idatud. Milline maitse on sinu kassi lemmik?\" \/>\n<meta property=\"og:url\" content=\"https:\/\/miumjau.ee\/tuote\/applaws-kassi-einekotike-valikp-kala-12x-70g-tarrendis\/\" \/>\n<meta property=\"og:site_name\" content=\"MiuMjau\" \/>\n<meta property=\"article:publisher\" content=\"https:\/\/www.facebook.com\/miumjaupood\/\" \/>\n<meta property=\"article:modified_time\" content=\"2026-01-07T20:58:07+00:00\" \/>\n<meta property=\"og:image\" content=\"https:\/\/miumjau.ee\/wp-content\/uploads\/2024\/11\/applaws-eienkotikeste-valikpakk-kalaga-tarrenis-12x70g.jpg\" \/>\n\t<meta property=\"og:image:width\" content=\"600\" \/>\n\t<meta property=\"og:image:height\" content=\"800\" \/>\n\t<meta property=\"og:image:type\" content=\"image\/jpeg\" \/>\n<meta name=\"twitter:card\" content=\"summary_large_image\" \/>\n<script type=\"application\/ld+json\" class=\"yoast-schema-graph\">{\"@context\":\"https:\\\/\\\/schema.org\",\"@graph\":[{\"@type\":\"WebPage\",\"@id\":\"https:\\\/\\\/miumjau.ee\\\/tuote\\\/applaws-kassi-einekotike-valikp-kala-12x-70g-tarrendis\\\/\",\"url\":\"https:\\\/\\\/miumjau.ee\\\/tuote\\\/applaws-kassi-einekotike-valikp-kala-12x-70g-tarrendis\\\/\",\"name\":\"Applaws kissan m\u00e4rk\u00e4ruoka Kala-valikoima hyytel\u00f6ss\u00e4 12x70 g - MiuMjau\",\"isPartOf\":{\"@id\":\"https:\\\/\\\/miumjau.ee\\\/#website\"},\"primaryImageOfPage\":{\"@id\":\"https:\\\/\\\/miumjau.ee\\\/tuote\\\/applaws-kassi-einekotike-valikp-kala-12x-70g-tarrendis\\\/#primaryimage\"},\"image\":{\"@id\":\"https:\\\/\\\/miumjau.ee\\\/tuote\\\/applaws-kassi-einekotike-valikp-kala-12x-70g-tarrendis\\\/#primaryimage\"},\"thumbnailUrl\":\"https:\\\/\\\/miumjau.ee\\\/wp-content\\\/uploads\\\/2024\\\/11\\\/applaws-eienkotikeste-valikpakk-kalaga-tarrenis-12x70g.jpg\",\"datePublished\":\"2024-11-20T09:02:35+00:00\",\"dateModified\":\"2026-01-07T20:58:07+00:00\",\"description\":\"Einekotikesed kalaga t\u00e4iskasvanud kassidele. S\u00f6\u00f6t on naturaalne ning ei sisalda muid koostisosi kui pakendil n\u00e4idatud. Milline maitse on sinu kassi lemmik?\",\"breadcrumb\":{\"@id\":\"https:\\\/\\\/miumjau.ee\\\/tuote\\\/applaws-kassi-einekotike-valikp-kala-12x-70g-tarrendis\\\/#breadcrumb\"},\"inLanguage\":\"fi\",\"potentialAction\":[{\"@type\":\"ReadAction\",\"target\":[\"https:\\\/\\\/miumjau.ee\\\/tuote\\\/applaws-kassi-einekotike-valikp-kala-12x-70g-tarrendis\\\/\"]}]},{\"@type\":\"ImageObject\",\"inLanguage\":\"fi\",\"@id\":\"https:\\\/\\\/miumjau.ee\\\/tuote\\\/applaws-kassi-einekotike-valikp-kala-12x-70g-tarrendis\\\/#primaryimage\",\"url\":\"https:\\\/\\\/miumjau.ee\\\/wp-content\\\/uploads\\\/2024\\\/11\\\/applaws-eienkotikeste-valikpakk-kalaga-tarrenis-12x70g.jpg\",\"contentUrl\":\"https:\\\/\\\/miumjau.ee\\\/wp-content\\\/uploads\\\/2024\\\/11\\\/applaws-eienkotikeste-valikpakk-kalaga-tarrenis-12x70g.jpg\",\"width\":600,\"height\":800,\"caption\":\"Applaws kassi einekotike valikp. kala tarrendis 12x 70g\"},{\"@type\":\"BreadcrumbList\",\"@id\":\"https:\\\/\\\/miumjau.ee\\\/tuote\\\/applaws-kassi-einekotike-valikp-kala-12x-70g-tarrendis\\\/#breadcrumb\",\"itemListElement\":[{\"@type\":\"ListItem\",\"position\":1,\"name\":\"Home\",\"item\":\"https:\\\/\\\/miumjau.ee\\\/fi\\\/\"},{\"@type\":\"ListItem\",\"position\":2,\"name\":\"Kauppa\",\"item\":\"https:\\\/\\\/miumjau.ee\\\/fi\\\/kauppa\\\/\"},{\"@type\":\"ListItem\",\"position\":3,\"name\":\"Applaws kissan m\u00e4rk\u00e4ruoka Kala-valikoima hyytel\u00f6ss\u00e4 12&#215;70 g\"}]},{\"@type\":\"WebSite\",\"@id\":\"https:\\\/\\\/miumjau.ee\\\/#website\",\"url\":\"https:\\\/\\\/miumjau.ee\\\/\",\"name\":\"MiuMjau\",\"description\":\"Kraapimispuud kassidele\",\"publisher\":{\"@id\":\"https:\\\/\\\/miumjau.ee\\\/#organization\"},\"potentialAction\":[{\"@type\":\"SearchAction\",\"target\":{\"@type\":\"EntryPoint\",\"urlTemplate\":\"https:\\\/\\\/miumjau.ee\\\/?s={search_term_string}\"},\"query-input\":{\"@type\":\"PropertyValueSpecification\",\"valueRequired\":true,\"valueName\":\"search_term_string\"}}],\"inLanguage\":\"fi\"},{\"@type\":\"Organization\",\"@id\":\"https:\\\/\\\/miumjau.ee\\\/#organization\",\"name\":\"MiuMjau O\u00dc\",\"url\":\"https:\\\/\\\/miumjau.ee\\\/\",\"logo\":{\"@type\":\"ImageObject\",\"inLanguage\":\"fi\",\"@id\":\"https:\\\/\\\/miumjau.ee\\\/#\\\/schema\\\/logo\\\/image\\\/\",\"url\":\"https:\\\/\\\/miumjau.ee\\\/wp-content\\\/uploads\\\/2022\\\/04\\\/MiuMjau-logo-kollane.png\",\"contentUrl\":\"https:\\\/\\\/miumjau.ee\\\/wp-content\\\/uploads\\\/2022\\\/04\\\/MiuMjau-logo-kollane.png\",\"width\":219,\"height\":100,\"caption\":\"MiuMjau O\u00dc\"},\"image\":{\"@id\":\"https:\\\/\\\/miumjau.ee\\\/#\\\/schema\\\/logo\\\/image\\\/\"},\"sameAs\":[\"https:\\\/\\\/www.facebook.com\\\/miumjaupood\\\/\"]}]}<\/script>\n<!-- \/ Yoast SEO plugin. -->","yoast_head_json":{"title":"Applaws kissan m\u00e4rk\u00e4ruoka Kala-valikoima hyytel\u00f6ss\u00e4 12x70 g - MiuMjau","description":"Einekotikesed kalaga t\u00e4iskasvanud kassidele. S\u00f6\u00f6t on naturaalne ning ei sisalda muid koostisosi kui pakendil n\u00e4idatud. Milline maitse on sinu kassi lemmik?","robots":{"index":"index","follow":"follow","max-snippet":"max-snippet:-1","max-image-preview":"max-image-preview:large","max-video-preview":"max-video-preview:-1"},"canonical":"https:\/\/miumjau.ee\/tuote\/applaws-kassi-einekotike-valikp-kala-12x-70g-tarrendis\/","og_locale":"fi_FI","og_type":"article","og_title":"Applaws kissan m\u00e4rk\u00e4ruoka Kala-valikoima hyytel\u00f6ss\u00e4 12x70 g - MiuMjau","og_description":"Einekotikesed kalaga t\u00e4iskasvanud kassidele. S\u00f6\u00f6t on naturaalne ning ei sisalda muid koostisosi kui pakendil n\u00e4idatud. Milline maitse on sinu kassi lemmik?","og_url":"https:\/\/miumjau.ee\/tuote\/applaws-kassi-einekotike-valikp-kala-12x-70g-tarrendis\/","og_site_name":"MiuMjau","article_publisher":"https:\/\/www.facebook.com\/miumjaupood\/","article_modified_time":"2026-01-07T20:58:07+00:00","og_image":[{"width":600,"height":800,"url":"https:\/\/miumjau.ee\/wp-content\/uploads\/2024\/11\/applaws-eienkotikeste-valikpakk-kalaga-tarrenis-12x70g.jpg","type":"image\/jpeg"}],"twitter_card":"summary_large_image","schema":{"@context":"https:\/\/schema.org","@graph":[{"@type":"WebPage","@id":"https:\/\/miumjau.ee\/tuote\/applaws-kassi-einekotike-valikp-kala-12x-70g-tarrendis\/","url":"https:\/\/miumjau.ee\/tuote\/applaws-kassi-einekotike-valikp-kala-12x-70g-tarrendis\/","name":"Applaws kissan m\u00e4rk\u00e4ruoka Kala-valikoima hyytel\u00f6ss\u00e4 12x70 g - MiuMjau","isPartOf":{"@id":"https:\/\/miumjau.ee\/#website"},"primaryImageOfPage":{"@id":"https:\/\/miumjau.ee\/tuote\/applaws-kassi-einekotike-valikp-kala-12x-70g-tarrendis\/#primaryimage"},"image":{"@id":"https:\/\/miumjau.ee\/tuote\/applaws-kassi-einekotike-valikp-kala-12x-70g-tarrendis\/#primaryimage"},"thumbnailUrl":"https:\/\/miumjau.ee\/wp-content\/uploads\/2024\/11\/applaws-eienkotikeste-valikpakk-kalaga-tarrenis-12x70g.jpg","datePublished":"2024-11-20T09:02:35+00:00","dateModified":"2026-01-07T20:58:07+00:00","description":"Einekotikesed kalaga t\u00e4iskasvanud kassidele. S\u00f6\u00f6t on naturaalne ning ei sisalda muid koostisosi kui pakendil n\u00e4idatud. Milline maitse on sinu kassi lemmik?","breadcrumb":{"@id":"https:\/\/miumjau.ee\/tuote\/applaws-kassi-einekotike-valikp-kala-12x-70g-tarrendis\/#breadcrumb"},"inLanguage":"fi","potentialAction":[{"@type":"ReadAction","target":["https:\/\/miumjau.ee\/tuote\/applaws-kassi-einekotike-valikp-kala-12x-70g-tarrendis\/"]}]},{"@type":"ImageObject","inLanguage":"fi","@id":"https:\/\/miumjau.ee\/tuote\/applaws-kassi-einekotike-valikp-kala-12x-70g-tarrendis\/#primaryimage","url":"https:\/\/miumjau.ee\/wp-content\/uploads\/2024\/11\/applaws-eienkotikeste-valikpakk-kalaga-tarrenis-12x70g.jpg","contentUrl":"https:\/\/miumjau.ee\/wp-content\/uploads\/2024\/11\/applaws-eienkotikeste-valikpakk-kalaga-tarrenis-12x70g.jpg","width":600,"height":800,"caption":"Applaws kassi einekotike valikp. kala tarrendis 12x 70g"},{"@type":"BreadcrumbList","@id":"https:\/\/miumjau.ee\/tuote\/applaws-kassi-einekotike-valikp-kala-12x-70g-tarrendis\/#breadcrumb","itemListElement":[{"@type":"ListItem","position":1,"name":"Home","item":"https:\/\/miumjau.ee\/fi\/"},{"@type":"ListItem","position":2,"name":"Kauppa","item":"https:\/\/miumjau.ee\/fi\/kauppa\/"},{"@type":"ListItem","position":3,"name":"Applaws kissan m\u00e4rk\u00e4ruoka Kala-valikoima hyytel\u00f6ss\u00e4 12&#215;70 g"}]},{"@type":"WebSite","@id":"https:\/\/miumjau.ee\/#website","url":"https:\/\/miumjau.ee\/","name":"MiuMjau","description":"Kraapimispuud kassidele","publisher":{"@id":"https:\/\/miumjau.ee\/#organization"},"potentialAction":[{"@type":"SearchAction","target":{"@type":"EntryPoint","urlTemplate":"https:\/\/miumjau.ee\/?s={search_term_string}"},"query-input":{"@type":"PropertyValueSpecification","valueRequired":true,"valueName":"search_term_string"}}],"inLanguage":"fi"},{"@type":"Organization","@id":"https:\/\/miumjau.ee\/#organization","name":"MiuMjau O\u00dc","url":"https:\/\/miumjau.ee\/","logo":{"@type":"ImageObject","inLanguage":"fi","@id":"https:\/\/miumjau.ee\/#\/schema\/logo\/image\/","url":"https:\/\/miumjau.ee\/wp-content\/uploads\/2022\/04\/MiuMjau-logo-kollane.png","contentUrl":"https:\/\/miumjau.ee\/wp-content\/uploads\/2022\/04\/MiuMjau-logo-kollane.png","width":219,"height":100,"caption":"MiuMjau O\u00dc"},"image":{"@id":"https:\/\/miumjau.ee\/#\/schema\/logo\/image\/"},"sameAs":["https:\/\/www.facebook.com\/miumjaupood\/"]}]}},"_links":{"self":[{"href":"https:\/\/miumjau.ee\/fi\/wp-json\/wp\/v2\/product\/27569","targetHints":{"allow":["GET"]}}],"collection":[{"href":"https:\/\/miumjau.ee\/fi\/wp-json\/wp\/v2\/product"}],"about":[{"href":"https:\/\/miumjau.ee\/fi\/wp-json\/wp\/v2\/types\/product"}],"wp:featuredmedia":[{"embeddable":true,"href":"https:\/\/miumjau.ee\/fi\/wp-json\/wp\/v2\/media\/24513"}],"wp:attachment":[{"href":"https:\/\/miumjau.ee\/fi\/wp-json\/wp\/v2\/media?parent=27569"}],"wp:term":[{"taxonomy":"product_brand","embeddable":true,"href":"https:\/\/miumjau.ee\/fi\/wp-json\/wp\/v2\/product_brand?post=27569"},{"taxonomy":"product_cat","embeddable":true,"href":"https:\/\/miumjau.ee\/fi\/wp-json\/wp\/v2\/product_cat?post=27569"},{"taxonomy":"product_tag","embeddable":true,"href":"https:\/\/miumjau.ee\/fi\/wp-json\/wp\/v2\/product_tag?post=27569"}],"curies":[{"name":"wp","href":"https:\/\/api.w.org\/{rel}","templated":true}]}}