{"id":27558,"date":"2024-11-18T11:14:06","date_gmt":"2024-11-18T09:14:06","guid":{"rendered":"https:\/\/miumjau.ee\/toode\/applaws-kissan-kuivaruoka-kana-0-4kg\/"},"modified":"2026-01-07T22:58:14","modified_gmt":"2026-01-07T20:58:14","slug":"applaws-kissan-kuivaruoka-kana-0-4kg","status":"publish","type":"product","link":"https:\/\/miumjau.ee\/fi\/tuote\/applaws-kissan-kuivaruoka-kana-0-4kg\/","title":{"rendered":"Applaws kissan kuivaruoka Kana 0.4kg"},"content":{"rendered":"","protected":false},"excerpt":{"rendered":"<p>Luonnollinen kuivaruoka, jossa on kanaa ja luonnollisia uutteita aikuisille kissoille. Applawsin kuivaruoka on hypoallergeeninen eik\u00e4 sis\u00e4ll\u00e4 allergeeneja, kuten soijapapuja, vehn\u00e4\u00e4, maissia ja muita jyvi\u00e4. Sis\u00e4lt\u00e4\u00e4 aktiivisen probiootin. Hiuspalloa est\u00e4v\u00e4 koostumus.<\/p>\n<p>Suositeltu p\u00e4iv\u00e4annos ja k\u00e4ytt\u00f6ohjeet<br \/>\nRuokinta-ohjeet: Tarjoile ruoka kuivana. Kissat, jotka painavat 1,25-3 kg 20-40g, 3-5 kg \u200b\u200b40-60g p\u00e4iv\u00e4ss\u00e4, 5-8 kg 60-100g p\u00e4iv\u00e4ss\u00e4. M\u00e4\u00e4r\u00e4t voivat vaihdella el\u00e4imen koon, i\u00e4n ja aktiivisuustason mukaan. Tuoretta juomavett\u00e4 on oltava aina saatavilla. Koska t\u00e4m\u00e4 on eritt\u00e4in ravitsevaa ruokaa, t\u00e4m\u00e4 tarkoittaa, ett\u00e4 ruokintam\u00e4\u00e4r\u00e4t ovat pienempi\u00e4 kuin tavallisella kissanruoalla. Kun ruokit ensimm\u00e4isen kerran, siirry uuteen ruokaan asteittain 7-10 p\u00e4iv\u00e4n kuluessa.<\/p>\n<p>Luettelo ainesosista<br \/>\nAinesosat: kuivattu kanajauho (65%), tuore broilerijauhe (17%), bataatti, panimohiiva, peruna, juurikasmassa, kanalient\u00e4, lohi\u00f6ljy, vitamiinit ja kivenn\u00e4isaineet, kuivattu kananmuna, kasviselluloosakuitu (0,03%), natriumkloridi, kalsiumkarbonaatti, merilev\u00e4\/lev\u00e4uute, kalsiummarja-ioniini DL, sitruunamarja , rosmariiniuute.<\/p>\n<p>Lis\u00e4tyt rehun lis\u00e4aineet (1 kg): A-vitamiini (retinyyliasetaatti) 27 850 IU, D3-vitamiini (kolekalsiferoli) 1 200 IU, E-vitamiini (alfa-tokoferoliasetaatti) 615 IU, seleeni (natriumseleniitti) 0,13 mg, jodisulfonaatti, 5 mg jodisulfonaattia 80 mg, kupari (kuparisulfaattipentahydraatti) 48 mg, mangaani (mangaanisulfaattimonohydraatti) 38 mg, sinkki (sinkkisulfaattimonohydraatti) 135 mg. Teknologiset lis\u00e4aineet: E1705 Enterococcus faecium -kanta 68 (SF68;NCIMB 10415) 1000000000 PFU\/kg, luonnollinen antioksidantti: sekoitettu tokoferolia ja rosmariiniuutetta.<\/p>\n<p>Analyyttinen koostumus: raakaproteiini 37 %, raaka\u00f6ljyt ja -rasvat 20 %, raakakuitu 2,1 %, raakatuhka 10,8 %, kalsium 2,8 %, fosfori 1,7 %, omega-6 3,8 %, omega-3 0,8 %, tauriini 2000 mg\/kg. Energiasis\u00e4lt\u00f6 100g\/418kcal.<\/p>\n","protected":false},"featured_media":24357,"template":"","meta":[],"product_brand":[],"product_cat":[255],"product_tag":[],"class_list":{"0":"post-27558","1":"product","2":"type-product","3":"status-publish","4":"has-post-thumbnail","6":"product_cat-kuiva-ruoka","8":"first","9":"outofstock","10":"taxable","11":"shipping-taxable","12":"purchasable","13":"product-type-simple"},"yoast_head":"<!-- This site is optimized with the Yoast SEO plugin v27.4 - https:\/\/yoast.com\/product\/yoast-seo-wordpress\/ -->\n<title>Applaws kissan kuivaruoka Kana 0.4kg - MiuMjau<\/title>\n<meta name=\"description\" content=\"Luonnollinen t\u00e4ysravinto, jossa on kanaa ja luonnollisia uutteita aikuisille kissoille. Applawsin kuivaruoka on hypoallergeenista. Vain parasta!\" \/>\n<meta name=\"robots\" content=\"index, follow, max-snippet:-1, max-image-preview:large, max-video-preview:-1\" \/>\n<link rel=\"canonical\" href=\"https:\/\/miumjau.ee\/fi\/tuote\/applaws-kissan-kuivaruoka-kana-0-4kg\/\" \/>\n<meta property=\"og:locale\" content=\"fi_FI\" \/>\n<meta property=\"og:type\" content=\"article\" \/>\n<meta property=\"og:title\" content=\"Applaws kissan kuivaruoka Kana 0.4kg - MiuMjau\" \/>\n<meta property=\"og:description\" content=\"Luonnollinen t\u00e4ysravinto, jossa on kanaa ja luonnollisia uutteita aikuisille kissoille. Applawsin kuivaruoka on hypoallergeenista. Vain parasta!\" \/>\n<meta property=\"og:url\" content=\"https:\/\/miumjau.ee\/fi\/tuote\/applaws-kissan-kuivaruoka-kana-0-4kg\/\" \/>\n<meta property=\"og:site_name\" content=\"MiuMjau\" \/>\n<meta property=\"article:publisher\" content=\"https:\/\/www.facebook.com\/miumjaupood\/\" \/>\n<meta property=\"article:modified_time\" content=\"2026-01-07T20:58:14+00:00\" \/>\n<meta property=\"og:image\" content=\"https:\/\/miumjau.ee\/wp-content\/uploads\/2024\/11\/applaws-adult-chicken-400g.jpg\" \/>\n\t<meta property=\"og:image:width\" content=\"600\" \/>\n\t<meta property=\"og:image:height\" content=\"800\" \/>\n\t<meta property=\"og:image:type\" content=\"image\/jpeg\" \/>\n<meta name=\"twitter:card\" content=\"summary_large_image\" \/>\n<script type=\"application\/ld+json\" class=\"yoast-schema-graph\">{\"@context\":\"https:\\\/\\\/schema.org\",\"@graph\":[{\"@type\":\"WebPage\",\"@id\":\"https:\\\/\\\/miumjau.ee\\\/fi\\\/tuote\\\/applaws-kissan-kuivaruoka-kana-0-4kg\\\/\",\"url\":\"https:\\\/\\\/miumjau.ee\\\/fi\\\/tuote\\\/applaws-kissan-kuivaruoka-kana-0-4kg\\\/\",\"name\":\"Applaws kissan kuivaruoka Kana 0.4kg - MiuMjau\",\"isPartOf\":{\"@id\":\"https:\\\/\\\/miumjau.ee\\\/#website\"},\"primaryImageOfPage\":{\"@id\":\"https:\\\/\\\/miumjau.ee\\\/fi\\\/tuote\\\/applaws-kissan-kuivaruoka-kana-0-4kg\\\/#primaryimage\"},\"image\":{\"@id\":\"https:\\\/\\\/miumjau.ee\\\/fi\\\/tuote\\\/applaws-kissan-kuivaruoka-kana-0-4kg\\\/#primaryimage\"},\"thumbnailUrl\":\"https:\\\/\\\/miumjau.ee\\\/wp-content\\\/uploads\\\/2024\\\/11\\\/applaws-adult-chicken-400g.jpg\",\"datePublished\":\"2024-11-18T09:14:06+00:00\",\"dateModified\":\"2026-01-07T20:58:14+00:00\",\"description\":\"Luonnollinen t\u00e4ysravinto, jossa on kanaa ja luonnollisia uutteita aikuisille kissoille. Applawsin kuivaruoka on hypoallergeenista. Vain parasta!\",\"breadcrumb\":{\"@id\":\"https:\\\/\\\/miumjau.ee\\\/fi\\\/tuote\\\/applaws-kissan-kuivaruoka-kana-0-4kg\\\/#breadcrumb\"},\"inLanguage\":\"fi\",\"potentialAction\":[{\"@type\":\"ReadAction\",\"target\":[\"https:\\\/\\\/miumjau.ee\\\/fi\\\/tuote\\\/applaws-kissan-kuivaruoka-kana-0-4kg\\\/\"]}]},{\"@type\":\"ImageObject\",\"inLanguage\":\"fi\",\"@id\":\"https:\\\/\\\/miumjau.ee\\\/fi\\\/tuote\\\/applaws-kissan-kuivaruoka-kana-0-4kg\\\/#primaryimage\",\"url\":\"https:\\\/\\\/miumjau.ee\\\/wp-content\\\/uploads\\\/2024\\\/11\\\/applaws-adult-chicken-400g.jpg\",\"contentUrl\":\"https:\\\/\\\/miumjau.ee\\\/wp-content\\\/uploads\\\/2024\\\/11\\\/applaws-adult-chicken-400g.jpg\",\"width\":600,\"height\":800,\"caption\":\"Applaws kassi kuivtoit kanaga 0.4kg\"},{\"@type\":\"BreadcrumbList\",\"@id\":\"https:\\\/\\\/miumjau.ee\\\/fi\\\/tuote\\\/applaws-kissan-kuivaruoka-kana-0-4kg\\\/#breadcrumb\",\"itemListElement\":[{\"@type\":\"ListItem\",\"position\":1,\"name\":\"Home\",\"item\":\"https:\\\/\\\/miumjau.ee\\\/fi\\\/\"},{\"@type\":\"ListItem\",\"position\":2,\"name\":\"Kauppa\",\"item\":\"https:\\\/\\\/miumjau.ee\\\/fi\\\/kauppa\\\/\"},{\"@type\":\"ListItem\",\"position\":3,\"name\":\"Applaws kissan kuivaruoka Kana 0.4kg\"}]},{\"@type\":\"WebSite\",\"@id\":\"https:\\\/\\\/miumjau.ee\\\/#website\",\"url\":\"https:\\\/\\\/miumjau.ee\\\/\",\"name\":\"MiuMjau\",\"description\":\"Kraapimispuud kassidele\",\"publisher\":{\"@id\":\"https:\\\/\\\/miumjau.ee\\\/#organization\"},\"potentialAction\":[{\"@type\":\"SearchAction\",\"target\":{\"@type\":\"EntryPoint\",\"urlTemplate\":\"https:\\\/\\\/miumjau.ee\\\/?s={search_term_string}\"},\"query-input\":{\"@type\":\"PropertyValueSpecification\",\"valueRequired\":true,\"valueName\":\"search_term_string\"}}],\"inLanguage\":\"fi\"},{\"@type\":\"Organization\",\"@id\":\"https:\\\/\\\/miumjau.ee\\\/#organization\",\"name\":\"MiuMjau O\u00dc\",\"url\":\"https:\\\/\\\/miumjau.ee\\\/\",\"logo\":{\"@type\":\"ImageObject\",\"inLanguage\":\"fi\",\"@id\":\"https:\\\/\\\/miumjau.ee\\\/#\\\/schema\\\/logo\\\/image\\\/\",\"url\":\"https:\\\/\\\/miumjau.ee\\\/wp-content\\\/uploads\\\/2022\\\/04\\\/MiuMjau-logo-kollane.png\",\"contentUrl\":\"https:\\\/\\\/miumjau.ee\\\/wp-content\\\/uploads\\\/2022\\\/04\\\/MiuMjau-logo-kollane.png\",\"width\":219,\"height\":100,\"caption\":\"MiuMjau O\u00dc\"},\"image\":{\"@id\":\"https:\\\/\\\/miumjau.ee\\\/#\\\/schema\\\/logo\\\/image\\\/\"},\"sameAs\":[\"https:\\\/\\\/www.facebook.com\\\/miumjaupood\\\/\"]}]}<\/script>\n<!-- \/ Yoast SEO plugin. -->","yoast_head_json":{"title":"Applaws kissan kuivaruoka Kana 0.4kg - MiuMjau","description":"Luonnollinen t\u00e4ysravinto, jossa on kanaa ja luonnollisia uutteita aikuisille kissoille. Applawsin kuivaruoka on hypoallergeenista. Vain parasta!","robots":{"index":"index","follow":"follow","max-snippet":"max-snippet:-1","max-image-preview":"max-image-preview:large","max-video-preview":"max-video-preview:-1"},"canonical":"https:\/\/miumjau.ee\/fi\/tuote\/applaws-kissan-kuivaruoka-kana-0-4kg\/","og_locale":"fi_FI","og_type":"article","og_title":"Applaws kissan kuivaruoka Kana 0.4kg - MiuMjau","og_description":"Luonnollinen t\u00e4ysravinto, jossa on kanaa ja luonnollisia uutteita aikuisille kissoille. Applawsin kuivaruoka on hypoallergeenista. Vain parasta!","og_url":"https:\/\/miumjau.ee\/fi\/tuote\/applaws-kissan-kuivaruoka-kana-0-4kg\/","og_site_name":"MiuMjau","article_publisher":"https:\/\/www.facebook.com\/miumjaupood\/","article_modified_time":"2026-01-07T20:58:14+00:00","og_image":[{"width":600,"height":800,"url":"https:\/\/miumjau.ee\/wp-content\/uploads\/2024\/11\/applaws-adult-chicken-400g.jpg","type":"image\/jpeg"}],"twitter_card":"summary_large_image","schema":{"@context":"https:\/\/schema.org","@graph":[{"@type":"WebPage","@id":"https:\/\/miumjau.ee\/fi\/tuote\/applaws-kissan-kuivaruoka-kana-0-4kg\/","url":"https:\/\/miumjau.ee\/fi\/tuote\/applaws-kissan-kuivaruoka-kana-0-4kg\/","name":"Applaws kissan kuivaruoka Kana 0.4kg - MiuMjau","isPartOf":{"@id":"https:\/\/miumjau.ee\/#website"},"primaryImageOfPage":{"@id":"https:\/\/miumjau.ee\/fi\/tuote\/applaws-kissan-kuivaruoka-kana-0-4kg\/#primaryimage"},"image":{"@id":"https:\/\/miumjau.ee\/fi\/tuote\/applaws-kissan-kuivaruoka-kana-0-4kg\/#primaryimage"},"thumbnailUrl":"https:\/\/miumjau.ee\/wp-content\/uploads\/2024\/11\/applaws-adult-chicken-400g.jpg","datePublished":"2024-11-18T09:14:06+00:00","dateModified":"2026-01-07T20:58:14+00:00","description":"Luonnollinen t\u00e4ysravinto, jossa on kanaa ja luonnollisia uutteita aikuisille kissoille. Applawsin kuivaruoka on hypoallergeenista. Vain parasta!","breadcrumb":{"@id":"https:\/\/miumjau.ee\/fi\/tuote\/applaws-kissan-kuivaruoka-kana-0-4kg\/#breadcrumb"},"inLanguage":"fi","potentialAction":[{"@type":"ReadAction","target":["https:\/\/miumjau.ee\/fi\/tuote\/applaws-kissan-kuivaruoka-kana-0-4kg\/"]}]},{"@type":"ImageObject","inLanguage":"fi","@id":"https:\/\/miumjau.ee\/fi\/tuote\/applaws-kissan-kuivaruoka-kana-0-4kg\/#primaryimage","url":"https:\/\/miumjau.ee\/wp-content\/uploads\/2024\/11\/applaws-adult-chicken-400g.jpg","contentUrl":"https:\/\/miumjau.ee\/wp-content\/uploads\/2024\/11\/applaws-adult-chicken-400g.jpg","width":600,"height":800,"caption":"Applaws kassi kuivtoit kanaga 0.4kg"},{"@type":"BreadcrumbList","@id":"https:\/\/miumjau.ee\/fi\/tuote\/applaws-kissan-kuivaruoka-kana-0-4kg\/#breadcrumb","itemListElement":[{"@type":"ListItem","position":1,"name":"Home","item":"https:\/\/miumjau.ee\/fi\/"},{"@type":"ListItem","position":2,"name":"Kauppa","item":"https:\/\/miumjau.ee\/fi\/kauppa\/"},{"@type":"ListItem","position":3,"name":"Applaws kissan kuivaruoka Kana 0.4kg"}]},{"@type":"WebSite","@id":"https:\/\/miumjau.ee\/#website","url":"https:\/\/miumjau.ee\/","name":"MiuMjau","description":"Kraapimispuud kassidele","publisher":{"@id":"https:\/\/miumjau.ee\/#organization"},"potentialAction":[{"@type":"SearchAction","target":{"@type":"EntryPoint","urlTemplate":"https:\/\/miumjau.ee\/?s={search_term_string}"},"query-input":{"@type":"PropertyValueSpecification","valueRequired":true,"valueName":"search_term_string"}}],"inLanguage":"fi"},{"@type":"Organization","@id":"https:\/\/miumjau.ee\/#organization","name":"MiuMjau O\u00dc","url":"https:\/\/miumjau.ee\/","logo":{"@type":"ImageObject","inLanguage":"fi","@id":"https:\/\/miumjau.ee\/#\/schema\/logo\/image\/","url":"https:\/\/miumjau.ee\/wp-content\/uploads\/2022\/04\/MiuMjau-logo-kollane.png","contentUrl":"https:\/\/miumjau.ee\/wp-content\/uploads\/2022\/04\/MiuMjau-logo-kollane.png","width":219,"height":100,"caption":"MiuMjau O\u00dc"},"image":{"@id":"https:\/\/miumjau.ee\/#\/schema\/logo\/image\/"},"sameAs":["https:\/\/www.facebook.com\/miumjaupood\/"]}]}},"_links":{"self":[{"href":"https:\/\/miumjau.ee\/fi\/wp-json\/wp\/v2\/product\/27558","targetHints":{"allow":["GET"]}}],"collection":[{"href":"https:\/\/miumjau.ee\/fi\/wp-json\/wp\/v2\/product"}],"about":[{"href":"https:\/\/miumjau.ee\/fi\/wp-json\/wp\/v2\/types\/product"}],"wp:featuredmedia":[{"embeddable":true,"href":"https:\/\/miumjau.ee\/fi\/wp-json\/wp\/v2\/media\/24357"}],"wp:attachment":[{"href":"https:\/\/miumjau.ee\/fi\/wp-json\/wp\/v2\/media?parent=27558"}],"wp:term":[{"taxonomy":"product_brand","embeddable":true,"href":"https:\/\/miumjau.ee\/fi\/wp-json\/wp\/v2\/product_brand?post=27558"},{"taxonomy":"product_cat","embeddable":true,"href":"https:\/\/miumjau.ee\/fi\/wp-json\/wp\/v2\/product_cat?post=27558"},{"taxonomy":"product_tag","embeddable":true,"href":"https:\/\/miumjau.ee\/fi\/wp-json\/wp\/v2\/product_tag?post=27558"}],"curies":[{"name":"wp","href":"https:\/\/api.w.org\/{rel}","templated":true}]}}