{"id":27556,"date":"2024-11-18T10:40:26","date_gmt":"2024-11-18T08:40:26","guid":{"rendered":"https:\/\/miumjau.ee\/toode\/applaws-kissan-kuivaruoka-kana-ja-lohi-0-4kg\/"},"modified":"2026-01-07T22:58:14","modified_gmt":"2026-01-07T20:58:14","slug":"applaws-kissan-kuivaruoka-kana-ja-lohi-0-4kg","status":"publish","type":"product","link":"https:\/\/miumjau.ee\/fi\/tuote\/applaws-kissan-kuivaruoka-kana-ja-lohi-0-4kg\/","title":{"rendered":"Applaws kissan kuivaruoka Kana ja Lohi 0.4kg"},"content":{"rendered":"","protected":false},"excerpt":{"rendered":"<p>Kanaa ja lammasta sis\u00e4lt\u00e4v\u00e4 kuivaruoka aikuisille kissoille. Sopii my\u00f6s steriloiduille\/steriloiduille kissoille. Applawsin kuivaruoka on hypoallergeenista. Viljaton resepti. Valmistettu v\u00e4hint\u00e4\u00e4n 80 % el\u00e4inproteiinista.<\/p>\n<p>Suositeltu p\u00e4iv\u00e4annos ja k\u00e4ytt\u00f6ohjeet<br \/>\nRuokinta-ohjeet: katso pakkaus. M\u00e4\u00e4r\u00e4t voivat vaihdella el\u00e4imen koon, i\u00e4n ja aktiivisuustason mukaan. Kun ruokit ensimm\u00e4isen kerran, siirry uuteen ruokaan asteittain 7-10 p\u00e4iv\u00e4n kuluessa. Tuoretta juomavett\u00e4 on oltava aina saatavilla. Tarjoile ruoka kuivana. Varastointi: kuivassa ja viile\u00e4ss\u00e4 paikassa.<\/p>\n<p>Luettelo ainesosista<br \/>\nAinesosat: Kanajauho 40%, perunat*, lohi 9,5% (tuore lohi* 5,5%, lohijauho 4%), siipikarjan rasva 8%, vitamiinit ja kivenn\u00e4isaineet, juurikasmassa*, siipikarjakastike 1,5%, lohi\u00f6ljy 0,5%, kananmunajauhe*, kuivattu oluttuuute*, chicohiiva*0 schidigera-uute*, karpalojauhe. * Luonnolliset ainesosat.<\/p>\n<p>Lis\u00e4tyt rehun lis\u00e4aineet (1 kg): Vitamiinit: A-vitamiini 29000IU, D3-vitamiini 1000IU, E-vitamiini 640mg, tauriini 1000mg. Aminohapot: DL-metioniini 250 mg. Hivenaineet: jodi (vedet\u00f6n kalsiumjodidi) 1 mg, rauta (rautasulfaattimonohydraatti) 50 mg, sinkki (sinkkisulfaattimonohydraatti) 100 mg, mangaani (mangaanioksidi) 50 mg, kupari (kuparisulfaattipentahydraatti) Teknologiset lis\u00e4aineet: koferoliuute. Paakkuuntumisenestoaineet: sepioliitti 300 mg. Sensoriset lis\u00e4aineet: rosmariiniuute.<\/p>\n<p>Analyyttinen koostumus: raakaproteiini 36,5 %, raakakuitu 1,5 %, raakarasva 16 %, raakatuhka 8 %, omega-6 3,2 %, omega-3 0,6 %, kalsium 2,1 %, fosfori 1,2 %. Energiasis\u00e4lt\u00f6 100g\/404,4kcal<\/p>\n","protected":false},"featured_media":24365,"template":"","meta":[],"product_brand":[],"product_cat":[255],"product_tag":[],"class_list":{"0":"post-27556","1":"product","2":"type-product","3":"status-publish","4":"has-post-thumbnail","6":"product_cat-kuiva-ruoka","8":"first","9":"outofstock","10":"taxable","11":"shipping-taxable","12":"purchasable","13":"product-type-simple"},"yoast_head":"<!-- This site is optimized with the Yoast SEO plugin v27.4 - https:\/\/yoast.com\/product\/yoast-seo-wordpress\/ -->\n<title>Applaws kissan kuivaruoka Kana ja Lohi 0.4kg - MiuMjau<\/title>\n<meta name=\"description\" content=\"Kanaa ja lohi masta sis\u00e4lt\u00e4v\u00e4 t\u00e4ysravinto aikuisille kissoille. Sopii my\u00f6s steriloiduille kissoille. Hypoallergeeninen ruoka!\" \/>\n<meta name=\"robots\" content=\"index, follow, max-snippet:-1, max-image-preview:large, max-video-preview:-1\" \/>\n<link rel=\"canonical\" href=\"https:\/\/miumjau.ee\/fi\/tuote\/applaws-kissan-kuivaruoka-kana-ja-lohi-0-4kg\/\" \/>\n<meta property=\"og:locale\" content=\"fi_FI\" \/>\n<meta property=\"og:type\" content=\"article\" \/>\n<meta property=\"og:title\" content=\"Applaws kissan kuivaruoka Kana ja Lohi 0.4kg - MiuMjau\" \/>\n<meta property=\"og:description\" content=\"Kanaa ja lohi masta sis\u00e4lt\u00e4v\u00e4 t\u00e4ysravinto aikuisille kissoille. Sopii my\u00f6s steriloiduille kissoille. Hypoallergeeninen ruoka!\" \/>\n<meta property=\"og:url\" content=\"https:\/\/miumjau.ee\/fi\/tuote\/applaws-kissan-kuivaruoka-kana-ja-lohi-0-4kg\/\" \/>\n<meta property=\"og:site_name\" content=\"MiuMjau\" \/>\n<meta property=\"article:publisher\" content=\"https:\/\/www.facebook.com\/miumjaupood\/\" \/>\n<meta property=\"article:modified_time\" content=\"2026-01-07T20:58:14+00:00\" \/>\n<meta property=\"og:image\" content=\"https:\/\/miumjau.ee\/wp-content\/uploads\/2024\/11\/applaws-chicken-salmon-adult-2kg.jpg\" \/>\n\t<meta property=\"og:image:width\" content=\"600\" \/>\n\t<meta property=\"og:image:height\" content=\"800\" \/>\n\t<meta property=\"og:image:type\" content=\"image\/jpeg\" \/>\n<meta name=\"twitter:card\" content=\"summary_large_image\" \/>\n<script type=\"application\/ld+json\" class=\"yoast-schema-graph\">{\"@context\":\"https:\\\/\\\/schema.org\",\"@graph\":[{\"@type\":\"WebPage\",\"@id\":\"https:\\\/\\\/miumjau.ee\\\/fi\\\/tuote\\\/applaws-kissan-kuivaruoka-kana-ja-lohi-0-4kg\\\/\",\"url\":\"https:\\\/\\\/miumjau.ee\\\/fi\\\/tuote\\\/applaws-kissan-kuivaruoka-kana-ja-lohi-0-4kg\\\/\",\"name\":\"Applaws kissan kuivaruoka Kana ja Lohi 0.4kg - MiuMjau\",\"isPartOf\":{\"@id\":\"https:\\\/\\\/miumjau.ee\\\/#website\"},\"primaryImageOfPage\":{\"@id\":\"https:\\\/\\\/miumjau.ee\\\/fi\\\/tuote\\\/applaws-kissan-kuivaruoka-kana-ja-lohi-0-4kg\\\/#primaryimage\"},\"image\":{\"@id\":\"https:\\\/\\\/miumjau.ee\\\/fi\\\/tuote\\\/applaws-kissan-kuivaruoka-kana-ja-lohi-0-4kg\\\/#primaryimage\"},\"thumbnailUrl\":\"https:\\\/\\\/miumjau.ee\\\/wp-content\\\/uploads\\\/2024\\\/11\\\/applaws-chicken-salmon-adult-2kg.jpg\",\"datePublished\":\"2024-11-18T08:40:26+00:00\",\"dateModified\":\"2026-01-07T20:58:14+00:00\",\"description\":\"Kanaa ja lohi masta sis\u00e4lt\u00e4v\u00e4 t\u00e4ysravinto aikuisille kissoille. Sopii my\u00f6s steriloiduille kissoille. Hypoallergeeninen ruoka!\",\"breadcrumb\":{\"@id\":\"https:\\\/\\\/miumjau.ee\\\/fi\\\/tuote\\\/applaws-kissan-kuivaruoka-kana-ja-lohi-0-4kg\\\/#breadcrumb\"},\"inLanguage\":\"fi\",\"potentialAction\":[{\"@type\":\"ReadAction\",\"target\":[\"https:\\\/\\\/miumjau.ee\\\/fi\\\/tuote\\\/applaws-kissan-kuivaruoka-kana-ja-lohi-0-4kg\\\/\"]}]},{\"@type\":\"ImageObject\",\"inLanguage\":\"fi\",\"@id\":\"https:\\\/\\\/miumjau.ee\\\/fi\\\/tuote\\\/applaws-kissan-kuivaruoka-kana-ja-lohi-0-4kg\\\/#primaryimage\",\"url\":\"https:\\\/\\\/miumjau.ee\\\/wp-content\\\/uploads\\\/2024\\\/11\\\/applaws-chicken-salmon-adult-2kg.jpg\",\"contentUrl\":\"https:\\\/\\\/miumjau.ee\\\/wp-content\\\/uploads\\\/2024\\\/11\\\/applaws-chicken-salmon-adult-2kg.jpg\",\"width\":600,\"height\":800,\"caption\":\"Applaws kassi t\u00e4iss\u00f6\u00f6t kana ja l\u00f5hega 2 kg\"},{\"@type\":\"BreadcrumbList\",\"@id\":\"https:\\\/\\\/miumjau.ee\\\/fi\\\/tuote\\\/applaws-kissan-kuivaruoka-kana-ja-lohi-0-4kg\\\/#breadcrumb\",\"itemListElement\":[{\"@type\":\"ListItem\",\"position\":1,\"name\":\"Home\",\"item\":\"https:\\\/\\\/miumjau.ee\\\/fi\\\/\"},{\"@type\":\"ListItem\",\"position\":2,\"name\":\"Kauppa\",\"item\":\"https:\\\/\\\/miumjau.ee\\\/fi\\\/kauppa\\\/\"},{\"@type\":\"ListItem\",\"position\":3,\"name\":\"Applaws kissan kuivaruoka Kana ja Lohi 0.4kg\"}]},{\"@type\":\"WebSite\",\"@id\":\"https:\\\/\\\/miumjau.ee\\\/#website\",\"url\":\"https:\\\/\\\/miumjau.ee\\\/\",\"name\":\"MiuMjau\",\"description\":\"Kraapimispuud kassidele\",\"publisher\":{\"@id\":\"https:\\\/\\\/miumjau.ee\\\/#organization\"},\"potentialAction\":[{\"@type\":\"SearchAction\",\"target\":{\"@type\":\"EntryPoint\",\"urlTemplate\":\"https:\\\/\\\/miumjau.ee\\\/?s={search_term_string}\"},\"query-input\":{\"@type\":\"PropertyValueSpecification\",\"valueRequired\":true,\"valueName\":\"search_term_string\"}}],\"inLanguage\":\"fi\"},{\"@type\":\"Organization\",\"@id\":\"https:\\\/\\\/miumjau.ee\\\/#organization\",\"name\":\"MiuMjau O\u00dc\",\"url\":\"https:\\\/\\\/miumjau.ee\\\/\",\"logo\":{\"@type\":\"ImageObject\",\"inLanguage\":\"fi\",\"@id\":\"https:\\\/\\\/miumjau.ee\\\/#\\\/schema\\\/logo\\\/image\\\/\",\"url\":\"https:\\\/\\\/miumjau.ee\\\/wp-content\\\/uploads\\\/2022\\\/04\\\/MiuMjau-logo-kollane.png\",\"contentUrl\":\"https:\\\/\\\/miumjau.ee\\\/wp-content\\\/uploads\\\/2022\\\/04\\\/MiuMjau-logo-kollane.png\",\"width\":219,\"height\":100,\"caption\":\"MiuMjau O\u00dc\"},\"image\":{\"@id\":\"https:\\\/\\\/miumjau.ee\\\/#\\\/schema\\\/logo\\\/image\\\/\"},\"sameAs\":[\"https:\\\/\\\/www.facebook.com\\\/miumjaupood\\\/\"]}]}<\/script>\n<!-- \/ Yoast SEO plugin. -->","yoast_head_json":{"title":"Applaws kissan kuivaruoka Kana ja Lohi 0.4kg - MiuMjau","description":"Kanaa ja lohi masta sis\u00e4lt\u00e4v\u00e4 t\u00e4ysravinto aikuisille kissoille. Sopii my\u00f6s steriloiduille kissoille. Hypoallergeeninen ruoka!","robots":{"index":"index","follow":"follow","max-snippet":"max-snippet:-1","max-image-preview":"max-image-preview:large","max-video-preview":"max-video-preview:-1"},"canonical":"https:\/\/miumjau.ee\/fi\/tuote\/applaws-kissan-kuivaruoka-kana-ja-lohi-0-4kg\/","og_locale":"fi_FI","og_type":"article","og_title":"Applaws kissan kuivaruoka Kana ja Lohi 0.4kg - MiuMjau","og_description":"Kanaa ja lohi masta sis\u00e4lt\u00e4v\u00e4 t\u00e4ysravinto aikuisille kissoille. Sopii my\u00f6s steriloiduille kissoille. Hypoallergeeninen ruoka!","og_url":"https:\/\/miumjau.ee\/fi\/tuote\/applaws-kissan-kuivaruoka-kana-ja-lohi-0-4kg\/","og_site_name":"MiuMjau","article_publisher":"https:\/\/www.facebook.com\/miumjaupood\/","article_modified_time":"2026-01-07T20:58:14+00:00","og_image":[{"width":600,"height":800,"url":"https:\/\/miumjau.ee\/wp-content\/uploads\/2024\/11\/applaws-chicken-salmon-adult-2kg.jpg","type":"image\/jpeg"}],"twitter_card":"summary_large_image","schema":{"@context":"https:\/\/schema.org","@graph":[{"@type":"WebPage","@id":"https:\/\/miumjau.ee\/fi\/tuote\/applaws-kissan-kuivaruoka-kana-ja-lohi-0-4kg\/","url":"https:\/\/miumjau.ee\/fi\/tuote\/applaws-kissan-kuivaruoka-kana-ja-lohi-0-4kg\/","name":"Applaws kissan kuivaruoka Kana ja Lohi 0.4kg - MiuMjau","isPartOf":{"@id":"https:\/\/miumjau.ee\/#website"},"primaryImageOfPage":{"@id":"https:\/\/miumjau.ee\/fi\/tuote\/applaws-kissan-kuivaruoka-kana-ja-lohi-0-4kg\/#primaryimage"},"image":{"@id":"https:\/\/miumjau.ee\/fi\/tuote\/applaws-kissan-kuivaruoka-kana-ja-lohi-0-4kg\/#primaryimage"},"thumbnailUrl":"https:\/\/miumjau.ee\/wp-content\/uploads\/2024\/11\/applaws-chicken-salmon-adult-2kg.jpg","datePublished":"2024-11-18T08:40:26+00:00","dateModified":"2026-01-07T20:58:14+00:00","description":"Kanaa ja lohi masta sis\u00e4lt\u00e4v\u00e4 t\u00e4ysravinto aikuisille kissoille. Sopii my\u00f6s steriloiduille kissoille. Hypoallergeeninen ruoka!","breadcrumb":{"@id":"https:\/\/miumjau.ee\/fi\/tuote\/applaws-kissan-kuivaruoka-kana-ja-lohi-0-4kg\/#breadcrumb"},"inLanguage":"fi","potentialAction":[{"@type":"ReadAction","target":["https:\/\/miumjau.ee\/fi\/tuote\/applaws-kissan-kuivaruoka-kana-ja-lohi-0-4kg\/"]}]},{"@type":"ImageObject","inLanguage":"fi","@id":"https:\/\/miumjau.ee\/fi\/tuote\/applaws-kissan-kuivaruoka-kana-ja-lohi-0-4kg\/#primaryimage","url":"https:\/\/miumjau.ee\/wp-content\/uploads\/2024\/11\/applaws-chicken-salmon-adult-2kg.jpg","contentUrl":"https:\/\/miumjau.ee\/wp-content\/uploads\/2024\/11\/applaws-chicken-salmon-adult-2kg.jpg","width":600,"height":800,"caption":"Applaws kassi t\u00e4iss\u00f6\u00f6t kana ja l\u00f5hega 2 kg"},{"@type":"BreadcrumbList","@id":"https:\/\/miumjau.ee\/fi\/tuote\/applaws-kissan-kuivaruoka-kana-ja-lohi-0-4kg\/#breadcrumb","itemListElement":[{"@type":"ListItem","position":1,"name":"Home","item":"https:\/\/miumjau.ee\/fi\/"},{"@type":"ListItem","position":2,"name":"Kauppa","item":"https:\/\/miumjau.ee\/fi\/kauppa\/"},{"@type":"ListItem","position":3,"name":"Applaws kissan kuivaruoka Kana ja Lohi 0.4kg"}]},{"@type":"WebSite","@id":"https:\/\/miumjau.ee\/#website","url":"https:\/\/miumjau.ee\/","name":"MiuMjau","description":"Kraapimispuud kassidele","publisher":{"@id":"https:\/\/miumjau.ee\/#organization"},"potentialAction":[{"@type":"SearchAction","target":{"@type":"EntryPoint","urlTemplate":"https:\/\/miumjau.ee\/?s={search_term_string}"},"query-input":{"@type":"PropertyValueSpecification","valueRequired":true,"valueName":"search_term_string"}}],"inLanguage":"fi"},{"@type":"Organization","@id":"https:\/\/miumjau.ee\/#organization","name":"MiuMjau O\u00dc","url":"https:\/\/miumjau.ee\/","logo":{"@type":"ImageObject","inLanguage":"fi","@id":"https:\/\/miumjau.ee\/#\/schema\/logo\/image\/","url":"https:\/\/miumjau.ee\/wp-content\/uploads\/2022\/04\/MiuMjau-logo-kollane.png","contentUrl":"https:\/\/miumjau.ee\/wp-content\/uploads\/2022\/04\/MiuMjau-logo-kollane.png","width":219,"height":100,"caption":"MiuMjau O\u00dc"},"image":{"@id":"https:\/\/miumjau.ee\/#\/schema\/logo\/image\/"},"sameAs":["https:\/\/www.facebook.com\/miumjaupood\/"]}]}},"_links":{"self":[{"href":"https:\/\/miumjau.ee\/fi\/wp-json\/wp\/v2\/product\/27556","targetHints":{"allow":["GET"]}}],"collection":[{"href":"https:\/\/miumjau.ee\/fi\/wp-json\/wp\/v2\/product"}],"about":[{"href":"https:\/\/miumjau.ee\/fi\/wp-json\/wp\/v2\/types\/product"}],"wp:featuredmedia":[{"embeddable":true,"href":"https:\/\/miumjau.ee\/fi\/wp-json\/wp\/v2\/media\/24365"}],"wp:attachment":[{"href":"https:\/\/miumjau.ee\/fi\/wp-json\/wp\/v2\/media?parent=27556"}],"wp:term":[{"taxonomy":"product_brand","embeddable":true,"href":"https:\/\/miumjau.ee\/fi\/wp-json\/wp\/v2\/product_brand?post=27556"},{"taxonomy":"product_cat","embeddable":true,"href":"https:\/\/miumjau.ee\/fi\/wp-json\/wp\/v2\/product_cat?post=27556"},{"taxonomy":"product_tag","embeddable":true,"href":"https:\/\/miumjau.ee\/fi\/wp-json\/wp\/v2\/product_tag?post=27556"}],"curies":[{"name":"wp","href":"https:\/\/api.w.org\/{rel}","templated":true}]}}