{"id":27355,"date":"2025-01-11T14:48:59","date_gmt":"2025-01-11T12:48:59","guid":{"rendered":"https:\/\/miumjau.ee\/toode\/applaws-kalaa-lajitelma-kissojen-markaruoka-12x70g\/"},"modified":"2026-01-07T22:58:35","modified_gmt":"2026-01-07T20:58:35","slug":"applaws-kalaa-lajitelma-kissojen-markaruoka-12x70g","status":"publish","type":"product","link":"https:\/\/miumjau.ee\/fi\/tuote\/applaws-kalaa-lajitelma-kissojen-markaruoka-12x70g\/","title":{"rendered":"Applaws Kalaa Lajitelma kissojen m\u00e4rk\u00e4ruoka 12x70g"},"content":{"rendered":"","protected":false},"excerpt":{"rendered":"<p>Applaws-purkkiruokasarja aikuisille kissoille.<\/p>\n<p>Sarja sis\u00e4lt\u00e4\u00e4 12 x 70 g t\u00f6lkit: 3 x makrillin ja sardiinien kanssa; 3 x valtameren kalojen kanssa; 3 x tonnikalan ja katkarapujen kanssa; 3 x tonnikalafileit\u00e4.<\/p>\n<p><strong>Suositeltu p\u00e4iv\u00e4annos ja k\u00e4ytt\u00f6ohjeet<\/strong><br \/>\nKatso pakkaus. Tuoretta juomavett\u00e4 on oltava aina saatavilla.<\/p>\n<p><strong>Luettelo ainesosista<\/strong><br \/>\nMakrillin ja sardiinin kanssa: makrilli, sardiini, kalaliemi, riisi. Analyyttinen koostumus: raakaproteiini 16 %, raakakuitu 0,5 %, raaka\u00f6ljyt ja -rasvat 6,5 %, raakatuhka 1,5 %, kosteus 75 %.<br \/>\nMeren kalas\u00e4ilykkeet: makrilli, tonnikalafilee, kalaliemi, riisi. Analyyttinen koostumus: raakaproteiini 12 %, raakakuitu 1 %, raaka\u00f6ljyt ja -rasvat 1 %, raakatuhka 3 %, kosteus 83 %.<br \/>\nTonnikalas\u00e4ilykkeet ja katkaravut: tonnikalafilee, kalaliemi, katkarapu, riisi. Analyyttinen koostumus: raakaproteiini 14%, raaka\u00f6ljyt ja -rasvat 1%, raakatuhka 2%, raakakuitu 1%, kosteus 82%.<br \/>\nS\u00e4ilykkeet tonnikalafileet: tonnikalafilee, kalaliemi, riisi. Analyyttinen koostumus: raakaproteiini 14%, raaka\u00f6ljyt ja -rasvat 1%, raakatuhka 2%, raakakuitu 2%, kosteus 82.<\/p>\n<p><strong>Varastointiolosuhteet<\/strong> Parasta ennen ja er\u00e4: katso pakkaus.<\/p>\n<p><strong>Nettom\u00e4\u00e4r\u00e4<\/strong> 12 x 70 g<\/p>\n","protected":false},"featured_media":26049,"template":"","meta":[],"product_brand":[],"product_cat":[264],"product_tag":[],"class_list":{"0":"post-27355","1":"product","2":"type-product","3":"status-publish","4":"has-post-thumbnail","6":"product_cat-marka-ruoka","8":"first","9":"instock","10":"taxable","11":"shipping-taxable","12":"purchasable","13":"product-type-simple"},"yoast_head":"<!-- This site is optimized with the Yoast SEO plugin v27.4 - https:\/\/yoast.com\/product\/yoast-seo-wordpress\/ -->\n<title>Applaws Kalaa Lajitelma kissojen m\u00e4rk\u00e4ruoka 12x70g - MiuMjau<\/title>\n<meta name=\"description\" content=\"Applaws-s\u00e4ilykkeet ovat todella maukkaita ja hyvi\u00e4. Ilahduta kissaasi erilaisilla mauilla kokeillaksesi erilaisia \u200b\u200btekstuureja ja makuja.\" \/>\n<meta name=\"robots\" content=\"index, follow, max-snippet:-1, max-image-preview:large, max-video-preview:-1\" \/>\n<link rel=\"canonical\" href=\"https:\/\/miumjau.ee\/ru\/tuote\/applaws-\u043d\u0430\u0431\u043e\u0440-\u043a\u043e\u043d\u0441\u0435\u0440\u0432\u043e\u0432-\u0434\u043b\u044f-\u043a\u043e\u0448\u0435\u043a-\u0441-\u0440\u044b\u0431\u043e\u0439-12x70-\u0433\/\" \/>\n<meta property=\"og:locale\" content=\"fi_FI\" \/>\n<meta property=\"og:type\" content=\"article\" \/>\n<meta property=\"og:title\" content=\"Applaws Kalaa Lajitelma kissojen m\u00e4rk\u00e4ruoka 12x70g - MiuMjau\" \/>\n<meta property=\"og:description\" content=\"Applaws-s\u00e4ilykkeet ovat todella maukkaita ja hyvi\u00e4. Ilahduta kissaasi erilaisilla mauilla kokeillaksesi erilaisia \u200b\u200btekstuureja ja makuja.\" \/>\n<meta property=\"og:url\" content=\"https:\/\/miumjau.ee\/ru\/tuote\/applaws-\u043d\u0430\u0431\u043e\u0440-\u043a\u043e\u043d\u0441\u0435\u0440\u0432\u043e\u0432-\u0434\u043b\u044f-\u043a\u043e\u0448\u0435\u043a-\u0441-\u0440\u044b\u0431\u043e\u0439-12x70-\u0433\/\" \/>\n<meta property=\"og:site_name\" content=\"MiuMjau\" \/>\n<meta property=\"article:publisher\" content=\"https:\/\/www.facebook.com\/miumjaupood\/\" \/>\n<meta property=\"article:modified_time\" content=\"2026-01-07T20:58:35+00:00\" \/>\n<meta property=\"og:image\" content=\"https:\/\/miumjau.ee\/wp-content\/uploads\/2025\/01\/applaws-konservide-valikpakk-kassile3.jpg\" \/>\n\t<meta property=\"og:image:width\" content=\"600\" \/>\n\t<meta property=\"og:image:height\" content=\"800\" \/>\n\t<meta property=\"og:image:type\" content=\"image\/jpeg\" \/>\n<meta name=\"twitter:card\" content=\"summary_large_image\" \/>\n<script type=\"application\/ld+json\" class=\"yoast-schema-graph\">{\"@context\":\"https:\\\/\\\/schema.org\",\"@graph\":[{\"@type\":\"WebPage\",\"@id\":\"https:\\\/\\\/miumjau.ee\\\/ru\\\/tuote\\\/applaws-%d0%bd%d0%b0%d0%b1%d0%be%d1%80-%d0%ba%d0%be%d0%bd%d1%81%d0%b5%d1%80%d0%b2%d0%be%d0%b2-%d0%b4%d0%bb%d1%8f-%d0%ba%d0%be%d1%88%d0%b5%d0%ba-%d1%81-%d1%80%d1%8b%d0%b1%d0%be%d0%b9-12x70-%d0%b3\\\/\",\"url\":\"https:\\\/\\\/miumjau.ee\\\/ru\\\/tuote\\\/applaws-%d0%bd%d0%b0%d0%b1%d0%be%d1%80-%d0%ba%d0%be%d0%bd%d1%81%d0%b5%d1%80%d0%b2%d0%be%d0%b2-%d0%b4%d0%bb%d1%8f-%d0%ba%d0%be%d1%88%d0%b5%d0%ba-%d1%81-%d1%80%d1%8b%d0%b1%d0%be%d0%b9-12x70-%d0%b3\\\/\",\"name\":\"Applaws Kalaa Lajitelma kissojen m\u00e4rk\u00e4ruoka 12x70g - MiuMjau\",\"isPartOf\":{\"@id\":\"https:\\\/\\\/miumjau.ee\\\/#website\"},\"primaryImageOfPage\":{\"@id\":\"https:\\\/\\\/miumjau.ee\\\/ru\\\/tuote\\\/applaws-%d0%bd%d0%b0%d0%b1%d0%be%d1%80-%d0%ba%d0%be%d0%bd%d1%81%d0%b5%d1%80%d0%b2%d0%be%d0%b2-%d0%b4%d0%bb%d1%8f-%d0%ba%d0%be%d1%88%d0%b5%d0%ba-%d1%81-%d1%80%d1%8b%d0%b1%d0%be%d0%b9-12x70-%d0%b3\\\/#primaryimage\"},\"image\":{\"@id\":\"https:\\\/\\\/miumjau.ee\\\/ru\\\/tuote\\\/applaws-%d0%bd%d0%b0%d0%b1%d0%be%d1%80-%d0%ba%d0%be%d0%bd%d1%81%d0%b5%d1%80%d0%b2%d0%be%d0%b2-%d0%b4%d0%bb%d1%8f-%d0%ba%d0%be%d1%88%d0%b5%d0%ba-%d1%81-%d1%80%d1%8b%d0%b1%d0%be%d0%b9-12x70-%d0%b3\\\/#primaryimage\"},\"thumbnailUrl\":\"https:\\\/\\\/miumjau.ee\\\/wp-content\\\/uploads\\\/2025\\\/01\\\/applaws-konservide-valikpakk-kassile3.jpg\",\"datePublished\":\"2025-01-11T12:48:59+00:00\",\"dateModified\":\"2026-01-07T20:58:35+00:00\",\"description\":\"Applaws-s\u00e4ilykkeet ovat todella maukkaita ja hyvi\u00e4. Ilahduta kissaasi erilaisilla mauilla kokeillaksesi erilaisia \u200b\u200btekstuureja ja makuja.\",\"breadcrumb\":{\"@id\":\"https:\\\/\\\/miumjau.ee\\\/ru\\\/tuote\\\/applaws-%d0%bd%d0%b0%d0%b1%d0%be%d1%80-%d0%ba%d0%be%d0%bd%d1%81%d0%b5%d1%80%d0%b2%d0%be%d0%b2-%d0%b4%d0%bb%d1%8f-%d0%ba%d0%be%d1%88%d0%b5%d0%ba-%d1%81-%d1%80%d1%8b%d0%b1%d0%be%d0%b9-12x70-%d0%b3\\\/#breadcrumb\"},\"inLanguage\":\"fi\",\"potentialAction\":[{\"@type\":\"ReadAction\",\"target\":[\"https:\\\/\\\/miumjau.ee\\\/ru\\\/tuote\\\/applaws-%d0%bd%d0%b0%d0%b1%d0%be%d1%80-%d0%ba%d0%be%d0%bd%d1%81%d0%b5%d1%80%d0%b2%d0%be%d0%b2-%d0%b4%d0%bb%d1%8f-%d0%ba%d0%be%d1%88%d0%b5%d0%ba-%d1%81-%d1%80%d1%8b%d0%b1%d0%be%d0%b9-12x70-%d0%b3\\\/\"]}]},{\"@type\":\"ImageObject\",\"inLanguage\":\"fi\",\"@id\":\"https:\\\/\\\/miumjau.ee\\\/ru\\\/tuote\\\/applaws-%d0%bd%d0%b0%d0%b1%d0%be%d1%80-%d0%ba%d0%be%d0%bd%d1%81%d0%b5%d1%80%d0%b2%d0%be%d0%b2-%d0%b4%d0%bb%d1%8f-%d0%ba%d0%be%d1%88%d0%b5%d0%ba-%d1%81-%d1%80%d1%8b%d0%b1%d0%be%d0%b9-12x70-%d0%b3\\\/#primaryimage\",\"url\":\"https:\\\/\\\/miumjau.ee\\\/wp-content\\\/uploads\\\/2025\\\/01\\\/applaws-konservide-valikpakk-kassile3.jpg\",\"contentUrl\":\"https:\\\/\\\/miumjau.ee\\\/wp-content\\\/uploads\\\/2025\\\/01\\\/applaws-konservide-valikpakk-kassile3.jpg\",\"width\":600,\"height\":800,\"caption\":\"Applaws valikpakk kassile\"},{\"@type\":\"BreadcrumbList\",\"@id\":\"https:\\\/\\\/miumjau.ee\\\/ru\\\/tuote\\\/applaws-%d0%bd%d0%b0%d0%b1%d0%be%d1%80-%d0%ba%d0%be%d0%bd%d1%81%d0%b5%d1%80%d0%b2%d0%be%d0%b2-%d0%b4%d0%bb%d1%8f-%d0%ba%d0%be%d1%88%d0%b5%d0%ba-%d1%81-%d1%80%d1%8b%d0%b1%d0%be%d0%b9-12x70-%d0%b3\\\/#breadcrumb\",\"itemListElement\":[{\"@type\":\"ListItem\",\"position\":1,\"name\":\"Home\",\"item\":\"https:\\\/\\\/miumjau.ee\\\/fi\\\/\"},{\"@type\":\"ListItem\",\"position\":2,\"name\":\"Kauppa\",\"item\":\"https:\\\/\\\/miumjau.ee\\\/fi\\\/kauppa\\\/\"},{\"@type\":\"ListItem\",\"position\":3,\"name\":\"Applaws Kalaa Lajitelma kissojen m\u00e4rk\u00e4ruoka 12x70g\"}]},{\"@type\":\"WebSite\",\"@id\":\"https:\\\/\\\/miumjau.ee\\\/#website\",\"url\":\"https:\\\/\\\/miumjau.ee\\\/\",\"name\":\"MiuMjau\",\"description\":\"Kraapimispuud kassidele\",\"publisher\":{\"@id\":\"https:\\\/\\\/miumjau.ee\\\/#organization\"},\"potentialAction\":[{\"@type\":\"SearchAction\",\"target\":{\"@type\":\"EntryPoint\",\"urlTemplate\":\"https:\\\/\\\/miumjau.ee\\\/?s={search_term_string}\"},\"query-input\":{\"@type\":\"PropertyValueSpecification\",\"valueRequired\":true,\"valueName\":\"search_term_string\"}}],\"inLanguage\":\"fi\"},{\"@type\":\"Organization\",\"@id\":\"https:\\\/\\\/miumjau.ee\\\/#organization\",\"name\":\"MiuMjau O\u00dc\",\"url\":\"https:\\\/\\\/miumjau.ee\\\/\",\"logo\":{\"@type\":\"ImageObject\",\"inLanguage\":\"fi\",\"@id\":\"https:\\\/\\\/miumjau.ee\\\/#\\\/schema\\\/logo\\\/image\\\/\",\"url\":\"https:\\\/\\\/miumjau.ee\\\/wp-content\\\/uploads\\\/2022\\\/04\\\/MiuMjau-logo-kollane.png\",\"contentUrl\":\"https:\\\/\\\/miumjau.ee\\\/wp-content\\\/uploads\\\/2022\\\/04\\\/MiuMjau-logo-kollane.png\",\"width\":219,\"height\":100,\"caption\":\"MiuMjau O\u00dc\"},\"image\":{\"@id\":\"https:\\\/\\\/miumjau.ee\\\/#\\\/schema\\\/logo\\\/image\\\/\"},\"sameAs\":[\"https:\\\/\\\/www.facebook.com\\\/miumjaupood\\\/\"]}]}<\/script>\n<!-- \/ Yoast SEO plugin. -->","yoast_head_json":{"title":"Applaws Kalaa Lajitelma kissojen m\u00e4rk\u00e4ruoka 12x70g - MiuMjau","description":"Applaws-s\u00e4ilykkeet ovat todella maukkaita ja hyvi\u00e4. Ilahduta kissaasi erilaisilla mauilla kokeillaksesi erilaisia \u200b\u200btekstuureja ja makuja.","robots":{"index":"index","follow":"follow","max-snippet":"max-snippet:-1","max-image-preview":"max-image-preview:large","max-video-preview":"max-video-preview:-1"},"canonical":"https:\/\/miumjau.ee\/ru\/tuote\/applaws-\u043d\u0430\u0431\u043e\u0440-\u043a\u043e\u043d\u0441\u0435\u0440\u0432\u043e\u0432-\u0434\u043b\u044f-\u043a\u043e\u0448\u0435\u043a-\u0441-\u0440\u044b\u0431\u043e\u0439-12x70-\u0433\/","og_locale":"fi_FI","og_type":"article","og_title":"Applaws Kalaa Lajitelma kissojen m\u00e4rk\u00e4ruoka 12x70g - MiuMjau","og_description":"Applaws-s\u00e4ilykkeet ovat todella maukkaita ja hyvi\u00e4. Ilahduta kissaasi erilaisilla mauilla kokeillaksesi erilaisia \u200b\u200btekstuureja ja makuja.","og_url":"https:\/\/miumjau.ee\/ru\/tuote\/applaws-\u043d\u0430\u0431\u043e\u0440-\u043a\u043e\u043d\u0441\u0435\u0440\u0432\u043e\u0432-\u0434\u043b\u044f-\u043a\u043e\u0448\u0435\u043a-\u0441-\u0440\u044b\u0431\u043e\u0439-12x70-\u0433\/","og_site_name":"MiuMjau","article_publisher":"https:\/\/www.facebook.com\/miumjaupood\/","article_modified_time":"2026-01-07T20:58:35+00:00","og_image":[{"width":600,"height":800,"url":"https:\/\/miumjau.ee\/wp-content\/uploads\/2025\/01\/applaws-konservide-valikpakk-kassile3.jpg","type":"image\/jpeg"}],"twitter_card":"summary_large_image","schema":{"@context":"https:\/\/schema.org","@graph":[{"@type":"WebPage","@id":"https:\/\/miumjau.ee\/ru\/tuote\/applaws-%d0%bd%d0%b0%d0%b1%d0%be%d1%80-%d0%ba%d0%be%d0%bd%d1%81%d0%b5%d1%80%d0%b2%d0%be%d0%b2-%d0%b4%d0%bb%d1%8f-%d0%ba%d0%be%d1%88%d0%b5%d0%ba-%d1%81-%d1%80%d1%8b%d0%b1%d0%be%d0%b9-12x70-%d0%b3\/","url":"https:\/\/miumjau.ee\/ru\/tuote\/applaws-%d0%bd%d0%b0%d0%b1%d0%be%d1%80-%d0%ba%d0%be%d0%bd%d1%81%d0%b5%d1%80%d0%b2%d0%be%d0%b2-%d0%b4%d0%bb%d1%8f-%d0%ba%d0%be%d1%88%d0%b5%d0%ba-%d1%81-%d1%80%d1%8b%d0%b1%d0%be%d0%b9-12x70-%d0%b3\/","name":"Applaws Kalaa Lajitelma kissojen m\u00e4rk\u00e4ruoka 12x70g - MiuMjau","isPartOf":{"@id":"https:\/\/miumjau.ee\/#website"},"primaryImageOfPage":{"@id":"https:\/\/miumjau.ee\/ru\/tuote\/applaws-%d0%bd%d0%b0%d0%b1%d0%be%d1%80-%d0%ba%d0%be%d0%bd%d1%81%d0%b5%d1%80%d0%b2%d0%be%d0%b2-%d0%b4%d0%bb%d1%8f-%d0%ba%d0%be%d1%88%d0%b5%d0%ba-%d1%81-%d1%80%d1%8b%d0%b1%d0%be%d0%b9-12x70-%d0%b3\/#primaryimage"},"image":{"@id":"https:\/\/miumjau.ee\/ru\/tuote\/applaws-%d0%bd%d0%b0%d0%b1%d0%be%d1%80-%d0%ba%d0%be%d0%bd%d1%81%d0%b5%d1%80%d0%b2%d0%be%d0%b2-%d0%b4%d0%bb%d1%8f-%d0%ba%d0%be%d1%88%d0%b5%d0%ba-%d1%81-%d1%80%d1%8b%d0%b1%d0%be%d0%b9-12x70-%d0%b3\/#primaryimage"},"thumbnailUrl":"https:\/\/miumjau.ee\/wp-content\/uploads\/2025\/01\/applaws-konservide-valikpakk-kassile3.jpg","datePublished":"2025-01-11T12:48:59+00:00","dateModified":"2026-01-07T20:58:35+00:00","description":"Applaws-s\u00e4ilykkeet ovat todella maukkaita ja hyvi\u00e4. Ilahduta kissaasi erilaisilla mauilla kokeillaksesi erilaisia \u200b\u200btekstuureja ja makuja.","breadcrumb":{"@id":"https:\/\/miumjau.ee\/ru\/tuote\/applaws-%d0%bd%d0%b0%d0%b1%d0%be%d1%80-%d0%ba%d0%be%d0%bd%d1%81%d0%b5%d1%80%d0%b2%d0%be%d0%b2-%d0%b4%d0%bb%d1%8f-%d0%ba%d0%be%d1%88%d0%b5%d0%ba-%d1%81-%d1%80%d1%8b%d0%b1%d0%be%d0%b9-12x70-%d0%b3\/#breadcrumb"},"inLanguage":"fi","potentialAction":[{"@type":"ReadAction","target":["https:\/\/miumjau.ee\/ru\/tuote\/applaws-%d0%bd%d0%b0%d0%b1%d0%be%d1%80-%d0%ba%d0%be%d0%bd%d1%81%d0%b5%d1%80%d0%b2%d0%be%d0%b2-%d0%b4%d0%bb%d1%8f-%d0%ba%d0%be%d1%88%d0%b5%d0%ba-%d1%81-%d1%80%d1%8b%d0%b1%d0%be%d0%b9-12x70-%d0%b3\/"]}]},{"@type":"ImageObject","inLanguage":"fi","@id":"https:\/\/miumjau.ee\/ru\/tuote\/applaws-%d0%bd%d0%b0%d0%b1%d0%be%d1%80-%d0%ba%d0%be%d0%bd%d1%81%d0%b5%d1%80%d0%b2%d0%be%d0%b2-%d0%b4%d0%bb%d1%8f-%d0%ba%d0%be%d1%88%d0%b5%d0%ba-%d1%81-%d1%80%d1%8b%d0%b1%d0%be%d0%b9-12x70-%d0%b3\/#primaryimage","url":"https:\/\/miumjau.ee\/wp-content\/uploads\/2025\/01\/applaws-konservide-valikpakk-kassile3.jpg","contentUrl":"https:\/\/miumjau.ee\/wp-content\/uploads\/2025\/01\/applaws-konservide-valikpakk-kassile3.jpg","width":600,"height":800,"caption":"Applaws valikpakk kassile"},{"@type":"BreadcrumbList","@id":"https:\/\/miumjau.ee\/ru\/tuote\/applaws-%d0%bd%d0%b0%d0%b1%d0%be%d1%80-%d0%ba%d0%be%d0%bd%d1%81%d0%b5%d1%80%d0%b2%d0%be%d0%b2-%d0%b4%d0%bb%d1%8f-%d0%ba%d0%be%d1%88%d0%b5%d0%ba-%d1%81-%d1%80%d1%8b%d0%b1%d0%be%d0%b9-12x70-%d0%b3\/#breadcrumb","itemListElement":[{"@type":"ListItem","position":1,"name":"Home","item":"https:\/\/miumjau.ee\/fi\/"},{"@type":"ListItem","position":2,"name":"Kauppa","item":"https:\/\/miumjau.ee\/fi\/kauppa\/"},{"@type":"ListItem","position":3,"name":"Applaws Kalaa Lajitelma kissojen m\u00e4rk\u00e4ruoka 12x70g"}]},{"@type":"WebSite","@id":"https:\/\/miumjau.ee\/#website","url":"https:\/\/miumjau.ee\/","name":"MiuMjau","description":"Kraapimispuud kassidele","publisher":{"@id":"https:\/\/miumjau.ee\/#organization"},"potentialAction":[{"@type":"SearchAction","target":{"@type":"EntryPoint","urlTemplate":"https:\/\/miumjau.ee\/?s={search_term_string}"},"query-input":{"@type":"PropertyValueSpecification","valueRequired":true,"valueName":"search_term_string"}}],"inLanguage":"fi"},{"@type":"Organization","@id":"https:\/\/miumjau.ee\/#organization","name":"MiuMjau O\u00dc","url":"https:\/\/miumjau.ee\/","logo":{"@type":"ImageObject","inLanguage":"fi","@id":"https:\/\/miumjau.ee\/#\/schema\/logo\/image\/","url":"https:\/\/miumjau.ee\/wp-content\/uploads\/2022\/04\/MiuMjau-logo-kollane.png","contentUrl":"https:\/\/miumjau.ee\/wp-content\/uploads\/2022\/04\/MiuMjau-logo-kollane.png","width":219,"height":100,"caption":"MiuMjau O\u00dc"},"image":{"@id":"https:\/\/miumjau.ee\/#\/schema\/logo\/image\/"},"sameAs":["https:\/\/www.facebook.com\/miumjaupood\/"]}]}},"_links":{"self":[{"href":"https:\/\/miumjau.ee\/fi\/wp-json\/wp\/v2\/product\/27355","targetHints":{"allow":["GET"]}}],"collection":[{"href":"https:\/\/miumjau.ee\/fi\/wp-json\/wp\/v2\/product"}],"about":[{"href":"https:\/\/miumjau.ee\/fi\/wp-json\/wp\/v2\/types\/product"}],"wp:featuredmedia":[{"embeddable":true,"href":"https:\/\/miumjau.ee\/fi\/wp-json\/wp\/v2\/media\/26049"}],"wp:attachment":[{"href":"https:\/\/miumjau.ee\/fi\/wp-json\/wp\/v2\/media?parent=27355"}],"wp:term":[{"taxonomy":"product_brand","embeddable":true,"href":"https:\/\/miumjau.ee\/fi\/wp-json\/wp\/v2\/product_brand?post=27355"},{"taxonomy":"product_cat","embeddable":true,"href":"https:\/\/miumjau.ee\/fi\/wp-json\/wp\/v2\/product_cat?post=27355"},{"taxonomy":"product_tag","embeddable":true,"href":"https:\/\/miumjau.ee\/fi\/wp-json\/wp\/v2\/product_tag?post=27355"}],"curies":[{"name":"wp","href":"https:\/\/api.w.org\/{rel}","templated":true}]}}