{"id":25113,"date":"2024-12-04T10:42:31","date_gmt":"2024-12-04T08:42:31","guid":{"rendered":"https:\/\/miumjau.ee\/toode\/raapimispuu-petrebels-scorpius-150-rusty-oak\/"},"modified":"2026-01-07T22:58:43","modified_gmt":"2026-01-07T20:58:43","slug":"raapimispuu-petrebels-scorpius-150-rusty-oak","status":"publish","type":"product","link":"https:\/\/miumjau.ee\/fi\/tuote\/raapimispuu-petrebels-scorpius-150-rusty-oak\/","title":{"rendered":"Raapimispuu Petrebels Scorpius 150 rusty oak"},"content":{"rendered":"","protected":false},"excerpt":{"rendered":"<p>Kissan raapimispuu, joka on moderni, tyylik\u00e4s ja t\u00e4ydellinen minne tahansa. Oletko pitk\u00e4\u00e4n haaveillut raapimistolpasta, joka on helppo huoltaa?<\/p>\n<p>* Tasojen sisalmatot on kiinnitetty tarranauhalla, ne on helppo huoltaa.<br \/>\n* Riippukeinu\/pes\u00e4 on irrotettava vetoketjulla ja my\u00f6s konepest\u00e4v\u00e4 30 asteessa.<\/p>\n<p>Tuotteen paino 35 kg<br \/>\nPohja 60 x 70 x 4 cm<br \/>\nKokonaiskorkeus 150 cm<br \/>\nTankojen halkaisija on 12 cm.<br \/>\nTuote saapuu ostajalle 3 laatikossa.<\/p>\n<p>Ihanteellinen kissoille, jotka rakastavat seikkailua, mutta my\u00f6s kodikas paratiisi kissoille, jotka ovat hieman ep\u00e4varmoja &#8211; jotka haluavat vet\u00e4yty\u00e4 korkealle paikalle ja pit\u00e4\u00e4 silm\u00e4ll\u00e4 kaikkea ja kaikkia sielt\u00e4.<\/p>\n","protected":false},"featured_media":25092,"template":"","meta":[],"product_brand":[],"product_cat":[116],"product_tag":[],"class_list":{"0":"post-25113","1":"product","2":"type-product","3":"status-publish","4":"has-post-thumbnail","6":"product_cat-isoille-kissoille-petrebels","7":"product_shipping_class-pakiautomaati-sobimatu-fi","9":"first","10":"instock","11":"sale","12":"taxable","13":"shipping-taxable","14":"purchasable","15":"product-type-simple"},"yoast_head":"<!-- This site is optimized with the Yoast SEO plugin v27.2 - https:\/\/yoast.com\/product\/yoast-seo-wordpress\/ -->\n<title>Raapimispuu Petrebels Scorpius 150 rusty oak - MiuMjau<\/title>\n<meta name=\"description\" content=\"Kissan raapimispuu Scorpius on t\u00e4ydellinen raapimispuu suunnittelijakotiin. Helppo puhdistaa, upean n\u00e4k\u00f6inen ja eritt\u00e4in k\u00e4yt\u00e4nn\u00f6llinen.\" \/>\n<meta name=\"robots\" content=\"index, follow, max-snippet:-1, max-image-preview:large, max-video-preview:-1\" \/>\n<link rel=\"canonical\" href=\"https:\/\/miumjau.ee\/tuote\/ronimispuu-petrebels-scorpius-150-rusty-oak\/\" \/>\n<meta property=\"og:locale\" content=\"fi_FI\" \/>\n<meta property=\"og:type\" content=\"article\" \/>\n<meta property=\"og:title\" content=\"Raapimispuu Petrebels Scorpius 150 rusty oak - MiuMjau\" \/>\n<meta property=\"og:description\" content=\"Kissan raapimispuu Scorpius on t\u00e4ydellinen raapimispuu suunnittelijakotiin. Helppo puhdistaa, upean n\u00e4k\u00f6inen ja eritt\u00e4in k\u00e4yt\u00e4nn\u00f6llinen.\" \/>\n<meta property=\"og:url\" content=\"https:\/\/miumjau.ee\/tuote\/ronimispuu-petrebels-scorpius-150-rusty-oak\/\" \/>\n<meta property=\"og:site_name\" content=\"MiuMjau\" \/>\n<meta property=\"article:publisher\" content=\"https:\/\/www.facebook.com\/miumjaupood\/\" \/>\n<meta property=\"article:modified_time\" content=\"2026-01-07T20:58:43+00:00\" \/>\n<meta property=\"og:image\" content=\"https:\/\/miumjau.ee\/wp-content\/uploads\/2024\/12\/kraapimispuu-petrebels-scorpius150-rustyoak6.jpg\" \/>\n\t<meta property=\"og:image:width\" content=\"450\" \/>\n\t<meta property=\"og:image:height\" content=\"600\" \/>\n\t<meta property=\"og:image:type\" content=\"image\/jpeg\" \/>\n<meta name=\"twitter:card\" content=\"summary_large_image\" \/>\n<script type=\"application\/ld+json\" class=\"yoast-schema-graph\">{\"@context\":\"https:\/\/schema.org\",\"@graph\":[{\"@type\":\"WebPage\",\"@id\":\"https:\/\/miumjau.ee\/tuote\/ronimispuu-petrebels-scorpius-150-rusty-oak\/\",\"url\":\"https:\/\/miumjau.ee\/tuote\/ronimispuu-petrebels-scorpius-150-rusty-oak\/\",\"name\":\"Raapimispuu Petrebels Scorpius 150 rusty oak - MiuMjau\",\"isPartOf\":{\"@id\":\"https:\/\/miumjau.ee\/#website\"},\"primaryImageOfPage\":{\"@id\":\"https:\/\/miumjau.ee\/tuote\/ronimispuu-petrebels-scorpius-150-rusty-oak\/#primaryimage\"},\"image\":{\"@id\":\"https:\/\/miumjau.ee\/tuote\/ronimispuu-petrebels-scorpius-150-rusty-oak\/#primaryimage\"},\"thumbnailUrl\":\"https:\/\/miumjau.ee\/wp-content\/uploads\/2024\/12\/kraapimispuu-petrebels-scorpius150-rustyoak6.jpg\",\"datePublished\":\"2024-12-04T08:42:31+00:00\",\"dateModified\":\"2026-01-07T20:58:43+00:00\",\"description\":\"Kissan raapimispuu Scorpius on t\u00e4ydellinen raapimispuu suunnittelijakotiin. Helppo puhdistaa, upean n\u00e4k\u00f6inen ja eritt\u00e4in k\u00e4yt\u00e4nn\u00f6llinen.\",\"breadcrumb\":{\"@id\":\"https:\/\/miumjau.ee\/tuote\/ronimispuu-petrebels-scorpius-150-rusty-oak\/#breadcrumb\"},\"inLanguage\":\"fi\",\"potentialAction\":[{\"@type\":\"ReadAction\",\"target\":[\"https:\/\/miumjau.ee\/tuote\/ronimispuu-petrebels-scorpius-150-rusty-oak\/\"]}]},{\"@type\":\"ImageObject\",\"inLanguage\":\"fi\",\"@id\":\"https:\/\/miumjau.ee\/tuote\/ronimispuu-petrebels-scorpius-150-rusty-oak\/#primaryimage\",\"url\":\"https:\/\/miumjau.ee\/wp-content\/uploads\/2024\/12\/kraapimispuu-petrebels-scorpius150-rustyoak6.jpg\",\"contentUrl\":\"https:\/\/miumjau.ee\/wp-content\/uploads\/2024\/12\/kraapimispuu-petrebels-scorpius150-rustyoak6.jpg\",\"width\":450,\"height\":600,\"caption\":\"Ronimispuu Petrebels Scorpius 150 rusty oak\"},{\"@type\":\"BreadcrumbList\",\"@id\":\"https:\/\/miumjau.ee\/tuote\/ronimispuu-petrebels-scorpius-150-rusty-oak\/#breadcrumb\",\"itemListElement\":[{\"@type\":\"ListItem\",\"position\":1,\"name\":\"Home\",\"item\":\"https:\/\/miumjau.ee\/fi\/\"},{\"@type\":\"ListItem\",\"position\":2,\"name\":\"Kauppa\",\"item\":\"https:\/\/miumjau.ee\/fi\/kauppa\/\"},{\"@type\":\"ListItem\",\"position\":3,\"name\":\"Raapimispuu Petrebels Scorpius 150 rusty oak\"}]},{\"@type\":\"WebSite\",\"@id\":\"https:\/\/miumjau.ee\/#website\",\"url\":\"https:\/\/miumjau.ee\/\",\"name\":\"MiuMjau\",\"description\":\"Kraapimispuud kassidele\",\"publisher\":{\"@id\":\"https:\/\/miumjau.ee\/#organization\"},\"potentialAction\":[{\"@type\":\"SearchAction\",\"target\":{\"@type\":\"EntryPoint\",\"urlTemplate\":\"https:\/\/miumjau.ee\/?s={search_term_string}\"},\"query-input\":{\"@type\":\"PropertyValueSpecification\",\"valueRequired\":true,\"valueName\":\"search_term_string\"}}],\"inLanguage\":\"fi\"},{\"@type\":\"Organization\",\"@id\":\"https:\/\/miumjau.ee\/#organization\",\"name\":\"MiuMjau O\u00dc\",\"url\":\"https:\/\/miumjau.ee\/\",\"logo\":{\"@type\":\"ImageObject\",\"inLanguage\":\"fi\",\"@id\":\"https:\/\/miumjau.ee\/#\/schema\/logo\/image\/\",\"url\":\"https:\/\/miumjau.ee\/wp-content\/uploads\/2022\/04\/MiuMjau-logo-kollane.png\",\"contentUrl\":\"https:\/\/miumjau.ee\/wp-content\/uploads\/2022\/04\/MiuMjau-logo-kollane.png\",\"width\":219,\"height\":100,\"caption\":\"MiuMjau O\u00dc\"},\"image\":{\"@id\":\"https:\/\/miumjau.ee\/#\/schema\/logo\/image\/\"},\"sameAs\":[\"https:\/\/www.facebook.com\/miumjaupood\/\"]}]}<\/script>\n<!-- \/ Yoast SEO plugin. -->","yoast_head_json":{"title":"Raapimispuu Petrebels Scorpius 150 rusty oak - MiuMjau","description":"Kissan raapimispuu Scorpius on t\u00e4ydellinen raapimispuu suunnittelijakotiin. Helppo puhdistaa, upean n\u00e4k\u00f6inen ja eritt\u00e4in k\u00e4yt\u00e4nn\u00f6llinen.","robots":{"index":"index","follow":"follow","max-snippet":"max-snippet:-1","max-image-preview":"max-image-preview:large","max-video-preview":"max-video-preview:-1"},"canonical":"https:\/\/miumjau.ee\/tuote\/ronimispuu-petrebels-scorpius-150-rusty-oak\/","og_locale":"fi_FI","og_type":"article","og_title":"Raapimispuu Petrebels Scorpius 150 rusty oak - MiuMjau","og_description":"Kissan raapimispuu Scorpius on t\u00e4ydellinen raapimispuu suunnittelijakotiin. Helppo puhdistaa, upean n\u00e4k\u00f6inen ja eritt\u00e4in k\u00e4yt\u00e4nn\u00f6llinen.","og_url":"https:\/\/miumjau.ee\/tuote\/ronimispuu-petrebels-scorpius-150-rusty-oak\/","og_site_name":"MiuMjau","article_publisher":"https:\/\/www.facebook.com\/miumjaupood\/","article_modified_time":"2026-01-07T20:58:43+00:00","og_image":[{"width":450,"height":600,"url":"https:\/\/miumjau.ee\/wp-content\/uploads\/2024\/12\/kraapimispuu-petrebels-scorpius150-rustyoak6.jpg","type":"image\/jpeg"}],"twitter_card":"summary_large_image","schema":{"@context":"https:\/\/schema.org","@graph":[{"@type":"WebPage","@id":"https:\/\/miumjau.ee\/tuote\/ronimispuu-petrebels-scorpius-150-rusty-oak\/","url":"https:\/\/miumjau.ee\/tuote\/ronimispuu-petrebels-scorpius-150-rusty-oak\/","name":"Raapimispuu Petrebels Scorpius 150 rusty oak - MiuMjau","isPartOf":{"@id":"https:\/\/miumjau.ee\/#website"},"primaryImageOfPage":{"@id":"https:\/\/miumjau.ee\/tuote\/ronimispuu-petrebels-scorpius-150-rusty-oak\/#primaryimage"},"image":{"@id":"https:\/\/miumjau.ee\/tuote\/ronimispuu-petrebels-scorpius-150-rusty-oak\/#primaryimage"},"thumbnailUrl":"https:\/\/miumjau.ee\/wp-content\/uploads\/2024\/12\/kraapimispuu-petrebels-scorpius150-rustyoak6.jpg","datePublished":"2024-12-04T08:42:31+00:00","dateModified":"2026-01-07T20:58:43+00:00","description":"Kissan raapimispuu Scorpius on t\u00e4ydellinen raapimispuu suunnittelijakotiin. Helppo puhdistaa, upean n\u00e4k\u00f6inen ja eritt\u00e4in k\u00e4yt\u00e4nn\u00f6llinen.","breadcrumb":{"@id":"https:\/\/miumjau.ee\/tuote\/ronimispuu-petrebels-scorpius-150-rusty-oak\/#breadcrumb"},"inLanguage":"fi","potentialAction":[{"@type":"ReadAction","target":["https:\/\/miumjau.ee\/tuote\/ronimispuu-petrebels-scorpius-150-rusty-oak\/"]}]},{"@type":"ImageObject","inLanguage":"fi","@id":"https:\/\/miumjau.ee\/tuote\/ronimispuu-petrebels-scorpius-150-rusty-oak\/#primaryimage","url":"https:\/\/miumjau.ee\/wp-content\/uploads\/2024\/12\/kraapimispuu-petrebels-scorpius150-rustyoak6.jpg","contentUrl":"https:\/\/miumjau.ee\/wp-content\/uploads\/2024\/12\/kraapimispuu-petrebels-scorpius150-rustyoak6.jpg","width":450,"height":600,"caption":"Ronimispuu Petrebels Scorpius 150 rusty oak"},{"@type":"BreadcrumbList","@id":"https:\/\/miumjau.ee\/tuote\/ronimispuu-petrebels-scorpius-150-rusty-oak\/#breadcrumb","itemListElement":[{"@type":"ListItem","position":1,"name":"Home","item":"https:\/\/miumjau.ee\/fi\/"},{"@type":"ListItem","position":2,"name":"Kauppa","item":"https:\/\/miumjau.ee\/fi\/kauppa\/"},{"@type":"ListItem","position":3,"name":"Raapimispuu Petrebels Scorpius 150 rusty oak"}]},{"@type":"WebSite","@id":"https:\/\/miumjau.ee\/#website","url":"https:\/\/miumjau.ee\/","name":"MiuMjau","description":"Kraapimispuud kassidele","publisher":{"@id":"https:\/\/miumjau.ee\/#organization"},"potentialAction":[{"@type":"SearchAction","target":{"@type":"EntryPoint","urlTemplate":"https:\/\/miumjau.ee\/?s={search_term_string}"},"query-input":{"@type":"PropertyValueSpecification","valueRequired":true,"valueName":"search_term_string"}}],"inLanguage":"fi"},{"@type":"Organization","@id":"https:\/\/miumjau.ee\/#organization","name":"MiuMjau O\u00dc","url":"https:\/\/miumjau.ee\/","logo":{"@type":"ImageObject","inLanguage":"fi","@id":"https:\/\/miumjau.ee\/#\/schema\/logo\/image\/","url":"https:\/\/miumjau.ee\/wp-content\/uploads\/2022\/04\/MiuMjau-logo-kollane.png","contentUrl":"https:\/\/miumjau.ee\/wp-content\/uploads\/2022\/04\/MiuMjau-logo-kollane.png","width":219,"height":100,"caption":"MiuMjau O\u00dc"},"image":{"@id":"https:\/\/miumjau.ee\/#\/schema\/logo\/image\/"},"sameAs":["https:\/\/www.facebook.com\/miumjaupood\/"]}]}},"_links":{"self":[{"href":"https:\/\/miumjau.ee\/fi\/wp-json\/wp\/v2\/product\/25113","targetHints":{"allow":["GET"]}}],"collection":[{"href":"https:\/\/miumjau.ee\/fi\/wp-json\/wp\/v2\/product"}],"about":[{"href":"https:\/\/miumjau.ee\/fi\/wp-json\/wp\/v2\/types\/product"}],"wp:featuredmedia":[{"embeddable":true,"href":"https:\/\/miumjau.ee\/fi\/wp-json\/wp\/v2\/media\/25092"}],"wp:attachment":[{"href":"https:\/\/miumjau.ee\/fi\/wp-json\/wp\/v2\/media?parent=25113"}],"wp:term":[{"taxonomy":"product_brand","embeddable":true,"href":"https:\/\/miumjau.ee\/fi\/wp-json\/wp\/v2\/product_brand?post=25113"},{"taxonomy":"product_cat","embeddable":true,"href":"https:\/\/miumjau.ee\/fi\/wp-json\/wp\/v2\/product_cat?post=25113"},{"taxonomy":"product_tag","embeddable":true,"href":"https:\/\/miumjau.ee\/fi\/wp-json\/wp\/v2\/product_tag?post=25113"}],"curies":[{"name":"wp","href":"https:\/\/api.w.org\/{rel}","templated":true}]}}