{"id":24890,"date":"2024-12-01T14:20:03","date_gmt":"2024-12-01T12:20:03","guid":{"rendered":"https:\/\/miumjau.ee\/toode\/petrebels-kiipeilypuu-aquarius-265-old-grey\/"},"modified":"2026-01-07T22:58:50","modified_gmt":"2026-01-07T20:58:50","slug":"petrebels-kiipeilypuu-aquarius-265-old-grey","status":"publish","type":"product","link":"https:\/\/miumjau.ee\/fi\/tuote\/petrebels-kiipeilypuu-aquarius-265-old-grey\/","title":{"rendered":"Petrebels kiipeilypuu Aquarius 265, old grey"},"content":{"rendered":"","protected":false},"excerpt":{"rendered":"<p>Kiipeilypuu todellisille kiipeilij\u00f6ille Aquarius 265 on monitoiminen ja s\u00e4\u00e4dett\u00e4v\u00e4 &#8211; kattokiinnitys.<\/p>\n<p>T\u00e4m\u00e4 erinomainen raapimispuu on valmistettu eukalyptuspuusta ja sen korkeus on s\u00e4\u00e4dett\u00e4viss\u00e4. Yll\u00e4 oleva suuri riippumatto tarjoaa t\u00e4ydellisen paikan lemmikillesi rentoutua. Tukevien raapimismaton avulla kissasi voi teroittaa kynsi\u00e4\u00e4n. T\u00e4m\u00e4 moderni raapimistolppa n\u00e4ytt\u00e4\u00e4 eritt\u00e4in tyylikk\u00e4\u00e4lt\u00e4 ja vie v\u00e4h\u00e4n tilaa. Sopii kiristett\u00e4v\u00e4ksi 243 &#8211; 265 cm korkeita kattoja vasten.<\/p>\n<p>Mitat &#8211; pohja 50 x 50 cm, korkeus 243-265 cm<br \/>\nKonepest\u00e4v\u00e4 pes\u00e4<br \/>\nKevyt ja tyylik\u00e4s muotoilu, joka sopii mihin tahansa sisustukseen<\/p>\n<p>Sis\u00e4matto kiinnitet\u00e4\u00e4n mukana tulevalla tarranauhalla<\/p>\n<p>Tuotteen paino on 19,8 kg ja 21 kg pakkauksen kanssa. Pakkauksen koko: 82 x 65 x 18 cm<br \/>\nPylv\u00e4\u00e4n halkaisija on 7 cm ja hylsyn kantavuus on jopa 15 kg.<\/p>\n<p>https:\/\/www.youtube.com\/watch?v=7L5SdTUErxU&amp;t=1s<\/p>\n","protected":false},"featured_media":24841,"template":"","meta":[],"product_brand":[],"product_cat":[115],"product_tag":[],"class_list":{"0":"post-24890","1":"product","2":"type-product","3":"status-publish","4":"has-post-thumbnail","6":"product_cat-keskikokoiset-raapimispuut-petrebels","8":"first","9":"outofstock","10":"sale","11":"taxable","12":"shipping-taxable","13":"purchasable","14":"product-type-simple"},"yoast_head":"<!-- This site is optimized with the Yoast SEO plugin v27.2 - https:\/\/yoast.com\/product\/yoast-seo-wordpress\/ -->\n<title>Petrebels kiipeilypuu Aquarius 265, old grey - MiuMjau<\/title>\n<meta name=\"description\" content=\"Petrebelsin raapimispuu Aquarius kiinnitet\u00e4\u00e4n kattoon ja on suunniteltu todellisille kiipeilij\u00f6ille. Tykk\u00e4\u00e4k\u00f6 kissasi kiipeill\u00e4, hyp\u00e4t\u00e4 ja nukkua katonrajassa?\" \/>\n<meta name=\"robots\" content=\"index, follow, max-snippet:-1, max-image-preview:large, max-video-preview:-1\" \/>\n<link rel=\"canonical\" href=\"https:\/\/miumjau.ee\/tuote\/petrebels-ronimispuu-aquarius-265-old-grey\/\" \/>\n<meta property=\"og:locale\" content=\"fi_FI\" \/>\n<meta property=\"og:type\" content=\"article\" \/>\n<meta property=\"og:title\" content=\"Petrebels kiipeilypuu Aquarius 265, old grey - MiuMjau\" \/>\n<meta property=\"og:description\" content=\"Petrebelsin raapimispuu Aquarius kiinnitet\u00e4\u00e4n kattoon ja on suunniteltu todellisille kiipeilij\u00f6ille. Tykk\u00e4\u00e4k\u00f6 kissasi kiipeill\u00e4, hyp\u00e4t\u00e4 ja nukkua katonrajassa?\" \/>\n<meta property=\"og:url\" content=\"https:\/\/miumjau.ee\/tuote\/petrebels-ronimispuu-aquarius-265-old-grey\/\" \/>\n<meta property=\"og:site_name\" content=\"MiuMjau\" \/>\n<meta property=\"article:publisher\" content=\"https:\/\/www.facebook.com\/miumjaupood\/\" \/>\n<meta property=\"article:modified_time\" content=\"2026-01-07T20:58:50+00:00\" \/>\n<meta property=\"og:image\" content=\"https:\/\/miumjau.ee\/wp-content\/uploads\/2024\/12\/ronimispuu-petrebels-aquarius265-oldgrey8.jpg\" \/>\n\t<meta property=\"og:image:width\" content=\"600\" \/>\n\t<meta property=\"og:image:height\" content=\"800\" \/>\n\t<meta property=\"og:image:type\" content=\"image\/jpeg\" \/>\n<meta name=\"twitter:card\" content=\"summary_large_image\" \/>\n<script type=\"application\/ld+json\" class=\"yoast-schema-graph\">{\"@context\":\"https:\/\/schema.org\",\"@graph\":[{\"@type\":\"WebPage\",\"@id\":\"https:\/\/miumjau.ee\/tuote\/petrebels-ronimispuu-aquarius-265-old-grey\/\",\"url\":\"https:\/\/miumjau.ee\/tuote\/petrebels-ronimispuu-aquarius-265-old-grey\/\",\"name\":\"Petrebels kiipeilypuu Aquarius 265, old grey - MiuMjau\",\"isPartOf\":{\"@id\":\"https:\/\/miumjau.ee\/#website\"},\"primaryImageOfPage\":{\"@id\":\"https:\/\/miumjau.ee\/tuote\/petrebels-ronimispuu-aquarius-265-old-grey\/#primaryimage\"},\"image\":{\"@id\":\"https:\/\/miumjau.ee\/tuote\/petrebels-ronimispuu-aquarius-265-old-grey\/#primaryimage\"},\"thumbnailUrl\":\"https:\/\/miumjau.ee\/wp-content\/uploads\/2024\/12\/ronimispuu-petrebels-aquarius265-oldgrey8.jpg\",\"datePublished\":\"2024-12-01T12:20:03+00:00\",\"dateModified\":\"2026-01-07T20:58:50+00:00\",\"description\":\"Petrebelsin raapimispuu Aquarius kiinnitet\u00e4\u00e4n kattoon ja on suunniteltu todellisille kiipeilij\u00f6ille. Tykk\u00e4\u00e4k\u00f6 kissasi kiipeill\u00e4, hyp\u00e4t\u00e4 ja nukkua katonrajassa?\",\"breadcrumb\":{\"@id\":\"https:\/\/miumjau.ee\/tuote\/petrebels-ronimispuu-aquarius-265-old-grey\/#breadcrumb\"},\"inLanguage\":\"fi\",\"potentialAction\":[{\"@type\":\"ReadAction\",\"target\":[\"https:\/\/miumjau.ee\/tuote\/petrebels-ronimispuu-aquarius-265-old-grey\/\"]}]},{\"@type\":\"ImageObject\",\"inLanguage\":\"fi\",\"@id\":\"https:\/\/miumjau.ee\/tuote\/petrebels-ronimispuu-aquarius-265-old-grey\/#primaryimage\",\"url\":\"https:\/\/miumjau.ee\/wp-content\/uploads\/2024\/12\/ronimispuu-petrebels-aquarius265-oldgrey8.jpg\",\"contentUrl\":\"https:\/\/miumjau.ee\/wp-content\/uploads\/2024\/12\/ronimispuu-petrebels-aquarius265-oldgrey8.jpg\",\"width\":600,\"height\":800,\"caption\":\"Petrebels ronimispuu Aquarius 265, old grey\"},{\"@type\":\"BreadcrumbList\",\"@id\":\"https:\/\/miumjau.ee\/tuote\/petrebels-ronimispuu-aquarius-265-old-grey\/#breadcrumb\",\"itemListElement\":[{\"@type\":\"ListItem\",\"position\":1,\"name\":\"Home\",\"item\":\"https:\/\/miumjau.ee\/fi\/\"},{\"@type\":\"ListItem\",\"position\":2,\"name\":\"Kauppa\",\"item\":\"https:\/\/miumjau.ee\/fi\/kauppa\/\"},{\"@type\":\"ListItem\",\"position\":3,\"name\":\"Petrebels kiipeilypuu Aquarius 265, old grey\"}]},{\"@type\":\"WebSite\",\"@id\":\"https:\/\/miumjau.ee\/#website\",\"url\":\"https:\/\/miumjau.ee\/\",\"name\":\"MiuMjau\",\"description\":\"Kraapimispuud kassidele\",\"publisher\":{\"@id\":\"https:\/\/miumjau.ee\/#organization\"},\"potentialAction\":[{\"@type\":\"SearchAction\",\"target\":{\"@type\":\"EntryPoint\",\"urlTemplate\":\"https:\/\/miumjau.ee\/?s={search_term_string}\"},\"query-input\":{\"@type\":\"PropertyValueSpecification\",\"valueRequired\":true,\"valueName\":\"search_term_string\"}}],\"inLanguage\":\"fi\"},{\"@type\":\"Organization\",\"@id\":\"https:\/\/miumjau.ee\/#organization\",\"name\":\"MiuMjau O\u00dc\",\"url\":\"https:\/\/miumjau.ee\/\",\"logo\":{\"@type\":\"ImageObject\",\"inLanguage\":\"fi\",\"@id\":\"https:\/\/miumjau.ee\/#\/schema\/logo\/image\/\",\"url\":\"https:\/\/miumjau.ee\/wp-content\/uploads\/2022\/04\/MiuMjau-logo-kollane.png\",\"contentUrl\":\"https:\/\/miumjau.ee\/wp-content\/uploads\/2022\/04\/MiuMjau-logo-kollane.png\",\"width\":219,\"height\":100,\"caption\":\"MiuMjau O\u00dc\"},\"image\":{\"@id\":\"https:\/\/miumjau.ee\/#\/schema\/logo\/image\/\"},\"sameAs\":[\"https:\/\/www.facebook.com\/miumjaupood\/\"]}]}<\/script>\n<!-- \/ Yoast SEO plugin. -->","yoast_head_json":{"title":"Petrebels kiipeilypuu Aquarius 265, old grey - MiuMjau","description":"Petrebelsin raapimispuu Aquarius kiinnitet\u00e4\u00e4n kattoon ja on suunniteltu todellisille kiipeilij\u00f6ille. Tykk\u00e4\u00e4k\u00f6 kissasi kiipeill\u00e4, hyp\u00e4t\u00e4 ja nukkua katonrajassa?","robots":{"index":"index","follow":"follow","max-snippet":"max-snippet:-1","max-image-preview":"max-image-preview:large","max-video-preview":"max-video-preview:-1"},"canonical":"https:\/\/miumjau.ee\/tuote\/petrebels-ronimispuu-aquarius-265-old-grey\/","og_locale":"fi_FI","og_type":"article","og_title":"Petrebels kiipeilypuu Aquarius 265, old grey - MiuMjau","og_description":"Petrebelsin raapimispuu Aquarius kiinnitet\u00e4\u00e4n kattoon ja on suunniteltu todellisille kiipeilij\u00f6ille. Tykk\u00e4\u00e4k\u00f6 kissasi kiipeill\u00e4, hyp\u00e4t\u00e4 ja nukkua katonrajassa?","og_url":"https:\/\/miumjau.ee\/tuote\/petrebels-ronimispuu-aquarius-265-old-grey\/","og_site_name":"MiuMjau","article_publisher":"https:\/\/www.facebook.com\/miumjaupood\/","article_modified_time":"2026-01-07T20:58:50+00:00","og_image":[{"width":600,"height":800,"url":"https:\/\/miumjau.ee\/wp-content\/uploads\/2024\/12\/ronimispuu-petrebels-aquarius265-oldgrey8.jpg","type":"image\/jpeg"}],"twitter_card":"summary_large_image","schema":{"@context":"https:\/\/schema.org","@graph":[{"@type":"WebPage","@id":"https:\/\/miumjau.ee\/tuote\/petrebels-ronimispuu-aquarius-265-old-grey\/","url":"https:\/\/miumjau.ee\/tuote\/petrebels-ronimispuu-aquarius-265-old-grey\/","name":"Petrebels kiipeilypuu Aquarius 265, old grey - MiuMjau","isPartOf":{"@id":"https:\/\/miumjau.ee\/#website"},"primaryImageOfPage":{"@id":"https:\/\/miumjau.ee\/tuote\/petrebels-ronimispuu-aquarius-265-old-grey\/#primaryimage"},"image":{"@id":"https:\/\/miumjau.ee\/tuote\/petrebels-ronimispuu-aquarius-265-old-grey\/#primaryimage"},"thumbnailUrl":"https:\/\/miumjau.ee\/wp-content\/uploads\/2024\/12\/ronimispuu-petrebels-aquarius265-oldgrey8.jpg","datePublished":"2024-12-01T12:20:03+00:00","dateModified":"2026-01-07T20:58:50+00:00","description":"Petrebelsin raapimispuu Aquarius kiinnitet\u00e4\u00e4n kattoon ja on suunniteltu todellisille kiipeilij\u00f6ille. Tykk\u00e4\u00e4k\u00f6 kissasi kiipeill\u00e4, hyp\u00e4t\u00e4 ja nukkua katonrajassa?","breadcrumb":{"@id":"https:\/\/miumjau.ee\/tuote\/petrebels-ronimispuu-aquarius-265-old-grey\/#breadcrumb"},"inLanguage":"fi","potentialAction":[{"@type":"ReadAction","target":["https:\/\/miumjau.ee\/tuote\/petrebels-ronimispuu-aquarius-265-old-grey\/"]}]},{"@type":"ImageObject","inLanguage":"fi","@id":"https:\/\/miumjau.ee\/tuote\/petrebels-ronimispuu-aquarius-265-old-grey\/#primaryimage","url":"https:\/\/miumjau.ee\/wp-content\/uploads\/2024\/12\/ronimispuu-petrebels-aquarius265-oldgrey8.jpg","contentUrl":"https:\/\/miumjau.ee\/wp-content\/uploads\/2024\/12\/ronimispuu-petrebels-aquarius265-oldgrey8.jpg","width":600,"height":800,"caption":"Petrebels ronimispuu Aquarius 265, old grey"},{"@type":"BreadcrumbList","@id":"https:\/\/miumjau.ee\/tuote\/petrebels-ronimispuu-aquarius-265-old-grey\/#breadcrumb","itemListElement":[{"@type":"ListItem","position":1,"name":"Home","item":"https:\/\/miumjau.ee\/fi\/"},{"@type":"ListItem","position":2,"name":"Kauppa","item":"https:\/\/miumjau.ee\/fi\/kauppa\/"},{"@type":"ListItem","position":3,"name":"Petrebels kiipeilypuu Aquarius 265, old grey"}]},{"@type":"WebSite","@id":"https:\/\/miumjau.ee\/#website","url":"https:\/\/miumjau.ee\/","name":"MiuMjau","description":"Kraapimispuud kassidele","publisher":{"@id":"https:\/\/miumjau.ee\/#organization"},"potentialAction":[{"@type":"SearchAction","target":{"@type":"EntryPoint","urlTemplate":"https:\/\/miumjau.ee\/?s={search_term_string}"},"query-input":{"@type":"PropertyValueSpecification","valueRequired":true,"valueName":"search_term_string"}}],"inLanguage":"fi"},{"@type":"Organization","@id":"https:\/\/miumjau.ee\/#organization","name":"MiuMjau O\u00dc","url":"https:\/\/miumjau.ee\/","logo":{"@type":"ImageObject","inLanguage":"fi","@id":"https:\/\/miumjau.ee\/#\/schema\/logo\/image\/","url":"https:\/\/miumjau.ee\/wp-content\/uploads\/2022\/04\/MiuMjau-logo-kollane.png","contentUrl":"https:\/\/miumjau.ee\/wp-content\/uploads\/2022\/04\/MiuMjau-logo-kollane.png","width":219,"height":100,"caption":"MiuMjau O\u00dc"},"image":{"@id":"https:\/\/miumjau.ee\/#\/schema\/logo\/image\/"},"sameAs":["https:\/\/www.facebook.com\/miumjaupood\/"]}]}},"_links":{"self":[{"href":"https:\/\/miumjau.ee\/fi\/wp-json\/wp\/v2\/product\/24890","targetHints":{"allow":["GET"]}}],"collection":[{"href":"https:\/\/miumjau.ee\/fi\/wp-json\/wp\/v2\/product"}],"about":[{"href":"https:\/\/miumjau.ee\/fi\/wp-json\/wp\/v2\/types\/product"}],"wp:featuredmedia":[{"embeddable":true,"href":"https:\/\/miumjau.ee\/fi\/wp-json\/wp\/v2\/media\/24841"}],"wp:attachment":[{"href":"https:\/\/miumjau.ee\/fi\/wp-json\/wp\/v2\/media?parent=24890"}],"wp:term":[{"taxonomy":"product_brand","embeddable":true,"href":"https:\/\/miumjau.ee\/fi\/wp-json\/wp\/v2\/product_brand?post=24890"},{"taxonomy":"product_cat","embeddable":true,"href":"https:\/\/miumjau.ee\/fi\/wp-json\/wp\/v2\/product_cat?post=24890"},{"taxonomy":"product_tag","embeddable":true,"href":"https:\/\/miumjau.ee\/fi\/wp-json\/wp\/v2\/product_tag?post=24890"}],"curies":[{"name":"wp","href":"https:\/\/api.w.org\/{rel}","templated":true}]}}