{"id":24791,"date":"2024-11-30T16:41:42","date_gmt":"2024-11-30T14:41:42","guid":{"rendered":"https:\/\/miumjau.ee\/?post_type=product&#038;p=24791"},"modified":"2026-01-07T22:58:50","modified_gmt":"2026-01-07T20:58:50","slug":"aatas-cat-markaruoka-kissoille-tonnikalalla-ja-katkarapuilla-80-g-kopeeri-2","status":"publish","type":"product","link":"https:\/\/miumjau.ee\/fi\/tuote\/aatas-cat-markaruoka-kissoille-tonnikalalla-ja-katkarapuilla-80-g-kopeeri-2\/","title":{"rendered":"Aatas Cat Tantalizing m\u00e4rk\u00e4ruoka tonnikalalla ja makrillilla 80 g"},"content":{"rendered":"","protected":false},"excerpt":{"rendered":"<p>Erinomaisen maukas, t\u00e4ysipainoinen m\u00e4rk\u00e4ruoka kissoille. Paras valinta lemmikkisi terveelliseen ruokavalioon. Aito ruoka, jossa on runsaasti lihaa ja luonnollisia ainesosia \u2013 kissasi rakastaa sit\u00e4 varmasti!<\/p>\n<h3>Ominaisuudet:<\/h3>\n<ul>\n<li><strong>Luonnollista lihaa<\/strong><\/li>\n<li><strong>Alhainen rasva- ja kaloripitoisuus<\/strong><\/li>\n<li><strong>Maistuu my\u00f6s valikoivimmille kissoille<\/strong><\/li>\n<li><strong>Ei sis\u00e4ll\u00e4 viljaa, geenimuunneltuja ainesosia, keinotekoisia v\u00e4riaineita tai s\u00e4il\u00f6nt\u00e4aineita<\/strong><\/li>\n<li><strong>Luonnollinen \u2013 terveellinen \u2013 herkullinen<\/strong><\/li>\n<\/ul>\n<p><strong>Ainesosat:<\/strong> tonnikalaliemi, tonnikala, makrilli, sakeuttamisaineet.<\/p>\n<h3>Koostumus:<\/h3>\n<ul>\n<li>Raakaproteiini (min) \u2014 11,50 %<\/li>\n<li>Raakarasva (min) \u2014 0,60 %<\/li>\n<li>Kuitu (max) \u2014 0,20 %<\/li>\n<li>Kosteus (max) \u2014 87,0 %<\/li>\n<li>Tuhka (max) \u2014 1,00 %<\/li>\n<\/ul>\n<p><strong>Energia-arvo:<\/strong> 480,0 kcal\/kg, 38,4 kcal\/purkki.<\/p>\n","protected":false},"featured_media":24804,"template":"","meta":[],"product_brand":[],"product_cat":[264],"product_tag":[],"class_list":{"0":"post-24791","1":"product","2":"type-product","3":"status-publish","4":"has-post-thumbnail","6":"product_cat-marka-ruoka","8":"first","9":"instock","10":"taxable","11":"shipping-taxable","12":"purchasable","13":"product-type-simple"},"yoast_head":"<!-- This site is optimized with the Yoast SEO plugin v27.2 - https:\/\/yoast.com\/product\/yoast-seo-wordpress\/ -->\n<title>Aatas Cat Tantalizing m\u00e4rk\u00e4ruoka tonnikalalla ja makrillilla 80 g - MiuMjau<\/title>\n<meta name=\"description\" content=\"Aatas Cat herkulliset m\u00e4rk\u00e4ruoat kissoille tekev\u00e4t kissastasi onnellisen! Luonnollista, terveellist\u00e4 ja todella hyv\u00e4\u00e4 ruokaa. Mik\u00e4 maku miellytt\u00e4\u00e4 kissasi?\" \/>\n<meta name=\"robots\" content=\"index, follow, max-snippet:-1, max-image-preview:large, max-video-preview:-1\" \/>\n<link rel=\"canonical\" href=\"https:\/\/miumjau.ee\/tuote\/aatas-cat-tantalizing-margtoit-tuunikala-ja-makrelliga-80g\/\" \/>\n<meta property=\"og:locale\" content=\"fi_FI\" \/>\n<meta property=\"og:type\" content=\"article\" \/>\n<meta property=\"og:title\" content=\"Aatas Cat Tantalizing m\u00e4rk\u00e4ruoka tonnikalalla ja makrillilla 80 g - MiuMjau\" \/>\n<meta property=\"og:description\" content=\"Aatas Cat herkulliset m\u00e4rk\u00e4ruoat kissoille tekev\u00e4t kissastasi onnellisen! Luonnollista, terveellist\u00e4 ja todella hyv\u00e4\u00e4 ruokaa. Mik\u00e4 maku miellytt\u00e4\u00e4 kissasi?\" \/>\n<meta property=\"og:url\" content=\"https:\/\/miumjau.ee\/tuote\/aatas-cat-tantalizing-margtoit-tuunikala-ja-makrelliga-80g\/\" \/>\n<meta property=\"og:site_name\" content=\"MiuMjau\" \/>\n<meta property=\"article:publisher\" content=\"https:\/\/www.facebook.com\/miumjaupood\/\" \/>\n<meta property=\"article:modified_time\" content=\"2026-01-07T20:58:50+00:00\" \/>\n<meta property=\"og:image\" content=\"https:\/\/miumjau.ee\/wp-content\/uploads\/2024\/11\/aatas-kassi-margtoit-tuna-saba-80g.jpg\" \/>\n\t<meta property=\"og:image:width\" content=\"600\" \/>\n\t<meta property=\"og:image:height\" content=\"800\" \/>\n\t<meta property=\"og:image:type\" content=\"image\/jpeg\" \/>\n<meta name=\"twitter:card\" content=\"summary_large_image\" \/>\n<script type=\"application\/ld+json\" class=\"yoast-schema-graph\">{\"@context\":\"https:\/\/schema.org\",\"@graph\":[{\"@type\":\"WebPage\",\"@id\":\"https:\/\/miumjau.ee\/tuote\/aatas-cat-tantalizing-margtoit-tuunikala-ja-makrelliga-80g\/\",\"url\":\"https:\/\/miumjau.ee\/tuote\/aatas-cat-tantalizing-margtoit-tuunikala-ja-makrelliga-80g\/\",\"name\":\"Aatas Cat Tantalizing m\u00e4rk\u00e4ruoka tonnikalalla ja makrillilla 80 g - MiuMjau\",\"isPartOf\":{\"@id\":\"https:\/\/miumjau.ee\/#website\"},\"primaryImageOfPage\":{\"@id\":\"https:\/\/miumjau.ee\/tuote\/aatas-cat-tantalizing-margtoit-tuunikala-ja-makrelliga-80g\/#primaryimage\"},\"image\":{\"@id\":\"https:\/\/miumjau.ee\/tuote\/aatas-cat-tantalizing-margtoit-tuunikala-ja-makrelliga-80g\/#primaryimage\"},\"thumbnailUrl\":\"https:\/\/miumjau.ee\/wp-content\/uploads\/2024\/11\/aatas-kassi-margtoit-tuna-saba-80g.jpg\",\"datePublished\":\"2024-11-30T14:41:42+00:00\",\"dateModified\":\"2026-01-07T20:58:50+00:00\",\"description\":\"Aatas Cat herkulliset m\u00e4rk\u00e4ruoat kissoille tekev\u00e4t kissastasi onnellisen! Luonnollista, terveellist\u00e4 ja todella hyv\u00e4\u00e4 ruokaa. Mik\u00e4 maku miellytt\u00e4\u00e4 kissasi?\",\"breadcrumb\":{\"@id\":\"https:\/\/miumjau.ee\/tuote\/aatas-cat-tantalizing-margtoit-tuunikala-ja-makrelliga-80g\/#breadcrumb\"},\"inLanguage\":\"fi\",\"potentialAction\":[{\"@type\":\"ReadAction\",\"target\":[\"https:\/\/miumjau.ee\/tuote\/aatas-cat-tantalizing-margtoit-tuunikala-ja-makrelliga-80g\/\"]}]},{\"@type\":\"ImageObject\",\"inLanguage\":\"fi\",\"@id\":\"https:\/\/miumjau.ee\/tuote\/aatas-cat-tantalizing-margtoit-tuunikala-ja-makrelliga-80g\/#primaryimage\",\"url\":\"https:\/\/miumjau.ee\/wp-content\/uploads\/2024\/11\/aatas-kassi-margtoit-tuna-saba-80g.jpg\",\"contentUrl\":\"https:\/\/miumjau.ee\/wp-content\/uploads\/2024\/11\/aatas-kassi-margtoit-tuna-saba-80g.jpg\",\"width\":600,\"height\":800,\"caption\":\"Aatas Cat Tantalizing m\u00e4rgtoit tuunikala ja makrelliga 80 g\"},{\"@type\":\"BreadcrumbList\",\"@id\":\"https:\/\/miumjau.ee\/tuote\/aatas-cat-tantalizing-margtoit-tuunikala-ja-makrelliga-80g\/#breadcrumb\",\"itemListElement\":[{\"@type\":\"ListItem\",\"position\":1,\"name\":\"Home\",\"item\":\"https:\/\/miumjau.ee\/fi\/\"},{\"@type\":\"ListItem\",\"position\":2,\"name\":\"Kauppa\",\"item\":\"https:\/\/miumjau.ee\/fi\/kauppa\/\"},{\"@type\":\"ListItem\",\"position\":3,\"name\":\"Aatas Cat Tantalizing m\u00e4rk\u00e4ruoka tonnikalalla ja makrillilla 80 g\"}]},{\"@type\":\"WebSite\",\"@id\":\"https:\/\/miumjau.ee\/#website\",\"url\":\"https:\/\/miumjau.ee\/\",\"name\":\"MiuMjau\",\"description\":\"Kraapimispuud kassidele\",\"publisher\":{\"@id\":\"https:\/\/miumjau.ee\/#organization\"},\"potentialAction\":[{\"@type\":\"SearchAction\",\"target\":{\"@type\":\"EntryPoint\",\"urlTemplate\":\"https:\/\/miumjau.ee\/?s={search_term_string}\"},\"query-input\":{\"@type\":\"PropertyValueSpecification\",\"valueRequired\":true,\"valueName\":\"search_term_string\"}}],\"inLanguage\":\"fi\"},{\"@type\":\"Organization\",\"@id\":\"https:\/\/miumjau.ee\/#organization\",\"name\":\"MiuMjau O\u00dc\",\"url\":\"https:\/\/miumjau.ee\/\",\"logo\":{\"@type\":\"ImageObject\",\"inLanguage\":\"fi\",\"@id\":\"https:\/\/miumjau.ee\/#\/schema\/logo\/image\/\",\"url\":\"https:\/\/miumjau.ee\/wp-content\/uploads\/2022\/04\/MiuMjau-logo-kollane.png\",\"contentUrl\":\"https:\/\/miumjau.ee\/wp-content\/uploads\/2022\/04\/MiuMjau-logo-kollane.png\",\"width\":219,\"height\":100,\"caption\":\"MiuMjau O\u00dc\"},\"image\":{\"@id\":\"https:\/\/miumjau.ee\/#\/schema\/logo\/image\/\"},\"sameAs\":[\"https:\/\/www.facebook.com\/miumjaupood\/\"]}]}<\/script>\n<!-- \/ Yoast SEO plugin. -->","yoast_head_json":{"title":"Aatas Cat Tantalizing m\u00e4rk\u00e4ruoka tonnikalalla ja makrillilla 80 g - MiuMjau","description":"Aatas Cat herkulliset m\u00e4rk\u00e4ruoat kissoille tekev\u00e4t kissastasi onnellisen! Luonnollista, terveellist\u00e4 ja todella hyv\u00e4\u00e4 ruokaa. Mik\u00e4 maku miellytt\u00e4\u00e4 kissasi?","robots":{"index":"index","follow":"follow","max-snippet":"max-snippet:-1","max-image-preview":"max-image-preview:large","max-video-preview":"max-video-preview:-1"},"canonical":"https:\/\/miumjau.ee\/tuote\/aatas-cat-tantalizing-margtoit-tuunikala-ja-makrelliga-80g\/","og_locale":"fi_FI","og_type":"article","og_title":"Aatas Cat Tantalizing m\u00e4rk\u00e4ruoka tonnikalalla ja makrillilla 80 g - MiuMjau","og_description":"Aatas Cat herkulliset m\u00e4rk\u00e4ruoat kissoille tekev\u00e4t kissastasi onnellisen! Luonnollista, terveellist\u00e4 ja todella hyv\u00e4\u00e4 ruokaa. Mik\u00e4 maku miellytt\u00e4\u00e4 kissasi?","og_url":"https:\/\/miumjau.ee\/tuote\/aatas-cat-tantalizing-margtoit-tuunikala-ja-makrelliga-80g\/","og_site_name":"MiuMjau","article_publisher":"https:\/\/www.facebook.com\/miumjaupood\/","article_modified_time":"2026-01-07T20:58:50+00:00","og_image":[{"width":600,"height":800,"url":"https:\/\/miumjau.ee\/wp-content\/uploads\/2024\/11\/aatas-kassi-margtoit-tuna-saba-80g.jpg","type":"image\/jpeg"}],"twitter_card":"summary_large_image","schema":{"@context":"https:\/\/schema.org","@graph":[{"@type":"WebPage","@id":"https:\/\/miumjau.ee\/tuote\/aatas-cat-tantalizing-margtoit-tuunikala-ja-makrelliga-80g\/","url":"https:\/\/miumjau.ee\/tuote\/aatas-cat-tantalizing-margtoit-tuunikala-ja-makrelliga-80g\/","name":"Aatas Cat Tantalizing m\u00e4rk\u00e4ruoka tonnikalalla ja makrillilla 80 g - MiuMjau","isPartOf":{"@id":"https:\/\/miumjau.ee\/#website"},"primaryImageOfPage":{"@id":"https:\/\/miumjau.ee\/tuote\/aatas-cat-tantalizing-margtoit-tuunikala-ja-makrelliga-80g\/#primaryimage"},"image":{"@id":"https:\/\/miumjau.ee\/tuote\/aatas-cat-tantalizing-margtoit-tuunikala-ja-makrelliga-80g\/#primaryimage"},"thumbnailUrl":"https:\/\/miumjau.ee\/wp-content\/uploads\/2024\/11\/aatas-kassi-margtoit-tuna-saba-80g.jpg","datePublished":"2024-11-30T14:41:42+00:00","dateModified":"2026-01-07T20:58:50+00:00","description":"Aatas Cat herkulliset m\u00e4rk\u00e4ruoat kissoille tekev\u00e4t kissastasi onnellisen! Luonnollista, terveellist\u00e4 ja todella hyv\u00e4\u00e4 ruokaa. Mik\u00e4 maku miellytt\u00e4\u00e4 kissasi?","breadcrumb":{"@id":"https:\/\/miumjau.ee\/tuote\/aatas-cat-tantalizing-margtoit-tuunikala-ja-makrelliga-80g\/#breadcrumb"},"inLanguage":"fi","potentialAction":[{"@type":"ReadAction","target":["https:\/\/miumjau.ee\/tuote\/aatas-cat-tantalizing-margtoit-tuunikala-ja-makrelliga-80g\/"]}]},{"@type":"ImageObject","inLanguage":"fi","@id":"https:\/\/miumjau.ee\/tuote\/aatas-cat-tantalizing-margtoit-tuunikala-ja-makrelliga-80g\/#primaryimage","url":"https:\/\/miumjau.ee\/wp-content\/uploads\/2024\/11\/aatas-kassi-margtoit-tuna-saba-80g.jpg","contentUrl":"https:\/\/miumjau.ee\/wp-content\/uploads\/2024\/11\/aatas-kassi-margtoit-tuna-saba-80g.jpg","width":600,"height":800,"caption":"Aatas Cat Tantalizing m\u00e4rgtoit tuunikala ja makrelliga 80 g"},{"@type":"BreadcrumbList","@id":"https:\/\/miumjau.ee\/tuote\/aatas-cat-tantalizing-margtoit-tuunikala-ja-makrelliga-80g\/#breadcrumb","itemListElement":[{"@type":"ListItem","position":1,"name":"Home","item":"https:\/\/miumjau.ee\/fi\/"},{"@type":"ListItem","position":2,"name":"Kauppa","item":"https:\/\/miumjau.ee\/fi\/kauppa\/"},{"@type":"ListItem","position":3,"name":"Aatas Cat Tantalizing m\u00e4rk\u00e4ruoka tonnikalalla ja makrillilla 80 g"}]},{"@type":"WebSite","@id":"https:\/\/miumjau.ee\/#website","url":"https:\/\/miumjau.ee\/","name":"MiuMjau","description":"Kraapimispuud kassidele","publisher":{"@id":"https:\/\/miumjau.ee\/#organization"},"potentialAction":[{"@type":"SearchAction","target":{"@type":"EntryPoint","urlTemplate":"https:\/\/miumjau.ee\/?s={search_term_string}"},"query-input":{"@type":"PropertyValueSpecification","valueRequired":true,"valueName":"search_term_string"}}],"inLanguage":"fi"},{"@type":"Organization","@id":"https:\/\/miumjau.ee\/#organization","name":"MiuMjau O\u00dc","url":"https:\/\/miumjau.ee\/","logo":{"@type":"ImageObject","inLanguage":"fi","@id":"https:\/\/miumjau.ee\/#\/schema\/logo\/image\/","url":"https:\/\/miumjau.ee\/wp-content\/uploads\/2022\/04\/MiuMjau-logo-kollane.png","contentUrl":"https:\/\/miumjau.ee\/wp-content\/uploads\/2022\/04\/MiuMjau-logo-kollane.png","width":219,"height":100,"caption":"MiuMjau O\u00dc"},"image":{"@id":"https:\/\/miumjau.ee\/#\/schema\/logo\/image\/"},"sameAs":["https:\/\/www.facebook.com\/miumjaupood\/"]}]}},"_links":{"self":[{"href":"https:\/\/miumjau.ee\/fi\/wp-json\/wp\/v2\/product\/24791","targetHints":{"allow":["GET"]}}],"collection":[{"href":"https:\/\/miumjau.ee\/fi\/wp-json\/wp\/v2\/product"}],"about":[{"href":"https:\/\/miumjau.ee\/fi\/wp-json\/wp\/v2\/types\/product"}],"wp:featuredmedia":[{"embeddable":true,"href":"https:\/\/miumjau.ee\/fi\/wp-json\/wp\/v2\/media\/24804"}],"wp:attachment":[{"href":"https:\/\/miumjau.ee\/fi\/wp-json\/wp\/v2\/media?parent=24791"}],"wp:term":[{"taxonomy":"product_brand","embeddable":true,"href":"https:\/\/miumjau.ee\/fi\/wp-json\/wp\/v2\/product_brand?post=24791"},{"taxonomy":"product_cat","embeddable":true,"href":"https:\/\/miumjau.ee\/fi\/wp-json\/wp\/v2\/product_cat?post=24791"},{"taxonomy":"product_tag","embeddable":true,"href":"https:\/\/miumjau.ee\/fi\/wp-json\/wp\/v2\/product_tag?post=24791"}],"curies":[{"name":"wp","href":"https:\/\/api.w.org\/{rel}","templated":true}]}}