{"id":24293,"date":"2024-11-15T10:22:01","date_gmt":"2024-11-15T08:22:01","guid":{"rendered":"https:\/\/miumjau.ee\/?post_type=product&#038;p=24293"},"modified":"2026-01-07T22:58:57","modified_gmt":"2026-01-07T20:58:57","slug":"aatas-cat-tantalizing-markaruoka-tonnikala-ja-ttilapia-80-g-kopeeri","status":"publish","type":"product","link":"https:\/\/miumjau.ee\/fi\/tuote\/aatas-cat-tantalizing-markaruoka-tonnikala-ja-ttilapia-80-g-kopeeri\/","title":{"rendered":"Aatas Cat m\u00e4rk\u00e4ruoka kissoille tonnikalalla ja katkarapuilla 80 g"},"content":{"rendered":"","protected":false},"excerpt":{"rendered":"<p>Terveellinen ja huolella valmistettu m\u00e4rk\u00e4ruoka kissoille. Erinomainen valinta ravitsevaan ruokintaan.<\/p>\n<p>V\u00e4h\u00e4n rasvaa ja kaloreita<br \/>\nMiellytt\u00e4v\u00e4 jopa nirsoimmille kissoille<br \/>\nViljaton<br \/>\nS\u00e4il\u00f6nt\u00e4aineeton<br \/>\nEi-GMO<\/p>\n<p>Ainesosat: tonnikalaliemi, tonnikala, tilapia, sakeuttamisaineet.<\/p>\n<p>Energia-arvo: 480,0 kcal\/kg, 38,4 kcal\/t\u00f6lkki<\/p>\n<p>Analyyttinen koostumus: Raakaproteiini (min) 11,00%, Raakarasva (min) 2,00%, Raakakuitu (max) 0,30%, Kosteus (max) 86,0%, Tuhka (max) 1,00%<\/p>\n","protected":false},"featured_media":24297,"template":"","meta":[],"product_brand":[],"product_cat":[264],"product_tag":[],"class_list":{"0":"post-24293","1":"product","2":"type-product","3":"status-publish","4":"has-post-thumbnail","6":"product_cat-marka-ruoka","8":"first","9":"instock","10":"taxable","11":"shipping-taxable","12":"purchasable","13":"product-type-simple"},"yoast_head":"<!-- This site is optimized with the Yoast SEO plugin v27.2 - https:\/\/yoast.com\/product\/yoast-seo-wordpress\/ -->\n<title>Aatas Cat m\u00e4rk\u00e4ruoka kissoille tonnikalalla ja katkarapuilla 80 g - MiuMjau<\/title>\n<meta name=\"description\" content=\"Aatas Cat herkulliset m\u00e4rk\u00e4ruoat kissoille tekev\u00e4t kissastasi onnellisen! Luonnollista, terveellist\u00e4 ja todella hyv\u00e4\u00e4 ruokaa. Mik\u00e4 maku miellytt\u00e4\u00e4 kissasi?\" \/>\n<meta name=\"robots\" content=\"index, follow, max-snippet:-1, max-image-preview:large, max-video-preview:-1\" \/>\n<link rel=\"canonical\" href=\"https:\/\/miumjau.ee\/tuote\/aatas-cat-tantalizing-margtoit-tuunikala-krevetid-80-g\/\" \/>\n<meta property=\"og:locale\" content=\"fi_FI\" \/>\n<meta property=\"og:type\" content=\"article\" \/>\n<meta property=\"og:title\" content=\"Aatas Cat m\u00e4rk\u00e4ruoka kissoille tonnikalalla ja katkarapuilla 80 g - MiuMjau\" \/>\n<meta property=\"og:description\" content=\"Aatas Cat herkulliset m\u00e4rk\u00e4ruoat kissoille tekev\u00e4t kissastasi onnellisen! Luonnollista, terveellist\u00e4 ja todella hyv\u00e4\u00e4 ruokaa. Mik\u00e4 maku miellytt\u00e4\u00e4 kissasi?\" \/>\n<meta property=\"og:url\" content=\"https:\/\/miumjau.ee\/tuote\/aatas-cat-tantalizing-margtoit-tuunikala-krevetid-80-g\/\" \/>\n<meta property=\"og:site_name\" content=\"MiuMjau\" \/>\n<meta property=\"article:publisher\" content=\"https:\/\/www.facebook.com\/miumjaupood\/\" \/>\n<meta property=\"article:modified_time\" content=\"2026-01-07T20:58:57+00:00\" \/>\n<meta property=\"og:image\" content=\"https:\/\/miumjau.ee\/wp-content\/uploads\/2024\/11\/aatas-tantalizing-kosnerv-kassile-tuna-shrimp.jpg\" \/>\n\t<meta property=\"og:image:width\" content=\"600\" \/>\n\t<meta property=\"og:image:height\" content=\"800\" \/>\n\t<meta property=\"og:image:type\" content=\"image\/jpeg\" \/>\n<meta name=\"twitter:card\" content=\"summary_large_image\" \/>\n<script type=\"application\/ld+json\" class=\"yoast-schema-graph\">{\"@context\":\"https:\/\/schema.org\",\"@graph\":[{\"@type\":\"WebPage\",\"@id\":\"https:\/\/miumjau.ee\/tuote\/aatas-cat-tantalizing-margtoit-tuunikala-krevetid-80-g\/\",\"url\":\"https:\/\/miumjau.ee\/tuote\/aatas-cat-tantalizing-margtoit-tuunikala-krevetid-80-g\/\",\"name\":\"Aatas Cat m\u00e4rk\u00e4ruoka kissoille tonnikalalla ja katkarapuilla 80 g - MiuMjau\",\"isPartOf\":{\"@id\":\"https:\/\/miumjau.ee\/#website\"},\"primaryImageOfPage\":{\"@id\":\"https:\/\/miumjau.ee\/tuote\/aatas-cat-tantalizing-margtoit-tuunikala-krevetid-80-g\/#primaryimage\"},\"image\":{\"@id\":\"https:\/\/miumjau.ee\/tuote\/aatas-cat-tantalizing-margtoit-tuunikala-krevetid-80-g\/#primaryimage\"},\"thumbnailUrl\":\"https:\/\/miumjau.ee\/wp-content\/uploads\/2024\/11\/aatas-tantalizing-kosnerv-kassile-tuna-shrimp.jpg\",\"datePublished\":\"2024-11-15T08:22:01+00:00\",\"dateModified\":\"2026-01-07T20:58:57+00:00\",\"description\":\"Aatas Cat herkulliset m\u00e4rk\u00e4ruoat kissoille tekev\u00e4t kissastasi onnellisen! Luonnollista, terveellist\u00e4 ja todella hyv\u00e4\u00e4 ruokaa. Mik\u00e4 maku miellytt\u00e4\u00e4 kissasi?\",\"breadcrumb\":{\"@id\":\"https:\/\/miumjau.ee\/tuote\/aatas-cat-tantalizing-margtoit-tuunikala-krevetid-80-g\/#breadcrumb\"},\"inLanguage\":\"fi\",\"potentialAction\":[{\"@type\":\"ReadAction\",\"target\":[\"https:\/\/miumjau.ee\/tuote\/aatas-cat-tantalizing-margtoit-tuunikala-krevetid-80-g\/\"]}]},{\"@type\":\"ImageObject\",\"inLanguage\":\"fi\",\"@id\":\"https:\/\/miumjau.ee\/tuote\/aatas-cat-tantalizing-margtoit-tuunikala-krevetid-80-g\/#primaryimage\",\"url\":\"https:\/\/miumjau.ee\/wp-content\/uploads\/2024\/11\/aatas-tantalizing-kosnerv-kassile-tuna-shrimp.jpg\",\"contentUrl\":\"https:\/\/miumjau.ee\/wp-content\/uploads\/2024\/11\/aatas-tantalizing-kosnerv-kassile-tuna-shrimp.jpg\",\"width\":600,\"height\":800,\"caption\":\"Aastas Cat konserv kassidele tuna shrimp\"},{\"@type\":\"BreadcrumbList\",\"@id\":\"https:\/\/miumjau.ee\/tuote\/aatas-cat-tantalizing-margtoit-tuunikala-krevetid-80-g\/#breadcrumb\",\"itemListElement\":[{\"@type\":\"ListItem\",\"position\":1,\"name\":\"Home\",\"item\":\"https:\/\/miumjau.ee\/fi\/\"},{\"@type\":\"ListItem\",\"position\":2,\"name\":\"Kauppa\",\"item\":\"https:\/\/miumjau.ee\/fi\/kauppa\/\"},{\"@type\":\"ListItem\",\"position\":3,\"name\":\"Aatas Cat m\u00e4rk\u00e4ruoka kissoille tonnikalalla ja katkarapuilla 80 g\"}]},{\"@type\":\"WebSite\",\"@id\":\"https:\/\/miumjau.ee\/#website\",\"url\":\"https:\/\/miumjau.ee\/\",\"name\":\"MiuMjau\",\"description\":\"Kraapimispuud kassidele\",\"publisher\":{\"@id\":\"https:\/\/miumjau.ee\/#organization\"},\"potentialAction\":[{\"@type\":\"SearchAction\",\"target\":{\"@type\":\"EntryPoint\",\"urlTemplate\":\"https:\/\/miumjau.ee\/?s={search_term_string}\"},\"query-input\":{\"@type\":\"PropertyValueSpecification\",\"valueRequired\":true,\"valueName\":\"search_term_string\"}}],\"inLanguage\":\"fi\"},{\"@type\":\"Organization\",\"@id\":\"https:\/\/miumjau.ee\/#organization\",\"name\":\"MiuMjau O\u00dc\",\"url\":\"https:\/\/miumjau.ee\/\",\"logo\":{\"@type\":\"ImageObject\",\"inLanguage\":\"fi\",\"@id\":\"https:\/\/miumjau.ee\/#\/schema\/logo\/image\/\",\"url\":\"https:\/\/miumjau.ee\/wp-content\/uploads\/2022\/04\/MiuMjau-logo-kollane.png\",\"contentUrl\":\"https:\/\/miumjau.ee\/wp-content\/uploads\/2022\/04\/MiuMjau-logo-kollane.png\",\"width\":219,\"height\":100,\"caption\":\"MiuMjau O\u00dc\"},\"image\":{\"@id\":\"https:\/\/miumjau.ee\/#\/schema\/logo\/image\/\"},\"sameAs\":[\"https:\/\/www.facebook.com\/miumjaupood\/\"]}]}<\/script>\n<!-- \/ Yoast SEO plugin. -->","yoast_head_json":{"title":"Aatas Cat m\u00e4rk\u00e4ruoka kissoille tonnikalalla ja katkarapuilla 80 g - MiuMjau","description":"Aatas Cat herkulliset m\u00e4rk\u00e4ruoat kissoille tekev\u00e4t kissastasi onnellisen! Luonnollista, terveellist\u00e4 ja todella hyv\u00e4\u00e4 ruokaa. Mik\u00e4 maku miellytt\u00e4\u00e4 kissasi?","robots":{"index":"index","follow":"follow","max-snippet":"max-snippet:-1","max-image-preview":"max-image-preview:large","max-video-preview":"max-video-preview:-1"},"canonical":"https:\/\/miumjau.ee\/tuote\/aatas-cat-tantalizing-margtoit-tuunikala-krevetid-80-g\/","og_locale":"fi_FI","og_type":"article","og_title":"Aatas Cat m\u00e4rk\u00e4ruoka kissoille tonnikalalla ja katkarapuilla 80 g - MiuMjau","og_description":"Aatas Cat herkulliset m\u00e4rk\u00e4ruoat kissoille tekev\u00e4t kissastasi onnellisen! Luonnollista, terveellist\u00e4 ja todella hyv\u00e4\u00e4 ruokaa. Mik\u00e4 maku miellytt\u00e4\u00e4 kissasi?","og_url":"https:\/\/miumjau.ee\/tuote\/aatas-cat-tantalizing-margtoit-tuunikala-krevetid-80-g\/","og_site_name":"MiuMjau","article_publisher":"https:\/\/www.facebook.com\/miumjaupood\/","article_modified_time":"2026-01-07T20:58:57+00:00","og_image":[{"width":600,"height":800,"url":"https:\/\/miumjau.ee\/wp-content\/uploads\/2024\/11\/aatas-tantalizing-kosnerv-kassile-tuna-shrimp.jpg","type":"image\/jpeg"}],"twitter_card":"summary_large_image","schema":{"@context":"https:\/\/schema.org","@graph":[{"@type":"WebPage","@id":"https:\/\/miumjau.ee\/tuote\/aatas-cat-tantalizing-margtoit-tuunikala-krevetid-80-g\/","url":"https:\/\/miumjau.ee\/tuote\/aatas-cat-tantalizing-margtoit-tuunikala-krevetid-80-g\/","name":"Aatas Cat m\u00e4rk\u00e4ruoka kissoille tonnikalalla ja katkarapuilla 80 g - MiuMjau","isPartOf":{"@id":"https:\/\/miumjau.ee\/#website"},"primaryImageOfPage":{"@id":"https:\/\/miumjau.ee\/tuote\/aatas-cat-tantalizing-margtoit-tuunikala-krevetid-80-g\/#primaryimage"},"image":{"@id":"https:\/\/miumjau.ee\/tuote\/aatas-cat-tantalizing-margtoit-tuunikala-krevetid-80-g\/#primaryimage"},"thumbnailUrl":"https:\/\/miumjau.ee\/wp-content\/uploads\/2024\/11\/aatas-tantalizing-kosnerv-kassile-tuna-shrimp.jpg","datePublished":"2024-11-15T08:22:01+00:00","dateModified":"2026-01-07T20:58:57+00:00","description":"Aatas Cat herkulliset m\u00e4rk\u00e4ruoat kissoille tekev\u00e4t kissastasi onnellisen! Luonnollista, terveellist\u00e4 ja todella hyv\u00e4\u00e4 ruokaa. Mik\u00e4 maku miellytt\u00e4\u00e4 kissasi?","breadcrumb":{"@id":"https:\/\/miumjau.ee\/tuote\/aatas-cat-tantalizing-margtoit-tuunikala-krevetid-80-g\/#breadcrumb"},"inLanguage":"fi","potentialAction":[{"@type":"ReadAction","target":["https:\/\/miumjau.ee\/tuote\/aatas-cat-tantalizing-margtoit-tuunikala-krevetid-80-g\/"]}]},{"@type":"ImageObject","inLanguage":"fi","@id":"https:\/\/miumjau.ee\/tuote\/aatas-cat-tantalizing-margtoit-tuunikala-krevetid-80-g\/#primaryimage","url":"https:\/\/miumjau.ee\/wp-content\/uploads\/2024\/11\/aatas-tantalizing-kosnerv-kassile-tuna-shrimp.jpg","contentUrl":"https:\/\/miumjau.ee\/wp-content\/uploads\/2024\/11\/aatas-tantalizing-kosnerv-kassile-tuna-shrimp.jpg","width":600,"height":800,"caption":"Aastas Cat konserv kassidele tuna shrimp"},{"@type":"BreadcrumbList","@id":"https:\/\/miumjau.ee\/tuote\/aatas-cat-tantalizing-margtoit-tuunikala-krevetid-80-g\/#breadcrumb","itemListElement":[{"@type":"ListItem","position":1,"name":"Home","item":"https:\/\/miumjau.ee\/fi\/"},{"@type":"ListItem","position":2,"name":"Kauppa","item":"https:\/\/miumjau.ee\/fi\/kauppa\/"},{"@type":"ListItem","position":3,"name":"Aatas Cat m\u00e4rk\u00e4ruoka kissoille tonnikalalla ja katkarapuilla 80 g"}]},{"@type":"WebSite","@id":"https:\/\/miumjau.ee\/#website","url":"https:\/\/miumjau.ee\/","name":"MiuMjau","description":"Kraapimispuud kassidele","publisher":{"@id":"https:\/\/miumjau.ee\/#organization"},"potentialAction":[{"@type":"SearchAction","target":{"@type":"EntryPoint","urlTemplate":"https:\/\/miumjau.ee\/?s={search_term_string}"},"query-input":{"@type":"PropertyValueSpecification","valueRequired":true,"valueName":"search_term_string"}}],"inLanguage":"fi"},{"@type":"Organization","@id":"https:\/\/miumjau.ee\/#organization","name":"MiuMjau O\u00dc","url":"https:\/\/miumjau.ee\/","logo":{"@type":"ImageObject","inLanguage":"fi","@id":"https:\/\/miumjau.ee\/#\/schema\/logo\/image\/","url":"https:\/\/miumjau.ee\/wp-content\/uploads\/2022\/04\/MiuMjau-logo-kollane.png","contentUrl":"https:\/\/miumjau.ee\/wp-content\/uploads\/2022\/04\/MiuMjau-logo-kollane.png","width":219,"height":100,"caption":"MiuMjau O\u00dc"},"image":{"@id":"https:\/\/miumjau.ee\/#\/schema\/logo\/image\/"},"sameAs":["https:\/\/www.facebook.com\/miumjaupood\/"]}]}},"_links":{"self":[{"href":"https:\/\/miumjau.ee\/fi\/wp-json\/wp\/v2\/product\/24293","targetHints":{"allow":["GET"]}}],"collection":[{"href":"https:\/\/miumjau.ee\/fi\/wp-json\/wp\/v2\/product"}],"about":[{"href":"https:\/\/miumjau.ee\/fi\/wp-json\/wp\/v2\/types\/product"}],"wp:featuredmedia":[{"embeddable":true,"href":"https:\/\/miumjau.ee\/fi\/wp-json\/wp\/v2\/media\/24297"}],"wp:attachment":[{"href":"https:\/\/miumjau.ee\/fi\/wp-json\/wp\/v2\/media?parent=24293"}],"wp:term":[{"taxonomy":"product_brand","embeddable":true,"href":"https:\/\/miumjau.ee\/fi\/wp-json\/wp\/v2\/product_brand?post=24293"},{"taxonomy":"product_cat","embeddable":true,"href":"https:\/\/miumjau.ee\/fi\/wp-json\/wp\/v2\/product_cat?post=24293"},{"taxonomy":"product_tag","embeddable":true,"href":"https:\/\/miumjau.ee\/fi\/wp-json\/wp\/v2\/product_tag?post=24293"}],"curies":[{"name":"wp","href":"https:\/\/api.w.org\/{rel}","templated":true}]}}