{"id":23805,"date":"2024-11-07T14:52:43","date_gmt":"2024-11-07T12:52:43","guid":{"rendered":"https:\/\/miumjau.ee\/toode\/platinum-meatcrisp-kuivaruoka-steriloidulle-kissalle-kalaa-1-5-kg\/"},"modified":"2026-01-07T22:58:57","modified_gmt":"2026-01-07T20:58:57","slug":"platinum-meatcrisp-kuivaruoka-steriloidulle-kissalle-kalaa-1-5-kg","status":"publish","type":"product","link":"https:\/\/miumjau.ee\/fi\/tuote\/platinum-meatcrisp-kuivaruoka-steriloidulle-kissalle-kalaa-1-5-kg\/","title":{"rendered":"Platinum MeatCrisp kuivaruoka steriloidulle kissalle, kalaa 1.5 kg"},"content":{"rendered":"","protected":false},"excerpt":{"rendered":"<p>MeatCrisp on ensimm\u00e4inen terveellinen kissanruoka, joka on valmistettu kuivatusta tuoreesta lihasta. Se sis\u00e4lt\u00e4\u00e4 tuoreen lihan luonnollisia mikroravinteita ja aminohappoja, mik\u00e4 tekee MeatCrispist\u00e4 paremman vaihtoehdon kissan saalisel\u00e4imelle kuin useimmat kaupalliset kissanruoat. Jos ruokit kissaasi MeatCrispill\u00e4, se tuntee olonsa vakaammaksi ja rauhallisemmaksi ja on siten onnellisempi. MeatCrispin rapea suutuntuma ja lihaisa maku ovat niin herkullisia, ettei kissasi halua sy\u00f6d\u00e4 mit\u00e4\u00e4n muuta. MeatCrisp ei sis\u00e4ll\u00e4 houkuttimia.<\/p>\n<p><strong>82 % tuoretta lihaa (ei lihajauhoa)<\/strong><br \/>\n<strong>Luonnolliset ainesosat<\/strong><br \/>\n<strong>Ilman houkuttimia<\/strong><br \/>\n<strong>Ei gluteenia sis\u00e4lt\u00e4vi\u00e4 viljoja<\/strong><br \/>\n<strong>Ravitseva ja helposti sulava<\/strong><br \/>\n<strong>Optimoitu tauriinipitoisuus<\/strong><\/p>\n<p><strong>Koostumus<\/strong>: Tuore kalaliha 82 %, Flor de Ma\u00edz* (maissi), kookos\u00f6ljy** (60 % lauriinihappoa), rypsi\u00f6ljy**, herneet*, panimohiiva*, kasvikuitu*. (*kuivattu, **kylm\u00e4puristettu, neitsyt)<\/p>\n<p><strong>Analysoidut aineosat<\/strong>: Raakaproteiini 36 %, raakakuitu 3 %, raakarasva 11 %, kalsium 1,1 %, raakatuhka 6 %, fosfori 1 %<\/p>\n<p><strong>Kalorit 100 g<\/strong>: 354 kcal<\/p>\n","protected":false},"featured_media":23732,"template":"","meta":[],"product_brand":[],"product_cat":[255],"product_tag":[],"class_list":{"0":"post-23805","1":"product","2":"type-product","3":"status-publish","4":"has-post-thumbnail","6":"product_cat-kuiva-ruoka","8":"first","9":"instock","10":"taxable","11":"shipping-taxable","12":"purchasable","13":"product-type-simple"},"yoast_head":"<!-- This site is optimized with the Yoast SEO plugin v27.4 - https:\/\/yoast.com\/product\/yoast-seo-wordpress\/ -->\n<title>Platinum MeatCrisp kuivaruoka steriloidulle kissalle, kalaa 1.5 kg - MiuMjau<\/title>\n<meta name=\"description\" content=\"Platinumi \u00fclikvaliteetne ja maitsev toit on unikaalne ning pakub su kassile telist r\u00f5\u00f5mu! Ehtne maitse v\u00e4rskest lihast, ei mingit kondijahu! Vaid parim!\" \/>\n<meta name=\"robots\" content=\"index, follow, max-snippet:-1, max-image-preview:large, max-video-preview:-1\" \/>\n<link rel=\"canonical\" href=\"https:\/\/miumjau.ee\/tuote\/platinum-meatcrisp-kuivtoit-steriliseeritud-kassile-kalaga-1-5-kg\/\" \/>\n<meta property=\"og:locale\" content=\"fi_FI\" \/>\n<meta property=\"og:type\" content=\"article\" \/>\n<meta property=\"og:title\" content=\"Platinum MeatCrisp kuivaruoka steriloidulle kissalle, kalaa 1.5 kg - MiuMjau\" \/>\n<meta property=\"og:description\" content=\"Platinumi \u00fclikvaliteetne ja maitsev toit on unikaalne ning pakub su kassile telist r\u00f5\u00f5mu! Ehtne maitse v\u00e4rskest lihast, ei mingit kondijahu! Vaid parim!\" \/>\n<meta property=\"og:url\" content=\"https:\/\/miumjau.ee\/tuote\/platinum-meatcrisp-kuivtoit-steriliseeritud-kassile-kalaga-1-5-kg\/\" \/>\n<meta property=\"og:site_name\" content=\"MiuMjau\" \/>\n<meta property=\"article:publisher\" content=\"https:\/\/www.facebook.com\/miumjaupood\/\" \/>\n<meta property=\"article:modified_time\" content=\"2026-01-07T20:58:57+00:00\" \/>\n<meta property=\"og:image\" content=\"https:\/\/miumjau.ee\/wp-content\/uploads\/2024\/11\/platinum-kuivtoit-pood9.jpg\" \/>\n\t<meta property=\"og:image:width\" content=\"600\" \/>\n\t<meta property=\"og:image:height\" content=\"800\" \/>\n\t<meta property=\"og:image:type\" content=\"image\/jpeg\" \/>\n<meta name=\"twitter:card\" content=\"summary_large_image\" \/>\n<script type=\"application\/ld+json\" class=\"yoast-schema-graph\">{\"@context\":\"https:\\\/\\\/schema.org\",\"@graph\":[{\"@type\":\"WebPage\",\"@id\":\"https:\\\/\\\/miumjau.ee\\\/tuote\\\/platinum-meatcrisp-kuivtoit-steriliseeritud-kassile-kalaga-1-5-kg\\\/\",\"url\":\"https:\\\/\\\/miumjau.ee\\\/tuote\\\/platinum-meatcrisp-kuivtoit-steriliseeritud-kassile-kalaga-1-5-kg\\\/\",\"name\":\"Platinum MeatCrisp kuivaruoka steriloidulle kissalle, kalaa 1.5 kg - MiuMjau\",\"isPartOf\":{\"@id\":\"https:\\\/\\\/miumjau.ee\\\/#website\"},\"primaryImageOfPage\":{\"@id\":\"https:\\\/\\\/miumjau.ee\\\/tuote\\\/platinum-meatcrisp-kuivtoit-steriliseeritud-kassile-kalaga-1-5-kg\\\/#primaryimage\"},\"image\":{\"@id\":\"https:\\\/\\\/miumjau.ee\\\/tuote\\\/platinum-meatcrisp-kuivtoit-steriliseeritud-kassile-kalaga-1-5-kg\\\/#primaryimage\"},\"thumbnailUrl\":\"https:\\\/\\\/miumjau.ee\\\/wp-content\\\/uploads\\\/2024\\\/11\\\/platinum-kuivtoit-pood9.jpg\",\"datePublished\":\"2024-11-07T12:52:43+00:00\",\"dateModified\":\"2026-01-07T20:58:57+00:00\",\"description\":\"Platinumi \u00fclikvaliteetne ja maitsev toit on unikaalne ning pakub su kassile telist r\u00f5\u00f5mu! Ehtne maitse v\u00e4rskest lihast, ei mingit kondijahu! Vaid parim!\",\"breadcrumb\":{\"@id\":\"https:\\\/\\\/miumjau.ee\\\/tuote\\\/platinum-meatcrisp-kuivtoit-steriliseeritud-kassile-kalaga-1-5-kg\\\/#breadcrumb\"},\"inLanguage\":\"fi\",\"potentialAction\":[{\"@type\":\"ReadAction\",\"target\":[\"https:\\\/\\\/miumjau.ee\\\/tuote\\\/platinum-meatcrisp-kuivtoit-steriliseeritud-kassile-kalaga-1-5-kg\\\/\"]}]},{\"@type\":\"ImageObject\",\"inLanguage\":\"fi\",\"@id\":\"https:\\\/\\\/miumjau.ee\\\/tuote\\\/platinum-meatcrisp-kuivtoit-steriliseeritud-kassile-kalaga-1-5-kg\\\/#primaryimage\",\"url\":\"https:\\\/\\\/miumjau.ee\\\/wp-content\\\/uploads\\\/2024\\\/11\\\/platinum-kuivtoit-pood9.jpg\",\"contentUrl\":\"https:\\\/\\\/miumjau.ee\\\/wp-content\\\/uploads\\\/2024\\\/11\\\/platinum-kuivtoit-pood9.jpg\",\"width\":600,\"height\":800,\"caption\":\"Platinum kuivtoit kassile\"},{\"@type\":\"BreadcrumbList\",\"@id\":\"https:\\\/\\\/miumjau.ee\\\/tuote\\\/platinum-meatcrisp-kuivtoit-steriliseeritud-kassile-kalaga-1-5-kg\\\/#breadcrumb\",\"itemListElement\":[{\"@type\":\"ListItem\",\"position\":1,\"name\":\"Home\",\"item\":\"https:\\\/\\\/miumjau.ee\\\/fi\\\/\"},{\"@type\":\"ListItem\",\"position\":2,\"name\":\"Kauppa\",\"item\":\"https:\\\/\\\/miumjau.ee\\\/fi\\\/kauppa\\\/\"},{\"@type\":\"ListItem\",\"position\":3,\"name\":\"Platinum MeatCrisp kuivaruoka steriloidulle kissalle, kalaa 1.5 kg\"}]},{\"@type\":\"WebSite\",\"@id\":\"https:\\\/\\\/miumjau.ee\\\/#website\",\"url\":\"https:\\\/\\\/miumjau.ee\\\/\",\"name\":\"MiuMjau\",\"description\":\"Kraapimispuud kassidele\",\"publisher\":{\"@id\":\"https:\\\/\\\/miumjau.ee\\\/#organization\"},\"potentialAction\":[{\"@type\":\"SearchAction\",\"target\":{\"@type\":\"EntryPoint\",\"urlTemplate\":\"https:\\\/\\\/miumjau.ee\\\/?s={search_term_string}\"},\"query-input\":{\"@type\":\"PropertyValueSpecification\",\"valueRequired\":true,\"valueName\":\"search_term_string\"}}],\"inLanguage\":\"fi\"},{\"@type\":\"Organization\",\"@id\":\"https:\\\/\\\/miumjau.ee\\\/#organization\",\"name\":\"MiuMjau O\u00dc\",\"url\":\"https:\\\/\\\/miumjau.ee\\\/\",\"logo\":{\"@type\":\"ImageObject\",\"inLanguage\":\"fi\",\"@id\":\"https:\\\/\\\/miumjau.ee\\\/#\\\/schema\\\/logo\\\/image\\\/\",\"url\":\"https:\\\/\\\/miumjau.ee\\\/wp-content\\\/uploads\\\/2022\\\/04\\\/MiuMjau-logo-kollane.png\",\"contentUrl\":\"https:\\\/\\\/miumjau.ee\\\/wp-content\\\/uploads\\\/2022\\\/04\\\/MiuMjau-logo-kollane.png\",\"width\":219,\"height\":100,\"caption\":\"MiuMjau O\u00dc\"},\"image\":{\"@id\":\"https:\\\/\\\/miumjau.ee\\\/#\\\/schema\\\/logo\\\/image\\\/\"},\"sameAs\":[\"https:\\\/\\\/www.facebook.com\\\/miumjaupood\\\/\"]}]}<\/script>\n<!-- \/ Yoast SEO plugin. -->","yoast_head_json":{"title":"Platinum MeatCrisp kuivaruoka steriloidulle kissalle, kalaa 1.5 kg - MiuMjau","description":"Platinumi \u00fclikvaliteetne ja maitsev toit on unikaalne ning pakub su kassile telist r\u00f5\u00f5mu! Ehtne maitse v\u00e4rskest lihast, ei mingit kondijahu! Vaid parim!","robots":{"index":"index","follow":"follow","max-snippet":"max-snippet:-1","max-image-preview":"max-image-preview:large","max-video-preview":"max-video-preview:-1"},"canonical":"https:\/\/miumjau.ee\/tuote\/platinum-meatcrisp-kuivtoit-steriliseeritud-kassile-kalaga-1-5-kg\/","og_locale":"fi_FI","og_type":"article","og_title":"Platinum MeatCrisp kuivaruoka steriloidulle kissalle, kalaa 1.5 kg - MiuMjau","og_description":"Platinumi \u00fclikvaliteetne ja maitsev toit on unikaalne ning pakub su kassile telist r\u00f5\u00f5mu! Ehtne maitse v\u00e4rskest lihast, ei mingit kondijahu! Vaid parim!","og_url":"https:\/\/miumjau.ee\/tuote\/platinum-meatcrisp-kuivtoit-steriliseeritud-kassile-kalaga-1-5-kg\/","og_site_name":"MiuMjau","article_publisher":"https:\/\/www.facebook.com\/miumjaupood\/","article_modified_time":"2026-01-07T20:58:57+00:00","og_image":[{"width":600,"height":800,"url":"https:\/\/miumjau.ee\/wp-content\/uploads\/2024\/11\/platinum-kuivtoit-pood9.jpg","type":"image\/jpeg"}],"twitter_card":"summary_large_image","schema":{"@context":"https:\/\/schema.org","@graph":[{"@type":"WebPage","@id":"https:\/\/miumjau.ee\/tuote\/platinum-meatcrisp-kuivtoit-steriliseeritud-kassile-kalaga-1-5-kg\/","url":"https:\/\/miumjau.ee\/tuote\/platinum-meatcrisp-kuivtoit-steriliseeritud-kassile-kalaga-1-5-kg\/","name":"Platinum MeatCrisp kuivaruoka steriloidulle kissalle, kalaa 1.5 kg - MiuMjau","isPartOf":{"@id":"https:\/\/miumjau.ee\/#website"},"primaryImageOfPage":{"@id":"https:\/\/miumjau.ee\/tuote\/platinum-meatcrisp-kuivtoit-steriliseeritud-kassile-kalaga-1-5-kg\/#primaryimage"},"image":{"@id":"https:\/\/miumjau.ee\/tuote\/platinum-meatcrisp-kuivtoit-steriliseeritud-kassile-kalaga-1-5-kg\/#primaryimage"},"thumbnailUrl":"https:\/\/miumjau.ee\/wp-content\/uploads\/2024\/11\/platinum-kuivtoit-pood9.jpg","datePublished":"2024-11-07T12:52:43+00:00","dateModified":"2026-01-07T20:58:57+00:00","description":"Platinumi \u00fclikvaliteetne ja maitsev toit on unikaalne ning pakub su kassile telist r\u00f5\u00f5mu! Ehtne maitse v\u00e4rskest lihast, ei mingit kondijahu! Vaid parim!","breadcrumb":{"@id":"https:\/\/miumjau.ee\/tuote\/platinum-meatcrisp-kuivtoit-steriliseeritud-kassile-kalaga-1-5-kg\/#breadcrumb"},"inLanguage":"fi","potentialAction":[{"@type":"ReadAction","target":["https:\/\/miumjau.ee\/tuote\/platinum-meatcrisp-kuivtoit-steriliseeritud-kassile-kalaga-1-5-kg\/"]}]},{"@type":"ImageObject","inLanguage":"fi","@id":"https:\/\/miumjau.ee\/tuote\/platinum-meatcrisp-kuivtoit-steriliseeritud-kassile-kalaga-1-5-kg\/#primaryimage","url":"https:\/\/miumjau.ee\/wp-content\/uploads\/2024\/11\/platinum-kuivtoit-pood9.jpg","contentUrl":"https:\/\/miumjau.ee\/wp-content\/uploads\/2024\/11\/platinum-kuivtoit-pood9.jpg","width":600,"height":800,"caption":"Platinum kuivtoit kassile"},{"@type":"BreadcrumbList","@id":"https:\/\/miumjau.ee\/tuote\/platinum-meatcrisp-kuivtoit-steriliseeritud-kassile-kalaga-1-5-kg\/#breadcrumb","itemListElement":[{"@type":"ListItem","position":1,"name":"Home","item":"https:\/\/miumjau.ee\/fi\/"},{"@type":"ListItem","position":2,"name":"Kauppa","item":"https:\/\/miumjau.ee\/fi\/kauppa\/"},{"@type":"ListItem","position":3,"name":"Platinum MeatCrisp kuivaruoka steriloidulle kissalle, kalaa 1.5 kg"}]},{"@type":"WebSite","@id":"https:\/\/miumjau.ee\/#website","url":"https:\/\/miumjau.ee\/","name":"MiuMjau","description":"Kraapimispuud kassidele","publisher":{"@id":"https:\/\/miumjau.ee\/#organization"},"potentialAction":[{"@type":"SearchAction","target":{"@type":"EntryPoint","urlTemplate":"https:\/\/miumjau.ee\/?s={search_term_string}"},"query-input":{"@type":"PropertyValueSpecification","valueRequired":true,"valueName":"search_term_string"}}],"inLanguage":"fi"},{"@type":"Organization","@id":"https:\/\/miumjau.ee\/#organization","name":"MiuMjau O\u00dc","url":"https:\/\/miumjau.ee\/","logo":{"@type":"ImageObject","inLanguage":"fi","@id":"https:\/\/miumjau.ee\/#\/schema\/logo\/image\/","url":"https:\/\/miumjau.ee\/wp-content\/uploads\/2022\/04\/MiuMjau-logo-kollane.png","contentUrl":"https:\/\/miumjau.ee\/wp-content\/uploads\/2022\/04\/MiuMjau-logo-kollane.png","width":219,"height":100,"caption":"MiuMjau O\u00dc"},"image":{"@id":"https:\/\/miumjau.ee\/#\/schema\/logo\/image\/"},"sameAs":["https:\/\/www.facebook.com\/miumjaupood\/"]}]}},"_links":{"self":[{"href":"https:\/\/miumjau.ee\/fi\/wp-json\/wp\/v2\/product\/23805","targetHints":{"allow":["GET"]}}],"collection":[{"href":"https:\/\/miumjau.ee\/fi\/wp-json\/wp\/v2\/product"}],"about":[{"href":"https:\/\/miumjau.ee\/fi\/wp-json\/wp\/v2\/types\/product"}],"wp:featuredmedia":[{"embeddable":true,"href":"https:\/\/miumjau.ee\/fi\/wp-json\/wp\/v2\/media\/23732"}],"wp:attachment":[{"href":"https:\/\/miumjau.ee\/fi\/wp-json\/wp\/v2\/media?parent=23805"}],"wp:term":[{"taxonomy":"product_brand","embeddable":true,"href":"https:\/\/miumjau.ee\/fi\/wp-json\/wp\/v2\/product_brand?post=23805"},{"taxonomy":"product_cat","embeddable":true,"href":"https:\/\/miumjau.ee\/fi\/wp-json\/wp\/v2\/product_cat?post=23805"},{"taxonomy":"product_tag","embeddable":true,"href":"https:\/\/miumjau.ee\/fi\/wp-json\/wp\/v2\/product_tag?post=23805"}],"curies":[{"name":"wp","href":"https:\/\/api.w.org\/{rel}","templated":true}]}}