{"id":23749,"date":"2024-11-06T19:59:29","date_gmt":"2024-11-06T17:59:29","guid":{"rendered":"https:\/\/miumjau.ee\/toode\/platinum-meatcrisp-sterilised-kuivaruoka-kissalle-kanalla-1-5-kg\/"},"modified":"2026-01-07T22:59:04","modified_gmt":"2026-01-07T20:59:04","slug":"platinum-meatcrisp-sterilised-kuivaruoka-kissalle-kanalla-1-5-kg","status":"publish","type":"product","link":"https:\/\/miumjau.ee\/fi\/tuote\/platinum-meatcrisp-sterilised-kuivaruoka-kissalle-kanalla-1-5-kg\/","title":{"rendered":"Platinum MeatCrisp Sterilised kuivaruoka kissalle kanalla 1.5 kg"},"content":{"rendered":"","protected":false},"excerpt":{"rendered":"<p>MeatCrisp on ensimm\u00e4inen t\u00e4ysipainoinen kissanruoka, joka on valmistettu Freshmeatdryerin avulla. Se sis\u00e4lt\u00e4\u00e4 tuoreen lihan luonnollisia mikroravinteita ja aminohappoja, mik\u00e4 tekee siit\u00e4 paremman vaihtoehdon kissan luonnolliselle saalistukselle verrattuna useimpiin kaupallisiin kissanruokiin. Jos ruokit kissaasi MeatCrispilla, se tuntee olonsa vakaammaksi ja tyytyv\u00e4isemm\u00e4ksi ja on siten onnellisempi. MeatCrispin rapea suutuntuma ja lihainen maku ovat niin herkullisia, ettei kissasi halua sy\u00f6d\u00e4 en\u00e4\u00e4 mit\u00e4\u00e4n muuta. MeatCrisp ei sis\u00e4ll\u00e4 houkutusaineita.<\/p>\n<p><strong>MeatCrispin Freshmeatdryer-ruoan edut:<\/strong><\/p>\n<ul>\n<li>83 % tuoretta lihaa (ei liha- tai luujauhoa)<\/li>\n<li>luonnolliset ainesosat<\/li>\n<li>ei houkutusaineita<\/li>\n<li>ei gluteenipitoisia viljoja<\/li>\n<li>ravitseva ja helposti sulava<\/li>\n<li>optimoitu tauriinipitoisuus<\/li>\n<\/ul>\n<p><strong>Koostumus:<\/strong> tuoretta kananlihaa 83 %, maissijauho, tuoretta lohta, perunan*, herneiden* ja riisin sekoitus, panimohiiva*, kasvikuitu*, kananmuna*, suola, lohi\u00f6ljy, sikurijuuri* (FOS). (*kuivattu)<\/p>\n<p><strong>Analyyttinen koostumus:<\/strong> Raakaproteiini 36 %, raakakuitu 3 %, raakarasva 11 %, kalsium 1,1 %, raakatuhka 6,9 %, fosfori 1 %.<\/p>\n<p>Kalorit per 100 g &#8211; 356 kcal<\/p>\n","protected":false},"featured_media":23728,"template":"","meta":[],"product_brand":[],"product_cat":[255],"product_tag":[],"class_list":{"0":"post-23749","1":"product","2":"type-product","3":"status-publish","4":"has-post-thumbnail","6":"product_cat-kuiva-ruoka","8":"first","9":"instock","10":"taxable","11":"shipping-taxable","12":"purchasable","13":"product-type-simple"},"yoast_head":"<!-- This site is optimized with the Yoast SEO plugin v27.4 - https:\/\/yoast.com\/product\/yoast-seo-wordpress\/ -->\n<title>Platinum MeatCrisp Sterilised kuivaruoka kissalle kanalla 1.5 kg - MiuMjau<\/title>\n<meta name=\"robots\" content=\"index, follow, max-snippet:-1, max-image-preview:large, max-video-preview:-1\" \/>\n<link rel=\"canonical\" href=\"https:\/\/miumjau.ee\/fi\/tuote\/platinum-meatcrisp-sterilised-kuivaruoka-kissalle-kanalla-1-5-kg\/\" \/>\n<meta property=\"og:locale\" content=\"fi_FI\" \/>\n<meta property=\"og:type\" content=\"article\" \/>\n<meta property=\"og:title\" content=\"Platinum MeatCrisp Sterilised kuivaruoka kissalle kanalla 1.5 kg - MiuMjau\" \/>\n<meta property=\"og:description\" content=\"MeatCrisp on ensimm\u00e4inen t\u00e4ysipainoinen kissanruoka, joka on valmistettu Freshmeatdryerin avulla. Se sis\u00e4lt\u00e4\u00e4 tuoreen lihan luonnollisia mikroravinteita ja aminohappoja, mik\u00e4 tekee siit\u00e4 paremman vaihtoehdon kissan luonnolliselle saalistukselle verrattuna useimpiin kaupallisiin kissanruokiin. Jos ruokit kissaasi MeatCrispilla, se tuntee olonsa vakaammaksi ja tyytyv\u00e4isemm\u00e4ksi ja on siten onnellisempi. MeatCrispin rapea suutuntuma ja lihainen maku ovat niin herkullisia, ettei kissasi halua sy\u00f6d\u00e4 en\u00e4\u00e4 mit\u00e4\u00e4n muuta. MeatCrisp ei sis\u00e4ll\u00e4 houkutusaineita.  MeatCrispin Freshmeatdryer-ruoan edut:   83 % tuoretta lihaa (ei liha- tai luujauhoa)  luonnolliset ainesosat  ei houkutusaineita  ei gluteenipitoisia viljoja  ravitseva ja helposti sulava  optimoitu tauriinipitoisuus  Koostumus: tuoretta kananlihaa 83 %, maissijauho, tuoretta lohta, perunan*, herneiden* ja riisin sekoitus, panimohiiva*, kasvikuitu*, kananmuna*, suola, lohi\u00f6ljy, sikurijuuri* (FOS). (*kuivattu)  Analyyttinen koostumus: Raakaproteiini 36 %, raakakuitu 3 %, raakarasva 11 %, kalsium 1,1 %, raakatuhka 6,9 %, fosfori 1 %.  Kalorit per 100 g - 356 kcal\" \/>\n<meta property=\"og:url\" content=\"https:\/\/miumjau.ee\/fi\/tuote\/platinum-meatcrisp-sterilised-kuivaruoka-kissalle-kanalla-1-5-kg\/\" \/>\n<meta property=\"og:site_name\" content=\"MiuMjau\" \/>\n<meta property=\"article:publisher\" content=\"https:\/\/www.facebook.com\/miumjaupood\/\" \/>\n<meta property=\"article:modified_time\" content=\"2026-01-07T20:59:04+00:00\" \/>\n<meta property=\"og:image\" content=\"https:\/\/miumjau.ee\/wp-content\/uploads\/2024\/11\/platinum-kuivtoit-pood8.jpg\" \/>\n\t<meta property=\"og:image:width\" content=\"600\" \/>\n\t<meta property=\"og:image:height\" content=\"800\" \/>\n\t<meta property=\"og:image:type\" content=\"image\/jpeg\" \/>\n<meta name=\"twitter:card\" content=\"summary_large_image\" \/>\n<script type=\"application\/ld+json\" class=\"yoast-schema-graph\">{\"@context\":\"https:\\\/\\\/schema.org\",\"@graph\":[{\"@type\":\"WebPage\",\"@id\":\"https:\\\/\\\/miumjau.ee\\\/fi\\\/tuote\\\/platinum-meatcrisp-sterilised-kuivaruoka-kissalle-kanalla-1-5-kg\\\/\",\"url\":\"https:\\\/\\\/miumjau.ee\\\/fi\\\/tuote\\\/platinum-meatcrisp-sterilised-kuivaruoka-kissalle-kanalla-1-5-kg\\\/\",\"name\":\"Platinum MeatCrisp Sterilised kuivaruoka kissalle kanalla 1.5 kg - MiuMjau\",\"isPartOf\":{\"@id\":\"https:\\\/\\\/miumjau.ee\\\/#website\"},\"primaryImageOfPage\":{\"@id\":\"https:\\\/\\\/miumjau.ee\\\/fi\\\/tuote\\\/platinum-meatcrisp-sterilised-kuivaruoka-kissalle-kanalla-1-5-kg\\\/#primaryimage\"},\"image\":{\"@id\":\"https:\\\/\\\/miumjau.ee\\\/fi\\\/tuote\\\/platinum-meatcrisp-sterilised-kuivaruoka-kissalle-kanalla-1-5-kg\\\/#primaryimage\"},\"thumbnailUrl\":\"https:\\\/\\\/miumjau.ee\\\/wp-content\\\/uploads\\\/2024\\\/11\\\/platinum-kuivtoit-pood8.jpg\",\"datePublished\":\"2024-11-06T17:59:29+00:00\",\"dateModified\":\"2026-01-07T20:59:04+00:00\",\"breadcrumb\":{\"@id\":\"https:\\\/\\\/miumjau.ee\\\/fi\\\/tuote\\\/platinum-meatcrisp-sterilised-kuivaruoka-kissalle-kanalla-1-5-kg\\\/#breadcrumb\"},\"inLanguage\":\"fi\",\"potentialAction\":[{\"@type\":\"ReadAction\",\"target\":[\"https:\\\/\\\/miumjau.ee\\\/fi\\\/tuote\\\/platinum-meatcrisp-sterilised-kuivaruoka-kissalle-kanalla-1-5-kg\\\/\"]}]},{\"@type\":\"ImageObject\",\"inLanguage\":\"fi\",\"@id\":\"https:\\\/\\\/miumjau.ee\\\/fi\\\/tuote\\\/platinum-meatcrisp-sterilised-kuivaruoka-kissalle-kanalla-1-5-kg\\\/#primaryimage\",\"url\":\"https:\\\/\\\/miumjau.ee\\\/wp-content\\\/uploads\\\/2024\\\/11\\\/platinum-kuivtoit-pood8.jpg\",\"contentUrl\":\"https:\\\/\\\/miumjau.ee\\\/wp-content\\\/uploads\\\/2024\\\/11\\\/platinum-kuivtoit-pood8.jpg\",\"width\":600,\"height\":800,\"caption\":\"Platinum kuivtoit kassile\"},{\"@type\":\"BreadcrumbList\",\"@id\":\"https:\\\/\\\/miumjau.ee\\\/fi\\\/tuote\\\/platinum-meatcrisp-sterilised-kuivaruoka-kissalle-kanalla-1-5-kg\\\/#breadcrumb\",\"itemListElement\":[{\"@type\":\"ListItem\",\"position\":1,\"name\":\"Home\",\"item\":\"https:\\\/\\\/miumjau.ee\\\/fi\\\/\"},{\"@type\":\"ListItem\",\"position\":2,\"name\":\"Kauppa\",\"item\":\"https:\\\/\\\/miumjau.ee\\\/fi\\\/kauppa\\\/\"},{\"@type\":\"ListItem\",\"position\":3,\"name\":\"Platinum MeatCrisp Sterilised kuivaruoka kissalle kanalla 1.5 kg\"}]},{\"@type\":\"WebSite\",\"@id\":\"https:\\\/\\\/miumjau.ee\\\/#website\",\"url\":\"https:\\\/\\\/miumjau.ee\\\/\",\"name\":\"MiuMjau\",\"description\":\"Kraapimispuud kassidele\",\"publisher\":{\"@id\":\"https:\\\/\\\/miumjau.ee\\\/#organization\"},\"potentialAction\":[{\"@type\":\"SearchAction\",\"target\":{\"@type\":\"EntryPoint\",\"urlTemplate\":\"https:\\\/\\\/miumjau.ee\\\/?s={search_term_string}\"},\"query-input\":{\"@type\":\"PropertyValueSpecification\",\"valueRequired\":true,\"valueName\":\"search_term_string\"}}],\"inLanguage\":\"fi\"},{\"@type\":\"Organization\",\"@id\":\"https:\\\/\\\/miumjau.ee\\\/#organization\",\"name\":\"MiuMjau O\u00dc\",\"url\":\"https:\\\/\\\/miumjau.ee\\\/\",\"logo\":{\"@type\":\"ImageObject\",\"inLanguage\":\"fi\",\"@id\":\"https:\\\/\\\/miumjau.ee\\\/#\\\/schema\\\/logo\\\/image\\\/\",\"url\":\"https:\\\/\\\/miumjau.ee\\\/wp-content\\\/uploads\\\/2022\\\/04\\\/MiuMjau-logo-kollane.png\",\"contentUrl\":\"https:\\\/\\\/miumjau.ee\\\/wp-content\\\/uploads\\\/2022\\\/04\\\/MiuMjau-logo-kollane.png\",\"width\":219,\"height\":100,\"caption\":\"MiuMjau O\u00dc\"},\"image\":{\"@id\":\"https:\\\/\\\/miumjau.ee\\\/#\\\/schema\\\/logo\\\/image\\\/\"},\"sameAs\":[\"https:\\\/\\\/www.facebook.com\\\/miumjaupood\\\/\"]}]}<\/script>\n<!-- \/ Yoast SEO plugin. -->","yoast_head_json":{"title":"Platinum MeatCrisp Sterilised kuivaruoka kissalle kanalla 1.5 kg - MiuMjau","robots":{"index":"index","follow":"follow","max-snippet":"max-snippet:-1","max-image-preview":"max-image-preview:large","max-video-preview":"max-video-preview:-1"},"canonical":"https:\/\/miumjau.ee\/fi\/tuote\/platinum-meatcrisp-sterilised-kuivaruoka-kissalle-kanalla-1-5-kg\/","og_locale":"fi_FI","og_type":"article","og_title":"Platinum MeatCrisp Sterilised kuivaruoka kissalle kanalla 1.5 kg - MiuMjau","og_description":"MeatCrisp on ensimm\u00e4inen t\u00e4ysipainoinen kissanruoka, joka on valmistettu Freshmeatdryerin avulla. Se sis\u00e4lt\u00e4\u00e4 tuoreen lihan luonnollisia mikroravinteita ja aminohappoja, mik\u00e4 tekee siit\u00e4 paremman vaihtoehdon kissan luonnolliselle saalistukselle verrattuna useimpiin kaupallisiin kissanruokiin. Jos ruokit kissaasi MeatCrispilla, se tuntee olonsa vakaammaksi ja tyytyv\u00e4isemm\u00e4ksi ja on siten onnellisempi. MeatCrispin rapea suutuntuma ja lihainen maku ovat niin herkullisia, ettei kissasi halua sy\u00f6d\u00e4 en\u00e4\u00e4 mit\u00e4\u00e4n muuta. MeatCrisp ei sis\u00e4ll\u00e4 houkutusaineita.  MeatCrispin Freshmeatdryer-ruoan edut:   83 % tuoretta lihaa (ei liha- tai luujauhoa)  luonnolliset ainesosat  ei houkutusaineita  ei gluteenipitoisia viljoja  ravitseva ja helposti sulava  optimoitu tauriinipitoisuus  Koostumus: tuoretta kananlihaa 83 %, maissijauho, tuoretta lohta, perunan*, herneiden* ja riisin sekoitus, panimohiiva*, kasvikuitu*, kananmuna*, suola, lohi\u00f6ljy, sikurijuuri* (FOS). (*kuivattu)  Analyyttinen koostumus: Raakaproteiini 36 %, raakakuitu 3 %, raakarasva 11 %, kalsium 1,1 %, raakatuhka 6,9 %, fosfori 1 %.  Kalorit per 100 g - 356 kcal","og_url":"https:\/\/miumjau.ee\/fi\/tuote\/platinum-meatcrisp-sterilised-kuivaruoka-kissalle-kanalla-1-5-kg\/","og_site_name":"MiuMjau","article_publisher":"https:\/\/www.facebook.com\/miumjaupood\/","article_modified_time":"2026-01-07T20:59:04+00:00","og_image":[{"width":600,"height":800,"url":"https:\/\/miumjau.ee\/wp-content\/uploads\/2024\/11\/platinum-kuivtoit-pood8.jpg","type":"image\/jpeg"}],"twitter_card":"summary_large_image","schema":{"@context":"https:\/\/schema.org","@graph":[{"@type":"WebPage","@id":"https:\/\/miumjau.ee\/fi\/tuote\/platinum-meatcrisp-sterilised-kuivaruoka-kissalle-kanalla-1-5-kg\/","url":"https:\/\/miumjau.ee\/fi\/tuote\/platinum-meatcrisp-sterilised-kuivaruoka-kissalle-kanalla-1-5-kg\/","name":"Platinum MeatCrisp Sterilised kuivaruoka kissalle kanalla 1.5 kg - MiuMjau","isPartOf":{"@id":"https:\/\/miumjau.ee\/#website"},"primaryImageOfPage":{"@id":"https:\/\/miumjau.ee\/fi\/tuote\/platinum-meatcrisp-sterilised-kuivaruoka-kissalle-kanalla-1-5-kg\/#primaryimage"},"image":{"@id":"https:\/\/miumjau.ee\/fi\/tuote\/platinum-meatcrisp-sterilised-kuivaruoka-kissalle-kanalla-1-5-kg\/#primaryimage"},"thumbnailUrl":"https:\/\/miumjau.ee\/wp-content\/uploads\/2024\/11\/platinum-kuivtoit-pood8.jpg","datePublished":"2024-11-06T17:59:29+00:00","dateModified":"2026-01-07T20:59:04+00:00","breadcrumb":{"@id":"https:\/\/miumjau.ee\/fi\/tuote\/platinum-meatcrisp-sterilised-kuivaruoka-kissalle-kanalla-1-5-kg\/#breadcrumb"},"inLanguage":"fi","potentialAction":[{"@type":"ReadAction","target":["https:\/\/miumjau.ee\/fi\/tuote\/platinum-meatcrisp-sterilised-kuivaruoka-kissalle-kanalla-1-5-kg\/"]}]},{"@type":"ImageObject","inLanguage":"fi","@id":"https:\/\/miumjau.ee\/fi\/tuote\/platinum-meatcrisp-sterilised-kuivaruoka-kissalle-kanalla-1-5-kg\/#primaryimage","url":"https:\/\/miumjau.ee\/wp-content\/uploads\/2024\/11\/platinum-kuivtoit-pood8.jpg","contentUrl":"https:\/\/miumjau.ee\/wp-content\/uploads\/2024\/11\/platinum-kuivtoit-pood8.jpg","width":600,"height":800,"caption":"Platinum kuivtoit kassile"},{"@type":"BreadcrumbList","@id":"https:\/\/miumjau.ee\/fi\/tuote\/platinum-meatcrisp-sterilised-kuivaruoka-kissalle-kanalla-1-5-kg\/#breadcrumb","itemListElement":[{"@type":"ListItem","position":1,"name":"Home","item":"https:\/\/miumjau.ee\/fi\/"},{"@type":"ListItem","position":2,"name":"Kauppa","item":"https:\/\/miumjau.ee\/fi\/kauppa\/"},{"@type":"ListItem","position":3,"name":"Platinum MeatCrisp Sterilised kuivaruoka kissalle kanalla 1.5 kg"}]},{"@type":"WebSite","@id":"https:\/\/miumjau.ee\/#website","url":"https:\/\/miumjau.ee\/","name":"MiuMjau","description":"Kraapimispuud kassidele","publisher":{"@id":"https:\/\/miumjau.ee\/#organization"},"potentialAction":[{"@type":"SearchAction","target":{"@type":"EntryPoint","urlTemplate":"https:\/\/miumjau.ee\/?s={search_term_string}"},"query-input":{"@type":"PropertyValueSpecification","valueRequired":true,"valueName":"search_term_string"}}],"inLanguage":"fi"},{"@type":"Organization","@id":"https:\/\/miumjau.ee\/#organization","name":"MiuMjau O\u00dc","url":"https:\/\/miumjau.ee\/","logo":{"@type":"ImageObject","inLanguage":"fi","@id":"https:\/\/miumjau.ee\/#\/schema\/logo\/image\/","url":"https:\/\/miumjau.ee\/wp-content\/uploads\/2022\/04\/MiuMjau-logo-kollane.png","contentUrl":"https:\/\/miumjau.ee\/wp-content\/uploads\/2022\/04\/MiuMjau-logo-kollane.png","width":219,"height":100,"caption":"MiuMjau O\u00dc"},"image":{"@id":"https:\/\/miumjau.ee\/#\/schema\/logo\/image\/"},"sameAs":["https:\/\/www.facebook.com\/miumjaupood\/"]}]}},"_links":{"self":[{"href":"https:\/\/miumjau.ee\/fi\/wp-json\/wp\/v2\/product\/23749","targetHints":{"allow":["GET"]}}],"collection":[{"href":"https:\/\/miumjau.ee\/fi\/wp-json\/wp\/v2\/product"}],"about":[{"href":"https:\/\/miumjau.ee\/fi\/wp-json\/wp\/v2\/types\/product"}],"wp:featuredmedia":[{"embeddable":true,"href":"https:\/\/miumjau.ee\/fi\/wp-json\/wp\/v2\/media\/23728"}],"wp:attachment":[{"href":"https:\/\/miumjau.ee\/fi\/wp-json\/wp\/v2\/media?parent=23749"}],"wp:term":[{"taxonomy":"product_brand","embeddable":true,"href":"https:\/\/miumjau.ee\/fi\/wp-json\/wp\/v2\/product_brand?post=23749"},{"taxonomy":"product_cat","embeddable":true,"href":"https:\/\/miumjau.ee\/fi\/wp-json\/wp\/v2\/product_cat?post=23749"},{"taxonomy":"product_tag","embeddable":true,"href":"https:\/\/miumjau.ee\/fi\/wp-json\/wp\/v2\/product_tag?post=23749"}],"curies":[{"name":"wp","href":"https:\/\/api.w.org\/{rel}","templated":true}]}}