{"id":23673,"date":"2024-11-06T12:17:49","date_gmt":"2024-11-06T10:17:49","guid":{"rendered":"https:\/\/miumjau.ee\/toode\/aatas-cat-kermainen-markaruoka-kissoille-kanaa-ja-surimia-80-g\/"},"modified":"2026-01-07T22:59:11","modified_gmt":"2026-01-07T20:59:11","slug":"aatas-cat-kermainen-markaruoka-kissoille-kanaa-ja-surimia-80-g","status":"publish","type":"product","link":"https:\/\/miumjau.ee\/fi\/tuote\/aatas-cat-kermainen-markaruoka-kissoille-kanaa-ja-surimia-80-g\/","title":{"rendered":"Aatas Cat kermainen m\u00e4rk\u00e4ruoka kissoille, kanaa ja surimia, 80 g"},"content":{"rendered":"","protected":false},"excerpt":{"rendered":"<p>Maukasta ja t\u00e4ysipainoista m\u00e4rk\u00e4ruokaa kissoille, valmistettu vapaasti kasvatetusta kanasta ja villist\u00e4 kraapista. Erinomainen valinta lemmikkisi terveelliseen ruokavalioon.<\/p>\n<p><strong>Ominaisuudet:<\/strong><\/p>\n<ul>\n<li>Luonnollista lihaa<\/li>\n<li>V\u00e4h\u00e4n rasvaa ja kaloreita<\/li>\n<li>Miellytt\u00e4\u00e4 my\u00f6s kaikkein nirsoimpia<\/li>\n<li>Ei sis\u00e4ll\u00e4 viljaa<\/li>\n<li>Ei s\u00e4il\u00f6nt\u00e4aineita<\/li>\n<li>Ei sis\u00e4ll\u00e4 GMO\n<div><\/div>\n<\/li>\n<\/ul>\n<p><strong>Ainesosat:<\/strong> Kanaliemi, kana, krabipalat, sakeuttajat.<\/p>\n<p><strong>Energia-arvo:<\/strong> 500,0 kcal\/kg, 40,0 kcal\/purkki<\/p>\n<p><strong>Koostumus:<\/strong> Raakavalkuainen (min) 12,00%, raakarasva (min) 0,60%, raakakuitu (max) 0,20%, kosteus (max) 85,0%, tuhka (max) 0,40%.<\/p>\n","protected":false},"featured_media":23646,"template":"","meta":[],"product_brand":[],"product_cat":[264],"product_tag":[],"class_list":{"0":"post-23673","1":"product","2":"type-product","3":"status-publish","4":"has-post-thumbnail","6":"product_cat-marka-ruoka","8":"first","9":"instock","10":"taxable","11":"shipping-taxable","12":"purchasable","13":"product-type-simple"},"yoast_head":"<!-- This site is optimized with the Yoast SEO plugin v27.4 - https:\/\/yoast.com\/product\/yoast-seo-wordpress\/ -->\n<title>Aatas Cat kermainen m\u00e4rk\u00e4ruoka kissoille, kanaa ja surimia, 80 g - MiuMjau<\/title>\n<meta name=\"description\" content=\"Aatas Cat m\u00e4rk\u00e4ruoka kissoille on valmistettu puhtaista raaka-aineista, maukasta ja viljatonta. Huolehdi lemmikkisi terveydest\u00e4 ja tarpeista. Aatas Cat \u2013 vain parasta!\" \/>\n<meta name=\"robots\" content=\"index, follow, max-snippet:-1, max-image-preview:large, max-video-preview:-1\" \/>\n<link rel=\"canonical\" href=\"https:\/\/miumjau.ee\/tuote\/aatas-cat-kreemine-margtoit-kassile-kana-ja-surimi-80-g\/\" \/>\n<meta property=\"og:locale\" content=\"fi_FI\" \/>\n<meta property=\"og:type\" content=\"article\" \/>\n<meta property=\"og:title\" content=\"Aatas Cat kermainen m\u00e4rk\u00e4ruoka kissoille, kanaa ja surimia, 80 g - MiuMjau\" \/>\n<meta property=\"og:description\" content=\"Aatas Cat m\u00e4rk\u00e4ruoka kissoille on valmistettu puhtaista raaka-aineista, maukasta ja viljatonta. Huolehdi lemmikkisi terveydest\u00e4 ja tarpeista. Aatas Cat \u2013 vain parasta!\" \/>\n<meta property=\"og:url\" content=\"https:\/\/miumjau.ee\/tuote\/aatas-cat-kreemine-margtoit-kassile-kana-ja-surimi-80-g\/\" \/>\n<meta property=\"og:site_name\" content=\"MiuMjau\" \/>\n<meta property=\"article:publisher\" content=\"https:\/\/www.facebook.com\/miumjaupood\/\" \/>\n<meta property=\"article:modified_time\" content=\"2026-01-07T20:59:11+00:00\" \/>\n<meta property=\"og:image\" content=\"https:\/\/miumjau.ee\/wp-content\/uploads\/2024\/11\/aatas-cat-creamy-chicken-amp-kanikama-konserv-kassidele-Photoroom.jpg\" \/>\n\t<meta property=\"og:image:width\" content=\"600\" \/>\n\t<meta property=\"og:image:height\" content=\"800\" \/>\n\t<meta property=\"og:image:type\" content=\"image\/jpeg\" \/>\n<meta name=\"twitter:card\" content=\"summary_large_image\" \/>\n<script type=\"application\/ld+json\" class=\"yoast-schema-graph\">{\"@context\":\"https:\\\/\\\/schema.org\",\"@graph\":[{\"@type\":\"WebPage\",\"@id\":\"https:\\\/\\\/miumjau.ee\\\/tuote\\\/aatas-cat-kreemine-margtoit-kassile-kana-ja-surimi-80-g\\\/\",\"url\":\"https:\\\/\\\/miumjau.ee\\\/tuote\\\/aatas-cat-kreemine-margtoit-kassile-kana-ja-surimi-80-g\\\/\",\"name\":\"Aatas Cat kermainen m\u00e4rk\u00e4ruoka kissoille, kanaa ja surimia, 80 g - MiuMjau\",\"isPartOf\":{\"@id\":\"https:\\\/\\\/miumjau.ee\\\/#website\"},\"primaryImageOfPage\":{\"@id\":\"https:\\\/\\\/miumjau.ee\\\/tuote\\\/aatas-cat-kreemine-margtoit-kassile-kana-ja-surimi-80-g\\\/#primaryimage\"},\"image\":{\"@id\":\"https:\\\/\\\/miumjau.ee\\\/tuote\\\/aatas-cat-kreemine-margtoit-kassile-kana-ja-surimi-80-g\\\/#primaryimage\"},\"thumbnailUrl\":\"https:\\\/\\\/miumjau.ee\\\/wp-content\\\/uploads\\\/2024\\\/11\\\/aatas-cat-creamy-chicken-amp-kanikama-konserv-kassidele-Photoroom.jpg\",\"datePublished\":\"2024-11-06T10:17:49+00:00\",\"dateModified\":\"2026-01-07T20:59:11+00:00\",\"description\":\"Aatas Cat m\u00e4rk\u00e4ruoka kissoille on valmistettu puhtaista raaka-aineista, maukasta ja viljatonta. Huolehdi lemmikkisi terveydest\u00e4 ja tarpeista. Aatas Cat \u2013 vain parasta!\",\"breadcrumb\":{\"@id\":\"https:\\\/\\\/miumjau.ee\\\/tuote\\\/aatas-cat-kreemine-margtoit-kassile-kana-ja-surimi-80-g\\\/#breadcrumb\"},\"inLanguage\":\"fi\",\"potentialAction\":[{\"@type\":\"ReadAction\",\"target\":[\"https:\\\/\\\/miumjau.ee\\\/tuote\\\/aatas-cat-kreemine-margtoit-kassile-kana-ja-surimi-80-g\\\/\"]}]},{\"@type\":\"ImageObject\",\"inLanguage\":\"fi\",\"@id\":\"https:\\\/\\\/miumjau.ee\\\/tuote\\\/aatas-cat-kreemine-margtoit-kassile-kana-ja-surimi-80-g\\\/#primaryimage\",\"url\":\"https:\\\/\\\/miumjau.ee\\\/wp-content\\\/uploads\\\/2024\\\/11\\\/aatas-cat-creamy-chicken-amp-kanikama-konserv-kassidele-Photoroom.jpg\",\"contentUrl\":\"https:\\\/\\\/miumjau.ee\\\/wp-content\\\/uploads\\\/2024\\\/11\\\/aatas-cat-creamy-chicken-amp-kanikama-konserv-kassidele-Photoroom.jpg\",\"width\":600,\"height\":800,\"caption\":\"Aatas Cat Creamy Chicken Kanikama konserv kassile 80 g\"},{\"@type\":\"BreadcrumbList\",\"@id\":\"https:\\\/\\\/miumjau.ee\\\/tuote\\\/aatas-cat-kreemine-margtoit-kassile-kana-ja-surimi-80-g\\\/#breadcrumb\",\"itemListElement\":[{\"@type\":\"ListItem\",\"position\":1,\"name\":\"Home\",\"item\":\"https:\\\/\\\/miumjau.ee\\\/fi\\\/\"},{\"@type\":\"ListItem\",\"position\":2,\"name\":\"Kauppa\",\"item\":\"https:\\\/\\\/miumjau.ee\\\/fi\\\/kauppa\\\/\"},{\"@type\":\"ListItem\",\"position\":3,\"name\":\"Aatas Cat kermainen m\u00e4rk\u00e4ruoka kissoille, kanaa ja surimia, 80 g\"}]},{\"@type\":\"WebSite\",\"@id\":\"https:\\\/\\\/miumjau.ee\\\/#website\",\"url\":\"https:\\\/\\\/miumjau.ee\\\/\",\"name\":\"MiuMjau\",\"description\":\"Kraapimispuud kassidele\",\"publisher\":{\"@id\":\"https:\\\/\\\/miumjau.ee\\\/#organization\"},\"potentialAction\":[{\"@type\":\"SearchAction\",\"target\":{\"@type\":\"EntryPoint\",\"urlTemplate\":\"https:\\\/\\\/miumjau.ee\\\/?s={search_term_string}\"},\"query-input\":{\"@type\":\"PropertyValueSpecification\",\"valueRequired\":true,\"valueName\":\"search_term_string\"}}],\"inLanguage\":\"fi\"},{\"@type\":\"Organization\",\"@id\":\"https:\\\/\\\/miumjau.ee\\\/#organization\",\"name\":\"MiuMjau O\u00dc\",\"url\":\"https:\\\/\\\/miumjau.ee\\\/\",\"logo\":{\"@type\":\"ImageObject\",\"inLanguage\":\"fi\",\"@id\":\"https:\\\/\\\/miumjau.ee\\\/#\\\/schema\\\/logo\\\/image\\\/\",\"url\":\"https:\\\/\\\/miumjau.ee\\\/wp-content\\\/uploads\\\/2022\\\/04\\\/MiuMjau-logo-kollane.png\",\"contentUrl\":\"https:\\\/\\\/miumjau.ee\\\/wp-content\\\/uploads\\\/2022\\\/04\\\/MiuMjau-logo-kollane.png\",\"width\":219,\"height\":100,\"caption\":\"MiuMjau O\u00dc\"},\"image\":{\"@id\":\"https:\\\/\\\/miumjau.ee\\\/#\\\/schema\\\/logo\\\/image\\\/\"},\"sameAs\":[\"https:\\\/\\\/www.facebook.com\\\/miumjaupood\\\/\"]}]}<\/script>\n<!-- \/ Yoast SEO plugin. -->","yoast_head_json":{"title":"Aatas Cat kermainen m\u00e4rk\u00e4ruoka kissoille, kanaa ja surimia, 80 g - MiuMjau","description":"Aatas Cat m\u00e4rk\u00e4ruoka kissoille on valmistettu puhtaista raaka-aineista, maukasta ja viljatonta. Huolehdi lemmikkisi terveydest\u00e4 ja tarpeista. Aatas Cat \u2013 vain parasta!","robots":{"index":"index","follow":"follow","max-snippet":"max-snippet:-1","max-image-preview":"max-image-preview:large","max-video-preview":"max-video-preview:-1"},"canonical":"https:\/\/miumjau.ee\/tuote\/aatas-cat-kreemine-margtoit-kassile-kana-ja-surimi-80-g\/","og_locale":"fi_FI","og_type":"article","og_title":"Aatas Cat kermainen m\u00e4rk\u00e4ruoka kissoille, kanaa ja surimia, 80 g - MiuMjau","og_description":"Aatas Cat m\u00e4rk\u00e4ruoka kissoille on valmistettu puhtaista raaka-aineista, maukasta ja viljatonta. Huolehdi lemmikkisi terveydest\u00e4 ja tarpeista. Aatas Cat \u2013 vain parasta!","og_url":"https:\/\/miumjau.ee\/tuote\/aatas-cat-kreemine-margtoit-kassile-kana-ja-surimi-80-g\/","og_site_name":"MiuMjau","article_publisher":"https:\/\/www.facebook.com\/miumjaupood\/","article_modified_time":"2026-01-07T20:59:11+00:00","og_image":[{"width":600,"height":800,"url":"https:\/\/miumjau.ee\/wp-content\/uploads\/2024\/11\/aatas-cat-creamy-chicken-amp-kanikama-konserv-kassidele-Photoroom.jpg","type":"image\/jpeg"}],"twitter_card":"summary_large_image","schema":{"@context":"https:\/\/schema.org","@graph":[{"@type":"WebPage","@id":"https:\/\/miumjau.ee\/tuote\/aatas-cat-kreemine-margtoit-kassile-kana-ja-surimi-80-g\/","url":"https:\/\/miumjau.ee\/tuote\/aatas-cat-kreemine-margtoit-kassile-kana-ja-surimi-80-g\/","name":"Aatas Cat kermainen m\u00e4rk\u00e4ruoka kissoille, kanaa ja surimia, 80 g - MiuMjau","isPartOf":{"@id":"https:\/\/miumjau.ee\/#website"},"primaryImageOfPage":{"@id":"https:\/\/miumjau.ee\/tuote\/aatas-cat-kreemine-margtoit-kassile-kana-ja-surimi-80-g\/#primaryimage"},"image":{"@id":"https:\/\/miumjau.ee\/tuote\/aatas-cat-kreemine-margtoit-kassile-kana-ja-surimi-80-g\/#primaryimage"},"thumbnailUrl":"https:\/\/miumjau.ee\/wp-content\/uploads\/2024\/11\/aatas-cat-creamy-chicken-amp-kanikama-konserv-kassidele-Photoroom.jpg","datePublished":"2024-11-06T10:17:49+00:00","dateModified":"2026-01-07T20:59:11+00:00","description":"Aatas Cat m\u00e4rk\u00e4ruoka kissoille on valmistettu puhtaista raaka-aineista, maukasta ja viljatonta. Huolehdi lemmikkisi terveydest\u00e4 ja tarpeista. Aatas Cat \u2013 vain parasta!","breadcrumb":{"@id":"https:\/\/miumjau.ee\/tuote\/aatas-cat-kreemine-margtoit-kassile-kana-ja-surimi-80-g\/#breadcrumb"},"inLanguage":"fi","potentialAction":[{"@type":"ReadAction","target":["https:\/\/miumjau.ee\/tuote\/aatas-cat-kreemine-margtoit-kassile-kana-ja-surimi-80-g\/"]}]},{"@type":"ImageObject","inLanguage":"fi","@id":"https:\/\/miumjau.ee\/tuote\/aatas-cat-kreemine-margtoit-kassile-kana-ja-surimi-80-g\/#primaryimage","url":"https:\/\/miumjau.ee\/wp-content\/uploads\/2024\/11\/aatas-cat-creamy-chicken-amp-kanikama-konserv-kassidele-Photoroom.jpg","contentUrl":"https:\/\/miumjau.ee\/wp-content\/uploads\/2024\/11\/aatas-cat-creamy-chicken-amp-kanikama-konserv-kassidele-Photoroom.jpg","width":600,"height":800,"caption":"Aatas Cat Creamy Chicken Kanikama konserv kassile 80 g"},{"@type":"BreadcrumbList","@id":"https:\/\/miumjau.ee\/tuote\/aatas-cat-kreemine-margtoit-kassile-kana-ja-surimi-80-g\/#breadcrumb","itemListElement":[{"@type":"ListItem","position":1,"name":"Home","item":"https:\/\/miumjau.ee\/fi\/"},{"@type":"ListItem","position":2,"name":"Kauppa","item":"https:\/\/miumjau.ee\/fi\/kauppa\/"},{"@type":"ListItem","position":3,"name":"Aatas Cat kermainen m\u00e4rk\u00e4ruoka kissoille, kanaa ja surimia, 80 g"}]},{"@type":"WebSite","@id":"https:\/\/miumjau.ee\/#website","url":"https:\/\/miumjau.ee\/","name":"MiuMjau","description":"Kraapimispuud kassidele","publisher":{"@id":"https:\/\/miumjau.ee\/#organization"},"potentialAction":[{"@type":"SearchAction","target":{"@type":"EntryPoint","urlTemplate":"https:\/\/miumjau.ee\/?s={search_term_string}"},"query-input":{"@type":"PropertyValueSpecification","valueRequired":true,"valueName":"search_term_string"}}],"inLanguage":"fi"},{"@type":"Organization","@id":"https:\/\/miumjau.ee\/#organization","name":"MiuMjau O\u00dc","url":"https:\/\/miumjau.ee\/","logo":{"@type":"ImageObject","inLanguage":"fi","@id":"https:\/\/miumjau.ee\/#\/schema\/logo\/image\/","url":"https:\/\/miumjau.ee\/wp-content\/uploads\/2022\/04\/MiuMjau-logo-kollane.png","contentUrl":"https:\/\/miumjau.ee\/wp-content\/uploads\/2022\/04\/MiuMjau-logo-kollane.png","width":219,"height":100,"caption":"MiuMjau O\u00dc"},"image":{"@id":"https:\/\/miumjau.ee\/#\/schema\/logo\/image\/"},"sameAs":["https:\/\/www.facebook.com\/miumjaupood\/"]}]}},"_links":{"self":[{"href":"https:\/\/miumjau.ee\/fi\/wp-json\/wp\/v2\/product\/23673","targetHints":{"allow":["GET"]}}],"collection":[{"href":"https:\/\/miumjau.ee\/fi\/wp-json\/wp\/v2\/product"}],"about":[{"href":"https:\/\/miumjau.ee\/fi\/wp-json\/wp\/v2\/types\/product"}],"wp:featuredmedia":[{"embeddable":true,"href":"https:\/\/miumjau.ee\/fi\/wp-json\/wp\/v2\/media\/23646"}],"wp:attachment":[{"href":"https:\/\/miumjau.ee\/fi\/wp-json\/wp\/v2\/media?parent=23673"}],"wp:term":[{"taxonomy":"product_brand","embeddable":true,"href":"https:\/\/miumjau.ee\/fi\/wp-json\/wp\/v2\/product_brand?post=23673"},{"taxonomy":"product_cat","embeddable":true,"href":"https:\/\/miumjau.ee\/fi\/wp-json\/wp\/v2\/product_cat?post=23673"},{"taxonomy":"product_tag","embeddable":true,"href":"https:\/\/miumjau.ee\/fi\/wp-json\/wp\/v2\/product_tag?post=23673"}],"curies":[{"name":"wp","href":"https:\/\/api.w.org\/{rel}","templated":true}]}}