{"id":22986,"date":"2024-10-24T21:30:15","date_gmt":"2024-10-24T18:30:15","guid":{"rendered":"https:\/\/miumjau.ee\/toode\/brit-care-soup-kalkkunakeitto-kissoille-75g\/"},"modified":"2026-01-07T22:59:11","modified_gmt":"2026-01-07T20:59:11","slug":"brit-care-soup-kalkkunakeitto-kissoille-75g","status":"publish","type":"product","link":"https:\/\/miumjau.ee\/fi\/tuote\/brit-care-soup-kalkkunakeitto-kissoille-75g\/","title":{"rendered":"Brit Care Soup kalkkunakeitto kissoille 75g"},"content":{"rendered":"","protected":false},"excerpt":{"rendered":"<p>Viljaton ravintolis\u00e4 &#8211; kalkkunanlihakeitto aikuisille kissoille. Sopii steriloiduille kissoille.<\/p>\n<p>Viljaton.<br \/>\nGMO-vapaa \/ soijaton \/ ei lis\u00e4tty\u00e4 sokeria.<br \/>\nSopii steriloiduille kissoille &#8211; L-metioniini.<br \/>\nTauriinin kanssa.<br \/>\nRavitseva, rauhoittava &#8211; kissanminttu, ahdistusta ehk\u00e4isev\u00e4 toiminto.<br \/>\nPrebiootit &#8211; frukto-oligosakkaridit, auttavat yll\u00e4pit\u00e4m\u00e4\u00e4n tervett\u00e4 suolistoymp\u00e4rist\u00f6\u00e4.<br \/>\nProbiootit &#8211; inaktivoitu Lactobacillus, immunomoduloiva vaikutus.<\/p>\n<p>Ainesosat: Juomavesi, 16 % kananlihaa, 4 % kalkkunaa, 0,5 % hydrolysoitua maksaa, 0,5 % lignoselluloosaa, kuivattua kissanminttua (100 mg\/kg), frukto-oligosakkaridit (100 mg\/kg), inaktivoidut bakteerit ja niiden osat ( Lactobacillus helveticus HA \u2013 122 um, 1,5 \u00d7 108 solua\/kg).<\/p>\n<p>Analyyttiset aineosat: Raakaproteiini 2,0%, raakarasva 1,0%, raakatuhka 0,5%, raakakuitu 0,2%, kosteus 95,0%, kalsium 0,01%, fosfori 0,02%, natrium 0,05%.<\/p>\n<p>Elintarvikelis\u00e4aineet: L-metioniini (3c305) 500 mg, tauriini (3a370) 500 mg.<\/p>\n<p>Metaboloitunut energia 225 kcal\/kg.<\/p>\n<p>Ruokintasuositukset<br \/>\nIhanteellinen kosteutuksen parantamiseen. Sit\u00e4 voidaan k\u00e4ytt\u00e4\u00e4 kuivarehun p\u00e4\u00e4lle kaatamaan ruokahalun parantamiseksi. Anna Brit Care Cat Soup Turkeya huoneenl\u00e4mp\u00f6isen\u00e4 tavallisen ruoan lis\u00e4n\u00e4. Suositeltu p\u00e4iv\u00e4annos voi vaihdella kissasi i\u00e4n, aktiivisuuden ja ymp\u00e4rist\u00f6n mukaan. Sopiva annos aikuiselle kissalle on 2 annosta p\u00e4iv\u00e4ss\u00e4. Lis\u00e4\u00e4 aina raikasta vett\u00e4. S\u00e4ilyt\u00e4 viile\u00e4ss\u00e4, kuivassa paikassa, suojattuna suoralta auringonvalolta. Avaamisen j\u00e4lkeen s\u00e4ilyt\u00e4 j\u00e4\u00e4kaapissa ja k\u00e4yt\u00e4 3 p\u00e4iv\u00e4n kuluessa.<\/p>\n<p>Aitoja makuja rakkaalle lemmikillesi.<\/p>\n","protected":false},"featured_media":22883,"template":"","meta":[],"product_brand":[],"product_cat":[264],"product_tag":[],"class_list":{"0":"post-22986","1":"product","2":"type-product","3":"status-publish","4":"has-post-thumbnail","6":"product_cat-marka-ruoka","8":"first","9":"instock","10":"taxable","11":"shipping-taxable","12":"purchasable","13":"product-type-simple"},"yoast_head":"<!-- This site is optimized with the Yoast SEO plugin v27.4 - https:\/\/yoast.com\/product\/yoast-seo-wordpress\/ -->\n<title>Brit Care Soup kalkkunakeitto kissoille 75g - MiuMjau<\/title>\n<meta name=\"robots\" content=\"index, follow, max-snippet:-1, max-image-preview:large, max-video-preview:-1\" \/>\n<link rel=\"canonical\" href=\"https:\/\/miumjau.ee\/tuote\/brit-care-soup-kalkunisupp-kassile-75g\/\" \/>\n<meta property=\"og:locale\" content=\"fi_FI\" \/>\n<meta property=\"og:type\" content=\"article\" \/>\n<meta property=\"og:title\" content=\"Brit Care Soup kalkkunakeitto kissoille 75g - MiuMjau\" \/>\n<meta property=\"og:description\" content=\"Viljaton ravintolis\u00e4 - kalkkunanlihakeitto aikuisille kissoille. Sopii steriloiduille kissoille.  Viljaton. GMO-vapaa \/ soijaton \/ ei lis\u00e4tty\u00e4 sokeria. Sopii steriloiduille kissoille - L-metioniini. Tauriinin kanssa. Ravitseva, rauhoittava - kissanminttu, ahdistusta ehk\u00e4isev\u00e4 toiminto. Prebiootit - frukto-oligosakkaridit, auttavat yll\u00e4pit\u00e4m\u00e4\u00e4n tervett\u00e4 suolistoymp\u00e4rist\u00f6\u00e4. Probiootit - inaktivoitu Lactobacillus, immunomoduloiva vaikutus.  Ainesosat: Juomavesi, 16 % kananlihaa, 4 % kalkkunaa, 0,5 % hydrolysoitua maksaa, 0,5 % lignoselluloosaa, kuivattua kissanminttua (100 mg\/kg), frukto-oligosakkaridit (100 mg\/kg), inaktivoidut bakteerit ja niiden osat ( Lactobacillus helveticus HA \u2013 122 um, 1,5 \u00d7 108 solua\/kg).  Analyyttiset aineosat: Raakaproteiini 2,0%, raakarasva 1,0%, raakatuhka 0,5%, raakakuitu 0,2%, kosteus 95,0%, kalsium 0,01%, fosfori 0,02%, natrium 0,05%.  Elintarvikelis\u00e4aineet: L-metioniini (3c305) 500 mg, tauriini (3a370) 500 mg.  Metaboloitunut energia 225 kcal\/kg.  Ruokintasuositukset Ihanteellinen kosteutuksen parantamiseen. Sit\u00e4 voidaan k\u00e4ytt\u00e4\u00e4 kuivarehun p\u00e4\u00e4lle kaatamaan ruokahalun parantamiseksi. Anna Brit Care Cat Soup Turkeya huoneenl\u00e4mp\u00f6isen\u00e4 tavallisen ruoan lis\u00e4n\u00e4. Suositeltu p\u00e4iv\u00e4annos voi vaihdella kissasi i\u00e4n, aktiivisuuden ja ymp\u00e4rist\u00f6n mukaan. Sopiva annos aikuiselle kissalle on 2 annosta p\u00e4iv\u00e4ss\u00e4. Lis\u00e4\u00e4 aina raikasta vett\u00e4. S\u00e4ilyt\u00e4 viile\u00e4ss\u00e4, kuivassa paikassa, suojattuna suoralta auringonvalolta. Avaamisen j\u00e4lkeen s\u00e4ilyt\u00e4 j\u00e4\u00e4kaapissa ja k\u00e4yt\u00e4 3 p\u00e4iv\u00e4n kuluessa.  Aitoja makuja rakkaalle lemmikillesi.\" \/>\n<meta property=\"og:url\" content=\"https:\/\/miumjau.ee\/tuote\/brit-care-soup-kalkunisupp-kassile-75g\/\" \/>\n<meta property=\"og:site_name\" content=\"MiuMjau\" \/>\n<meta property=\"article:publisher\" content=\"https:\/\/www.facebook.com\/miumjaupood\/\" \/>\n<meta property=\"article:modified_time\" content=\"2026-01-07T20:59:11+00:00\" \/>\n<meta property=\"og:image\" content=\"https:\/\/miumjau.ee\/wp-content\/uploads\/2024\/10\/brit-care-soup2-1.jpg\" \/>\n\t<meta property=\"og:image:width\" content=\"600\" \/>\n\t<meta property=\"og:image:height\" content=\"800\" \/>\n\t<meta property=\"og:image:type\" content=\"image\/jpeg\" \/>\n<meta name=\"twitter:card\" content=\"summary_large_image\" \/>\n<script type=\"application\/ld+json\" class=\"yoast-schema-graph\">{\"@context\":\"https:\\\/\\\/schema.org\",\"@graph\":[{\"@type\":\"WebPage\",\"@id\":\"https:\\\/\\\/miumjau.ee\\\/tuote\\\/brit-care-soup-kalkunisupp-kassile-75g\\\/\",\"url\":\"https:\\\/\\\/miumjau.ee\\\/tuote\\\/brit-care-soup-kalkunisupp-kassile-75g\\\/\",\"name\":\"Brit Care Soup kalkkunakeitto kissoille 75g - MiuMjau\",\"isPartOf\":{\"@id\":\"https:\\\/\\\/miumjau.ee\\\/#website\"},\"primaryImageOfPage\":{\"@id\":\"https:\\\/\\\/miumjau.ee\\\/tuote\\\/brit-care-soup-kalkunisupp-kassile-75g\\\/#primaryimage\"},\"image\":{\"@id\":\"https:\\\/\\\/miumjau.ee\\\/tuote\\\/brit-care-soup-kalkunisupp-kassile-75g\\\/#primaryimage\"},\"thumbnailUrl\":\"https:\\\/\\\/miumjau.ee\\\/wp-content\\\/uploads\\\/2024\\\/10\\\/brit-care-soup2-1.jpg\",\"datePublished\":\"2024-10-24T18:30:15+00:00\",\"dateModified\":\"2026-01-07T20:59:11+00:00\",\"breadcrumb\":{\"@id\":\"https:\\\/\\\/miumjau.ee\\\/tuote\\\/brit-care-soup-kalkunisupp-kassile-75g\\\/#breadcrumb\"},\"inLanguage\":\"fi\",\"potentialAction\":[{\"@type\":\"ReadAction\",\"target\":[\"https:\\\/\\\/miumjau.ee\\\/tuote\\\/brit-care-soup-kalkunisupp-kassile-75g\\\/\"]}]},{\"@type\":\"ImageObject\",\"inLanguage\":\"fi\",\"@id\":\"https:\\\/\\\/miumjau.ee\\\/tuote\\\/brit-care-soup-kalkunisupp-kassile-75g\\\/#primaryimage\",\"url\":\"https:\\\/\\\/miumjau.ee\\\/wp-content\\\/uploads\\\/2024\\\/10\\\/brit-care-soup2-1.jpg\",\"contentUrl\":\"https:\\\/\\\/miumjau.ee\\\/wp-content\\\/uploads\\\/2024\\\/10\\\/brit-care-soup2-1.jpg\",\"width\":600,\"height\":800,\"caption\":\"Brit Care Soup kalkunisupp kassile 75g\"},{\"@type\":\"BreadcrumbList\",\"@id\":\"https:\\\/\\\/miumjau.ee\\\/tuote\\\/brit-care-soup-kalkunisupp-kassile-75g\\\/#breadcrumb\",\"itemListElement\":[{\"@type\":\"ListItem\",\"position\":1,\"name\":\"Home\",\"item\":\"https:\\\/\\\/miumjau.ee\\\/fi\\\/\"},{\"@type\":\"ListItem\",\"position\":2,\"name\":\"Kauppa\",\"item\":\"https:\\\/\\\/miumjau.ee\\\/fi\\\/kauppa\\\/\"},{\"@type\":\"ListItem\",\"position\":3,\"name\":\"Brit Care Soup kalkkunakeitto kissoille 75g\"}]},{\"@type\":\"WebSite\",\"@id\":\"https:\\\/\\\/miumjau.ee\\\/#website\",\"url\":\"https:\\\/\\\/miumjau.ee\\\/\",\"name\":\"MiuMjau\",\"description\":\"Kraapimispuud kassidele\",\"publisher\":{\"@id\":\"https:\\\/\\\/miumjau.ee\\\/#organization\"},\"potentialAction\":[{\"@type\":\"SearchAction\",\"target\":{\"@type\":\"EntryPoint\",\"urlTemplate\":\"https:\\\/\\\/miumjau.ee\\\/?s={search_term_string}\"},\"query-input\":{\"@type\":\"PropertyValueSpecification\",\"valueRequired\":true,\"valueName\":\"search_term_string\"}}],\"inLanguage\":\"fi\"},{\"@type\":\"Organization\",\"@id\":\"https:\\\/\\\/miumjau.ee\\\/#organization\",\"name\":\"MiuMjau O\u00dc\",\"url\":\"https:\\\/\\\/miumjau.ee\\\/\",\"logo\":{\"@type\":\"ImageObject\",\"inLanguage\":\"fi\",\"@id\":\"https:\\\/\\\/miumjau.ee\\\/#\\\/schema\\\/logo\\\/image\\\/\",\"url\":\"https:\\\/\\\/miumjau.ee\\\/wp-content\\\/uploads\\\/2022\\\/04\\\/MiuMjau-logo-kollane.png\",\"contentUrl\":\"https:\\\/\\\/miumjau.ee\\\/wp-content\\\/uploads\\\/2022\\\/04\\\/MiuMjau-logo-kollane.png\",\"width\":219,\"height\":100,\"caption\":\"MiuMjau O\u00dc\"},\"image\":{\"@id\":\"https:\\\/\\\/miumjau.ee\\\/#\\\/schema\\\/logo\\\/image\\\/\"},\"sameAs\":[\"https:\\\/\\\/www.facebook.com\\\/miumjaupood\\\/\"]}]}<\/script>\n<!-- \/ Yoast SEO plugin. -->","yoast_head_json":{"title":"Brit Care Soup kalkkunakeitto kissoille 75g - MiuMjau","robots":{"index":"index","follow":"follow","max-snippet":"max-snippet:-1","max-image-preview":"max-image-preview:large","max-video-preview":"max-video-preview:-1"},"canonical":"https:\/\/miumjau.ee\/tuote\/brit-care-soup-kalkunisupp-kassile-75g\/","og_locale":"fi_FI","og_type":"article","og_title":"Brit Care Soup kalkkunakeitto kissoille 75g - MiuMjau","og_description":"Viljaton ravintolis\u00e4 - kalkkunanlihakeitto aikuisille kissoille. Sopii steriloiduille kissoille.  Viljaton. GMO-vapaa \/ soijaton \/ ei lis\u00e4tty\u00e4 sokeria. Sopii steriloiduille kissoille - L-metioniini. Tauriinin kanssa. Ravitseva, rauhoittava - kissanminttu, ahdistusta ehk\u00e4isev\u00e4 toiminto. Prebiootit - frukto-oligosakkaridit, auttavat yll\u00e4pit\u00e4m\u00e4\u00e4n tervett\u00e4 suolistoymp\u00e4rist\u00f6\u00e4. Probiootit - inaktivoitu Lactobacillus, immunomoduloiva vaikutus.  Ainesosat: Juomavesi, 16 % kananlihaa, 4 % kalkkunaa, 0,5 % hydrolysoitua maksaa, 0,5 % lignoselluloosaa, kuivattua kissanminttua (100 mg\/kg), frukto-oligosakkaridit (100 mg\/kg), inaktivoidut bakteerit ja niiden osat ( Lactobacillus helveticus HA \u2013 122 um, 1,5 \u00d7 108 solua\/kg).  Analyyttiset aineosat: Raakaproteiini 2,0%, raakarasva 1,0%, raakatuhka 0,5%, raakakuitu 0,2%, kosteus 95,0%, kalsium 0,01%, fosfori 0,02%, natrium 0,05%.  Elintarvikelis\u00e4aineet: L-metioniini (3c305) 500 mg, tauriini (3a370) 500 mg.  Metaboloitunut energia 225 kcal\/kg.  Ruokintasuositukset Ihanteellinen kosteutuksen parantamiseen. Sit\u00e4 voidaan k\u00e4ytt\u00e4\u00e4 kuivarehun p\u00e4\u00e4lle kaatamaan ruokahalun parantamiseksi. Anna Brit Care Cat Soup Turkeya huoneenl\u00e4mp\u00f6isen\u00e4 tavallisen ruoan lis\u00e4n\u00e4. Suositeltu p\u00e4iv\u00e4annos voi vaihdella kissasi i\u00e4n, aktiivisuuden ja ymp\u00e4rist\u00f6n mukaan. Sopiva annos aikuiselle kissalle on 2 annosta p\u00e4iv\u00e4ss\u00e4. Lis\u00e4\u00e4 aina raikasta vett\u00e4. S\u00e4ilyt\u00e4 viile\u00e4ss\u00e4, kuivassa paikassa, suojattuna suoralta auringonvalolta. Avaamisen j\u00e4lkeen s\u00e4ilyt\u00e4 j\u00e4\u00e4kaapissa ja k\u00e4yt\u00e4 3 p\u00e4iv\u00e4n kuluessa.  Aitoja makuja rakkaalle lemmikillesi.","og_url":"https:\/\/miumjau.ee\/tuote\/brit-care-soup-kalkunisupp-kassile-75g\/","og_site_name":"MiuMjau","article_publisher":"https:\/\/www.facebook.com\/miumjaupood\/","article_modified_time":"2026-01-07T20:59:11+00:00","og_image":[{"width":600,"height":800,"url":"https:\/\/miumjau.ee\/wp-content\/uploads\/2024\/10\/brit-care-soup2-1.jpg","type":"image\/jpeg"}],"twitter_card":"summary_large_image","schema":{"@context":"https:\/\/schema.org","@graph":[{"@type":"WebPage","@id":"https:\/\/miumjau.ee\/tuote\/brit-care-soup-kalkunisupp-kassile-75g\/","url":"https:\/\/miumjau.ee\/tuote\/brit-care-soup-kalkunisupp-kassile-75g\/","name":"Brit Care Soup kalkkunakeitto kissoille 75g - MiuMjau","isPartOf":{"@id":"https:\/\/miumjau.ee\/#website"},"primaryImageOfPage":{"@id":"https:\/\/miumjau.ee\/tuote\/brit-care-soup-kalkunisupp-kassile-75g\/#primaryimage"},"image":{"@id":"https:\/\/miumjau.ee\/tuote\/brit-care-soup-kalkunisupp-kassile-75g\/#primaryimage"},"thumbnailUrl":"https:\/\/miumjau.ee\/wp-content\/uploads\/2024\/10\/brit-care-soup2-1.jpg","datePublished":"2024-10-24T18:30:15+00:00","dateModified":"2026-01-07T20:59:11+00:00","breadcrumb":{"@id":"https:\/\/miumjau.ee\/tuote\/brit-care-soup-kalkunisupp-kassile-75g\/#breadcrumb"},"inLanguage":"fi","potentialAction":[{"@type":"ReadAction","target":["https:\/\/miumjau.ee\/tuote\/brit-care-soup-kalkunisupp-kassile-75g\/"]}]},{"@type":"ImageObject","inLanguage":"fi","@id":"https:\/\/miumjau.ee\/tuote\/brit-care-soup-kalkunisupp-kassile-75g\/#primaryimage","url":"https:\/\/miumjau.ee\/wp-content\/uploads\/2024\/10\/brit-care-soup2-1.jpg","contentUrl":"https:\/\/miumjau.ee\/wp-content\/uploads\/2024\/10\/brit-care-soup2-1.jpg","width":600,"height":800,"caption":"Brit Care Soup kalkunisupp kassile 75g"},{"@type":"BreadcrumbList","@id":"https:\/\/miumjau.ee\/tuote\/brit-care-soup-kalkunisupp-kassile-75g\/#breadcrumb","itemListElement":[{"@type":"ListItem","position":1,"name":"Home","item":"https:\/\/miumjau.ee\/fi\/"},{"@type":"ListItem","position":2,"name":"Kauppa","item":"https:\/\/miumjau.ee\/fi\/kauppa\/"},{"@type":"ListItem","position":3,"name":"Brit Care Soup kalkkunakeitto kissoille 75g"}]},{"@type":"WebSite","@id":"https:\/\/miumjau.ee\/#website","url":"https:\/\/miumjau.ee\/","name":"MiuMjau","description":"Kraapimispuud kassidele","publisher":{"@id":"https:\/\/miumjau.ee\/#organization"},"potentialAction":[{"@type":"SearchAction","target":{"@type":"EntryPoint","urlTemplate":"https:\/\/miumjau.ee\/?s={search_term_string}"},"query-input":{"@type":"PropertyValueSpecification","valueRequired":true,"valueName":"search_term_string"}}],"inLanguage":"fi"},{"@type":"Organization","@id":"https:\/\/miumjau.ee\/#organization","name":"MiuMjau O\u00dc","url":"https:\/\/miumjau.ee\/","logo":{"@type":"ImageObject","inLanguage":"fi","@id":"https:\/\/miumjau.ee\/#\/schema\/logo\/image\/","url":"https:\/\/miumjau.ee\/wp-content\/uploads\/2022\/04\/MiuMjau-logo-kollane.png","contentUrl":"https:\/\/miumjau.ee\/wp-content\/uploads\/2022\/04\/MiuMjau-logo-kollane.png","width":219,"height":100,"caption":"MiuMjau O\u00dc"},"image":{"@id":"https:\/\/miumjau.ee\/#\/schema\/logo\/image\/"},"sameAs":["https:\/\/www.facebook.com\/miumjaupood\/"]}]}},"_links":{"self":[{"href":"https:\/\/miumjau.ee\/fi\/wp-json\/wp\/v2\/product\/22986","targetHints":{"allow":["GET"]}}],"collection":[{"href":"https:\/\/miumjau.ee\/fi\/wp-json\/wp\/v2\/product"}],"about":[{"href":"https:\/\/miumjau.ee\/fi\/wp-json\/wp\/v2\/types\/product"}],"wp:featuredmedia":[{"embeddable":true,"href":"https:\/\/miumjau.ee\/fi\/wp-json\/wp\/v2\/media\/22883"}],"wp:attachment":[{"href":"https:\/\/miumjau.ee\/fi\/wp-json\/wp\/v2\/media?parent=22986"}],"wp:term":[{"taxonomy":"product_brand","embeddable":true,"href":"https:\/\/miumjau.ee\/fi\/wp-json\/wp\/v2\/product_brand?post=22986"},{"taxonomy":"product_cat","embeddable":true,"href":"https:\/\/miumjau.ee\/fi\/wp-json\/wp\/v2\/product_cat?post=22986"},{"taxonomy":"product_tag","embeddable":true,"href":"https:\/\/miumjau.ee\/fi\/wp-json\/wp\/v2\/product_tag?post=22986"}],"curies":[{"name":"wp","href":"https:\/\/api.w.org\/{rel}","templated":true}]}}