{"id":22985,"date":"2024-10-24T21:25:16","date_gmt":"2024-10-24T18:25:16","guid":{"rendered":"https:\/\/miumjau.ee\/toode\/brit-care-soup-lohikeitto-kissoille-75g\/"},"modified":"2026-01-07T22:59:18","modified_gmt":"2026-01-07T20:59:18","slug":"brit-care-soup-lohikeitto-kissoille-75g","status":"publish","type":"product","link":"https:\/\/miumjau.ee\/fi\/tuote\/brit-care-soup-lohikeitto-kissoille-75g\/","title":{"rendered":"Brit Care Soup lohikeitto kissoille 75g"},"content":{"rendered":"","protected":false},"excerpt":{"rendered":"<p>Brit Care lohiviljaton m\u00e4rk\u00e4lis\u00e4ravinto kissoille.<\/p>\n<p>Sis\u00e4lt\u00e4\u00e4 probiootteja &#8211; inaktivoitua Lactobacillus-bakteeria, joka tukee immuniteettia.<br \/>\nSis\u00e4lt\u00e4\u00e4 prebiootteja &#8211; frukto-oligosakkaridit tukevat suoliston mikroflooraa.<br \/>\nRuokahalua her\u00e4tt\u00e4v\u00e4 ja rauhoittava \u2013 sis\u00e4lt\u00e4\u00e4 nokkosta, joka auttaa v\u00e4hent\u00e4m\u00e4\u00e4n ahdistusta.<br \/>\nSis\u00e4lt\u00e4\u00e4 tauriinia.<br \/>\nSopii steriloiduille kissoille &#8211; sis\u00e4lt\u00e4\u00e4 L-metioniinia.<br \/>\nViljaton.<br \/>\nEi sis\u00e4ll\u00e4 GMO:ita, soijaa tai lis\u00e4ttyj\u00e4 sokereita.<\/p>\n<p>Ainesosat &#8211; Juomavesi, 16 % kanaa, 4 % lohta, 0,5 % hydrolysoitua maksa, 0,5 % lignoselluloosaa, kuivattu nokkonen (100 mg\/kg), frukto-oligosakkaridit (100 mg\/kg), inaktivoidut bakteerit ja niiden osat (Lactobacillus helveticus HA \u2013 122, 1,5 x 108 solua\/kg).<\/p>\n<p>Analyyttiset aineosat &#8211; Raakaproteiini 2,0 %, raakarasva 1,0 %, raakakuitu 0,2 %, raakatuhka 0,5 %, kosteus 95,0 %, kalsium 0,01 %, fosfori 0,02 %, natrium 0,05 %.<\/p>\n<p>Rehun lis\u00e4aineet &#8211; L-metioniini (3c305) 500 mg, tauriini (3a370) 500 mg.<\/p>\n<p>Metaboloituva energia &#8211; 225 kcal\/kg<\/p>\n<p>Ruokintaopas &#8211; Ihanteellinen kissan nesteytystason nostamiseen. T\u00e4ydennysrehua voidaan k\u00e4ytt\u00e4\u00e4 kuivaruoan maukkaana p\u00e4\u00e4llysteen\u00e4 ruokahalun lis\u00e4\u00e4miseksi. Tarjoa huoneenl\u00e4mp\u00f6isen\u00e4 tavallisen aterian lisukkeena. Suositeltu p\u00e4iv\u00e4annos voi vaihdella kissasi i\u00e4n, aktiivisuuden ja ymp\u00e4rist\u00f6n mukaan. Keskiverto aikuiselle kissalle sopiva annos on 2 annosta p\u00e4iv\u00e4ss\u00e4. Anna kissallesi aina raikasta juomavett\u00e4. S\u00e4ilyt\u00e4 rehu kuivassa ja viile\u00e4ss\u00e4 paikassa, suojassa suoralta auringonvalolta. Avaamisen j\u00e4lkeen s\u00e4ilyt\u00e4 j\u00e4\u00e4kaapissa ja k\u00e4yt\u00e4 3 p\u00e4iv\u00e4n kuluessa.<\/p>\n","protected":false},"featured_media":22879,"template":"","meta":[],"product_brand":[],"product_cat":[264],"product_tag":[],"class_list":{"0":"post-22985","1":"product","2":"type-product","3":"status-publish","4":"has-post-thumbnail","6":"product_cat-marka-ruoka","8":"first","9":"instock","10":"taxable","11":"shipping-taxable","12":"purchasable","13":"product-type-simple"},"yoast_head":"<!-- This site is optimized with the Yoast SEO plugin v27.2 - https:\/\/yoast.com\/product\/yoast-seo-wordpress\/ -->\n<title>Brit Care Soup lohikeitto kissoille 75g - MiuMjau<\/title>\n<meta name=\"robots\" content=\"index, follow, max-snippet:-1, max-image-preview:large, max-video-preview:-1\" \/>\n<link rel=\"canonical\" href=\"https:\/\/miumjau.ee\/tuote\/brit-care-soup-lohesupp-kassile-75g\/\" \/>\n<meta property=\"og:locale\" content=\"fi_FI\" \/>\n<meta property=\"og:type\" content=\"article\" \/>\n<meta property=\"og:title\" content=\"Brit Care Soup lohikeitto kissoille 75g - MiuMjau\" \/>\n<meta property=\"og:description\" content=\"Brit Care lohiviljaton m\u00e4rk\u00e4lis\u00e4ravinto kissoille.  Sis\u00e4lt\u00e4\u00e4 probiootteja - inaktivoitua Lactobacillus-bakteeria, joka tukee immuniteettia. Sis\u00e4lt\u00e4\u00e4 prebiootteja - frukto-oligosakkaridit tukevat suoliston mikroflooraa. Ruokahalua her\u00e4tt\u00e4v\u00e4 ja rauhoittava \u2013 sis\u00e4lt\u00e4\u00e4 nokkosta, joka auttaa v\u00e4hent\u00e4m\u00e4\u00e4n ahdistusta. Sis\u00e4lt\u00e4\u00e4 tauriinia. Sopii steriloiduille kissoille - sis\u00e4lt\u00e4\u00e4 L-metioniinia. Viljaton. Ei sis\u00e4ll\u00e4 GMO:ita, soijaa tai lis\u00e4ttyj\u00e4 sokereita.  Ainesosat - Juomavesi, 16 % kanaa, 4 % lohta, 0,5 % hydrolysoitua maksa, 0,5 % lignoselluloosaa, kuivattu nokkonen (100 mg\/kg), frukto-oligosakkaridit (100 mg\/kg), inaktivoidut bakteerit ja niiden osat (Lactobacillus helveticus HA \u2013 122, 1,5 x 108 solua\/kg).  Analyyttiset aineosat - Raakaproteiini 2,0 %, raakarasva 1,0 %, raakakuitu 0,2 %, raakatuhka 0,5 %, kosteus 95,0 %, kalsium 0,01 %, fosfori 0,02 %, natrium 0,05 %.  Rehun lis\u00e4aineet - L-metioniini (3c305) 500 mg, tauriini (3a370) 500 mg.  Metaboloituva energia - 225 kcal\/kg  Ruokintaopas - Ihanteellinen kissan nesteytystason nostamiseen. T\u00e4ydennysrehua voidaan k\u00e4ytt\u00e4\u00e4 kuivaruoan maukkaana p\u00e4\u00e4llysteen\u00e4 ruokahalun lis\u00e4\u00e4miseksi. Tarjoa huoneenl\u00e4mp\u00f6isen\u00e4 tavallisen aterian lisukkeena. Suositeltu p\u00e4iv\u00e4annos voi vaihdella kissasi i\u00e4n, aktiivisuuden ja ymp\u00e4rist\u00f6n mukaan. Keskiverto aikuiselle kissalle sopiva annos on 2 annosta p\u00e4iv\u00e4ss\u00e4. Anna kissallesi aina raikasta juomavett\u00e4. S\u00e4ilyt\u00e4 rehu kuivassa ja viile\u00e4ss\u00e4 paikassa, suojassa suoralta auringonvalolta. Avaamisen j\u00e4lkeen s\u00e4ilyt\u00e4 j\u00e4\u00e4kaapissa ja k\u00e4yt\u00e4 3 p\u00e4iv\u00e4n kuluessa.\" \/>\n<meta property=\"og:url\" content=\"https:\/\/miumjau.ee\/tuote\/brit-care-soup-lohesupp-kassile-75g\/\" \/>\n<meta property=\"og:site_name\" content=\"MiuMjau\" \/>\n<meta property=\"article:publisher\" content=\"https:\/\/www.facebook.com\/miumjaupood\/\" \/>\n<meta property=\"article:modified_time\" content=\"2026-01-07T20:59:18+00:00\" \/>\n<meta property=\"og:image\" content=\"https:\/\/miumjau.ee\/wp-content\/uploads\/2024\/10\/brit-care-soup3.jpg\" \/>\n\t<meta property=\"og:image:width\" content=\"600\" \/>\n\t<meta property=\"og:image:height\" content=\"800\" \/>\n\t<meta property=\"og:image:type\" content=\"image\/jpeg\" \/>\n<meta name=\"twitter:card\" content=\"summary_large_image\" \/>\n<script type=\"application\/ld+json\" class=\"yoast-schema-graph\">{\"@context\":\"https:\/\/schema.org\",\"@graph\":[{\"@type\":\"WebPage\",\"@id\":\"https:\/\/miumjau.ee\/tuote\/brit-care-soup-lohesupp-kassile-75g\/\",\"url\":\"https:\/\/miumjau.ee\/tuote\/brit-care-soup-lohesupp-kassile-75g\/\",\"name\":\"Brit Care Soup lohikeitto kissoille 75g - MiuMjau\",\"isPartOf\":{\"@id\":\"https:\/\/miumjau.ee\/#website\"},\"primaryImageOfPage\":{\"@id\":\"https:\/\/miumjau.ee\/tuote\/brit-care-soup-lohesupp-kassile-75g\/#primaryimage\"},\"image\":{\"@id\":\"https:\/\/miumjau.ee\/tuote\/brit-care-soup-lohesupp-kassile-75g\/#primaryimage\"},\"thumbnailUrl\":\"https:\/\/miumjau.ee\/wp-content\/uploads\/2024\/10\/brit-care-soup3.jpg\",\"datePublished\":\"2024-10-24T18:25:16+00:00\",\"dateModified\":\"2026-01-07T20:59:18+00:00\",\"breadcrumb\":{\"@id\":\"https:\/\/miumjau.ee\/tuote\/brit-care-soup-lohesupp-kassile-75g\/#breadcrumb\"},\"inLanguage\":\"fi\",\"potentialAction\":[{\"@type\":\"ReadAction\",\"target\":[\"https:\/\/miumjau.ee\/tuote\/brit-care-soup-lohesupp-kassile-75g\/\"]}]},{\"@type\":\"ImageObject\",\"inLanguage\":\"fi\",\"@id\":\"https:\/\/miumjau.ee\/tuote\/brit-care-soup-lohesupp-kassile-75g\/#primaryimage\",\"url\":\"https:\/\/miumjau.ee\/wp-content\/uploads\/2024\/10\/brit-care-soup3.jpg\",\"contentUrl\":\"https:\/\/miumjau.ee\/wp-content\/uploads\/2024\/10\/brit-care-soup3.jpg\",\"width\":600,\"height\":800,\"caption\":\"Brit Care Soup l\u00f5hesupp kassile 75g\"},{\"@type\":\"BreadcrumbList\",\"@id\":\"https:\/\/miumjau.ee\/tuote\/brit-care-soup-lohesupp-kassile-75g\/#breadcrumb\",\"itemListElement\":[{\"@type\":\"ListItem\",\"position\":1,\"name\":\"Home\",\"item\":\"https:\/\/miumjau.ee\/fi\/\"},{\"@type\":\"ListItem\",\"position\":2,\"name\":\"Kauppa\",\"item\":\"https:\/\/miumjau.ee\/fi\/kauppa\/\"},{\"@type\":\"ListItem\",\"position\":3,\"name\":\"Brit Care Soup lohikeitto kissoille 75g\"}]},{\"@type\":\"WebSite\",\"@id\":\"https:\/\/miumjau.ee\/#website\",\"url\":\"https:\/\/miumjau.ee\/\",\"name\":\"MiuMjau\",\"description\":\"Kraapimispuud kassidele\",\"publisher\":{\"@id\":\"https:\/\/miumjau.ee\/#organization\"},\"potentialAction\":[{\"@type\":\"SearchAction\",\"target\":{\"@type\":\"EntryPoint\",\"urlTemplate\":\"https:\/\/miumjau.ee\/?s={search_term_string}\"},\"query-input\":{\"@type\":\"PropertyValueSpecification\",\"valueRequired\":true,\"valueName\":\"search_term_string\"}}],\"inLanguage\":\"fi\"},{\"@type\":\"Organization\",\"@id\":\"https:\/\/miumjau.ee\/#organization\",\"name\":\"MiuMjau O\u00dc\",\"url\":\"https:\/\/miumjau.ee\/\",\"logo\":{\"@type\":\"ImageObject\",\"inLanguage\":\"fi\",\"@id\":\"https:\/\/miumjau.ee\/#\/schema\/logo\/image\/\",\"url\":\"https:\/\/miumjau.ee\/wp-content\/uploads\/2022\/04\/MiuMjau-logo-kollane.png\",\"contentUrl\":\"https:\/\/miumjau.ee\/wp-content\/uploads\/2022\/04\/MiuMjau-logo-kollane.png\",\"width\":219,\"height\":100,\"caption\":\"MiuMjau O\u00dc\"},\"image\":{\"@id\":\"https:\/\/miumjau.ee\/#\/schema\/logo\/image\/\"},\"sameAs\":[\"https:\/\/www.facebook.com\/miumjaupood\/\"]}]}<\/script>\n<!-- \/ Yoast SEO plugin. -->","yoast_head_json":{"title":"Brit Care Soup lohikeitto kissoille 75g - MiuMjau","robots":{"index":"index","follow":"follow","max-snippet":"max-snippet:-1","max-image-preview":"max-image-preview:large","max-video-preview":"max-video-preview:-1"},"canonical":"https:\/\/miumjau.ee\/tuote\/brit-care-soup-lohesupp-kassile-75g\/","og_locale":"fi_FI","og_type":"article","og_title":"Brit Care Soup lohikeitto kissoille 75g - MiuMjau","og_description":"Brit Care lohiviljaton m\u00e4rk\u00e4lis\u00e4ravinto kissoille.  Sis\u00e4lt\u00e4\u00e4 probiootteja - inaktivoitua Lactobacillus-bakteeria, joka tukee immuniteettia. Sis\u00e4lt\u00e4\u00e4 prebiootteja - frukto-oligosakkaridit tukevat suoliston mikroflooraa. Ruokahalua her\u00e4tt\u00e4v\u00e4 ja rauhoittava \u2013 sis\u00e4lt\u00e4\u00e4 nokkosta, joka auttaa v\u00e4hent\u00e4m\u00e4\u00e4n ahdistusta. Sis\u00e4lt\u00e4\u00e4 tauriinia. Sopii steriloiduille kissoille - sis\u00e4lt\u00e4\u00e4 L-metioniinia. Viljaton. Ei sis\u00e4ll\u00e4 GMO:ita, soijaa tai lis\u00e4ttyj\u00e4 sokereita.  Ainesosat - Juomavesi, 16 % kanaa, 4 % lohta, 0,5 % hydrolysoitua maksa, 0,5 % lignoselluloosaa, kuivattu nokkonen (100 mg\/kg), frukto-oligosakkaridit (100 mg\/kg), inaktivoidut bakteerit ja niiden osat (Lactobacillus helveticus HA \u2013 122, 1,5 x 108 solua\/kg).  Analyyttiset aineosat - Raakaproteiini 2,0 %, raakarasva 1,0 %, raakakuitu 0,2 %, raakatuhka 0,5 %, kosteus 95,0 %, kalsium 0,01 %, fosfori 0,02 %, natrium 0,05 %.  Rehun lis\u00e4aineet - L-metioniini (3c305) 500 mg, tauriini (3a370) 500 mg.  Metaboloituva energia - 225 kcal\/kg  Ruokintaopas - Ihanteellinen kissan nesteytystason nostamiseen. T\u00e4ydennysrehua voidaan k\u00e4ytt\u00e4\u00e4 kuivaruoan maukkaana p\u00e4\u00e4llysteen\u00e4 ruokahalun lis\u00e4\u00e4miseksi. Tarjoa huoneenl\u00e4mp\u00f6isen\u00e4 tavallisen aterian lisukkeena. Suositeltu p\u00e4iv\u00e4annos voi vaihdella kissasi i\u00e4n, aktiivisuuden ja ymp\u00e4rist\u00f6n mukaan. Keskiverto aikuiselle kissalle sopiva annos on 2 annosta p\u00e4iv\u00e4ss\u00e4. Anna kissallesi aina raikasta juomavett\u00e4. S\u00e4ilyt\u00e4 rehu kuivassa ja viile\u00e4ss\u00e4 paikassa, suojassa suoralta auringonvalolta. Avaamisen j\u00e4lkeen s\u00e4ilyt\u00e4 j\u00e4\u00e4kaapissa ja k\u00e4yt\u00e4 3 p\u00e4iv\u00e4n kuluessa.","og_url":"https:\/\/miumjau.ee\/tuote\/brit-care-soup-lohesupp-kassile-75g\/","og_site_name":"MiuMjau","article_publisher":"https:\/\/www.facebook.com\/miumjaupood\/","article_modified_time":"2026-01-07T20:59:18+00:00","og_image":[{"width":600,"height":800,"url":"https:\/\/miumjau.ee\/wp-content\/uploads\/2024\/10\/brit-care-soup3.jpg","type":"image\/jpeg"}],"twitter_card":"summary_large_image","schema":{"@context":"https:\/\/schema.org","@graph":[{"@type":"WebPage","@id":"https:\/\/miumjau.ee\/tuote\/brit-care-soup-lohesupp-kassile-75g\/","url":"https:\/\/miumjau.ee\/tuote\/brit-care-soup-lohesupp-kassile-75g\/","name":"Brit Care Soup lohikeitto kissoille 75g - MiuMjau","isPartOf":{"@id":"https:\/\/miumjau.ee\/#website"},"primaryImageOfPage":{"@id":"https:\/\/miumjau.ee\/tuote\/brit-care-soup-lohesupp-kassile-75g\/#primaryimage"},"image":{"@id":"https:\/\/miumjau.ee\/tuote\/brit-care-soup-lohesupp-kassile-75g\/#primaryimage"},"thumbnailUrl":"https:\/\/miumjau.ee\/wp-content\/uploads\/2024\/10\/brit-care-soup3.jpg","datePublished":"2024-10-24T18:25:16+00:00","dateModified":"2026-01-07T20:59:18+00:00","breadcrumb":{"@id":"https:\/\/miumjau.ee\/tuote\/brit-care-soup-lohesupp-kassile-75g\/#breadcrumb"},"inLanguage":"fi","potentialAction":[{"@type":"ReadAction","target":["https:\/\/miumjau.ee\/tuote\/brit-care-soup-lohesupp-kassile-75g\/"]}]},{"@type":"ImageObject","inLanguage":"fi","@id":"https:\/\/miumjau.ee\/tuote\/brit-care-soup-lohesupp-kassile-75g\/#primaryimage","url":"https:\/\/miumjau.ee\/wp-content\/uploads\/2024\/10\/brit-care-soup3.jpg","contentUrl":"https:\/\/miumjau.ee\/wp-content\/uploads\/2024\/10\/brit-care-soup3.jpg","width":600,"height":800,"caption":"Brit Care Soup l\u00f5hesupp kassile 75g"},{"@type":"BreadcrumbList","@id":"https:\/\/miumjau.ee\/tuote\/brit-care-soup-lohesupp-kassile-75g\/#breadcrumb","itemListElement":[{"@type":"ListItem","position":1,"name":"Home","item":"https:\/\/miumjau.ee\/fi\/"},{"@type":"ListItem","position":2,"name":"Kauppa","item":"https:\/\/miumjau.ee\/fi\/kauppa\/"},{"@type":"ListItem","position":3,"name":"Brit Care Soup lohikeitto kissoille 75g"}]},{"@type":"WebSite","@id":"https:\/\/miumjau.ee\/#website","url":"https:\/\/miumjau.ee\/","name":"MiuMjau","description":"Kraapimispuud kassidele","publisher":{"@id":"https:\/\/miumjau.ee\/#organization"},"potentialAction":[{"@type":"SearchAction","target":{"@type":"EntryPoint","urlTemplate":"https:\/\/miumjau.ee\/?s={search_term_string}"},"query-input":{"@type":"PropertyValueSpecification","valueRequired":true,"valueName":"search_term_string"}}],"inLanguage":"fi"},{"@type":"Organization","@id":"https:\/\/miumjau.ee\/#organization","name":"MiuMjau O\u00dc","url":"https:\/\/miumjau.ee\/","logo":{"@type":"ImageObject","inLanguage":"fi","@id":"https:\/\/miumjau.ee\/#\/schema\/logo\/image\/","url":"https:\/\/miumjau.ee\/wp-content\/uploads\/2022\/04\/MiuMjau-logo-kollane.png","contentUrl":"https:\/\/miumjau.ee\/wp-content\/uploads\/2022\/04\/MiuMjau-logo-kollane.png","width":219,"height":100,"caption":"MiuMjau O\u00dc"},"image":{"@id":"https:\/\/miumjau.ee\/#\/schema\/logo\/image\/"},"sameAs":["https:\/\/www.facebook.com\/miumjaupood\/"]}]}},"_links":{"self":[{"href":"https:\/\/miumjau.ee\/fi\/wp-json\/wp\/v2\/product\/22985","targetHints":{"allow":["GET"]}}],"collection":[{"href":"https:\/\/miumjau.ee\/fi\/wp-json\/wp\/v2\/product"}],"about":[{"href":"https:\/\/miumjau.ee\/fi\/wp-json\/wp\/v2\/types\/product"}],"wp:featuredmedia":[{"embeddable":true,"href":"https:\/\/miumjau.ee\/fi\/wp-json\/wp\/v2\/media\/22879"}],"wp:attachment":[{"href":"https:\/\/miumjau.ee\/fi\/wp-json\/wp\/v2\/media?parent=22985"}],"wp:term":[{"taxonomy":"product_brand","embeddable":true,"href":"https:\/\/miumjau.ee\/fi\/wp-json\/wp\/v2\/product_brand?post=22985"},{"taxonomy":"product_cat","embeddable":true,"href":"https:\/\/miumjau.ee\/fi\/wp-json\/wp\/v2\/product_cat?post=22985"},{"taxonomy":"product_tag","embeddable":true,"href":"https:\/\/miumjau.ee\/fi\/wp-json\/wp\/v2\/product_tag?post=22985"}],"curies":[{"name":"wp","href":"https:\/\/api.w.org\/{rel}","templated":true}]}}