{"id":22980,"date":"2024-10-26T17:42:45","date_gmt":"2024-10-26T14:42:45","guid":{"rendered":"https:\/\/miumjau.ee\/toode\/carnilove-kissanpentujen-kuivaruoka-lohen-ja-kalkkunan-pennuille-2-kg\/"},"modified":"2026-01-07T22:59:18","modified_gmt":"2026-01-07T20:59:18","slug":"carnilove-kissanpentujen-kuivaruoka-lohen-ja-kalkkunan-pennuille-2-kg","status":"publish","type":"product","link":"https:\/\/miumjau.ee\/fi\/tuote\/carnilove-kissanpentujen-kuivaruoka-lohen-ja-kalkkunan-pennuille-2-kg\/","title":{"rendered":"Carnilove kissanpentujen kuivaruoka lohen ja kalkkunan pennuille 2 kg"},"content":{"rendered":"","protected":false},"excerpt":{"rendered":"<p>T\u00e4ysravinto kissoille ilman jyvi\u00e4 ja perunoita.<\/p>\n<p>Carniloven t\u00e4ysravinto on suunniteltu kissan esi-isien luonnetta ajatellen. Laaja valikoima huolella valittuja luonnonvaraisia \u200b\u200briistaliharesursseja, kuten hirvenlihaa, fasaania, ankkaa, kalkkunaa, lammasta ja lohta, vastaa luonnosta pyydetyn saaliin koostumusta ja varmistaa v\u00e4ltt\u00e4m\u00e4tt\u00f6mien aminohappojen saannin. Mets\u00e4n hedelm\u00e4t, vihannekset, mets\u00e4marjat ja yrtit tarjoavat v\u00e4ltt\u00e4m\u00e4tt\u00f6mi\u00e4 luonnollisia vitamiineja, antioksidantteja ja muita t\u00e4rkeit\u00e4 ravintoaineita. 70 % lihaa, ei jyvi\u00e4 tai perunoita.<\/p>\n<p>Ainesosat: lohenliha (25%), kalkkunanliha (24%), keltaherneet (18%), kananrasva (s\u00e4il\u00f6nt\u00e4 tokoferoleilla, 11%), hydrolysoitu siipikarjan proteiini (9%), kananmaksa (3%), lohi \u00f6ljy (3%), tapiokat\u00e4rkkelys (2%), omenat (1%), porkkanat (1%), pellavansiemen (1%), kikherneet (1%), hydrolysoidut \u00e4yri\u00e4isten kuoret (glukosamiinin l\u00e4hde, 0,028%), rusto uute (kondroitiinil\u00e4hde, 0,017%), panimohiiva (manno-oligosakkaridien l\u00e4hde, 0,017%), sikurijuuri (frukto-oligosakkaridien l\u00e4hde, 0,014%), yucca shidigera (0,01%), lev\u00e4 (0,01%), 1 plantain (0,01%) %)), timjami (0,01%), rosmariini (0,01%), oregano (0,01%), karpalo (0,0008%), mustikat (0,0008%), vadelmat (0,0008%).<\/p>\n<p>Analyyttinen koostumus: raakaproteiini 40,0 %, rasvapitoisuus 20,0 %, raakakuitu 2,0 %, raakatuhka 7,5 %, kosteus 10,0 %, kalsium 1,3 %, fosfori 1,0 %, natrium 0,5 %, magnesium 0,08 %.<\/p>\n<p>Lis\u00e4aineet: A-vitamiini (E672) 25 000 IU, D3-vitamiini (E671) 1 000 IU, E-vitamiini (3-700) 750 IU, C-vitamiini (E300) 350 mg, tauriini 2 500 mg, koliinikloridi 2 300 mg, tsinnia, L- 0 mg. 50 mg, biotiini 2,0 mg, sinkki (E6) 160 mg, mangaani (E5) 60 mg, rauta (E1) 50 mg, kupari (E4) 12 mg, jodi (E2) 4,0 mg, seleeni (E8) 0,25 mg, DL -metioniini (3.1.1.) 15 mg, arginiini (3c3.6.1) 13 mg, L-lysiini (3.2.3.) 11 mg.<\/p>\n<p>Energiasis\u00e4lt\u00f6: 4150 kcal\/kg. Omega 3: 0,60 %, Omega 6: 2,70 %<\/p>\n","protected":false},"featured_media":22900,"template":"","meta":[],"product_brand":[],"product_cat":[255],"product_tag":[],"class_list":{"0":"post-22980","1":"product","2":"type-product","3":"status-publish","4":"has-post-thumbnail","6":"product_cat-kuiva-ruoka","8":"first","9":"instock","10":"sale","11":"taxable","12":"shipping-taxable","13":"purchasable","14":"product-type-simple"},"yoast_head":"<!-- This site is optimized with the Yoast SEO plugin v27.4 - https:\/\/yoast.com\/product\/yoast-seo-wordpress\/ -->\n<title>Carnilove kissanpentujen kuivaruoka lohen ja kalkkunan pennuille 2 kg - MiuMjau<\/title>\n<meta name=\"description\" content=\"Carnilove - korkealaatuinen t\u00e4ysravinto kissanpennuille. Oikea crunch-koko, aidot maut ja korkea laatu. Vain parhaat raaka-aineet!\" \/>\n<meta name=\"robots\" content=\"index, follow, max-snippet:-1, max-image-preview:large, max-video-preview:-1\" \/>\n<link rel=\"canonical\" href=\"https:\/\/miumjau.ee\/fi\/tuote\/carnilove-kissanpentujen-kuivaruoka-lohen-ja-kalkkunan-pennuille-2-kg\/\" \/>\n<meta property=\"og:locale\" content=\"fi_FI\" \/>\n<meta property=\"og:type\" content=\"article\" \/>\n<meta property=\"og:title\" content=\"Carnilove kissanpentujen kuivaruoka lohen ja kalkkunan pennuille 2 kg - MiuMjau\" \/>\n<meta property=\"og:description\" content=\"Carnilove - korkealaatuinen t\u00e4ysravinto kissanpennuille. Oikea crunch-koko, aidot maut ja korkea laatu. Vain parhaat raaka-aineet!\" \/>\n<meta property=\"og:url\" content=\"https:\/\/miumjau.ee\/fi\/tuote\/carnilove-kissanpentujen-kuivaruoka-lohen-ja-kalkkunan-pennuille-2-kg\/\" \/>\n<meta property=\"og:site_name\" content=\"MiuMjau\" \/>\n<meta property=\"article:publisher\" content=\"https:\/\/www.facebook.com\/miumjaupood\/\" \/>\n<meta property=\"article:modified_time\" content=\"2026-01-07T20:59:18+00:00\" \/>\n<meta property=\"og:image\" content=\"https:\/\/miumjau.ee\/wp-content\/uploads\/2024\/10\/carnilove-salmon-turkey-2kg.jpg\" \/>\n\t<meta property=\"og:image:width\" content=\"600\" \/>\n\t<meta property=\"og:image:height\" content=\"800\" \/>\n\t<meta property=\"og:image:type\" content=\"image\/jpeg\" \/>\n<meta name=\"twitter:card\" content=\"summary_large_image\" \/>\n<script type=\"application\/ld+json\" class=\"yoast-schema-graph\">{\"@context\":\"https:\\\/\\\/schema.org\",\"@graph\":[{\"@type\":\"WebPage\",\"@id\":\"https:\\\/\\\/miumjau.ee\\\/fi\\\/tuote\\\/carnilove-kissanpentujen-kuivaruoka-lohen-ja-kalkkunan-pennuille-2-kg\\\/\",\"url\":\"https:\\\/\\\/miumjau.ee\\\/fi\\\/tuote\\\/carnilove-kissanpentujen-kuivaruoka-lohen-ja-kalkkunan-pennuille-2-kg\\\/\",\"name\":\"Carnilove kissanpentujen kuivaruoka lohen ja kalkkunan pennuille 2 kg - MiuMjau\",\"isPartOf\":{\"@id\":\"https:\\\/\\\/miumjau.ee\\\/#website\"},\"primaryImageOfPage\":{\"@id\":\"https:\\\/\\\/miumjau.ee\\\/fi\\\/tuote\\\/carnilove-kissanpentujen-kuivaruoka-lohen-ja-kalkkunan-pennuille-2-kg\\\/#primaryimage\"},\"image\":{\"@id\":\"https:\\\/\\\/miumjau.ee\\\/fi\\\/tuote\\\/carnilove-kissanpentujen-kuivaruoka-lohen-ja-kalkkunan-pennuille-2-kg\\\/#primaryimage\"},\"thumbnailUrl\":\"https:\\\/\\\/miumjau.ee\\\/wp-content\\\/uploads\\\/2024\\\/10\\\/carnilove-salmon-turkey-2kg.jpg\",\"datePublished\":\"2024-10-26T14:42:45+00:00\",\"dateModified\":\"2026-01-07T20:59:18+00:00\",\"description\":\"Carnilove - korkealaatuinen t\u00e4ysravinto kissanpennuille. Oikea crunch-koko, aidot maut ja korkea laatu. Vain parhaat raaka-aineet!\",\"breadcrumb\":{\"@id\":\"https:\\\/\\\/miumjau.ee\\\/fi\\\/tuote\\\/carnilove-kissanpentujen-kuivaruoka-lohen-ja-kalkkunan-pennuille-2-kg\\\/#breadcrumb\"},\"inLanguage\":\"fi\",\"potentialAction\":[{\"@type\":\"ReadAction\",\"target\":[\"https:\\\/\\\/miumjau.ee\\\/fi\\\/tuote\\\/carnilove-kissanpentujen-kuivaruoka-lohen-ja-kalkkunan-pennuille-2-kg\\\/\"]}]},{\"@type\":\"ImageObject\",\"inLanguage\":\"fi\",\"@id\":\"https:\\\/\\\/miumjau.ee\\\/fi\\\/tuote\\\/carnilove-kissanpentujen-kuivaruoka-lohen-ja-kalkkunan-pennuille-2-kg\\\/#primaryimage\",\"url\":\"https:\\\/\\\/miumjau.ee\\\/wp-content\\\/uploads\\\/2024\\\/10\\\/carnilove-salmon-turkey-2kg.jpg\",\"contentUrl\":\"https:\\\/\\\/miumjau.ee\\\/wp-content\\\/uploads\\\/2024\\\/10\\\/carnilove-salmon-turkey-2kg.jpg\",\"width\":600,\"height\":800,\"caption\":\"Carnilove kitten kuivtoit kassipojale l\u00f5he ja kalkun 2 kg\"},{\"@type\":\"BreadcrumbList\",\"@id\":\"https:\\\/\\\/miumjau.ee\\\/fi\\\/tuote\\\/carnilove-kissanpentujen-kuivaruoka-lohen-ja-kalkkunan-pennuille-2-kg\\\/#breadcrumb\",\"itemListElement\":[{\"@type\":\"ListItem\",\"position\":1,\"name\":\"Home\",\"item\":\"https:\\\/\\\/miumjau.ee\\\/fi\\\/\"},{\"@type\":\"ListItem\",\"position\":2,\"name\":\"Kauppa\",\"item\":\"https:\\\/\\\/miumjau.ee\\\/fi\\\/kauppa\\\/\"},{\"@type\":\"ListItem\",\"position\":3,\"name\":\"Carnilove kissanpentujen kuivaruoka lohen ja kalkkunan pennuille 2 kg\"}]},{\"@type\":\"WebSite\",\"@id\":\"https:\\\/\\\/miumjau.ee\\\/#website\",\"url\":\"https:\\\/\\\/miumjau.ee\\\/\",\"name\":\"MiuMjau\",\"description\":\"Kraapimispuud kassidele\",\"publisher\":{\"@id\":\"https:\\\/\\\/miumjau.ee\\\/#organization\"},\"potentialAction\":[{\"@type\":\"SearchAction\",\"target\":{\"@type\":\"EntryPoint\",\"urlTemplate\":\"https:\\\/\\\/miumjau.ee\\\/?s={search_term_string}\"},\"query-input\":{\"@type\":\"PropertyValueSpecification\",\"valueRequired\":true,\"valueName\":\"search_term_string\"}}],\"inLanguage\":\"fi\"},{\"@type\":\"Organization\",\"@id\":\"https:\\\/\\\/miumjau.ee\\\/#organization\",\"name\":\"MiuMjau O\u00dc\",\"url\":\"https:\\\/\\\/miumjau.ee\\\/\",\"logo\":{\"@type\":\"ImageObject\",\"inLanguage\":\"fi\",\"@id\":\"https:\\\/\\\/miumjau.ee\\\/#\\\/schema\\\/logo\\\/image\\\/\",\"url\":\"https:\\\/\\\/miumjau.ee\\\/wp-content\\\/uploads\\\/2022\\\/04\\\/MiuMjau-logo-kollane.png\",\"contentUrl\":\"https:\\\/\\\/miumjau.ee\\\/wp-content\\\/uploads\\\/2022\\\/04\\\/MiuMjau-logo-kollane.png\",\"width\":219,\"height\":100,\"caption\":\"MiuMjau O\u00dc\"},\"image\":{\"@id\":\"https:\\\/\\\/miumjau.ee\\\/#\\\/schema\\\/logo\\\/image\\\/\"},\"sameAs\":[\"https:\\\/\\\/www.facebook.com\\\/miumjaupood\\\/\"]}]}<\/script>\n<!-- \/ Yoast SEO plugin. -->","yoast_head_json":{"title":"Carnilove kissanpentujen kuivaruoka lohen ja kalkkunan pennuille 2 kg - MiuMjau","description":"Carnilove - korkealaatuinen t\u00e4ysravinto kissanpennuille. Oikea crunch-koko, aidot maut ja korkea laatu. Vain parhaat raaka-aineet!","robots":{"index":"index","follow":"follow","max-snippet":"max-snippet:-1","max-image-preview":"max-image-preview:large","max-video-preview":"max-video-preview:-1"},"canonical":"https:\/\/miumjau.ee\/fi\/tuote\/carnilove-kissanpentujen-kuivaruoka-lohen-ja-kalkkunan-pennuille-2-kg\/","og_locale":"fi_FI","og_type":"article","og_title":"Carnilove kissanpentujen kuivaruoka lohen ja kalkkunan pennuille 2 kg - MiuMjau","og_description":"Carnilove - korkealaatuinen t\u00e4ysravinto kissanpennuille. Oikea crunch-koko, aidot maut ja korkea laatu. Vain parhaat raaka-aineet!","og_url":"https:\/\/miumjau.ee\/fi\/tuote\/carnilove-kissanpentujen-kuivaruoka-lohen-ja-kalkkunan-pennuille-2-kg\/","og_site_name":"MiuMjau","article_publisher":"https:\/\/www.facebook.com\/miumjaupood\/","article_modified_time":"2026-01-07T20:59:18+00:00","og_image":[{"width":600,"height":800,"url":"https:\/\/miumjau.ee\/wp-content\/uploads\/2024\/10\/carnilove-salmon-turkey-2kg.jpg","type":"image\/jpeg"}],"twitter_card":"summary_large_image","schema":{"@context":"https:\/\/schema.org","@graph":[{"@type":"WebPage","@id":"https:\/\/miumjau.ee\/fi\/tuote\/carnilove-kissanpentujen-kuivaruoka-lohen-ja-kalkkunan-pennuille-2-kg\/","url":"https:\/\/miumjau.ee\/fi\/tuote\/carnilove-kissanpentujen-kuivaruoka-lohen-ja-kalkkunan-pennuille-2-kg\/","name":"Carnilove kissanpentujen kuivaruoka lohen ja kalkkunan pennuille 2 kg - MiuMjau","isPartOf":{"@id":"https:\/\/miumjau.ee\/#website"},"primaryImageOfPage":{"@id":"https:\/\/miumjau.ee\/fi\/tuote\/carnilove-kissanpentujen-kuivaruoka-lohen-ja-kalkkunan-pennuille-2-kg\/#primaryimage"},"image":{"@id":"https:\/\/miumjau.ee\/fi\/tuote\/carnilove-kissanpentujen-kuivaruoka-lohen-ja-kalkkunan-pennuille-2-kg\/#primaryimage"},"thumbnailUrl":"https:\/\/miumjau.ee\/wp-content\/uploads\/2024\/10\/carnilove-salmon-turkey-2kg.jpg","datePublished":"2024-10-26T14:42:45+00:00","dateModified":"2026-01-07T20:59:18+00:00","description":"Carnilove - korkealaatuinen t\u00e4ysravinto kissanpennuille. Oikea crunch-koko, aidot maut ja korkea laatu. Vain parhaat raaka-aineet!","breadcrumb":{"@id":"https:\/\/miumjau.ee\/fi\/tuote\/carnilove-kissanpentujen-kuivaruoka-lohen-ja-kalkkunan-pennuille-2-kg\/#breadcrumb"},"inLanguage":"fi","potentialAction":[{"@type":"ReadAction","target":["https:\/\/miumjau.ee\/fi\/tuote\/carnilove-kissanpentujen-kuivaruoka-lohen-ja-kalkkunan-pennuille-2-kg\/"]}]},{"@type":"ImageObject","inLanguage":"fi","@id":"https:\/\/miumjau.ee\/fi\/tuote\/carnilove-kissanpentujen-kuivaruoka-lohen-ja-kalkkunan-pennuille-2-kg\/#primaryimage","url":"https:\/\/miumjau.ee\/wp-content\/uploads\/2024\/10\/carnilove-salmon-turkey-2kg.jpg","contentUrl":"https:\/\/miumjau.ee\/wp-content\/uploads\/2024\/10\/carnilove-salmon-turkey-2kg.jpg","width":600,"height":800,"caption":"Carnilove kitten kuivtoit kassipojale l\u00f5he ja kalkun 2 kg"},{"@type":"BreadcrumbList","@id":"https:\/\/miumjau.ee\/fi\/tuote\/carnilove-kissanpentujen-kuivaruoka-lohen-ja-kalkkunan-pennuille-2-kg\/#breadcrumb","itemListElement":[{"@type":"ListItem","position":1,"name":"Home","item":"https:\/\/miumjau.ee\/fi\/"},{"@type":"ListItem","position":2,"name":"Kauppa","item":"https:\/\/miumjau.ee\/fi\/kauppa\/"},{"@type":"ListItem","position":3,"name":"Carnilove kissanpentujen kuivaruoka lohen ja kalkkunan pennuille 2 kg"}]},{"@type":"WebSite","@id":"https:\/\/miumjau.ee\/#website","url":"https:\/\/miumjau.ee\/","name":"MiuMjau","description":"Kraapimispuud kassidele","publisher":{"@id":"https:\/\/miumjau.ee\/#organization"},"potentialAction":[{"@type":"SearchAction","target":{"@type":"EntryPoint","urlTemplate":"https:\/\/miumjau.ee\/?s={search_term_string}"},"query-input":{"@type":"PropertyValueSpecification","valueRequired":true,"valueName":"search_term_string"}}],"inLanguage":"fi"},{"@type":"Organization","@id":"https:\/\/miumjau.ee\/#organization","name":"MiuMjau O\u00dc","url":"https:\/\/miumjau.ee\/","logo":{"@type":"ImageObject","inLanguage":"fi","@id":"https:\/\/miumjau.ee\/#\/schema\/logo\/image\/","url":"https:\/\/miumjau.ee\/wp-content\/uploads\/2022\/04\/MiuMjau-logo-kollane.png","contentUrl":"https:\/\/miumjau.ee\/wp-content\/uploads\/2022\/04\/MiuMjau-logo-kollane.png","width":219,"height":100,"caption":"MiuMjau O\u00dc"},"image":{"@id":"https:\/\/miumjau.ee\/#\/schema\/logo\/image\/"},"sameAs":["https:\/\/www.facebook.com\/miumjaupood\/"]}]}},"_links":{"self":[{"href":"https:\/\/miumjau.ee\/fi\/wp-json\/wp\/v2\/product\/22980","targetHints":{"allow":["GET"]}}],"collection":[{"href":"https:\/\/miumjau.ee\/fi\/wp-json\/wp\/v2\/product"}],"about":[{"href":"https:\/\/miumjau.ee\/fi\/wp-json\/wp\/v2\/types\/product"}],"wp:featuredmedia":[{"embeddable":true,"href":"https:\/\/miumjau.ee\/fi\/wp-json\/wp\/v2\/media\/22900"}],"wp:attachment":[{"href":"https:\/\/miumjau.ee\/fi\/wp-json\/wp\/v2\/media?parent=22980"}],"wp:term":[{"taxonomy":"product_brand","embeddable":true,"href":"https:\/\/miumjau.ee\/fi\/wp-json\/wp\/v2\/product_brand?post=22980"},{"taxonomy":"product_cat","embeddable":true,"href":"https:\/\/miumjau.ee\/fi\/wp-json\/wp\/v2\/product_cat?post=22980"},{"taxonomy":"product_tag","embeddable":true,"href":"https:\/\/miumjau.ee\/fi\/wp-json\/wp\/v2\/product_tag?post=22980"}],"curies":[{"name":"wp","href":"https:\/\/api.w.org\/{rel}","templated":true}]}}