{"id":22976,"date":"2024-10-24T21:28:29","date_gmt":"2024-10-24T18:28:29","guid":{"rendered":"https:\/\/miumjau.ee\/toode\/brit-care-soup-tonnikalakeitto-kissoille-75g\/"},"modified":"2026-01-07T22:59:18","modified_gmt":"2026-01-07T20:59:18","slug":"brit-care-soup-tonnikalakeitto-kissoille-75g","status":"publish","type":"product","link":"https:\/\/miumjau.ee\/fi\/tuote\/brit-care-soup-tonnikalakeitto-kissoille-75g\/","title":{"rendered":"Brit Care Soup tonnikalakeitto kissoille 75g"},"content":{"rendered":"","protected":false},"excerpt":{"rendered":"<p>Viljaton ravintolis\u00e4 kissoille &#8211; tonnikalakeitto aikuisille kissoille. Sopii steriloiduille kissoille.<\/p>\n<p>Viljaton.<br \/>\nGMO-vapaa \/ soijaton \/ ei lis\u00e4tty\u00e4 sokeria.<br \/>\nSopii steriloiduille kissoille &#8211; L-metioniini.<br \/>\nTauriinin kanssa.<br \/>\nRavitseva, rauhoittava &#8211; kissanminttu, ahdistusta ehk\u00e4isev\u00e4 toiminto.<br \/>\nPrebiootit &#8211; frukto-oligosakkaridit, auttavat yll\u00e4pit\u00e4m\u00e4\u00e4n tervett\u00e4 suolistoymp\u00e4rist\u00f6\u00e4.<br \/>\nProbiootit &#8211; inaktivoitu Lactobacillus, immunomoduloiva vaikutus.<\/p>\n<p>Ainesosat: Juomavesi, 16 % kanaa, 4 % tonnikalaa, 0,5 % hydrolysoitua maksa, 0,5 % lignoselluloosaa, kuivattu kissanmintta (100 mg\/kg), frukto-oligosakkaridit (100 mg\/kg), inaktivoidut bakteerit ja niiden osat ( Lactobacillus helveticus HA \u2013 122). 1,5 x 108 solua\/kg).<\/p>\n<p>Analyyttiset aineosat: Raakaproteiini 2,0%, raakarasva 1,0%, raakatuhka 0,5%, raakakuitu 0,2%, kosteus 95,0%, kalsium 0,01%, fosfori 0,02%, natrium 0,05%.<\/p>\n<p>Elintarvikelis\u00e4aineet: L-metioniini (3c305) 500 mg, tauriini (3a370) 500 mg.<\/p>\n<p>Metaboloitunut energia 225 kcal\/kg.<\/p>\n<p>Ruokintasuositukset: Ihanteellinen nesteytyksen parantamiseen. Brit Care Cat Soup Tonnikalaa voidaan k\u00e4ytt\u00e4\u00e4 ruokahalun parantamiseen, lis\u00e4tt\u00e4v\u00e4n\u00e4 kuivaruokaan. Anna huoneenl\u00e4mm\u00f6ss\u00e4 normaalin rehun lis\u00e4n\u00e4. Suositeltu p\u00e4iv\u00e4annos voi vaihdella kissasi i\u00e4n, aktiivisuuden ja ymp\u00e4rist\u00f6n mukaan. Sopiva annos aikuiselle kissalle on 2 annosta p\u00e4iv\u00e4ss\u00e4. Lis\u00e4\u00e4 aina raikasta vett\u00e4. S\u00e4ilyt\u00e4 viile\u00e4ss\u00e4, kuivassa paikassa, suojattuna suoralta auringonvalolta. Avaamisen j\u00e4lkeen s\u00e4ilyt\u00e4 j\u00e4\u00e4kaapissa ja k\u00e4yt\u00e4 3 p\u00e4iv\u00e4n kuluessa.<\/p>\n<p>Herkullista, kissasi kehuu sinua upeasta ostoksesta!<\/p>\n","protected":false},"featured_media":22871,"template":"","meta":[],"product_brand":[],"product_cat":[264],"product_tag":[],"class_list":{"0":"post-22976","1":"product","2":"type-product","3":"status-publish","4":"has-post-thumbnail","6":"product_cat-marka-ruoka","8":"first","9":"instock","10":"sale","11":"taxable","12":"shipping-taxable","13":"purchasable","14":"product-type-simple"},"yoast_head":"<!-- This site is optimized with the Yoast SEO plugin v27.4 - https:\/\/yoast.com\/product\/yoast-seo-wordpress\/ -->\n<title>Brit Care Soup tonnikalakeitto kissoille 75g - MiuMjau<\/title>\n<meta name=\"description\" content=\"Brit Care tonnikalakeitto on eritt\u00e4in maukasta ja ilahduttaa jokaista kissaa. Voidaan k\u00e4ytt\u00e4\u00e4 p\u00e4ivitt\u00e4in huoletta. Tarjoa suosikkisi eri makuja. Ja mit\u00e4 t\u00e4n\u00e4\u00e4n?\" \/>\n<meta name=\"robots\" content=\"index, follow, max-snippet:-1, max-image-preview:large, max-video-preview:-1\" \/>\n<link rel=\"canonical\" href=\"https:\/\/miumjau.ee\/tuote\/brit-care-soup-tuunikalasupp-kassile-75g\/\" \/>\n<meta property=\"og:locale\" content=\"fi_FI\" \/>\n<meta property=\"og:type\" content=\"article\" \/>\n<meta property=\"og:title\" content=\"Brit Care Soup tonnikalakeitto kissoille 75g - MiuMjau\" \/>\n<meta property=\"og:description\" content=\"Brit Care tonnikalakeitto on eritt\u00e4in maukasta ja ilahduttaa jokaista kissaa. Voidaan k\u00e4ytt\u00e4\u00e4 p\u00e4ivitt\u00e4in huoletta. Tarjoa suosikkisi eri makuja. Ja mit\u00e4 t\u00e4n\u00e4\u00e4n?\" \/>\n<meta property=\"og:url\" content=\"https:\/\/miumjau.ee\/tuote\/brit-care-soup-tuunikalasupp-kassile-75g\/\" \/>\n<meta property=\"og:site_name\" content=\"MiuMjau\" \/>\n<meta property=\"article:publisher\" content=\"https:\/\/www.facebook.com\/miumjaupood\/\" \/>\n<meta property=\"article:modified_time\" content=\"2026-01-07T20:59:18+00:00\" \/>\n<meta property=\"og:image\" content=\"https:\/\/miumjau.ee\/wp-content\/uploads\/2024\/10\/brit-care-soup1.jpg\" \/>\n\t<meta property=\"og:image:width\" content=\"600\" \/>\n\t<meta property=\"og:image:height\" content=\"800\" \/>\n\t<meta property=\"og:image:type\" content=\"image\/jpeg\" \/>\n<meta name=\"twitter:card\" content=\"summary_large_image\" \/>\n<script type=\"application\/ld+json\" class=\"yoast-schema-graph\">{\"@context\":\"https:\\\/\\\/schema.org\",\"@graph\":[{\"@type\":\"WebPage\",\"@id\":\"https:\\\/\\\/miumjau.ee\\\/tuote\\\/brit-care-soup-tuunikalasupp-kassile-75g\\\/\",\"url\":\"https:\\\/\\\/miumjau.ee\\\/tuote\\\/brit-care-soup-tuunikalasupp-kassile-75g\\\/\",\"name\":\"Brit Care Soup tonnikalakeitto kissoille 75g - MiuMjau\",\"isPartOf\":{\"@id\":\"https:\\\/\\\/miumjau.ee\\\/#website\"},\"primaryImageOfPage\":{\"@id\":\"https:\\\/\\\/miumjau.ee\\\/tuote\\\/brit-care-soup-tuunikalasupp-kassile-75g\\\/#primaryimage\"},\"image\":{\"@id\":\"https:\\\/\\\/miumjau.ee\\\/tuote\\\/brit-care-soup-tuunikalasupp-kassile-75g\\\/#primaryimage\"},\"thumbnailUrl\":\"https:\\\/\\\/miumjau.ee\\\/wp-content\\\/uploads\\\/2024\\\/10\\\/brit-care-soup1.jpg\",\"datePublished\":\"2024-10-24T18:28:29+00:00\",\"dateModified\":\"2026-01-07T20:59:18+00:00\",\"description\":\"Brit Care tonnikalakeitto on eritt\u00e4in maukasta ja ilahduttaa jokaista kissaa. Voidaan k\u00e4ytt\u00e4\u00e4 p\u00e4ivitt\u00e4in huoletta. Tarjoa suosikkisi eri makuja. Ja mit\u00e4 t\u00e4n\u00e4\u00e4n?\",\"breadcrumb\":{\"@id\":\"https:\\\/\\\/miumjau.ee\\\/tuote\\\/brit-care-soup-tuunikalasupp-kassile-75g\\\/#breadcrumb\"},\"inLanguage\":\"fi\",\"potentialAction\":[{\"@type\":\"ReadAction\",\"target\":[\"https:\\\/\\\/miumjau.ee\\\/tuote\\\/brit-care-soup-tuunikalasupp-kassile-75g\\\/\"]}]},{\"@type\":\"ImageObject\",\"inLanguage\":\"fi\",\"@id\":\"https:\\\/\\\/miumjau.ee\\\/tuote\\\/brit-care-soup-tuunikalasupp-kassile-75g\\\/#primaryimage\",\"url\":\"https:\\\/\\\/miumjau.ee\\\/wp-content\\\/uploads\\\/2024\\\/10\\\/brit-care-soup1.jpg\",\"contentUrl\":\"https:\\\/\\\/miumjau.ee\\\/wp-content\\\/uploads\\\/2024\\\/10\\\/brit-care-soup1.jpg\",\"width\":600,\"height\":800,\"caption\":\"Brit Care Soup tuunikalasupp kassile 75g\"},{\"@type\":\"BreadcrumbList\",\"@id\":\"https:\\\/\\\/miumjau.ee\\\/tuote\\\/brit-care-soup-tuunikalasupp-kassile-75g\\\/#breadcrumb\",\"itemListElement\":[{\"@type\":\"ListItem\",\"position\":1,\"name\":\"Home\",\"item\":\"https:\\\/\\\/miumjau.ee\\\/fi\\\/\"},{\"@type\":\"ListItem\",\"position\":2,\"name\":\"Kauppa\",\"item\":\"https:\\\/\\\/miumjau.ee\\\/fi\\\/kauppa\\\/\"},{\"@type\":\"ListItem\",\"position\":3,\"name\":\"Brit Care Soup tonnikalakeitto kissoille 75g\"}]},{\"@type\":\"WebSite\",\"@id\":\"https:\\\/\\\/miumjau.ee\\\/#website\",\"url\":\"https:\\\/\\\/miumjau.ee\\\/\",\"name\":\"MiuMjau\",\"description\":\"Kraapimispuud kassidele\",\"publisher\":{\"@id\":\"https:\\\/\\\/miumjau.ee\\\/#organization\"},\"potentialAction\":[{\"@type\":\"SearchAction\",\"target\":{\"@type\":\"EntryPoint\",\"urlTemplate\":\"https:\\\/\\\/miumjau.ee\\\/?s={search_term_string}\"},\"query-input\":{\"@type\":\"PropertyValueSpecification\",\"valueRequired\":true,\"valueName\":\"search_term_string\"}}],\"inLanguage\":\"fi\"},{\"@type\":\"Organization\",\"@id\":\"https:\\\/\\\/miumjau.ee\\\/#organization\",\"name\":\"MiuMjau O\u00dc\",\"url\":\"https:\\\/\\\/miumjau.ee\\\/\",\"logo\":{\"@type\":\"ImageObject\",\"inLanguage\":\"fi\",\"@id\":\"https:\\\/\\\/miumjau.ee\\\/#\\\/schema\\\/logo\\\/image\\\/\",\"url\":\"https:\\\/\\\/miumjau.ee\\\/wp-content\\\/uploads\\\/2022\\\/04\\\/MiuMjau-logo-kollane.png\",\"contentUrl\":\"https:\\\/\\\/miumjau.ee\\\/wp-content\\\/uploads\\\/2022\\\/04\\\/MiuMjau-logo-kollane.png\",\"width\":219,\"height\":100,\"caption\":\"MiuMjau O\u00dc\"},\"image\":{\"@id\":\"https:\\\/\\\/miumjau.ee\\\/#\\\/schema\\\/logo\\\/image\\\/\"},\"sameAs\":[\"https:\\\/\\\/www.facebook.com\\\/miumjaupood\\\/\"]}]}<\/script>\n<!-- \/ Yoast SEO plugin. -->","yoast_head_json":{"title":"Brit Care Soup tonnikalakeitto kissoille 75g - MiuMjau","description":"Brit Care tonnikalakeitto on eritt\u00e4in maukasta ja ilahduttaa jokaista kissaa. Voidaan k\u00e4ytt\u00e4\u00e4 p\u00e4ivitt\u00e4in huoletta. Tarjoa suosikkisi eri makuja. Ja mit\u00e4 t\u00e4n\u00e4\u00e4n?","robots":{"index":"index","follow":"follow","max-snippet":"max-snippet:-1","max-image-preview":"max-image-preview:large","max-video-preview":"max-video-preview:-1"},"canonical":"https:\/\/miumjau.ee\/tuote\/brit-care-soup-tuunikalasupp-kassile-75g\/","og_locale":"fi_FI","og_type":"article","og_title":"Brit Care Soup tonnikalakeitto kissoille 75g - MiuMjau","og_description":"Brit Care tonnikalakeitto on eritt\u00e4in maukasta ja ilahduttaa jokaista kissaa. Voidaan k\u00e4ytt\u00e4\u00e4 p\u00e4ivitt\u00e4in huoletta. Tarjoa suosikkisi eri makuja. Ja mit\u00e4 t\u00e4n\u00e4\u00e4n?","og_url":"https:\/\/miumjau.ee\/tuote\/brit-care-soup-tuunikalasupp-kassile-75g\/","og_site_name":"MiuMjau","article_publisher":"https:\/\/www.facebook.com\/miumjaupood\/","article_modified_time":"2026-01-07T20:59:18+00:00","og_image":[{"width":600,"height":800,"url":"https:\/\/miumjau.ee\/wp-content\/uploads\/2024\/10\/brit-care-soup1.jpg","type":"image\/jpeg"}],"twitter_card":"summary_large_image","schema":{"@context":"https:\/\/schema.org","@graph":[{"@type":"WebPage","@id":"https:\/\/miumjau.ee\/tuote\/brit-care-soup-tuunikalasupp-kassile-75g\/","url":"https:\/\/miumjau.ee\/tuote\/brit-care-soup-tuunikalasupp-kassile-75g\/","name":"Brit Care Soup tonnikalakeitto kissoille 75g - MiuMjau","isPartOf":{"@id":"https:\/\/miumjau.ee\/#website"},"primaryImageOfPage":{"@id":"https:\/\/miumjau.ee\/tuote\/brit-care-soup-tuunikalasupp-kassile-75g\/#primaryimage"},"image":{"@id":"https:\/\/miumjau.ee\/tuote\/brit-care-soup-tuunikalasupp-kassile-75g\/#primaryimage"},"thumbnailUrl":"https:\/\/miumjau.ee\/wp-content\/uploads\/2024\/10\/brit-care-soup1.jpg","datePublished":"2024-10-24T18:28:29+00:00","dateModified":"2026-01-07T20:59:18+00:00","description":"Brit Care tonnikalakeitto on eritt\u00e4in maukasta ja ilahduttaa jokaista kissaa. Voidaan k\u00e4ytt\u00e4\u00e4 p\u00e4ivitt\u00e4in huoletta. Tarjoa suosikkisi eri makuja. Ja mit\u00e4 t\u00e4n\u00e4\u00e4n?","breadcrumb":{"@id":"https:\/\/miumjau.ee\/tuote\/brit-care-soup-tuunikalasupp-kassile-75g\/#breadcrumb"},"inLanguage":"fi","potentialAction":[{"@type":"ReadAction","target":["https:\/\/miumjau.ee\/tuote\/brit-care-soup-tuunikalasupp-kassile-75g\/"]}]},{"@type":"ImageObject","inLanguage":"fi","@id":"https:\/\/miumjau.ee\/tuote\/brit-care-soup-tuunikalasupp-kassile-75g\/#primaryimage","url":"https:\/\/miumjau.ee\/wp-content\/uploads\/2024\/10\/brit-care-soup1.jpg","contentUrl":"https:\/\/miumjau.ee\/wp-content\/uploads\/2024\/10\/brit-care-soup1.jpg","width":600,"height":800,"caption":"Brit Care Soup tuunikalasupp kassile 75g"},{"@type":"BreadcrumbList","@id":"https:\/\/miumjau.ee\/tuote\/brit-care-soup-tuunikalasupp-kassile-75g\/#breadcrumb","itemListElement":[{"@type":"ListItem","position":1,"name":"Home","item":"https:\/\/miumjau.ee\/fi\/"},{"@type":"ListItem","position":2,"name":"Kauppa","item":"https:\/\/miumjau.ee\/fi\/kauppa\/"},{"@type":"ListItem","position":3,"name":"Brit Care Soup tonnikalakeitto kissoille 75g"}]},{"@type":"WebSite","@id":"https:\/\/miumjau.ee\/#website","url":"https:\/\/miumjau.ee\/","name":"MiuMjau","description":"Kraapimispuud kassidele","publisher":{"@id":"https:\/\/miumjau.ee\/#organization"},"potentialAction":[{"@type":"SearchAction","target":{"@type":"EntryPoint","urlTemplate":"https:\/\/miumjau.ee\/?s={search_term_string}"},"query-input":{"@type":"PropertyValueSpecification","valueRequired":true,"valueName":"search_term_string"}}],"inLanguage":"fi"},{"@type":"Organization","@id":"https:\/\/miumjau.ee\/#organization","name":"MiuMjau O\u00dc","url":"https:\/\/miumjau.ee\/","logo":{"@type":"ImageObject","inLanguage":"fi","@id":"https:\/\/miumjau.ee\/#\/schema\/logo\/image\/","url":"https:\/\/miumjau.ee\/wp-content\/uploads\/2022\/04\/MiuMjau-logo-kollane.png","contentUrl":"https:\/\/miumjau.ee\/wp-content\/uploads\/2022\/04\/MiuMjau-logo-kollane.png","width":219,"height":100,"caption":"MiuMjau O\u00dc"},"image":{"@id":"https:\/\/miumjau.ee\/#\/schema\/logo\/image\/"},"sameAs":["https:\/\/www.facebook.com\/miumjaupood\/"]}]}},"_links":{"self":[{"href":"https:\/\/miumjau.ee\/fi\/wp-json\/wp\/v2\/product\/22976","targetHints":{"allow":["GET"]}}],"collection":[{"href":"https:\/\/miumjau.ee\/fi\/wp-json\/wp\/v2\/product"}],"about":[{"href":"https:\/\/miumjau.ee\/fi\/wp-json\/wp\/v2\/types\/product"}],"wp:featuredmedia":[{"embeddable":true,"href":"https:\/\/miumjau.ee\/fi\/wp-json\/wp\/v2\/media\/22871"}],"wp:attachment":[{"href":"https:\/\/miumjau.ee\/fi\/wp-json\/wp\/v2\/media?parent=22976"}],"wp:term":[{"taxonomy":"product_brand","embeddable":true,"href":"https:\/\/miumjau.ee\/fi\/wp-json\/wp\/v2\/product_brand?post=22976"},{"taxonomy":"product_cat","embeddable":true,"href":"https:\/\/miumjau.ee\/fi\/wp-json\/wp\/v2\/product_cat?post=22976"},{"taxonomy":"product_tag","embeddable":true,"href":"https:\/\/miumjau.ee\/fi\/wp-json\/wp\/v2\/product_tag?post=22976"}],"curies":[{"name":"wp","href":"https:\/\/api.w.org\/{rel}","templated":true}]}}