{"id":19503,"date":"2024-04-11T16:54:22","date_gmt":"2024-04-11T13:54:22","guid":{"rendered":"https:\/\/miumjau.ee\/toode\/karvanpoistoaine-huonekaluista-petrebels-lucky-7\/"},"modified":"2026-01-07T22:59:18","modified_gmt":"2026-01-07T20:59:18","slug":"karvanpoistoaine-huonekaluista-petrebels-lucky-7","status":"publish","type":"product","link":"https:\/\/miumjau.ee\/fi\/tuote\/karvanpoistoaine-huonekaluista-petrebels-lucky-7\/","title":{"rendered":"Karvanpoistoaine huonekaluista Petrebels Lucky 7"},"content":{"rendered":"<p>Petrebels karvanpoistoaine on suunniteltu karvaisia \u200b\u200blemmikkej\u00e4si ajatellen. Ei ole mik\u00e4\u00e4n uutinen kenellek\u00e4\u00e4n, ett\u00e4 jopa parhaiten hoidetuista kissoista irtoaa karvoja. Kissan raapimistolppien pehme\u00e4t osat ja pehmustetut huonekalut k\u00e4rsiv\u00e4t eniten. Karvanpoistoaine Lucky No.7 on ainutlaatuinen ja k\u00e4ytt\u00e4j\u00e4yst\u00e4v\u00e4llinen tuote. Se sopii sek\u00e4 lyhyiden ett\u00e4 pitkien karvojen poistamiseen.<\/p>\n<p>Mitat: 17 \u00d7 11 \u00d7 1 cm<br \/>\nPaino: 0,25 kg<\/p>\n<p>Harjakset poistavat kaikki kissan karvat raapimistolpasta, lepotuolista, portaista, sohvasta, s\u00e4ngyst\u00e4 jne. pienell\u00e4 vaivalla. T\u00e4t\u00e4 kompaktia numero 7 mallia voidaan k\u00e4ytt\u00e4\u00e4 molemmilla puolilla. Lyhyt violetti puoli sopii hienoille kankaille, kuten nahkaverhoilulle, ja valkoinen kumipuoli sopii erityisen hyvin pehmoille (naarmuuntuvat puita) ja muille kankaille, joissa kuitu on korkeampi. Valkoinen pinta voidaan irrottaa puhdistuksen helpottamiseksi.<\/p>\n<p>ABS-muovikahva tekee t\u00e4st\u00e4 kissankarvojen poistoaineesta eritt\u00e4in vahvan ja kauniit sile\u00e4t reunat tekev\u00e4t siit\u00e4 t\u00e4ysin turvallisen k\u00e4ytt\u00e4\u00e4. T\u00e4m\u00e4 harja sopii sek\u00e4 pitk\u00e4- ett\u00e4 lyhytkarvaisille kissoille ja poistaa kaikki \u00e4rsytt\u00e4v\u00e4t irtonaiset karvat helposti. El\u00e4m\u00e4st\u00e4 tuli paljon helpompaa!<\/p>\n<p>Saatavilla nyt!<\/p>\n","protected":false},"excerpt":{"rendered":"<p>Petrebels karvanpoistoaine on suunniteltu karvaisia \u200b\u200blemmikkej\u00e4si ajatellen. Ei ole mik\u00e4\u00e4n uutinen kenellek\u00e4\u00e4n, ett\u00e4 jopa parhaiten hoidetuista kissoista irtoaa karvoja. Kissan raapimistolppien pehme\u00e4t osat ja pehmustetut huonekalut k\u00e4rsiv\u00e4t eniten. Karvanpoistoaine Lucky No.7 on ainutlaatuinen ja k\u00e4ytt\u00e4j\u00e4yst\u00e4v\u00e4llinen tuote. Se sopii sek\u00e4 lyhyiden ett\u00e4 pitkien karvojen poistamiseen.<\/p>\n<p>Mitat: 17 \u00d7 11 \u00d7 1 cm<br \/>\nPaino: 0,25 kg<\/p>\n<p>Harjakset poistavat kaikki kissan karvat raapimistolpasta, lepotuolista, portaista, sohvasta, s\u00e4ngyst\u00e4 jne. pienell\u00e4 vaivalla. T\u00e4t\u00e4 kompaktia numero 7 mallia voidaan k\u00e4ytt\u00e4\u00e4 molemmilla puolilla. Lyhyt violetti puoli sopii hienoille kankaille, kuten nahkaverhoilulle, ja valkoinen kumipuoli sopii erityisen hyvin pehmoille (naarmuuntuvat puita) ja muille kankaille, joissa kuitu on korkeampi. Valkoinen pinta voidaan irrottaa puhdistuksen helpottamiseksi.<\/p>\n<p>ABS-muovikahva tekee t\u00e4st\u00e4 kissankarvojen poistoaineesta eritt\u00e4in vahvan ja kauniit sile\u00e4t reunat tekev\u00e4t siit\u00e4 t\u00e4ysin turvallisen k\u00e4ytt\u00e4\u00e4. T\u00e4m\u00e4 harja sopii sek\u00e4 pitk\u00e4- ett\u00e4 lyhytkarvaisille kissoille ja poistaa kaikki \u00e4rsytt\u00e4v\u00e4t irtonaiset karvat helposti. El\u00e4m\u00e4st\u00e4 tuli paljon helpompaa!<\/p>\n<p><a href=\"https:\/\/www.youtube.com\/watch?v=23H2nK2WYzo\">KATSO VIDEO T\u00c4\u00c4LT\u00c4<\/a><\/p>\n<p>Saatavilla nyt!<\/p>\n","protected":false},"featured_media":19504,"template":"","meta":[],"product_brand":[],"product_cat":[259],"product_tag":[],"class_list":{"0":"post-19503","1":"product","2":"type-product","3":"status-publish","4":"has-post-thumbnail","6":"product_cat-muut","8":"first","9":"instock","10":"sale","11":"taxable","12":"shipping-taxable","13":"purchasable","14":"product-type-simple"},"yoast_head":"<!-- This site is optimized with the Yoast SEO plugin v27.2 - https:\/\/yoast.com\/product\/yoast-seo-wordpress\/ -->\n<title>Karvanpoistoaine huonekaluista Petrebels Lucky 7 - MiuMjau<\/title>\n<meta name=\"robots\" content=\"index, follow, max-snippet:-1, max-image-preview:large, max-video-preview:-1\" \/>\n<link rel=\"canonical\" href=\"https:\/\/miumjau.ee\/fi\/tuote\/karvanpoistoaine-huonekaluista-petrebels-lucky-7\/\" \/>\n<meta property=\"og:locale\" content=\"fi_FI\" \/>\n<meta property=\"og:type\" content=\"article\" \/>\n<meta property=\"og:title\" content=\"Karvanpoistoaine huonekaluista Petrebels Lucky 7 - MiuMjau\" \/>\n<meta property=\"og:description\" content=\"Petrebels karvanpoistoaine on suunniteltu karvaisia \u200b\u200blemmikkej\u00e4si ajatellen. Ei ole mik\u00e4\u00e4n uutinen kenellek\u00e4\u00e4n, ett\u00e4 jopa parhaiten hoidetuista kissoista irtoaa karvoja. Kissan raapimistolppien pehme\u00e4t osat ja pehmustetut huonekalut k\u00e4rsiv\u00e4t eniten. Karvanpoistoaine Lucky No.7 on ainutlaatuinen ja k\u00e4ytt\u00e4j\u00e4yst\u00e4v\u00e4llinen tuote. Se sopii sek\u00e4 lyhyiden ett\u00e4 pitkien karvojen poistamiseen.  Mitat: 17 \u00d7 11 \u00d7 1 cm Paino: 0,25 kg  Harjakset poistavat kaikki kissan karvat raapimistolpasta, lepotuolista, portaista, sohvasta, s\u00e4ngyst\u00e4 jne. pienell\u00e4 vaivalla. T\u00e4t\u00e4 kompaktia numero 7 mallia voidaan k\u00e4ytt\u00e4\u00e4 molemmilla puolilla. Lyhyt violetti puoli sopii hienoille kankaille, kuten nahkaverhoilulle, ja valkoinen kumipuoli sopii erityisen hyvin pehmoille (naarmuuntuvat puita) ja muille kankaille, joissa kuitu on korkeampi. Valkoinen pinta voidaan irrottaa puhdistuksen helpottamiseksi.  ABS-muovikahva tekee t\u00e4st\u00e4 kissankarvojen poistoaineesta eritt\u00e4in vahvan ja kauniit sile\u00e4t reunat tekev\u00e4t siit\u00e4 t\u00e4ysin turvallisen k\u00e4ytt\u00e4\u00e4. T\u00e4m\u00e4 harja sopii sek\u00e4 pitk\u00e4- ett\u00e4 lyhytkarvaisille kissoille ja poistaa kaikki \u00e4rsytt\u00e4v\u00e4t irtonaiset karvat helposti. El\u00e4m\u00e4st\u00e4 tuli paljon helpompaa!  KATSO VIDEO T\u00c4\u00c4LT\u00c4  Saatavilla nyt!\" \/>\n<meta property=\"og:url\" content=\"https:\/\/miumjau.ee\/fi\/tuote\/karvanpoistoaine-huonekaluista-petrebels-lucky-7\/\" \/>\n<meta property=\"og:site_name\" content=\"MiuMjau\" \/>\n<meta property=\"article:publisher\" content=\"https:\/\/www.facebook.com\/miumjaupood\/\" \/>\n<meta property=\"article:modified_time\" content=\"2026-01-07T20:59:18+00:00\" \/>\n<meta property=\"og:image\" content=\"https:\/\/miumjau.ee\/wp-content\/uploads\/2024\/04\/karvade-eemaldaja-lucky8.jpg\" \/>\n\t<meta property=\"og:image:width\" content=\"900\" \/>\n\t<meta property=\"og:image:height\" content=\"1200\" \/>\n\t<meta property=\"og:image:type\" content=\"image\/jpeg\" \/>\n<meta name=\"twitter:card\" content=\"summary_large_image\" \/>\n<meta name=\"twitter:label1\" content=\"Arvioitu lukuaika\" \/>\n\t<meta name=\"twitter:data1\" content=\"1 minuutti\" \/>\n<script type=\"application\/ld+json\" class=\"yoast-schema-graph\">{\"@context\":\"https:\/\/schema.org\",\"@graph\":[{\"@type\":\"WebPage\",\"@id\":\"https:\/\/miumjau.ee\/fi\/tuote\/karvanpoistoaine-huonekaluista-petrebels-lucky-7\/\",\"url\":\"https:\/\/miumjau.ee\/fi\/tuote\/karvanpoistoaine-huonekaluista-petrebels-lucky-7\/\",\"name\":\"Karvanpoistoaine huonekaluista Petrebels Lucky 7 - MiuMjau\",\"isPartOf\":{\"@id\":\"https:\/\/miumjau.ee\/#website\"},\"primaryImageOfPage\":{\"@id\":\"https:\/\/miumjau.ee\/fi\/tuote\/karvanpoistoaine-huonekaluista-petrebels-lucky-7\/#primaryimage\"},\"image\":{\"@id\":\"https:\/\/miumjau.ee\/fi\/tuote\/karvanpoistoaine-huonekaluista-petrebels-lucky-7\/#primaryimage\"},\"thumbnailUrl\":\"https:\/\/miumjau.ee\/wp-content\/uploads\/2024\/04\/karvade-eemaldaja-lucky8.jpg\",\"datePublished\":\"2024-04-11T13:54:22+00:00\",\"dateModified\":\"2026-01-07T20:59:18+00:00\",\"breadcrumb\":{\"@id\":\"https:\/\/miumjau.ee\/fi\/tuote\/karvanpoistoaine-huonekaluista-petrebels-lucky-7\/#breadcrumb\"},\"inLanguage\":\"fi\",\"potentialAction\":[{\"@type\":\"ReadAction\",\"target\":[\"https:\/\/miumjau.ee\/fi\/tuote\/karvanpoistoaine-huonekaluista-petrebels-lucky-7\/\"]}]},{\"@type\":\"ImageObject\",\"inLanguage\":\"fi\",\"@id\":\"https:\/\/miumjau.ee\/fi\/tuote\/karvanpoistoaine-huonekaluista-petrebels-lucky-7\/#primaryimage\",\"url\":\"https:\/\/miumjau.ee\/wp-content\/uploads\/2024\/04\/karvade-eemaldaja-lucky8.jpg\",\"contentUrl\":\"https:\/\/miumjau.ee\/wp-content\/uploads\/2024\/04\/karvade-eemaldaja-lucky8.jpg\",\"width\":900,\"height\":1200,\"caption\":\"Karvade eemaldaja m\u00f6\u00f6blilt Lucky\"},{\"@type\":\"BreadcrumbList\",\"@id\":\"https:\/\/miumjau.ee\/fi\/tuote\/karvanpoistoaine-huonekaluista-petrebels-lucky-7\/#breadcrumb\",\"itemListElement\":[{\"@type\":\"ListItem\",\"position\":1,\"name\":\"Home\",\"item\":\"https:\/\/miumjau.ee\/fi\/\"},{\"@type\":\"ListItem\",\"position\":2,\"name\":\"Kauppa\",\"item\":\"https:\/\/miumjau.ee\/fi\/kauppa\/\"},{\"@type\":\"ListItem\",\"position\":3,\"name\":\"Karvanpoistoaine huonekaluista Petrebels Lucky 7\"}]},{\"@type\":\"WebSite\",\"@id\":\"https:\/\/miumjau.ee\/#website\",\"url\":\"https:\/\/miumjau.ee\/\",\"name\":\"MiuMjau\",\"description\":\"Kraapimispuud kassidele\",\"publisher\":{\"@id\":\"https:\/\/miumjau.ee\/#organization\"},\"potentialAction\":[{\"@type\":\"SearchAction\",\"target\":{\"@type\":\"EntryPoint\",\"urlTemplate\":\"https:\/\/miumjau.ee\/?s={search_term_string}\"},\"query-input\":{\"@type\":\"PropertyValueSpecification\",\"valueRequired\":true,\"valueName\":\"search_term_string\"}}],\"inLanguage\":\"fi\"},{\"@type\":\"Organization\",\"@id\":\"https:\/\/miumjau.ee\/#organization\",\"name\":\"MiuMjau O\u00dc\",\"url\":\"https:\/\/miumjau.ee\/\",\"logo\":{\"@type\":\"ImageObject\",\"inLanguage\":\"fi\",\"@id\":\"https:\/\/miumjau.ee\/#\/schema\/logo\/image\/\",\"url\":\"https:\/\/miumjau.ee\/wp-content\/uploads\/2022\/04\/MiuMjau-logo-kollane.png\",\"contentUrl\":\"https:\/\/miumjau.ee\/wp-content\/uploads\/2022\/04\/MiuMjau-logo-kollane.png\",\"width\":219,\"height\":100,\"caption\":\"MiuMjau O\u00dc\"},\"image\":{\"@id\":\"https:\/\/miumjau.ee\/#\/schema\/logo\/image\/\"},\"sameAs\":[\"https:\/\/www.facebook.com\/miumjaupood\/\"]}]}<\/script>\n<!-- \/ Yoast SEO plugin. -->","yoast_head_json":{"title":"Karvanpoistoaine huonekaluista Petrebels Lucky 7 - MiuMjau","robots":{"index":"index","follow":"follow","max-snippet":"max-snippet:-1","max-image-preview":"max-image-preview:large","max-video-preview":"max-video-preview:-1"},"canonical":"https:\/\/miumjau.ee\/fi\/tuote\/karvanpoistoaine-huonekaluista-petrebels-lucky-7\/","og_locale":"fi_FI","og_type":"article","og_title":"Karvanpoistoaine huonekaluista Petrebels Lucky 7 - MiuMjau","og_description":"Petrebels karvanpoistoaine on suunniteltu karvaisia \u200b\u200blemmikkej\u00e4si ajatellen. Ei ole mik\u00e4\u00e4n uutinen kenellek\u00e4\u00e4n, ett\u00e4 jopa parhaiten hoidetuista kissoista irtoaa karvoja. Kissan raapimistolppien pehme\u00e4t osat ja pehmustetut huonekalut k\u00e4rsiv\u00e4t eniten. Karvanpoistoaine Lucky No.7 on ainutlaatuinen ja k\u00e4ytt\u00e4j\u00e4yst\u00e4v\u00e4llinen tuote. Se sopii sek\u00e4 lyhyiden ett\u00e4 pitkien karvojen poistamiseen.  Mitat: 17 \u00d7 11 \u00d7 1 cm Paino: 0,25 kg  Harjakset poistavat kaikki kissan karvat raapimistolpasta, lepotuolista, portaista, sohvasta, s\u00e4ngyst\u00e4 jne. pienell\u00e4 vaivalla. T\u00e4t\u00e4 kompaktia numero 7 mallia voidaan k\u00e4ytt\u00e4\u00e4 molemmilla puolilla. Lyhyt violetti puoli sopii hienoille kankaille, kuten nahkaverhoilulle, ja valkoinen kumipuoli sopii erityisen hyvin pehmoille (naarmuuntuvat puita) ja muille kankaille, joissa kuitu on korkeampi. Valkoinen pinta voidaan irrottaa puhdistuksen helpottamiseksi.  ABS-muovikahva tekee t\u00e4st\u00e4 kissankarvojen poistoaineesta eritt\u00e4in vahvan ja kauniit sile\u00e4t reunat tekev\u00e4t siit\u00e4 t\u00e4ysin turvallisen k\u00e4ytt\u00e4\u00e4. T\u00e4m\u00e4 harja sopii sek\u00e4 pitk\u00e4- ett\u00e4 lyhytkarvaisille kissoille ja poistaa kaikki \u00e4rsytt\u00e4v\u00e4t irtonaiset karvat helposti. El\u00e4m\u00e4st\u00e4 tuli paljon helpompaa!  KATSO VIDEO T\u00c4\u00c4LT\u00c4  Saatavilla nyt!","og_url":"https:\/\/miumjau.ee\/fi\/tuote\/karvanpoistoaine-huonekaluista-petrebels-lucky-7\/","og_site_name":"MiuMjau","article_publisher":"https:\/\/www.facebook.com\/miumjaupood\/","article_modified_time":"2026-01-07T20:59:18+00:00","og_image":[{"width":900,"height":1200,"url":"https:\/\/miumjau.ee\/wp-content\/uploads\/2024\/04\/karvade-eemaldaja-lucky8.jpg","type":"image\/jpeg"}],"twitter_card":"summary_large_image","twitter_misc":{"Arvioitu lukuaika":"1 minuutti"},"schema":{"@context":"https:\/\/schema.org","@graph":[{"@type":"WebPage","@id":"https:\/\/miumjau.ee\/fi\/tuote\/karvanpoistoaine-huonekaluista-petrebels-lucky-7\/","url":"https:\/\/miumjau.ee\/fi\/tuote\/karvanpoistoaine-huonekaluista-petrebels-lucky-7\/","name":"Karvanpoistoaine huonekaluista Petrebels Lucky 7 - MiuMjau","isPartOf":{"@id":"https:\/\/miumjau.ee\/#website"},"primaryImageOfPage":{"@id":"https:\/\/miumjau.ee\/fi\/tuote\/karvanpoistoaine-huonekaluista-petrebels-lucky-7\/#primaryimage"},"image":{"@id":"https:\/\/miumjau.ee\/fi\/tuote\/karvanpoistoaine-huonekaluista-petrebels-lucky-7\/#primaryimage"},"thumbnailUrl":"https:\/\/miumjau.ee\/wp-content\/uploads\/2024\/04\/karvade-eemaldaja-lucky8.jpg","datePublished":"2024-04-11T13:54:22+00:00","dateModified":"2026-01-07T20:59:18+00:00","breadcrumb":{"@id":"https:\/\/miumjau.ee\/fi\/tuote\/karvanpoistoaine-huonekaluista-petrebels-lucky-7\/#breadcrumb"},"inLanguage":"fi","potentialAction":[{"@type":"ReadAction","target":["https:\/\/miumjau.ee\/fi\/tuote\/karvanpoistoaine-huonekaluista-petrebels-lucky-7\/"]}]},{"@type":"ImageObject","inLanguage":"fi","@id":"https:\/\/miumjau.ee\/fi\/tuote\/karvanpoistoaine-huonekaluista-petrebels-lucky-7\/#primaryimage","url":"https:\/\/miumjau.ee\/wp-content\/uploads\/2024\/04\/karvade-eemaldaja-lucky8.jpg","contentUrl":"https:\/\/miumjau.ee\/wp-content\/uploads\/2024\/04\/karvade-eemaldaja-lucky8.jpg","width":900,"height":1200,"caption":"Karvade eemaldaja m\u00f6\u00f6blilt Lucky"},{"@type":"BreadcrumbList","@id":"https:\/\/miumjau.ee\/fi\/tuote\/karvanpoistoaine-huonekaluista-petrebels-lucky-7\/#breadcrumb","itemListElement":[{"@type":"ListItem","position":1,"name":"Home","item":"https:\/\/miumjau.ee\/fi\/"},{"@type":"ListItem","position":2,"name":"Kauppa","item":"https:\/\/miumjau.ee\/fi\/kauppa\/"},{"@type":"ListItem","position":3,"name":"Karvanpoistoaine huonekaluista Petrebels Lucky 7"}]},{"@type":"WebSite","@id":"https:\/\/miumjau.ee\/#website","url":"https:\/\/miumjau.ee\/","name":"MiuMjau","description":"Kraapimispuud kassidele","publisher":{"@id":"https:\/\/miumjau.ee\/#organization"},"potentialAction":[{"@type":"SearchAction","target":{"@type":"EntryPoint","urlTemplate":"https:\/\/miumjau.ee\/?s={search_term_string}"},"query-input":{"@type":"PropertyValueSpecification","valueRequired":true,"valueName":"search_term_string"}}],"inLanguage":"fi"},{"@type":"Organization","@id":"https:\/\/miumjau.ee\/#organization","name":"MiuMjau O\u00dc","url":"https:\/\/miumjau.ee\/","logo":{"@type":"ImageObject","inLanguage":"fi","@id":"https:\/\/miumjau.ee\/#\/schema\/logo\/image\/","url":"https:\/\/miumjau.ee\/wp-content\/uploads\/2022\/04\/MiuMjau-logo-kollane.png","contentUrl":"https:\/\/miumjau.ee\/wp-content\/uploads\/2022\/04\/MiuMjau-logo-kollane.png","width":219,"height":100,"caption":"MiuMjau O\u00dc"},"image":{"@id":"https:\/\/miumjau.ee\/#\/schema\/logo\/image\/"},"sameAs":["https:\/\/www.facebook.com\/miumjaupood\/"]}]}},"_links":{"self":[{"href":"https:\/\/miumjau.ee\/fi\/wp-json\/wp\/v2\/product\/19503","targetHints":{"allow":["GET"]}}],"collection":[{"href":"https:\/\/miumjau.ee\/fi\/wp-json\/wp\/v2\/product"}],"about":[{"href":"https:\/\/miumjau.ee\/fi\/wp-json\/wp\/v2\/types\/product"}],"wp:featuredmedia":[{"embeddable":true,"href":"https:\/\/miumjau.ee\/fi\/wp-json\/wp\/v2\/media\/19504"}],"wp:attachment":[{"href":"https:\/\/miumjau.ee\/fi\/wp-json\/wp\/v2\/media?parent=19503"}],"wp:term":[{"taxonomy":"product_brand","embeddable":true,"href":"https:\/\/miumjau.ee\/fi\/wp-json\/wp\/v2\/product_brand?post=19503"},{"taxonomy":"product_cat","embeddable":true,"href":"https:\/\/miumjau.ee\/fi\/wp-json\/wp\/v2\/product_cat?post=19503"},{"taxonomy":"product_tag","embeddable":true,"href":"https:\/\/miumjau.ee\/fi\/wp-json\/wp\/v2\/product_tag?post=19503"}],"curies":[{"name":"wp","href":"https:\/\/api.w.org\/{rel}","templated":true}]}}