{"id":19484,"date":"2024-03-24T21:30:11","date_gmt":"2024-03-24T19:30:11","guid":{"rendered":"https:\/\/miumjau.ee\/toode\/riippukeinu-petrebels-l-40cm-cappuccino\/"},"modified":"2026-01-07T22:59:25","modified_gmt":"2026-01-07T20:59:25","slug":"riippukeinu-petrebels-l-40cm-cappuccino","status":"publish","type":"product","link":"https:\/\/miumjau.ee\/fi\/tuote\/riippukeinu-petrebels-l-40cm-cappuccino\/","title":{"rendered":"Riippukeinu Petrebels L 40cm, cappuccino"},"content":{"rendered":"","protected":false},"excerpt":{"rendered":"<p>T\u00e4m\u00e4 suuri Luxury Sleeper -riippumatto on valmistettu eritt\u00e4in pehme\u00e4st\u00e4 korkealaatuisesta pehmokankaasta. T\u00e4ydellinen paikka kissoille rentoutua! Todenn\u00e4k\u00f6isesti kissasi l\u00f6yt\u00e4\u00e4 sen sielt\u00e4 joka p\u00e4iv\u00e4 p\u00e4iv\u00e4unille tai perusteelliselle pesulle. Saattaa k\u00e4yd\u00e4 niin, ett\u00e4 jonkin ajan kuluttua tarvitset uuden pes\u00e4n, vaikka raapimistolppasi on edelleen t\u00e4ysin kunnossa. Siksi myymme aina jokaisen osan erikseen. Se on hyv\u00e4 ratkaisu lompakollesi ja ymp\u00e4rist\u00f6lle parempi.<\/p>\n<p>V\u00e4ri: harmaa<br \/>\nPaino 3 kg<br \/>\nMitat 40 \u00d7 40 \u00d7 2 cm<br \/>\nPakkauksen koko: 55 x 45 x 6 cm<br \/>\nKissan maksimipaino: 15 kg<br \/>\nIhanteellinen isoille kissoille, mutta tietysti my\u00f6s pienille!<br \/>\nKauniit vaaleat s\u00e4vyt<br \/>\nSuunniteltu k\u00e4ytett\u00e4v\u00e4ksi kaavinpylv\u00e4iden kanssa 12cm, \u00d8 15cm ja \u00d8 20 cm<br \/>\nVinkki: Huomioi, ett\u00e4 riippukeinujen metallirungon paksuudesta johtuen raapimistolppa ei pysy suorassa, kun lis\u00e4\u00e4t sen.<\/p>\n","protected":false},"featured_media":19485,"template":"","meta":[],"product_brand":[],"product_cat":[262],"product_tag":[],"class_list":{"0":"post-19484","1":"product","2":"type-product","3":"status-publish","4":"has-post-thumbnail","6":"product_cat-varaosat","7":"product_shipping_class-pakiautomaati-sobimatu-fi","9":"first","10":"outofstock","11":"taxable","12":"shipping-taxable","13":"purchasable","14":"product-type-simple"},"yoast_head":"<!-- This site is optimized with the Yoast SEO plugin v27.2 - https:\/\/yoast.com\/product\/yoast-seo-wordpress\/ -->\n<title>Riippukeinu Petrebels L 40cm, cappuccino - MiuMjau<\/title>\n<meta name=\"description\" content=\"Hemmottele karvaista yst\u00e4v\u00e4\u00e4si eritt\u00e4in pehme\u00e4ll\u00e4 Luxury Sleeper SQUARE L (40 cm) riippumatolla. Ihanteellinen keskikokoisille kissoille, enint\u00e4\u00e4n 15 kg.\" \/>\n<meta name=\"robots\" content=\"index, follow, max-snippet:-1, max-image-preview:large, max-video-preview:-1\" \/>\n<link rel=\"canonical\" href=\"https:\/\/miumjau.ee\/fi\/tuote\/riippukeinu-petrebels-l-40cm-cappuccino\/\" \/>\n<meta property=\"og:locale\" content=\"fi_FI\" \/>\n<meta property=\"og:type\" content=\"article\" \/>\n<meta property=\"og:title\" content=\"Riippukeinu Petrebels L 40cm, cappuccino - MiuMjau\" \/>\n<meta property=\"og:description\" content=\"Hemmottele karvaista yst\u00e4v\u00e4\u00e4si eritt\u00e4in pehme\u00e4ll\u00e4 Luxury Sleeper SQUARE L (40 cm) riippumatolla. Ihanteellinen keskikokoisille kissoille, enint\u00e4\u00e4n 15 kg.\" \/>\n<meta property=\"og:url\" content=\"https:\/\/miumjau.ee\/fi\/tuote\/riippukeinu-petrebels-l-40cm-cappuccino\/\" \/>\n<meta property=\"og:site_name\" content=\"MiuMjau\" \/>\n<meta property=\"article:publisher\" content=\"https:\/\/www.facebook.com\/miumjaupood\/\" \/>\n<meta property=\"article:modified_time\" content=\"2026-01-07T20:59:25+00:00\" \/>\n<meta property=\"og:image\" content=\"https:\/\/miumjau.ee\/wp-content\/uploads\/2024\/03\/petrebels-rippkiik-luxury-sleeper-square-l-cappuccino-1.jpg\" \/>\n\t<meta property=\"og:image:width\" content=\"600\" \/>\n\t<meta property=\"og:image:height\" content=\"800\" \/>\n\t<meta property=\"og:image:type\" content=\"image\/jpeg\" \/>\n<meta name=\"twitter:card\" content=\"summary_large_image\" \/>\n<script type=\"application\/ld+json\" class=\"yoast-schema-graph\">{\"@context\":\"https:\/\/schema.org\",\"@graph\":[{\"@type\":\"WebPage\",\"@id\":\"https:\/\/miumjau.ee\/fi\/tuote\/riippukeinu-petrebels-l-40cm-cappuccino\/\",\"url\":\"https:\/\/miumjau.ee\/fi\/tuote\/riippukeinu-petrebels-l-40cm-cappuccino\/\",\"name\":\"Riippukeinu Petrebels L 40cm, cappuccino - MiuMjau\",\"isPartOf\":{\"@id\":\"https:\/\/miumjau.ee\/#website\"},\"primaryImageOfPage\":{\"@id\":\"https:\/\/miumjau.ee\/fi\/tuote\/riippukeinu-petrebels-l-40cm-cappuccino\/#primaryimage\"},\"image\":{\"@id\":\"https:\/\/miumjau.ee\/fi\/tuote\/riippukeinu-petrebels-l-40cm-cappuccino\/#primaryimage\"},\"thumbnailUrl\":\"https:\/\/miumjau.ee\/wp-content\/uploads\/2024\/03\/petrebels-rippkiik-luxury-sleeper-square-l-cappuccino-1.jpg\",\"datePublished\":\"2024-03-24T19:30:11+00:00\",\"dateModified\":\"2026-01-07T20:59:25+00:00\",\"description\":\"Hemmottele karvaista yst\u00e4v\u00e4\u00e4si eritt\u00e4in pehme\u00e4ll\u00e4 Luxury Sleeper SQUARE L (40 cm) riippumatolla. Ihanteellinen keskikokoisille kissoille, enint\u00e4\u00e4n 15 kg.\",\"breadcrumb\":{\"@id\":\"https:\/\/miumjau.ee\/fi\/tuote\/riippukeinu-petrebels-l-40cm-cappuccino\/#breadcrumb\"},\"inLanguage\":\"fi\",\"potentialAction\":[{\"@type\":\"ReadAction\",\"target\":[\"https:\/\/miumjau.ee\/fi\/tuote\/riippukeinu-petrebels-l-40cm-cappuccino\/\"]}]},{\"@type\":\"ImageObject\",\"inLanguage\":\"fi\",\"@id\":\"https:\/\/miumjau.ee\/fi\/tuote\/riippukeinu-petrebels-l-40cm-cappuccino\/#primaryimage\",\"url\":\"https:\/\/miumjau.ee\/wp-content\/uploads\/2024\/03\/petrebels-rippkiik-luxury-sleeper-square-l-cappuccino-1.jpg\",\"contentUrl\":\"https:\/\/miumjau.ee\/wp-content\/uploads\/2024\/03\/petrebels-rippkiik-luxury-sleeper-square-l-cappuccino-1.jpg\",\"width\":600,\"height\":800,\"caption\":\"PETREBELS rippkiik Luxury Sleeper SQUARE L 40cm, cappuccino\"},{\"@type\":\"BreadcrumbList\",\"@id\":\"https:\/\/miumjau.ee\/fi\/tuote\/riippukeinu-petrebels-l-40cm-cappuccino\/#breadcrumb\",\"itemListElement\":[{\"@type\":\"ListItem\",\"position\":1,\"name\":\"Home\",\"item\":\"https:\/\/miumjau.ee\/fi\/\"},{\"@type\":\"ListItem\",\"position\":2,\"name\":\"Kauppa\",\"item\":\"https:\/\/miumjau.ee\/fi\/kauppa\/\"},{\"@type\":\"ListItem\",\"position\":3,\"name\":\"Riippukeinu Petrebels L 40cm, cappuccino\"}]},{\"@type\":\"WebSite\",\"@id\":\"https:\/\/miumjau.ee\/#website\",\"url\":\"https:\/\/miumjau.ee\/\",\"name\":\"MiuMjau\",\"description\":\"Kraapimispuud kassidele\",\"publisher\":{\"@id\":\"https:\/\/miumjau.ee\/#organization\"},\"potentialAction\":[{\"@type\":\"SearchAction\",\"target\":{\"@type\":\"EntryPoint\",\"urlTemplate\":\"https:\/\/miumjau.ee\/?s={search_term_string}\"},\"query-input\":{\"@type\":\"PropertyValueSpecification\",\"valueRequired\":true,\"valueName\":\"search_term_string\"}}],\"inLanguage\":\"fi\"},{\"@type\":\"Organization\",\"@id\":\"https:\/\/miumjau.ee\/#organization\",\"name\":\"MiuMjau O\u00dc\",\"url\":\"https:\/\/miumjau.ee\/\",\"logo\":{\"@type\":\"ImageObject\",\"inLanguage\":\"fi\",\"@id\":\"https:\/\/miumjau.ee\/#\/schema\/logo\/image\/\",\"url\":\"https:\/\/miumjau.ee\/wp-content\/uploads\/2022\/04\/MiuMjau-logo-kollane.png\",\"contentUrl\":\"https:\/\/miumjau.ee\/wp-content\/uploads\/2022\/04\/MiuMjau-logo-kollane.png\",\"width\":219,\"height\":100,\"caption\":\"MiuMjau O\u00dc\"},\"image\":{\"@id\":\"https:\/\/miumjau.ee\/#\/schema\/logo\/image\/\"},\"sameAs\":[\"https:\/\/www.facebook.com\/miumjaupood\/\"]}]}<\/script>\n<!-- \/ Yoast SEO plugin. -->","yoast_head_json":{"title":"Riippukeinu Petrebels L 40cm, cappuccino - MiuMjau","description":"Hemmottele karvaista yst\u00e4v\u00e4\u00e4si eritt\u00e4in pehme\u00e4ll\u00e4 Luxury Sleeper SQUARE L (40 cm) riippumatolla. Ihanteellinen keskikokoisille kissoille, enint\u00e4\u00e4n 15 kg.","robots":{"index":"index","follow":"follow","max-snippet":"max-snippet:-1","max-image-preview":"max-image-preview:large","max-video-preview":"max-video-preview:-1"},"canonical":"https:\/\/miumjau.ee\/fi\/tuote\/riippukeinu-petrebels-l-40cm-cappuccino\/","og_locale":"fi_FI","og_type":"article","og_title":"Riippukeinu Petrebels L 40cm, cappuccino - MiuMjau","og_description":"Hemmottele karvaista yst\u00e4v\u00e4\u00e4si eritt\u00e4in pehme\u00e4ll\u00e4 Luxury Sleeper SQUARE L (40 cm) riippumatolla. Ihanteellinen keskikokoisille kissoille, enint\u00e4\u00e4n 15 kg.","og_url":"https:\/\/miumjau.ee\/fi\/tuote\/riippukeinu-petrebels-l-40cm-cappuccino\/","og_site_name":"MiuMjau","article_publisher":"https:\/\/www.facebook.com\/miumjaupood\/","article_modified_time":"2026-01-07T20:59:25+00:00","og_image":[{"width":600,"height":800,"url":"https:\/\/miumjau.ee\/wp-content\/uploads\/2024\/03\/petrebels-rippkiik-luxury-sleeper-square-l-cappuccino-1.jpg","type":"image\/jpeg"}],"twitter_card":"summary_large_image","schema":{"@context":"https:\/\/schema.org","@graph":[{"@type":"WebPage","@id":"https:\/\/miumjau.ee\/fi\/tuote\/riippukeinu-petrebels-l-40cm-cappuccino\/","url":"https:\/\/miumjau.ee\/fi\/tuote\/riippukeinu-petrebels-l-40cm-cappuccino\/","name":"Riippukeinu Petrebels L 40cm, cappuccino - MiuMjau","isPartOf":{"@id":"https:\/\/miumjau.ee\/#website"},"primaryImageOfPage":{"@id":"https:\/\/miumjau.ee\/fi\/tuote\/riippukeinu-petrebels-l-40cm-cappuccino\/#primaryimage"},"image":{"@id":"https:\/\/miumjau.ee\/fi\/tuote\/riippukeinu-petrebels-l-40cm-cappuccino\/#primaryimage"},"thumbnailUrl":"https:\/\/miumjau.ee\/wp-content\/uploads\/2024\/03\/petrebels-rippkiik-luxury-sleeper-square-l-cappuccino-1.jpg","datePublished":"2024-03-24T19:30:11+00:00","dateModified":"2026-01-07T20:59:25+00:00","description":"Hemmottele karvaista yst\u00e4v\u00e4\u00e4si eritt\u00e4in pehme\u00e4ll\u00e4 Luxury Sleeper SQUARE L (40 cm) riippumatolla. Ihanteellinen keskikokoisille kissoille, enint\u00e4\u00e4n 15 kg.","breadcrumb":{"@id":"https:\/\/miumjau.ee\/fi\/tuote\/riippukeinu-petrebels-l-40cm-cappuccino\/#breadcrumb"},"inLanguage":"fi","potentialAction":[{"@type":"ReadAction","target":["https:\/\/miumjau.ee\/fi\/tuote\/riippukeinu-petrebels-l-40cm-cappuccino\/"]}]},{"@type":"ImageObject","inLanguage":"fi","@id":"https:\/\/miumjau.ee\/fi\/tuote\/riippukeinu-petrebels-l-40cm-cappuccino\/#primaryimage","url":"https:\/\/miumjau.ee\/wp-content\/uploads\/2024\/03\/petrebels-rippkiik-luxury-sleeper-square-l-cappuccino-1.jpg","contentUrl":"https:\/\/miumjau.ee\/wp-content\/uploads\/2024\/03\/petrebels-rippkiik-luxury-sleeper-square-l-cappuccino-1.jpg","width":600,"height":800,"caption":"PETREBELS rippkiik Luxury Sleeper SQUARE L 40cm, cappuccino"},{"@type":"BreadcrumbList","@id":"https:\/\/miumjau.ee\/fi\/tuote\/riippukeinu-petrebels-l-40cm-cappuccino\/#breadcrumb","itemListElement":[{"@type":"ListItem","position":1,"name":"Home","item":"https:\/\/miumjau.ee\/fi\/"},{"@type":"ListItem","position":2,"name":"Kauppa","item":"https:\/\/miumjau.ee\/fi\/kauppa\/"},{"@type":"ListItem","position":3,"name":"Riippukeinu Petrebels L 40cm, cappuccino"}]},{"@type":"WebSite","@id":"https:\/\/miumjau.ee\/#website","url":"https:\/\/miumjau.ee\/","name":"MiuMjau","description":"Kraapimispuud kassidele","publisher":{"@id":"https:\/\/miumjau.ee\/#organization"},"potentialAction":[{"@type":"SearchAction","target":{"@type":"EntryPoint","urlTemplate":"https:\/\/miumjau.ee\/?s={search_term_string}"},"query-input":{"@type":"PropertyValueSpecification","valueRequired":true,"valueName":"search_term_string"}}],"inLanguage":"fi"},{"@type":"Organization","@id":"https:\/\/miumjau.ee\/#organization","name":"MiuMjau O\u00dc","url":"https:\/\/miumjau.ee\/","logo":{"@type":"ImageObject","inLanguage":"fi","@id":"https:\/\/miumjau.ee\/#\/schema\/logo\/image\/","url":"https:\/\/miumjau.ee\/wp-content\/uploads\/2022\/04\/MiuMjau-logo-kollane.png","contentUrl":"https:\/\/miumjau.ee\/wp-content\/uploads\/2022\/04\/MiuMjau-logo-kollane.png","width":219,"height":100,"caption":"MiuMjau O\u00dc"},"image":{"@id":"https:\/\/miumjau.ee\/#\/schema\/logo\/image\/"},"sameAs":["https:\/\/www.facebook.com\/miumjaupood\/"]}]}},"_links":{"self":[{"href":"https:\/\/miumjau.ee\/fi\/wp-json\/wp\/v2\/product\/19484","targetHints":{"allow":["GET"]}}],"collection":[{"href":"https:\/\/miumjau.ee\/fi\/wp-json\/wp\/v2\/product"}],"about":[{"href":"https:\/\/miumjau.ee\/fi\/wp-json\/wp\/v2\/types\/product"}],"wp:featuredmedia":[{"embeddable":true,"href":"https:\/\/miumjau.ee\/fi\/wp-json\/wp\/v2\/media\/19485"}],"wp:attachment":[{"href":"https:\/\/miumjau.ee\/fi\/wp-json\/wp\/v2\/media?parent=19484"}],"wp:term":[{"taxonomy":"product_brand","embeddable":true,"href":"https:\/\/miumjau.ee\/fi\/wp-json\/wp\/v2\/product_brand?post=19484"},{"taxonomy":"product_cat","embeddable":true,"href":"https:\/\/miumjau.ee\/fi\/wp-json\/wp\/v2\/product_cat?post=19484"},{"taxonomy":"product_tag","embeddable":true,"href":"https:\/\/miumjau.ee\/fi\/wp-json\/wp\/v2\/product_tag?post=19484"}],"curies":[{"name":"wp","href":"https:\/\/api.w.org\/{rel}","templated":true}]}}