{"id":19460,"date":"2024-01-07T11:29:42","date_gmt":"2024-01-07T09:29:42","guid":{"rendered":"https:\/\/miumjau.ee\/toode\/kissahylly-askelmat-3-kpl-step-25-set-wenge\/"},"modified":"2026-01-07T22:59:25","modified_gmt":"2026-01-07T20:59:25","slug":"kissahylly-askelmat-3-kpl-step-25-set-wenge","status":"publish","type":"product","link":"https:\/\/miumjau.ee\/fi\/tuote\/kissahylly-askelmat-3-kpl-step-25-set-wenge\/","title":{"rendered":"Kissahylly, askelmat 3 kpl, Step 25 set, wenge"},"content":{"rendered":"","protected":false},"excerpt":{"rendered":"<p>Kissahylly, askelmat 3 kpl setti<\/p>\n<p>Vaihe 25 -sarjassa on 3 vaihetta. N\u00e4m\u00e4 vaakasuorat askelmat kiinnittyv\u00e4t sein\u00e4\u00e4n ja ne on suunniteltu luomaan helppo polku m\u00e4\u00e4r\u00e4np\u00e4\u00e4h\u00e4si, kuten nukkumapes\u00e4 katon alle. Asutko useamman kuin yhden kissan kanssa? Laajenna sitten kissansein\u00e4m\u00e4\u00e4si Wave 70 -hyllyll\u00e4 tai viile\u00e4ll\u00e4 Scratch-raapimislaudalla, tee kissan sein\u00e4st\u00e4si j\u00e4nnitt\u00e4v\u00e4mpi muilla portailla, tikkailla tai tukevalla pes\u00e4ll\u00e4.<\/p>\n<p>3 kpl setiss\u00e4<br \/>\nMitat &#8211; pituus 25 cm, leveys 15 cm, korkeus 10 cm<br \/>\nValmistettu eukalyptuspuusta<br \/>\nSisal-suojus on eritt\u00e4in vahva ja kiinnitet\u00e4\u00e4n alustaan \u200b\u200btarranauhalla.<br \/>\nMukana tulee sein\u00e4kiinnitysmateriaali<\/p>\n","protected":false},"featured_media":19461,"template":"","meta":[],"product_brand":[],"product_cat":[263,139],"product_tag":[],"class_list":{"0":"post-19460","1":"product","2":"type-product","3":"status-publish","4":"has-post-thumbnail","6":"product_cat-kiipeilyseina-kissoille","7":"product_cat-kaup24-fi","9":"first","10":"instock","11":"sale","12":"taxable","13":"shipping-taxable","14":"purchasable","15":"product-type-simple"},"yoast_head":"<!-- This site is optimized with the Yoast SEO plugin v27.2 - https:\/\/yoast.com\/product\/yoast-seo-wordpress\/ -->\n<title>Kissahylly, askelmat 3 kpl, Step 25 set, wenge - MiuMjau<\/title>\n<meta name=\"description\" content=\"Kissahylly, setti, jota voidaan k\u00e4ytt\u00e4\u00e4 raapimiseen tai lis\u00e4askeleina muiden esineiden tavoittamiseen. Sis\u00e4lt\u00e4\u00e4 3 askelmaa ja asennustarvikkeet.\" \/>\n<meta name=\"robots\" content=\"index, follow, max-snippet:-1, max-image-preview:large, max-video-preview:-1\" \/>\n<link rel=\"canonical\" href=\"https:\/\/miumjau.ee\/tuote\/kassi-riiul-astmed-3-tk-step-25-set-wenge\/\" \/>\n<meta property=\"og:locale\" content=\"fi_FI\" \/>\n<meta property=\"og:type\" content=\"article\" \/>\n<meta property=\"og:title\" content=\"Kissahylly, askelmat 3 kpl, Step 25 set, wenge - MiuMjau\" \/>\n<meta property=\"og:description\" content=\"Kissahylly, setti, jota voidaan k\u00e4ytt\u00e4\u00e4 raapimiseen tai lis\u00e4askeleina muiden esineiden tavoittamiseen. Sis\u00e4lt\u00e4\u00e4 3 askelmaa ja asennustarvikkeet.\" \/>\n<meta property=\"og:url\" content=\"https:\/\/miumjau.ee\/tuote\/kassi-riiul-astmed-3-tk-step-25-set-wenge\/\" \/>\n<meta property=\"og:site_name\" content=\"MiuMjau\" \/>\n<meta property=\"article:publisher\" content=\"https:\/\/www.facebook.com\/miumjaupood\/\" \/>\n<meta property=\"article:modified_time\" content=\"2026-01-07T20:59:25+00:00\" \/>\n<meta property=\"og:image\" content=\"https:\/\/miumjau.ee\/wp-content\/uploads\/2024\/01\/kassi-riiul-step-25-set-wenge-1.jpeg\" \/>\n\t<meta property=\"og:image:width\" content=\"600\" \/>\n\t<meta property=\"og:image:height\" content=\"795\" \/>\n\t<meta property=\"og:image:type\" content=\"image\/jpeg\" \/>\n<meta name=\"twitter:card\" content=\"summary_large_image\" \/>\n<script type=\"application\/ld+json\" class=\"yoast-schema-graph\">{\"@context\":\"https:\/\/schema.org\",\"@graph\":[{\"@type\":\"WebPage\",\"@id\":\"https:\/\/miumjau.ee\/tuote\/kassi-riiul-astmed-3-tk-step-25-set-wenge\/\",\"url\":\"https:\/\/miumjau.ee\/tuote\/kassi-riiul-astmed-3-tk-step-25-set-wenge\/\",\"name\":\"Kissahylly, askelmat 3 kpl, Step 25 set, wenge - MiuMjau\",\"isPartOf\":{\"@id\":\"https:\/\/miumjau.ee\/#website\"},\"primaryImageOfPage\":{\"@id\":\"https:\/\/miumjau.ee\/tuote\/kassi-riiul-astmed-3-tk-step-25-set-wenge\/#primaryimage\"},\"image\":{\"@id\":\"https:\/\/miumjau.ee\/tuote\/kassi-riiul-astmed-3-tk-step-25-set-wenge\/#primaryimage\"},\"thumbnailUrl\":\"https:\/\/miumjau.ee\/wp-content\/uploads\/2024\/01\/kassi-riiul-step-25-set-wenge-1.jpeg\",\"datePublished\":\"2024-01-07T09:29:42+00:00\",\"dateModified\":\"2026-01-07T20:59:25+00:00\",\"description\":\"Kissahylly, setti, jota voidaan k\u00e4ytt\u00e4\u00e4 raapimiseen tai lis\u00e4askeleina muiden esineiden tavoittamiseen. Sis\u00e4lt\u00e4\u00e4 3 askelmaa ja asennustarvikkeet.\",\"breadcrumb\":{\"@id\":\"https:\/\/miumjau.ee\/tuote\/kassi-riiul-astmed-3-tk-step-25-set-wenge\/#breadcrumb\"},\"inLanguage\":\"fi\",\"potentialAction\":[{\"@type\":\"ReadAction\",\"target\":[\"https:\/\/miumjau.ee\/tuote\/kassi-riiul-astmed-3-tk-step-25-set-wenge\/\"]}]},{\"@type\":\"ImageObject\",\"inLanguage\":\"fi\",\"@id\":\"https:\/\/miumjau.ee\/tuote\/kassi-riiul-astmed-3-tk-step-25-set-wenge\/#primaryimage\",\"url\":\"https:\/\/miumjau.ee\/wp-content\/uploads\/2024\/01\/kassi-riiul-step-25-set-wenge-1.jpeg\",\"contentUrl\":\"https:\/\/miumjau.ee\/wp-content\/uploads\/2024\/01\/kassi-riiul-step-25-set-wenge-1.jpeg\",\"width\":600,\"height\":795,\"caption\":\"Kassi riiul, asted 3 tk, Step 25 set, wenge\"},{\"@type\":\"BreadcrumbList\",\"@id\":\"https:\/\/miumjau.ee\/tuote\/kassi-riiul-astmed-3-tk-step-25-set-wenge\/#breadcrumb\",\"itemListElement\":[{\"@type\":\"ListItem\",\"position\":1,\"name\":\"Home\",\"item\":\"https:\/\/miumjau.ee\/fi\/\"},{\"@type\":\"ListItem\",\"position\":2,\"name\":\"Kauppa\",\"item\":\"https:\/\/miumjau.ee\/fi\/kauppa\/\"},{\"@type\":\"ListItem\",\"position\":3,\"name\":\"Kissahylly, askelmat 3 kpl, Step 25 set, wenge\"}]},{\"@type\":\"WebSite\",\"@id\":\"https:\/\/miumjau.ee\/#website\",\"url\":\"https:\/\/miumjau.ee\/\",\"name\":\"MiuMjau\",\"description\":\"Kraapimispuud kassidele\",\"publisher\":{\"@id\":\"https:\/\/miumjau.ee\/#organization\"},\"potentialAction\":[{\"@type\":\"SearchAction\",\"target\":{\"@type\":\"EntryPoint\",\"urlTemplate\":\"https:\/\/miumjau.ee\/?s={search_term_string}\"},\"query-input\":{\"@type\":\"PropertyValueSpecification\",\"valueRequired\":true,\"valueName\":\"search_term_string\"}}],\"inLanguage\":\"fi\"},{\"@type\":\"Organization\",\"@id\":\"https:\/\/miumjau.ee\/#organization\",\"name\":\"MiuMjau O\u00dc\",\"url\":\"https:\/\/miumjau.ee\/\",\"logo\":{\"@type\":\"ImageObject\",\"inLanguage\":\"fi\",\"@id\":\"https:\/\/miumjau.ee\/#\/schema\/logo\/image\/\",\"url\":\"https:\/\/miumjau.ee\/wp-content\/uploads\/2022\/04\/MiuMjau-logo-kollane.png\",\"contentUrl\":\"https:\/\/miumjau.ee\/wp-content\/uploads\/2022\/04\/MiuMjau-logo-kollane.png\",\"width\":219,\"height\":100,\"caption\":\"MiuMjau O\u00dc\"},\"image\":{\"@id\":\"https:\/\/miumjau.ee\/#\/schema\/logo\/image\/\"},\"sameAs\":[\"https:\/\/www.facebook.com\/miumjaupood\/\"]}]}<\/script>\n<!-- \/ Yoast SEO plugin. -->","yoast_head_json":{"title":"Kissahylly, askelmat 3 kpl, Step 25 set, wenge - MiuMjau","description":"Kissahylly, setti, jota voidaan k\u00e4ytt\u00e4\u00e4 raapimiseen tai lis\u00e4askeleina muiden esineiden tavoittamiseen. Sis\u00e4lt\u00e4\u00e4 3 askelmaa ja asennustarvikkeet.","robots":{"index":"index","follow":"follow","max-snippet":"max-snippet:-1","max-image-preview":"max-image-preview:large","max-video-preview":"max-video-preview:-1"},"canonical":"https:\/\/miumjau.ee\/tuote\/kassi-riiul-astmed-3-tk-step-25-set-wenge\/","og_locale":"fi_FI","og_type":"article","og_title":"Kissahylly, askelmat 3 kpl, Step 25 set, wenge - MiuMjau","og_description":"Kissahylly, setti, jota voidaan k\u00e4ytt\u00e4\u00e4 raapimiseen tai lis\u00e4askeleina muiden esineiden tavoittamiseen. Sis\u00e4lt\u00e4\u00e4 3 askelmaa ja asennustarvikkeet.","og_url":"https:\/\/miumjau.ee\/tuote\/kassi-riiul-astmed-3-tk-step-25-set-wenge\/","og_site_name":"MiuMjau","article_publisher":"https:\/\/www.facebook.com\/miumjaupood\/","article_modified_time":"2026-01-07T20:59:25+00:00","og_image":[{"width":600,"height":795,"url":"https:\/\/miumjau.ee\/wp-content\/uploads\/2024\/01\/kassi-riiul-step-25-set-wenge-1.jpeg","type":"image\/jpeg"}],"twitter_card":"summary_large_image","schema":{"@context":"https:\/\/schema.org","@graph":[{"@type":"WebPage","@id":"https:\/\/miumjau.ee\/tuote\/kassi-riiul-astmed-3-tk-step-25-set-wenge\/","url":"https:\/\/miumjau.ee\/tuote\/kassi-riiul-astmed-3-tk-step-25-set-wenge\/","name":"Kissahylly, askelmat 3 kpl, Step 25 set, wenge - MiuMjau","isPartOf":{"@id":"https:\/\/miumjau.ee\/#website"},"primaryImageOfPage":{"@id":"https:\/\/miumjau.ee\/tuote\/kassi-riiul-astmed-3-tk-step-25-set-wenge\/#primaryimage"},"image":{"@id":"https:\/\/miumjau.ee\/tuote\/kassi-riiul-astmed-3-tk-step-25-set-wenge\/#primaryimage"},"thumbnailUrl":"https:\/\/miumjau.ee\/wp-content\/uploads\/2024\/01\/kassi-riiul-step-25-set-wenge-1.jpeg","datePublished":"2024-01-07T09:29:42+00:00","dateModified":"2026-01-07T20:59:25+00:00","description":"Kissahylly, setti, jota voidaan k\u00e4ytt\u00e4\u00e4 raapimiseen tai lis\u00e4askeleina muiden esineiden tavoittamiseen. Sis\u00e4lt\u00e4\u00e4 3 askelmaa ja asennustarvikkeet.","breadcrumb":{"@id":"https:\/\/miumjau.ee\/tuote\/kassi-riiul-astmed-3-tk-step-25-set-wenge\/#breadcrumb"},"inLanguage":"fi","potentialAction":[{"@type":"ReadAction","target":["https:\/\/miumjau.ee\/tuote\/kassi-riiul-astmed-3-tk-step-25-set-wenge\/"]}]},{"@type":"ImageObject","inLanguage":"fi","@id":"https:\/\/miumjau.ee\/tuote\/kassi-riiul-astmed-3-tk-step-25-set-wenge\/#primaryimage","url":"https:\/\/miumjau.ee\/wp-content\/uploads\/2024\/01\/kassi-riiul-step-25-set-wenge-1.jpeg","contentUrl":"https:\/\/miumjau.ee\/wp-content\/uploads\/2024\/01\/kassi-riiul-step-25-set-wenge-1.jpeg","width":600,"height":795,"caption":"Kassi riiul, asted 3 tk, Step 25 set, wenge"},{"@type":"BreadcrumbList","@id":"https:\/\/miumjau.ee\/tuote\/kassi-riiul-astmed-3-tk-step-25-set-wenge\/#breadcrumb","itemListElement":[{"@type":"ListItem","position":1,"name":"Home","item":"https:\/\/miumjau.ee\/fi\/"},{"@type":"ListItem","position":2,"name":"Kauppa","item":"https:\/\/miumjau.ee\/fi\/kauppa\/"},{"@type":"ListItem","position":3,"name":"Kissahylly, askelmat 3 kpl, Step 25 set, wenge"}]},{"@type":"WebSite","@id":"https:\/\/miumjau.ee\/#website","url":"https:\/\/miumjau.ee\/","name":"MiuMjau","description":"Kraapimispuud kassidele","publisher":{"@id":"https:\/\/miumjau.ee\/#organization"},"potentialAction":[{"@type":"SearchAction","target":{"@type":"EntryPoint","urlTemplate":"https:\/\/miumjau.ee\/?s={search_term_string}"},"query-input":{"@type":"PropertyValueSpecification","valueRequired":true,"valueName":"search_term_string"}}],"inLanguage":"fi"},{"@type":"Organization","@id":"https:\/\/miumjau.ee\/#organization","name":"MiuMjau O\u00dc","url":"https:\/\/miumjau.ee\/","logo":{"@type":"ImageObject","inLanguage":"fi","@id":"https:\/\/miumjau.ee\/#\/schema\/logo\/image\/","url":"https:\/\/miumjau.ee\/wp-content\/uploads\/2022\/04\/MiuMjau-logo-kollane.png","contentUrl":"https:\/\/miumjau.ee\/wp-content\/uploads\/2022\/04\/MiuMjau-logo-kollane.png","width":219,"height":100,"caption":"MiuMjau O\u00dc"},"image":{"@id":"https:\/\/miumjau.ee\/#\/schema\/logo\/image\/"},"sameAs":["https:\/\/www.facebook.com\/miumjaupood\/"]}]}},"_links":{"self":[{"href":"https:\/\/miumjau.ee\/fi\/wp-json\/wp\/v2\/product\/19460","targetHints":{"allow":["GET"]}}],"collection":[{"href":"https:\/\/miumjau.ee\/fi\/wp-json\/wp\/v2\/product"}],"about":[{"href":"https:\/\/miumjau.ee\/fi\/wp-json\/wp\/v2\/types\/product"}],"wp:featuredmedia":[{"embeddable":true,"href":"https:\/\/miumjau.ee\/fi\/wp-json\/wp\/v2\/media\/19461"}],"wp:attachment":[{"href":"https:\/\/miumjau.ee\/fi\/wp-json\/wp\/v2\/media?parent=19460"}],"wp:term":[{"taxonomy":"product_brand","embeddable":true,"href":"https:\/\/miumjau.ee\/fi\/wp-json\/wp\/v2\/product_brand?post=19460"},{"taxonomy":"product_cat","embeddable":true,"href":"https:\/\/miumjau.ee\/fi\/wp-json\/wp\/v2\/product_cat?post=19460"},{"taxonomy":"product_tag","embeddable":true,"href":"https:\/\/miumjau.ee\/fi\/wp-json\/wp\/v2\/product_tag?post=19460"}],"curies":[{"name":"wp","href":"https:\/\/api.w.org\/{rel}","templated":true}]}}