{"id":19361,"date":"2024-08-09T12:36:55","date_gmt":"2024-08-09T09:36:55","guid":{"rendered":"https:\/\/miumjau.ee\/toode\/ambrosia-kissan-kuivaruokaa-taimenkani-15kg\/"},"modified":"2026-01-07T22:59:25","modified_gmt":"2026-01-07T20:59:25","slug":"ambrosia-kissan-kuivaruokaa-taimenkani-15kg","status":"publish","type":"product","link":"https:\/\/miumjau.ee\/fi\/tuote\/ambrosia-kissan-kuivaruokaa-taimenkani-15kg\/","title":{"rendered":"Ambrosia kissan kuivaruokaa, taimen+kani, 1,5kg"},"content":{"rendered":"","protected":false},"excerpt":{"rendered":"<p data-start=\"0\" data-end=\"604\">Hypoallergeeninen ja viljaton kuiva ruoka kissoille br\u00e4ndilt\u00e4 Ambrosia \u2013 t\u00e4ydellinen valinta aikuisille, vanhemmille, sterilisoiduille kissoille sek\u00e4 kissoille, joilla on ylipainoa. T\u00e4m\u00e4 tasapainotettu ruoka sis\u00e4lt\u00e4\u00e4 52 % el\u00e4inper\u00e4isi\u00e4 ainesosia ja 78 % el\u00e4inper\u00e4ist\u00e4 proteiinia, tarjoten kissallesi tarvittavat ravintoaineet ja energiaa. Ainesosat kuten tuore lohi, kuivatettu kani, parsakaali, pinaatti, karpalot ja mustikat tukevat turkin terveytt\u00e4 ja yleist\u00e4 hyvinvointia. T\u00e4m\u00e4 v\u00e4h\u00e4rasvainen ja vitamiineilla rikastettu ruoka on my\u00f6s ihanteellinen valinta herk\u00e4lle ruoansulatukselle.<\/p>\n<p data-start=\"606\" data-end=\"1213\"><strong data-start=\"606\" data-end=\"620\">Ainesosat:<\/strong> Tuore lohi (30 %), kuivatettu kani (21 %), kuivatut perunahiutaleet, t\u00e4ysjyv\u00e4herne, halutut herneet, perunaproteiini, kuivatettu punajuurimassa, lignotselluloosa, kuivatut panimohiivahiukkaset, hydrolysoidut hiivat, lohi\u00f6ljy (1 %), mineraalit, kuiva sikori (luonnollinen FOS- ja inuliinin l\u00e4hde), kuivatut omenat, kuivatut porkkanat, kuivatut parsakaalit, kuivatut pinaatit, kuivatut tomaatit, kuivatut karpalot, kuivatut mustikat, glukosamiinihydrokloridi (100 mg\/kg), kondroitiinisulfaatti (100 mg\/kg), kuivatut yrtit (Yucca schidigera, Rosemarinus sp, Curcuma sp, Citrus sp, Eugenia sp).<\/p>\n<p data-start=\"1215\" data-end=\"1451\"><strong data-start=\"1215\" data-end=\"1239\">Ravintoarvoanalyysi:<\/strong> Raakaproteiini 34 %, raakarasva 12 %, omega-3-rasvahapot 0,4 %, omega-6-rasvahapot 1,8 %, raakakuivaj\u00e4\u00e4nn\u00f6s 7,5 %, raakakuitu 5,5 %, kosteus 6,0 %, kalsium (Ca) 1,4 %, fosfori (P) 1,0 %, magnesium (Mg) 0,09 %.<\/p>\n<p data-start=\"1453\" data-end=\"1489\"><strong data-start=\"1453\" data-end=\"1474\">Energiapitoisuus:<\/strong> 3650 kcal\/kg<\/p>\n<p data-start=\"1491\" data-end=\"1510\" data-is-last-node=\"\" data-is-only-node=\"\"><strong data-start=\"1491\" data-end=\"1510\" data-is-last-node=\"\">Saatavilla nyt!<\/strong><\/p>\n","protected":false},"featured_media":17083,"template":"","meta":[],"product_brand":[],"product_cat":[255],"product_tag":[],"class_list":{"0":"post-19361","1":"product","2":"type-product","3":"status-publish","4":"has-post-thumbnail","6":"product_cat-kuiva-ruoka","8":"first","9":"instock","10":"taxable","11":"shipping-taxable","12":"purchasable","13":"product-type-simple"},"yoast_head":"<!-- This site is optimized with the Yoast SEO plugin v27.4 - https:\/\/yoast.com\/product\/yoast-seo-wordpress\/ -->\n<title>Ambrosia kissan kuivaruokaa, taimen+kani, 1,5kg - MiuMjau<\/title>\n<meta name=\"description\" content=\"Ambrosia kuivtoit kassile \u2013 looduslik kassitoit, t\u00e4is k\u00f5rgekvaliteedilisi loomseid valke ja vitamiine. Pakkuge oma kassile parimat!\" \/>\n<meta name=\"robots\" content=\"index, follow, max-snippet:-1, max-image-preview:large, max-video-preview:-1\" \/>\n<link rel=\"canonical\" href=\"https:\/\/miumjau.ee\/fi\/tuote\/ambrosia-kissan-kuivaruokaa-taimenkani-15kg\/\" \/>\n<meta property=\"og:locale\" content=\"fi_FI\" \/>\n<meta property=\"og:type\" content=\"article\" \/>\n<meta property=\"og:title\" content=\"Ambrosia kissan kuivaruokaa, taimen+kani, 1,5kg - MiuMjau\" \/>\n<meta property=\"og:description\" content=\"Ambrosia kuivtoit kassile \u2013 looduslik kassitoit, t\u00e4is k\u00f5rgekvaliteedilisi loomseid valke ja vitamiine. Pakkuge oma kassile parimat!\" \/>\n<meta property=\"og:url\" content=\"https:\/\/miumjau.ee\/fi\/tuote\/ambrosia-kissan-kuivaruokaa-taimenkani-15kg\/\" \/>\n<meta property=\"og:site_name\" content=\"MiuMjau\" \/>\n<meta property=\"article:publisher\" content=\"https:\/\/www.facebook.com\/miumjaupood\/\" \/>\n<meta property=\"article:modified_time\" content=\"2026-01-07T20:59:25+00:00\" \/>\n<meta property=\"og:image\" content=\"https:\/\/miumjau.ee\/wp-content\/uploads\/2024\/08\/ambrosia-Fresh-Trout-Rabbit-0\u00b0.jpg\" \/>\n\t<meta property=\"og:image:width\" content=\"600\" \/>\n\t<meta property=\"og:image:height\" content=\"800\" \/>\n\t<meta property=\"og:image:type\" content=\"image\/jpeg\" \/>\n<meta name=\"twitter:card\" content=\"summary_large_image\" \/>\n<script type=\"application\/ld+json\" class=\"yoast-schema-graph\">{\"@context\":\"https:\\\/\\\/schema.org\",\"@graph\":[{\"@type\":\"WebPage\",\"@id\":\"https:\\\/\\\/miumjau.ee\\\/fi\\\/tuote\\\/ambrosia-kissan-kuivaruokaa-taimenkani-15kg\\\/\",\"url\":\"https:\\\/\\\/miumjau.ee\\\/fi\\\/tuote\\\/ambrosia-kissan-kuivaruokaa-taimenkani-15kg\\\/\",\"name\":\"Ambrosia kissan kuivaruokaa, taimen+kani, 1,5kg - MiuMjau\",\"isPartOf\":{\"@id\":\"https:\\\/\\\/miumjau.ee\\\/#website\"},\"primaryImageOfPage\":{\"@id\":\"https:\\\/\\\/miumjau.ee\\\/fi\\\/tuote\\\/ambrosia-kissan-kuivaruokaa-taimenkani-15kg\\\/#primaryimage\"},\"image\":{\"@id\":\"https:\\\/\\\/miumjau.ee\\\/fi\\\/tuote\\\/ambrosia-kissan-kuivaruokaa-taimenkani-15kg\\\/#primaryimage\"},\"thumbnailUrl\":\"https:\\\/\\\/miumjau.ee\\\/wp-content\\\/uploads\\\/2024\\\/08\\\/ambrosia-Fresh-Trout-Rabbit-0\u00b0.jpg\",\"datePublished\":\"2024-08-09T09:36:55+00:00\",\"dateModified\":\"2026-01-07T20:59:25+00:00\",\"description\":\"Ambrosia kuivtoit kassile \u2013 looduslik kassitoit, t\u00e4is k\u00f5rgekvaliteedilisi loomseid valke ja vitamiine. Pakkuge oma kassile parimat!\",\"breadcrumb\":{\"@id\":\"https:\\\/\\\/miumjau.ee\\\/fi\\\/tuote\\\/ambrosia-kissan-kuivaruokaa-taimenkani-15kg\\\/#breadcrumb\"},\"inLanguage\":\"fi\",\"potentialAction\":[{\"@type\":\"ReadAction\",\"target\":[\"https:\\\/\\\/miumjau.ee\\\/fi\\\/tuote\\\/ambrosia-kissan-kuivaruokaa-taimenkani-15kg\\\/\"]}]},{\"@type\":\"ImageObject\",\"inLanguage\":\"fi\",\"@id\":\"https:\\\/\\\/miumjau.ee\\\/fi\\\/tuote\\\/ambrosia-kissan-kuivaruokaa-taimenkani-15kg\\\/#primaryimage\",\"url\":\"https:\\\/\\\/miumjau.ee\\\/wp-content\\\/uploads\\\/2024\\\/08\\\/ambrosia-Fresh-Trout-Rabbit-0\u00b0.jpg\",\"contentUrl\":\"https:\\\/\\\/miumjau.ee\\\/wp-content\\\/uploads\\\/2024\\\/08\\\/ambrosia-Fresh-Trout-Rabbit-0\u00b0.jpg\",\"width\":600,\"height\":800,\"caption\":\"ambrosia-Fresh-Trout-Rabbit-0\u00b0.jpg\"},{\"@type\":\"BreadcrumbList\",\"@id\":\"https:\\\/\\\/miumjau.ee\\\/fi\\\/tuote\\\/ambrosia-kissan-kuivaruokaa-taimenkani-15kg\\\/#breadcrumb\",\"itemListElement\":[{\"@type\":\"ListItem\",\"position\":1,\"name\":\"Home\",\"item\":\"https:\\\/\\\/miumjau.ee\\\/fi\\\/\"},{\"@type\":\"ListItem\",\"position\":2,\"name\":\"Kauppa\",\"item\":\"https:\\\/\\\/miumjau.ee\\\/fi\\\/kauppa\\\/\"},{\"@type\":\"ListItem\",\"position\":3,\"name\":\"Ambrosia kissan kuivaruokaa, taimen+kani, 1,5kg\"}]},{\"@type\":\"WebSite\",\"@id\":\"https:\\\/\\\/miumjau.ee\\\/#website\",\"url\":\"https:\\\/\\\/miumjau.ee\\\/\",\"name\":\"MiuMjau\",\"description\":\"Kraapimispuud kassidele\",\"publisher\":{\"@id\":\"https:\\\/\\\/miumjau.ee\\\/#organization\"},\"potentialAction\":[{\"@type\":\"SearchAction\",\"target\":{\"@type\":\"EntryPoint\",\"urlTemplate\":\"https:\\\/\\\/miumjau.ee\\\/?s={search_term_string}\"},\"query-input\":{\"@type\":\"PropertyValueSpecification\",\"valueRequired\":true,\"valueName\":\"search_term_string\"}}],\"inLanguage\":\"fi\"},{\"@type\":\"Organization\",\"@id\":\"https:\\\/\\\/miumjau.ee\\\/#organization\",\"name\":\"MiuMjau O\u00dc\",\"url\":\"https:\\\/\\\/miumjau.ee\\\/\",\"logo\":{\"@type\":\"ImageObject\",\"inLanguage\":\"fi\",\"@id\":\"https:\\\/\\\/miumjau.ee\\\/#\\\/schema\\\/logo\\\/image\\\/\",\"url\":\"https:\\\/\\\/miumjau.ee\\\/wp-content\\\/uploads\\\/2022\\\/04\\\/MiuMjau-logo-kollane.png\",\"contentUrl\":\"https:\\\/\\\/miumjau.ee\\\/wp-content\\\/uploads\\\/2022\\\/04\\\/MiuMjau-logo-kollane.png\",\"width\":219,\"height\":100,\"caption\":\"MiuMjau O\u00dc\"},\"image\":{\"@id\":\"https:\\\/\\\/miumjau.ee\\\/#\\\/schema\\\/logo\\\/image\\\/\"},\"sameAs\":[\"https:\\\/\\\/www.facebook.com\\\/miumjaupood\\\/\"]}]}<\/script>\n<!-- \/ Yoast SEO plugin. -->","yoast_head_json":{"title":"Ambrosia kissan kuivaruokaa, taimen+kani, 1,5kg - MiuMjau","description":"Ambrosia kuivtoit kassile \u2013 looduslik kassitoit, t\u00e4is k\u00f5rgekvaliteedilisi loomseid valke ja vitamiine. Pakkuge oma kassile parimat!","robots":{"index":"index","follow":"follow","max-snippet":"max-snippet:-1","max-image-preview":"max-image-preview:large","max-video-preview":"max-video-preview:-1"},"canonical":"https:\/\/miumjau.ee\/fi\/tuote\/ambrosia-kissan-kuivaruokaa-taimenkani-15kg\/","og_locale":"fi_FI","og_type":"article","og_title":"Ambrosia kissan kuivaruokaa, taimen+kani, 1,5kg - MiuMjau","og_description":"Ambrosia kuivtoit kassile \u2013 looduslik kassitoit, t\u00e4is k\u00f5rgekvaliteedilisi loomseid valke ja vitamiine. Pakkuge oma kassile parimat!","og_url":"https:\/\/miumjau.ee\/fi\/tuote\/ambrosia-kissan-kuivaruokaa-taimenkani-15kg\/","og_site_name":"MiuMjau","article_publisher":"https:\/\/www.facebook.com\/miumjaupood\/","article_modified_time":"2026-01-07T20:59:25+00:00","og_image":[{"width":600,"height":800,"url":"https:\/\/miumjau.ee\/wp-content\/uploads\/2024\/08\/ambrosia-Fresh-Trout-Rabbit-0\u00b0.jpg","type":"image\/jpeg"}],"twitter_card":"summary_large_image","schema":{"@context":"https:\/\/schema.org","@graph":[{"@type":"WebPage","@id":"https:\/\/miumjau.ee\/fi\/tuote\/ambrosia-kissan-kuivaruokaa-taimenkani-15kg\/","url":"https:\/\/miumjau.ee\/fi\/tuote\/ambrosia-kissan-kuivaruokaa-taimenkani-15kg\/","name":"Ambrosia kissan kuivaruokaa, taimen+kani, 1,5kg - MiuMjau","isPartOf":{"@id":"https:\/\/miumjau.ee\/#website"},"primaryImageOfPage":{"@id":"https:\/\/miumjau.ee\/fi\/tuote\/ambrosia-kissan-kuivaruokaa-taimenkani-15kg\/#primaryimage"},"image":{"@id":"https:\/\/miumjau.ee\/fi\/tuote\/ambrosia-kissan-kuivaruokaa-taimenkani-15kg\/#primaryimage"},"thumbnailUrl":"https:\/\/miumjau.ee\/wp-content\/uploads\/2024\/08\/ambrosia-Fresh-Trout-Rabbit-0\u00b0.jpg","datePublished":"2024-08-09T09:36:55+00:00","dateModified":"2026-01-07T20:59:25+00:00","description":"Ambrosia kuivtoit kassile \u2013 looduslik kassitoit, t\u00e4is k\u00f5rgekvaliteedilisi loomseid valke ja vitamiine. Pakkuge oma kassile parimat!","breadcrumb":{"@id":"https:\/\/miumjau.ee\/fi\/tuote\/ambrosia-kissan-kuivaruokaa-taimenkani-15kg\/#breadcrumb"},"inLanguage":"fi","potentialAction":[{"@type":"ReadAction","target":["https:\/\/miumjau.ee\/fi\/tuote\/ambrosia-kissan-kuivaruokaa-taimenkani-15kg\/"]}]},{"@type":"ImageObject","inLanguage":"fi","@id":"https:\/\/miumjau.ee\/fi\/tuote\/ambrosia-kissan-kuivaruokaa-taimenkani-15kg\/#primaryimage","url":"https:\/\/miumjau.ee\/wp-content\/uploads\/2024\/08\/ambrosia-Fresh-Trout-Rabbit-0\u00b0.jpg","contentUrl":"https:\/\/miumjau.ee\/wp-content\/uploads\/2024\/08\/ambrosia-Fresh-Trout-Rabbit-0\u00b0.jpg","width":600,"height":800,"caption":"ambrosia-Fresh-Trout-Rabbit-0\u00b0.jpg"},{"@type":"BreadcrumbList","@id":"https:\/\/miumjau.ee\/fi\/tuote\/ambrosia-kissan-kuivaruokaa-taimenkani-15kg\/#breadcrumb","itemListElement":[{"@type":"ListItem","position":1,"name":"Home","item":"https:\/\/miumjau.ee\/fi\/"},{"@type":"ListItem","position":2,"name":"Kauppa","item":"https:\/\/miumjau.ee\/fi\/kauppa\/"},{"@type":"ListItem","position":3,"name":"Ambrosia kissan kuivaruokaa, taimen+kani, 1,5kg"}]},{"@type":"WebSite","@id":"https:\/\/miumjau.ee\/#website","url":"https:\/\/miumjau.ee\/","name":"MiuMjau","description":"Kraapimispuud kassidele","publisher":{"@id":"https:\/\/miumjau.ee\/#organization"},"potentialAction":[{"@type":"SearchAction","target":{"@type":"EntryPoint","urlTemplate":"https:\/\/miumjau.ee\/?s={search_term_string}"},"query-input":{"@type":"PropertyValueSpecification","valueRequired":true,"valueName":"search_term_string"}}],"inLanguage":"fi"},{"@type":"Organization","@id":"https:\/\/miumjau.ee\/#organization","name":"MiuMjau O\u00dc","url":"https:\/\/miumjau.ee\/","logo":{"@type":"ImageObject","inLanguage":"fi","@id":"https:\/\/miumjau.ee\/#\/schema\/logo\/image\/","url":"https:\/\/miumjau.ee\/wp-content\/uploads\/2022\/04\/MiuMjau-logo-kollane.png","contentUrl":"https:\/\/miumjau.ee\/wp-content\/uploads\/2022\/04\/MiuMjau-logo-kollane.png","width":219,"height":100,"caption":"MiuMjau O\u00dc"},"image":{"@id":"https:\/\/miumjau.ee\/#\/schema\/logo\/image\/"},"sameAs":["https:\/\/www.facebook.com\/miumjaupood\/"]}]}},"_links":{"self":[{"href":"https:\/\/miumjau.ee\/fi\/wp-json\/wp\/v2\/product\/19361","targetHints":{"allow":["GET"]}}],"collection":[{"href":"https:\/\/miumjau.ee\/fi\/wp-json\/wp\/v2\/product"}],"about":[{"href":"https:\/\/miumjau.ee\/fi\/wp-json\/wp\/v2\/types\/product"}],"wp:featuredmedia":[{"embeddable":true,"href":"https:\/\/miumjau.ee\/fi\/wp-json\/wp\/v2\/media\/17083"}],"wp:attachment":[{"href":"https:\/\/miumjau.ee\/fi\/wp-json\/wp\/v2\/media?parent=19361"}],"wp:term":[{"taxonomy":"product_brand","embeddable":true,"href":"https:\/\/miumjau.ee\/fi\/wp-json\/wp\/v2\/product_brand?post=19361"},{"taxonomy":"product_cat","embeddable":true,"href":"https:\/\/miumjau.ee\/fi\/wp-json\/wp\/v2\/product_cat?post=19361"},{"taxonomy":"product_tag","embeddable":true,"href":"https:\/\/miumjau.ee\/fi\/wp-json\/wp\/v2\/product_tag?post=19361"}],"curies":[{"name":"wp","href":"https:\/\/api.w.org\/{rel}","templated":true}]}}