{"id":19360,"date":"2024-08-09T12:27:15","date_gmt":"2024-08-09T09:27:15","guid":{"rendered":"https:\/\/miumjau.ee\/toode\/ambrosia-kuivaruoka-kalkkuna-silli-15kg\/"},"modified":"2026-01-07T22:59:25","modified_gmt":"2026-01-07T20:59:25","slug":"ambrosia-kuivaruoka-kalkkuna-silli-15kg","status":"publish","type":"product","link":"https:\/\/miumjau.ee\/fi\/tuote\/ambrosia-kuivaruoka-kalkkuna-silli-15kg\/","title":{"rendered":"Ambrosia, kuivaruoka, kalkkuna, silli, 1,5kg"},"content":{"rendered":"","protected":false},"excerpt":{"rendered":"<p>Ihanteellinen ruoka aikuisille, vanhuksille, steriloiduille ja ylipainoisille kissoille. T\u00e4m\u00e4 tasapainoinen ruokavalio sis\u00e4lt\u00e4\u00e4 59 % el\u00e4inper\u00e4isi\u00e4 ainesosia ja 73 % proteiinia el\u00e4inl\u00e4hteist\u00e4, mik\u00e4 takaa terveellisen ja maukkaan ruokavalion. Ainesosat, kuten tuore kalkkuna, kuivattu silli, kurpitsa, pinaatti, karpalo ja mustikat antavat kissalle kaikki tarvittavat ravintoaineet ja vitamiinit. V\u00e4h\u00e4rasvainen ruokavalio tukee turkin terveytt\u00e4 ja yleist\u00e4 hyvinvointia.<\/p>\n<p>Ainesosat: Kalkkuna (32%, sis\u00e4lt\u00e4en tuoretta luutonta kalkkunaa 25% ja kuivattua kalkkunaproteiinia 7%), kuivattu silli (17%), perunat\u00e4rkkelys, vihre\u00e4t herneet, hydrolysoitu el\u00e4inproteiini (6,5%), perunaproteiini, lohi\u00f6ljy (2%) ), kuivattu juurikasmassa, el\u00e4inrasva (1,5%), pellavansiemenet, kivenn\u00e4isaineet, kuivattu sikuri (luonnollinen FOS:n ja inuliinin l\u00e4hde), MOS ja beetaglukaanit, kuivattu panimohiiva, kuivattu kurpitsa, kuivattu pinaatti, kuivatut tomaatit, kuivatut karpalot, kuivatut mustikat, glukosamiinihydrokloridi (100 mg\/kg), kondroitiinisulfaatti (100 mg\/kg), kuivatut yrtit (Yucca schidigera, Rosemarinus sp, Curcuma sp, Citrus sp, Eugenia sp).<\/p>\n<p>Ravintoarvoanalyysi: Raakaproteiini 38%, raakarasva 12%, Omega-3-rasvahapot 0,6%, Omega-6-rasvahapot 1,6%, raakatuhka 7,5%, raakakuitu 2,0%, kosteus 9,0%, kalsium (Ca) 1,0%. fosfori (P) 0,9 %, magnesium (Mg) 0,09 %.<\/p>\n<p>Ruoan kaloripitoisuus on 3720 kcal\/kg.<\/p>\n<p>Saatavilla nyt!<\/p>\n","protected":false},"featured_media":17071,"template":"","meta":[],"product_brand":[],"product_cat":[255],"product_tag":[],"class_list":{"0":"post-19360","1":"product","2":"type-product","3":"status-publish","4":"has-post-thumbnail","6":"product_cat-kuiva-ruoka","8":"first","9":"instock","10":"taxable","11":"shipping-taxable","12":"purchasable","13":"product-type-simple"},"yoast_head":"<!-- This site is optimized with the Yoast SEO plugin v27.4 - https:\/\/yoast.com\/product\/yoast-seo-wordpress\/ -->\n<title>Ambrosia, kuivaruoka, kalkkuna, silli, 1,5kg - MiuMjau<\/title>\n<meta name=\"description\" content=\"Ambrosia maitsev kuivtoit kassidele, mis on t\u00e4is k\u00f5rgekvaliteedilisi loomseid valke ja vitamiine. Pakkuge oma kassile parimat!\" \/>\n<meta name=\"robots\" content=\"index, follow, max-snippet:-1, max-image-preview:large, max-video-preview:-1\" \/>\n<link rel=\"canonical\" href=\"https:\/\/miumjau.ee\/fi\/tuote\/ambrosia-kuivaruoka-kalkkuna-silli-15kg\/\" \/>\n<meta property=\"og:locale\" content=\"fi_FI\" \/>\n<meta property=\"og:type\" content=\"article\" \/>\n<meta property=\"og:title\" content=\"Ambrosia, kuivaruoka, kalkkuna, silli, 1,5kg - MiuMjau\" \/>\n<meta property=\"og:description\" content=\"Ambrosia maitsev kuivtoit kassidele, mis on t\u00e4is k\u00f5rgekvaliteedilisi loomseid valke ja vitamiine. Pakkuge oma kassile parimat!\" \/>\n<meta property=\"og:url\" content=\"https:\/\/miumjau.ee\/fi\/tuote\/ambrosia-kuivaruoka-kalkkuna-silli-15kg\/\" \/>\n<meta property=\"og:site_name\" content=\"MiuMjau\" \/>\n<meta property=\"article:publisher\" content=\"https:\/\/www.facebook.com\/miumjaupood\/\" \/>\n<meta property=\"article:modified_time\" content=\"2026-01-07T20:59:25+00:00\" \/>\n<meta property=\"og:image\" content=\"https:\/\/miumjau.ee\/wp-content\/uploads\/2024\/08\/ambrosia-Adult-Senior-Sterilized-Obese-Cat-Fresh-Turkey-Herring-0o-.jpg\" \/>\n\t<meta property=\"og:image:width\" content=\"600\" \/>\n\t<meta property=\"og:image:height\" content=\"800\" \/>\n\t<meta property=\"og:image:type\" content=\"image\/jpeg\" \/>\n<meta name=\"twitter:card\" content=\"summary_large_image\" \/>\n<script type=\"application\/ld+json\" class=\"yoast-schema-graph\">{\"@context\":\"https:\\\/\\\/schema.org\",\"@graph\":[{\"@type\":\"WebPage\",\"@id\":\"https:\\\/\\\/miumjau.ee\\\/fi\\\/tuote\\\/ambrosia-kuivaruoka-kalkkuna-silli-15kg\\\/\",\"url\":\"https:\\\/\\\/miumjau.ee\\\/fi\\\/tuote\\\/ambrosia-kuivaruoka-kalkkuna-silli-15kg\\\/\",\"name\":\"Ambrosia, kuivaruoka, kalkkuna, silli, 1,5kg - MiuMjau\",\"isPartOf\":{\"@id\":\"https:\\\/\\\/miumjau.ee\\\/#website\"},\"primaryImageOfPage\":{\"@id\":\"https:\\\/\\\/miumjau.ee\\\/fi\\\/tuote\\\/ambrosia-kuivaruoka-kalkkuna-silli-15kg\\\/#primaryimage\"},\"image\":{\"@id\":\"https:\\\/\\\/miumjau.ee\\\/fi\\\/tuote\\\/ambrosia-kuivaruoka-kalkkuna-silli-15kg\\\/#primaryimage\"},\"thumbnailUrl\":\"https:\\\/\\\/miumjau.ee\\\/wp-content\\\/uploads\\\/2024\\\/08\\\/ambrosia-Adult-Senior-Sterilized-Obese-Cat-Fresh-Turkey-Herring-0o-.jpg\",\"datePublished\":\"2024-08-09T09:27:15+00:00\",\"dateModified\":\"2026-01-07T20:59:25+00:00\",\"description\":\"Ambrosia maitsev kuivtoit kassidele, mis on t\u00e4is k\u00f5rgekvaliteedilisi loomseid valke ja vitamiine. Pakkuge oma kassile parimat!\",\"breadcrumb\":{\"@id\":\"https:\\\/\\\/miumjau.ee\\\/fi\\\/tuote\\\/ambrosia-kuivaruoka-kalkkuna-silli-15kg\\\/#breadcrumb\"},\"inLanguage\":\"fi\",\"potentialAction\":[{\"@type\":\"ReadAction\",\"target\":[\"https:\\\/\\\/miumjau.ee\\\/fi\\\/tuote\\\/ambrosia-kuivaruoka-kalkkuna-silli-15kg\\\/\"]}]},{\"@type\":\"ImageObject\",\"inLanguage\":\"fi\",\"@id\":\"https:\\\/\\\/miumjau.ee\\\/fi\\\/tuote\\\/ambrosia-kuivaruoka-kalkkuna-silli-15kg\\\/#primaryimage\",\"url\":\"https:\\\/\\\/miumjau.ee\\\/wp-content\\\/uploads\\\/2024\\\/08\\\/ambrosia-Adult-Senior-Sterilized-Obese-Cat-Fresh-Turkey-Herring-0o-.jpg\",\"contentUrl\":\"https:\\\/\\\/miumjau.ee\\\/wp-content\\\/uploads\\\/2024\\\/08\\\/ambrosia-Adult-Senior-Sterilized-Obese-Cat-Fresh-Turkey-Herring-0o-.jpg\",\"width\":600,\"height\":800,\"caption\":\"ambrosia-Adult-Senior-Sterilized-Obese-Cat-Fresh-Turkey-Herring-0o-.jpg\"},{\"@type\":\"BreadcrumbList\",\"@id\":\"https:\\\/\\\/miumjau.ee\\\/fi\\\/tuote\\\/ambrosia-kuivaruoka-kalkkuna-silli-15kg\\\/#breadcrumb\",\"itemListElement\":[{\"@type\":\"ListItem\",\"position\":1,\"name\":\"Home\",\"item\":\"https:\\\/\\\/miumjau.ee\\\/fi\\\/\"},{\"@type\":\"ListItem\",\"position\":2,\"name\":\"Kauppa\",\"item\":\"https:\\\/\\\/miumjau.ee\\\/fi\\\/kauppa\\\/\"},{\"@type\":\"ListItem\",\"position\":3,\"name\":\"Ambrosia, kuivaruoka, kalkkuna, silli, 1,5kg\"}]},{\"@type\":\"WebSite\",\"@id\":\"https:\\\/\\\/miumjau.ee\\\/#website\",\"url\":\"https:\\\/\\\/miumjau.ee\\\/\",\"name\":\"MiuMjau\",\"description\":\"Kraapimispuud kassidele\",\"publisher\":{\"@id\":\"https:\\\/\\\/miumjau.ee\\\/#organization\"},\"potentialAction\":[{\"@type\":\"SearchAction\",\"target\":{\"@type\":\"EntryPoint\",\"urlTemplate\":\"https:\\\/\\\/miumjau.ee\\\/?s={search_term_string}\"},\"query-input\":{\"@type\":\"PropertyValueSpecification\",\"valueRequired\":true,\"valueName\":\"search_term_string\"}}],\"inLanguage\":\"fi\"},{\"@type\":\"Organization\",\"@id\":\"https:\\\/\\\/miumjau.ee\\\/#organization\",\"name\":\"MiuMjau O\u00dc\",\"url\":\"https:\\\/\\\/miumjau.ee\\\/\",\"logo\":{\"@type\":\"ImageObject\",\"inLanguage\":\"fi\",\"@id\":\"https:\\\/\\\/miumjau.ee\\\/#\\\/schema\\\/logo\\\/image\\\/\",\"url\":\"https:\\\/\\\/miumjau.ee\\\/wp-content\\\/uploads\\\/2022\\\/04\\\/MiuMjau-logo-kollane.png\",\"contentUrl\":\"https:\\\/\\\/miumjau.ee\\\/wp-content\\\/uploads\\\/2022\\\/04\\\/MiuMjau-logo-kollane.png\",\"width\":219,\"height\":100,\"caption\":\"MiuMjau O\u00dc\"},\"image\":{\"@id\":\"https:\\\/\\\/miumjau.ee\\\/#\\\/schema\\\/logo\\\/image\\\/\"},\"sameAs\":[\"https:\\\/\\\/www.facebook.com\\\/miumjaupood\\\/\"]}]}<\/script>\n<!-- \/ Yoast SEO plugin. -->","yoast_head_json":{"title":"Ambrosia, kuivaruoka, kalkkuna, silli, 1,5kg - MiuMjau","description":"Ambrosia maitsev kuivtoit kassidele, mis on t\u00e4is k\u00f5rgekvaliteedilisi loomseid valke ja vitamiine. Pakkuge oma kassile parimat!","robots":{"index":"index","follow":"follow","max-snippet":"max-snippet:-1","max-image-preview":"max-image-preview:large","max-video-preview":"max-video-preview:-1"},"canonical":"https:\/\/miumjau.ee\/fi\/tuote\/ambrosia-kuivaruoka-kalkkuna-silli-15kg\/","og_locale":"fi_FI","og_type":"article","og_title":"Ambrosia, kuivaruoka, kalkkuna, silli, 1,5kg - MiuMjau","og_description":"Ambrosia maitsev kuivtoit kassidele, mis on t\u00e4is k\u00f5rgekvaliteedilisi loomseid valke ja vitamiine. Pakkuge oma kassile parimat!","og_url":"https:\/\/miumjau.ee\/fi\/tuote\/ambrosia-kuivaruoka-kalkkuna-silli-15kg\/","og_site_name":"MiuMjau","article_publisher":"https:\/\/www.facebook.com\/miumjaupood\/","article_modified_time":"2026-01-07T20:59:25+00:00","og_image":[{"width":600,"height":800,"url":"https:\/\/miumjau.ee\/wp-content\/uploads\/2024\/08\/ambrosia-Adult-Senior-Sterilized-Obese-Cat-Fresh-Turkey-Herring-0o-.jpg","type":"image\/jpeg"}],"twitter_card":"summary_large_image","schema":{"@context":"https:\/\/schema.org","@graph":[{"@type":"WebPage","@id":"https:\/\/miumjau.ee\/fi\/tuote\/ambrosia-kuivaruoka-kalkkuna-silli-15kg\/","url":"https:\/\/miumjau.ee\/fi\/tuote\/ambrosia-kuivaruoka-kalkkuna-silli-15kg\/","name":"Ambrosia, kuivaruoka, kalkkuna, silli, 1,5kg - MiuMjau","isPartOf":{"@id":"https:\/\/miumjau.ee\/#website"},"primaryImageOfPage":{"@id":"https:\/\/miumjau.ee\/fi\/tuote\/ambrosia-kuivaruoka-kalkkuna-silli-15kg\/#primaryimage"},"image":{"@id":"https:\/\/miumjau.ee\/fi\/tuote\/ambrosia-kuivaruoka-kalkkuna-silli-15kg\/#primaryimage"},"thumbnailUrl":"https:\/\/miumjau.ee\/wp-content\/uploads\/2024\/08\/ambrosia-Adult-Senior-Sterilized-Obese-Cat-Fresh-Turkey-Herring-0o-.jpg","datePublished":"2024-08-09T09:27:15+00:00","dateModified":"2026-01-07T20:59:25+00:00","description":"Ambrosia maitsev kuivtoit kassidele, mis on t\u00e4is k\u00f5rgekvaliteedilisi loomseid valke ja vitamiine. Pakkuge oma kassile parimat!","breadcrumb":{"@id":"https:\/\/miumjau.ee\/fi\/tuote\/ambrosia-kuivaruoka-kalkkuna-silli-15kg\/#breadcrumb"},"inLanguage":"fi","potentialAction":[{"@type":"ReadAction","target":["https:\/\/miumjau.ee\/fi\/tuote\/ambrosia-kuivaruoka-kalkkuna-silli-15kg\/"]}]},{"@type":"ImageObject","inLanguage":"fi","@id":"https:\/\/miumjau.ee\/fi\/tuote\/ambrosia-kuivaruoka-kalkkuna-silli-15kg\/#primaryimage","url":"https:\/\/miumjau.ee\/wp-content\/uploads\/2024\/08\/ambrosia-Adult-Senior-Sterilized-Obese-Cat-Fresh-Turkey-Herring-0o-.jpg","contentUrl":"https:\/\/miumjau.ee\/wp-content\/uploads\/2024\/08\/ambrosia-Adult-Senior-Sterilized-Obese-Cat-Fresh-Turkey-Herring-0o-.jpg","width":600,"height":800,"caption":"ambrosia-Adult-Senior-Sterilized-Obese-Cat-Fresh-Turkey-Herring-0o-.jpg"},{"@type":"BreadcrumbList","@id":"https:\/\/miumjau.ee\/fi\/tuote\/ambrosia-kuivaruoka-kalkkuna-silli-15kg\/#breadcrumb","itemListElement":[{"@type":"ListItem","position":1,"name":"Home","item":"https:\/\/miumjau.ee\/fi\/"},{"@type":"ListItem","position":2,"name":"Kauppa","item":"https:\/\/miumjau.ee\/fi\/kauppa\/"},{"@type":"ListItem","position":3,"name":"Ambrosia, kuivaruoka, kalkkuna, silli, 1,5kg"}]},{"@type":"WebSite","@id":"https:\/\/miumjau.ee\/#website","url":"https:\/\/miumjau.ee\/","name":"MiuMjau","description":"Kraapimispuud kassidele","publisher":{"@id":"https:\/\/miumjau.ee\/#organization"},"potentialAction":[{"@type":"SearchAction","target":{"@type":"EntryPoint","urlTemplate":"https:\/\/miumjau.ee\/?s={search_term_string}"},"query-input":{"@type":"PropertyValueSpecification","valueRequired":true,"valueName":"search_term_string"}}],"inLanguage":"fi"},{"@type":"Organization","@id":"https:\/\/miumjau.ee\/#organization","name":"MiuMjau O\u00dc","url":"https:\/\/miumjau.ee\/","logo":{"@type":"ImageObject","inLanguage":"fi","@id":"https:\/\/miumjau.ee\/#\/schema\/logo\/image\/","url":"https:\/\/miumjau.ee\/wp-content\/uploads\/2022\/04\/MiuMjau-logo-kollane.png","contentUrl":"https:\/\/miumjau.ee\/wp-content\/uploads\/2022\/04\/MiuMjau-logo-kollane.png","width":219,"height":100,"caption":"MiuMjau O\u00dc"},"image":{"@id":"https:\/\/miumjau.ee\/#\/schema\/logo\/image\/"},"sameAs":["https:\/\/www.facebook.com\/miumjaupood\/"]}]}},"_links":{"self":[{"href":"https:\/\/miumjau.ee\/fi\/wp-json\/wp\/v2\/product\/19360","targetHints":{"allow":["GET"]}}],"collection":[{"href":"https:\/\/miumjau.ee\/fi\/wp-json\/wp\/v2\/product"}],"about":[{"href":"https:\/\/miumjau.ee\/fi\/wp-json\/wp\/v2\/types\/product"}],"wp:featuredmedia":[{"embeddable":true,"href":"https:\/\/miumjau.ee\/fi\/wp-json\/wp\/v2\/media\/17071"}],"wp:attachment":[{"href":"https:\/\/miumjau.ee\/fi\/wp-json\/wp\/v2\/media?parent=19360"}],"wp:term":[{"taxonomy":"product_brand","embeddable":true,"href":"https:\/\/miumjau.ee\/fi\/wp-json\/wp\/v2\/product_brand?post=19360"},{"taxonomy":"product_cat","embeddable":true,"href":"https:\/\/miumjau.ee\/fi\/wp-json\/wp\/v2\/product_cat?post=19360"},{"taxonomy":"product_tag","embeddable":true,"href":"https:\/\/miumjau.ee\/fi\/wp-json\/wp\/v2\/product_tag?post=19360"}],"curies":[{"name":"wp","href":"https:\/\/api.w.org\/{rel}","templated":true}]}}