{"id":14862,"date":"2023-07-20T10:45:34","date_gmt":"2023-07-20T07:45:34","guid":{"rendered":"https:\/\/miumjau.ee\/toode\/raapimispuu-petrebels-victoria-125-cappuccino\/"},"modified":"2026-01-23T21:59:07","modified_gmt":"2026-01-23T19:59:07","slug":"raapimispuu-petrebels-victoria-125-cappuccino","status":"publish","type":"product","link":"https:\/\/miumjau.ee\/fi\/tuote\/raapimispuu-petrebels-victoria-125-cappuccino\/","title":{"rendered":"Raapimispuu Petrebels Victoria 125, cappuccino"},"content":{"rendered":"","protected":false},"excerpt":{"rendered":"<p>Raapimispuu kissoille kaikissa ik\u00e4ryhmiss\u00e4 eli se sopii kissanpennuille, keskikokoisille kissoille, suurille kissoille sek\u00e4 my\u00f6s vanhoille kissoille. Vie v\u00e4h\u00e4n tilaa! Tolpat ovat vahvat ja tukevat, halkaisijaltaan 12 cm, ja tasot on peitetty eritt\u00e4in pehme\u00e4ll\u00e4 plyysill\u00e4. T\u00e4ss\u00e4 on kaikki, mit\u00e4 kissasi tarvitsee \u2013 raapimispaikka, kaksi yl\u00e4osassa olevaa peti\u00e4, leikkitunneli ja suloinen maja, johon piiloutua.<\/p>\n<p>Sek\u00e4 plyysi ett\u00e4 raapimisalusta ovat yhten\u00e4isen cappuccinon v\u00e4riset. Huom: Majassa oleva pehme\u00e4 matto on pest\u00e4v\u00e4.<br \/>\nMitat: pituus 48,5 cm, leveys 48,5 cm ja korkeus 125 cm.<br \/>\nYl\u00e4osassa olevat pes\u00e4t ovat kooltaan 40\u00d740 cm ja korkeudeltaan 20 cm (riitt\u00e4v\u00e4n korkeat, jotta kissat eiv\u00e4t putoa nukkuessaan).<br \/>\nAlhaalla sijaitsevan majan mitat ovat 40\u00d740 cm ja korkeus 30 cm.<br \/>\nSisalin paksuus 6 mm.<\/p>\n<p><a href=\"https:\/\/ase.virtuallab17.nl\/petrebels\/index.html?name=victoria125cappuccino&amp;alt=Petrebels%20%7C%20Victoria%20125%20Cappuccino\">Katso t\u00e4\u00e4lt\u00e4 3D-kuva<\/a><br \/>\n<a href=\"https:\/\/www.youtube.com\/watch?v=l380kNJwCb4\">Katso t\u00e4\u00e4lt\u00e4 lyhyt esittelyvideo todellisesta tuotteesta kissojen kanssa<\/a><\/p>\n<p>Paketin mitat: 54\u00d754\u00d762 cm<br \/>\nTuotteen paino: 22 kg<br \/>\nTuotteen paino pakkauksen kanssa: 24 kg.<\/p>\n<p>Valmistaja PetRebels, hollantilainen laatu. Eritt\u00e4in laadukkaat ja mukavat raapimispuut kissoille, jotka kest\u00e4v\u00e4t vuosia ja kaunistavat kotiasi. Kissasi on kiitollinen!<\/p>\n","protected":false},"featured_media":14870,"template":"","meta":[],"product_brand":[],"product_cat":[115],"product_tag":[],"class_list":{"0":"post-14862","1":"product","2":"type-product","3":"status-publish","4":"has-post-thumbnail","6":"product_cat-keskikokoiset-raapimispuut-petrebels","7":"product_shipping_class-pakiautomaati-sobimatu-fi","9":"first","10":"instock","11":"sale","12":"taxable","13":"shipping-taxable","14":"purchasable","15":"product-type-simple"},"yoast_head":"<!-- This site is optimized with the Yoast SEO plugin v27.2 - https:\/\/yoast.com\/product\/yoast-seo-wordpress\/ -->\n<title>Raapimispuu Petrebels Victoria 125, cappuccino - MiuMjau<\/title>\n<meta name=\"description\" content=\"Ylellinen raapimispuu kissoille kaikissa ik\u00e4ryhmiss\u00e4. Ei vie paljon tilaa ja on kompakti, mutta tarjoaa silti kissalle kaiken tarvittavan. Parasta laatua!\" \/>\n<meta name=\"robots\" content=\"index, follow, max-snippet:-1, max-image-preview:large, max-video-preview:-1\" \/>\n<link rel=\"canonical\" href=\"https:\/\/miumjau.ee\/fi\/tuote\/raapimispuu-petrebels-victoria-125-cappuccino\/\" \/>\n<meta property=\"og:locale\" content=\"fi_FI\" \/>\n<meta property=\"og:type\" content=\"article\" \/>\n<meta property=\"og:title\" content=\"Raapimispuu Petrebels Victoria 125, cappuccino - MiuMjau\" \/>\n<meta property=\"og:description\" content=\"Ylellinen raapimispuu kissoille kaikissa ik\u00e4ryhmiss\u00e4. Ei vie paljon tilaa ja on kompakti, mutta tarjoaa silti kissalle kaiken tarvittavan. Parasta laatua!\" \/>\n<meta property=\"og:url\" content=\"https:\/\/miumjau.ee\/fi\/tuote\/raapimispuu-petrebels-victoria-125-cappuccino\/\" \/>\n<meta property=\"og:site_name\" content=\"MiuMjau\" \/>\n<meta property=\"article:publisher\" content=\"https:\/\/www.facebook.com\/miumjaupood\/\" \/>\n<meta property=\"article:modified_time\" content=\"2026-01-23T19:59:07+00:00\" \/>\n<meta property=\"og:image\" content=\"https:\/\/miumjau.ee\/wp-content\/uploads\/2023\/07\/victoria125_cappuccino_kassi_kraapimispuu9.jpg\" \/>\n\t<meta property=\"og:image:width\" content=\"600\" \/>\n\t<meta property=\"og:image:height\" content=\"800\" \/>\n\t<meta property=\"og:image:type\" content=\"image\/jpeg\" \/>\n<meta name=\"twitter:card\" content=\"summary_large_image\" \/>\n<meta name=\"twitter:label1\" content=\"Arvioitu lukuaika\" \/>\n\t<meta name=\"twitter:data1\" content=\"1 minuutti\" \/>\n<script type=\"application\/ld+json\" class=\"yoast-schema-graph\">{\"@context\":\"https:\/\/schema.org\",\"@graph\":[{\"@type\":\"WebPage\",\"@id\":\"https:\/\/miumjau.ee\/fi\/tuote\/raapimispuu-petrebels-victoria-125-cappuccino\/\",\"url\":\"https:\/\/miumjau.ee\/fi\/tuote\/raapimispuu-petrebels-victoria-125-cappuccino\/\",\"name\":\"Raapimispuu Petrebels Victoria 125, cappuccino - MiuMjau\",\"isPartOf\":{\"@id\":\"https:\/\/miumjau.ee\/#website\"},\"primaryImageOfPage\":{\"@id\":\"https:\/\/miumjau.ee\/fi\/tuote\/raapimispuu-petrebels-victoria-125-cappuccino\/#primaryimage\"},\"image\":{\"@id\":\"https:\/\/miumjau.ee\/fi\/tuote\/raapimispuu-petrebels-victoria-125-cappuccino\/#primaryimage\"},\"thumbnailUrl\":\"https:\/\/miumjau.ee\/wp-content\/uploads\/2023\/07\/victoria125_cappuccino_kassi_kraapimispuu9.jpg\",\"datePublished\":\"2023-07-20T07:45:34+00:00\",\"dateModified\":\"2026-01-23T19:59:07+00:00\",\"description\":\"Ylellinen raapimispuu kissoille kaikissa ik\u00e4ryhmiss\u00e4. Ei vie paljon tilaa ja on kompakti, mutta tarjoaa silti kissalle kaiken tarvittavan. Parasta laatua!\",\"breadcrumb\":{\"@id\":\"https:\/\/miumjau.ee\/fi\/tuote\/raapimispuu-petrebels-victoria-125-cappuccino\/#breadcrumb\"},\"inLanguage\":\"fi\",\"potentialAction\":[{\"@type\":\"ReadAction\",\"target\":[\"https:\/\/miumjau.ee\/fi\/tuote\/raapimispuu-petrebels-victoria-125-cappuccino\/\"]}]},{\"@type\":\"ImageObject\",\"inLanguage\":\"fi\",\"@id\":\"https:\/\/miumjau.ee\/fi\/tuote\/raapimispuu-petrebels-victoria-125-cappuccino\/#primaryimage\",\"url\":\"https:\/\/miumjau.ee\/wp-content\/uploads\/2023\/07\/victoria125_cappuccino_kassi_kraapimispuu9.jpg\",\"contentUrl\":\"https:\/\/miumjau.ee\/wp-content\/uploads\/2023\/07\/victoria125_cappuccino_kassi_kraapimispuu9.jpg\",\"width\":600,\"height\":800,\"caption\":\"Victoria 125 Cappuccino kassi kraapimispuu Petrebels\"},{\"@type\":\"BreadcrumbList\",\"@id\":\"https:\/\/miumjau.ee\/fi\/tuote\/raapimispuu-petrebels-victoria-125-cappuccino\/#breadcrumb\",\"itemListElement\":[{\"@type\":\"ListItem\",\"position\":1,\"name\":\"Home\",\"item\":\"https:\/\/miumjau.ee\/fi\/\"},{\"@type\":\"ListItem\",\"position\":2,\"name\":\"Kauppa\",\"item\":\"https:\/\/miumjau.ee\/fi\/kauppa\/\"},{\"@type\":\"ListItem\",\"position\":3,\"name\":\"Raapimispuu Petrebels Victoria 125, cappuccino\"}]},{\"@type\":\"WebSite\",\"@id\":\"https:\/\/miumjau.ee\/#website\",\"url\":\"https:\/\/miumjau.ee\/\",\"name\":\"MiuMjau\",\"description\":\"Kraapimispuud kassidele\",\"publisher\":{\"@id\":\"https:\/\/miumjau.ee\/#organization\"},\"potentialAction\":[{\"@type\":\"SearchAction\",\"target\":{\"@type\":\"EntryPoint\",\"urlTemplate\":\"https:\/\/miumjau.ee\/?s={search_term_string}\"},\"query-input\":{\"@type\":\"PropertyValueSpecification\",\"valueRequired\":true,\"valueName\":\"search_term_string\"}}],\"inLanguage\":\"fi\"},{\"@type\":\"Organization\",\"@id\":\"https:\/\/miumjau.ee\/#organization\",\"name\":\"MiuMjau O\u00dc\",\"url\":\"https:\/\/miumjau.ee\/\",\"logo\":{\"@type\":\"ImageObject\",\"inLanguage\":\"fi\",\"@id\":\"https:\/\/miumjau.ee\/#\/schema\/logo\/image\/\",\"url\":\"https:\/\/miumjau.ee\/wp-content\/uploads\/2022\/04\/MiuMjau-logo-kollane.png\",\"contentUrl\":\"https:\/\/miumjau.ee\/wp-content\/uploads\/2022\/04\/MiuMjau-logo-kollane.png\",\"width\":219,\"height\":100,\"caption\":\"MiuMjau O\u00dc\"},\"image\":{\"@id\":\"https:\/\/miumjau.ee\/#\/schema\/logo\/image\/\"},\"sameAs\":[\"https:\/\/www.facebook.com\/miumjaupood\/\"]}]}<\/script>\n<!-- \/ Yoast SEO plugin. -->","yoast_head_json":{"title":"Raapimispuu Petrebels Victoria 125, cappuccino - MiuMjau","description":"Ylellinen raapimispuu kissoille kaikissa ik\u00e4ryhmiss\u00e4. Ei vie paljon tilaa ja on kompakti, mutta tarjoaa silti kissalle kaiken tarvittavan. Parasta laatua!","robots":{"index":"index","follow":"follow","max-snippet":"max-snippet:-1","max-image-preview":"max-image-preview:large","max-video-preview":"max-video-preview:-1"},"canonical":"https:\/\/miumjau.ee\/fi\/tuote\/raapimispuu-petrebels-victoria-125-cappuccino\/","og_locale":"fi_FI","og_type":"article","og_title":"Raapimispuu Petrebels Victoria 125, cappuccino - MiuMjau","og_description":"Ylellinen raapimispuu kissoille kaikissa ik\u00e4ryhmiss\u00e4. Ei vie paljon tilaa ja on kompakti, mutta tarjoaa silti kissalle kaiken tarvittavan. Parasta laatua!","og_url":"https:\/\/miumjau.ee\/fi\/tuote\/raapimispuu-petrebels-victoria-125-cappuccino\/","og_site_name":"MiuMjau","article_publisher":"https:\/\/www.facebook.com\/miumjaupood\/","article_modified_time":"2026-01-23T19:59:07+00:00","og_image":[{"width":600,"height":800,"url":"https:\/\/miumjau.ee\/wp-content\/uploads\/2023\/07\/victoria125_cappuccino_kassi_kraapimispuu9.jpg","type":"image\/jpeg"}],"twitter_card":"summary_large_image","twitter_misc":{"Arvioitu lukuaika":"1 minuutti"},"schema":{"@context":"https:\/\/schema.org","@graph":[{"@type":"WebPage","@id":"https:\/\/miumjau.ee\/fi\/tuote\/raapimispuu-petrebels-victoria-125-cappuccino\/","url":"https:\/\/miumjau.ee\/fi\/tuote\/raapimispuu-petrebels-victoria-125-cappuccino\/","name":"Raapimispuu Petrebels Victoria 125, cappuccino - MiuMjau","isPartOf":{"@id":"https:\/\/miumjau.ee\/#website"},"primaryImageOfPage":{"@id":"https:\/\/miumjau.ee\/fi\/tuote\/raapimispuu-petrebels-victoria-125-cappuccino\/#primaryimage"},"image":{"@id":"https:\/\/miumjau.ee\/fi\/tuote\/raapimispuu-petrebels-victoria-125-cappuccino\/#primaryimage"},"thumbnailUrl":"https:\/\/miumjau.ee\/wp-content\/uploads\/2023\/07\/victoria125_cappuccino_kassi_kraapimispuu9.jpg","datePublished":"2023-07-20T07:45:34+00:00","dateModified":"2026-01-23T19:59:07+00:00","description":"Ylellinen raapimispuu kissoille kaikissa ik\u00e4ryhmiss\u00e4. Ei vie paljon tilaa ja on kompakti, mutta tarjoaa silti kissalle kaiken tarvittavan. Parasta laatua!","breadcrumb":{"@id":"https:\/\/miumjau.ee\/fi\/tuote\/raapimispuu-petrebels-victoria-125-cappuccino\/#breadcrumb"},"inLanguage":"fi","potentialAction":[{"@type":"ReadAction","target":["https:\/\/miumjau.ee\/fi\/tuote\/raapimispuu-petrebels-victoria-125-cappuccino\/"]}]},{"@type":"ImageObject","inLanguage":"fi","@id":"https:\/\/miumjau.ee\/fi\/tuote\/raapimispuu-petrebels-victoria-125-cappuccino\/#primaryimage","url":"https:\/\/miumjau.ee\/wp-content\/uploads\/2023\/07\/victoria125_cappuccino_kassi_kraapimispuu9.jpg","contentUrl":"https:\/\/miumjau.ee\/wp-content\/uploads\/2023\/07\/victoria125_cappuccino_kassi_kraapimispuu9.jpg","width":600,"height":800,"caption":"Victoria 125 Cappuccino kassi kraapimispuu Petrebels"},{"@type":"BreadcrumbList","@id":"https:\/\/miumjau.ee\/fi\/tuote\/raapimispuu-petrebels-victoria-125-cappuccino\/#breadcrumb","itemListElement":[{"@type":"ListItem","position":1,"name":"Home","item":"https:\/\/miumjau.ee\/fi\/"},{"@type":"ListItem","position":2,"name":"Kauppa","item":"https:\/\/miumjau.ee\/fi\/kauppa\/"},{"@type":"ListItem","position":3,"name":"Raapimispuu Petrebels Victoria 125, cappuccino"}]},{"@type":"WebSite","@id":"https:\/\/miumjau.ee\/#website","url":"https:\/\/miumjau.ee\/","name":"MiuMjau","description":"Kraapimispuud kassidele","publisher":{"@id":"https:\/\/miumjau.ee\/#organization"},"potentialAction":[{"@type":"SearchAction","target":{"@type":"EntryPoint","urlTemplate":"https:\/\/miumjau.ee\/?s={search_term_string}"},"query-input":{"@type":"PropertyValueSpecification","valueRequired":true,"valueName":"search_term_string"}}],"inLanguage":"fi"},{"@type":"Organization","@id":"https:\/\/miumjau.ee\/#organization","name":"MiuMjau O\u00dc","url":"https:\/\/miumjau.ee\/","logo":{"@type":"ImageObject","inLanguage":"fi","@id":"https:\/\/miumjau.ee\/#\/schema\/logo\/image\/","url":"https:\/\/miumjau.ee\/wp-content\/uploads\/2022\/04\/MiuMjau-logo-kollane.png","contentUrl":"https:\/\/miumjau.ee\/wp-content\/uploads\/2022\/04\/MiuMjau-logo-kollane.png","width":219,"height":100,"caption":"MiuMjau O\u00dc"},"image":{"@id":"https:\/\/miumjau.ee\/#\/schema\/logo\/image\/"},"sameAs":["https:\/\/www.facebook.com\/miumjaupood\/"]}]}},"_links":{"self":[{"href":"https:\/\/miumjau.ee\/fi\/wp-json\/wp\/v2\/product\/14862","targetHints":{"allow":["GET"]}}],"collection":[{"href":"https:\/\/miumjau.ee\/fi\/wp-json\/wp\/v2\/product"}],"about":[{"href":"https:\/\/miumjau.ee\/fi\/wp-json\/wp\/v2\/types\/product"}],"wp:featuredmedia":[{"embeddable":true,"href":"https:\/\/miumjau.ee\/fi\/wp-json\/wp\/v2\/media\/14870"}],"wp:attachment":[{"href":"https:\/\/miumjau.ee\/fi\/wp-json\/wp\/v2\/media?parent=14862"}],"wp:term":[{"taxonomy":"product_brand","embeddable":true,"href":"https:\/\/miumjau.ee\/fi\/wp-json\/wp\/v2\/product_brand?post=14862"},{"taxonomy":"product_cat","embeddable":true,"href":"https:\/\/miumjau.ee\/fi\/wp-json\/wp\/v2\/product_cat?post=14862"},{"taxonomy":"product_tag","embeddable":true,"href":"https:\/\/miumjau.ee\/fi\/wp-json\/wp\/v2\/product_tag?post=14862"}],"curies":[{"name":"wp","href":"https:\/\/api.w.org\/{rel}","templated":true}]}}