{"id":14814,"date":"2023-07-28T19:24:03","date_gmt":"2023-07-28T16:24:03","guid":{"rendered":"https:\/\/miumjau.ee\/toode\/kraapimispuu-petrebels-alexis-224-harmaa\/"},"modified":"2026-01-07T22:59:40","modified_gmt":"2026-01-07T20:59:40","slug":"kraapimispuu-petrebels-alexis-224-harmaa","status":"publish","type":"product","link":"https:\/\/miumjau.ee\/fi\/tuote\/kraapimispuu-petrebels-alexis-224-harmaa\/","title":{"rendered":"Raapimispuu Petrebels Alexis 224, harmaa"},"content":{"rendered":"","protected":false},"excerpt":{"rendered":"<p>Raapimispuu Alexis 224<\/p>\n<p>Kuinka monta nukkumis- ja kiipeilypaikkaa lasket? Me n\u00e4emme per\u00e4ti seitsem\u00e4n! Nelj\u00e4 ylellist\u00e4 tasoa, kaksi upeaa lepopeti\u00e4 ja superylellinen lepopeti ylh\u00e4\u00e4ll\u00e4. T\u00e4m\u00e4 eritt\u00e4in korkea raapimispuu on todellinen juhla aktiivisille ja seikkailunhaluisille kissoille. Jos he haluavat p\u00e4\u00e4st\u00e4 huipulle, heid\u00e4n t\u00e4ytyy ensin kiivet\u00e4 mukavaa raapimispuuta pitkin. Vaikeaa? Jokainen taso on p\u00e4\u00e4llystetty sametinpehme\u00e4ll\u00e4 plyysill\u00e4, joten kissat voivat lev\u00e4t\u00e4 siell\u00e4 v\u00e4lill\u00e4.<\/p>\n<ul>\n<li>V\u00e4rit &#8211; harmaa plyysi ja harmaa sisal<\/li>\n<li>Mitat &#8211; pituus 45 cm, leveys 35 cm ja korkeus 224 cm<\/li>\n<li>Ekstra paksu pohja, joten eritt\u00e4in vakaa<\/li>\n<li>Sopii kaikille kissatyypeille<\/li>\n<li>Lepopeti ylh\u00e4\u00e4ll\u00e4 ja kaksi ihanaa riippumattoa<\/li>\n<li>Raapimispuu kiinnitet\u00e4\u00e4n sein\u00e4\u00e4n ruuveilla. (Mukana kaksi kiinnitysruuvia ja tulppia yl\u00e4platformin kiinnitt\u00e4miseksi sein\u00e4\u00e4n)<\/li>\n<\/ul>\n<p>Raapimispuu on tarkoitettu kaikenkokoisille ja -pituisille kissoille. Sopii my\u00f6s isoille Maine Cooneille.<br \/>\nTuote on pakattu yhteen laatikkoon, jonka kokonaispaino on 22 kg<br \/>\nTuotteen nettopaino (ilman pakkausta) 20,8 kg<\/p>\n<p>Heti saatavilla!<br \/>\nValmistaja PetRebels, hollantilaista laatua. Eritt\u00e4in laadukkaat ja mukavat raapimispuut kissoille, jotka kest\u00e4v\u00e4t vuosia ja koristavat kotiasi. Kissasi kiitt\u00e4\u00e4 sinua!<\/p>\n","protected":false},"featured_media":14815,"template":"","meta":[],"product_brand":[],"product_cat":[115,139],"product_tag":[],"class_list":{"0":"post-14814","1":"product","2":"type-product","3":"status-publish","4":"has-post-thumbnail","6":"product_cat-keskikokoiset-raapimispuut-petrebels","7":"product_cat-kaup24-fi","8":"product_shipping_class-pakiautomaati-sobimatu-fi","10":"first","11":"instock","12":"taxable","13":"shipping-taxable","14":"purchasable","15":"product-type-simple"},"yoast_head":"<!-- This site is optimized with the Yoast SEO plugin v27.2 - https:\/\/yoast.com\/product\/yoast-seo-wordpress\/ -->\n<title>Raapimispuu Petrebels Alexis 224, harmaa - MiuMjau<\/title>\n<meta name=\"description\" content=\"Korkea mutta tilaa s\u00e4\u00e4st\u00e4v\u00e4 raapimispuu, jossa on suuret pes\u00e4t ja majat. Sopii my\u00f6s Maine Cooneille. Eritt\u00e4in vahva ja vakaa. Parasta laatua!\" \/>\n<meta name=\"robots\" content=\"index, follow, max-snippet:-1, max-image-preview:large, max-video-preview:-1\" \/>\n<link rel=\"canonical\" href=\"https:\/\/miumjau.ee\/tuote\/kraapimispuu-alexis-224-hall\/\" \/>\n<meta property=\"og:locale\" content=\"fi_FI\" \/>\n<meta property=\"og:type\" content=\"article\" \/>\n<meta property=\"og:title\" content=\"Raapimispuu Petrebels Alexis 224, harmaa - MiuMjau\" \/>\n<meta property=\"og:description\" content=\"Korkea mutta tilaa s\u00e4\u00e4st\u00e4v\u00e4 raapimispuu, jossa on suuret pes\u00e4t ja majat. Sopii my\u00f6s Maine Cooneille. Eritt\u00e4in vahva ja vakaa. Parasta laatua!\" \/>\n<meta property=\"og:url\" content=\"https:\/\/miumjau.ee\/tuote\/kraapimispuu-alexis-224-hall\/\" \/>\n<meta property=\"og:site_name\" content=\"MiuMjau\" \/>\n<meta property=\"article:publisher\" content=\"https:\/\/www.facebook.com\/miumjaupood\/\" \/>\n<meta property=\"article:modified_time\" content=\"2026-01-07T20:59:40+00:00\" \/>\n<meta property=\"og:image\" content=\"https:\/\/miumjau.ee\/wp-content\/uploads\/2023\/07\/alexis-224-hall-kassi-kraapimispuu-1.jpg\" \/>\n\t<meta property=\"og:image:width\" content=\"600\" \/>\n\t<meta property=\"og:image:height\" content=\"800\" \/>\n\t<meta property=\"og:image:type\" content=\"image\/jpeg\" \/>\n<meta name=\"twitter:card\" content=\"summary_large_image\" \/>\n<meta name=\"twitter:label1\" content=\"Arvioitu lukuaika\" \/>\n\t<meta name=\"twitter:data1\" content=\"1 minuutti\" \/>\n<script type=\"application\/ld+json\" class=\"yoast-schema-graph\">{\"@context\":\"https:\/\/schema.org\",\"@graph\":[{\"@type\":\"WebPage\",\"@id\":\"https:\/\/miumjau.ee\/tuote\/kraapimispuu-alexis-224-hall\/\",\"url\":\"https:\/\/miumjau.ee\/tuote\/kraapimispuu-alexis-224-hall\/\",\"name\":\"Raapimispuu Petrebels Alexis 224, harmaa - MiuMjau\",\"isPartOf\":{\"@id\":\"https:\/\/miumjau.ee\/#website\"},\"primaryImageOfPage\":{\"@id\":\"https:\/\/miumjau.ee\/tuote\/kraapimispuu-alexis-224-hall\/#primaryimage\"},\"image\":{\"@id\":\"https:\/\/miumjau.ee\/tuote\/kraapimispuu-alexis-224-hall\/#primaryimage\"},\"thumbnailUrl\":\"https:\/\/miumjau.ee\/wp-content\/uploads\/2023\/07\/alexis-224-hall-kassi-kraapimispuu-1.jpg\",\"datePublished\":\"2023-07-28T16:24:03+00:00\",\"dateModified\":\"2026-01-07T20:59:40+00:00\",\"description\":\"Korkea mutta tilaa s\u00e4\u00e4st\u00e4v\u00e4 raapimispuu, jossa on suuret pes\u00e4t ja majat. Sopii my\u00f6s Maine Cooneille. Eritt\u00e4in vahva ja vakaa. Parasta laatua!\",\"breadcrumb\":{\"@id\":\"https:\/\/miumjau.ee\/tuote\/kraapimispuu-alexis-224-hall\/#breadcrumb\"},\"inLanguage\":\"fi\",\"potentialAction\":[{\"@type\":\"ReadAction\",\"target\":[\"https:\/\/miumjau.ee\/tuote\/kraapimispuu-alexis-224-hall\/\"]}]},{\"@type\":\"ImageObject\",\"inLanguage\":\"fi\",\"@id\":\"https:\/\/miumjau.ee\/tuote\/kraapimispuu-alexis-224-hall\/#primaryimage\",\"url\":\"https:\/\/miumjau.ee\/wp-content\/uploads\/2023\/07\/alexis-224-hall-kassi-kraapimispuu-1.jpg\",\"contentUrl\":\"https:\/\/miumjau.ee\/wp-content\/uploads\/2023\/07\/alexis-224-hall-kassi-kraapimispuu-1.jpg\",\"width\":600,\"height\":800,\"caption\":\"alexis 224 Petrebels kassi kraapimispost\"},{\"@type\":\"BreadcrumbList\",\"@id\":\"https:\/\/miumjau.ee\/tuote\/kraapimispuu-alexis-224-hall\/#breadcrumb\",\"itemListElement\":[{\"@type\":\"ListItem\",\"position\":1,\"name\":\"Home\",\"item\":\"https:\/\/miumjau.ee\/fi\/\"},{\"@type\":\"ListItem\",\"position\":2,\"name\":\"Kauppa\",\"item\":\"https:\/\/miumjau.ee\/fi\/kauppa\/\"},{\"@type\":\"ListItem\",\"position\":3,\"name\":\"Raapimispuu Petrebels Alexis 224, harmaa\"}]},{\"@type\":\"WebSite\",\"@id\":\"https:\/\/miumjau.ee\/#website\",\"url\":\"https:\/\/miumjau.ee\/\",\"name\":\"MiuMjau\",\"description\":\"Kraapimispuud kassidele\",\"publisher\":{\"@id\":\"https:\/\/miumjau.ee\/#organization\"},\"potentialAction\":[{\"@type\":\"SearchAction\",\"target\":{\"@type\":\"EntryPoint\",\"urlTemplate\":\"https:\/\/miumjau.ee\/?s={search_term_string}\"},\"query-input\":{\"@type\":\"PropertyValueSpecification\",\"valueRequired\":true,\"valueName\":\"search_term_string\"}}],\"inLanguage\":\"fi\"},{\"@type\":\"Organization\",\"@id\":\"https:\/\/miumjau.ee\/#organization\",\"name\":\"MiuMjau O\u00dc\",\"url\":\"https:\/\/miumjau.ee\/\",\"logo\":{\"@type\":\"ImageObject\",\"inLanguage\":\"fi\",\"@id\":\"https:\/\/miumjau.ee\/#\/schema\/logo\/image\/\",\"url\":\"https:\/\/miumjau.ee\/wp-content\/uploads\/2022\/04\/MiuMjau-logo-kollane.png\",\"contentUrl\":\"https:\/\/miumjau.ee\/wp-content\/uploads\/2022\/04\/MiuMjau-logo-kollane.png\",\"width\":219,\"height\":100,\"caption\":\"MiuMjau O\u00dc\"},\"image\":{\"@id\":\"https:\/\/miumjau.ee\/#\/schema\/logo\/image\/\"},\"sameAs\":[\"https:\/\/www.facebook.com\/miumjaupood\/\"]}]}<\/script>\n<!-- \/ Yoast SEO plugin. -->","yoast_head_json":{"title":"Raapimispuu Petrebels Alexis 224, harmaa - MiuMjau","description":"Korkea mutta tilaa s\u00e4\u00e4st\u00e4v\u00e4 raapimispuu, jossa on suuret pes\u00e4t ja majat. Sopii my\u00f6s Maine Cooneille. Eritt\u00e4in vahva ja vakaa. Parasta laatua!","robots":{"index":"index","follow":"follow","max-snippet":"max-snippet:-1","max-image-preview":"max-image-preview:large","max-video-preview":"max-video-preview:-1"},"canonical":"https:\/\/miumjau.ee\/tuote\/kraapimispuu-alexis-224-hall\/","og_locale":"fi_FI","og_type":"article","og_title":"Raapimispuu Petrebels Alexis 224, harmaa - MiuMjau","og_description":"Korkea mutta tilaa s\u00e4\u00e4st\u00e4v\u00e4 raapimispuu, jossa on suuret pes\u00e4t ja majat. Sopii my\u00f6s Maine Cooneille. Eritt\u00e4in vahva ja vakaa. Parasta laatua!","og_url":"https:\/\/miumjau.ee\/tuote\/kraapimispuu-alexis-224-hall\/","og_site_name":"MiuMjau","article_publisher":"https:\/\/www.facebook.com\/miumjaupood\/","article_modified_time":"2026-01-07T20:59:40+00:00","og_image":[{"width":600,"height":800,"url":"https:\/\/miumjau.ee\/wp-content\/uploads\/2023\/07\/alexis-224-hall-kassi-kraapimispuu-1.jpg","type":"image\/jpeg"}],"twitter_card":"summary_large_image","twitter_misc":{"Arvioitu lukuaika":"1 minuutti"},"schema":{"@context":"https:\/\/schema.org","@graph":[{"@type":"WebPage","@id":"https:\/\/miumjau.ee\/tuote\/kraapimispuu-alexis-224-hall\/","url":"https:\/\/miumjau.ee\/tuote\/kraapimispuu-alexis-224-hall\/","name":"Raapimispuu Petrebels Alexis 224, harmaa - MiuMjau","isPartOf":{"@id":"https:\/\/miumjau.ee\/#website"},"primaryImageOfPage":{"@id":"https:\/\/miumjau.ee\/tuote\/kraapimispuu-alexis-224-hall\/#primaryimage"},"image":{"@id":"https:\/\/miumjau.ee\/tuote\/kraapimispuu-alexis-224-hall\/#primaryimage"},"thumbnailUrl":"https:\/\/miumjau.ee\/wp-content\/uploads\/2023\/07\/alexis-224-hall-kassi-kraapimispuu-1.jpg","datePublished":"2023-07-28T16:24:03+00:00","dateModified":"2026-01-07T20:59:40+00:00","description":"Korkea mutta tilaa s\u00e4\u00e4st\u00e4v\u00e4 raapimispuu, jossa on suuret pes\u00e4t ja majat. Sopii my\u00f6s Maine Cooneille. Eritt\u00e4in vahva ja vakaa. Parasta laatua!","breadcrumb":{"@id":"https:\/\/miumjau.ee\/tuote\/kraapimispuu-alexis-224-hall\/#breadcrumb"},"inLanguage":"fi","potentialAction":[{"@type":"ReadAction","target":["https:\/\/miumjau.ee\/tuote\/kraapimispuu-alexis-224-hall\/"]}]},{"@type":"ImageObject","inLanguage":"fi","@id":"https:\/\/miumjau.ee\/tuote\/kraapimispuu-alexis-224-hall\/#primaryimage","url":"https:\/\/miumjau.ee\/wp-content\/uploads\/2023\/07\/alexis-224-hall-kassi-kraapimispuu-1.jpg","contentUrl":"https:\/\/miumjau.ee\/wp-content\/uploads\/2023\/07\/alexis-224-hall-kassi-kraapimispuu-1.jpg","width":600,"height":800,"caption":"alexis 224 Petrebels kassi kraapimispost"},{"@type":"BreadcrumbList","@id":"https:\/\/miumjau.ee\/tuote\/kraapimispuu-alexis-224-hall\/#breadcrumb","itemListElement":[{"@type":"ListItem","position":1,"name":"Home","item":"https:\/\/miumjau.ee\/fi\/"},{"@type":"ListItem","position":2,"name":"Kauppa","item":"https:\/\/miumjau.ee\/fi\/kauppa\/"},{"@type":"ListItem","position":3,"name":"Raapimispuu Petrebels Alexis 224, harmaa"}]},{"@type":"WebSite","@id":"https:\/\/miumjau.ee\/#website","url":"https:\/\/miumjau.ee\/","name":"MiuMjau","description":"Kraapimispuud kassidele","publisher":{"@id":"https:\/\/miumjau.ee\/#organization"},"potentialAction":[{"@type":"SearchAction","target":{"@type":"EntryPoint","urlTemplate":"https:\/\/miumjau.ee\/?s={search_term_string}"},"query-input":{"@type":"PropertyValueSpecification","valueRequired":true,"valueName":"search_term_string"}}],"inLanguage":"fi"},{"@type":"Organization","@id":"https:\/\/miumjau.ee\/#organization","name":"MiuMjau O\u00dc","url":"https:\/\/miumjau.ee\/","logo":{"@type":"ImageObject","inLanguage":"fi","@id":"https:\/\/miumjau.ee\/#\/schema\/logo\/image\/","url":"https:\/\/miumjau.ee\/wp-content\/uploads\/2022\/04\/MiuMjau-logo-kollane.png","contentUrl":"https:\/\/miumjau.ee\/wp-content\/uploads\/2022\/04\/MiuMjau-logo-kollane.png","width":219,"height":100,"caption":"MiuMjau O\u00dc"},"image":{"@id":"https:\/\/miumjau.ee\/#\/schema\/logo\/image\/"},"sameAs":["https:\/\/www.facebook.com\/miumjaupood\/"]}]}},"_links":{"self":[{"href":"https:\/\/miumjau.ee\/fi\/wp-json\/wp\/v2\/product\/14814","targetHints":{"allow":["GET"]}}],"collection":[{"href":"https:\/\/miumjau.ee\/fi\/wp-json\/wp\/v2\/product"}],"about":[{"href":"https:\/\/miumjau.ee\/fi\/wp-json\/wp\/v2\/types\/product"}],"wp:featuredmedia":[{"embeddable":true,"href":"https:\/\/miumjau.ee\/fi\/wp-json\/wp\/v2\/media\/14815"}],"wp:attachment":[{"href":"https:\/\/miumjau.ee\/fi\/wp-json\/wp\/v2\/media?parent=14814"}],"wp:term":[{"taxonomy":"product_brand","embeddable":true,"href":"https:\/\/miumjau.ee\/fi\/wp-json\/wp\/v2\/product_brand?post=14814"},{"taxonomy":"product_cat","embeddable":true,"href":"https:\/\/miumjau.ee\/fi\/wp-json\/wp\/v2\/product_cat?post=14814"},{"taxonomy":"product_tag","embeddable":true,"href":"https:\/\/miumjau.ee\/fi\/wp-json\/wp\/v2\/product_tag?post=14814"}],"curies":[{"name":"wp","href":"https:\/\/api.w.org\/{rel}","templated":true}]}}