{"id":14793,"date":"2023-07-28T19:47:56","date_gmt":"2023-07-28T16:47:56","guid":{"rendered":"https:\/\/miumjau.ee\/toode\/raapimispuu-petrebels-charlotte-180-kerma\/"},"modified":"2026-01-07T22:59:40","modified_gmt":"2026-01-07T20:59:40","slug":"raapimispuu-petrebels-charlotte-180-kerma","status":"publish","type":"product","link":"https:\/\/miumjau.ee\/fi\/tuote\/raapimispuu-petrebels-charlotte-180-kerma\/","title":{"rendered":"Raapimispuu Petrebels Charlotte 180, kerma"},"content":{"rendered":"","protected":false},"excerpt":{"rendered":"<p>Ekstrakorkea ja tilaas\u00e4\u00e4st\u00e4v\u00e4 raapimispuu<\/p>\n<p>Kissan raapimispuu Charlotte 180 on suunniteltu my\u00f6s suurille kissoille ja kissarotuille. He tarvitsevat vahvoja ja korkeita tolppia raapimiseen ja venytt\u00e4miseen. T\u00e4m\u00e4 tekee heid\u00e4t onnellisiksi. Mutta se ei ole viel\u00e4 kaikki! Superpehme\u00e4 riippumatto, kaksi mukavaa nukkumismajaa ja suuri pehme\u00e4 makuukori ylh\u00e4\u00e4ll\u00e4. Niinp\u00e4 useammalle kissalle on riitt\u00e4v\u00e4sti tilaa. Ja lis\u00e4paksu pohja tekee t\u00e4st\u00e4 huipputason eritt\u00e4in vakaan.<\/p>\n<ul>\n<li>V\u00e4ri &#8211; kerma<\/li>\n<li>Mitat &#8211; pituus 59 cm, leveys 56 cm ja korkeus 180 cm<\/li>\n<li>Kaksi pehme\u00e4\u00e4 nukkumismajaa, joiden mitat ovat 40 x 40 cm ja korkeus 30 cm<\/li>\n<li>Sopii kaikenlaisille kissoille, my\u00f6s Maine Cooneille ja Ragdolleille<\/li>\n<li>Eritt\u00e4in korkea, vie v\u00e4h\u00e4n tilaa.<\/li>\n<\/ul>\n<p><a href=\"https:\/\/ase.virtuallab17.nl\/petrebels\/index.html?name=charlotte180cream&amp;alt=Petrebels%20%7C%20Charlotte%20180%20Cream\">Katso t\u00e4st\u00e4 3D-valokuva<\/a><br \/>\n<a href=\"https:\/\/www.youtube.com\/watch?v=kKLKfQc99Zk\">Katso t\u00e4st\u00e4 lyhyt ja informatiivinen video oikeasta tuotteesta kissojen kanssa<\/a><\/p>\n<p>Raapimispuu on tarkoitettu kaiken kokoisille ja painoisille kissoille. Sopii my\u00f6s uros Maine Cooneille.<br \/>\nTuote on pakattu 2 laatikkoon, joiden kokonaispaino on 38,8 kg<br \/>\nTuotteen netto paino (ilman pakkausta) on 37 kg<\/p>\n<p>Heti saatavilla!<br \/>\nValmistaja PetRebels, Hollannin laatua. Eritt\u00e4in laadukkaat ja mukavat raapimispuut kissoille, jotka kest\u00e4v\u00e4t vuosia ja kaunistavat kotiasi. Kissasi on kiitollinen!<\/p>\n","protected":false},"featured_media":14794,"template":"","meta":[],"product_brand":[],"product_cat":[115,139],"product_tag":[],"class_list":{"0":"post-14793","1":"product","2":"type-product","3":"status-publish","4":"has-post-thumbnail","6":"product_cat-keskikokoiset-raapimispuut-petrebels","7":"product_cat-kaup24-fi","8":"product_shipping_class-pakiautomaati-sobimatu-fi","10":"first","11":"instock","12":"taxable","13":"shipping-taxable","14":"purchasable","15":"product-type-simple"},"yoast_head":"<!-- This site is optimized with the Yoast SEO plugin v27.2 - https:\/\/yoast.com\/product\/yoast-seo-wordpress\/ -->\n<title>Raapimispuu Petrebels Charlotte 180, kerma - MiuMjau<\/title>\n<meta name=\"description\" content=\"Korkea mutta tilaa s\u00e4\u00e4st\u00e4v\u00e4 kissan raapimispuu, jossa on suuri pes\u00e4 ja nukkumismajat. Sopii my\u00f6s Maine Cooneille. Eritt\u00e4in vahva ja vakaa. Parasta laatua!\" \/>\n<meta name=\"robots\" content=\"index, follow, max-snippet:-1, max-image-preview:large, max-video-preview:-1\" \/>\n<link rel=\"canonical\" href=\"https:\/\/miumjau.ee\/tuote\/kraapimispuu-charlotte-180-kreem\/\" \/>\n<meta property=\"og:locale\" content=\"fi_FI\" \/>\n<meta property=\"og:type\" content=\"article\" \/>\n<meta property=\"og:title\" content=\"Raapimispuu Petrebels Charlotte 180, kerma - MiuMjau\" \/>\n<meta property=\"og:description\" content=\"Korkea mutta tilaa s\u00e4\u00e4st\u00e4v\u00e4 kissan raapimispuu, jossa on suuri pes\u00e4 ja nukkumismajat. Sopii my\u00f6s Maine Cooneille. Eritt\u00e4in vahva ja vakaa. Parasta laatua!\" \/>\n<meta property=\"og:url\" content=\"https:\/\/miumjau.ee\/tuote\/kraapimispuu-charlotte-180-kreem\/\" \/>\n<meta property=\"og:site_name\" content=\"MiuMjau\" \/>\n<meta property=\"article:publisher\" content=\"https:\/\/www.facebook.com\/miumjaupood\/\" \/>\n<meta property=\"article:modified_time\" content=\"2026-01-07T20:59:40+00:00\" \/>\n<meta property=\"og:image\" content=\"https:\/\/miumjau.ee\/wp-content\/uploads\/2023\/07\/Charlotte-180-kreem-kassi-kraapimispuu-1.jpg\" \/>\n\t<meta property=\"og:image:width\" content=\"600\" \/>\n\t<meta property=\"og:image:height\" content=\"800\" \/>\n\t<meta property=\"og:image:type\" content=\"image\/jpeg\" \/>\n<meta name=\"twitter:card\" content=\"summary_large_image\" \/>\n<script type=\"application\/ld+json\" class=\"yoast-schema-graph\">{\"@context\":\"https:\/\/schema.org\",\"@graph\":[{\"@type\":\"WebPage\",\"@id\":\"https:\/\/miumjau.ee\/tuote\/kraapimispuu-charlotte-180-kreem\/\",\"url\":\"https:\/\/miumjau.ee\/tuote\/kraapimispuu-charlotte-180-kreem\/\",\"name\":\"Raapimispuu Petrebels Charlotte 180, kerma - MiuMjau\",\"isPartOf\":{\"@id\":\"https:\/\/miumjau.ee\/#website\"},\"primaryImageOfPage\":{\"@id\":\"https:\/\/miumjau.ee\/tuote\/kraapimispuu-charlotte-180-kreem\/#primaryimage\"},\"image\":{\"@id\":\"https:\/\/miumjau.ee\/tuote\/kraapimispuu-charlotte-180-kreem\/#primaryimage\"},\"thumbnailUrl\":\"https:\/\/miumjau.ee\/wp-content\/uploads\/2023\/07\/Charlotte-180-kreem-kassi-kraapimispuu-1.jpg\",\"datePublished\":\"2023-07-28T16:47:56+00:00\",\"dateModified\":\"2026-01-07T20:59:40+00:00\",\"description\":\"Korkea mutta tilaa s\u00e4\u00e4st\u00e4v\u00e4 kissan raapimispuu, jossa on suuri pes\u00e4 ja nukkumismajat. Sopii my\u00f6s Maine Cooneille. Eritt\u00e4in vahva ja vakaa. Parasta laatua!\",\"breadcrumb\":{\"@id\":\"https:\/\/miumjau.ee\/tuote\/kraapimispuu-charlotte-180-kreem\/#breadcrumb\"},\"inLanguage\":\"fi\",\"potentialAction\":[{\"@type\":\"ReadAction\",\"target\":[\"https:\/\/miumjau.ee\/tuote\/kraapimispuu-charlotte-180-kreem\/\"]}]},{\"@type\":\"ImageObject\",\"inLanguage\":\"fi\",\"@id\":\"https:\/\/miumjau.ee\/tuote\/kraapimispuu-charlotte-180-kreem\/#primaryimage\",\"url\":\"https:\/\/miumjau.ee\/wp-content\/uploads\/2023\/07\/Charlotte-180-kreem-kassi-kraapimispuu-1.jpg\",\"contentUrl\":\"https:\/\/miumjau.ee\/wp-content\/uploads\/2023\/07\/Charlotte-180-kreem-kassi-kraapimispuu-1.jpg\",\"width\":600,\"height\":800,\"caption\":\"Charlotte 180 Petrebels kassi kraapimispost\"},{\"@type\":\"BreadcrumbList\",\"@id\":\"https:\/\/miumjau.ee\/tuote\/kraapimispuu-charlotte-180-kreem\/#breadcrumb\",\"itemListElement\":[{\"@type\":\"ListItem\",\"position\":1,\"name\":\"Home\",\"item\":\"https:\/\/miumjau.ee\/fi\/\"},{\"@type\":\"ListItem\",\"position\":2,\"name\":\"Kauppa\",\"item\":\"https:\/\/miumjau.ee\/fi\/kauppa\/\"},{\"@type\":\"ListItem\",\"position\":3,\"name\":\"Raapimispuu Petrebels Charlotte 180, kerma\"}]},{\"@type\":\"WebSite\",\"@id\":\"https:\/\/miumjau.ee\/#website\",\"url\":\"https:\/\/miumjau.ee\/\",\"name\":\"MiuMjau\",\"description\":\"Kraapimispuud kassidele\",\"publisher\":{\"@id\":\"https:\/\/miumjau.ee\/#organization\"},\"potentialAction\":[{\"@type\":\"SearchAction\",\"target\":{\"@type\":\"EntryPoint\",\"urlTemplate\":\"https:\/\/miumjau.ee\/?s={search_term_string}\"},\"query-input\":{\"@type\":\"PropertyValueSpecification\",\"valueRequired\":true,\"valueName\":\"search_term_string\"}}],\"inLanguage\":\"fi\"},{\"@type\":\"Organization\",\"@id\":\"https:\/\/miumjau.ee\/#organization\",\"name\":\"MiuMjau O\u00dc\",\"url\":\"https:\/\/miumjau.ee\/\",\"logo\":{\"@type\":\"ImageObject\",\"inLanguage\":\"fi\",\"@id\":\"https:\/\/miumjau.ee\/#\/schema\/logo\/image\/\",\"url\":\"https:\/\/miumjau.ee\/wp-content\/uploads\/2022\/04\/MiuMjau-logo-kollane.png\",\"contentUrl\":\"https:\/\/miumjau.ee\/wp-content\/uploads\/2022\/04\/MiuMjau-logo-kollane.png\",\"width\":219,\"height\":100,\"caption\":\"MiuMjau O\u00dc\"},\"image\":{\"@id\":\"https:\/\/miumjau.ee\/#\/schema\/logo\/image\/\"},\"sameAs\":[\"https:\/\/www.facebook.com\/miumjaupood\/\"]}]}<\/script>\n<!-- \/ Yoast SEO plugin. -->","yoast_head_json":{"title":"Raapimispuu Petrebels Charlotte 180, kerma - MiuMjau","description":"Korkea mutta tilaa s\u00e4\u00e4st\u00e4v\u00e4 kissan raapimispuu, jossa on suuri pes\u00e4 ja nukkumismajat. Sopii my\u00f6s Maine Cooneille. Eritt\u00e4in vahva ja vakaa. Parasta laatua!","robots":{"index":"index","follow":"follow","max-snippet":"max-snippet:-1","max-image-preview":"max-image-preview:large","max-video-preview":"max-video-preview:-1"},"canonical":"https:\/\/miumjau.ee\/tuote\/kraapimispuu-charlotte-180-kreem\/","og_locale":"fi_FI","og_type":"article","og_title":"Raapimispuu Petrebels Charlotte 180, kerma - MiuMjau","og_description":"Korkea mutta tilaa s\u00e4\u00e4st\u00e4v\u00e4 kissan raapimispuu, jossa on suuri pes\u00e4 ja nukkumismajat. Sopii my\u00f6s Maine Cooneille. Eritt\u00e4in vahva ja vakaa. Parasta laatua!","og_url":"https:\/\/miumjau.ee\/tuote\/kraapimispuu-charlotte-180-kreem\/","og_site_name":"MiuMjau","article_publisher":"https:\/\/www.facebook.com\/miumjaupood\/","article_modified_time":"2026-01-07T20:59:40+00:00","og_image":[{"width":600,"height":800,"url":"https:\/\/miumjau.ee\/wp-content\/uploads\/2023\/07\/Charlotte-180-kreem-kassi-kraapimispuu-1.jpg","type":"image\/jpeg"}],"twitter_card":"summary_large_image","schema":{"@context":"https:\/\/schema.org","@graph":[{"@type":"WebPage","@id":"https:\/\/miumjau.ee\/tuote\/kraapimispuu-charlotte-180-kreem\/","url":"https:\/\/miumjau.ee\/tuote\/kraapimispuu-charlotte-180-kreem\/","name":"Raapimispuu Petrebels Charlotte 180, kerma - MiuMjau","isPartOf":{"@id":"https:\/\/miumjau.ee\/#website"},"primaryImageOfPage":{"@id":"https:\/\/miumjau.ee\/tuote\/kraapimispuu-charlotte-180-kreem\/#primaryimage"},"image":{"@id":"https:\/\/miumjau.ee\/tuote\/kraapimispuu-charlotte-180-kreem\/#primaryimage"},"thumbnailUrl":"https:\/\/miumjau.ee\/wp-content\/uploads\/2023\/07\/Charlotte-180-kreem-kassi-kraapimispuu-1.jpg","datePublished":"2023-07-28T16:47:56+00:00","dateModified":"2026-01-07T20:59:40+00:00","description":"Korkea mutta tilaa s\u00e4\u00e4st\u00e4v\u00e4 kissan raapimispuu, jossa on suuri pes\u00e4 ja nukkumismajat. Sopii my\u00f6s Maine Cooneille. Eritt\u00e4in vahva ja vakaa. Parasta laatua!","breadcrumb":{"@id":"https:\/\/miumjau.ee\/tuote\/kraapimispuu-charlotte-180-kreem\/#breadcrumb"},"inLanguage":"fi","potentialAction":[{"@type":"ReadAction","target":["https:\/\/miumjau.ee\/tuote\/kraapimispuu-charlotte-180-kreem\/"]}]},{"@type":"ImageObject","inLanguage":"fi","@id":"https:\/\/miumjau.ee\/tuote\/kraapimispuu-charlotte-180-kreem\/#primaryimage","url":"https:\/\/miumjau.ee\/wp-content\/uploads\/2023\/07\/Charlotte-180-kreem-kassi-kraapimispuu-1.jpg","contentUrl":"https:\/\/miumjau.ee\/wp-content\/uploads\/2023\/07\/Charlotte-180-kreem-kassi-kraapimispuu-1.jpg","width":600,"height":800,"caption":"Charlotte 180 Petrebels kassi kraapimispost"},{"@type":"BreadcrumbList","@id":"https:\/\/miumjau.ee\/tuote\/kraapimispuu-charlotte-180-kreem\/#breadcrumb","itemListElement":[{"@type":"ListItem","position":1,"name":"Home","item":"https:\/\/miumjau.ee\/fi\/"},{"@type":"ListItem","position":2,"name":"Kauppa","item":"https:\/\/miumjau.ee\/fi\/kauppa\/"},{"@type":"ListItem","position":3,"name":"Raapimispuu Petrebels Charlotte 180, kerma"}]},{"@type":"WebSite","@id":"https:\/\/miumjau.ee\/#website","url":"https:\/\/miumjau.ee\/","name":"MiuMjau","description":"Kraapimispuud kassidele","publisher":{"@id":"https:\/\/miumjau.ee\/#organization"},"potentialAction":[{"@type":"SearchAction","target":{"@type":"EntryPoint","urlTemplate":"https:\/\/miumjau.ee\/?s={search_term_string}"},"query-input":{"@type":"PropertyValueSpecification","valueRequired":true,"valueName":"search_term_string"}}],"inLanguage":"fi"},{"@type":"Organization","@id":"https:\/\/miumjau.ee\/#organization","name":"MiuMjau O\u00dc","url":"https:\/\/miumjau.ee\/","logo":{"@type":"ImageObject","inLanguage":"fi","@id":"https:\/\/miumjau.ee\/#\/schema\/logo\/image\/","url":"https:\/\/miumjau.ee\/wp-content\/uploads\/2022\/04\/MiuMjau-logo-kollane.png","contentUrl":"https:\/\/miumjau.ee\/wp-content\/uploads\/2022\/04\/MiuMjau-logo-kollane.png","width":219,"height":100,"caption":"MiuMjau O\u00dc"},"image":{"@id":"https:\/\/miumjau.ee\/#\/schema\/logo\/image\/"},"sameAs":["https:\/\/www.facebook.com\/miumjaupood\/"]}]}},"_links":{"self":[{"href":"https:\/\/miumjau.ee\/fi\/wp-json\/wp\/v2\/product\/14793","targetHints":{"allow":["GET"]}}],"collection":[{"href":"https:\/\/miumjau.ee\/fi\/wp-json\/wp\/v2\/product"}],"about":[{"href":"https:\/\/miumjau.ee\/fi\/wp-json\/wp\/v2\/types\/product"}],"wp:featuredmedia":[{"embeddable":true,"href":"https:\/\/miumjau.ee\/fi\/wp-json\/wp\/v2\/media\/14794"}],"wp:attachment":[{"href":"https:\/\/miumjau.ee\/fi\/wp-json\/wp\/v2\/media?parent=14793"}],"wp:term":[{"taxonomy":"product_brand","embeddable":true,"href":"https:\/\/miumjau.ee\/fi\/wp-json\/wp\/v2\/product_brand?post=14793"},{"taxonomy":"product_cat","embeddable":true,"href":"https:\/\/miumjau.ee\/fi\/wp-json\/wp\/v2\/product_cat?post=14793"},{"taxonomy":"product_tag","embeddable":true,"href":"https:\/\/miumjau.ee\/fi\/wp-json\/wp\/v2\/product_tag?post=14793"}],"curies":[{"name":"wp","href":"https:\/\/api.w.org\/{rel}","templated":true}]}}