{"id":14770,"date":"2023-09-13T13:12:46","date_gmt":"2023-09-13T10:12:46","guid":{"rendered":"https:\/\/miumjau.ee\/toode\/raapimispuu-petrebels-scenic-view-175-cappuccino\/"},"modified":"2026-01-07T22:59:40","modified_gmt":"2026-01-07T20:59:40","slug":"raapimispuu-petrebels-scenic-view-175-cappuccino","status":"publish","type":"product","link":"https:\/\/miumjau.ee\/fi\/tuote\/raapimispuu-petrebels-scenic-view-175-cappuccino\/","title":{"rendered":"Raapimispuu Petrebels Scenic View 175, cappuccino"},"content":{"rendered":"","protected":false},"excerpt":{"rendered":"<p>Kissat rakastavat raapimista ja tietenkin my\u00f6s kiipeily\u00e4. Miksi et hemmottelisi lemmikki\u00e4si Petrebelsin kiipeilyparatiisilla? Raapimistolpat ovat paksuja, halkaisijaltaan 12 cm, ja t\u00e4ysin raapimiskelpoista sisalia. V\u00e4liss\u00e4 on useita erilaisia tasoja, jotka pit\u00e4v\u00e4t kissasi aktiivisena koko p\u00e4iv\u00e4n ajan. V\u00e4syik\u00f6 kissa leikkimiseen? Ei ongelmaa! T\u00e4ss\u00e4 kiipeilypuussa on erilaisia tasoja, vahva ulkoneva pes\u00e4 ja alaosassa oleva m\u00f6kki, jotka kaikki tarjoavat paikan lev\u00e4t\u00e4 ja valmistautua seuraavaan kiipeilymaratoniin.<\/p>\n<ul>\n<li>Pituus 85 cm, leveys 50 cm ja korkeus 175 cm<\/li>\n<li>Ulkonevan pes\u00e4n koko 45&#215;45 cm<\/li>\n<li>Eritt\u00e4in pehme\u00e4ll\u00e4 sisustalla varustetun m\u00f6kin koko 45&#215;45 cm ja korkeus 30 cm<\/li>\n<li>Eritt\u00e4in suuri lepopaikka ylh\u00e4\u00e4ll\u00e4, jonka koko 30&#215;50 cm ja korkeus 8 cm, jotta kissa ei putoa nukkuessaan<\/li>\n<\/ul>\n<p><a href=\"https:\/\/www.youtube.com\/watch?v=Wda-Zzp4kqQ\">TUTUSTU PIENEEN VIDEOP\u00c4TK\u00c4\u00c4N<\/a><\/p>\n<p>Tuote toimitetaan kahdessa pakkauksessa, joiden kokonaispaino on 43 kg<br \/>\nPaketti nro 1 &#8211; 92*52*26 cm ja paino 25 kg<br \/>\nPaketti nro 2 &#8211; 53*49*51 cm ja paino 18 kg<br \/>\nTuotteen paino ilman pakkauksia on 41 kg.<\/p>\n<p>Tuote on CE-sertifioitu, ja sen valmistaja on hollantilainen laatumerkki PETREBELS. Sijoitamme laatuun!<\/p>\n","protected":false},"featured_media":14771,"template":"","meta":[],"product_brand":[],"product_cat":[115],"product_tag":[],"class_list":{"0":"post-14770","1":"product","2":"type-product","3":"status-publish","4":"has-post-thumbnail","6":"product_cat-keskikokoiset-raapimispuut-petrebels","7":"product_shipping_class-pakiautomaati-sobimatu-fi","9":"first","10":"instock","11":"taxable","12":"shipping-taxable","13":"purchasable","14":"product-type-simple"},"yoast_head":"<!-- This site is optimized with the Yoast SEO plugin v27.2 - https:\/\/yoast.com\/product\/yoast-seo-wordpress\/ -->\n<title>Raapimispuu Petrebels Scenic View 175, cappuccino - MiuMjau<\/title>\n<meta name=\"description\" content=\"Raapimispuu laatuvalmistajalta Petrebels, mallina Scenic View, on todellinen kissojen kiipeilyparatiisi! Sopii my\u00f6s isommille kissoille. Raapimistolpat ovat kokonaan raapimiskelpoista sisalia.\" \/>\n<meta name=\"robots\" content=\"index, follow, max-snippet:-1, max-image-preview:large, max-video-preview:-1\" \/>\n<link rel=\"canonical\" href=\"https:\/\/miumjau.ee\/tuote\/petrebels-kraapimispuu-scenic-view175-cappuccino\/\" \/>\n<meta property=\"og:locale\" content=\"fi_FI\" \/>\n<meta property=\"og:type\" content=\"article\" \/>\n<meta property=\"og:title\" content=\"Raapimispuu Petrebels Scenic View 175, cappuccino - MiuMjau\" \/>\n<meta property=\"og:description\" content=\"Raapimispuu laatuvalmistajalta Petrebels, mallina Scenic View, on todellinen kissojen kiipeilyparatiisi! Sopii my\u00f6s isommille kissoille. Raapimistolpat ovat kokonaan raapimiskelpoista sisalia.\" \/>\n<meta property=\"og:url\" content=\"https:\/\/miumjau.ee\/tuote\/petrebels-kraapimispuu-scenic-view175-cappuccino\/\" \/>\n<meta property=\"og:site_name\" content=\"MiuMjau\" \/>\n<meta property=\"article:publisher\" content=\"https:\/\/www.facebook.com\/miumjaupood\/\" \/>\n<meta property=\"article:modified_time\" content=\"2026-01-07T20:59:40+00:00\" \/>\n<meta property=\"og:image\" content=\"https:\/\/miumjau.ee\/wp-content\/uploads\/2023\/09\/scenic-view-175-cappuccino-kassi-kraapimispuu-1.jpg\" \/>\n\t<meta property=\"og:image:width\" content=\"600\" \/>\n\t<meta property=\"og:image:height\" content=\"800\" \/>\n\t<meta property=\"og:image:type\" content=\"image\/jpeg\" \/>\n<meta name=\"twitter:card\" content=\"summary_large_image\" \/>\n<script type=\"application\/ld+json\" class=\"yoast-schema-graph\">{\"@context\":\"https:\/\/schema.org\",\"@graph\":[{\"@type\":\"WebPage\",\"@id\":\"https:\/\/miumjau.ee\/tuote\/petrebels-kraapimispuu-scenic-view175-cappuccino\/\",\"url\":\"https:\/\/miumjau.ee\/tuote\/petrebels-kraapimispuu-scenic-view175-cappuccino\/\",\"name\":\"Raapimispuu Petrebels Scenic View 175, cappuccino - MiuMjau\",\"isPartOf\":{\"@id\":\"https:\/\/miumjau.ee\/#website\"},\"primaryImageOfPage\":{\"@id\":\"https:\/\/miumjau.ee\/tuote\/petrebels-kraapimispuu-scenic-view175-cappuccino\/#primaryimage\"},\"image\":{\"@id\":\"https:\/\/miumjau.ee\/tuote\/petrebels-kraapimispuu-scenic-view175-cappuccino\/#primaryimage\"},\"thumbnailUrl\":\"https:\/\/miumjau.ee\/wp-content\/uploads\/2023\/09\/scenic-view-175-cappuccino-kassi-kraapimispuu-1.jpg\",\"datePublished\":\"2023-09-13T10:12:46+00:00\",\"dateModified\":\"2026-01-07T20:59:40+00:00\",\"description\":\"Raapimispuu laatuvalmistajalta Petrebels, mallina Scenic View, on todellinen kissojen kiipeilyparatiisi! Sopii my\u00f6s isommille kissoille. Raapimistolpat ovat kokonaan raapimiskelpoista sisalia.\",\"breadcrumb\":{\"@id\":\"https:\/\/miumjau.ee\/tuote\/petrebels-kraapimispuu-scenic-view175-cappuccino\/#breadcrumb\"},\"inLanguage\":\"fi\",\"potentialAction\":[{\"@type\":\"ReadAction\",\"target\":[\"https:\/\/miumjau.ee\/tuote\/petrebels-kraapimispuu-scenic-view175-cappuccino\/\"]}]},{\"@type\":\"ImageObject\",\"inLanguage\":\"fi\",\"@id\":\"https:\/\/miumjau.ee\/tuote\/petrebels-kraapimispuu-scenic-view175-cappuccino\/#primaryimage\",\"url\":\"https:\/\/miumjau.ee\/wp-content\/uploads\/2023\/09\/scenic-view-175-cappuccino-kassi-kraapimispuu-1.jpg\",\"contentUrl\":\"https:\/\/miumjau.ee\/wp-content\/uploads\/2023\/09\/scenic-view-175-cappuccino-kassi-kraapimispuu-1.jpg\",\"width\":600,\"height\":800,\"caption\":\"Petrebels Scenic View 175 kassi kraapimispuu\"},{\"@type\":\"BreadcrumbList\",\"@id\":\"https:\/\/miumjau.ee\/tuote\/petrebels-kraapimispuu-scenic-view175-cappuccino\/#breadcrumb\",\"itemListElement\":[{\"@type\":\"ListItem\",\"position\":1,\"name\":\"Home\",\"item\":\"https:\/\/miumjau.ee\/fi\/\"},{\"@type\":\"ListItem\",\"position\":2,\"name\":\"Kauppa\",\"item\":\"https:\/\/miumjau.ee\/fi\/kauppa\/\"},{\"@type\":\"ListItem\",\"position\":3,\"name\":\"Raapimispuu Petrebels Scenic View 175, cappuccino\"}]},{\"@type\":\"WebSite\",\"@id\":\"https:\/\/miumjau.ee\/#website\",\"url\":\"https:\/\/miumjau.ee\/\",\"name\":\"MiuMjau\",\"description\":\"Kraapimispuud kassidele\",\"publisher\":{\"@id\":\"https:\/\/miumjau.ee\/#organization\"},\"potentialAction\":[{\"@type\":\"SearchAction\",\"target\":{\"@type\":\"EntryPoint\",\"urlTemplate\":\"https:\/\/miumjau.ee\/?s={search_term_string}\"},\"query-input\":{\"@type\":\"PropertyValueSpecification\",\"valueRequired\":true,\"valueName\":\"search_term_string\"}}],\"inLanguage\":\"fi\"},{\"@type\":\"Organization\",\"@id\":\"https:\/\/miumjau.ee\/#organization\",\"name\":\"MiuMjau O\u00dc\",\"url\":\"https:\/\/miumjau.ee\/\",\"logo\":{\"@type\":\"ImageObject\",\"inLanguage\":\"fi\",\"@id\":\"https:\/\/miumjau.ee\/#\/schema\/logo\/image\/\",\"url\":\"https:\/\/miumjau.ee\/wp-content\/uploads\/2022\/04\/MiuMjau-logo-kollane.png\",\"contentUrl\":\"https:\/\/miumjau.ee\/wp-content\/uploads\/2022\/04\/MiuMjau-logo-kollane.png\",\"width\":219,\"height\":100,\"caption\":\"MiuMjau O\u00dc\"},\"image\":{\"@id\":\"https:\/\/miumjau.ee\/#\/schema\/logo\/image\/\"},\"sameAs\":[\"https:\/\/www.facebook.com\/miumjaupood\/\"]}]}<\/script>\n<!-- \/ Yoast SEO plugin. -->","yoast_head_json":{"title":"Raapimispuu Petrebels Scenic View 175, cappuccino - MiuMjau","description":"Raapimispuu laatuvalmistajalta Petrebels, mallina Scenic View, on todellinen kissojen kiipeilyparatiisi! Sopii my\u00f6s isommille kissoille. Raapimistolpat ovat kokonaan raapimiskelpoista sisalia.","robots":{"index":"index","follow":"follow","max-snippet":"max-snippet:-1","max-image-preview":"max-image-preview:large","max-video-preview":"max-video-preview:-1"},"canonical":"https:\/\/miumjau.ee\/tuote\/petrebels-kraapimispuu-scenic-view175-cappuccino\/","og_locale":"fi_FI","og_type":"article","og_title":"Raapimispuu Petrebels Scenic View 175, cappuccino - MiuMjau","og_description":"Raapimispuu laatuvalmistajalta Petrebels, mallina Scenic View, on todellinen kissojen kiipeilyparatiisi! Sopii my\u00f6s isommille kissoille. Raapimistolpat ovat kokonaan raapimiskelpoista sisalia.","og_url":"https:\/\/miumjau.ee\/tuote\/petrebels-kraapimispuu-scenic-view175-cappuccino\/","og_site_name":"MiuMjau","article_publisher":"https:\/\/www.facebook.com\/miumjaupood\/","article_modified_time":"2026-01-07T20:59:40+00:00","og_image":[{"width":600,"height":800,"url":"https:\/\/miumjau.ee\/wp-content\/uploads\/2023\/09\/scenic-view-175-cappuccino-kassi-kraapimispuu-1.jpg","type":"image\/jpeg"}],"twitter_card":"summary_large_image","schema":{"@context":"https:\/\/schema.org","@graph":[{"@type":"WebPage","@id":"https:\/\/miumjau.ee\/tuote\/petrebels-kraapimispuu-scenic-view175-cappuccino\/","url":"https:\/\/miumjau.ee\/tuote\/petrebels-kraapimispuu-scenic-view175-cappuccino\/","name":"Raapimispuu Petrebels Scenic View 175, cappuccino - MiuMjau","isPartOf":{"@id":"https:\/\/miumjau.ee\/#website"},"primaryImageOfPage":{"@id":"https:\/\/miumjau.ee\/tuote\/petrebels-kraapimispuu-scenic-view175-cappuccino\/#primaryimage"},"image":{"@id":"https:\/\/miumjau.ee\/tuote\/petrebels-kraapimispuu-scenic-view175-cappuccino\/#primaryimage"},"thumbnailUrl":"https:\/\/miumjau.ee\/wp-content\/uploads\/2023\/09\/scenic-view-175-cappuccino-kassi-kraapimispuu-1.jpg","datePublished":"2023-09-13T10:12:46+00:00","dateModified":"2026-01-07T20:59:40+00:00","description":"Raapimispuu laatuvalmistajalta Petrebels, mallina Scenic View, on todellinen kissojen kiipeilyparatiisi! Sopii my\u00f6s isommille kissoille. Raapimistolpat ovat kokonaan raapimiskelpoista sisalia.","breadcrumb":{"@id":"https:\/\/miumjau.ee\/tuote\/petrebels-kraapimispuu-scenic-view175-cappuccino\/#breadcrumb"},"inLanguage":"fi","potentialAction":[{"@type":"ReadAction","target":["https:\/\/miumjau.ee\/tuote\/petrebels-kraapimispuu-scenic-view175-cappuccino\/"]}]},{"@type":"ImageObject","inLanguage":"fi","@id":"https:\/\/miumjau.ee\/tuote\/petrebels-kraapimispuu-scenic-view175-cappuccino\/#primaryimage","url":"https:\/\/miumjau.ee\/wp-content\/uploads\/2023\/09\/scenic-view-175-cappuccino-kassi-kraapimispuu-1.jpg","contentUrl":"https:\/\/miumjau.ee\/wp-content\/uploads\/2023\/09\/scenic-view-175-cappuccino-kassi-kraapimispuu-1.jpg","width":600,"height":800,"caption":"Petrebels Scenic View 175 kassi kraapimispuu"},{"@type":"BreadcrumbList","@id":"https:\/\/miumjau.ee\/tuote\/petrebels-kraapimispuu-scenic-view175-cappuccino\/#breadcrumb","itemListElement":[{"@type":"ListItem","position":1,"name":"Home","item":"https:\/\/miumjau.ee\/fi\/"},{"@type":"ListItem","position":2,"name":"Kauppa","item":"https:\/\/miumjau.ee\/fi\/kauppa\/"},{"@type":"ListItem","position":3,"name":"Raapimispuu Petrebels Scenic View 175, cappuccino"}]},{"@type":"WebSite","@id":"https:\/\/miumjau.ee\/#website","url":"https:\/\/miumjau.ee\/","name":"MiuMjau","description":"Kraapimispuud kassidele","publisher":{"@id":"https:\/\/miumjau.ee\/#organization"},"potentialAction":[{"@type":"SearchAction","target":{"@type":"EntryPoint","urlTemplate":"https:\/\/miumjau.ee\/?s={search_term_string}"},"query-input":{"@type":"PropertyValueSpecification","valueRequired":true,"valueName":"search_term_string"}}],"inLanguage":"fi"},{"@type":"Organization","@id":"https:\/\/miumjau.ee\/#organization","name":"MiuMjau O\u00dc","url":"https:\/\/miumjau.ee\/","logo":{"@type":"ImageObject","inLanguage":"fi","@id":"https:\/\/miumjau.ee\/#\/schema\/logo\/image\/","url":"https:\/\/miumjau.ee\/wp-content\/uploads\/2022\/04\/MiuMjau-logo-kollane.png","contentUrl":"https:\/\/miumjau.ee\/wp-content\/uploads\/2022\/04\/MiuMjau-logo-kollane.png","width":219,"height":100,"caption":"MiuMjau O\u00dc"},"image":{"@id":"https:\/\/miumjau.ee\/#\/schema\/logo\/image\/"},"sameAs":["https:\/\/www.facebook.com\/miumjaupood\/"]}]}},"_links":{"self":[{"href":"https:\/\/miumjau.ee\/fi\/wp-json\/wp\/v2\/product\/14770","targetHints":{"allow":["GET"]}}],"collection":[{"href":"https:\/\/miumjau.ee\/fi\/wp-json\/wp\/v2\/product"}],"about":[{"href":"https:\/\/miumjau.ee\/fi\/wp-json\/wp\/v2\/types\/product"}],"wp:featuredmedia":[{"embeddable":true,"href":"https:\/\/miumjau.ee\/fi\/wp-json\/wp\/v2\/media\/14771"}],"wp:attachment":[{"href":"https:\/\/miumjau.ee\/fi\/wp-json\/wp\/v2\/media?parent=14770"}],"wp:term":[{"taxonomy":"product_brand","embeddable":true,"href":"https:\/\/miumjau.ee\/fi\/wp-json\/wp\/v2\/product_brand?post=14770"},{"taxonomy":"product_cat","embeddable":true,"href":"https:\/\/miumjau.ee\/fi\/wp-json\/wp\/v2\/product_cat?post=14770"},{"taxonomy":"product_tag","embeddable":true,"href":"https:\/\/miumjau.ee\/fi\/wp-json\/wp\/v2\/product_tag?post=14770"}],"curies":[{"name":"wp","href":"https:\/\/api.w.org\/{rel}","templated":true}]}}